{"id":11,"date":"2019-03-02T13:27:14","date_gmt":"2019-03-02T12:27:14","guid":{"rendered":"https:\/\/pb.edu.pl\/chor\/?page_id=11"},"modified":"2026-03-23T21:40:57","modified_gmt":"2026-03-23T20:40:57","slug":"chor-politechniki-bialostockiej","status":"publish","type":"page","link":"https:\/\/pb.edu.pl\/chor\/","title":{"rendered":""},"content":{"rendered":"<div id=\"aktualnosci\" class=\"href\"><\/div>\n<p><a name=\"tu-skacz\"><\/a><\/p>\n<h2><a class=\"color\" style=\"text-decoration: none;font-size: 3rem\" title=\"Aktualno\u015bci\" href=\"\/chor\/aktualnosci\/\">Aktualno\u015bci <i class=\"fa fa-caret-right\" aria-hidden=\"true\"><\/i><\/a><\/h2>\n\t\t<div class=\"box news-box \">\n\t\t<div class=\"row\">\n\t\t\t\n\t\t\t\n\t\t\t\t\n\t\t\t\t\t\t\t\t\t\t<div class=\"col-sm-3\">\n\t\t\t\t\t\t\t\n<article class=\"format-standard\">\n    <span class=\"date text-right\"><i class=\"fal fa-calendar-alt\"><\/i> 14-11-2025<\/span>\n    <a href=\"https:\/\/pb.edu.pl\/chor\/2025\/11\/14\/koncert-patriotyczny\/\">\n      <div class=\"article-image\">\n        <img loading=\"lazy\" decoding=\"async\" width=\"480\" height=\"300\" src=\"https:\/\/pb.edu.pl\/chor\/wp-content\/uploads\/sites\/30\/2025\/11\/zdj_oczyzno_ma-480x300.jpg\" class=\"attachment-medium-image-16x10 size-medium-image-16x10 wp-post-image\" alt=\"\" \/>      <\/div>\n      <h3>Koncert Patriotyczny <\/h3>\n      13 Listopada 2025 r. w Sali koncertowej Opery i Filharmonii Podlaskiej    <\/a>\n<\/article>\t\t\t\t\t\t<\/div>\n\t\t\t\t\t\t\t\t\t\t\t<div class=\"col-sm-3\">\n\t\t\t\t\t\t\t\n<article class=\"format-standard\">\n    <span class=\"date text-right\"><i class=\"fal fa-calendar-alt\"><\/i> 07-11-2025<\/span>\n    <a href=\"https:\/\/pb.edu.pl\/chor\/2025\/11\/07\/obchody-320-lecia-ustanowienia-orderu-orla-bialego\/\">\n      <div class=\"article-image\">\n        <img loading=\"lazy\" decoding=\"async\" width=\"480\" height=\"300\" src=\"https:\/\/pb.edu.pl\/chor\/wp-content\/uploads\/sites\/30\/2025\/11\/zdj_tykocin-480x300.jpg\" class=\"attachment-medium-image-16x10 size-medium-image-16x10 wp-post-image\" alt=\"\" \/>      <\/div>\n      <h3>Obchody 320-lecia ustanowienia Orderu Or\u0142a Bia\u0142ego<\/h3>\n      7 listopada 2025 r. Ch\u00f3r Politechniki Bia\u0142ostockiej mia\u0142 zaszczyt wyst\u0105pi\u0107 w    <\/a>\n<\/article>\t\t\t\t\t\t<\/div>\n\t\t\t\t\t\t\t\t\t\t\t<div class=\"col-sm-3\">\n\t\t\t\t\t\t\t\n<article class=\"format-standard\">\n    <span class=\"date text-right\"><i class=\"fal fa-calendar-alt\"><\/i> 22-10-2025<\/span>\n    <a href=\"https:\/\/pb.edu.pl\/chor\/2025\/10\/22\/miejska-inauguracja-roku-akademickiego-2025-2026\/\">\n      <div class=\"article-image\">\n        <img loading=\"lazy\" decoding=\"async\" width=\"480\" height=\"300\" src=\"https:\/\/pb.edu.pl\/chor\/wp-content\/uploads\/sites\/30\/2025\/11\/zdj_inauguracja-480x300.jpg\" class=\"attachment-medium-image-16x10 size-medium-image-16x10 wp-post-image\" alt=\"\" \/>      <\/div>\n      <h3>Miejska inauguracja roku akademickiego 2025\/2026<\/h3>\n      20 pa\u017adziernika 2025 r. Ch\u00f3r Politechniki Bia\u0142ostockiej mia\u0142 zaszczyt zapewni\u0107 opraw\u0119    <\/a>\n<\/article>\t\t\t\t\t\t<\/div>\n\t\t\t\t\t\t\t\t\t\t\t<div class=\"col-sm-3\">\n\t\t\t\t\t\t\t\n<article class=\"format-standard\">\n    <span class=\"date text-right\"><i class=\"fal fa-calendar-alt\"><\/i> 28-09-2025<\/span>\n    <a href=\"https:\/\/pb.edu.pl\/chor\/2025\/09\/28\/oratorium-zrodlo-nadziei\/\">\n      <div class=\"article-image\">\n        <img loading=\"lazy\" decoding=\"async\" width=\"480\" height=\"300\" src=\"https:\/\/pb.edu.pl\/chor\/wp-content\/uploads\/sites\/30\/2025\/09\/zdj_oratorium-480x300.jpg\" class=\"attachment-medium-image-16x10 size-medium-image-16x10 wp-post-image\" alt=\"\" \/>      <\/div>\n      <h3>Oratorium \"\u0179r\u00f3d\u0142o nadziei\"<\/h3>\n      28 wrze\u015bnia 2025 r. w sali koncertowej Opery i Filharmonii Podlaskiej    <\/a>\n<\/article>\t\t\t\t\t\t<\/div>\n\t\t\t\t\t\n\t\t\t\t\n\t\t\t\t\t<\/div>\n\t\t\t\t\t<\/div>\n\n<div class=\"notes\">&nbsp;<\/div>\n<div class=\"row\">\n<div class=\"col-sm-12 text-center\"><a class=\"button text-center animated zoomIn lead font-500\" style=\"width: 100%\" href=\"\/chor\/jubileusz-45-lecia-choru\/\">Jubileusz 45-lecia Ch\u00f3ru<\/a><\/div>\n<\/div>\n<div id=\"box-menu\" class=\"href\"><\/div>\n<div class=\"row\">\n<div class=\"col-sm-4 text-center\"><a class=\"button\" style=\"width: 100%;padding: 0px 5px 10px 5px\" href=\"\/chor\/o-nas\/\"><img loading=\"lazy\" decoding=\"async\" class=\"aligncenter size-full wp-image-21\" src=\"https:\/\/pb.edu.pl\/chor\/wp-content\/uploads\/sites\/30\/2019\/03\/chor_florencja_2014.jpg\" alt=\"\" width=\"570\" height=\"380\" srcset=\"https:\/\/pb.edu.pl\/chor\/wp-content\/uploads\/sites\/30\/2019\/03\/chor_florencja_2014.jpg 570w, https:\/\/pb.edu.pl\/chor\/wp-content\/uploads\/sites\/30\/2019\/03\/chor_florencja_2014-300x200.jpg 300w, https:\/\/pb.edu.pl\/chor\/wp-content\/uploads\/sites\/30\/2019\/03\/chor_florencja_2014-480x320.jpg 480w\" sizes=\"auto, (max-width: 570px) 100vw, 570px\" \/><span class=\"lead font-500\">O nas<\/span><\/a><\/div>\n<div class=\"col-sm-4 text-center\"><a class=\"button\" style=\"width: 100%;padding: 0px 5px 10px 5px\" href=\"\/chor\/repertuar\/\"><img loading=\"lazy\" decoding=\"async\" class=\"aligncenter size-full wp-image-326\" src=\"https:\/\/pb.edu.pl\/chor\/wp-content\/uploads\/sites\/30\/2022\/04\/repertuar-na-box_640px.jpg\" alt=\"\" width=\"640\" height=\"427\" srcset=\"https:\/\/pb.edu.pl\/chor\/wp-content\/uploads\/sites\/30\/2022\/04\/repertuar-na-box_640px.jpg 640w, https:\/\/pb.edu.pl\/chor\/wp-content\/uploads\/sites\/30\/2022\/04\/repertuar-na-box_640px-300x200.jpg 300w, https:\/\/pb.edu.pl\/chor\/wp-content\/uploads\/sites\/30\/2022\/04\/repertuar-na-box_640px-480x320.jpg 480w\" sizes=\"auto, (max-width: 640px) 100vw, 640px\" \/><span class=\"lead font-500\">Repertuar<\/span><\/a><\/div>\n<div class=\"col-sm-4 text-center\"><a class=\"button\" style=\"width: 100%;padding: 0px 5px 10px 5px\" href=\"\/chor\/kronika-koncerty\/\"><img loading=\"lazy\" decoding=\"async\" class=\"alignnone wp-image-630 size-full\" src=\"https:\/\/pb.edu.pl\/chor\/wp-content\/uploads\/sites\/30\/2022\/08\/35lat-2.jpg\" alt=\"Ch\u00f3r PB na scenie Filharmoni bia\u0142ostockiej\" width=\"640\" height=\"427\" srcset=\"https:\/\/pb.edu.pl\/chor\/wp-content\/uploads\/sites\/30\/2022\/08\/35lat-2.jpg 640w, https:\/\/pb.edu.pl\/chor\/wp-content\/uploads\/sites\/30\/2022\/08\/35lat-2-300x200.jpg 300w, https:\/\/pb.edu.pl\/chor\/wp-content\/uploads\/sites\/30\/2022\/08\/35lat-2-480x320.jpg 480w\" sizes=\"auto, (max-width: 640px) 100vw, 640px\" \/><span class=\"lead font-500\">Kronika: koncerty i nie tylko<\/span><\/a><\/div>\n<\/div>\n<div class=\"notes\">&nbsp;<\/div>\n<div class=\"row\">\n<div class=\"col-sm-4 text-center\"><a class=\"button\" style=\"width: 100%;padding: 0px 5px 10px 5px\" href=\"\/chor\/dolacz-do-nas\/\"><span class=\"lead font-500\"><img loading=\"lazy\" decoding=\"async\" class=\"alignnone size-full wp-image-647\" src=\"https:\/\/pb.edu.pl\/chor\/wp-content\/uploads\/sites\/30\/2022\/08\/wilno-2022_640.jpg\" alt=\"Ch\u00f3r Politechniki Bia\u0142ostockiej przed Uniwersytetem Wile\u0144skim\" width=\"640\" height=\"417\" srcset=\"https:\/\/pb.edu.pl\/chor\/wp-content\/uploads\/sites\/30\/2022\/08\/wilno-2022_640.jpg 640w, https:\/\/pb.edu.pl\/chor\/wp-content\/uploads\/sites\/30\/2022\/08\/wilno-2022_640-300x195.jpg 300w\" sizes=\"auto, (max-width: 640px) 100vw, 640px\" \/>Do\u0142\u0105cz do nas<\/span><\/a><\/div>\n<div class=\"col-sm-4 text-center\"><a class=\"button\" style=\"width: 100%;padding: 0px 5px 10px 5px\" href=\"\/chor\/galeria\/\"><img loading=\"lazy\" decoding=\"async\" class=\"aligncenter size-full wp-image-328\" src=\"https:\/\/pb.edu.pl\/chor\/wp-content\/uploads\/sites\/30\/2022\/04\/galeria_na-box-1.jpg\" alt=\"\" width=\"640\" height=\"427\" srcset=\"https:\/\/pb.edu.pl\/chor\/wp-content\/uploads\/sites\/30\/2022\/04\/galeria_na-box-1.jpg 640w, https:\/\/pb.edu.pl\/chor\/wp-content\/uploads\/sites\/30\/2022\/04\/galeria_na-box-1-300x200.jpg 300w, https:\/\/pb.edu.pl\/chor\/wp-content\/uploads\/sites\/30\/2022\/04\/galeria_na-box-1-480x320.jpg 480w\" sizes=\"auto, (max-width: 640px) 100vw, 640px\" \/><span class=\"lead font-500\">Galeria<\/span><\/a><\/div>\n<div class=\"col-sm-4 text-center\"><a class=\"button\" style=\"width: 100%;padding: 0px 5px 10px 5px\" href=\"\/chor\/kontakt\/\"><img loading=\"lazy\" decoding=\"async\" class=\"alignnone wp-image-629 size-full\" src=\"https:\/\/pb.edu.pl\/chor\/wp-content\/uploads\/sites\/30\/2022\/08\/25lat_1.jpg\" alt=\"Ch\u00f3r PB na scenie Filharmoni bia\u0142ostockiej\" width=\"640\" height=\"428\" srcset=\"https:\/\/pb.edu.pl\/chor\/wp-content\/uploads\/sites\/30\/2022\/08\/25lat_1.jpg 640w, https:\/\/pb.edu.pl\/chor\/wp-content\/uploads\/sites\/30\/2022\/08\/25lat_1-300x201.jpg 300w, https:\/\/pb.edu.pl\/chor\/wp-content\/uploads\/sites\/30\/2022\/08\/25lat_1-480x320.jpg 480w\" sizes=\"auto, (max-width: 640px) 100vw, 640px\" \/><span class=\"lead font-500\">Kontakt<\/span><\/a><\/div>\n<\/div>\n<div class=\"notes\">&nbsp;<\/div>\n","protected":false},"excerpt":{"rendered":"<p>Aktualno\u015bci &nbsp; Jubileusz 45-lecia Ch\u00f3ru O nas Repertuar Kronika: koncerty i nie tylko &nbsp; Do\u0142\u0105cz<\/p>\n","protected":false},"author":2,"featured_media":309,"parent":0,"menu_order":0,"comment_status":"closed","ping_status":"closed","template":"templates\/reprezentacyjna-4_8.php","meta":{"_acf_changed":false,"ngg_post_thumbnail":0,"footnotes":""},"class_list":["post-11","page","type-page","status-publish","has-post-thumbnail","hentry"],"acf":[],"_links":{"self":[{"href":"https:\/\/pb.edu.pl\/chor\/wp-json\/wp\/v2\/pages\/11","targetHints":{"allow":["GET"]}}],"collection":[{"href":"https:\/\/pb.edu.pl\/chor\/wp-json\/wp\/v2\/pages"}],"about":[{"href":"https:\/\/pb.edu.pl\/chor\/wp-json\/wp\/v2\/types\/page"}],"author":[{"embeddable":true,"href":"https:\/\/pb.edu.pl\/chor\/wp-json\/wp\/v2\/users\/2"}],"replies":[{"embeddable":true,"href":"https:\/\/pb.edu.pl\/chor\/wp-json\/wp\/v2\/comments?post=11"}],"version-history":[{"count":2,"href":"https:\/\/pb.edu.pl\/chor\/wp-json\/wp\/v2\/pages\/11\/revisions"}],"predecessor-version":[{"id":1105,"href":"https:\/\/pb.edu.pl\/chor\/wp-json\/wp\/v2\/pages\/11\/revisions\/1105"}],"wp:featuredmedia":[{"embeddable":true,"href":"https:\/\/pb.edu.pl\/chor\/wp-json\/wp\/v2\/media\/309"}],"wp:attachment":[{"href":"https:\/\/pb.edu.pl\/chor\/wp-json\/wp\/v2\/media?parent=11"}],"curies":[{"name":"wp","href":"https:\/\/api.w.org\/{rel}","templated":true}]}}