{"id":102,"date":"2019-03-02T17:09:09","date_gmt":"2019-03-02T16:09:09","guid":{"rendered":"https:\/\/pb.edu.pl\/chor\/?page_id=102"},"modified":"2023-02-28T16:29:21","modified_gmt":"2023-02-28T15:29:21","slug":"audio","status":"publish","type":"page","link":"https:\/\/pb.edu.pl\/chor\/repertuar\/audio\/","title":{"rendered":"Audio"},"content":{"rendered":"<div class=\"h2\">Utwory z p\u0142yt Ch\u00f3ru Politechniki Bia\u0142ostockiej<\/div>\n<div class=\"h3\">KOL\u0118DY POLSKIE (1999)<\/div>\n<div style=\"padding-left: 1.5em\">\n<p>Gdy si\u0119 Chrystus rodzi \/2&#8217;04\/<\/p>\n<audio class=\"wp-audio-shortcode\" id=\"audio-102-1\" preload=\"none\" style=\"width: 100%;\" controls=\"controls\"><source type=\"audio\/mpeg\" src=\"https:\/\/pb.edu.pl\/chor\/wp-content\/uploads\/sites\/30\/2022\/04\/Gdy-sie-Chryustus.mp3?_=1\" \/><a href=\"https:\/\/pb.edu.pl\/chor\/wp-content\/uploads\/sites\/30\/2022\/04\/Gdy-sie-Chryustus.mp3\">https:\/\/pb.edu.pl\/chor\/wp-content\/uploads\/sites\/30\/2022\/04\/Gdy-sie-Chryustus.mp3<\/a><\/audio>\n<p>&nbsp;Jezus malusie\u0144ki \/3&#8217;01\/<\/p>\n<audio class=\"wp-audio-shortcode\" id=\"audio-102-2\" preload=\"none\" style=\"width: 100%;\" controls=\"controls\"><source type=\"audio\/mpeg\" src=\"https:\/\/pb.edu.pl\/chor\/wp-content\/uploads\/sites\/30\/2022\/04\/Jezus-malusienki.mp3?_=2\" \/><a href=\"https:\/\/pb.edu.pl\/chor\/wp-content\/uploads\/sites\/30\/2022\/04\/Jezus-malusienki.mp3\">https:\/\/pb.edu.pl\/chor\/wp-content\/uploads\/sites\/30\/2022\/04\/Jezus-malusienki.mp3<\/a><\/audio>\n<p>&nbsp;<\/p>\n<\/div>\n<div class=\"h3\">W. A. Mozart &#8211; MISSA BREVIS F-DUR KV 192<\/div>\n<div style=\"padding-left: 1.5em\">\n<p>Gloria \/4&#8217;40\/<\/p>\n<audio class=\"wp-audio-shortcode\" id=\"audio-102-3\" preload=\"none\" style=\"width: 100%;\" controls=\"controls\"><source type=\"audio\/mpeg\" src=\"https:\/\/pb.edu.pl\/chor\/wp-content\/uploads\/sites\/30\/2022\/04\/Gloria.mp3?_=3\" \/><a href=\"https:\/\/pb.edu.pl\/chor\/wp-content\/uploads\/sites\/30\/2022\/04\/Gloria.mp3\">https:\/\/pb.edu.pl\/chor\/wp-content\/uploads\/sites\/30\/2022\/04\/Gloria.mp3<\/a><\/audio>\n<p>&nbsp;Sanctus \/1&#8217;30\/<\/p>\n<audio class=\"wp-audio-shortcode\" id=\"audio-102-4\" preload=\"none\" style=\"width: 100%;\" controls=\"controls\"><source type=\"audio\/mpeg\" src=\"https:\/\/pb.edu.pl\/chor\/wp-content\/uploads\/sites\/30\/2022\/04\/Sanctus.mp3?_=4\" \/><a href=\"https:\/\/pb.edu.pl\/chor\/wp-content\/uploads\/sites\/30\/2022\/04\/Sanctus.mp3\">https:\/\/pb.edu.pl\/chor\/wp-content\/uploads\/sites\/30\/2022\/04\/Sanctus.mp3<\/a><\/audio>\n<p>&nbsp;Agnus Dei \/4&#8217;55\/<\/p>\n<audio class=\"wp-audio-shortcode\" id=\"audio-102-5\" preload=\"none\" style=\"width: 100%;\" controls=\"controls\"><source type=\"audio\/mpeg\" src=\"https:\/\/pb.edu.pl\/chor\/wp-content\/uploads\/sites\/30\/2022\/04\/Agnus-Dei.mp3?_=5\" \/><a href=\"https:\/\/pb.edu.pl\/chor\/wp-content\/uploads\/sites\/30\/2022\/04\/Agnus-Dei.mp3\">https:\/\/pb.edu.pl\/chor\/wp-content\/uploads\/sites\/30\/2022\/04\/Agnus-Dei.mp3<\/a><\/audio>\n<p>&nbsp;<\/p>\n<\/div>\n<div class=\"h3\">A. Vivaldi &#8211; MAGNIFICAT (RV 610a)<\/div>\n<div style=\"padding-left: 1.5em\">\n<p>Fecit potentiam \/0&#8217;28\/<\/p>\n<audio class=\"wp-audio-shortcode\" id=\"audio-102-6\" preload=\"none\" style=\"width: 100%;\" controls=\"controls\"><source type=\"audio\/mpeg\" src=\"https:\/\/pb.edu.pl\/chor\/wp-content\/uploads\/sites\/30\/2022\/04\/Fecit-potentiam.mp3?_=6\" \/><a href=\"https:\/\/pb.edu.pl\/chor\/wp-content\/uploads\/sites\/30\/2022\/04\/Fecit-potentiam.mp3\">https:\/\/pb.edu.pl\/chor\/wp-content\/uploads\/sites\/30\/2022\/04\/Fecit-potentiam.mp3<\/a><\/audio>\n<p>&nbsp;Sicut locutus \/1&#8217;42\/<\/p>\n<audio class=\"wp-audio-shortcode\" id=\"audio-102-7\" preload=\"none\" style=\"width: 100%;\" controls=\"controls\"><source type=\"audio\/mpeg\" src=\"https:\/\/pb.edu.pl\/chor\/wp-content\/uploads\/sites\/30\/2022\/04\/Sicut-locutus.mp3?_=7\" \/><a href=\"https:\/\/pb.edu.pl\/chor\/wp-content\/uploads\/sites\/30\/2022\/04\/Sicut-locutus.mp3\">https:\/\/pb.edu.pl\/chor\/wp-content\/uploads\/sites\/30\/2022\/04\/Sicut-locutus.mp3<\/a><\/audio>\n<p>&nbsp;<\/p>\n<\/div>\n<div class=\"h3\">A. Vivaldi &#8211; GLORIA (RV 589)<\/div>\n<div style=\"padding-left: 1.5em\">\n<p>Propter magnam gloriam \/0&#8217;49\/<\/p>\n<audio class=\"wp-audio-shortcode\" id=\"audio-102-8\" preload=\"none\" style=\"width: 100%;\" controls=\"controls\"><source type=\"audio\/mpeg\" src=\"https:\/\/pb.edu.pl\/chor\/wp-content\/uploads\/sites\/30\/2022\/04\/Propter-magnam.mp3?_=8\" \/><a href=\"https:\/\/pb.edu.pl\/chor\/wp-content\/uploads\/sites\/30\/2022\/04\/Propter-magnam.mp3\">https:\/\/pb.edu.pl\/chor\/wp-content\/uploads\/sites\/30\/2022\/04\/Propter-magnam.mp3<\/a><\/audio>\n<p>&nbsp;<\/p>\n<\/div>\n<div class=\"h3\">Ariel Ramirez &#8211; MISA CRIOLLA<\/div>\n<div style=\"padding-left: 1.5em\">\n<p>Gloria carnavalito \/1&#8217;46\/<\/p>\n<audio class=\"wp-audio-shortcode\" id=\"audio-102-9\" preload=\"none\" style=\"width: 100%;\" controls=\"controls\"><source type=\"audio\/mpeg\" src=\"https:\/\/pb.edu.pl\/chor\/wp-content\/uploads\/sites\/30\/2022\/04\/Gloria-carnavalito.mp3?_=9\" \/><a href=\"https:\/\/pb.edu.pl\/chor\/wp-content\/uploads\/sites\/30\/2022\/04\/Gloria-carnavalito.mp3\">https:\/\/pb.edu.pl\/chor\/wp-content\/uploads\/sites\/30\/2022\/04\/Gloria-carnavalito.mp3<\/a><\/audio>\n<p>&nbsp;<\/p>\n<\/div>\n<div class=\"h3\">Ariel Ramirez &#8211; NAVIDAD NUESTRA<\/div>\n<div style=\"padding-left: 1.5em\">\n<p>Los reyes magos \/2&#8217;38\/<\/p>\n<audio class=\"wp-audio-shortcode\" id=\"audio-102-10\" preload=\"none\" style=\"width: 100%;\" controls=\"controls\"><source type=\"audio\/mpeg\" src=\"https:\/\/pb.edu.pl\/chor\/wp-content\/uploads\/sites\/30\/2022\/04\/Los-reyes-magos.mp3?_=10\" \/><a href=\"https:\/\/pb.edu.pl\/chor\/wp-content\/uploads\/sites\/30\/2022\/04\/Los-reyes-magos.mp3\">https:\/\/pb.edu.pl\/chor\/wp-content\/uploads\/sites\/30\/2022\/04\/Los-reyes-magos.mp3<\/a><\/audio>\n<p>&nbsp;<\/p>\n<\/div>\n<div class=\"h3\">R. Ray &#8211; MSZA GOSPEL<\/div>\n<div style=\"padding-left: 1.5em\">\n<p>Gloria &#8211; Glory to God in the highest \/1&#8217;06\/<\/p>\n<audio class=\"wp-audio-shortcode\" id=\"audio-102-11\" preload=\"none\" style=\"width: 100%;\" controls=\"controls\"><source type=\"audio\/mpeg\" src=\"https:\/\/pb.edu.pl\/chor\/wp-content\/uploads\/sites\/30\/2022\/04\/Gloria-1.mp3?_=11\" \/><a href=\"https:\/\/pb.edu.pl\/chor\/wp-content\/uploads\/sites\/30\/2022\/04\/Gloria-1.mp3\">https:\/\/pb.edu.pl\/chor\/wp-content\/uploads\/sites\/30\/2022\/04\/Gloria-1.mp3<\/a><\/audio>\n<p>&nbsp;Acclamation &#8211; Hallelujah praise the Lord \/1&#8217;04\/<\/p>\n<audio class=\"wp-audio-shortcode\" id=\"audio-102-12\" preload=\"none\" style=\"width: 100%;\" controls=\"controls\"><source type=\"audio\/mpeg\" src=\"https:\/\/pb.edu.pl\/chor\/wp-content\/uploads\/sites\/30\/2022\/04\/Acclamation.mp3?_=12\" \/><a href=\"https:\/\/pb.edu.pl\/chor\/wp-content\/uploads\/sites\/30\/2022\/04\/Acclamation.mp3\">https:\/\/pb.edu.pl\/chor\/wp-content\/uploads\/sites\/30\/2022\/04\/Acclamation.mp3<\/a><\/audio>\n<p>&nbsp;Agnus Dei &#8211; Lamb of God \/1\u201938\/<\/p>\n<audio class=\"wp-audio-shortcode\" id=\"audio-102-13\" preload=\"none\" style=\"width: 100%;\" controls=\"controls\"><source type=\"audio\/mpeg\" src=\"https:\/\/pb.edu.pl\/chor\/wp-content\/uploads\/sites\/30\/2022\/04\/Agnus-Dei-1.mp3?_=13\" \/><a href=\"https:\/\/pb.edu.pl\/chor\/wp-content\/uploads\/sites\/30\/2022\/04\/Agnus-Dei-1.mp3\">https:\/\/pb.edu.pl\/chor\/wp-content\/uploads\/sites\/30\/2022\/04\/Agnus-Dei-1.mp3<\/a><\/audio>\n<p>&nbsp;<\/p>\n<\/div>\n<div class=\"h3\">Damian Stachowicz &#8211; MISSA REQUIEM<\/div>\n<div style=\"padding-left: 1.5em\">\n<p>Agnus Dei \/1&#8217;55\/<\/p>\n<audio class=\"wp-audio-shortcode\" id=\"audio-102-14\" preload=\"none\" style=\"width: 100%;\" controls=\"controls\"><source type=\"audio\/mpeg\" src=\"https:\/\/pb.edu.pl\/chor\/wp-content\/uploads\/sites\/30\/2022\/04\/Agnus-dei_Stach.mp3?_=14\" \/><a href=\"https:\/\/pb.edu.pl\/chor\/wp-content\/uploads\/sites\/30\/2022\/04\/Agnus-dei_Stach.mp3\">https:\/\/pb.edu.pl\/chor\/wp-content\/uploads\/sites\/30\/2022\/04\/Agnus-dei_Stach.mp3<\/a><\/audio>\n<p>&nbsp;Domine Jesu Christe \/2&#8217;17\/<\/p>\n<audio class=\"wp-audio-shortcode\" id=\"audio-102-15\" preload=\"none\" style=\"width: 100%;\" controls=\"controls\"><source type=\"audio\/mpeg\" src=\"https:\/\/pb.edu.pl\/chor\/wp-content\/uploads\/sites\/30\/2022\/04\/Domine-Jesu_Stach.mp3?_=15\" \/><a href=\"https:\/\/pb.edu.pl\/chor\/wp-content\/uploads\/sites\/30\/2022\/04\/Domine-Jesu_Stach.mp3\">https:\/\/pb.edu.pl\/chor\/wp-content\/uploads\/sites\/30\/2022\/04\/Domine-Jesu_Stach.mp3<\/a><\/audio>\n<p>&nbsp;<\/p>\n<\/div>\n<div class=\"h3\">Stanis\u0142aw Moniuszko &#8211; MSZA \u017bA\u0141OBNA G-MOLL<\/div>\n<div style=\"padding-left: 1.5em\">\n<p>&nbsp;Offertorium \/3&#8217;08\/<\/p>\n<audio class=\"wp-audio-shortcode\" id=\"audio-102-16\" preload=\"none\" style=\"width: 100%;\" controls=\"controls\"><source type=\"audio\/mpeg\" src=\"https:\/\/pb.edu.pl\/chor\/wp-content\/uploads\/sites\/30\/2022\/04\/Offertorium_Moniuszko.mp3?_=16\" \/><a href=\"https:\/\/pb.edu.pl\/chor\/wp-content\/uploads\/sites\/30\/2022\/04\/Offertorium_Moniuszko.mp3\">https:\/\/pb.edu.pl\/chor\/wp-content\/uploads\/sites\/30\/2022\/04\/Offertorium_Moniuszko.mp3<\/a><\/audio>\n<p>&nbsp;<\/p>\n<\/div>\n<div class=\"h3\">Stanis\u0142aw Moryto &#8211; MISSA BREVIS PRO DEFUNCTIS<\/div>\n<div style=\"padding-left: 1.5em\">\n<p>Kyrie eleison \/0&#8217;57\/<\/p>\n<audio class=\"wp-audio-shortcode\" id=\"audio-102-17\" preload=\"none\" style=\"width: 100%;\" controls=\"controls\"><source type=\"audio\/mpeg\" src=\"https:\/\/pb.edu.pl\/chor\/wp-content\/uploads\/sites\/30\/2022\/04\/Kyrie-eleison_Moryto.mp3?_=17\" \/><a href=\"https:\/\/pb.edu.pl\/chor\/wp-content\/uploads\/sites\/30\/2022\/04\/Kyrie-eleison_Moryto.mp3\">https:\/\/pb.edu.pl\/chor\/wp-content\/uploads\/sites\/30\/2022\/04\/Kyrie-eleison_Moryto.mp3<\/a><\/audio>\n<p>&nbsp;Graduale \/1&#8217;08\/<\/p>\n<audio class=\"wp-audio-shortcode\" id=\"audio-102-18\" preload=\"none\" style=\"width: 100%;\" controls=\"controls\"><source type=\"audio\/mpeg\" src=\"https:\/\/pb.edu.pl\/chor\/wp-content\/uploads\/sites\/30\/2022\/04\/Graduale_Moryto.mp3?_=18\" \/><a href=\"https:\/\/pb.edu.pl\/chor\/wp-content\/uploads\/sites\/30\/2022\/04\/Graduale_Moryto.mp3\">https:\/\/pb.edu.pl\/chor\/wp-content\/uploads\/sites\/30\/2022\/04\/Graduale_Moryto.mp3<\/a><\/audio>\n<p>&nbsp;<\/p>\n<\/div>\n<div class=\"h3\">Inne nagrania<\/div>\n<div style=\"padding-left: 1.5em\">\n<p>J. \u015awider &#8211; Moja piosenka (1987 r.) \/2&#8217;33\/<\/p>\n<audio class=\"wp-audio-shortcode\" id=\"audio-102-19\" preload=\"none\" style=\"width: 100%;\" controls=\"controls\"><source type=\"audio\/mpeg\" src=\"https:\/\/pb.edu.pl\/chor\/wp-content\/uploads\/sites\/30\/2022\/04\/1.moja-piosenka.mp3?_=19\" \/><a href=\"https:\/\/pb.edu.pl\/chor\/wp-content\/uploads\/sites\/30\/2022\/04\/1.moja-piosenka.mp3\">https:\/\/pb.edu.pl\/chor\/wp-content\/uploads\/sites\/30\/2022\/04\/1.moja-piosenka.mp3<\/a><\/audio>\n<p>&nbsp;Tourdion (1987 r.) \/3&#8217;09\/<\/p>\n<audio class=\"wp-audio-shortcode\" id=\"audio-102-20\" preload=\"none\" style=\"width: 100%;\" controls=\"controls\"><source type=\"audio\/mpeg\" src=\"https:\/\/pb.edu.pl\/chor\/wp-content\/uploads\/sites\/30\/2022\/04\/2.Tourdion.mp3?_=20\" \/><a href=\"https:\/\/pb.edu.pl\/chor\/wp-content\/uploads\/sites\/30\/2022\/04\/2.Tourdion.mp3\">https:\/\/pb.edu.pl\/chor\/wp-content\/uploads\/sites\/30\/2022\/04\/2.Tourdion.mp3<\/a><\/audio>\n<p>&nbsp;P. Certon &#8211; La, la, la, je ne l&#8217;ose dire (1987 r.) \/2&#8217;26\/<\/p>\n<audio class=\"wp-audio-shortcode\" id=\"audio-102-21\" preload=\"none\" style=\"width: 100%;\" controls=\"controls\"><source type=\"audio\/mpeg\" src=\"https:\/\/pb.edu.pl\/chor\/wp-content\/uploads\/sites\/30\/2022\/04\/3.La-la-la.mp3?_=21\" \/><a href=\"https:\/\/pb.edu.pl\/chor\/wp-content\/uploads\/sites\/30\/2022\/04\/3.La-la-la.mp3\">https:\/\/pb.edu.pl\/chor\/wp-content\/uploads\/sites\/30\/2022\/04\/3.La-la-la.mp3<\/a><\/audio>\n<p>&nbsp;Passereau &#8211; Il est bel et bon (1987 r.) \/1&#8217;11\/<\/p>\n<audio class=\"wp-audio-shortcode\" id=\"audio-102-22\" preload=\"none\" style=\"width: 100%;\" controls=\"controls\"><source type=\"audio\/mpeg\" src=\"https:\/\/pb.edu.pl\/chor\/wp-content\/uploads\/sites\/30\/2022\/04\/4.Il-est-bele-at-bon.mp3?_=22\" \/><a href=\"https:\/\/pb.edu.pl\/chor\/wp-content\/uploads\/sites\/30\/2022\/04\/4.Il-est-bele-at-bon.mp3\">https:\/\/pb.edu.pl\/chor\/wp-content\/uploads\/sites\/30\/2022\/04\/4.Il-est-bele-at-bon.mp3<\/a><\/audio>\n<p>&nbsp;A. Banchieri &#8211; Contraponto bestiale alla mente (1987 r.) \/1&#8217;01\/<\/p>\n<audio class=\"wp-audio-shortcode\" id=\"audio-102-23\" preload=\"none\" style=\"width: 100%;\" controls=\"controls\"><source type=\"audio\/mpeg\" src=\"https:\/\/pb.edu.pl\/chor\/wp-content\/uploads\/sites\/30\/2022\/04\/5.Contraponto.mp3?_=23\" \/><a href=\"https:\/\/pb.edu.pl\/chor\/wp-content\/uploads\/sites\/30\/2022\/04\/5.Contraponto.mp3\">https:\/\/pb.edu.pl\/chor\/wp-content\/uploads\/sites\/30\/2022\/04\/5.Contraponto.mp3<\/a><\/audio>\n<p>&nbsp;Arvo Part &#8211; Bohorodice Dievo (2004 r.) \/1&#8217;23\/<\/p>\n<audio class=\"wp-audio-shortcode\" id=\"audio-102-24\" preload=\"none\" style=\"width: 100%;\" controls=\"controls\"><source type=\"audio\/mpeg\" src=\"https:\/\/pb.edu.pl\/chor\/wp-content\/uploads\/sites\/30\/2022\/04\/6.Bohorodice.mp3?_=24\" \/><a href=\"https:\/\/pb.edu.pl\/chor\/wp-content\/uploads\/sites\/30\/2022\/04\/6.Bohorodice.mp3\">https:\/\/pb.edu.pl\/chor\/wp-content\/uploads\/sites\/30\/2022\/04\/6.Bohorodice.mp3<\/a><\/audio>\n<p>&nbsp;Hej bystra woda&#8230; (2005 r.) \/0&#8217;44\/<\/p>\n<audio class=\"wp-audio-shortcode\" id=\"audio-102-25\" preload=\"none\" style=\"width: 100%;\" controls=\"controls\"><source type=\"audio\/mpeg\" src=\"https:\/\/pb.edu.pl\/chor\/wp-content\/uploads\/sites\/30\/2022\/04\/7.Hej-bystra-woda.mp3?_=25\" \/><a href=\"https:\/\/pb.edu.pl\/chor\/wp-content\/uploads\/sites\/30\/2022\/04\/7.Hej-bystra-woda.mp3\">https:\/\/pb.edu.pl\/chor\/wp-content\/uploads\/sites\/30\/2022\/04\/7.Hej-bystra-woda.mp3<\/a><\/audio>\n<p>&nbsp;Oj nasi jad\u0105 (2005 r.) \/1&#8217;22\/<\/p>\n<audio class=\"wp-audio-shortcode\" id=\"audio-102-26\" preload=\"none\" style=\"width: 100%;\" controls=\"controls\"><source type=\"audio\/mpeg\" src=\"https:\/\/pb.edu.pl\/chor\/wp-content\/uploads\/sites\/30\/2022\/04\/8.Oj-nasi-jada.mp3?_=26\" \/><a href=\"https:\/\/pb.edu.pl\/chor\/wp-content\/uploads\/sites\/30\/2022\/04\/8.Oj-nasi-jada.mp3\">https:\/\/pb.edu.pl\/chor\/wp-content\/uploads\/sites\/30\/2022\/04\/8.Oj-nasi-jada.mp3<\/a><\/audio>\n<p>&nbsp;Karl Jenkins &#8211; The Snow of Yesterday (2010 r.) \/3&#8217;20\/<\/p>\n<audio class=\"wp-audio-shortcode\" id=\"audio-102-27\" preload=\"none\" style=\"width: 100%;\" controls=\"controls\"><source type=\"audio\/mpeg\" src=\"https:\/\/pb.edu.pl\/chor\/wp-content\/uploads\/sites\/30\/2022\/04\/9.The-Snow-of-Yesterday.mp3?_=27\" \/><a href=\"https:\/\/pb.edu.pl\/chor\/wp-content\/uploads\/sites\/30\/2022\/04\/9.The-Snow-of-Yesterday.mp3\">https:\/\/pb.edu.pl\/chor\/wp-content\/uploads\/sites\/30\/2022\/04\/9.The-Snow-of-Yesterday.mp3<\/a><\/audio>\n<p>&nbsp;Karl Jenkins &#8211; Dies Irae (2010 r.) \/5&#8217;04\/<\/p>\n<audio class=\"wp-audio-shortcode\" id=\"audio-102-28\" preload=\"none\" style=\"width: 100%;\" controls=\"controls\"><source type=\"audio\/mpeg\" src=\"https:\/\/pb.edu.pl\/chor\/wp-content\/uploads\/sites\/30\/2022\/04\/10.Dies-Irae.mp3?_=28\" \/><a href=\"https:\/\/pb.edu.pl\/chor\/wp-content\/uploads\/sites\/30\/2022\/04\/10.Dies-Irae.mp3\">https:\/\/pb.edu.pl\/chor\/wp-content\/uploads\/sites\/30\/2022\/04\/10.Dies-Irae.mp3<\/a><\/audio>\n<p>&nbsp;J. Haydn &#8211; Te Deum &#8211; Fuga (2012 r.) \/2&#8217;14\/<\/p>\n<audio class=\"wp-audio-shortcode\" id=\"audio-102-29\" preload=\"none\" style=\"width: 100%;\" controls=\"controls\"><source type=\"audio\/mpeg\" src=\"https:\/\/pb.edu.pl\/chor\/wp-content\/uploads\/sites\/30\/2022\/04\/11.Fuga_TeDeum.mp3?_=29\" \/><a href=\"https:\/\/pb.edu.pl\/chor\/wp-content\/uploads\/sites\/30\/2022\/04\/11.Fuga_TeDeum.mp3\">https:\/\/pb.edu.pl\/chor\/wp-content\/uploads\/sites\/30\/2022\/04\/11.Fuga_TeDeum.mp3<\/a><\/audio>\n<p>&nbsp;K. Serocki \u2013 Sob\u00f3tkowe \u015bpiewki (2015) \/2&#8217;14\/<\/p>\n<audio class=\"wp-audio-shortcode\" id=\"audio-102-30\" preload=\"none\" style=\"width: 100%;\" controls=\"controls\"><source type=\"audio\/mpeg\" src=\"https:\/\/pb.edu.pl\/chor\/wp-content\/uploads\/sites\/30\/2022\/04\/12.K.-Serocki-Sobotkowe-Spiewki.mp3?_=30\" \/><a href=\"https:\/\/pb.edu.pl\/chor\/wp-content\/uploads\/sites\/30\/2022\/04\/12.K.-Serocki-Sobotkowe-Spiewki.mp3\">https:\/\/pb.edu.pl\/chor\/wp-content\/uploads\/sites\/30\/2022\/04\/12.K.-Serocki-Sobotkowe-Spiewki.mp3<\/a><\/audio>\n<p>&nbsp;<\/p>\n<\/div>\n<div class=\"h3\">KOL\u0118DY (2022)<\/div>\n<div style=\"padding-left: 1.5em\">\n<p>A c\u00f3\u017c z t\u0105 Dziecin\u0105<\/p>\n<audio class=\"wp-audio-shortcode\" id=\"audio-102-31\" preload=\"none\" style=\"width: 100%;\" controls=\"controls\"><source type=\"audio\/mpeg\" src=\"https:\/\/pb.edu.pl\/chor\/wp-content\/uploads\/sites\/30\/2023\/02\/04-Sciezka-4.mp3?_=31\" \/><a href=\"https:\/\/pb.edu.pl\/chor\/wp-content\/uploads\/sites\/30\/2023\/02\/04-Sciezka-4.mp3\">https:\/\/pb.edu.pl\/chor\/wp-content\/uploads\/sites\/30\/2023\/02\/04-Sciezka-4.mp3<\/a><\/audio>\n<p>Tryumfy Kr\u00f3la Niebieskiego<\/p>\n<audio class=\"wp-audio-shortcode\" id=\"audio-102-32\" preload=\"none\" style=\"width: 100%;\" controls=\"controls\"><source type=\"audio\/mpeg\" src=\"https:\/\/pb.edu.pl\/chor\/wp-content\/uploads\/sites\/30\/2023\/02\/07-Sciezka-7.mp3?_=32\" \/><a href=\"https:\/\/pb.edu.pl\/chor\/wp-content\/uploads\/sites\/30\/2023\/02\/07-Sciezka-7.mp3\">https:\/\/pb.edu.pl\/chor\/wp-content\/uploads\/sites\/30\/2023\/02\/07-Sciezka-7.mp3<\/a><\/audio>\n<p>Jezus Malusie\u0144ki<\/p>\n<audio class=\"wp-audio-shortcode\" id=\"audio-102-33\" preload=\"none\" style=\"width: 100%;\" controls=\"controls\"><source type=\"audio\/mpeg\" src=\"https:\/\/pb.edu.pl\/chor\/wp-content\/uploads\/sites\/30\/2023\/02\/05.-Jezus-Malusienki.mp3?_=33\" \/><a href=\"https:\/\/pb.edu.pl\/chor\/wp-content\/uploads\/sites\/30\/2023\/02\/05.-Jezus-Malusienki.mp3\">https:\/\/pb.edu.pl\/chor\/wp-content\/uploads\/sites\/30\/2023\/02\/05.-Jezus-Malusienki.mp3<\/a><\/audio>\n<\/div>\n","protected":false},"excerpt":{"rendered":"<p>Utwory z p\u0142yt Ch\u00f3ru Politechniki Bia\u0142ostockiej KOL\u0118DY POLSKIE (1999) Gdy si\u0119 Chrystus rodzi \/2&#8217;04\/ &nbsp;Jezus<\/p>\n","protected":false},"author":2,"featured_media":0,"parent":87,"menu_order":2,"comment_status":"closed","ping_status":"closed","template":"","meta":{"_acf_changed":false,"ngg_post_thumbnail":0,"footnotes":""},"class_list":["post-102","page","type-page","status-publish","hentry"],"acf":[],"_links":{"self":[{"href":"https:\/\/pb.edu.pl\/chor\/wp-json\/wp\/v2\/pages\/102","targetHints":{"allow":["GET"]}}],"collection":[{"href":"https:\/\/pb.edu.pl\/chor\/wp-json\/wp\/v2\/pages"}],"about":[{"href":"https:\/\/pb.edu.pl\/chor\/wp-json\/wp\/v2\/types\/page"}],"author":[{"embeddable":true,"href":"https:\/\/pb.edu.pl\/chor\/wp-json\/wp\/v2\/users\/2"}],"replies":[{"embeddable":true,"href":"https:\/\/pb.edu.pl\/chor\/wp-json\/wp\/v2\/comments?post=102"}],"version-history":[{"count":0,"href":"https:\/\/pb.edu.pl\/chor\/wp-json\/wp\/v2\/pages\/102\/revisions"}],"up":[{"embeddable":true,"href":"https:\/\/pb.edu.pl\/chor\/wp-json\/wp\/v2\/pages\/87"}],"wp:attachment":[{"href":"https:\/\/pb.edu.pl\/chor\/wp-json\/wp\/v2\/media?parent=102"}],"curies":[{"name":"wp","href":"https:\/\/api.w.org\/{rel}","templated":true}]}}