{"id":973,"date":"2023-03-10T10:25:53","date_gmt":"2023-03-10T09:25:53","guid":{"rendered":"https:\/\/pb.edu.pl\/cdias\/uczelnia-w-liczbach\/uczelnia-w-liczbach-2023-03-10\/"},"modified":"2023-03-10T10:41:34","modified_gmt":"2023-03-10T09:41:34","slug":"uczelnia-w-liczbach-2021-12-31","status":"publish","type":"page","link":"https:\/\/pb.edu.pl\/cdias\/uczelnia-w-liczbach\/uczelnia-w-liczbach-2021-12-31\/","title":{"rendered":"Uczelnia w liczbach (2021-12-31)"},"content":{"rendered":"<div>\n<p><img loading=\"lazy\" decoding=\"async\" class=\"alignnone wp-image-774\" src=\"https:\/\/pb.edu.pl\/cdias\/wp-content\/uploads\/sites\/55\/2022\/04\/Uczelnia-w-liczbach.jpg\" alt=\"Politechnika Bia\u0142ostocka w liczbach\" width=\"1153\" height=\"570\" srcset=\"https:\/\/pb.edu.pl\/cdias\/wp-content\/uploads\/sites\/55\/2022\/04\/Uczelnia-w-liczbach.jpg 1481w, https:\/\/pb.edu.pl\/cdias\/wp-content\/uploads\/sites\/55\/2022\/04\/Uczelnia-w-liczbach-300x148.jpg 300w, https:\/\/pb.edu.pl\/cdias\/wp-content\/uploads\/sites\/55\/2022\/04\/Uczelnia-w-liczbach-1024x506.jpg 1024w, https:\/\/pb.edu.pl\/cdias\/wp-content\/uploads\/sites\/55\/2022\/04\/Uczelnia-w-liczbach-768x380.jpg 768w\" sizes=\"auto, (max-width: 1153px) 100vw, 1153px\" \/><\/p>\n<\/div>\n<div>\n<p>Dane na dzie\u0144 31.12.2021 r.<\/p>\n<h2>Pracownicy Uczelni<\/h2>\n<p>Liczba pracownik\u00f3w Politechniki Bia\u0142ostockiej wed\u0142ug stanu na dzie\u0144 31.12.2021 r.&nbsp; &#8211; 1 397.<\/p>\n<p style=\"text-align: center\"><span style=\"font-size: 18pt\"><strong>Struktura zatrudnienia w Politechnice Bia\u0142ostockiej<\/strong><\/span><\/p>\n<p><img loading=\"lazy\" decoding=\"async\" class=\"size-full wp-image-788 aligncenter\" src=\"https:\/\/pb.edu.pl\/cdias\/wp-content\/uploads\/sites\/55\/2022\/06\/Pracownicy_PB_1.jpg\" alt=\"\" width=\"700\" height=\"673\" srcset=\"https:\/\/pb.edu.pl\/cdias\/wp-content\/uploads\/sites\/55\/2022\/06\/Pracownicy_PB_1.jpg 700w, https:\/\/pb.edu.pl\/cdias\/wp-content\/uploads\/sites\/55\/2022\/06\/Pracownicy_PB_1-300x288.jpg 300w\" sizes=\"auto, (max-width: 700px) 100vw, 700px\" \/><\/p>\n<\/div>\n<p>Dane prezentowane w uk\u0142adzie <em>grupa pracownicza; udzia\u0142 procentowy<\/em> ; <em>liczba pracownik\u00f3w<\/em>.<\/p>\n<div>\n<h2>Studenci<\/h2>\n<p>Liczba student\u00f3w Politechniki Bia\u0142ostockiej wed\u0142ug stanu na dzie\u0144 31.12.2021 r.&nbsp; &#8211; 6 976.<\/p>\n<p><img loading=\"lazy\" decoding=\"async\" class=\"size-full wp-image-770 aligncenter\" src=\"https:\/\/pb.edu.pl\/cdias\/wp-content\/uploads\/sites\/55\/2022\/04\/forma-studiow.jpg\" alt=\"\" width=\"659\" height=\"476\" srcset=\"https:\/\/pb.edu.pl\/cdias\/wp-content\/uploads\/sites\/55\/2022\/04\/forma-studiow.jpg 659w, https:\/\/pb.edu.pl\/cdias\/wp-content\/uploads\/sites\/55\/2022\/04\/forma-studiow-300x217.jpg 300w\" sizes=\"auto, (max-width: 659px) 100vw, 659px\" \/><\/p>\n<p><img loading=\"lazy\" decoding=\"async\" class=\"size-full wp-image-790 aligncenter\" src=\"https:\/\/pb.edu.pl\/cdias\/wp-content\/uploads\/sites\/55\/2022\/06\/Wydzialy_1.jpg\" alt=\"\" width=\"970\" height=\"628\" srcset=\"https:\/\/pb.edu.pl\/cdias\/wp-content\/uploads\/sites\/55\/2022\/06\/Wydzialy_1.jpg 970w, https:\/\/pb.edu.pl\/cdias\/wp-content\/uploads\/sites\/55\/2022\/06\/Wydzialy_1-300x194.jpg 300w, https:\/\/pb.edu.pl\/cdias\/wp-content\/uploads\/sites\/55\/2022\/06\/Wydzialy_1-768x497.jpg 768w\" sizes=\"auto, (max-width: 970px) 100vw, 970px\" \/><\/p>\n<p>&nbsp;<\/p>\n<p>&nbsp;<\/p>\n<p><img loading=\"lazy\" decoding=\"async\" class=\"size-full wp-image-785 aligncenter\" src=\"https:\/\/pb.edu.pl\/cdias\/wp-content\/uploads\/sites\/55\/2022\/04\/Stopien-studiow2.jpg\" alt=\"\" width=\"693\" height=\"482\" srcset=\"https:\/\/pb.edu.pl\/cdias\/wp-content\/uploads\/sites\/55\/2022\/04\/Stopien-studiow2.jpg 693w, https:\/\/pb.edu.pl\/cdias\/wp-content\/uploads\/sites\/55\/2022\/04\/Stopien-studiow2-300x209.jpg 300w\" sizes=\"auto, (max-width: 693px) 100vw, 693px\" \/><\/p>\n<p>&nbsp;<\/p>\n<p><img loading=\"lazy\" decoding=\"async\" class=\"size-full wp-image-771 aligncenter\" src=\"https:\/\/pb.edu.pl\/cdias\/wp-content\/uploads\/sites\/55\/2022\/04\/Plec.jpg\" alt=\"\" width=\"696\" height=\"500\" srcset=\"https:\/\/pb.edu.pl\/cdias\/wp-content\/uploads\/sites\/55\/2022\/04\/Plec.jpg 696w, https:\/\/pb.edu.pl\/cdias\/wp-content\/uploads\/sites\/55\/2022\/04\/Plec-300x216.jpg 300w\" sizes=\"auto, (max-width: 696px) 100vw, 696px\" \/><\/p>\n<p>&nbsp;<\/p>\n<p>&nbsp;<\/p>\n<p><strong><span style=\"font-size: 12pt\">Podzia\u0142 student\u00f3w na kierunki na poszczeg\u00f3lnych Wydzia\u0142ach<\/span><\/strong><\/p>\n<p>Dane prezentowane w uk\u0142adzie <em>kierunek; liczba student\u00f3w; udzia\u0142 procentowy<\/em>&nbsp;<\/p>\n<p><img loading=\"lazy\" decoding=\"async\" class=\"size-full wp-image-775 aligncenter\" src=\"https:\/\/pb.edu.pl\/cdias\/wp-content\/uploads\/sites\/55\/2022\/04\/WA.jpg\" alt=\"\" width=\"799\" height=\"483\" srcset=\"https:\/\/pb.edu.pl\/cdias\/wp-content\/uploads\/sites\/55\/2022\/04\/WA.jpg 799w, https:\/\/pb.edu.pl\/cdias\/wp-content\/uploads\/sites\/55\/2022\/04\/WA-300x181.jpg 300w, https:\/\/pb.edu.pl\/cdias\/wp-content\/uploads\/sites\/55\/2022\/04\/WA-768x464.jpg 768w\" sizes=\"auto, (max-width: 799px) 100vw, 799px\" \/><\/p>\n<p>&nbsp;<\/p>\n<p><img loading=\"lazy\" decoding=\"async\" class=\"size-full wp-image-776 aligncenter\" src=\"https:\/\/pb.edu.pl\/cdias\/wp-content\/uploads\/sites\/55\/2022\/04\/WB.jpg\" alt=\"\" width=\"910\" height=\"618\" srcset=\"https:\/\/pb.edu.pl\/cdias\/wp-content\/uploads\/sites\/55\/2022\/04\/WB.jpg 910w, https:\/\/pb.edu.pl\/cdias\/wp-content\/uploads\/sites\/55\/2022\/04\/WB-300x204.jpg 300w, https:\/\/pb.edu.pl\/cdias\/wp-content\/uploads\/sites\/55\/2022\/04\/WB-768x522.jpg 768w\" sizes=\"auto, (max-width: 910px) 100vw, 910px\" \/><\/p>\n<p><img loading=\"lazy\" decoding=\"async\" class=\"size-full wp-image-777 aligncenter\" src=\"https:\/\/pb.edu.pl\/cdias\/wp-content\/uploads\/sites\/55\/2022\/04\/WE.jpg\" alt=\"\" width=\"852\" height=\"594\" srcset=\"https:\/\/pb.edu.pl\/cdias\/wp-content\/uploads\/sites\/55\/2022\/04\/WE.jpg 852w, https:\/\/pb.edu.pl\/cdias\/wp-content\/uploads\/sites\/55\/2022\/04\/WE-300x209.jpg 300w, https:\/\/pb.edu.pl\/cdias\/wp-content\/uploads\/sites\/55\/2022\/04\/WE-768x535.jpg 768w\" sizes=\"auto, (max-width: 852px) 100vw, 852px\" \/><\/p>\n<p>&nbsp;<\/p>\n<p><img loading=\"lazy\" decoding=\"async\" class=\"size-full wp-image-778 aligncenter\" src=\"https:\/\/pb.edu.pl\/cdias\/wp-content\/uploads\/sites\/55\/2022\/04\/WI.jpg\" alt=\"\" width=\"879\" height=\"546\" srcset=\"https:\/\/pb.edu.pl\/cdias\/wp-content\/uploads\/sites\/55\/2022\/04\/WI.jpg 879w, https:\/\/pb.edu.pl\/cdias\/wp-content\/uploads\/sites\/55\/2022\/04\/WI-300x186.jpg 300w, https:\/\/pb.edu.pl\/cdias\/wp-content\/uploads\/sites\/55\/2022\/04\/WI-768x477.jpg 768w\" sizes=\"auto, (max-width: 879px) 100vw, 879px\" \/><\/p>\n<p>&nbsp;<\/p>\n<p><img loading=\"lazy\" decoding=\"async\" class=\"size-full wp-image-779 aligncenter\" src=\"https:\/\/pb.edu.pl\/cdias\/wp-content\/uploads\/sites\/55\/2022\/04\/WIZ.jpg\" alt=\"\" width=\"916\" height=\"586\" srcset=\"https:\/\/pb.edu.pl\/cdias\/wp-content\/uploads\/sites\/55\/2022\/04\/WIZ.jpg 916w, https:\/\/pb.edu.pl\/cdias\/wp-content\/uploads\/sites\/55\/2022\/04\/WIZ-300x192.jpg 300w, https:\/\/pb.edu.pl\/cdias\/wp-content\/uploads\/sites\/55\/2022\/04\/WIZ-768x491.jpg 768w\" sizes=\"auto, (max-width: 916px) 100vw, 916px\" \/><\/p>\n<p><img loading=\"lazy\" decoding=\"async\" class=\"size-full wp-image-780 aligncenter\" src=\"https:\/\/pb.edu.pl\/cdias\/wp-content\/uploads\/sites\/55\/2022\/04\/WM.jpg\" alt=\"\" width=\"959\" height=\"595\" srcset=\"https:\/\/pb.edu.pl\/cdias\/wp-content\/uploads\/sites\/55\/2022\/04\/WM.jpg 959w, https:\/\/pb.edu.pl\/cdias\/wp-content\/uploads\/sites\/55\/2022\/04\/WM-300x186.jpg 300w, https:\/\/pb.edu.pl\/cdias\/wp-content\/uploads\/sites\/55\/2022\/04\/WM-768x476.jpg 768w\" sizes=\"auto, (max-width: 959px) 100vw, 959px\" \/><\/p>\n<p>&nbsp;<\/p>\n<p>&nbsp;<\/p>\n<p><img loading=\"lazy\" decoding=\"async\" class=\"size-full wp-image-773 aligncenter\" src=\"https:\/\/pb.edu.pl\/cdias\/wp-content\/uploads\/sites\/55\/2022\/04\/Studenci2008_2021.jpg\" alt=\"\" width=\"905\" height=\"523\" srcset=\"https:\/\/pb.edu.pl\/cdias\/wp-content\/uploads\/sites\/55\/2022\/04\/Studenci2008_2021.jpg 905w, https:\/\/pb.edu.pl\/cdias\/wp-content\/uploads\/sites\/55\/2022\/04\/Studenci2008_2021-300x173.jpg 300w, https:\/\/pb.edu.pl\/cdias\/wp-content\/uploads\/sites\/55\/2022\/04\/Studenci2008_2021-768x444.jpg 768w\" sizes=\"auto, (max-width: 905px) 100vw, 905px\" \/><\/p>\n<p style=\"text-align: left\">Dane na dzie\u0144 31.12.2021 r.<\/p>\n<p><img loading=\"lazy\" decoding=\"async\" class=\"size-full wp-image-769 aligncenter\" src=\"https:\/\/pb.edu.pl\/cdias\/wp-content\/uploads\/sites\/55\/2022\/04\/Absolwenci2008_2021.jpg\" alt=\"\" width=\"905\" height=\"505\" srcset=\"https:\/\/pb.edu.pl\/cdias\/wp-content\/uploads\/sites\/55\/2022\/04\/Absolwenci2008_2021.jpg 905w, https:\/\/pb.edu.pl\/cdias\/wp-content\/uploads\/sites\/55\/2022\/04\/Absolwenci2008_2021-300x167.jpg 300w, https:\/\/pb.edu.pl\/cdias\/wp-content\/uploads\/sites\/55\/2022\/04\/Absolwenci2008_2021-768x429.jpg 768w\" sizes=\"auto, (max-width: 905px) 100vw, 905px\" \/><\/p>\n<p>Dane na dzie\u0144 31.12.2021 r.<\/p>\n<p>&nbsp;<\/p>\n<div>\n<p>Pliki do pobrania<\/p>\n<p><a class=\"xls\" title=\"pobierz plik\" href=\"https:\/\/pb.edu.pl\/cdias\/wp-content\/uploads\/sites\/55\/2022\/04\/LICZBA-STUDENTOW-2008-2021.xls\" data-id=\"782\">Liczba student\u00f3w Politechniki Bia\u0142ostockiej w latach 2008-2021 GUS (XLS, 363 KB)<\/a><\/p>\n<p><a class=\"xls\" title=\"pobierz plik\" href=\"https:\/\/pb.edu.pl\/cdias\/wp-content\/uploads\/sites\/55\/2022\/04\/Liczba-absolwentow-2008-2021.xls\" data-id=\"783\">Liczba absolwent\u00f3w Politechniki Bia\u0142ostockiej w latach 2008-2021 GUS (XLS, 198 KB)<\/a><\/p>\n<\/div>\n<p>&nbsp;<\/p>\n<\/div>\n<p>Osoba odpowiedzialna za umieszczenie informacji: Wojciech Puchalski<\/p>\n","protected":false},"excerpt":{"rendered":"<p>Dane na dzie\u0144 31.12.2021 r. Pracownicy Uczelni Liczba pracownik\u00f3w Politechniki Bia\u0142ostockiej wed\u0142ug stanu na dzie\u0144<\/p>\n","protected":false},"author":76,"featured_media":0,"parent":37,"menu_order":5,"comment_status":"closed","ping_status":"closed","template":"","meta":{"_acf_changed":false,"ngg_post_thumbnail":0,"footnotes":""},"class_list":["post-973","page","type-page","status-publish","hentry"],"acf":[],"yoast_head":"<!-- This site is optimized with the Yoast SEO plugin v27.0 - https:\/\/yoast.com\/product\/yoast-seo-wordpress\/ -->\n<title>Uczelnia w liczbach (2021-12-31) - Centrum Danych i Analiz Strategicznych<\/title>\n<meta name=\"description\" content=\"Dane na dzie\u0144 31.12.2021 r. Pracownicy Uczelni Liczba pracownik\u00f3w Politechniki Bia\u0142ostockiej wed\u0142ug stanu na dzie\u0144 31.12.2021 r.&nbsp; - 1 397. Struktura\" \/>\n<meta name=\"robots\" content=\"index, follow, max-snippet:-1, max-image-preview:large, max-video-preview:-1\" \/>\n<link rel=\"canonical\" href=\"https:\/\/pb.edu.pl\/cdias\/uczelnia-w-liczbach\/uczelnia-w-liczbach-2021-12-31\/\" \/>\n<meta property=\"og:locale\" content=\"pl_PL\" \/>\n<meta property=\"og:type\" content=\"article\" \/>\n<meta property=\"og:title\" content=\"Uczelnia w liczbach (2021-12-31) - Centrum Danych i Analiz Strategicznych\" \/>\n<meta property=\"og:description\" content=\"Dane na dzie\u0144 31.12.2021 r. Pracownicy Uczelni Liczba pracownik\u00f3w Politechniki Bia\u0142ostockiej wed\u0142ug stanu na dzie\u0144 31.12.2021 r.&nbsp; - 1 397. Struktura\" \/>\n<meta property=\"og:url\" content=\"https:\/\/pb.edu.pl\/cdias\/uczelnia-w-liczbach\/uczelnia-w-liczbach-2021-12-31\/\" \/>\n<meta property=\"og:site_name\" content=\"Centrum Danych i Analiz Strategicznych\" \/>\n<meta property=\"article:modified_time\" content=\"2023-03-10T09:41:34+00:00\" \/>\n<meta property=\"og:image\" content=\"https:\/\/pb.edu.pl\/cdias\/wp-content\/uploads\/sites\/55\/2022\/04\/Uczelnia-w-liczbach.jpg\" \/>\n\t<meta property=\"og:image:width\" content=\"1481\" \/>\n\t<meta property=\"og:image:height\" content=\"732\" \/>\n\t<meta property=\"og:image:type\" content=\"image\/jpeg\" \/>\n<meta name=\"twitter:card\" content=\"summary_large_image\" \/>\n<meta name=\"twitter:label1\" content=\"Szacowany czas czytania\" \/>\n\t<meta name=\"twitter:data1\" content=\"1 minuta\" \/>\n<script type=\"application\/ld+json\" class=\"yoast-schema-graph\">{\"@context\":\"https:\/\/schema.org\",\"@graph\":[{\"@type\":\"WebPage\",\"@id\":\"https:\/\/pb.edu.pl\/cdias\/uczelnia-w-liczbach\/uczelnia-w-liczbach-2021-12-31\/\",\"url\":\"https:\/\/pb.edu.pl\/cdias\/uczelnia-w-liczbach\/uczelnia-w-liczbach-2021-12-31\/\",\"name\":\"Uczelnia w liczbach (2021-12-31) - Centrum Danych i Analiz Strategicznych\",\"isPartOf\":{\"@id\":\"https:\/\/pb.edu.pl\/cdias\/#website\"},\"primaryImageOfPage\":{\"@id\":\"https:\/\/pb.edu.pl\/cdias\/uczelnia-w-liczbach\/uczelnia-w-liczbach-2021-12-31\/#primaryimage\"},\"image\":{\"@id\":\"https:\/\/pb.edu.pl\/cdias\/uczelnia-w-liczbach\/uczelnia-w-liczbach-2021-12-31\/#primaryimage\"},\"thumbnailUrl\":\"https:\/\/pb.edu.pl\/cdias\/wp-content\/uploads\/sites\/55\/2022\/04\/Uczelnia-w-liczbach.jpg\",\"datePublished\":\"2023-03-10T09:25:53+00:00\",\"dateModified\":\"2023-03-10T09:41:34+00:00\",\"description\":\"Dane na dzie\u0144 31.12.2021 r. Pracownicy Uczelni Liczba pracownik\u00f3w Politechniki Bia\u0142ostockiej wed\u0142ug stanu na dzie\u0144 31.12.2021 r.&nbsp; - 1 397. Struktura\",\"breadcrumb\":{\"@id\":\"https:\/\/pb.edu.pl\/cdias\/uczelnia-w-liczbach\/uczelnia-w-liczbach-2021-12-31\/#breadcrumb\"},\"inLanguage\":\"pl-PL\",\"potentialAction\":[{\"@type\":\"ReadAction\",\"target\":[\"https:\/\/pb.edu.pl\/cdias\/uczelnia-w-liczbach\/uczelnia-w-liczbach-2021-12-31\/\"]}]},{\"@type\":\"ImageObject\",\"inLanguage\":\"pl-PL\",\"@id\":\"https:\/\/pb.edu.pl\/cdias\/uczelnia-w-liczbach\/uczelnia-w-liczbach-2021-12-31\/#primaryimage\",\"url\":\"https:\/\/pb.edu.pl\/cdias\/wp-content\/uploads\/sites\/55\/2022\/04\/Uczelnia-w-liczbach.jpg\",\"contentUrl\":\"https:\/\/pb.edu.pl\/cdias\/wp-content\/uploads\/sites\/55\/2022\/04\/Uczelnia-w-liczbach.jpg\",\"width\":1481,\"height\":732},{\"@type\":\"BreadcrumbList\",\"@id\":\"https:\/\/pb.edu.pl\/cdias\/uczelnia-w-liczbach\/uczelnia-w-liczbach-2021-12-31\/#breadcrumb\",\"itemListElement\":[{\"@type\":\"ListItem\",\"position\":1,\"name\":\"Strona g\u0142\u00f3wna\",\"item\":\"https:\/\/pb.edu.pl\/cdias\/\"},{\"@type\":\"ListItem\",\"position\":2,\"name\":\"Uczelnia w liczbach\",\"item\":\"https:\/\/pb.edu.pl\/cdias\/uczelnia-w-liczbach\/\"},{\"@type\":\"ListItem\",\"position\":3,\"name\":\"Uczelnia w liczbach (2021-12-31)\"}]},{\"@type\":\"WebSite\",\"@id\":\"https:\/\/pb.edu.pl\/cdias\/#website\",\"url\":\"https:\/\/pb.edu.pl\/cdias\/\",\"name\":\"Centrum Danych i Analiz Strategicznych\",\"description\":\"\",\"potentialAction\":[{\"@type\":\"SearchAction\",\"target\":{\"@type\":\"EntryPoint\",\"urlTemplate\":\"https:\/\/pb.edu.pl\/cdias\/?s={search_term_string}\"},\"query-input\":{\"@type\":\"PropertyValueSpecification\",\"valueRequired\":true,\"valueName\":\"search_term_string\"}}],\"inLanguage\":\"pl-PL\"}]}<\/script>\n<!-- \/ Yoast SEO plugin. -->","yoast_head_json":{"title":"Uczelnia w liczbach (2021-12-31) - Centrum Danych i Analiz Strategicznych","description":"Dane na dzie\u0144 31.12.2021 r. Pracownicy Uczelni Liczba pracownik\u00f3w Politechniki Bia\u0142ostockiej wed\u0142ug stanu na dzie\u0144 31.12.2021 r.&nbsp; - 1 397. Struktura","robots":{"index":"index","follow":"follow","max-snippet":"max-snippet:-1","max-image-preview":"max-image-preview:large","max-video-preview":"max-video-preview:-1"},"canonical":"https:\/\/pb.edu.pl\/cdias\/uczelnia-w-liczbach\/uczelnia-w-liczbach-2021-12-31\/","og_locale":"pl_PL","og_type":"article","og_title":"Uczelnia w liczbach (2021-12-31) - Centrum Danych i Analiz Strategicznych","og_description":"Dane na dzie\u0144 31.12.2021 r. Pracownicy Uczelni Liczba pracownik\u00f3w Politechniki Bia\u0142ostockiej wed\u0142ug stanu na dzie\u0144 31.12.2021 r.&nbsp; - 1 397. Struktura","og_url":"https:\/\/pb.edu.pl\/cdias\/uczelnia-w-liczbach\/uczelnia-w-liczbach-2021-12-31\/","og_site_name":"Centrum Danych i Analiz Strategicznych","article_modified_time":"2023-03-10T09:41:34+00:00","og_image":[{"width":1481,"height":732,"url":"https:\/\/pb.edu.pl\/cdias\/wp-content\/uploads\/sites\/55\/2022\/04\/Uczelnia-w-liczbach.jpg","type":"image\/jpeg"}],"twitter_card":"summary_large_image","twitter_misc":{"Szacowany czas czytania":"1 minuta"},"schema":{"@context":"https:\/\/schema.org","@graph":[{"@type":"WebPage","@id":"https:\/\/pb.edu.pl\/cdias\/uczelnia-w-liczbach\/uczelnia-w-liczbach-2021-12-31\/","url":"https:\/\/pb.edu.pl\/cdias\/uczelnia-w-liczbach\/uczelnia-w-liczbach-2021-12-31\/","name":"Uczelnia w liczbach (2021-12-31) - Centrum Danych i Analiz Strategicznych","isPartOf":{"@id":"https:\/\/pb.edu.pl\/cdias\/#website"},"primaryImageOfPage":{"@id":"https:\/\/pb.edu.pl\/cdias\/uczelnia-w-liczbach\/uczelnia-w-liczbach-2021-12-31\/#primaryimage"},"image":{"@id":"https:\/\/pb.edu.pl\/cdias\/uczelnia-w-liczbach\/uczelnia-w-liczbach-2021-12-31\/#primaryimage"},"thumbnailUrl":"https:\/\/pb.edu.pl\/cdias\/wp-content\/uploads\/sites\/55\/2022\/04\/Uczelnia-w-liczbach.jpg","datePublished":"2023-03-10T09:25:53+00:00","dateModified":"2023-03-10T09:41:34+00:00","description":"Dane na dzie\u0144 31.12.2021 r. Pracownicy Uczelni Liczba pracownik\u00f3w Politechniki Bia\u0142ostockiej wed\u0142ug stanu na dzie\u0144 31.12.2021 r.&nbsp; - 1 397. Struktura","breadcrumb":{"@id":"https:\/\/pb.edu.pl\/cdias\/uczelnia-w-liczbach\/uczelnia-w-liczbach-2021-12-31\/#breadcrumb"},"inLanguage":"pl-PL","potentialAction":[{"@type":"ReadAction","target":["https:\/\/pb.edu.pl\/cdias\/uczelnia-w-liczbach\/uczelnia-w-liczbach-2021-12-31\/"]}]},{"@type":"ImageObject","inLanguage":"pl-PL","@id":"https:\/\/pb.edu.pl\/cdias\/uczelnia-w-liczbach\/uczelnia-w-liczbach-2021-12-31\/#primaryimage","url":"https:\/\/pb.edu.pl\/cdias\/wp-content\/uploads\/sites\/55\/2022\/04\/Uczelnia-w-liczbach.jpg","contentUrl":"https:\/\/pb.edu.pl\/cdias\/wp-content\/uploads\/sites\/55\/2022\/04\/Uczelnia-w-liczbach.jpg","width":1481,"height":732},{"@type":"BreadcrumbList","@id":"https:\/\/pb.edu.pl\/cdias\/uczelnia-w-liczbach\/uczelnia-w-liczbach-2021-12-31\/#breadcrumb","itemListElement":[{"@type":"ListItem","position":1,"name":"Strona g\u0142\u00f3wna","item":"https:\/\/pb.edu.pl\/cdias\/"},{"@type":"ListItem","position":2,"name":"Uczelnia w liczbach","item":"https:\/\/pb.edu.pl\/cdias\/uczelnia-w-liczbach\/"},{"@type":"ListItem","position":3,"name":"Uczelnia w liczbach (2021-12-31)"}]},{"@type":"WebSite","@id":"https:\/\/pb.edu.pl\/cdias\/#website","url":"https:\/\/pb.edu.pl\/cdias\/","name":"Centrum Danych i Analiz Strategicznych","description":"","potentialAction":[{"@type":"SearchAction","target":{"@type":"EntryPoint","urlTemplate":"https:\/\/pb.edu.pl\/cdias\/?s={search_term_string}"},"query-input":{"@type":"PropertyValueSpecification","valueRequired":true,"valueName":"search_term_string"}}],"inLanguage":"pl-PL"}]}},"_links":{"self":[{"href":"https:\/\/pb.edu.pl\/cdias\/wp-json\/wp\/v2\/pages\/973","targetHints":{"allow":["GET"]}}],"collection":[{"href":"https:\/\/pb.edu.pl\/cdias\/wp-json\/wp\/v2\/pages"}],"about":[{"href":"https:\/\/pb.edu.pl\/cdias\/wp-json\/wp\/v2\/types\/page"}],"author":[{"embeddable":true,"href":"https:\/\/pb.edu.pl\/cdias\/wp-json\/wp\/v2\/users\/76"}],"replies":[{"embeddable":true,"href":"https:\/\/pb.edu.pl\/cdias\/wp-json\/wp\/v2\/comments?post=973"}],"version-history":[{"count":0,"href":"https:\/\/pb.edu.pl\/cdias\/wp-json\/wp\/v2\/pages\/973\/revisions"}],"up":[{"embeddable":true,"href":"https:\/\/pb.edu.pl\/cdias\/wp-json\/wp\/v2\/pages\/37"}],"wp:attachment":[{"href":"https:\/\/pb.edu.pl\/cdias\/wp-json\/wp\/v2\/media?parent=973"}],"curies":[{"name":"wp","href":"https:\/\/api.w.org\/{rel}","templated":true}]}}