{"id":902,"date":"2021-11-16T12:13:06","date_gmt":"2021-11-16T11:13:06","guid":{"rendered":"https:\/\/pb.edu.pl\/cdias\/uczelnia-w-liczbach\/uczelnia-w-liczbach-2022-09-30\/"},"modified":"2022-09-30T12:14:45","modified_gmt":"2022-09-30T10:14:45","slug":"uczelnia-w-liczbach-2021-11-16","status":"publish","type":"page","link":"https:\/\/pb.edu.pl\/cdias\/uczelnia-w-liczbach\/uczelnia-w-liczbach-2021-11-16\/","title":{"rendered":"Uczelnia w liczbach (2021-11-16)"},"content":{"rendered":"<p><img loading=\"lazy\" decoding=\"async\" class=\"alignnone wp-image-713 size-full\" style=\"font-size: 1.5rem\" src=\"https:\/\/pb.edu.pl\/cdias\/wp-content\/uploads\/sites\/55\/2021\/11\/Uczelnia-w-liczbach.jpg\" alt=\"\" width=\"1192\" height=\"595\" srcset=\"https:\/\/pb.edu.pl\/cdias\/wp-content\/uploads\/sites\/55\/2021\/11\/Uczelnia-w-liczbach.jpg 1192w, https:\/\/pb.edu.pl\/cdias\/wp-content\/uploads\/sites\/55\/2021\/11\/Uczelnia-w-liczbach-300x150.jpg 300w, https:\/\/pb.edu.pl\/cdias\/wp-content\/uploads\/sites\/55\/2021\/11\/Uczelnia-w-liczbach-1024x511.jpg 1024w, https:\/\/pb.edu.pl\/cdias\/wp-content\/uploads\/sites\/55\/2021\/11\/Uczelnia-w-liczbach-768x383.jpg 768w\" sizes=\"auto, (max-width: 1192px) 100vw, 1192px\" \/><\/p>\n<p>&nbsp;<\/p>\n<\/div>\n<div>\n<p>Dane na dzie\u0144 16.11.2021 r.<\/p>\n<h2>Pracownicy Uczelni<\/h2>\n<p>Liczba pracownik\u00f3w Politechniki Bia\u0142ostockiej wed\u0142ug stanu na dzie\u0144 18.11.2021 r.&nbsp; &#8211; 1 401.<\/p>\n<p style=\"text-align: center\"><span style=\"font-size: 18pt\"><strong>Struktura zatrudnienia w Politechnice Bia\u0142ostockiej<\/strong><\/span><\/p>\n<p><img loading=\"lazy\" decoding=\"async\" class=\"size-full wp-image-745 aligncenter\" src=\"https:\/\/pb.edu.pl\/cdias\/wp-content\/uploads\/sites\/55\/2021\/11\/Pracownicy-struktura-zat5.jpg\" alt=\"\" width=\"885\" height=\"840\" srcset=\"https:\/\/pb.edu.pl\/cdias\/wp-content\/uploads\/sites\/55\/2021\/11\/Pracownicy-struktura-zat5.jpg 885w, https:\/\/pb.edu.pl\/cdias\/wp-content\/uploads\/sites\/55\/2021\/11\/Pracownicy-struktura-zat5-300x285.jpg 300w, https:\/\/pb.edu.pl\/cdias\/wp-content\/uploads\/sites\/55\/2021\/11\/Pracownicy-struktura-zat5-768x729.jpg 768w\" sizes=\"auto, (max-width: 885px) 100vw, 885px\" \/><\/p>\n<\/div>\n<p>Dane prezentowane w uk\u0142adzie <em>grupa pracownicza; udzia\u0142 procentowy<\/em> ; <em>liczba pracownik\u00f3w<\/em>.<\/p>\n<div>\n<h2>Studenci<\/h2>\n<p>Liczba student\u00f3w Politechniki Bia\u0142ostockiej wed\u0142ug stanu na dzie\u0144 16.11.2021 r.&nbsp; &#8211; 7 104.<\/p>\n<p>&nbsp;<\/p>\n<p><img loading=\"lazy\" decoding=\"async\" class=\"size-full wp-image-729 aligncenter\" src=\"https:\/\/pb.edu.pl\/cdias\/wp-content\/uploads\/sites\/55\/2021\/11\/I-i-II-stopien2.jpg\" alt=\"\" width=\"674\" height=\"474\" srcset=\"https:\/\/pb.edu.pl\/cdias\/wp-content\/uploads\/sites\/55\/2021\/11\/I-i-II-stopien2.jpg 674w, https:\/\/pb.edu.pl\/cdias\/wp-content\/uploads\/sites\/55\/2021\/11\/I-i-II-stopien2-300x211.jpg 300w\" sizes=\"auto, (max-width: 674px) 100vw, 674px\" \/><\/p>\n<p>&nbsp;<\/p>\n<p><img loading=\"lazy\" decoding=\"async\" class=\"size-full wp-image-726 aligncenter\" src=\"https:\/\/pb.edu.pl\/cdias\/wp-content\/uploads\/sites\/55\/2021\/11\/Studenci-Wydzialy1.jpg\" alt=\"\" width=\"957\" height=\"621\" srcset=\"https:\/\/pb.edu.pl\/cdias\/wp-content\/uploads\/sites\/55\/2021\/11\/Studenci-Wydzialy1.jpg 957w, https:\/\/pb.edu.pl\/cdias\/wp-content\/uploads\/sites\/55\/2021\/11\/Studenci-Wydzialy1-300x195.jpg 300w, https:\/\/pb.edu.pl\/cdias\/wp-content\/uploads\/sites\/55\/2021\/11\/Studenci-Wydzialy1-768x498.jpg 768w\" sizes=\"auto, (max-width: 957px) 100vw, 957px\" \/><\/p>\n<p>&nbsp;<\/p>\n<p><img loading=\"lazy\" decoding=\"async\" class=\"size-full wp-image-710 aligncenter\" src=\"https:\/\/pb.edu.pl\/cdias\/wp-content\/uploads\/sites\/55\/2021\/11\/Stopien.jpg\" alt=\"\" width=\"753\" height=\"490\" srcset=\"https:\/\/pb.edu.pl\/cdias\/wp-content\/uploads\/sites\/55\/2021\/11\/Stopien.jpg 753w, https:\/\/pb.edu.pl\/cdias\/wp-content\/uploads\/sites\/55\/2021\/11\/Stopien-300x195.jpg 300w\" sizes=\"auto, (max-width: 753px) 100vw, 753px\" \/><\/p>\n<p><img loading=\"lazy\" decoding=\"async\" class=\"size-full wp-image-709 aligncenter\" src=\"https:\/\/pb.edu.pl\/cdias\/wp-content\/uploads\/sites\/55\/2021\/11\/Plec.jpg\" alt=\"\" width=\"713\" height=\"517\" srcset=\"https:\/\/pb.edu.pl\/cdias\/wp-content\/uploads\/sites\/55\/2021\/11\/Plec.jpg 713w, https:\/\/pb.edu.pl\/cdias\/wp-content\/uploads\/sites\/55\/2021\/11\/Plec-300x218.jpg 300w\" sizes=\"auto, (max-width: 713px) 100vw, 713px\" \/><\/p>\n<p>&nbsp;<\/p>\n<p>&nbsp;<\/p>\n<p><strong><span style=\"font-size: 12pt\">Podzia\u0142 student\u00f3w na kierunki na poszczeg\u00f3lnych Wydzia\u0142ach<\/span><\/strong><\/p>\n<p>Dane prezentowane w uk\u0142adzie <em>kierunek; liczba student\u00f3w; udzia\u0142 procentowy<\/em>&nbsp;<\/p>\n<p><img loading=\"lazy\" decoding=\"async\" class=\"size-full wp-image-714 aligncenter\" src=\"https:\/\/pb.edu.pl\/cdias\/wp-content\/uploads\/sites\/55\/2021\/11\/WA.jpg\" alt=\"\" width=\"831\" height=\"484\" srcset=\"https:\/\/pb.edu.pl\/cdias\/wp-content\/uploads\/sites\/55\/2021\/11\/WA.jpg 831w, https:\/\/pb.edu.pl\/cdias\/wp-content\/uploads\/sites\/55\/2021\/11\/WA-300x175.jpg 300w, https:\/\/pb.edu.pl\/cdias\/wp-content\/uploads\/sites\/55\/2021\/11\/WA-768x447.jpg 768w\" sizes=\"auto, (max-width: 831px) 100vw, 831px\" \/><\/p>\n<p>&nbsp;<\/p>\n<p><img loading=\"lazy\" decoding=\"async\" class=\"wp-image-715 aligncenter\" src=\"https:\/\/pb.edu.pl\/cdias\/wp-content\/uploads\/sites\/55\/2021\/11\/WBiNoS.jpg\" alt=\"\" width=\"886\" height=\"594\" srcset=\"https:\/\/pb.edu.pl\/cdias\/wp-content\/uploads\/sites\/55\/2021\/11\/WBiNoS.jpg 925w, https:\/\/pb.edu.pl\/cdias\/wp-content\/uploads\/sites\/55\/2021\/11\/WBiNoS-300x201.jpg 300w, https:\/\/pb.edu.pl\/cdias\/wp-content\/uploads\/sites\/55\/2021\/11\/WBiNoS-768x515.jpg 768w\" sizes=\"auto, (max-width: 886px) 100vw, 886px\" \/><\/p>\n<p>&nbsp;<\/p>\n<p><img loading=\"lazy\" decoding=\"async\" class=\"size-full wp-image-716 aligncenter\" src=\"https:\/\/pb.edu.pl\/cdias\/wp-content\/uploads\/sites\/55\/2021\/11\/WE.jpg\" alt=\"\" width=\"897\" height=\"588\" srcset=\"https:\/\/pb.edu.pl\/cdias\/wp-content\/uploads\/sites\/55\/2021\/11\/WE.jpg 897w, https:\/\/pb.edu.pl\/cdias\/wp-content\/uploads\/sites\/55\/2021\/11\/WE-300x197.jpg 300w, https:\/\/pb.edu.pl\/cdias\/wp-content\/uploads\/sites\/55\/2021\/11\/WE-768x503.jpg 768w\" sizes=\"auto, (max-width: 897px) 100vw, 897px\" \/><\/p>\n<p>Kierunek automatyka i robotyka II rok prowadzi Wydzia\u0142 Elektryczny, pozosta\u0142e roczniki prowadzi Wydzia\u0142 Mechaniczny.<\/p>\n<p>&nbsp;<\/p>\n<p><img loading=\"lazy\" decoding=\"async\" class=\"size-full wp-image-717 aligncenter\" src=\"https:\/\/pb.edu.pl\/cdias\/wp-content\/uploads\/sites\/55\/2021\/11\/WI.jpg\" alt=\"\" width=\"890\" height=\"546\" srcset=\"https:\/\/pb.edu.pl\/cdias\/wp-content\/uploads\/sites\/55\/2021\/11\/WI.jpg 890w, https:\/\/pb.edu.pl\/cdias\/wp-content\/uploads\/sites\/55\/2021\/11\/WI-300x184.jpg 300w, https:\/\/pb.edu.pl\/cdias\/wp-content\/uploads\/sites\/55\/2021\/11\/WI-768x471.jpg 768w\" sizes=\"auto, (max-width: 890px) 100vw, 890px\" \/><\/p>\n<p>&nbsp;<\/p>\n<p><img loading=\"lazy\" decoding=\"async\" class=\"size-full wp-image-718 aligncenter\" src=\"https:\/\/pb.edu.pl\/cdias\/wp-content\/uploads\/sites\/55\/2021\/11\/WIZ.jpg\" alt=\"\" width=\"927\" height=\"587\" srcset=\"https:\/\/pb.edu.pl\/cdias\/wp-content\/uploads\/sites\/55\/2021\/11\/WIZ.jpg 927w, https:\/\/pb.edu.pl\/cdias\/wp-content\/uploads\/sites\/55\/2021\/11\/WIZ-300x190.jpg 300w, https:\/\/pb.edu.pl\/cdias\/wp-content\/uploads\/sites\/55\/2021\/11\/WIZ-768x486.jpg 768w\" sizes=\"auto, (max-width: 927px) 100vw, 927px\" \/><\/p>\n<p>&nbsp;<\/p>\n<p><img loading=\"lazy\" decoding=\"async\" class=\"size-full wp-image-719 aligncenter\" src=\"https:\/\/pb.edu.pl\/cdias\/wp-content\/uploads\/sites\/55\/2021\/11\/WM.jpg\" alt=\"\" width=\"945\" height=\"588\" srcset=\"https:\/\/pb.edu.pl\/cdias\/wp-content\/uploads\/sites\/55\/2021\/11\/WM.jpg 945w, https:\/\/pb.edu.pl\/cdias\/wp-content\/uploads\/sites\/55\/2021\/11\/WM-300x187.jpg 300w, https:\/\/pb.edu.pl\/cdias\/wp-content\/uploads\/sites\/55\/2021\/11\/WM-768x478.jpg 768w\" sizes=\"auto, (max-width: 945px) 100vw, 945px\" \/><\/p>\n<p>&nbsp;<\/p>\n<p>Kierunek automatyka i robotyka II rok prowadzi Wydzia\u0142 Elektryczny, pozosta\u0142e roczniki prowadzi Wydzia\u0142 Mechaniczny.<\/p>\n<p><img loading=\"lazy\" decoding=\"async\" class=\" wp-image-712 aligncenter\" src=\"https:\/\/pb.edu.pl\/cdias\/wp-content\/uploads\/sites\/55\/2021\/11\/Studenci.jpg\" alt=\"\" width=\"805\" height=\"465\" srcset=\"https:\/\/pb.edu.pl\/cdias\/wp-content\/uploads\/sites\/55\/2021\/11\/Studenci.jpg 905w, https:\/\/pb.edu.pl\/cdias\/wp-content\/uploads\/sites\/55\/2021\/11\/Studenci-300x173.jpg 300w, https:\/\/pb.edu.pl\/cdias\/wp-content\/uploads\/sites\/55\/2021\/11\/Studenci-768x444.jpg 768w\" sizes=\"auto, (max-width: 805px) 100vw, 805px\" \/><\/p>\n<p>&nbsp;<\/p>\n<p><img loading=\"lazy\" decoding=\"async\" class=\" wp-image-707 aligncenter\" src=\"https:\/\/pb.edu.pl\/cdias\/wp-content\/uploads\/sites\/55\/2021\/11\/Absolwenci.jpg\" alt=\"\" width=\"801\" height=\"447\" srcset=\"https:\/\/pb.edu.pl\/cdias\/wp-content\/uploads\/sites\/55\/2021\/11\/Absolwenci.jpg 905w, https:\/\/pb.edu.pl\/cdias\/wp-content\/uploads\/sites\/55\/2021\/11\/Absolwenci-300x167.jpg 300w, https:\/\/pb.edu.pl\/cdias\/wp-content\/uploads\/sites\/55\/2021\/11\/Absolwenci-768x429.jpg 768w\" sizes=\"auto, (max-width: 801px) 100vw, 801px\" \/><\/p>\n<p>&nbsp;<\/p>\n<p>Osoba odpowiedzialna za umieszczenie informacji: Wojciech Puchalski<\/p>\n","protected":false},"excerpt":{"rendered":"<p>&nbsp; Dane na dzie\u0144 16.11.2021 r. Pracownicy Uczelni Liczba pracownik\u00f3w Politechniki Bia\u0142ostockiej wed\u0142ug stanu na<\/p>\n","protected":false},"author":76,"featured_media":0,"parent":37,"menu_order":5,"comment_status":"closed","ping_status":"closed","template":"","meta":{"_acf_changed":false,"ngg_post_thumbnail":0,"footnotes":""},"class_list":["post-902","page","type-page","status-publish","hentry"],"acf":[],"yoast_head":"<!-- This site is optimized with the Yoast SEO plugin v27.0 - https:\/\/yoast.com\/product\/yoast-seo-wordpress\/ -->\n<title>Uczelnia w liczbach (2021-11-16) - Centrum Danych i Analiz Strategicznych<\/title>\n<meta name=\"description\" content=\"&nbsp; Dane na dzie\u0144 16.11.2021 r. Pracownicy Uczelni Liczba pracownik\u00f3w Politechniki Bia\u0142ostockiej wed\u0142ug stanu na dzie\u0144 18.11.2021 r.&nbsp; - 1 401.\" \/>\n<meta name=\"robots\" content=\"index, follow, max-snippet:-1, max-image-preview:large, max-video-preview:-1\" \/>\n<link rel=\"canonical\" href=\"https:\/\/pb.edu.pl\/cdias\/uczelnia-w-liczbach\/uczelnia-w-liczbach-2021-11-16\/\" \/>\n<meta property=\"og:locale\" content=\"pl_PL\" \/>\n<meta property=\"og:type\" content=\"article\" \/>\n<meta property=\"og:title\" content=\"Uczelnia w liczbach (2021-11-16) - Centrum Danych i Analiz Strategicznych\" \/>\n<meta property=\"og:description\" content=\"&nbsp; Dane na dzie\u0144 16.11.2021 r. Pracownicy Uczelni Liczba pracownik\u00f3w Politechniki Bia\u0142ostockiej wed\u0142ug stanu na dzie\u0144 18.11.2021 r.&nbsp; - 1 401.\" \/>\n<meta property=\"og:url\" content=\"https:\/\/pb.edu.pl\/cdias\/uczelnia-w-liczbach\/uczelnia-w-liczbach-2021-11-16\/\" \/>\n<meta property=\"og:site_name\" content=\"Centrum Danych i Analiz Strategicznych\" \/>\n<meta property=\"article:modified_time\" content=\"2022-09-30T10:14:45+00:00\" \/>\n<meta property=\"og:image\" content=\"https:\/\/pb.edu.pl\/cdias\/wp-content\/uploads\/sites\/55\/2021\/11\/Uczelnia-w-liczbach.jpg\" \/>\n\t<meta property=\"og:image:width\" content=\"1192\" \/>\n\t<meta property=\"og:image:height\" content=\"595\" \/>\n\t<meta property=\"og:image:type\" content=\"image\/jpeg\" \/>\n<meta name=\"twitter:card\" content=\"summary_large_image\" \/>\n<meta name=\"twitter:label1\" content=\"Szacowany czas czytania\" \/>\n\t<meta name=\"twitter:data1\" content=\"1 minuta\" \/>\n<script type=\"application\/ld+json\" class=\"yoast-schema-graph\">{\"@context\":\"https:\/\/schema.org\",\"@graph\":[{\"@type\":\"WebPage\",\"@id\":\"https:\/\/pb.edu.pl\/cdias\/uczelnia-w-liczbach\/uczelnia-w-liczbach-2021-11-16\/\",\"url\":\"https:\/\/pb.edu.pl\/cdias\/uczelnia-w-liczbach\/uczelnia-w-liczbach-2021-11-16\/\",\"name\":\"Uczelnia w liczbach (2021-11-16) - Centrum Danych i Analiz Strategicznych\",\"isPartOf\":{\"@id\":\"https:\/\/pb.edu.pl\/cdias\/#website\"},\"primaryImageOfPage\":{\"@id\":\"https:\/\/pb.edu.pl\/cdias\/uczelnia-w-liczbach\/uczelnia-w-liczbach-2021-11-16\/#primaryimage\"},\"image\":{\"@id\":\"https:\/\/pb.edu.pl\/cdias\/uczelnia-w-liczbach\/uczelnia-w-liczbach-2021-11-16\/#primaryimage\"},\"thumbnailUrl\":\"https:\/\/pb.edu.pl\/cdias\/wp-content\/uploads\/sites\/55\/2021\/11\/Uczelnia-w-liczbach.jpg\",\"datePublished\":\"2021-11-16T11:13:06+00:00\",\"dateModified\":\"2022-09-30T10:14:45+00:00\",\"description\":\"&nbsp; Dane na dzie\u0144 16.11.2021 r. Pracownicy Uczelni Liczba pracownik\u00f3w Politechniki Bia\u0142ostockiej wed\u0142ug stanu na dzie\u0144 18.11.2021 r.&nbsp; - 1 401.\",\"breadcrumb\":{\"@id\":\"https:\/\/pb.edu.pl\/cdias\/uczelnia-w-liczbach\/uczelnia-w-liczbach-2021-11-16\/#breadcrumb\"},\"inLanguage\":\"pl-PL\",\"potentialAction\":[{\"@type\":\"ReadAction\",\"target\":[\"https:\/\/pb.edu.pl\/cdias\/uczelnia-w-liczbach\/uczelnia-w-liczbach-2021-11-16\/\"]}]},{\"@type\":\"ImageObject\",\"inLanguage\":\"pl-PL\",\"@id\":\"https:\/\/pb.edu.pl\/cdias\/uczelnia-w-liczbach\/uczelnia-w-liczbach-2021-11-16\/#primaryimage\",\"url\":\"https:\/\/pb.edu.pl\/cdias\/wp-content\/uploads\/sites\/55\/2021\/11\/Uczelnia-w-liczbach.jpg\",\"contentUrl\":\"https:\/\/pb.edu.pl\/cdias\/wp-content\/uploads\/sites\/55\/2021\/11\/Uczelnia-w-liczbach.jpg\",\"width\":1192,\"height\":595},{\"@type\":\"BreadcrumbList\",\"@id\":\"https:\/\/pb.edu.pl\/cdias\/uczelnia-w-liczbach\/uczelnia-w-liczbach-2021-11-16\/#breadcrumb\",\"itemListElement\":[{\"@type\":\"ListItem\",\"position\":1,\"name\":\"Strona g\u0142\u00f3wna\",\"item\":\"https:\/\/pb.edu.pl\/cdias\/\"},{\"@type\":\"ListItem\",\"position\":2,\"name\":\"Uczelnia w liczbach\",\"item\":\"https:\/\/pb.edu.pl\/cdias\/uczelnia-w-liczbach\/\"},{\"@type\":\"ListItem\",\"position\":3,\"name\":\"Uczelnia w liczbach (2021-11-16)\"}]},{\"@type\":\"WebSite\",\"@id\":\"https:\/\/pb.edu.pl\/cdias\/#website\",\"url\":\"https:\/\/pb.edu.pl\/cdias\/\",\"name\":\"Centrum Danych i Analiz Strategicznych\",\"description\":\"\",\"potentialAction\":[{\"@type\":\"SearchAction\",\"target\":{\"@type\":\"EntryPoint\",\"urlTemplate\":\"https:\/\/pb.edu.pl\/cdias\/?s={search_term_string}\"},\"query-input\":{\"@type\":\"PropertyValueSpecification\",\"valueRequired\":true,\"valueName\":\"search_term_string\"}}],\"inLanguage\":\"pl-PL\"}]}<\/script>\n<!-- \/ Yoast SEO plugin. -->","yoast_head_json":{"title":"Uczelnia w liczbach (2021-11-16) - Centrum Danych i Analiz Strategicznych","description":"&nbsp; Dane na dzie\u0144 16.11.2021 r. Pracownicy Uczelni Liczba pracownik\u00f3w Politechniki Bia\u0142ostockiej wed\u0142ug stanu na dzie\u0144 18.11.2021 r.&nbsp; - 1 401.","robots":{"index":"index","follow":"follow","max-snippet":"max-snippet:-1","max-image-preview":"max-image-preview:large","max-video-preview":"max-video-preview:-1"},"canonical":"https:\/\/pb.edu.pl\/cdias\/uczelnia-w-liczbach\/uczelnia-w-liczbach-2021-11-16\/","og_locale":"pl_PL","og_type":"article","og_title":"Uczelnia w liczbach (2021-11-16) - Centrum Danych i Analiz Strategicznych","og_description":"&nbsp; Dane na dzie\u0144 16.11.2021 r. Pracownicy Uczelni Liczba pracownik\u00f3w Politechniki Bia\u0142ostockiej wed\u0142ug stanu na dzie\u0144 18.11.2021 r.&nbsp; - 1 401.","og_url":"https:\/\/pb.edu.pl\/cdias\/uczelnia-w-liczbach\/uczelnia-w-liczbach-2021-11-16\/","og_site_name":"Centrum Danych i Analiz Strategicznych","article_modified_time":"2022-09-30T10:14:45+00:00","og_image":[{"width":1192,"height":595,"url":"https:\/\/pb.edu.pl\/cdias\/wp-content\/uploads\/sites\/55\/2021\/11\/Uczelnia-w-liczbach.jpg","type":"image\/jpeg"}],"twitter_card":"summary_large_image","twitter_misc":{"Szacowany czas czytania":"1 minuta"},"schema":{"@context":"https:\/\/schema.org","@graph":[{"@type":"WebPage","@id":"https:\/\/pb.edu.pl\/cdias\/uczelnia-w-liczbach\/uczelnia-w-liczbach-2021-11-16\/","url":"https:\/\/pb.edu.pl\/cdias\/uczelnia-w-liczbach\/uczelnia-w-liczbach-2021-11-16\/","name":"Uczelnia w liczbach (2021-11-16) - Centrum Danych i Analiz Strategicznych","isPartOf":{"@id":"https:\/\/pb.edu.pl\/cdias\/#website"},"primaryImageOfPage":{"@id":"https:\/\/pb.edu.pl\/cdias\/uczelnia-w-liczbach\/uczelnia-w-liczbach-2021-11-16\/#primaryimage"},"image":{"@id":"https:\/\/pb.edu.pl\/cdias\/uczelnia-w-liczbach\/uczelnia-w-liczbach-2021-11-16\/#primaryimage"},"thumbnailUrl":"https:\/\/pb.edu.pl\/cdias\/wp-content\/uploads\/sites\/55\/2021\/11\/Uczelnia-w-liczbach.jpg","datePublished":"2021-11-16T11:13:06+00:00","dateModified":"2022-09-30T10:14:45+00:00","description":"&nbsp; Dane na dzie\u0144 16.11.2021 r. Pracownicy Uczelni Liczba pracownik\u00f3w Politechniki Bia\u0142ostockiej wed\u0142ug stanu na dzie\u0144 18.11.2021 r.&nbsp; - 1 401.","breadcrumb":{"@id":"https:\/\/pb.edu.pl\/cdias\/uczelnia-w-liczbach\/uczelnia-w-liczbach-2021-11-16\/#breadcrumb"},"inLanguage":"pl-PL","potentialAction":[{"@type":"ReadAction","target":["https:\/\/pb.edu.pl\/cdias\/uczelnia-w-liczbach\/uczelnia-w-liczbach-2021-11-16\/"]}]},{"@type":"ImageObject","inLanguage":"pl-PL","@id":"https:\/\/pb.edu.pl\/cdias\/uczelnia-w-liczbach\/uczelnia-w-liczbach-2021-11-16\/#primaryimage","url":"https:\/\/pb.edu.pl\/cdias\/wp-content\/uploads\/sites\/55\/2021\/11\/Uczelnia-w-liczbach.jpg","contentUrl":"https:\/\/pb.edu.pl\/cdias\/wp-content\/uploads\/sites\/55\/2021\/11\/Uczelnia-w-liczbach.jpg","width":1192,"height":595},{"@type":"BreadcrumbList","@id":"https:\/\/pb.edu.pl\/cdias\/uczelnia-w-liczbach\/uczelnia-w-liczbach-2021-11-16\/#breadcrumb","itemListElement":[{"@type":"ListItem","position":1,"name":"Strona g\u0142\u00f3wna","item":"https:\/\/pb.edu.pl\/cdias\/"},{"@type":"ListItem","position":2,"name":"Uczelnia w liczbach","item":"https:\/\/pb.edu.pl\/cdias\/uczelnia-w-liczbach\/"},{"@type":"ListItem","position":3,"name":"Uczelnia w liczbach (2021-11-16)"}]},{"@type":"WebSite","@id":"https:\/\/pb.edu.pl\/cdias\/#website","url":"https:\/\/pb.edu.pl\/cdias\/","name":"Centrum Danych i Analiz Strategicznych","description":"","potentialAction":[{"@type":"SearchAction","target":{"@type":"EntryPoint","urlTemplate":"https:\/\/pb.edu.pl\/cdias\/?s={search_term_string}"},"query-input":{"@type":"PropertyValueSpecification","valueRequired":true,"valueName":"search_term_string"}}],"inLanguage":"pl-PL"}]}},"_links":{"self":[{"href":"https:\/\/pb.edu.pl\/cdias\/wp-json\/wp\/v2\/pages\/902","targetHints":{"allow":["GET"]}}],"collection":[{"href":"https:\/\/pb.edu.pl\/cdias\/wp-json\/wp\/v2\/pages"}],"about":[{"href":"https:\/\/pb.edu.pl\/cdias\/wp-json\/wp\/v2\/types\/page"}],"author":[{"embeddable":true,"href":"https:\/\/pb.edu.pl\/cdias\/wp-json\/wp\/v2\/users\/76"}],"replies":[{"embeddable":true,"href":"https:\/\/pb.edu.pl\/cdias\/wp-json\/wp\/v2\/comments?post=902"}],"version-history":[{"count":0,"href":"https:\/\/pb.edu.pl\/cdias\/wp-json\/wp\/v2\/pages\/902\/revisions"}],"up":[{"embeddable":true,"href":"https:\/\/pb.edu.pl\/cdias\/wp-json\/wp\/v2\/pages\/37"}],"wp:attachment":[{"href":"https:\/\/pb.edu.pl\/cdias\/wp-json\/wp\/v2\/media?parent=902"}],"curies":[{"name":"wp","href":"https:\/\/api.w.org\/{rel}","templated":true}]}}