{"id":895,"date":"2020-11-20T12:06:12","date_gmt":"2020-11-20T11:06:12","guid":{"rendered":"https:\/\/pb.edu.pl\/cdias\/uczelnia-w-liczbach\/uczelnia-w-liczbach-2022-09-30\/"},"modified":"2022-09-30T12:09:39","modified_gmt":"2022-09-30T10:09:39","slug":"uczelnia-w-liczbach-2020-11-20","status":"publish","type":"page","link":"https:\/\/pb.edu.pl\/cdias\/uczelnia-w-liczbach\/uczelnia-w-liczbach-2020-11-20\/","title":{"rendered":"Uczelnia w liczbach (2020-11-20)"},"content":{"rendered":"<ul>\n<li>Liczba wydzia\u0142\u00f3w \u2013 6<\/li>\n<li>Liczba kierunk\u00f3w studi\u00f3w \u2013 28<\/li>\n<li><strong>Liczba student\u00f3w og\u00f3\u0142em 6956<\/strong>:<\/li>\n<\/ul>\n<p>&nbsp; &nbsp; &nbsp; &nbsp; &nbsp; &nbsp; &nbsp; &nbsp; &#8211; w tym student\u00f3w studi\u00f3w stacjonarnych \u2013 5586&nbsp;<\/p>\n<p>&nbsp; &nbsp; &nbsp; &nbsp; &nbsp; &nbsp; &nbsp; &nbsp; &#8211; w tym student\u00f3w student\u00f3w studi\u00f3w niestacjonarnych \u2013 1370<\/p>\n<ul>\n<li>Liczba s\u0142uchaczy studi\u00f3w podyplomowych \u2013 <span style=\"font-size: 1.5rem\">201<\/span><\/li>\n<li>Liczba uczestnik\u00f3w szko\u0142y doktorskiej \u2013 71<\/li>\n<li>Liczba uczestnik\u00f3w studi\u00f3w doktoranckich \u2013 88<\/li>\n<li>Liczba k\u00f3\u0142 naukowych \u2013 58<\/li>\n<li>Liczba organizacji studenckich \u2013 6<\/li>\n<li>Liczba uprawnie\u0144 do nadawania stopnia doktora \u2013 8<\/li>\n<li>Liczba uprawnie\u0144 do nadawania stopnia doktora habilitowanego \u2013 5<\/li>\n<\/ul>\n<p>Dane na dzie\u0144 20.11.2020 r.<\/p>\n<p>&nbsp;<\/p>\n<h2>Pracownicy Uczelni<\/h2>\n<p>Liczba pracownik\u00f3w Politechniki Bia\u0142ostockiej wed\u0142ug stanu na dzie\u0144 16.10.2020 r.&nbsp; &#8211; 1 405.<\/p>\n<p>Struktura zatrudnienia w\u015br\u00f3d nauczycieli akademickich:<\/p>\n<ul>\n<li>profesor \u2013 48,<\/li>\n<li>profesor Uczelni \u2013 126,<\/li>\n<li>adiunkt \u2013 356,<\/li>\n<li>asystent \u2013 57,<\/li>\n<li>wyk\u0142adowca &#8211; 43,<\/li>\n<li>instruktor \u2013 1.<\/li>\n<\/ul>\n<p><img loading=\"lazy\" decoding=\"async\" class=\"size-full wp-image-143 aligncenter\" src=\"https:\/\/pb.edu.pl\/cdias\/wp-content\/uploads\/sites\/55\/2020\/11\/nauczyciele-ak.jpg\" alt=\"Struktura zatrudnienia nauczyciele akademiccy\" width=\"600\" height=\"492\" srcset=\"https:\/\/pb.edu.pl\/cdias\/wp-content\/uploads\/sites\/55\/2020\/11\/nauczyciele-ak.jpg 600w, https:\/\/pb.edu.pl\/cdias\/wp-content\/uploads\/sites\/55\/2020\/11\/nauczyciele-ak-300x246.jpg 300w\" sizes=\"auto, (max-width: 600px) 100vw, 600px\" \/><\/p>\n<p>&nbsp;<\/p>\n<p>Struktura zatrudnienia w\u015br\u00f3d pozosta\u0142ych pracownik\u00f3w:<\/p>\n<ul>\n<li>administracja \u2013 342,<\/li>\n<li>in\u017cynieryjno-techniczni i naukowo-techniczni \u2013 113,<\/li>\n<li>biblioteka i archiwum \u2013 46,<\/li>\n<li>obs\u0142uga \u2013 232,<\/li>\n<li>Akademickie Liceum Og\u00f3lnokszta\u0142c\u0105ce \u2013 41.<\/li>\n<\/ul>\n<p><img loading=\"lazy\" decoding=\"async\" class=\" wp-image-736 aligncenter\" src=\"https:\/\/pb.edu.pl\/cdias\/wp-content\/uploads\/sites\/55\/2021\/11\/pracownicy-admin.jpg\" alt=\"\" width=\"768\" height=\"498\" srcset=\"https:\/\/pb.edu.pl\/cdias\/wp-content\/uploads\/sites\/55\/2021\/11\/pracownicy-admin.jpg 827w, https:\/\/pb.edu.pl\/cdias\/wp-content\/uploads\/sites\/55\/2021\/11\/pracownicy-admin-300x194.jpg 300w, https:\/\/pb.edu.pl\/cdias\/wp-content\/uploads\/sites\/55\/2021\/11\/pracownicy-admin-768x498.jpg 768w\" sizes=\"auto, (max-width: 768px) 100vw, 768px\" \/><\/p>\n<h2>Studenci<\/h2>\n<p>&nbsp;<\/p>\n<p><strong>Liczba student\u00f3w og\u00f3\u0142em 6956<\/strong>:<\/p>\n<ul>\n<li>w tym student\u00f3w studi\u00f3w stacjonarnych \u2013 5586&nbsp;<\/li>\n<li>w tym student\u00f3w student\u00f3w studi\u00f3w niestacjonarnych \u2013 1370<\/li>\n<\/ul>\n<p>Liczba student\u00f3w na Wydzia\u0142ach:<\/p>\n<ul>\n<li>Wydzia\u0142 Architektury &#8211; 607<\/li>\n<li>Wydzia\u0142 Budownictwa i Nauk o \u015arodowisku &#8211; 1975<\/li>\n<li>Wydzia\u0142 Elektryczny &#8211; 833<\/li>\n<li>Wydzia\u0142 Informatyki &#8211; 1150<\/li>\n<li>Wydzia\u0142 In\u017cynierii Zarz\u0105dzania &#8211; 1386<\/li>\n<li>Wydzia\u0142 Mechaniczny &#8211; 1006<\/li>\n<\/ul>\n<p><img loading=\"lazy\" decoding=\"async\" class=\"size-full wp-image-166 aligncenter\" src=\"https:\/\/pb.edu.pl\/cdias\/wp-content\/uploads\/sites\/55\/2020\/11\/wydzia\u0142y.jpg\" alt=\"Podzia\u0142 student\u00f3w na Wydzia\u0142y\" width=\"800\" height=\"451\"><\/p>\n<p>Dane na dzie\u0144 20.11.2020 r.<\/p>\n<p>&nbsp;<\/p>\n<p><img loading=\"lazy\" decoding=\"async\" class=\"size-full wp-image-163 aligncenter\" src=\"https:\/\/pb.edu.pl\/cdias\/wp-content\/uploads\/sites\/55\/2020\/11\/stopien.jpg\" alt=\"Podzia\u0142 student\u00f3w ze wzgl\u0119du na stopnie\u0144 studi\u00f3w\" width=\"680\" height=\"450\" srcset=\"https:\/\/pb.edu.pl\/cdias\/wp-content\/uploads\/sites\/55\/2020\/11\/stopien.jpg 680w, https:\/\/pb.edu.pl\/cdias\/wp-content\/uploads\/sites\/55\/2020\/11\/stopien-300x199.jpg 300w\" sizes=\"auto, (max-width: 680px) 100vw, 680px\" \/><\/p>\n<p>Dane na dzie\u0144 20.11.2020 r.<\/p>\n<p>&nbsp;<\/p>\n<p><img loading=\"lazy\" decoding=\"async\" class=\"size-full wp-image-162 aligncenter\" src=\"https:\/\/pb.edu.pl\/cdias\/wp-content\/uploads\/sites\/55\/2020\/11\/plec.jpg\" alt=\"Podzia\u0142 student\u00f3w ze wzgl\u0119du na p\u0142e\u0107\" width=\"650\" height=\"470\" srcset=\"https:\/\/pb.edu.pl\/cdias\/wp-content\/uploads\/sites\/55\/2020\/11\/plec.jpg 650w, https:\/\/pb.edu.pl\/cdias\/wp-content\/uploads\/sites\/55\/2020\/11\/plec-300x217.jpg 300w\" sizes=\"auto, (max-width: 650px) 100vw, 650px\" \/><\/p>\n<p>Dane na dzie\u0144 20.11.2020 r.<\/p>\n<p><strong><span style=\"font-size: 12pt\">Podzia\u0142 student\u00f3w na kierunki na poszczeg\u00f3lnych Wydzia\u0142ach<\/span>&nbsp;<\/strong><\/p>\n<p>Dane reprezentowane w uk\u0142adzie <em>kierunek; liczba student\u00f3w; udzia\u0142 procentowy<\/em>&nbsp;<\/p>\n<p>&nbsp;<\/p>\n<p><img loading=\"lazy\" decoding=\"async\" class=\"size-full wp-image-155 aligncenter\" src=\"https:\/\/pb.edu.pl\/cdias\/wp-content\/uploads\/sites\/55\/2020\/11\/WA-1.jpg\" alt=\"Podzia\u0142 student\u00f3w na kierunki Wydzia\u0142 Architektury\" width=\"800\" height=\"395\" srcset=\"https:\/\/pb.edu.pl\/cdias\/wp-content\/uploads\/sites\/55\/2020\/11\/WA-1.jpg 800w, https:\/\/pb.edu.pl\/cdias\/wp-content\/uploads\/sites\/55\/2020\/11\/WA-1-300x148.jpg 300w, https:\/\/pb.edu.pl\/cdias\/wp-content\/uploads\/sites\/55\/2020\/11\/WA-1-768x379.jpg 768w\" sizes=\"auto, (max-width: 800px) 100vw, 800px\" \/>Dane na dzie\u0144 20.11.2020 r.<\/p>\n<p>&nbsp;<\/p>\n<p>&nbsp;<\/p>\n<p><img loading=\"lazy\" decoding=\"async\" class=\"size-full wp-image-156 aligncenter\" src=\"https:\/\/pb.edu.pl\/cdias\/wp-content\/uploads\/sites\/55\/2020\/11\/WB-1.jpg\" alt=\"Podzia\u0142 student\u00f3w na kierunki Wydzia\u0142 Budownictwa i Nauk o \u015arodowisku\" width=\"800\" height=\"558\" srcset=\"https:\/\/pb.edu.pl\/cdias\/wp-content\/uploads\/sites\/55\/2020\/11\/WB-1.jpg 800w, https:\/\/pb.edu.pl\/cdias\/wp-content\/uploads\/sites\/55\/2020\/11\/WB-1-300x209.jpg 300w, https:\/\/pb.edu.pl\/cdias\/wp-content\/uploads\/sites\/55\/2020\/11\/WB-1-768x536.jpg 768w\" sizes=\"auto, (max-width: 800px) 100vw, 800px\" \/><\/p>\n<p>Dane na dzie\u0144 20.11.2020 r.<\/p>\n<p>&nbsp;<\/p>\n<p>&nbsp;<\/p>\n<p><img loading=\"lazy\" decoding=\"async\" class=\"size-full wp-image-158 aligncenter\" src=\"https:\/\/pb.edu.pl\/cdias\/wp-content\/uploads\/sites\/55\/2020\/11\/WI-1.jpg\" alt=\"Podzia\u0142 student\u00f3w na kierunki Wydzia\u0142 Informatyki\" width=\"800\" height=\"447\" srcset=\"https:\/\/pb.edu.pl\/cdias\/wp-content\/uploads\/sites\/55\/2020\/11\/WI-1.jpg 800w, https:\/\/pb.edu.pl\/cdias\/wp-content\/uploads\/sites\/55\/2020\/11\/WI-1-300x168.jpg 300w, https:\/\/pb.edu.pl\/cdias\/wp-content\/uploads\/sites\/55\/2020\/11\/WI-1-768x429.jpg 768w\" sizes=\"auto, (max-width: 800px) 100vw, 800px\" \/><\/p>\n<p>Dane na dzie\u0144 20.11.2020 r.<\/p>\n<p>&nbsp;<\/p>\n<p><img loading=\"lazy\" decoding=\"async\" class=\"aligncenter wp-image-157 size-full\" src=\"https:\/\/pb.edu.pl\/cdias\/wp-content\/uploads\/sites\/55\/2020\/11\/WE-1.jpg\" alt=\"Podzia\u0142 student\u00f3w na kierunki Wydzia\u0142 Elektryczny\" width=\"800\" height=\"441\" srcset=\"https:\/\/pb.edu.pl\/cdias\/wp-content\/uploads\/sites\/55\/2020\/11\/WE-1.jpg 800w, https:\/\/pb.edu.pl\/cdias\/wp-content\/uploads\/sites\/55\/2020\/11\/WE-1-300x165.jpg 300w, https:\/\/pb.edu.pl\/cdias\/wp-content\/uploads\/sites\/55\/2020\/11\/WE-1-768x423.jpg 768w\" sizes=\"auto, (max-width: 800px) 100vw, 800px\" \/>Kierunek automatyka i robotyka I rok prowadzi Wydzia\u0142 Elektryczny, pozosta\u0142e roczniki prowadzi Wydzia\u0142 Mechaniczny.<\/p>\n<p>Dane na dzie\u0144 20.11.2020 r.<\/p>\n<p>&nbsp;<\/p>\n<p>&nbsp;<\/p>\n<p><img loading=\"lazy\" decoding=\"async\" class=\"wp-image-160 size-full aligncenter\" src=\"https:\/\/pb.edu.pl\/cdias\/wp-content\/uploads\/sites\/55\/2020\/11\/WZ.jpg\" alt=\"Podzia\u0142 student\u00f3w na kierunki Wydzia\u0142 In\u017cynierii Zarz\u0105dzania\" width=\"870\" height=\"550\" srcset=\"https:\/\/pb.edu.pl\/cdias\/wp-content\/uploads\/sites\/55\/2020\/11\/WZ.jpg 870w, https:\/\/pb.edu.pl\/cdias\/wp-content\/uploads\/sites\/55\/2020\/11\/WZ-300x190.jpg 300w, https:\/\/pb.edu.pl\/cdias\/wp-content\/uploads\/sites\/55\/2020\/11\/WZ-768x486.jpg 768w\" sizes=\"auto, (max-width: 870px) 100vw, 870px\" \/><\/p>\n<p>Dane na dzie\u0144 20.11.2020 r.<\/p>\n<p>&nbsp;<\/p>\n<p>&nbsp;<\/p>\n<p><img loading=\"lazy\" decoding=\"async\" class=\"size-full wp-image-159 aligncenter\" src=\"https:\/\/pb.edu.pl\/cdias\/wp-content\/uploads\/sites\/55\/2020\/11\/WM-1.jpg\" alt=\"Wydzia\u0142 Mechaniczny\" width=\"900\" height=\"490\" srcset=\"https:\/\/pb.edu.pl\/cdias\/wp-content\/uploads\/sites\/55\/2020\/11\/WM-1.jpg 900w, https:\/\/pb.edu.pl\/cdias\/wp-content\/uploads\/sites\/55\/2020\/11\/WM-1-300x163.jpg 300w, https:\/\/pb.edu.pl\/cdias\/wp-content\/uploads\/sites\/55\/2020\/11\/WM-1-768x418.jpg 768w\" sizes=\"auto, (max-width: 900px) 100vw, 900px\" \/><\/p>\n<p>Kierunek automatyka i robotyka I rok prowadzi Wydzia\u0142 Elektryczny, pozosta\u0142e roczniki prowadzi Wydzia\u0142 Mechaniczny.<\/p>\n<p>Dane na dzie\u0144 20.11.2020 r.<\/p>\n<p>&nbsp;<\/p>\n<p>Osoba odpowiedzialna za umieszczenie informacji: Wojciech Puchalski<\/p>\n","protected":false},"excerpt":{"rendered":"<p>Liczba wydzia\u0142\u00f3w \u2013 6 Liczba kierunk\u00f3w studi\u00f3w \u2013 28 Liczba student\u00f3w og\u00f3\u0142em 6956: &nbsp; &nbsp;<\/p>\n","protected":false},"author":76,"featured_media":0,"parent":37,"menu_order":5,"comment_status":"closed","ping_status":"closed","template":"","meta":{"_acf_changed":false,"ngg_post_thumbnail":0,"footnotes":""},"class_list":["post-895","page","type-page","status-publish","hentry"],"acf":[],"yoast_head":"<!-- This site is optimized with the Yoast SEO plugin v27.0 - https:\/\/yoast.com\/product\/yoast-seo-wordpress\/ -->\n<title>Uczelnia w liczbach (2020-11-20) - Centrum Danych i Analiz Strategicznych<\/title>\n<meta name=\"description\" content=\"Liczba wydzia\u0142\u00f3w \u2013 6 Liczba kierunk\u00f3w studi\u00f3w \u2013 28 Liczba student\u00f3w og\u00f3\u0142em 6956: &nbsp; &nbsp; &nbsp; &nbsp; &nbsp; &nbsp; &nbsp; &nbsp; - w tym student\u00f3w\" \/>\n<meta name=\"robots\" content=\"index, follow, max-snippet:-1, max-image-preview:large, max-video-preview:-1\" \/>\n<link rel=\"canonical\" href=\"https:\/\/pb.edu.pl\/cdias\/uczelnia-w-liczbach\/uczelnia-w-liczbach-2020-11-20\/\" \/>\n<meta property=\"og:locale\" content=\"pl_PL\" \/>\n<meta property=\"og:type\" content=\"article\" \/>\n<meta property=\"og:title\" content=\"Uczelnia w liczbach (2020-11-20) - Centrum Danych i Analiz Strategicznych\" \/>\n<meta property=\"og:description\" content=\"Liczba wydzia\u0142\u00f3w \u2013 6 Liczba kierunk\u00f3w studi\u00f3w \u2013 28 Liczba student\u00f3w og\u00f3\u0142em 6956: &nbsp; &nbsp; &nbsp; &nbsp; &nbsp; &nbsp; &nbsp; &nbsp; - w tym student\u00f3w\" \/>\n<meta property=\"og:url\" content=\"https:\/\/pb.edu.pl\/cdias\/uczelnia-w-liczbach\/uczelnia-w-liczbach-2020-11-20\/\" \/>\n<meta property=\"og:site_name\" content=\"Centrum Danych i Analiz Strategicznych\" \/>\n<meta property=\"article:modified_time\" content=\"2022-09-30T10:09:39+00:00\" \/>\n<meta property=\"og:image\" content=\"https:\/\/pb.edu.pl\/cdias\/wp-content\/uploads\/sites\/55\/2020\/11\/nauczyciele-ak.jpg\" \/>\n\t<meta property=\"og:image:width\" content=\"600\" \/>\n\t<meta property=\"og:image:height\" content=\"492\" \/>\n\t<meta property=\"og:image:type\" content=\"image\/jpeg\" \/>\n<meta name=\"twitter:card\" content=\"summary_large_image\" \/>\n<meta name=\"twitter:label1\" content=\"Szacowany czas czytania\" \/>\n\t<meta name=\"twitter:data1\" content=\"2 minuty\" \/>\n<script type=\"application\/ld+json\" class=\"yoast-schema-graph\">{\"@context\":\"https:\/\/schema.org\",\"@graph\":[{\"@type\":\"WebPage\",\"@id\":\"https:\/\/pb.edu.pl\/cdias\/uczelnia-w-liczbach\/uczelnia-w-liczbach-2020-11-20\/\",\"url\":\"https:\/\/pb.edu.pl\/cdias\/uczelnia-w-liczbach\/uczelnia-w-liczbach-2020-11-20\/\",\"name\":\"Uczelnia w liczbach (2020-11-20) - Centrum Danych i Analiz Strategicznych\",\"isPartOf\":{\"@id\":\"https:\/\/pb.edu.pl\/cdias\/#website\"},\"primaryImageOfPage\":{\"@id\":\"https:\/\/pb.edu.pl\/cdias\/uczelnia-w-liczbach\/uczelnia-w-liczbach-2020-11-20\/#primaryimage\"},\"image\":{\"@id\":\"https:\/\/pb.edu.pl\/cdias\/uczelnia-w-liczbach\/uczelnia-w-liczbach-2020-11-20\/#primaryimage\"},\"thumbnailUrl\":\"https:\/\/pb.edu.pl\/cdias\/wp-content\/uploads\/sites\/55\/2020\/11\/nauczyciele-ak.jpg\",\"datePublished\":\"2020-11-20T11:06:12+00:00\",\"dateModified\":\"2022-09-30T10:09:39+00:00\",\"description\":\"Liczba wydzia\u0142\u00f3w \u2013 6 Liczba kierunk\u00f3w studi\u00f3w \u2013 28 Liczba student\u00f3w og\u00f3\u0142em 6956: &nbsp; &nbsp; &nbsp; &nbsp; &nbsp; &nbsp; &nbsp; &nbsp; - w tym student\u00f3w\",\"breadcrumb\":{\"@id\":\"https:\/\/pb.edu.pl\/cdias\/uczelnia-w-liczbach\/uczelnia-w-liczbach-2020-11-20\/#breadcrumb\"},\"inLanguage\":\"pl-PL\",\"potentialAction\":[{\"@type\":\"ReadAction\",\"target\":[\"https:\/\/pb.edu.pl\/cdias\/uczelnia-w-liczbach\/uczelnia-w-liczbach-2020-11-20\/\"]}]},{\"@type\":\"ImageObject\",\"inLanguage\":\"pl-PL\",\"@id\":\"https:\/\/pb.edu.pl\/cdias\/uczelnia-w-liczbach\/uczelnia-w-liczbach-2020-11-20\/#primaryimage\",\"url\":\"https:\/\/pb.edu.pl\/cdias\/wp-content\/uploads\/sites\/55\/2020\/11\/nauczyciele-ak.jpg\",\"contentUrl\":\"https:\/\/pb.edu.pl\/cdias\/wp-content\/uploads\/sites\/55\/2020\/11\/nauczyciele-ak.jpg\",\"width\":600,\"height\":492,\"caption\":\"Struktura zatrudnienia nauczyciele akademiccy\"},{\"@type\":\"BreadcrumbList\",\"@id\":\"https:\/\/pb.edu.pl\/cdias\/uczelnia-w-liczbach\/uczelnia-w-liczbach-2020-11-20\/#breadcrumb\",\"itemListElement\":[{\"@type\":\"ListItem\",\"position\":1,\"name\":\"Strona g\u0142\u00f3wna\",\"item\":\"https:\/\/pb.edu.pl\/cdias\/\"},{\"@type\":\"ListItem\",\"position\":2,\"name\":\"Uczelnia w liczbach\",\"item\":\"https:\/\/pb.edu.pl\/cdias\/uczelnia-w-liczbach\/\"},{\"@type\":\"ListItem\",\"position\":3,\"name\":\"Uczelnia w liczbach (2020-11-20)\"}]},{\"@type\":\"WebSite\",\"@id\":\"https:\/\/pb.edu.pl\/cdias\/#website\",\"url\":\"https:\/\/pb.edu.pl\/cdias\/\",\"name\":\"Centrum Danych i Analiz Strategicznych\",\"description\":\"\",\"potentialAction\":[{\"@type\":\"SearchAction\",\"target\":{\"@type\":\"EntryPoint\",\"urlTemplate\":\"https:\/\/pb.edu.pl\/cdias\/?s={search_term_string}\"},\"query-input\":{\"@type\":\"PropertyValueSpecification\",\"valueRequired\":true,\"valueName\":\"search_term_string\"}}],\"inLanguage\":\"pl-PL\"}]}<\/script>\n<!-- \/ Yoast SEO plugin. -->","yoast_head_json":{"title":"Uczelnia w liczbach (2020-11-20) - Centrum Danych i Analiz Strategicznych","description":"Liczba wydzia\u0142\u00f3w \u2013 6 Liczba kierunk\u00f3w studi\u00f3w \u2013 28 Liczba student\u00f3w og\u00f3\u0142em 6956: &nbsp; &nbsp; &nbsp; &nbsp; &nbsp; &nbsp; &nbsp; &nbsp; - w tym student\u00f3w","robots":{"index":"index","follow":"follow","max-snippet":"max-snippet:-1","max-image-preview":"max-image-preview:large","max-video-preview":"max-video-preview:-1"},"canonical":"https:\/\/pb.edu.pl\/cdias\/uczelnia-w-liczbach\/uczelnia-w-liczbach-2020-11-20\/","og_locale":"pl_PL","og_type":"article","og_title":"Uczelnia w liczbach (2020-11-20) - Centrum Danych i Analiz Strategicznych","og_description":"Liczba wydzia\u0142\u00f3w \u2013 6 Liczba kierunk\u00f3w studi\u00f3w \u2013 28 Liczba student\u00f3w og\u00f3\u0142em 6956: &nbsp; &nbsp; &nbsp; &nbsp; &nbsp; &nbsp; &nbsp; &nbsp; - w tym student\u00f3w","og_url":"https:\/\/pb.edu.pl\/cdias\/uczelnia-w-liczbach\/uczelnia-w-liczbach-2020-11-20\/","og_site_name":"Centrum Danych i Analiz Strategicznych","article_modified_time":"2022-09-30T10:09:39+00:00","og_image":[{"width":600,"height":492,"url":"https:\/\/pb.edu.pl\/cdias\/wp-content\/uploads\/sites\/55\/2020\/11\/nauczyciele-ak.jpg","type":"image\/jpeg"}],"twitter_card":"summary_large_image","twitter_misc":{"Szacowany czas czytania":"2 minuty"},"schema":{"@context":"https:\/\/schema.org","@graph":[{"@type":"WebPage","@id":"https:\/\/pb.edu.pl\/cdias\/uczelnia-w-liczbach\/uczelnia-w-liczbach-2020-11-20\/","url":"https:\/\/pb.edu.pl\/cdias\/uczelnia-w-liczbach\/uczelnia-w-liczbach-2020-11-20\/","name":"Uczelnia w liczbach (2020-11-20) - Centrum Danych i Analiz Strategicznych","isPartOf":{"@id":"https:\/\/pb.edu.pl\/cdias\/#website"},"primaryImageOfPage":{"@id":"https:\/\/pb.edu.pl\/cdias\/uczelnia-w-liczbach\/uczelnia-w-liczbach-2020-11-20\/#primaryimage"},"image":{"@id":"https:\/\/pb.edu.pl\/cdias\/uczelnia-w-liczbach\/uczelnia-w-liczbach-2020-11-20\/#primaryimage"},"thumbnailUrl":"https:\/\/pb.edu.pl\/cdias\/wp-content\/uploads\/sites\/55\/2020\/11\/nauczyciele-ak.jpg","datePublished":"2020-11-20T11:06:12+00:00","dateModified":"2022-09-30T10:09:39+00:00","description":"Liczba wydzia\u0142\u00f3w \u2013 6 Liczba kierunk\u00f3w studi\u00f3w \u2013 28 Liczba student\u00f3w og\u00f3\u0142em 6956: &nbsp; &nbsp; &nbsp; &nbsp; &nbsp; &nbsp; &nbsp; &nbsp; - w tym student\u00f3w","breadcrumb":{"@id":"https:\/\/pb.edu.pl\/cdias\/uczelnia-w-liczbach\/uczelnia-w-liczbach-2020-11-20\/#breadcrumb"},"inLanguage":"pl-PL","potentialAction":[{"@type":"ReadAction","target":["https:\/\/pb.edu.pl\/cdias\/uczelnia-w-liczbach\/uczelnia-w-liczbach-2020-11-20\/"]}]},{"@type":"ImageObject","inLanguage":"pl-PL","@id":"https:\/\/pb.edu.pl\/cdias\/uczelnia-w-liczbach\/uczelnia-w-liczbach-2020-11-20\/#primaryimage","url":"https:\/\/pb.edu.pl\/cdias\/wp-content\/uploads\/sites\/55\/2020\/11\/nauczyciele-ak.jpg","contentUrl":"https:\/\/pb.edu.pl\/cdias\/wp-content\/uploads\/sites\/55\/2020\/11\/nauczyciele-ak.jpg","width":600,"height":492,"caption":"Struktura zatrudnienia nauczyciele akademiccy"},{"@type":"BreadcrumbList","@id":"https:\/\/pb.edu.pl\/cdias\/uczelnia-w-liczbach\/uczelnia-w-liczbach-2020-11-20\/#breadcrumb","itemListElement":[{"@type":"ListItem","position":1,"name":"Strona g\u0142\u00f3wna","item":"https:\/\/pb.edu.pl\/cdias\/"},{"@type":"ListItem","position":2,"name":"Uczelnia w liczbach","item":"https:\/\/pb.edu.pl\/cdias\/uczelnia-w-liczbach\/"},{"@type":"ListItem","position":3,"name":"Uczelnia w liczbach (2020-11-20)"}]},{"@type":"WebSite","@id":"https:\/\/pb.edu.pl\/cdias\/#website","url":"https:\/\/pb.edu.pl\/cdias\/","name":"Centrum Danych i Analiz Strategicznych","description":"","potentialAction":[{"@type":"SearchAction","target":{"@type":"EntryPoint","urlTemplate":"https:\/\/pb.edu.pl\/cdias\/?s={search_term_string}"},"query-input":{"@type":"PropertyValueSpecification","valueRequired":true,"valueName":"search_term_string"}}],"inLanguage":"pl-PL"}]}},"_links":{"self":[{"href":"https:\/\/pb.edu.pl\/cdias\/wp-json\/wp\/v2\/pages\/895","targetHints":{"allow":["GET"]}}],"collection":[{"href":"https:\/\/pb.edu.pl\/cdias\/wp-json\/wp\/v2\/pages"}],"about":[{"href":"https:\/\/pb.edu.pl\/cdias\/wp-json\/wp\/v2\/types\/page"}],"author":[{"embeddable":true,"href":"https:\/\/pb.edu.pl\/cdias\/wp-json\/wp\/v2\/users\/76"}],"replies":[{"embeddable":true,"href":"https:\/\/pb.edu.pl\/cdias\/wp-json\/wp\/v2\/comments?post=895"}],"version-history":[{"count":0,"href":"https:\/\/pb.edu.pl\/cdias\/wp-json\/wp\/v2\/pages\/895\/revisions"}],"up":[{"embeddable":true,"href":"https:\/\/pb.edu.pl\/cdias\/wp-json\/wp\/v2\/pages\/37"}],"wp:attachment":[{"href":"https:\/\/pb.edu.pl\/cdias\/wp-json\/wp\/v2\/media?parent=895"}],"curies":[{"name":"wp","href":"https:\/\/api.w.org\/{rel}","templated":true}]}}