{"id":848,"date":"2022-09-19T12:48:48","date_gmt":"2022-09-19T10:48:48","guid":{"rendered":"https:\/\/pb.edu.pl\/cdias\/?page_id=848"},"modified":"2025-04-09T10:05:43","modified_gmt":"2025-04-09T08:05:43","slug":"informacja-publiczna","status":"publish","type":"page","link":"https:\/\/pb.edu.pl\/cdias\/informacja-publiczna\/","title":{"rendered":"Informacja publiczna"},"content":{"rendered":"<table style=\"border-collapse: collapse;width: 100%\">\n<tbody>\n<tr>\n<td style=\"width: 70.42%\"><img loading=\"lazy\" decoding=\"async\" class=\"alignright wp-image-2360 size-full\" src=\"https:\/\/pb.edu.pl\/cdias\/wp-content\/uploads\/sites\/55\/2025\/01\/i_p1-e1744185917375.png\" alt=\"\" width=\"577\" height=\"219\" srcset=\"https:\/\/pb.edu.pl\/cdias\/wp-content\/uploads\/sites\/55\/2025\/01\/i_p1-e1744185917375.png 577w, https:\/\/pb.edu.pl\/cdias\/wp-content\/uploads\/sites\/55\/2025\/01\/i_p1-e1744185917375-300x114.png 300w\" sizes=\"auto, (max-width: 577px) 100vw, 577px\" \/><\/td>\n<td style=\"width: 29.58%\"><strong><img loading=\"lazy\" decoding=\"async\" class=\"alignleft wp-image-2130 \" src=\"https:\/\/pb.edu.pl\/cdias\/wp-content\/uploads\/sites\/55\/2025\/01\/inf_pub-e1744185900844.png\" alt=\"\" width=\"148\" height=\"155\"><\/p>\n<p><\/strong><\/td>\n<\/tr>\n<\/tbody>\n<\/table>\n<p><strong>Udzielenie informacji publicznej na wniosek<\/strong><\/p>\n<p>Zasady dost\u0119pu do&nbsp;informacji publicznej reguluj\u0105 przepisy <a href=\"https:\/\/isap.sejm.gov.pl\/isap.nsf\/download.xsp\/WDU20220000902\/O\/D20220902.pdf\">ustawy z&nbsp;dnia 6&nbsp;wrze\u015bnia 2001&nbsp;r. o&nbsp;dost\u0119pie do&nbsp;informacji publicznej (j. t. Dz.&nbsp;U. z&nbsp;2022&nbsp;r. poz.&nbsp;902).<\/a><\/p>\n<p>Na wniosek osoby zainteresowanej Politechnika Bia\u0142ostocka udost\u0119pniana informacj\u0119 publiczn\u0105, kt\u00f3ra:<\/p>\n<ol>\n<li>nie jest udost\u0119pniona w Biuletynie Informacji Publicznej Politechniki Bia\u0142ostockiej: &nbsp;<a href=\"https:\/\/bip.pb.edu.pl\/\">https:\/\/bip.pb.edu.pl\/<\/a>;<\/li>\n<li>nie podlega ograniczeniu w zakresie i na zasadach okre\u015blonych w ustawie o dost\u0119pie do informacji publicznej.<\/li>\n<\/ol>\n<p>Przepisy ustawy o&nbsp;dost\u0119pie do&nbsp;informacji publicznej nie przewiduj\u0105 szczeg\u00f3lnej formy wniosku, nie&nbsp;wprowadzaj\u0105 formularzy lub wzor\u00f3w.<\/p>\n<p>Wnioskodawca zobowi\u0105zany jest wskaza\u0107 zakres swojego \u017c\u0105dania, w&nbsp;tym:<\/p>\n<ol>\n<li>przedmiot wniosku, czyli jak\u0105 informacj\u0119 chce otrzyma\u0107,<\/li>\n<li>form\u0119, w jakiej Politechnika Bia\u0142ostocka ma mu udost\u0119pni\u0107 \u017c\u0105dan\u0105 informacj\u0119,<\/li>\n<li>spos\u00f3b, w jaki Politechnika Bia\u0142ostocka ma przekaza\u0107 wnioskowan\u0105 informacj\u0119 (poczta elektroniczna, poczta tradycyjna, osobisty odbi\u00f3r).<\/li>\n<\/ol>\n<p><strong>Wniosek o&nbsp;udzielenie informacji nale\u017cy przekaza\u0107:<\/strong><\/p>\n<ol>\n<li>poczt\u0105 elektroniczn\u0105 na adres:&nbsp;<a href=\"mailto:rektorat@pb.edu.pl\">rektorat@pb.edu.pl<\/a> albo&nbsp;na skrzynk\u0119 podawcz\u0105 na adres: \/Politechnika-Bia\u0142ostocka\/SkrytkaESP&nbsp;albo na adres skrzynki e-Dor\u0119cze\u0144 Politechniki Bia\u0142ostockiej: AE:PL-67015-28547-ITTTV-21;<\/li>\n<li>poczt\u0105 tradycyjn\u0105 na adres: Politechnika Bia\u0142ostocka, ul. <span style=\"font-size: 1.5rem\">Wiejska 45 A, <\/span>15-351 Bia\u0142ystok.<\/li>\n<\/ol>\n<p><strong>Termin udostepnienia informacji publicznej<\/strong><\/p>\n<p style=\"text-align: justify\">Udost\u0119pnienie informacji publicznej na&nbsp;wniosek nast\u0119puje bez zb\u0119dnej zw\u0142oki, nie&nbsp;p\u00f3\u017aniej ni\u017c w&nbsp;terminie 14&nbsp;dni od&nbsp;dnia z\u0142o\u017cenia wniosku. Je\u017celi informacja publiczna nie&nbsp;mo\u017ce by\u0107 udost\u0119pniona w&nbsp;14-dniowym terminie Politechnika Bia\u0142ostocka poinformuje Wnioskodawc\u0119 w&nbsp;tym terminie podaj\u0105c powody op\u00f3\u017anienia oraz wskazuj\u0105c nowy termin udost\u0119pnienia informacji publicznej nie&nbsp;d\u0142u\u017cszy ni\u017c&nbsp;2&nbsp;miesi\u0105ce od&nbsp;dnia z\u0142o\u017cenia wniosku.<\/p>\n<p><strong>Klauzula informacyjna<\/strong><\/p>\n<p style=\"text-align: justify\">Informacja Administratora w&nbsp;zwi\u0105zku z&nbsp;przetwarzaniem danych osobowych \u2013 zgodnie z&nbsp;art.&nbsp;13 ust.&nbsp;1 i&nbsp;2 Rozporz\u0105dzenia Parlamentu Europejskiego i&nbsp;Rady&nbsp;(UE) 2016\/679 z&nbsp;dnia 27&nbsp;kwietnia 2016&nbsp;r. w&nbsp;sprawie ochrony os\u00f3b fizycznych w&nbsp;zwi\u0105zku z&nbsp;przetwarzaniem danych osobowych i&nbsp;w&nbsp;sprawie swobodnego przep\u0142ywu takich danych oraz uchylenia dyrektywy 95\/46\/WE (zwanego dalej RODO).<\/p>\n<ol>\n<li style=\"text-align: justify\">Administratorem Pani\/Pana danych osobowych jest Politechnika Bia\u0142ostocka, ul.&nbsp;Wiejska&nbsp;45A, 15-351 Bia\u0142ystok (dalej Uczelnia), tel.:&nbsp;85&nbsp;746&nbsp;90&nbsp;00, <a href=\"http:\/\/www.bip.pb.edu.pl\/\">bip.pb.edu.pl<\/a>, e-mail: <a href=\"mailto:rektorat@pb.edu.pl\">rektorat@pb.edu.pl<\/a>.<\/li>\n<li style=\"text-align: justify\">Administrator, zgodnie z&nbsp;art.&nbsp;37 ust.&nbsp;1 lit.&nbsp;a RODO, powo\u0142a\u0142 Inspektora Ochrony Danych, z&nbsp;kt\u00f3rym w&nbsp;sprawach zwi\u0105zanych z&nbsp;przetwarzaniem Pani\/Pana danych osobowych, mo\u017ce si\u0119 Pani\/Pan kontaktowa\u0107 za&nbsp;pomoc\u0105 poczty elektronicznej pod&nbsp;adresem: <a href=\"mailto:iod@pb.edu.pl\">iod@pb.edu.pl<\/a>.<\/li>\n<li style=\"text-align: justify\">Pani\/Pana dane osobowe przetwarzane b\u0119d\u0105 w&nbsp;celu realizacji z\u0142o\u017conego wniosku o&nbsp;udost\u0119pnienie informacji publicznej \u2013 na&nbsp;podstawie art.&nbsp;6 ust.&nbsp;1 lit.&nbsp;c RODO.<\/li>\n<li style=\"text-align: justify\">W wypadku zaistnienia konieczno\u015bci wydania w&nbsp;Pani\/Pana sprawie decyzji administracyjnej mo\u017ce zaistnie\u0107 potrzeba uzupe\u0142nienia danych osobowych o&nbsp;adres korespondencyjny, stosownie do&nbsp;wymaga\u0144 wynikaj\u0105cych z&nbsp;ustawy z&nbsp;14&nbsp;czerwca 1960&nbsp;r. \u2013 Kodeks post\u0119powania administracyjnego (Dz.&nbsp;U. z&nbsp;2018, poz.&nbsp;2096, ze&nbsp;zm.).<\/li>\n<li style=\"text-align: justify\">Odbiorcami Pani\/Pana danych osobowych mog\u0105 by\u0107 dostawcy us\u0142ug pocztowych i&nbsp;kurierskich podmioty realizuj\u0105ce us\u0142ugi na&nbsp;rzecz Uczelni m.in.&nbsp;dostawcy us\u0142ug internetowych, obs\u0142uga prawna oraz inne podmioty uprawnione na&nbsp;podstawie przepis\u00f3w prawa.<\/li>\n<li style=\"text-align: justify\">Pani\/Pana dane osobowe b\u0119d\u0105 przechowywane w&nbsp;okresach niezb\u0119dnych do&nbsp;realizacji wy\u017cej okre\u015blonego celu Pani\/Pana a&nbsp;po tym czasie przez okres zgodny z&nbsp;przepisami prawa dotycz\u0105cy archiwizacji tj.&nbsp;okres 5&nbsp;lat od&nbsp;dnia udost\u0119pnienia informacji z&nbsp;ewentualnym przed\u0142u\u017ceniem wynikaj\u0105cym z&nbsp;ekspertyzy Archiwum Pa\u0144stwowego.<\/li>\n<li style=\"text-align: justify\">Przys\u0142uguje Pani\/Panu prawo dost\u0119pu do tre\u015bci swoich danych oraz z zastrze\u017ceniem przepis\u00f3w prawa przys\u0142uguje Pani\/Panu prawo do: a) sprostowania danych, b) usuni\u0119cia danych, c) ograniczenia przetwarzania danych, d) wniesienia sprzeciwu wobec przetwarzania danych osobowych.<\/li>\n<li style=\"text-align: justify\">&nbsp;Gdy uzna Pan\/Pani, \u017ce przetwarzanie danych osobowych narusza powszechnie obowi\u0105zuj\u0105ce przepisy w tym zakresie przys\u0142uguje Panu\/Pani prawo do wniesienia skargi do organu nadzorczego. W Polsce jest to Prezes Urz\u0119du Ochrony Danych Osobowych.<\/li>\n<li style=\"text-align: justify\">Podanie przez Pani\u0105\/Pana danych osobowych jest warunkiem rozpatrzenia wniosku. Konsekwencj\u0105 niepodania danych osobowych b\u0119dzie pozostawienie wniosku bez rozpatrzenia.<\/li>\n<li style=\"text-align: justify\">Pani\/Pana dane osobowe nie b\u0119d\u0105 wykorzystywane do zautomatyzowanego podejmowania decyzji ani profilowania, o kt\u00f3rym mowa w art. 22 rozporz\u0105dzenia.<\/li>\n<\/ol>\n<p>Osoba odpowiedzialna za umieszczenie informacji: Ma\u0142gorzata Jegli\u0144ska-Krupa, <i class=\"fa fa-envelope-o\" aria-hidden=\"true\"><\/i> <a href=\"#\" rel=\"nofollow\"  onclick=\"this.href='mailto:' + 'm.krupa' + '@' + 'pb.edu.pl'\">m.krupa [at] pb.edu.pl<\/a>\n","protected":false},"excerpt":{"rendered":"<p>Udzielenie informacji publicznej na wniosek Zasady dost\u0119pu do&nbsp;informacji publicznej reguluj\u0105 przepisy ustawy z&nbsp;dnia 6&nbsp;wrze\u015bnia 2001&nbsp;r.<\/p>\n","protected":false},"author":76,"featured_media":0,"parent":0,"menu_order":10,"comment_status":"closed","ping_status":"closed","template":"","meta":{"_acf_changed":false,"ngg_post_thumbnail":0,"footnotes":""},"class_list":["post-848","page","type-page","status-publish","hentry"],"acf":[],"yoast_head":"<!-- This site is optimized with the Yoast SEO plugin v27.0 - https:\/\/yoast.com\/product\/yoast-seo-wordpress\/ -->\n<title>Informacja publiczna - Centrum Danych i Analiz Strategicznych<\/title>\n<meta name=\"description\" content=\"Udzielenie informacji publicznej na wniosek Zasady dost\u0119pu do&nbsp;informacji publicznej reguluj\u0105 przepisy ustawy z&nbsp;dnia 6&nbsp;wrze\u015bnia 2001&nbsp;r.\" \/>\n<meta name=\"robots\" content=\"index, follow, max-snippet:-1, max-image-preview:large, max-video-preview:-1\" \/>\n<link rel=\"canonical\" href=\"https:\/\/pb.edu.pl\/cdias\/informacja-publiczna\/\" \/>\n<meta property=\"og:locale\" content=\"pl_PL\" \/>\n<meta property=\"og:type\" content=\"article\" \/>\n<meta property=\"og:title\" content=\"Informacja publiczna - Centrum Danych i Analiz Strategicznych\" \/>\n<meta property=\"og:description\" content=\"Udzielenie informacji publicznej na wniosek Zasady dost\u0119pu do&nbsp;informacji publicznej reguluj\u0105 przepisy ustawy z&nbsp;dnia 6&nbsp;wrze\u015bnia 2001&nbsp;r.\" \/>\n<meta property=\"og:url\" content=\"https:\/\/pb.edu.pl\/cdias\/informacja-publiczna\/\" \/>\n<meta property=\"og:site_name\" content=\"Centrum Danych i Analiz Strategicznych\" \/>\n<meta property=\"article:modified_time\" content=\"2025-04-09T08:05:43+00:00\" \/>\n<meta property=\"og:image\" content=\"https:\/\/pb.edu.pl\/cdias\/wp-content\/uploads\/sites\/55\/2025\/01\/i_p1-e1744185917375.png\" \/>\n\t<meta property=\"og:image:width\" content=\"577\" \/>\n\t<meta property=\"og:image:height\" content=\"219\" \/>\n\t<meta property=\"og:image:type\" content=\"image\/png\" \/>\n<meta name=\"twitter:card\" content=\"summary_large_image\" \/>\n<meta name=\"twitter:label1\" content=\"Szacowany czas czytania\" \/>\n\t<meta name=\"twitter:data1\" content=\"4 minuty\" \/>\n<script type=\"application\/ld+json\" class=\"yoast-schema-graph\">{\"@context\":\"https:\/\/schema.org\",\"@graph\":[{\"@type\":\"WebPage\",\"@id\":\"https:\/\/pb.edu.pl\/cdias\/informacja-publiczna\/\",\"url\":\"https:\/\/pb.edu.pl\/cdias\/informacja-publiczna\/\",\"name\":\"Informacja publiczna - Centrum Danych i Analiz Strategicznych\",\"isPartOf\":{\"@id\":\"https:\/\/pb.edu.pl\/cdias\/#website\"},\"primaryImageOfPage\":{\"@id\":\"https:\/\/pb.edu.pl\/cdias\/informacja-publiczna\/#primaryimage\"},\"image\":{\"@id\":\"https:\/\/pb.edu.pl\/cdias\/informacja-publiczna\/#primaryimage\"},\"thumbnailUrl\":\"https:\/\/pb.edu.pl\/cdias\/wp-content\/uploads\/sites\/55\/2025\/01\/i_p1-e1744185917375.png\",\"datePublished\":\"2022-09-19T10:48:48+00:00\",\"dateModified\":\"2025-04-09T08:05:43+00:00\",\"description\":\"Udzielenie informacji publicznej na wniosek Zasady dost\u0119pu do&nbsp;informacji publicznej reguluj\u0105 przepisy ustawy z&nbsp;dnia 6&nbsp;wrze\u015bnia 2001&nbsp;r.\",\"breadcrumb\":{\"@id\":\"https:\/\/pb.edu.pl\/cdias\/informacja-publiczna\/#breadcrumb\"},\"inLanguage\":\"pl-PL\",\"potentialAction\":[{\"@type\":\"ReadAction\",\"target\":[\"https:\/\/pb.edu.pl\/cdias\/informacja-publiczna\/\"]}]},{\"@type\":\"ImageObject\",\"inLanguage\":\"pl-PL\",\"@id\":\"https:\/\/pb.edu.pl\/cdias\/informacja-publiczna\/#primaryimage\",\"url\":\"https:\/\/pb.edu.pl\/cdias\/wp-content\/uploads\/sites\/55\/2025\/01\/i_p1-e1744185917375.png\",\"contentUrl\":\"https:\/\/pb.edu.pl\/cdias\/wp-content\/uploads\/sites\/55\/2025\/01\/i_p1-e1744185917375.png\",\"width\":577,\"height\":219},{\"@type\":\"BreadcrumbList\",\"@id\":\"https:\/\/pb.edu.pl\/cdias\/informacja-publiczna\/#breadcrumb\",\"itemListElement\":[{\"@type\":\"ListItem\",\"position\":1,\"name\":\"Strona g\u0142\u00f3wna\",\"item\":\"https:\/\/pb.edu.pl\/cdias\/\"},{\"@type\":\"ListItem\",\"position\":2,\"name\":\"Informacja publiczna\"}]},{\"@type\":\"WebSite\",\"@id\":\"https:\/\/pb.edu.pl\/cdias\/#website\",\"url\":\"https:\/\/pb.edu.pl\/cdias\/\",\"name\":\"Centrum Danych i Analiz Strategicznych\",\"description\":\"\",\"potentialAction\":[{\"@type\":\"SearchAction\",\"target\":{\"@type\":\"EntryPoint\",\"urlTemplate\":\"https:\/\/pb.edu.pl\/cdias\/?s={search_term_string}\"},\"query-input\":{\"@type\":\"PropertyValueSpecification\",\"valueRequired\":true,\"valueName\":\"search_term_string\"}}],\"inLanguage\":\"pl-PL\"}]}<\/script>\n<!-- \/ Yoast SEO plugin. -->","yoast_head_json":{"title":"Informacja publiczna - Centrum Danych i Analiz Strategicznych","description":"Udzielenie informacji publicznej na wniosek Zasady dost\u0119pu do&nbsp;informacji publicznej reguluj\u0105 przepisy ustawy z&nbsp;dnia 6&nbsp;wrze\u015bnia 2001&nbsp;r.","robots":{"index":"index","follow":"follow","max-snippet":"max-snippet:-1","max-image-preview":"max-image-preview:large","max-video-preview":"max-video-preview:-1"},"canonical":"https:\/\/pb.edu.pl\/cdias\/informacja-publiczna\/","og_locale":"pl_PL","og_type":"article","og_title":"Informacja publiczna - Centrum Danych i Analiz Strategicznych","og_description":"Udzielenie informacji publicznej na wniosek Zasady dost\u0119pu do&nbsp;informacji publicznej reguluj\u0105 przepisy ustawy z&nbsp;dnia 6&nbsp;wrze\u015bnia 2001&nbsp;r.","og_url":"https:\/\/pb.edu.pl\/cdias\/informacja-publiczna\/","og_site_name":"Centrum Danych i Analiz Strategicznych","article_modified_time":"2025-04-09T08:05:43+00:00","og_image":[{"width":577,"height":219,"url":"https:\/\/pb.edu.pl\/cdias\/wp-content\/uploads\/sites\/55\/2025\/01\/i_p1-e1744185917375.png","type":"image\/png"}],"twitter_card":"summary_large_image","twitter_misc":{"Szacowany czas czytania":"4 minuty"},"schema":{"@context":"https:\/\/schema.org","@graph":[{"@type":"WebPage","@id":"https:\/\/pb.edu.pl\/cdias\/informacja-publiczna\/","url":"https:\/\/pb.edu.pl\/cdias\/informacja-publiczna\/","name":"Informacja publiczna - Centrum Danych i Analiz Strategicznych","isPartOf":{"@id":"https:\/\/pb.edu.pl\/cdias\/#website"},"primaryImageOfPage":{"@id":"https:\/\/pb.edu.pl\/cdias\/informacja-publiczna\/#primaryimage"},"image":{"@id":"https:\/\/pb.edu.pl\/cdias\/informacja-publiczna\/#primaryimage"},"thumbnailUrl":"https:\/\/pb.edu.pl\/cdias\/wp-content\/uploads\/sites\/55\/2025\/01\/i_p1-e1744185917375.png","datePublished":"2022-09-19T10:48:48+00:00","dateModified":"2025-04-09T08:05:43+00:00","description":"Udzielenie informacji publicznej na wniosek Zasady dost\u0119pu do&nbsp;informacji publicznej reguluj\u0105 przepisy ustawy z&nbsp;dnia 6&nbsp;wrze\u015bnia 2001&nbsp;r.","breadcrumb":{"@id":"https:\/\/pb.edu.pl\/cdias\/informacja-publiczna\/#breadcrumb"},"inLanguage":"pl-PL","potentialAction":[{"@type":"ReadAction","target":["https:\/\/pb.edu.pl\/cdias\/informacja-publiczna\/"]}]},{"@type":"ImageObject","inLanguage":"pl-PL","@id":"https:\/\/pb.edu.pl\/cdias\/informacja-publiczna\/#primaryimage","url":"https:\/\/pb.edu.pl\/cdias\/wp-content\/uploads\/sites\/55\/2025\/01\/i_p1-e1744185917375.png","contentUrl":"https:\/\/pb.edu.pl\/cdias\/wp-content\/uploads\/sites\/55\/2025\/01\/i_p1-e1744185917375.png","width":577,"height":219},{"@type":"BreadcrumbList","@id":"https:\/\/pb.edu.pl\/cdias\/informacja-publiczna\/#breadcrumb","itemListElement":[{"@type":"ListItem","position":1,"name":"Strona g\u0142\u00f3wna","item":"https:\/\/pb.edu.pl\/cdias\/"},{"@type":"ListItem","position":2,"name":"Informacja publiczna"}]},{"@type":"WebSite","@id":"https:\/\/pb.edu.pl\/cdias\/#website","url":"https:\/\/pb.edu.pl\/cdias\/","name":"Centrum Danych i Analiz Strategicznych","description":"","potentialAction":[{"@type":"SearchAction","target":{"@type":"EntryPoint","urlTemplate":"https:\/\/pb.edu.pl\/cdias\/?s={search_term_string}"},"query-input":{"@type":"PropertyValueSpecification","valueRequired":true,"valueName":"search_term_string"}}],"inLanguage":"pl-PL"}]}},"_links":{"self":[{"href":"https:\/\/pb.edu.pl\/cdias\/wp-json\/wp\/v2\/pages\/848","targetHints":{"allow":["GET"]}}],"collection":[{"href":"https:\/\/pb.edu.pl\/cdias\/wp-json\/wp\/v2\/pages"}],"about":[{"href":"https:\/\/pb.edu.pl\/cdias\/wp-json\/wp\/v2\/types\/page"}],"author":[{"embeddable":true,"href":"https:\/\/pb.edu.pl\/cdias\/wp-json\/wp\/v2\/users\/76"}],"replies":[{"embeddable":true,"href":"https:\/\/pb.edu.pl\/cdias\/wp-json\/wp\/v2\/comments?post=848"}],"version-history":[{"count":0,"href":"https:\/\/pb.edu.pl\/cdias\/wp-json\/wp\/v2\/pages\/848\/revisions"}],"wp:attachment":[{"href":"https:\/\/pb.edu.pl\/cdias\/wp-json\/wp\/v2\/media?parent=848"}],"curies":[{"name":"wp","href":"https:\/\/api.w.org\/{rel}","templated":true}]}}