{"id":846,"date":"2022-09-19T12:45:20","date_gmt":"2022-09-19T10:45:20","guid":{"rendered":"https:\/\/pb.edu.pl\/cdias\/?page_id=846"},"modified":"2025-04-09T09:59:05","modified_gmt":"2025-04-09T07:59:05","slug":"centralny-rejestr-umow","status":"publish","type":"page","link":"https:\/\/pb.edu.pl\/cdias\/centralny-rejestr-umow\/","title":{"rendered":"Centralny Rejestr Um\u00f3w"},"content":{"rendered":"<table style=\"border-collapse: collapse;width: 100%\">\n<tbody>\n<tr>\n<td style=\"width: 72.2304%\"><img loading=\"lazy\" decoding=\"async\" class=\"alignright wp-image-2355 size-full\" src=\"https:\/\/pb.edu.pl\/cdias\/wp-content\/uploads\/sites\/55\/2025\/01\/crj1-e1744185433163.png\" alt=\"\" width=\"561\" height=\"300\" srcset=\"https:\/\/pb.edu.pl\/cdias\/wp-content\/uploads\/sites\/55\/2025\/01\/crj1-e1744185433163.png 561w, https:\/\/pb.edu.pl\/cdias\/wp-content\/uploads\/sites\/55\/2025\/01\/crj1-e1744185433163-300x160.png 300w\" sizes=\"auto, (max-width: 561px) 100vw, 561px\" \/><\/td>\n<td style=\"width: 27.7696%\"><img loading=\"lazy\" decoding=\"async\" class=\"alignnone wp-image-2128 size-full\" src=\"https:\/\/pb.edu.pl\/cdias\/wp-content\/uploads\/sites\/55\/2025\/01\/cemtralny_rejestr-e1744185510570.png\" alt=\"\" width=\"212\" height=\"220\"><\/td>\n<\/tr>\n<\/tbody>\n<\/table>\n<p>W Politechnice Bia\u0142ostockiej prowadzony jest Centralny Rejestr Um\u00f3w. Zasady jego prowadzenia okre\u015bla Zarz\u0105dzenie Rektora nr 1080 z dnia 25 lutego 2020 roku w sprawie zasad prowadzenia Centralnego Rejestru Um\u00f3w w Politechnice Bia\u0142ostockiej (z p\u00f3\u017an. zm). Tekst zarz\u0105dzenia mo\u017cna pobra\u0107 tutaj:<\/p>\n<ul>\n<li><a href=\"https:\/\/www.bip.pb.edu.pl\/index.php?event=informacja&amp;id=16887\">Zarz\u0105dzenie nr 1080 Rektora Politechniki Bia\u0142ostockiej z dnia 25 lutego 2020 roku w sprawie zasad prowadzenia Centralnego Rejestru Um\u00f3w w&nbsp;Politechnice Bia\u0142ostockiej<\/a><\/li>\n<li><a href=\"https:\/\/bip.pb.edu.pl\/?event=informacja&amp;id=17776\">Zarz\u0105dzenie nr 1200 Rektora Politechniki Bia\u0142ostockiej z dnia 14 pa\u017adziernika 2020 roku w sprawie zmiany Zarz\u0105dzenia Rektora Politechniki Bia\u0142ostockiej w&nbsp;sprawie zasad prowadzenia Centralnego Rejestru Um\u00f3w &nbsp;Politechnice Bia\u0142ostockiej<\/a><\/li>\n<\/ul>\n<p>Dost\u0119p do Centralnego Rejestru Um\u00f3w nast\u0119puje zgodnie z odr\u0119bnym zarz\u0105dzeniem w sprawie ochrony danych osobowych i zarz\u0105dzaniem bezpiecze\u0144stwem system\u00f3w informatycznych przetwarzaj\u0105cych dane.<\/p>\n<div class=\"h3\">Logowanie do systemu:<\/div>\n<div class=\"row\" style=\"margin-top: 6px\">\n<div class=\"col-sm-6 text-center\"><a class=\"button text-center animated zoomIn lead font-500\" style=\"width: 200%\" href=\"https:\/\/umowy.uci.pb.edu.pl\/login?returnUrl=%2Fagreements\">Centralny Rejestr Um\u00f3w<\/a><\/div>\n<\/div>\n","protected":false},"excerpt":{"rendered":"<p>W Politechnice Bia\u0142ostockiej prowadzony jest Centralny Rejestr Um\u00f3w. Zasady jego prowadzenia okre\u015bla Zarz\u0105dzenie Rektora nr<\/p>\n","protected":false},"author":76,"featured_media":0,"parent":0,"menu_order":9,"comment_status":"closed","ping_status":"closed","template":"","meta":{"_acf_changed":false,"ngg_post_thumbnail":0,"footnotes":""},"class_list":["post-846","page","type-page","status-publish","hentry"],"acf":[],"yoast_head":"<!-- This site is optimized with the Yoast SEO plugin v27.0 - https:\/\/yoast.com\/product\/yoast-seo-wordpress\/ -->\n<title>Centralny Rejestr Um\u00f3w - Centrum Danych i Analiz Strategicznych<\/title>\n<meta name=\"description\" content=\"W Politechnice Bia\u0142ostockiej prowadzony jest Centralny Rejestr Um\u00f3w. Zasady jego prowadzenia okre\u015bla Zarz\u0105dzenie Rektora nr 1080 z dnia 25 lutego 2020\" \/>\n<meta name=\"robots\" content=\"index, follow, max-snippet:-1, max-image-preview:large, max-video-preview:-1\" \/>\n<link rel=\"canonical\" href=\"https:\/\/pb.edu.pl\/cdias\/centralny-rejestr-umow\/\" \/>\n<meta property=\"og:locale\" content=\"pl_PL\" \/>\n<meta property=\"og:type\" content=\"article\" \/>\n<meta property=\"og:title\" content=\"Centralny Rejestr Um\u00f3w - Centrum Danych i Analiz Strategicznych\" \/>\n<meta property=\"og:description\" content=\"W Politechnice Bia\u0142ostockiej prowadzony jest Centralny Rejestr Um\u00f3w. Zasady jego prowadzenia okre\u015bla Zarz\u0105dzenie Rektora nr 1080 z dnia 25 lutego 2020\" \/>\n<meta property=\"og:url\" content=\"https:\/\/pb.edu.pl\/cdias\/centralny-rejestr-umow\/\" \/>\n<meta property=\"og:site_name\" content=\"Centrum Danych i Analiz Strategicznych\" \/>\n<meta property=\"article:modified_time\" content=\"2025-04-09T07:59:05+00:00\" \/>\n<meta property=\"og:image\" content=\"https:\/\/pb.edu.pl\/cdias\/wp-content\/uploads\/sites\/55\/2025\/01\/crj1-e1744185433163.png\" \/>\n\t<meta property=\"og:image:width\" content=\"561\" \/>\n\t<meta property=\"og:image:height\" content=\"300\" \/>\n\t<meta property=\"og:image:type\" content=\"image\/png\" \/>\n<meta name=\"twitter:card\" content=\"summary_large_image\" \/>\n<meta name=\"twitter:label1\" content=\"Szacowany czas czytania\" \/>\n\t<meta name=\"twitter:data1\" content=\"1 minuta\" \/>\n<script type=\"application\/ld+json\" class=\"yoast-schema-graph\">{\"@context\":\"https:\/\/schema.org\",\"@graph\":[{\"@type\":\"WebPage\",\"@id\":\"https:\/\/pb.edu.pl\/cdias\/centralny-rejestr-umow\/\",\"url\":\"https:\/\/pb.edu.pl\/cdias\/centralny-rejestr-umow\/\",\"name\":\"Centralny Rejestr Um\u00f3w - Centrum Danych i Analiz Strategicznych\",\"isPartOf\":{\"@id\":\"https:\/\/pb.edu.pl\/cdias\/#website\"},\"primaryImageOfPage\":{\"@id\":\"https:\/\/pb.edu.pl\/cdias\/centralny-rejestr-umow\/#primaryimage\"},\"image\":{\"@id\":\"https:\/\/pb.edu.pl\/cdias\/centralny-rejestr-umow\/#primaryimage\"},\"thumbnailUrl\":\"https:\/\/pb.edu.pl\/cdias\/wp-content\/uploads\/sites\/55\/2025\/01\/crj1-e1744185433163.png\",\"datePublished\":\"2022-09-19T10:45:20+00:00\",\"dateModified\":\"2025-04-09T07:59:05+00:00\",\"description\":\"W Politechnice Bia\u0142ostockiej prowadzony jest Centralny Rejestr Um\u00f3w. Zasady jego prowadzenia okre\u015bla Zarz\u0105dzenie Rektora nr 1080 z dnia 25 lutego 2020\",\"breadcrumb\":{\"@id\":\"https:\/\/pb.edu.pl\/cdias\/centralny-rejestr-umow\/#breadcrumb\"},\"inLanguage\":\"pl-PL\",\"potentialAction\":[{\"@type\":\"ReadAction\",\"target\":[\"https:\/\/pb.edu.pl\/cdias\/centralny-rejestr-umow\/\"]}]},{\"@type\":\"ImageObject\",\"inLanguage\":\"pl-PL\",\"@id\":\"https:\/\/pb.edu.pl\/cdias\/centralny-rejestr-umow\/#primaryimage\",\"url\":\"https:\/\/pb.edu.pl\/cdias\/wp-content\/uploads\/sites\/55\/2025\/01\/crj1-e1744185433163.png\",\"contentUrl\":\"https:\/\/pb.edu.pl\/cdias\/wp-content\/uploads\/sites\/55\/2025\/01\/crj1-e1744185433163.png\",\"width\":561,\"height\":300},{\"@type\":\"BreadcrumbList\",\"@id\":\"https:\/\/pb.edu.pl\/cdias\/centralny-rejestr-umow\/#breadcrumb\",\"itemListElement\":[{\"@type\":\"ListItem\",\"position\":1,\"name\":\"Strona g\u0142\u00f3wna\",\"item\":\"https:\/\/pb.edu.pl\/cdias\/\"},{\"@type\":\"ListItem\",\"position\":2,\"name\":\"Centralny Rejestr Um\u00f3w\"}]},{\"@type\":\"WebSite\",\"@id\":\"https:\/\/pb.edu.pl\/cdias\/#website\",\"url\":\"https:\/\/pb.edu.pl\/cdias\/\",\"name\":\"Centrum Danych i Analiz Strategicznych\",\"description\":\"\",\"potentialAction\":[{\"@type\":\"SearchAction\",\"target\":{\"@type\":\"EntryPoint\",\"urlTemplate\":\"https:\/\/pb.edu.pl\/cdias\/?s={search_term_string}\"},\"query-input\":{\"@type\":\"PropertyValueSpecification\",\"valueRequired\":true,\"valueName\":\"search_term_string\"}}],\"inLanguage\":\"pl-PL\"}]}<\/script>\n<!-- \/ Yoast SEO plugin. -->","yoast_head_json":{"title":"Centralny Rejestr Um\u00f3w - Centrum Danych i Analiz Strategicznych","description":"W Politechnice Bia\u0142ostockiej prowadzony jest Centralny Rejestr Um\u00f3w. Zasady jego prowadzenia okre\u015bla Zarz\u0105dzenie Rektora nr 1080 z dnia 25 lutego 2020","robots":{"index":"index","follow":"follow","max-snippet":"max-snippet:-1","max-image-preview":"max-image-preview:large","max-video-preview":"max-video-preview:-1"},"canonical":"https:\/\/pb.edu.pl\/cdias\/centralny-rejestr-umow\/","og_locale":"pl_PL","og_type":"article","og_title":"Centralny Rejestr Um\u00f3w - Centrum Danych i Analiz Strategicznych","og_description":"W Politechnice Bia\u0142ostockiej prowadzony jest Centralny Rejestr Um\u00f3w. Zasady jego prowadzenia okre\u015bla Zarz\u0105dzenie Rektora nr 1080 z dnia 25 lutego 2020","og_url":"https:\/\/pb.edu.pl\/cdias\/centralny-rejestr-umow\/","og_site_name":"Centrum Danych i Analiz Strategicznych","article_modified_time":"2025-04-09T07:59:05+00:00","og_image":[{"width":561,"height":300,"url":"https:\/\/pb.edu.pl\/cdias\/wp-content\/uploads\/sites\/55\/2025\/01\/crj1-e1744185433163.png","type":"image\/png"}],"twitter_card":"summary_large_image","twitter_misc":{"Szacowany czas czytania":"1 minuta"},"schema":{"@context":"https:\/\/schema.org","@graph":[{"@type":"WebPage","@id":"https:\/\/pb.edu.pl\/cdias\/centralny-rejestr-umow\/","url":"https:\/\/pb.edu.pl\/cdias\/centralny-rejestr-umow\/","name":"Centralny Rejestr Um\u00f3w - Centrum Danych i Analiz Strategicznych","isPartOf":{"@id":"https:\/\/pb.edu.pl\/cdias\/#website"},"primaryImageOfPage":{"@id":"https:\/\/pb.edu.pl\/cdias\/centralny-rejestr-umow\/#primaryimage"},"image":{"@id":"https:\/\/pb.edu.pl\/cdias\/centralny-rejestr-umow\/#primaryimage"},"thumbnailUrl":"https:\/\/pb.edu.pl\/cdias\/wp-content\/uploads\/sites\/55\/2025\/01\/crj1-e1744185433163.png","datePublished":"2022-09-19T10:45:20+00:00","dateModified":"2025-04-09T07:59:05+00:00","description":"W Politechnice Bia\u0142ostockiej prowadzony jest Centralny Rejestr Um\u00f3w. Zasady jego prowadzenia okre\u015bla Zarz\u0105dzenie Rektora nr 1080 z dnia 25 lutego 2020","breadcrumb":{"@id":"https:\/\/pb.edu.pl\/cdias\/centralny-rejestr-umow\/#breadcrumb"},"inLanguage":"pl-PL","potentialAction":[{"@type":"ReadAction","target":["https:\/\/pb.edu.pl\/cdias\/centralny-rejestr-umow\/"]}]},{"@type":"ImageObject","inLanguage":"pl-PL","@id":"https:\/\/pb.edu.pl\/cdias\/centralny-rejestr-umow\/#primaryimage","url":"https:\/\/pb.edu.pl\/cdias\/wp-content\/uploads\/sites\/55\/2025\/01\/crj1-e1744185433163.png","contentUrl":"https:\/\/pb.edu.pl\/cdias\/wp-content\/uploads\/sites\/55\/2025\/01\/crj1-e1744185433163.png","width":561,"height":300},{"@type":"BreadcrumbList","@id":"https:\/\/pb.edu.pl\/cdias\/centralny-rejestr-umow\/#breadcrumb","itemListElement":[{"@type":"ListItem","position":1,"name":"Strona g\u0142\u00f3wna","item":"https:\/\/pb.edu.pl\/cdias\/"},{"@type":"ListItem","position":2,"name":"Centralny Rejestr Um\u00f3w"}]},{"@type":"WebSite","@id":"https:\/\/pb.edu.pl\/cdias\/#website","url":"https:\/\/pb.edu.pl\/cdias\/","name":"Centrum Danych i Analiz Strategicznych","description":"","potentialAction":[{"@type":"SearchAction","target":{"@type":"EntryPoint","urlTemplate":"https:\/\/pb.edu.pl\/cdias\/?s={search_term_string}"},"query-input":{"@type":"PropertyValueSpecification","valueRequired":true,"valueName":"search_term_string"}}],"inLanguage":"pl-PL"}]}},"_links":{"self":[{"href":"https:\/\/pb.edu.pl\/cdias\/wp-json\/wp\/v2\/pages\/846","targetHints":{"allow":["GET"]}}],"collection":[{"href":"https:\/\/pb.edu.pl\/cdias\/wp-json\/wp\/v2\/pages"}],"about":[{"href":"https:\/\/pb.edu.pl\/cdias\/wp-json\/wp\/v2\/types\/page"}],"author":[{"embeddable":true,"href":"https:\/\/pb.edu.pl\/cdias\/wp-json\/wp\/v2\/users\/76"}],"replies":[{"embeddable":true,"href":"https:\/\/pb.edu.pl\/cdias\/wp-json\/wp\/v2\/comments?post=846"}],"version-history":[{"count":0,"href":"https:\/\/pb.edu.pl\/cdias\/wp-json\/wp\/v2\/pages\/846\/revisions"}],"wp:attachment":[{"href":"https:\/\/pb.edu.pl\/cdias\/wp-json\/wp\/v2\/media?parent=846"}],"curies":[{"name":"wp","href":"https:\/\/api.w.org\/{rel}","templated":true}]}}