{"id":747,"date":"2021-12-27T14:34:02","date_gmt":"2021-12-27T13:34:02","guid":{"rendered":"https:\/\/pb.edu.pl\/cdias\/?page_id=747"},"modified":"2025-01-08T12:11:06","modified_gmt":"2025-01-08T11:11:06","slug":"informacje-o-centrum-danych-i-analiz-strategicznych-w-tekscie-latwym-do-czytania","status":"publish","type":"page","link":"https:\/\/pb.edu.pl\/cdias\/informacje-o-centrum-danych-i-analiz-strategicznych-w-tekscie-latwym-do-czytania\/","title":{"rendered":"Informacje o Centrum Danych i Analiz Strategicznych w tek\u015bcie \u0142atwym do czytania"},"content":{"rendered":"<div style=\"font-size: 1.8rem\">\n<p>Jednostka dostarcza informacji. Zbiera informacje. Przekazuje informacje. Analizuje informacje. Udziela informacji publicznej. Analizuje wyniki uczelni w konkursach. Obs\u0142uguje system POL-on. Obs\u0142uguje system ePUAP. Biuro jednostki mie\u015bci si\u0119 przy ul. Wiejskiej 45A w Bia\u0142ymstoku, pok\u00f3j A010 (niski parter).<\/p>\n<p>Je\u015bli chcesz si\u0119 skontaktowa\u0107 z Centrum mo\u017cesz:<\/p>\n<ul>\n<li>napisa\u0107 pismo i wys\u0142a\u0107 je na adres:<br \/>\nCentrum Danych i Analiz Strategicznych Politechniki Bia\u0142ostockiej<br \/>\nWiejska 45A<br \/>\n15-351 Bia\u0142ystok<\/li>\n<li>mo\u017cesz wys\u0142a\u0107 e-mail na adres: cdias@pb.edu.pl<\/li>\n<li>mo\u017cesz zadzwoni\u0107 sam lub przy pomocy innej osoby na numer telefonu: 85 746-90-74<\/li>\n<li>mo\u017cesz przyj\u015b\u0107 do Biura ds. Os\u00f3b z Niepe\u0142nosprawno\u015bciami Politechniki Bia\u0142ostockiej.<br \/>\nCzynne od poniedzia\u0142ku do pi\u0105tku, w godzinach 8:00-15:00.<br \/>\nBiuro znajduje si\u0119 w budynku g\u0142\u00f3wnym szko\u0142y, przy ulicy Wiejskiej 45A,&nbsp;w pokoju B13 na pi\u0119trze.<\/li>\n<\/ul>\n<\/div>\n","protected":false},"excerpt":{"rendered":"<p>Jednostka dostarcza informacji. Zbiera informacje. Przekazuje informacje. Analizuje informacje. Udziela informacji publicznej. Analizuje wyniki uczelni<\/p>\n","protected":false},"author":2,"featured_media":0,"parent":0,"menu_order":10,"comment_status":"closed","ping_status":"closed","template":"","meta":{"_acf_changed":false,"ngg_post_thumbnail":0,"footnotes":""},"class_list":["post-747","page","type-page","status-publish","hentry"],"acf":[],"yoast_head":"<!-- This site is optimized with the Yoast SEO plugin v27.0 - https:\/\/yoast.com\/product\/yoast-seo-wordpress\/ -->\n<title>Informacje o Centrum Danych i Analiz Strategicznych w tek\u015bcie \u0142atwym do czytania - Centrum Danych i Analiz Strategicznych<\/title>\n<meta name=\"description\" content=\"Jednostka dostarcza informacji. Zbiera informacje. Przekazuje informacje. Analizuje informacje. Udziela informacji publicznej. Analizuje wyniki uczelni w\" \/>\n<meta name=\"robots\" content=\"index, follow, max-snippet:-1, max-image-preview:large, max-video-preview:-1\" \/>\n<link rel=\"canonical\" href=\"https:\/\/pb.edu.pl\/cdias\/informacje-o-centrum-danych-i-analiz-strategicznych-w-tekscie-latwym-do-czytania\/\" \/>\n<meta property=\"og:locale\" content=\"pl_PL\" \/>\n<meta property=\"og:type\" content=\"article\" \/>\n<meta property=\"og:title\" content=\"Informacje o Centrum Danych i Analiz Strategicznych w tek\u015bcie \u0142atwym do czytania - Centrum Danych i Analiz Strategicznych\" \/>\n<meta property=\"og:description\" content=\"Jednostka dostarcza informacji. Zbiera informacje. Przekazuje informacje. Analizuje informacje. Udziela informacji publicznej. Analizuje wyniki uczelni w\" \/>\n<meta property=\"og:url\" content=\"https:\/\/pb.edu.pl\/cdias\/informacje-o-centrum-danych-i-analiz-strategicznych-w-tekscie-latwym-do-czytania\/\" \/>\n<meta property=\"og:site_name\" content=\"Centrum Danych i Analiz Strategicznych\" \/>\n<meta property=\"article:modified_time\" content=\"2025-01-08T11:11:06+00:00\" \/>\n<meta name=\"twitter:card\" content=\"summary_large_image\" \/>\n<meta name=\"twitter:label1\" content=\"Szacowany czas czytania\" \/>\n\t<meta name=\"twitter:data1\" content=\"1 minuta\" \/>\n<script type=\"application\/ld+json\" class=\"yoast-schema-graph\">{\"@context\":\"https:\/\/schema.org\",\"@graph\":[{\"@type\":\"WebPage\",\"@id\":\"https:\/\/pb.edu.pl\/cdias\/informacje-o-centrum-danych-i-analiz-strategicznych-w-tekscie-latwym-do-czytania\/\",\"url\":\"https:\/\/pb.edu.pl\/cdias\/informacje-o-centrum-danych-i-analiz-strategicznych-w-tekscie-latwym-do-czytania\/\",\"name\":\"Informacje o Centrum Danych i Analiz Strategicznych w tek\u015bcie \u0142atwym do czytania - Centrum Danych i Analiz Strategicznych\",\"isPartOf\":{\"@id\":\"https:\/\/pb.edu.pl\/cdias\/#website\"},\"datePublished\":\"2021-12-27T13:34:02+00:00\",\"dateModified\":\"2025-01-08T11:11:06+00:00\",\"description\":\"Jednostka dostarcza informacji. Zbiera informacje. Przekazuje informacje. Analizuje informacje. Udziela informacji publicznej. Analizuje wyniki uczelni w\",\"breadcrumb\":{\"@id\":\"https:\/\/pb.edu.pl\/cdias\/informacje-o-centrum-danych-i-analiz-strategicznych-w-tekscie-latwym-do-czytania\/#breadcrumb\"},\"inLanguage\":\"pl-PL\",\"potentialAction\":[{\"@type\":\"ReadAction\",\"target\":[\"https:\/\/pb.edu.pl\/cdias\/informacje-o-centrum-danych-i-analiz-strategicznych-w-tekscie-latwym-do-czytania\/\"]}]},{\"@type\":\"BreadcrumbList\",\"@id\":\"https:\/\/pb.edu.pl\/cdias\/informacje-o-centrum-danych-i-analiz-strategicznych-w-tekscie-latwym-do-czytania\/#breadcrumb\",\"itemListElement\":[{\"@type\":\"ListItem\",\"position\":1,\"name\":\"Strona g\u0142\u00f3wna\",\"item\":\"https:\/\/pb.edu.pl\/cdias\/\"},{\"@type\":\"ListItem\",\"position\":2,\"name\":\"Informacje o Centrum Danych i Analiz Strategicznych w tek\u015bcie \u0142atwym do czytania\"}]},{\"@type\":\"WebSite\",\"@id\":\"https:\/\/pb.edu.pl\/cdias\/#website\",\"url\":\"https:\/\/pb.edu.pl\/cdias\/\",\"name\":\"Centrum Danych i Analiz Strategicznych\",\"description\":\"\",\"potentialAction\":[{\"@type\":\"SearchAction\",\"target\":{\"@type\":\"EntryPoint\",\"urlTemplate\":\"https:\/\/pb.edu.pl\/cdias\/?s={search_term_string}\"},\"query-input\":{\"@type\":\"PropertyValueSpecification\",\"valueRequired\":true,\"valueName\":\"search_term_string\"}}],\"inLanguage\":\"pl-PL\"}]}<\/script>\n<!-- \/ Yoast SEO plugin. -->","yoast_head_json":{"title":"Informacje o Centrum Danych i Analiz Strategicznych w tek\u015bcie \u0142atwym do czytania - Centrum Danych i Analiz Strategicznych","description":"Jednostka dostarcza informacji. Zbiera informacje. Przekazuje informacje. Analizuje informacje. Udziela informacji publicznej. Analizuje wyniki uczelni w","robots":{"index":"index","follow":"follow","max-snippet":"max-snippet:-1","max-image-preview":"max-image-preview:large","max-video-preview":"max-video-preview:-1"},"canonical":"https:\/\/pb.edu.pl\/cdias\/informacje-o-centrum-danych-i-analiz-strategicznych-w-tekscie-latwym-do-czytania\/","og_locale":"pl_PL","og_type":"article","og_title":"Informacje o Centrum Danych i Analiz Strategicznych w tek\u015bcie \u0142atwym do czytania - Centrum Danych i Analiz Strategicznych","og_description":"Jednostka dostarcza informacji. Zbiera informacje. Przekazuje informacje. Analizuje informacje. Udziela informacji publicznej. Analizuje wyniki uczelni w","og_url":"https:\/\/pb.edu.pl\/cdias\/informacje-o-centrum-danych-i-analiz-strategicznych-w-tekscie-latwym-do-czytania\/","og_site_name":"Centrum Danych i Analiz Strategicznych","article_modified_time":"2025-01-08T11:11:06+00:00","twitter_card":"summary_large_image","twitter_misc":{"Szacowany czas czytania":"1 minuta"},"schema":{"@context":"https:\/\/schema.org","@graph":[{"@type":"WebPage","@id":"https:\/\/pb.edu.pl\/cdias\/informacje-o-centrum-danych-i-analiz-strategicznych-w-tekscie-latwym-do-czytania\/","url":"https:\/\/pb.edu.pl\/cdias\/informacje-o-centrum-danych-i-analiz-strategicznych-w-tekscie-latwym-do-czytania\/","name":"Informacje o Centrum Danych i Analiz Strategicznych w tek\u015bcie \u0142atwym do czytania - Centrum Danych i Analiz Strategicznych","isPartOf":{"@id":"https:\/\/pb.edu.pl\/cdias\/#website"},"datePublished":"2021-12-27T13:34:02+00:00","dateModified":"2025-01-08T11:11:06+00:00","description":"Jednostka dostarcza informacji. Zbiera informacje. Przekazuje informacje. Analizuje informacje. Udziela informacji publicznej. Analizuje wyniki uczelni w","breadcrumb":{"@id":"https:\/\/pb.edu.pl\/cdias\/informacje-o-centrum-danych-i-analiz-strategicznych-w-tekscie-latwym-do-czytania\/#breadcrumb"},"inLanguage":"pl-PL","potentialAction":[{"@type":"ReadAction","target":["https:\/\/pb.edu.pl\/cdias\/informacje-o-centrum-danych-i-analiz-strategicznych-w-tekscie-latwym-do-czytania\/"]}]},{"@type":"BreadcrumbList","@id":"https:\/\/pb.edu.pl\/cdias\/informacje-o-centrum-danych-i-analiz-strategicznych-w-tekscie-latwym-do-czytania\/#breadcrumb","itemListElement":[{"@type":"ListItem","position":1,"name":"Strona g\u0142\u00f3wna","item":"https:\/\/pb.edu.pl\/cdias\/"},{"@type":"ListItem","position":2,"name":"Informacje o Centrum Danych i Analiz Strategicznych w tek\u015bcie \u0142atwym do czytania"}]},{"@type":"WebSite","@id":"https:\/\/pb.edu.pl\/cdias\/#website","url":"https:\/\/pb.edu.pl\/cdias\/","name":"Centrum Danych i Analiz Strategicznych","description":"","potentialAction":[{"@type":"SearchAction","target":{"@type":"EntryPoint","urlTemplate":"https:\/\/pb.edu.pl\/cdias\/?s={search_term_string}"},"query-input":{"@type":"PropertyValueSpecification","valueRequired":true,"valueName":"search_term_string"}}],"inLanguage":"pl-PL"}]}},"_links":{"self":[{"href":"https:\/\/pb.edu.pl\/cdias\/wp-json\/wp\/v2\/pages\/747","targetHints":{"allow":["GET"]}}],"collection":[{"href":"https:\/\/pb.edu.pl\/cdias\/wp-json\/wp\/v2\/pages"}],"about":[{"href":"https:\/\/pb.edu.pl\/cdias\/wp-json\/wp\/v2\/types\/page"}],"author":[{"embeddable":true,"href":"https:\/\/pb.edu.pl\/cdias\/wp-json\/wp\/v2\/users\/2"}],"replies":[{"embeddable":true,"href":"https:\/\/pb.edu.pl\/cdias\/wp-json\/wp\/v2\/comments?post=747"}],"version-history":[{"count":0,"href":"https:\/\/pb.edu.pl\/cdias\/wp-json\/wp\/v2\/pages\/747\/revisions"}],"wp:attachment":[{"href":"https:\/\/pb.edu.pl\/cdias\/wp-json\/wp\/v2\/media?parent=747"}],"curies":[{"name":"wp","href":"https:\/\/api.w.org\/{rel}","templated":true}]}}