{"id":506,"date":"2021-09-15T18:50:08","date_gmt":"2021-09-15T16:50:08","guid":{"rendered":"https:\/\/pb.edu.pl\/cdias\/?page_id=506"},"modified":"2026-01-14T14:41:15","modified_gmt":"2026-01-14T13:41:15","slug":"u-multirank","status":"publish","type":"page","link":"https:\/\/pb.edu.pl\/cdias\/rankingi-miedzynarodowe\/rankingi-instytucjonalne\/u-multirank\/","title":{"rendered":"U-Multirank"},"content":{"rendered":"<p><img loading=\"lazy\" decoding=\"async\" class=\"alignleft wp-image-541\" src=\"https:\/\/pb.edu.pl\/cdias\/wp-content\/uploads\/sites\/55\/2021\/09\/logo-rankingi-14-U-Multirank.png\" alt=\"Logo rankingu U-Multirank\" width=\"300\" height=\"44\" srcset=\"https:\/\/pb.edu.pl\/cdias\/wp-content\/uploads\/sites\/55\/2021\/09\/logo-rankingi-14-U-Multirank.png 1546w, https:\/\/pb.edu.pl\/cdias\/wp-content\/uploads\/sites\/55\/2021\/09\/logo-rankingi-14-U-Multirank-300x44.png 300w, https:\/\/pb.edu.pl\/cdias\/wp-content\/uploads\/sites\/55\/2021\/09\/logo-rankingi-14-U-Multirank-1024x149.png 1024w, https:\/\/pb.edu.pl\/cdias\/wp-content\/uploads\/sites\/55\/2021\/09\/logo-rankingi-14-U-Multirank-768x112.png 768w, https:\/\/pb.edu.pl\/cdias\/wp-content\/uploads\/sites\/55\/2021\/09\/logo-rankingi-14-U-Multirank-1536x224.png 1536w\" sizes=\"auto, (max-width: 300px) 100vw, 300px\" \/><\/p>\n<p style=\"text-align: justify\">Pierwsza edycja U-Multirank odby\u0142a si\u0119 w 2014 roku i obj\u0119\u0142a ponad 850 instytucji szkolnictwa wy\u017cszego z ponad 70 kraj\u00f3w. Wyniki prezentowano zar\u00f3wno na poziomie instytucjonalnym, jak i wydzia\u0142owym. Ostatnia edycja rankingu zosta\u0142a opublikowana w <strong>2022 roku<\/strong>, po czym <strong>dzia\u0142alno\u015b\u0107 rankingu zosta\u0142a zawieszona<\/strong>.<\/p>\n<p style=\"text-align: justify\">U-Multirank zosta\u0142 opracowany przez niezale\u017cne konsorcjum, kt\u00f3rym kierowa\u0142y Centre for Higher Education (CHE) w Niemczech, Center for Higher Education Policy Studies (CHEPS) Uniwersytetu Twente, Centre for Science and Technology Studies (CWTS) Uniwersytetu Leiden, Fundacion CYD oraz Folge 3. By\u0142 to pierwszy globalny ranking, kt\u00f3ry oferowa\u0142 kompleksowy obraz r\u00f3\u017cnorodno\u015bci uczelni. Dane wykorzystywane w U-Multirank pochodzi\u0142y z r\u00f3\u017cnych \u017ar\u00f3de\u0142, w tym od samych instytucji, z mi\u0119dzynarodowych baz danych bibliometrycznych i patentowych, a tak\u017ce z kwestionariuszy wype\u0142nianych przez ponad 85 tysi\u0119cy student\u00f3w. Ranking uwzgl\u0119dnia\u0142 31 wska\u017anik\u00f3w zgrupowanych w pi\u0119ciu obszarach: jako\u015b\u0107 kszta\u0142cenia, badania naukowe, transfer wiedzy, umi\u0119dzynarodowienie oraz zaanga\u017cowanie na poziomie regionalnym.<\/p>\n<p style=\"text-align: justify\">Multidyscyplinarne podej\u015bcie U-Multirank polega\u0142o na por\u00f3wnywaniu wynik\u00f3w uczelni w poszczeg\u00f3lnych obszarach i przyznawaniu ocen w skali od A (bardzo dobrze) do E (s\u0142abo). Ranking nie tworzy\u0142 jednolitej listy najlepszych uczelni na \u015bwiecie na podstawie sumarycznych wynik\u00f3w. U-Multirank pokazywa\u0142, \u017ce poj\u0119cie \u201enajlepszego uniwersytetu\u201d zale\u017ca\u0142o od indywidualnych potrzeb i preferencji, umo\u017cliwiaj\u0105c u\u017cytkownikom tworzenie ranking\u00f3w wed\u0142ug wybranych przez nich kryteri\u00f3w. Dzi\u0119ki temu mogli znale\u017a\u0107 uczelni\u0119 najlepiej odpowiadaj\u0105c\u0105 ich wymaganiom.<\/p>\n<p style=\"text-align: right\"><a href=\"https:\/\/www.umultirank.org\/\">www.umultirank.org<\/a><\/p>\n<hr>\n<hr>\n<h2 style=\"text-align: center\">Kryteria, wska\u017aniki, metodologia rankingu<\/h2>\n<p style=\"text-align: center\">Wska\u017aniki U-Multirank s\u0105 oparte na r\u00f3\u017cnych \u017ar\u00f3d\u0142ach danych i narz\u0119dziach do zbierania danych.<\/p>\n<p><img loading=\"lazy\" decoding=\"async\" class=\"aligncenter wp-image-1614 size-full\" src=\"https:\/\/pb.edu.pl\/cdias\/wp-content\/uploads\/sites\/55\/2024\/09\/multirank11.png\" alt=\"\u0179r\u00f3d\u0142a danych do rankingu: Dane zg\u0142aszane samodzielnie, ankiety dla student\u00f3w, dane bibliometryczne i patentowe\" width=\"702\" height=\"397\" srcset=\"https:\/\/pb.edu.pl\/cdias\/wp-content\/uploads\/sites\/55\/2024\/09\/multirank11.png 702w, https:\/\/pb.edu.pl\/cdias\/wp-content\/uploads\/sites\/55\/2024\/09\/multirank11-300x170.png 300w\" sizes=\"auto, (max-width: 702px) 100vw, 702px\" \/><\/p>\n<p><img loading=\"lazy\" decoding=\"async\" class=\"aligncenter wp-image-1617 size-full\" src=\"https:\/\/pb.edu.pl\/cdias\/wp-content\/uploads\/sites\/55\/2024\/09\/multimetodo.png\" alt=\"Metodologia rankingu w formie kolorowej grafiki. Wyszczeg\u00f3lnione mierniki (5 kategorii ) i wska\u017aniki ( \u0142\u0105cznie 29 wska\u017anik\u00f3w) \" width=\"1280\" height=\"778\" srcset=\"https:\/\/pb.edu.pl\/cdias\/wp-content\/uploads\/sites\/55\/2024\/09\/multimetodo.png 1280w, https:\/\/pb.edu.pl\/cdias\/wp-content\/uploads\/sites\/55\/2024\/09\/multimetodo-300x182.png 300w, https:\/\/pb.edu.pl\/cdias\/wp-content\/uploads\/sites\/55\/2024\/09\/multimetodo-1024x622.png 1024w, https:\/\/pb.edu.pl\/cdias\/wp-content\/uploads\/sites\/55\/2024\/09\/multimetodo-768x467.png 768w\" sizes=\"auto, (max-width: 1280px) 100vw, 1280px\" \/><\/p>\n<p>&nbsp;<\/p>\n<p>&nbsp;<\/p>\n<hr>\n<hr>\n<h2 style=\"text-align: center\">Politechnika Bia\u0142ostocka w rankingu U-Multirank<\/h2>\n<p style=\"text-align: justify\">W 2021 roku Politechnika Bia\u0142ostocka po raz pierwszy aplikowa\u0142a do rankingu U-Multirank. Uczelnia zaj\u0119\u0142a 21 miejsce na 42 uczelnie wy\u017csze z Polski. Spo\u015br\u00f3d wszystkich wydzia\u0142\u00f3w Politechniki Bia\u0142ostockiej do rankingu przyst\u0105pi\u0142 Wydzia\u0142 Mechaniczny. W rankingu tematycznym (Engineering &gt; Mechanical Engineering ) Wydzia\u0142 Mechaniczny zosta\u0142 sklasyfikowany na 4 pozycji w\u015br\u00f3d 14 wydzia\u0142\u00f3w mechanicznych z Polski i 50 w\u015br\u00f3d 276 wydzia\u0142\u00f3w mechanicznych na \u015bwiecie. W rankingu U-Multirank bra\u0142o udzia\u0142 2202 uniwersytet\u00f3w z 96 kraj\u00f3w z ca\u0142ego \u015bwiata w tym 42 uczelnie z Polski. Ocenie rankingowej podlega\u0142y 5 574 wydzia\u0142y, 11 605 program\u00f3w w 30 obszarach tematycznych. &nbsp;Politechnika Bia\u0142ostocka w rankingu zosta\u0142a okre\u015blona jako uczelnia kompleksowa pod wzgl\u0119dem zakresu przedmiot\u00f3w i kierunk\u00f3w studi\u00f3w. W pi\u0119ciu wymiarach oceny rankingu U-Multirank, Politechnika Bia\u0142ostocka najwy\u017csze oceny otrzyma\u0142a w obszarze jako\u015bci bada\u0144 naukowych i zaanga\u017cowania we wsp\u00f3\u0142prac\u0119 regionaln\u0105.<\/p>\n<p style=\"text-align: justify\">Ocena uczelni podzielona zosta\u0142a na pi\u0119\u0107 obszar\u00f3w:<\/p>\n<ul style=\"text-align: justify\">\n<li>jako\u015b\u0107 kszta\u0142cenia (zawiera 8 wska\u017anik\u00f3w),<\/li>\n<li>jako\u015b\u0107 bada\u0144 naukowych (11 wska\u017anik\u00f3w),<\/li>\n<li>transfer wiedzy i technologii (9 wska\u017anik\u00f3w),<\/li>\n<li>poziom umi\u0119dzynarodowienia (6 wska\u017anik\u00f3w),<\/li>\n<li>zaanga\u017cowanie we wsp\u00f3\u0142prac\u0119 regionaln\u0105 (6 wska\u017anik\u00f3w).<\/li>\n<\/ul>\n<p style=\"text-align: justify\">W edycji 2022 rankingu <strong>Politechnika Bia\u0142ostocka uzyska\u0142a ocen\u0119 A w 5 wska\u017anikach<\/strong>:<\/p>\n<ul style=\"text-align: justify\">\n<li>procentowy udzia\u0142 publikacji interdyscyplinarnych,<\/li>\n<li>procentowy udzia\u0142 publikacji z otwartym dost\u0119pem,<\/li>\n<li>liczba za\u0142o\u017conych firm przez absolwent\u00f3w Uczelni,<\/li>\n<li>absolwenci studi\u00f3w licencjackich, kt\u00f3rzy swoj\u0105 pierwsz\u0105 prac\u0119 po uko\u0144czeniu studi\u00f3w znale\u017ali w regionie w\u0142a\u015bciwym dla siedziby uczelni,<\/li>\n<li>absolwenci studi\u00f3w magisterskich, kt\u00f3rzy swoj\u0105 pierwsz\u0105 prac\u0119 po uko\u0144czeniu studi\u00f3w znale\u017ali w regionie w\u0142a\u015bciwym dla siedziby uczelni.<\/li>\n<\/ul>\n<p style=\"text-align: justify\">Wydzia\u0142 Mechaniczny, kt\u00f3ry uzyska\u0142 wysok\u0105 4 lokat\u0119 w\u015br\u00f3d polskich wydzia\u0142\u00f3w mechanicznych najwy\u017csz\u0105 ocen\u0119 A otrzyma\u0142 w 4 wska\u017anikach:<\/p>\n<ul>\n<li style=\"text-align: justify\">stosunek liczby student\u00f3w do pracownik\u00f3w,<\/li>\n<li style=\"text-align: justify\">odsetek kobiet w\u015br\u00f3d wszystkich autor\u00f3w na uczelni,<\/li>\n<li style=\"text-align: justify\">liczba publikacji naukowych wydzia\u0142u zaindeksowanych w bazie danych Web of Science Core Collection, w kt\u00f3rej co najmniej jeden autor jest powi\u0105zany z uczelnia \u017ar\u00f3d\u0142ow\u0105.<\/li>\n<li style=\"text-align: justify\">odsetek zewn\u0119trznych przychod\u00f3w badawczych z zagranicy.<\/li>\n<\/ul>\n<p>&nbsp;<\/p>\n<hr>\n<hr>\n<h2 style=\"text-align: center\">Informacje dodatkowe<\/h2>\n<table style=\"height: 131px;width: 61.985%;border-collapse: collapse;background-color: #008687;border-color: #e8e8e8;margin: 0px auto\">\n<tbody>\n<tr style=\"height: 20px\">\n<td style=\"width: 52.221%;height: 32px;border-style: solid;border-color: #e3e3e3;text-align: center;background-color: #259181\" width=\"151\">\n<h6><span style=\"font-size: 10pt\"><strong><span style=\"color: #ffffff\">Odp\u0142atno\u015b\u0107 za udzia\u0142 w&nbsp; rankingu<\/span><\/strong><\/span><\/h6>\n<\/td>\n<td style=\"width: 48.4295%;background-color: #ffffff;height: 32px;border-style: solid;border-color: #e3e3e3;text-align: center\" width=\"510\">\n<h6><span style=\"font-size: 10pt\">&nbsp;bezp\u0142atny<\/span><\/h6>\n<\/td>\n<\/tr>\n<tr style=\"height: 20px\">\n<td style=\"width: 52.221%;height: 44px;border-style: solid;border-color: #e3e3e3;text-align: center;background-color: #259181\" width=\"151\">\n<h6><span style=\"color: #ffffff;font-size: 10pt\"><strong>Zg\u0142oszenie do rankingu<\/strong><\/span><\/h6>\n<\/td>\n<td style=\"width: 48.4295%;background-color: #ffffff;height: 44px;border-style: solid;border-color: #e3e3e3;text-align: center\" width=\"510\">\n<h6><span style=\"font-size: 10pt\">wymaga\u0142 zg\u0142oszenia<\/span><\/h6>\n<\/td>\n<\/tr>\n<tr style=\"height: 20px\">\n<td style=\"width: 52.221%;height: 19px;border-style: solid;border-color: #e3e3e3;text-align: center;background-color: #259181\" width=\"151\">\n<h6><span style=\"color: #ffffff;font-size: 10pt\"><strong>Czy ranking uwzgl\u0119dniany przez Perspektywy?<\/strong><\/span><\/h6>\n<\/td>\n<td style=\"width: 48.4295%;background-color: #ffffff;height: 19px;border-style: solid;border-color: #e3e3e3;text-align: center\" width=\"510\">\n<h6><span style=\"font-size: 10pt\">TAK<\/span><\/h6>\n<\/td>\n<\/tr>\n<tr style=\"height: 20px\">\n<td style=\"width: 52.221%;border-style: solid;border-color: #e3e3e3;height: 26px;text-align: center;background-color: #259181\">\n<h6><span style=\"color: #ffffff;font-size: 10pt\"><strong>Cykliczno\u015b\u0107<\/strong><\/span><\/h6>\n<\/td>\n<td style=\"width: 48.4295%;background-color: #ffffff;border-style: solid;border-color: #e3e3e3;text-align: center;height: 26px\">\n<h6><span style=\"font-size: 10pt\">Raz w roku<\/span><\/h6>\n<\/td>\n<\/tr>\n<tr style=\"height: 20px\">\n<td style=\"width: 52.221%;height: 10px;border-style: solid;border-color: #e3e3e3;text-align: center;background-color: #259181\" rowspan=\"2\" width=\"151\">\n<h6><span style=\"color: #ffffff;font-size: 10pt\"><strong>\u0179r\u00f3d\u0142o rankingu<\/strong><\/span><\/h6>\n<\/td>\n<td style=\"width: 48.4295%;background-color: #ffffff;height: 10px;border-style: solid;border-color: #e3e3e3;text-align: center\" rowspan=\"2\" width=\"510\">\n<h6><strong><span style=\"font-size: 13.3333px\">ranking zawieszony<\/span><\/strong><\/h6>\n<\/td>\n<\/tr>\n<\/tbody>\n<\/table>\n<p>&nbsp;<\/p>\n","protected":false},"excerpt":{"rendered":"<p>Pierwsza edycja U-Multirank odby\u0142a si\u0119 w 2014 roku i obj\u0119\u0142a ponad 850 instytucji szkolnictwa wy\u017cszego<\/p>\n","protected":false},"author":2,"featured_media":0,"parent":428,"menu_order":14,"comment_status":"closed","ping_status":"closed","template":"","meta":{"_acf_changed":false,"ngg_post_thumbnail":0,"footnotes":""},"class_list":["post-506","page","type-page","status-publish","hentry"],"acf":[],"yoast_head":"<!-- This site is optimized with the Yoast SEO plugin v27.0 - https:\/\/yoast.com\/product\/yoast-seo-wordpress\/ -->\n<title>U-Multirank - Centrum Danych i Analiz Strategicznych<\/title>\n<meta name=\"description\" content=\"Pierwsza edycja U-Multirank odby\u0142a si\u0119 w 2014 roku i obj\u0119\u0142a ponad 850 instytucji szkolnictwa wy\u017cszego z ponad 70 kraj\u00f3w. Wyniki prezentowano zar\u00f3wno na\" \/>\n<meta name=\"robots\" content=\"index, follow, max-snippet:-1, max-image-preview:large, max-video-preview:-1\" \/>\n<link rel=\"canonical\" href=\"https:\/\/pb.edu.pl\/cdias\/rankingi-miedzynarodowe\/rankingi-instytucjonalne\/u-multirank\/\" \/>\n<meta property=\"og:locale\" content=\"pl_PL\" \/>\n<meta property=\"og:type\" content=\"article\" \/>\n<meta property=\"og:title\" content=\"U-Multirank - Centrum Danych i Analiz Strategicznych\" \/>\n<meta property=\"og:description\" content=\"Pierwsza edycja U-Multirank odby\u0142a si\u0119 w 2014 roku i obj\u0119\u0142a ponad 850 instytucji szkolnictwa wy\u017cszego z ponad 70 kraj\u00f3w. Wyniki prezentowano zar\u00f3wno na\" \/>\n<meta property=\"og:url\" content=\"https:\/\/pb.edu.pl\/cdias\/rankingi-miedzynarodowe\/rankingi-instytucjonalne\/u-multirank\/\" \/>\n<meta property=\"og:site_name\" content=\"Centrum Danych i Analiz Strategicznych\" \/>\n<meta property=\"article:modified_time\" content=\"2026-01-14T13:41:15+00:00\" \/>\n<meta property=\"og:image\" content=\"https:\/\/pb.edu.pl\/cdias\/wp-content\/uploads\/sites\/55\/2021\/09\/logo-rankingi-14-U-Multirank.png\" \/>\n<meta name=\"twitter:card\" content=\"summary_large_image\" \/>\n<meta name=\"twitter:label1\" content=\"Szacowany czas czytania\" \/>\n\t<meta name=\"twitter:data1\" content=\"4 minuty\" \/>\n<script type=\"application\/ld+json\" class=\"yoast-schema-graph\">{\"@context\":\"https:\/\/schema.org\",\"@graph\":[{\"@type\":\"WebPage\",\"@id\":\"https:\/\/pb.edu.pl\/cdias\/rankingi-miedzynarodowe\/rankingi-instytucjonalne\/u-multirank\/\",\"url\":\"https:\/\/pb.edu.pl\/cdias\/rankingi-miedzynarodowe\/rankingi-instytucjonalne\/u-multirank\/\",\"name\":\"U-Multirank - Centrum Danych i Analiz Strategicznych\",\"isPartOf\":{\"@id\":\"https:\/\/pb.edu.pl\/cdias\/#website\"},\"primaryImageOfPage\":{\"@id\":\"https:\/\/pb.edu.pl\/cdias\/rankingi-miedzynarodowe\/rankingi-instytucjonalne\/u-multirank\/#primaryimage\"},\"image\":{\"@id\":\"https:\/\/pb.edu.pl\/cdias\/rankingi-miedzynarodowe\/rankingi-instytucjonalne\/u-multirank\/#primaryimage\"},\"thumbnailUrl\":\"https:\/\/pb.edu.pl\/cdias\/wp-content\/uploads\/sites\/55\/2021\/09\/logo-rankingi-14-U-Multirank.png\",\"datePublished\":\"2021-09-15T16:50:08+00:00\",\"dateModified\":\"2026-01-14T13:41:15+00:00\",\"description\":\"Pierwsza edycja U-Multirank odby\u0142a si\u0119 w 2014 roku i obj\u0119\u0142a ponad 850 instytucji szkolnictwa wy\u017cszego z ponad 70 kraj\u00f3w. Wyniki prezentowano zar\u00f3wno na\",\"breadcrumb\":{\"@id\":\"https:\/\/pb.edu.pl\/cdias\/rankingi-miedzynarodowe\/rankingi-instytucjonalne\/u-multirank\/#breadcrumb\"},\"inLanguage\":\"pl-PL\",\"potentialAction\":[{\"@type\":\"ReadAction\",\"target\":[\"https:\/\/pb.edu.pl\/cdias\/rankingi-miedzynarodowe\/rankingi-instytucjonalne\/u-multirank\/\"]}]},{\"@type\":\"ImageObject\",\"inLanguage\":\"pl-PL\",\"@id\":\"https:\/\/pb.edu.pl\/cdias\/rankingi-miedzynarodowe\/rankingi-instytucjonalne\/u-multirank\/#primaryimage\",\"url\":\"https:\/\/pb.edu.pl\/cdias\/wp-content\/uploads\/sites\/55\/2021\/09\/logo-rankingi-14-U-Multirank.png\",\"contentUrl\":\"https:\/\/pb.edu.pl\/cdias\/wp-content\/uploads\/sites\/55\/2021\/09\/logo-rankingi-14-U-Multirank.png\",\"width\":1546,\"height\":225},{\"@type\":\"BreadcrumbList\",\"@id\":\"https:\/\/pb.edu.pl\/cdias\/rankingi-miedzynarodowe\/rankingi-instytucjonalne\/u-multirank\/#breadcrumb\",\"itemListElement\":[{\"@type\":\"ListItem\",\"position\":1,\"name\":\"Strona g\u0142\u00f3wna\",\"item\":\"https:\/\/pb.edu.pl\/cdias\/\"},{\"@type\":\"ListItem\",\"position\":2,\"name\":\"Rankingi mi\u0119dzynarodowe\",\"item\":\"https:\/\/pb.edu.pl\/cdias\/rankingi-miedzynarodowe\/\"},{\"@type\":\"ListItem\",\"position\":3,\"name\":\"Rankingi instytucjonalne\",\"item\":\"https:\/\/pb.edu.pl\/cdias\/rankingi-miedzynarodowe\/rankingi-instytucjonalne\/\"},{\"@type\":\"ListItem\",\"position\":4,\"name\":\"U-Multirank\"}]},{\"@type\":\"WebSite\",\"@id\":\"https:\/\/pb.edu.pl\/cdias\/#website\",\"url\":\"https:\/\/pb.edu.pl\/cdias\/\",\"name\":\"Centrum Danych i Analiz Strategicznych\",\"description\":\"\",\"potentialAction\":[{\"@type\":\"SearchAction\",\"target\":{\"@type\":\"EntryPoint\",\"urlTemplate\":\"https:\/\/pb.edu.pl\/cdias\/?s={search_term_string}\"},\"query-input\":{\"@type\":\"PropertyValueSpecification\",\"valueRequired\":true,\"valueName\":\"search_term_string\"}}],\"inLanguage\":\"pl-PL\"}]}<\/script>\n<!-- \/ Yoast SEO plugin. -->","yoast_head_json":{"title":"U-Multirank - Centrum Danych i Analiz Strategicznych","description":"Pierwsza edycja U-Multirank odby\u0142a si\u0119 w 2014 roku i obj\u0119\u0142a ponad 850 instytucji szkolnictwa wy\u017cszego z ponad 70 kraj\u00f3w. Wyniki prezentowano zar\u00f3wno na","robots":{"index":"index","follow":"follow","max-snippet":"max-snippet:-1","max-image-preview":"max-image-preview:large","max-video-preview":"max-video-preview:-1"},"canonical":"https:\/\/pb.edu.pl\/cdias\/rankingi-miedzynarodowe\/rankingi-instytucjonalne\/u-multirank\/","og_locale":"pl_PL","og_type":"article","og_title":"U-Multirank - Centrum Danych i Analiz Strategicznych","og_description":"Pierwsza edycja U-Multirank odby\u0142a si\u0119 w 2014 roku i obj\u0119\u0142a ponad 850 instytucji szkolnictwa wy\u017cszego z ponad 70 kraj\u00f3w. Wyniki prezentowano zar\u00f3wno na","og_url":"https:\/\/pb.edu.pl\/cdias\/rankingi-miedzynarodowe\/rankingi-instytucjonalne\/u-multirank\/","og_site_name":"Centrum Danych i Analiz Strategicznych","article_modified_time":"2026-01-14T13:41:15+00:00","og_image":[{"url":"https:\/\/pb.edu.pl\/cdias\/wp-content\/uploads\/sites\/55\/2021\/09\/logo-rankingi-14-U-Multirank.png","type":"","width":"","height":""}],"twitter_card":"summary_large_image","twitter_misc":{"Szacowany czas czytania":"4 minuty"},"schema":{"@context":"https:\/\/schema.org","@graph":[{"@type":"WebPage","@id":"https:\/\/pb.edu.pl\/cdias\/rankingi-miedzynarodowe\/rankingi-instytucjonalne\/u-multirank\/","url":"https:\/\/pb.edu.pl\/cdias\/rankingi-miedzynarodowe\/rankingi-instytucjonalne\/u-multirank\/","name":"U-Multirank - Centrum Danych i Analiz Strategicznych","isPartOf":{"@id":"https:\/\/pb.edu.pl\/cdias\/#website"},"primaryImageOfPage":{"@id":"https:\/\/pb.edu.pl\/cdias\/rankingi-miedzynarodowe\/rankingi-instytucjonalne\/u-multirank\/#primaryimage"},"image":{"@id":"https:\/\/pb.edu.pl\/cdias\/rankingi-miedzynarodowe\/rankingi-instytucjonalne\/u-multirank\/#primaryimage"},"thumbnailUrl":"https:\/\/pb.edu.pl\/cdias\/wp-content\/uploads\/sites\/55\/2021\/09\/logo-rankingi-14-U-Multirank.png","datePublished":"2021-09-15T16:50:08+00:00","dateModified":"2026-01-14T13:41:15+00:00","description":"Pierwsza edycja U-Multirank odby\u0142a si\u0119 w 2014 roku i obj\u0119\u0142a ponad 850 instytucji szkolnictwa wy\u017cszego z ponad 70 kraj\u00f3w. Wyniki prezentowano zar\u00f3wno na","breadcrumb":{"@id":"https:\/\/pb.edu.pl\/cdias\/rankingi-miedzynarodowe\/rankingi-instytucjonalne\/u-multirank\/#breadcrumb"},"inLanguage":"pl-PL","potentialAction":[{"@type":"ReadAction","target":["https:\/\/pb.edu.pl\/cdias\/rankingi-miedzynarodowe\/rankingi-instytucjonalne\/u-multirank\/"]}]},{"@type":"ImageObject","inLanguage":"pl-PL","@id":"https:\/\/pb.edu.pl\/cdias\/rankingi-miedzynarodowe\/rankingi-instytucjonalne\/u-multirank\/#primaryimage","url":"https:\/\/pb.edu.pl\/cdias\/wp-content\/uploads\/sites\/55\/2021\/09\/logo-rankingi-14-U-Multirank.png","contentUrl":"https:\/\/pb.edu.pl\/cdias\/wp-content\/uploads\/sites\/55\/2021\/09\/logo-rankingi-14-U-Multirank.png","width":1546,"height":225},{"@type":"BreadcrumbList","@id":"https:\/\/pb.edu.pl\/cdias\/rankingi-miedzynarodowe\/rankingi-instytucjonalne\/u-multirank\/#breadcrumb","itemListElement":[{"@type":"ListItem","position":1,"name":"Strona g\u0142\u00f3wna","item":"https:\/\/pb.edu.pl\/cdias\/"},{"@type":"ListItem","position":2,"name":"Rankingi mi\u0119dzynarodowe","item":"https:\/\/pb.edu.pl\/cdias\/rankingi-miedzynarodowe\/"},{"@type":"ListItem","position":3,"name":"Rankingi instytucjonalne","item":"https:\/\/pb.edu.pl\/cdias\/rankingi-miedzynarodowe\/rankingi-instytucjonalne\/"},{"@type":"ListItem","position":4,"name":"U-Multirank"}]},{"@type":"WebSite","@id":"https:\/\/pb.edu.pl\/cdias\/#website","url":"https:\/\/pb.edu.pl\/cdias\/","name":"Centrum Danych i Analiz Strategicznych","description":"","potentialAction":[{"@type":"SearchAction","target":{"@type":"EntryPoint","urlTemplate":"https:\/\/pb.edu.pl\/cdias\/?s={search_term_string}"},"query-input":{"@type":"PropertyValueSpecification","valueRequired":true,"valueName":"search_term_string"}}],"inLanguage":"pl-PL"}]}},"_links":{"self":[{"href":"https:\/\/pb.edu.pl\/cdias\/wp-json\/wp\/v2\/pages\/506","targetHints":{"allow":["GET"]}}],"collection":[{"href":"https:\/\/pb.edu.pl\/cdias\/wp-json\/wp\/v2\/pages"}],"about":[{"href":"https:\/\/pb.edu.pl\/cdias\/wp-json\/wp\/v2\/types\/page"}],"author":[{"embeddable":true,"href":"https:\/\/pb.edu.pl\/cdias\/wp-json\/wp\/v2\/users\/2"}],"replies":[{"embeddable":true,"href":"https:\/\/pb.edu.pl\/cdias\/wp-json\/wp\/v2\/comments?post=506"}],"version-history":[{"count":0,"href":"https:\/\/pb.edu.pl\/cdias\/wp-json\/wp\/v2\/pages\/506\/revisions"}],"up":[{"embeddable":true,"href":"https:\/\/pb.edu.pl\/cdias\/wp-json\/wp\/v2\/pages\/428"}],"wp:attachment":[{"href":"https:\/\/pb.edu.pl\/cdias\/wp-json\/wp\/v2\/media?parent=506"}],"curies":[{"name":"wp","href":"https:\/\/api.w.org\/{rel}","templated":true}]}}