{"id":494,"date":"2021-09-15T18:45:25","date_gmt":"2021-09-15T16:45:25","guid":{"rendered":"https:\/\/pb.edu.pl\/cdias\/?page_id=494"},"modified":"2025-12-12T15:18:27","modified_gmt":"2025-12-12T14:18:27","slug":"mosiur","status":"publish","type":"page","link":"https:\/\/pb.edu.pl\/cdias\/rankingi-miedzynarodowe\/rankingi-instytucjonalne\/mosiur\/","title":{"rendered":"MosIUR"},"content":{"rendered":"<p><img loading=\"lazy\" decoding=\"async\" class=\"alignleft wp-image-525 \" src=\"https:\/\/pb.edu.pl\/cdias\/wp-content\/uploads\/sites\/55\/2021\/09\/logo-rankingi-8-mousiur.png\" alt=\"Logo rankingu MosIUR\" width=\"336\" height=\"336\" srcset=\"https:\/\/pb.edu.pl\/cdias\/wp-content\/uploads\/sites\/55\/2021\/09\/logo-rankingi-8-mousiur.png 225w, https:\/\/pb.edu.pl\/cdias\/wp-content\/uploads\/sites\/55\/2021\/09\/logo-rankingi-8-mousiur-150x150.png 150w\" sizes=\"auto, (max-width: 336px) 100vw, 336px\" \/><\/p>\n<p style=\"text-align: justify\"><strong>The Three University Missions Moscow International University Ranking<\/strong> (w skr\u00f3cie zwany Moscow Ranking) to globalny ranking uczelni akademickich opracowany przez Rosyjskie Stowarzyszenie Rating Makers, przy udziale mi\u0119dzynarodowego stowarzyszenia IREG Observatory on Academic Ranking and Excellence. Ranking ocenia jako\u015b\u0107 kszta\u0142cenia, badania naukowe, a tak\u017ce, po raz pierwszy w zestawieniu \u015bwiatowych ranking\u00f3w akademickich, konsekwentnie ocenia wk\u0142ad uczelni w spo\u0142ecze\u0144stwo. Ranking publikowany jest corocznie od 2017 roku.<\/p>\n<p style=\"text-align: justify\">\u0179r\u00f3d\u0142em informacji do rankingu s\u0105 dane z oficjalnych stron internetowych uczelni i dane statystyczne krajowe, a tak\u017ce dane z niezale\u017cnych \u017ar\u00f3de\u0142 mi\u0119dzynarodowych: Clarivate Analytics (dostawca danych i wska\u017anik\u00f3w z InCites i Global Institutional Profiles Projekt (GIPP) ); internetowe platformy masowej edukacji Coursera i edX; publicznie dost\u0119pna wieloj\u0119zyczna uniwersalna encyklopedia \u201eWikipedia\u201d; wyszukiwarki Google, Yandex, Baidu; sieci spo\u0142eczno\u015bciowe Facebook, Twitter, VK, Sina Weibo; Firma Alexa; strony internetowe mi\u0119dzynarodowych olimpiad studenckich; serwisy z nagrodami naukowymi z Listy Mi\u0119dzynarodowych Nagr\u00f3d Akademickich IREG.<\/p>\n<p style=\"text-align: justify\">Rosyjskie Stowarzyszenie Rating Makers podkre\u015bla, \u017ce podstawowa r\u00f3\u017cnica nowego rankingu polega na tym, \u017ce opiera si\u0119 on na konsekwentnie mierzonych wska\u017anikach ilo\u015bciowych i wyklucza wykorzystanie danych opartych na badaniach reputacyjnych, co znacznie podnosi poziom obiektywizmu.<\/p>\n<p style=\"text-align: right\"><a href=\"https:\/\/mosiur.org\/\">mosiur.org<\/a><\/p>\n<p>&nbsp;<\/p>\n<p>&nbsp;<\/p>\n<hr>\n<hr>\n<h2 style=\"text-align: center\">Kryteria, wska\u017aniki, metodologia rankingu<\/h2>\n<p style=\"text-align: justify\">Liczb\u0119 uczelni reprezentuj\u0105cych kraj ustala si\u0119 proporcjonalnie do wk\u0142adu wniesionego przez ten kraj do gospodarki \u015bwiatowej. W niekt\u00f3rych przypadkach selekcja odbywa\u0142a si\u0119 na podstawie liczby publikacji naukowych Uczelni, indeksowanych przez baz\u0119 abstrakt\u00f3w Web of Science Core Collection, zgodnie z danymi uzyskanymi za pomoc\u0105 narz\u0119dzi analitycznych InCites. Ponadto, w\u0105sko skoncentrowane uczelnie wy\u017csze, czyli bez program\u00f3w edukacyjnych w co najmniej dw\u00f3ch z 6 obszar\u00f3w wiedzy wed\u0142ug klasyfikacji OECD oraz uczelnie, bez studi\u00f3w licencjackich, magisterskich i doktoranckich lub ich odpowiednik\u00f3w zosta\u0142y wy\u0142\u0105czone z rankingu. Wyklucza si\u0119 r\u00f3wnie\u017c uczelnie, kt\u00f3rych liczba student\u00f3w jest mniejsza ni\u017c 500.<\/p>\n<table style=\"height: 634px;width: 56.4013%;border-collapse: collapse;background-color: #008687;border-color: #e8e8e8;margin: 0px auto\">\n<tbody>\n<tr style=\"height: 20px\">\n<td style=\"width: 6.93298%;height: 63px;border-color: #f0f0f0;border-style: solid;text-align: center\">\n<h6 style=\"text-align: center\"><span style=\"font-size: 10pt\"><strong><span style=\"color: #ffffff\">Miernik<\/span><\/strong><\/span><\/h6>\n<\/td>\n<td style=\"width: 59.4008%;height: 63px;text-align: center;border-color: #f0f0f0;border-style: solid\">\n<h6><span style=\"font-size: 10pt\"><strong><span style=\"color: #ffffff\">Wska\u017anik<\/span><\/strong><\/span><\/h6>\n<\/td>\n<td style=\"width: 6.82305%;height: 63px;text-align: center;border-color: #f0f0f0;border-style: solid\">\n<h6><span style=\"font-size: 10pt\"><strong><span style=\"color: #ffffff\">Waga<\/span><\/strong><\/span><\/h6>\n<\/td>\n<\/tr>\n<tr style=\"height: 20px\">\n<td style=\"width: 6.93298%;height: 93px;border-color: #f0f0f0;border-style: solid;text-align: center\" rowspan=\"4\" width=\"151\">\n<h6><span style=\"font-size: 10pt;color: #ffffff\">EDUKACJA<\/span><\/h6>\n<\/td>\n<td style=\"width: 59.4008%;height: 31px;background-color: #ffffff;border-color: #f0f0f0;border-style: solid;text-align: center\" width=\"462\">\n<h6><span style=\"font-size: 10pt\">Zwyci\u0119stwa w mi\u0119dzynarodowych konkursach studenckich 7%<\/span><\/h6>\n<\/td>\n<td style=\"width: 6.82305%;background-color: #ffffff;height: 93px;text-align: center;border-color: #f0f0f0;border-style: solid\" rowspan=\"4\" width=\"47\">\n<h6><span style=\"font-size: 10pt\">45%<\/span><\/h6>\n<\/td>\n<\/tr>\n<tr style=\"height: 20px\">\n<td style=\"width: 59.4008%;height: 10px;background-color: #ffffff;border-color: #f0f0f0;border-style: solid;text-align: center\" width=\"462\">\n<h6><span style=\"font-size: 10pt\">Odsetek student\u00f3w mi\u0119dzynarodowych 8%<\/span><\/h6>\n<\/td>\n<\/tr>\n<tr style=\"height: 20px\">\n<td style=\"width: 59.4008%;height: 10px;background-color: #ffffff;border-color: #f0f0f0;border-style: solid;text-align: center\" width=\"462\">\n<h6><span style=\"font-size: 10pt\">Stosunek bud\u017cetu uczelni do liczby student\u00f3w 15%<\/span><\/h6>\n<\/td>\n<\/tr>\n<tr style=\"height: 20px\">\n<td style=\"width: 59.4008%;background-color: #ffffff;border-color: #f0f0f0;border-style: solid;text-align: center;height: 42px\">\n<h6><span style=\"font-size: 10pt\">Stosunek liczby student\u00f3w do liczby nauczycieli akademickich 15%<\/span><\/h6>\n<\/td>\n<\/tr>\n<tr style=\"height: 20px\">\n<td style=\"width: 6.93298%;height: 141px;border-color: #f0f0f0;border-style: solid;text-align: center\" rowspan=\"4\" width=\"151\">\n<h6><span style=\"font-size: 10pt;color: #ffffff\">BADANIA NAUKOWE<\/span><\/h6>\n<\/td>\n<td style=\"width: 59.4008%;background-color: #ffffff;height: 32px;border-color: #f0f0f0;border-style: solid;text-align: center\" width=\"462\">\n<h6><span style=\"font-size: 10pt\">Liczba nagr\u00f3d na li\u015bcie Obserwatorium IREG zdobytych przez nauczycieli akademickich i absolwent\u00f3w uczelni&nbsp; 7%<\/span><\/h6>\n<\/td>\n<td style=\"width: 6.82305%;background-color: #ffffff;height: 141px;text-align: center;border-color: #f0f0f0;border-style: solid\" rowspan=\"4\" width=\"47\">\n<h6><span style=\"font-size: 10pt\">25%<\/span><\/h6>\n<\/td>\n<\/tr>\n<tr style=\"height: 20px\">\n<td style=\"width: 59.4008%;background-color: #ffffff;height: 39px;border-color: #f0f0f0;border-style: solid;text-align: center\" width=\"462\">\n<h6><span style=\"font-size: 10pt\">Normalised Citation Impact (poziom globalny), wg Web of Science 10%<\/span><\/h6>\n<\/td>\n<\/tr>\n<tr style=\"height: 53px\">\n<td style=\"width: 59.4008%;background-color: #ffffff;border-color: #f0f0f0;border-style: solid;text-align: center;height: 53px\">\n<h6><span style=\"font-size: 10pt\">Normalised Citation Impact (poziom krajowy), wg Web of Science 3%<\/span><\/h6>\n<\/td>\n<\/tr>\n<tr style=\"height: 20px\">\n<td style=\"width: 59.4008%;background-color: #ffffff;height: 17px;border-color: #f0f0f0;border-style: solid;text-align: center\" width=\"462\">\n<h6><span style=\"font-size: 10pt\">Doch\u00f3d z bada\u0144 na jednego pracownika naukowego 5%<\/span><\/h6>\n<\/td>\n<\/tr>\n<tr style=\"height: 20px\">\n<td style=\"width: 6.93298%;height: 337px;border-color: #f0f0f0;border-style: solid;text-align: center\" rowspan=\"8\">\n<h6><span style=\"font-size: 10pt;color: #ffffff\">UCZELNIA I SPO\u0141ECZE\u0143STWO<\/span><\/h6>\n<\/td>\n<td style=\"width: 59.4008%;background-color: #ffffff;height: 23px;border-color: #f0f0f0;border-style: solid;text-align: center\" width=\"462\">\n<h6><span style=\"font-size: 10pt\">Liczba otwartych Kurs\u00f3w online (MOOC) 6%<\/span><\/h6>\n<\/td>\n<td style=\"width: 6.82305%;background-color: #ffffff;text-align: center;height: 337px;border-color: #f0f0f0;border-style: solid\" rowspan=\"8\">\n<h6><span style=\"font-size: 10pt\">30%<\/span><\/h6>\n<\/td>\n<\/tr>\n<tr style=\"height: 20px\">\n<td style=\"width: 59.4008%;background-color: #ffffff;border-color: #f0f0f0;border-style: solid;text-align: center;height: 42px\">\n<h6><span style=\"font-size: 10pt\">Udzia\u0142 Uczelni w ca\u0142kowitej liczbie publikacji naukowych w kraju 4%<\/span><\/h6>\n<\/td>\n<\/tr>\n<tr style=\"height: 20px\">\n<td style=\"width: 59.4008%;background-color: #ffffff;border-color: #f0f0f0;border-style: solid;text-align: center;height: 42px\">\n<h6><span style=\"font-size: 10pt\">\u0141\u0105czna liczba stron internetowych uczelni zindeksowana przez wiod\u0105ce wyszukiwarki 3%<\/span><\/h6>\n<\/td>\n<\/tr>\n<tr style=\"height: 20px\">\n<td style=\"width: 59.4008%;background-color: #ffffff;border-color: #f0f0f0;border-style: solid;text-align: center;height: 42px\">\n<h6><span style=\"font-size: 10pt\">Ogl\u0105dalno\u015b\u0107 strony uczelni w Wikipedii 1%<\/span><\/h6>\n<\/td>\n<\/tr>\n<tr style=\"height: 50px\">\n<td style=\"width: 59.4008%;background-color: #ffffff;border-color: #f0f0f0;border-style: solid;text-align: center;height: 50px\">\n<h6><span style=\"font-size: 10pt\">Liczba os\u00f3b \u015bledz\u0105cych uczelni\u0119 w mediach spo\u0142eczno\u015bciowych 3%<\/span><\/h6>\n<\/td>\n<\/tr>\n<tr style=\"height: 50px\">\n<td style=\"width: 59.4008%;background-color: #ffffff;border-color: #f0f0f0;border-style: solid;text-align: center;height: 50px\">\n<h6><span style=\"font-size: 10pt\">Absolwenci Uczelni z indywidualnym artyku\u0142em na Wikipedii 7%<\/span><\/h6>\n<\/td>\n<\/tr>\n<tr style=\"height: 46px\">\n<td style=\"width: 59.4008%;background-color: #ffffff;border-color: #f0f0f0;border-style: solid;text-align: center;height: 46px\">\n<h6><span style=\"font-size: 10pt\">Zasi\u0119g strony internetowej uczelni 4%<\/span><\/h6>\n<\/td>\n<\/tr>\n<tr style=\"height: 20px\">\n<td style=\"width: 59.4008%;background-color: #ffffff;border-color: #f0f0f0;border-style: solid;text-align: center;height: 42px\">\n<h6><span style=\"font-size: 10pt\">Transparentno\u015b\u0107 2%<\/span><\/h6>\n<\/td>\n<\/tr>\n<\/tbody>\n<\/table>\n<p>&nbsp;<\/p>\n<hr>\n<hr>\n<h2 style=\"text-align: center\">Polskie uczelnie w rankingu The Three University Missions Moscow International University Ranking<\/h2>\n<p><a href=\"https:\/\/pb.edu.pl\/cdias\/wp-content\/uploads\/sites\/55\/2025\/12\/lista_mosIUR_2023-2025.png\"><img loading=\"lazy\" decoding=\"async\" class=\"aligncenter size-full wp-image-2884\" src=\"https:\/\/pb.edu.pl\/cdias\/wp-content\/uploads\/sites\/55\/2025\/12\/lista_mosIUR_2023-2025.png\" alt=\"\" width=\"1127\" height=\"914\" srcset=\"https:\/\/pb.edu.pl\/cdias\/wp-content\/uploads\/sites\/55\/2025\/12\/lista_mosIUR_2023-2025.png 1127w, https:\/\/pb.edu.pl\/cdias\/wp-content\/uploads\/sites\/55\/2025\/12\/lista_mosIUR_2023-2025-300x243.png 300w, https:\/\/pb.edu.pl\/cdias\/wp-content\/uploads\/sites\/55\/2025\/12\/lista_mosIUR_2023-2025-1024x830.png 1024w, https:\/\/pb.edu.pl\/cdias\/wp-content\/uploads\/sites\/55\/2025\/12\/lista_mosIUR_2023-2025-768x623.png 768w\" sizes=\"auto, (max-width: 1127px) 100vw, 1127px\" \/><\/a><\/p>\n<hr>\n<hr>\n<h2 style=\"text-align: center\">Informacje dodatkowe<\/h2>\n<table style=\"height: 131px;width: 61.985%;border-collapse: collapse;background-color: #008687;border-color: #e8e8e8;margin: 0px auto\">\n<tbody>\n<tr style=\"height: 20px\">\n<td style=\"width: 52.221%;height: 32px;border-style: solid;border-color: #e3e3e3;text-align: center\" width=\"151\">\n<h6><span style=\"font-size: 10pt\"><strong><span style=\"color: #ffffff\">Odp\u0142atno\u015b\u0107 za udzia\u0142 w&nbsp; rankingu<\/span><\/strong><\/span><\/h6>\n<\/td>\n<td style=\"width: 48.4295%;background-color: #ffffff;height: 32px;border-style: solid;border-color: #e3e3e3;text-align: center\" width=\"510\">\n<h6><span style=\"font-size: 10pt\">Udzia\u0142 w rankingu jest bezp\u0142atny<\/span><\/h6>\n<\/td>\n<\/tr>\n<tr style=\"height: 20px\">\n<td style=\"width: 52.221%;height: 44px;border-style: solid;border-color: #e3e3e3;text-align: center\" width=\"151\">\n<h6><span style=\"color: #ffffff;font-size: 10pt\"><strong>Zg\u0142oszenie do rankingu<\/strong><\/span><\/h6>\n<\/td>\n<td style=\"width: 48.4295%;background-color: #ffffff;height: 44px;border-style: solid;border-color: #e3e3e3;text-align: center\" width=\"510\">\n<h6><span style=\"font-size: 10pt\">Udzia\u0142 w rankingu nie wymaga zg\u0142oszenia<\/span><\/h6>\n<\/td>\n<\/tr>\n<tr style=\"height: 20px\">\n<td style=\"width: 52.221%;height: 19px;border-style: solid;border-color: #e3e3e3;text-align: center\" width=\"151\">\n<h6><span style=\"color: #ffffff;font-size: 10pt\"><strong>Czy ranking uwzgl\u0119dniany przez Perspektywy?<\/strong><\/span><\/h6>\n<\/td>\n<td style=\"width: 48.4295%;background-color: #ffffff;height: 19px;border-style: solid;border-color: #e3e3e3;text-align: center\" width=\"510\">\n<h6><span style=\"font-size: 10pt\">TAK<\/span><\/h6>\n<\/td>\n<\/tr>\n<tr style=\"height: 20px\">\n<td style=\"width: 52.221%;border-style: solid;border-color: #e3e3e3;height: 26px;text-align: center\">\n<h6><span style=\"color: #ffffff;font-size: 10pt\"><strong>Cykliczno\u015b\u0107<\/strong><\/span><\/h6>\n<\/td>\n<td style=\"width: 48.4295%;background-color: #ffffff;border-style: solid;border-color: #e3e3e3;text-align: center;height: 26px\">\n<h6><span style=\"font-size: 10pt\">Raz w roku<\/span><\/h6>\n<\/td>\n<\/tr>\n<tr style=\"height: 20px\">\n<td style=\"width: 52.221%;height: 10px;border-style: solid;border-color: #e3e3e3;text-align: center\" rowspan=\"2\" width=\"151\">\n<h6><span style=\"color: #ffffff;font-size: 10pt\"><strong>\u0179r\u00f3d\u0142o rankingu<\/strong><\/span><\/h6>\n<\/td>\n<td style=\"width: 48.4295%;background-color: #ffffff;height: 10px;border-style: solid;border-color: #e3e3e3;text-align: center\" rowspan=\"2\" width=\"510\">\n<h6><a href=\"https:\/\/mosiur.org\/ranking\/\"><span style=\"font-size: 10pt\">https:\/\/mosiur.org\/ranking\/<\/span><\/a><\/h6>\n<\/td>\n<\/tr>\n<\/tbody>\n<\/table>\n<p>&nbsp;<\/p>\n","protected":false},"excerpt":{"rendered":"<p>The Three University Missions Moscow International University Ranking (w skr\u00f3cie zwany Moscow Ranking) to globalny<\/p>\n","protected":false},"author":2,"featured_media":0,"parent":428,"menu_order":8,"comment_status":"closed","ping_status":"closed","template":"","meta":{"_acf_changed":false,"ngg_post_thumbnail":0,"footnotes":""},"class_list":["post-494","page","type-page","status-publish","hentry"],"acf":[],"yoast_head":"<!-- This site is optimized with the Yoast SEO plugin v27.0 - https:\/\/yoast.com\/product\/yoast-seo-wordpress\/ -->\n<title>MosIUR - Centrum Danych i Analiz Strategicznych<\/title>\n<meta name=\"description\" content=\"The Three University Missions Moscow International University Ranking (w skr\u00f3cie zwany Moscow Ranking) to globalny ranking uczelni akademickich opracowany\" \/>\n<meta name=\"robots\" content=\"index, follow, max-snippet:-1, max-image-preview:large, max-video-preview:-1\" \/>\n<link rel=\"canonical\" href=\"https:\/\/pb.edu.pl\/cdias\/rankingi-miedzynarodowe\/rankingi-instytucjonalne\/mosiur\/\" \/>\n<meta property=\"og:locale\" content=\"pl_PL\" \/>\n<meta property=\"og:type\" content=\"article\" \/>\n<meta property=\"og:title\" content=\"MosIUR - Centrum Danych i Analiz Strategicznych\" \/>\n<meta property=\"og:description\" content=\"The Three University Missions Moscow International University Ranking (w skr\u00f3cie zwany Moscow Ranking) to globalny ranking uczelni akademickich opracowany\" \/>\n<meta property=\"og:url\" content=\"https:\/\/pb.edu.pl\/cdias\/rankingi-miedzynarodowe\/rankingi-instytucjonalne\/mosiur\/\" \/>\n<meta property=\"og:site_name\" content=\"Centrum Danych i Analiz Strategicznych\" \/>\n<meta property=\"article:modified_time\" content=\"2025-12-12T14:18:27+00:00\" \/>\n<meta property=\"og:image\" content=\"https:\/\/pb.edu.pl\/cdias\/wp-content\/uploads\/sites\/55\/2021\/09\/logo-rankingi-8-mousiur.png\" \/>\n<meta name=\"twitter:card\" content=\"summary_large_image\" \/>\n<meta name=\"twitter:label1\" content=\"Szacowany czas czytania\" \/>\n\t<meta name=\"twitter:data1\" content=\"4 minuty\" \/>\n<script type=\"application\/ld+json\" class=\"yoast-schema-graph\">{\"@context\":\"https:\/\/schema.org\",\"@graph\":[{\"@type\":\"WebPage\",\"@id\":\"https:\/\/pb.edu.pl\/cdias\/rankingi-miedzynarodowe\/rankingi-instytucjonalne\/mosiur\/\",\"url\":\"https:\/\/pb.edu.pl\/cdias\/rankingi-miedzynarodowe\/rankingi-instytucjonalne\/mosiur\/\",\"name\":\"MosIUR - Centrum Danych i Analiz Strategicznych\",\"isPartOf\":{\"@id\":\"https:\/\/pb.edu.pl\/cdias\/#website\"},\"primaryImageOfPage\":{\"@id\":\"https:\/\/pb.edu.pl\/cdias\/rankingi-miedzynarodowe\/rankingi-instytucjonalne\/mosiur\/#primaryimage\"},\"image\":{\"@id\":\"https:\/\/pb.edu.pl\/cdias\/rankingi-miedzynarodowe\/rankingi-instytucjonalne\/mosiur\/#primaryimage\"},\"thumbnailUrl\":\"https:\/\/pb.edu.pl\/cdias\/wp-content\/uploads\/sites\/55\/2021\/09\/logo-rankingi-8-mousiur.png\",\"datePublished\":\"2021-09-15T16:45:25+00:00\",\"dateModified\":\"2025-12-12T14:18:27+00:00\",\"description\":\"The Three University Missions Moscow International University Ranking (w skr\u00f3cie zwany Moscow Ranking) to globalny ranking uczelni akademickich opracowany\",\"breadcrumb\":{\"@id\":\"https:\/\/pb.edu.pl\/cdias\/rankingi-miedzynarodowe\/rankingi-instytucjonalne\/mosiur\/#breadcrumb\"},\"inLanguage\":\"pl-PL\",\"potentialAction\":[{\"@type\":\"ReadAction\",\"target\":[\"https:\/\/pb.edu.pl\/cdias\/rankingi-miedzynarodowe\/rankingi-instytucjonalne\/mosiur\/\"]}]},{\"@type\":\"ImageObject\",\"inLanguage\":\"pl-PL\",\"@id\":\"https:\/\/pb.edu.pl\/cdias\/rankingi-miedzynarodowe\/rankingi-instytucjonalne\/mosiur\/#primaryimage\",\"url\":\"https:\/\/pb.edu.pl\/cdias\/wp-content\/uploads\/sites\/55\/2021\/09\/logo-rankingi-8-mousiur.png\",\"contentUrl\":\"https:\/\/pb.edu.pl\/cdias\/wp-content\/uploads\/sites\/55\/2021\/09\/logo-rankingi-8-mousiur.png\",\"width\":225,\"height\":225},{\"@type\":\"BreadcrumbList\",\"@id\":\"https:\/\/pb.edu.pl\/cdias\/rankingi-miedzynarodowe\/rankingi-instytucjonalne\/mosiur\/#breadcrumb\",\"itemListElement\":[{\"@type\":\"ListItem\",\"position\":1,\"name\":\"Strona g\u0142\u00f3wna\",\"item\":\"https:\/\/pb.edu.pl\/cdias\/\"},{\"@type\":\"ListItem\",\"position\":2,\"name\":\"Rankingi mi\u0119dzynarodowe\",\"item\":\"https:\/\/pb.edu.pl\/cdias\/rankingi-miedzynarodowe\/\"},{\"@type\":\"ListItem\",\"position\":3,\"name\":\"Rankingi instytucjonalne\",\"item\":\"https:\/\/pb.edu.pl\/cdias\/rankingi-miedzynarodowe\/rankingi-instytucjonalne\/\"},{\"@type\":\"ListItem\",\"position\":4,\"name\":\"MosIUR\"}]},{\"@type\":\"WebSite\",\"@id\":\"https:\/\/pb.edu.pl\/cdias\/#website\",\"url\":\"https:\/\/pb.edu.pl\/cdias\/\",\"name\":\"Centrum Danych i Analiz Strategicznych\",\"description\":\"\",\"potentialAction\":[{\"@type\":\"SearchAction\",\"target\":{\"@type\":\"EntryPoint\",\"urlTemplate\":\"https:\/\/pb.edu.pl\/cdias\/?s={search_term_string}\"},\"query-input\":{\"@type\":\"PropertyValueSpecification\",\"valueRequired\":true,\"valueName\":\"search_term_string\"}}],\"inLanguage\":\"pl-PL\"}]}<\/script>\n<!-- \/ Yoast SEO plugin. -->","yoast_head_json":{"title":"MosIUR - Centrum Danych i Analiz Strategicznych","description":"The Three University Missions Moscow International University Ranking (w skr\u00f3cie zwany Moscow Ranking) to globalny ranking uczelni akademickich opracowany","robots":{"index":"index","follow":"follow","max-snippet":"max-snippet:-1","max-image-preview":"max-image-preview:large","max-video-preview":"max-video-preview:-1"},"canonical":"https:\/\/pb.edu.pl\/cdias\/rankingi-miedzynarodowe\/rankingi-instytucjonalne\/mosiur\/","og_locale":"pl_PL","og_type":"article","og_title":"MosIUR - Centrum Danych i Analiz Strategicznych","og_description":"The Three University Missions Moscow International University Ranking (w skr\u00f3cie zwany Moscow Ranking) to globalny ranking uczelni akademickich opracowany","og_url":"https:\/\/pb.edu.pl\/cdias\/rankingi-miedzynarodowe\/rankingi-instytucjonalne\/mosiur\/","og_site_name":"Centrum Danych i Analiz Strategicznych","article_modified_time":"2025-12-12T14:18:27+00:00","og_image":[{"url":"https:\/\/pb.edu.pl\/cdias\/wp-content\/uploads\/sites\/55\/2021\/09\/logo-rankingi-8-mousiur.png","type":"","width":"","height":""}],"twitter_card":"summary_large_image","twitter_misc":{"Szacowany czas czytania":"4 minuty"},"schema":{"@context":"https:\/\/schema.org","@graph":[{"@type":"WebPage","@id":"https:\/\/pb.edu.pl\/cdias\/rankingi-miedzynarodowe\/rankingi-instytucjonalne\/mosiur\/","url":"https:\/\/pb.edu.pl\/cdias\/rankingi-miedzynarodowe\/rankingi-instytucjonalne\/mosiur\/","name":"MosIUR - Centrum Danych i Analiz Strategicznych","isPartOf":{"@id":"https:\/\/pb.edu.pl\/cdias\/#website"},"primaryImageOfPage":{"@id":"https:\/\/pb.edu.pl\/cdias\/rankingi-miedzynarodowe\/rankingi-instytucjonalne\/mosiur\/#primaryimage"},"image":{"@id":"https:\/\/pb.edu.pl\/cdias\/rankingi-miedzynarodowe\/rankingi-instytucjonalne\/mosiur\/#primaryimage"},"thumbnailUrl":"https:\/\/pb.edu.pl\/cdias\/wp-content\/uploads\/sites\/55\/2021\/09\/logo-rankingi-8-mousiur.png","datePublished":"2021-09-15T16:45:25+00:00","dateModified":"2025-12-12T14:18:27+00:00","description":"The Three University Missions Moscow International University Ranking (w skr\u00f3cie zwany Moscow Ranking) to globalny ranking uczelni akademickich opracowany","breadcrumb":{"@id":"https:\/\/pb.edu.pl\/cdias\/rankingi-miedzynarodowe\/rankingi-instytucjonalne\/mosiur\/#breadcrumb"},"inLanguage":"pl-PL","potentialAction":[{"@type":"ReadAction","target":["https:\/\/pb.edu.pl\/cdias\/rankingi-miedzynarodowe\/rankingi-instytucjonalne\/mosiur\/"]}]},{"@type":"ImageObject","inLanguage":"pl-PL","@id":"https:\/\/pb.edu.pl\/cdias\/rankingi-miedzynarodowe\/rankingi-instytucjonalne\/mosiur\/#primaryimage","url":"https:\/\/pb.edu.pl\/cdias\/wp-content\/uploads\/sites\/55\/2021\/09\/logo-rankingi-8-mousiur.png","contentUrl":"https:\/\/pb.edu.pl\/cdias\/wp-content\/uploads\/sites\/55\/2021\/09\/logo-rankingi-8-mousiur.png","width":225,"height":225},{"@type":"BreadcrumbList","@id":"https:\/\/pb.edu.pl\/cdias\/rankingi-miedzynarodowe\/rankingi-instytucjonalne\/mosiur\/#breadcrumb","itemListElement":[{"@type":"ListItem","position":1,"name":"Strona g\u0142\u00f3wna","item":"https:\/\/pb.edu.pl\/cdias\/"},{"@type":"ListItem","position":2,"name":"Rankingi mi\u0119dzynarodowe","item":"https:\/\/pb.edu.pl\/cdias\/rankingi-miedzynarodowe\/"},{"@type":"ListItem","position":3,"name":"Rankingi instytucjonalne","item":"https:\/\/pb.edu.pl\/cdias\/rankingi-miedzynarodowe\/rankingi-instytucjonalne\/"},{"@type":"ListItem","position":4,"name":"MosIUR"}]},{"@type":"WebSite","@id":"https:\/\/pb.edu.pl\/cdias\/#website","url":"https:\/\/pb.edu.pl\/cdias\/","name":"Centrum Danych i Analiz Strategicznych","description":"","potentialAction":[{"@type":"SearchAction","target":{"@type":"EntryPoint","urlTemplate":"https:\/\/pb.edu.pl\/cdias\/?s={search_term_string}"},"query-input":{"@type":"PropertyValueSpecification","valueRequired":true,"valueName":"search_term_string"}}],"inLanguage":"pl-PL"}]}},"_links":{"self":[{"href":"https:\/\/pb.edu.pl\/cdias\/wp-json\/wp\/v2\/pages\/494","targetHints":{"allow":["GET"]}}],"collection":[{"href":"https:\/\/pb.edu.pl\/cdias\/wp-json\/wp\/v2\/pages"}],"about":[{"href":"https:\/\/pb.edu.pl\/cdias\/wp-json\/wp\/v2\/types\/page"}],"author":[{"embeddable":true,"href":"https:\/\/pb.edu.pl\/cdias\/wp-json\/wp\/v2\/users\/2"}],"replies":[{"embeddable":true,"href":"https:\/\/pb.edu.pl\/cdias\/wp-json\/wp\/v2\/comments?post=494"}],"version-history":[{"count":0,"href":"https:\/\/pb.edu.pl\/cdias\/wp-json\/wp\/v2\/pages\/494\/revisions"}],"up":[{"embeddable":true,"href":"https:\/\/pb.edu.pl\/cdias\/wp-json\/wp\/v2\/pages\/428"}],"wp:attachment":[{"href":"https:\/\/pb.edu.pl\/cdias\/wp-json\/wp\/v2\/media?parent=494"}],"curies":[{"name":"wp","href":"https:\/\/api.w.org\/{rel}","templated":true}]}}