{"id":492,"date":"2021-09-15T18:44:47","date_gmt":"2021-09-15T16:44:47","guid":{"rendered":"https:\/\/pb.edu.pl\/cdias\/?page_id=492"},"modified":"2025-12-30T11:36:12","modified_gmt":"2025-12-30T10:36:12","slug":"ntu-ranking","status":"publish","type":"page","link":"https:\/\/pb.edu.pl\/cdias\/rankingi-miedzynarodowe\/rankingi-instytucjonalne\/ntu-ranking\/","title":{"rendered":"NTU RANKING"},"content":{"rendered":"<p style=\"text-align: justify\"><img loading=\"lazy\" decoding=\"async\" class=\"alignleft wp-image-523\" src=\"https:\/\/pb.edu.pl\/cdias\/wp-content\/uploads\/sites\/55\/2021\/09\/logo-rankingi-7-ntu.jpg\" alt=\"Logo NTU Ranking\" width=\"305\" height=\"83\" srcset=\"https:\/\/pb.edu.pl\/cdias\/wp-content\/uploads\/sites\/55\/2021\/09\/logo-rankingi-7-ntu.jpg 431w, https:\/\/pb.edu.pl\/cdias\/wp-content\/uploads\/sites\/55\/2021\/09\/logo-rankingi-7-ntu-300x81.jpg 300w\" sizes=\"auto, (max-width: 305px) 100vw, 305px\" \/><\/p>\n<p style=\"text-align: justify\"><strong>NTU Ranking<\/strong> jest wydany przez National Taiwan University. Ocenia i plasuje wyniki prac naukowych 826 najlepszych uniwersytet\u00f3w na ca\u0142ym \u015bwiecie. Ranking publikowany jest corocznie od 2007 roku. Ranking NTU przedstawia: \u015bwiatowy ranking uczelni, ranking 6 dziedzin oraz 24 dyscyplin naukowych. Dane ilo\u015bciowe pochodz\u0105 z Science Citation Index (SCI), Social Sciences Citation Index (SSCI). Bazy danych WOS i ESI.<\/p>\n<p style=\"text-align: right\"><a href=\"http:\/\/nturanking.csti.tw\/\">nturanking.csti.tw<\/a><\/p>\n<hr>\n<hr>\n<h2 style=\"text-align: center\">Kryteria, wska\u017aniki, metodologia rankingu<\/h2>\n<p style=\"text-align: justify\">Wska\u017aniki rankingu sk\u0142adaj\u0105 si\u0119 z o\u015bmiu parametr\u00f3w. Wska\u017aniki te razem reprezentuj\u0105 trzy r\u00f3\u017cne kryteria uwzgl\u0119dniaj\u0105ce wyniki prac naukowych: produktywno\u015b\u0107 bada\u0144, wp\u0142yw bada\u0144 i doskona\u0142o\u015b\u0107 bada\u0144.<\/p>\n<p>&nbsp;<\/p>\n<table style=\"height: 240px;width: 57.633%;border-collapse: collapse;background-color: #008687;border-color: #e8e8e8;margin: 0px auto\">\n<tbody>\n<tr style=\"height: 20px\">\n<td style=\"width: 6.93298%;height: 63px;border-color: #f0f0f0;border-style: solid;text-align: center\">\n<h6 style=\"text-align: center\"><span style=\"font-size: 10pt\"><strong><span style=\"color: #ffffff\">Miernik<\/span><\/strong><\/span><\/h6>\n<\/td>\n<td style=\"width: 59.311%;height: 63px;text-align: center;border-color: #f0f0f0;border-style: solid\">\n<h6><span style=\"font-size: 10pt\"><strong><span style=\"color: #ffffff\">Wska\u017anik<\/span><\/strong><\/span><\/h6>\n<\/td>\n<td style=\"width: 8.3678%;height: 63px;text-align: center;border-color: #f0f0f0;border-style: solid\">\n<h6><span style=\"font-size: 10pt\"><strong><span style=\"color: #ffffff\">Waga<\/span><\/strong><\/span><\/h6>\n<\/td>\n<\/tr>\n<tr style=\"height: 20px\">\n<td style=\"width: 6.93298%;height: 29px;border-color: #f0f0f0;border-style: solid;text-align: center\" rowspan=\"2\" width=\"151\">\n<h6><span style=\"font-size: 10pt;color: #ffffff\">Produktywno\u015b\u0107 bada\u0144<\/span><\/h6>\n<\/td>\n<td style=\"width: 59.311%;height: 19px;background-color: #ffffff;border-color: #f0f0f0;border-style: solid;text-align: center\" width=\"462\">\n<h6><span style=\"font-size: 10pt\">Liczba artyku\u0142\u00f3w w ci\u0105gu ostatnich 11 lat (10%)<\/span><\/h6>\n<\/td>\n<td style=\"width: 8.3678%;background-color: #ffffff;height: 29px;text-align: center;border-color: #f0f0f0;border-style: solid\" rowspan=\"2\" width=\"47\">\n<h6><span style=\"font-size: 10pt\">25%<\/span><\/h6>\n<\/td>\n<\/tr>\n<tr style=\"height: 20px\">\n<td style=\"width: 59.311%;height: 10px;background-color: #ffffff;border-color: #f0f0f0;border-style: solid;text-align: center\" width=\"462\">\n<h6><span style=\"font-size: 10pt\">Liczba artyku\u0142\u00f3w w roku bie\u017c\u0105cym (15%)<\/span><\/h6>\n<\/td>\n<\/tr>\n<tr style=\"height: 20px\">\n<td style=\"width: 6.93298%;height: 87px;border-color: #f0f0f0;border-style: solid;text-align: center\" rowspan=\"3\" width=\"151\">\n<h6><span style=\"font-size: 10pt;color: #ffffff\">Wp\u0142yw bada\u0144<\/span><\/h6>\n<\/td>\n<td style=\"width: 59.311%;background-color: #ffffff;height: 23px;border-color: #f0f0f0;border-style: solid;text-align: center\" width=\"462\">\n<h6><span style=\"font-size: 10pt\">Liczba cytowa\u0144 w ci\u0105gu 11 lat (15%)<\/span><\/h6>\n<\/td>\n<td style=\"width: 8.3678%;background-color: #ffffff;height: 87px;text-align: center;border-color: #f0f0f0;border-style: solid\" rowspan=\"3\" width=\"47\">\n<h6><span style=\"font-size: 10pt\">35%<\/span><\/h6>\n<\/td>\n<\/tr>\n<tr style=\"height: 20px\">\n<td style=\"width: 59.311%;background-color: #ffffff;height: 30px;border-color: #f0f0f0;border-style: solid;text-align: center\" width=\"462\">\n<h6><span style=\"font-size: 10pt\">Liczba cytowa\u0144 w ci\u0105gu 2 lat (10%)<\/span><\/h6>\n<\/td>\n<\/tr>\n<tr style=\"height: 53px\">\n<td style=\"width: 59.311%;background-color: #ffffff;border-color: #f0f0f0;border-style: solid;text-align: center;height: 34px\">\n<h6><span style=\"font-size: 10pt\">\u015arednia liczba cytowa\u0144 w ci\u0105gu 11 lat (10%)<\/span><\/h6>\n<\/td>\n<\/tr>\n<tr style=\"height: 20px\">\n<td style=\"width: 6.93298%;height: 61px;border-color: #f0f0f0;border-style: solid;text-align: center\" rowspan=\"3\">\n<h6><span style=\"font-size: 10pt;color: #ffffff\">Doskona\u0142o\u015b\u0107 badawcza<\/span><\/h6>\n<\/td>\n<td style=\"width: 59.311%;background-color: #ffffff;height: 10px;border-color: #f0f0f0;border-style: solid;text-align: center\" width=\"462\">\n<h6><span style=\"font-size: 10pt\">H-indeks ostatnich 2 lat (10%)<\/span><\/h6>\n<\/td>\n<td style=\"width: 8.3678%;background-color: #ffffff;text-align: center;height: 61px;border-color: #f0f0f0;border-style: solid\" rowspan=\"3\">\n<h6><span style=\"font-size: 10pt\">40%<\/span><\/h6>\n<\/td>\n<\/tr>\n<tr style=\"height: 20px\">\n<td style=\"width: 59.311%;background-color: #ffffff;border-color: #f0f0f0;border-style: solid;text-align: center;height: 37px\">\n<h6><span style=\"font-size: 10pt\">Liczba wysoko cytowanych artyku\u0142\u00f3w (15%)<\/span><\/h6>\n<\/td>\n<\/tr>\n<tr style=\"height: 20px\">\n<td style=\"width: 59.311%;background-color: #ffffff;border-color: #f0f0f0;border-style: solid;text-align: center;height: 14px\">\n<h6><span style=\"font-size: 10pt\">Liczba artyku\u0142\u00f3w w bie\u017c\u0105cym roku w czasopismach o du\u017cym wp\u0142ywie (15%)<\/span><\/h6>\n<\/td>\n<\/tr>\n<\/tbody>\n<\/table>\n<p>&nbsp;<\/p>\n<hr>\n<hr>\n<h2 style=\"text-align: center\">Polskie uczelnie w rankingu NTU Ranking<\/h2>\n<p><a href=\"https:\/\/pb.edu.pl\/cdias\/wp-content\/uploads\/sites\/55\/2025\/12\/NTU_2025-2022-2.png\"><img loading=\"lazy\" decoding=\"async\" class=\"aligncenter size-full wp-image-2894\" src=\"https:\/\/pb.edu.pl\/cdias\/wp-content\/uploads\/sites\/55\/2025\/12\/NTU_2025-2022-2.png\" alt=\"\" width=\"1952\" height=\"663\" srcset=\"https:\/\/pb.edu.pl\/cdias\/wp-content\/uploads\/sites\/55\/2025\/12\/NTU_2025-2022-2.png 1952w, https:\/\/pb.edu.pl\/cdias\/wp-content\/uploads\/sites\/55\/2025\/12\/NTU_2025-2022-2-300x102.png 300w, https:\/\/pb.edu.pl\/cdias\/wp-content\/uploads\/sites\/55\/2025\/12\/NTU_2025-2022-2-1024x348.png 1024w, https:\/\/pb.edu.pl\/cdias\/wp-content\/uploads\/sites\/55\/2025\/12\/NTU_2025-2022-2-768x261.png 768w, https:\/\/pb.edu.pl\/cdias\/wp-content\/uploads\/sites\/55\/2025\/12\/NTU_2025-2022-2-1536x522.png 1536w\" sizes=\"auto, (max-width: 1952px) 100vw, 1952px\" \/><\/a><\/p>\n<hr>\n<hr>\n<h2 style=\"text-align: center\">Informacje dodatkowe<\/h2>\n<table style=\"height: 131px;width: 61.985%;border-collapse: collapse;background-color: #008687;border-color: #e8e8e8;margin: 0px auto\">\n<tbody>\n<tr style=\"height: 20px\">\n<td style=\"width: 52.221%;height: 32px;border-style: solid;border-color: #e3e3e3;text-align: center\" width=\"151\">\n<h6><span style=\"font-size: 10pt\"><strong><span style=\"color: #ffffff\">Odp\u0142atno\u015b\u0107 za udzia\u0142 w&nbsp; rankingu<\/span><\/strong><\/span><\/h6>\n<\/td>\n<td style=\"width: 48.4295%;background-color: #ffffff;height: 32px;border-style: solid;border-color: #e3e3e3;text-align: center\" width=\"510\">\n<h6><span style=\"font-size: 10pt\">Udzia\u0142 w rankingu jest bezp\u0142atny<\/span><\/h6>\n<\/td>\n<\/tr>\n<tr style=\"height: 20px\">\n<td style=\"width: 52.221%;height: 44px;border-style: solid;border-color: #e3e3e3;text-align: center\" width=\"151\">\n<h6><span style=\"color: #ffffff;font-size: 10pt\"><strong>Zg\u0142oszenie do rankingu<\/strong><\/span><\/h6>\n<\/td>\n<td style=\"width: 48.4295%;background-color: #ffffff;height: 44px;border-style: solid;border-color: #e3e3e3;text-align: center\" width=\"510\">\n<h6><span style=\"font-size: 10pt\">Udzia\u0142 w rankingu nie wymaga zg\u0142oszenia<\/span><\/h6>\n<\/td>\n<\/tr>\n<tr style=\"height: 20px\">\n<td style=\"width: 52.221%;height: 19px;border-style: solid;border-color: #e3e3e3;text-align: center\" width=\"151\">\n<h6><span style=\"color: #ffffff;font-size: 10pt\"><strong>Czy ranking uwzgl\u0119dniany przez Perspektywy?<\/strong><\/span><\/h6>\n<\/td>\n<td style=\"width: 48.4295%;background-color: #ffffff;height: 19px;border-style: solid;border-color: #e3e3e3;text-align: center\" width=\"510\">\n<h6><span style=\"font-size: 10pt\">TAK<\/span><\/h6>\n<\/td>\n<\/tr>\n<tr style=\"height: 20px\">\n<td style=\"width: 52.221%;border-style: solid;border-color: #e3e3e3;height: 26px;text-align: center\">\n<h6><span style=\"color: #ffffff;font-size: 10pt\"><strong>Cykliczno\u015b\u0107<\/strong><\/span><\/h6>\n<\/td>\n<td style=\"width: 48.4295%;background-color: #ffffff;border-style: solid;border-color: #e3e3e3;text-align: center;height: 26px\">\n<h6><span style=\"font-size: 10pt\">Raz w roku<\/span><\/h6>\n<\/td>\n<\/tr>\n<tr style=\"height: 20px\">\n<td style=\"width: 52.221%;height: 10px;border-style: solid;border-color: #e3e3e3;text-align: center\" rowspan=\"2\" width=\"151\">\n<h6><span style=\"color: #ffffff;font-size: 10pt\"><strong>\u0179r\u00f3d\u0142o rankingu<\/strong><\/span><\/h6>\n<\/td>\n<td style=\"width: 48.4295%;background-color: #ffffff;height: 10px;border-style: solid;border-color: #e3e3e3;text-align: center\" rowspan=\"2\" width=\"510\">\n<h6><span style=\"font-size: 10pt\"><a href=\"http:\/\/nturanking.csti.tw\/\">http:\/\/nturanking.csti.tw\/<\/a><\/span><\/h6>\n<\/td>\n<\/tr>\n<\/tbody>\n<\/table>\n<p>&nbsp;<\/p>\n","protected":false},"excerpt":{"rendered":"<p>NTU Ranking jest wydany przez National Taiwan University. Ocenia i plasuje wyniki prac naukowych 826<\/p>\n","protected":false},"author":2,"featured_media":0,"parent":428,"menu_order":7,"comment_status":"closed","ping_status":"closed","template":"","meta":{"_acf_changed":false,"ngg_post_thumbnail":0,"footnotes":""},"class_list":["post-492","page","type-page","status-publish","hentry"],"acf":[],"yoast_head":"<!-- This site is optimized with the Yoast SEO plugin v27.0 - https:\/\/yoast.com\/product\/yoast-seo-wordpress\/ -->\n<title>NTU RANKING - Centrum Danych i Analiz Strategicznych<\/title>\n<meta name=\"description\" content=\"NTU Ranking jest wydany przez National Taiwan University. Ocenia i plasuje wyniki prac naukowych 826 najlepszych uniwersytet\u00f3w na ca\u0142ym \u015bwiecie. Ranking\" \/>\n<meta name=\"robots\" content=\"index, follow, max-snippet:-1, max-image-preview:large, max-video-preview:-1\" \/>\n<link rel=\"canonical\" href=\"https:\/\/pb.edu.pl\/cdias\/rankingi-miedzynarodowe\/rankingi-instytucjonalne\/ntu-ranking\/\" \/>\n<meta property=\"og:locale\" content=\"pl_PL\" \/>\n<meta property=\"og:type\" content=\"article\" \/>\n<meta property=\"og:title\" content=\"NTU RANKING - Centrum Danych i Analiz Strategicznych\" \/>\n<meta property=\"og:description\" content=\"NTU Ranking jest wydany przez National Taiwan University. Ocenia i plasuje wyniki prac naukowych 826 najlepszych uniwersytet\u00f3w na ca\u0142ym \u015bwiecie. Ranking\" \/>\n<meta property=\"og:url\" content=\"https:\/\/pb.edu.pl\/cdias\/rankingi-miedzynarodowe\/rankingi-instytucjonalne\/ntu-ranking\/\" \/>\n<meta property=\"og:site_name\" content=\"Centrum Danych i Analiz Strategicznych\" \/>\n<meta property=\"article:modified_time\" content=\"2025-12-30T10:36:12+00:00\" \/>\n<meta property=\"og:image\" content=\"https:\/\/pb.edu.pl\/cdias\/wp-content\/uploads\/sites\/55\/2021\/09\/logo-rankingi-7-ntu.jpg\" \/>\n<meta name=\"twitter:card\" content=\"summary_large_image\" \/>\n<meta name=\"twitter:label1\" content=\"Szacowany czas czytania\" \/>\n\t<meta name=\"twitter:data1\" content=\"2 minuty\" \/>\n<script type=\"application\/ld+json\" class=\"yoast-schema-graph\">{\"@context\":\"https:\/\/schema.org\",\"@graph\":[{\"@type\":\"WebPage\",\"@id\":\"https:\/\/pb.edu.pl\/cdias\/rankingi-miedzynarodowe\/rankingi-instytucjonalne\/ntu-ranking\/\",\"url\":\"https:\/\/pb.edu.pl\/cdias\/rankingi-miedzynarodowe\/rankingi-instytucjonalne\/ntu-ranking\/\",\"name\":\"NTU RANKING - Centrum Danych i Analiz Strategicznych\",\"isPartOf\":{\"@id\":\"https:\/\/pb.edu.pl\/cdias\/#website\"},\"primaryImageOfPage\":{\"@id\":\"https:\/\/pb.edu.pl\/cdias\/rankingi-miedzynarodowe\/rankingi-instytucjonalne\/ntu-ranking\/#primaryimage\"},\"image\":{\"@id\":\"https:\/\/pb.edu.pl\/cdias\/rankingi-miedzynarodowe\/rankingi-instytucjonalne\/ntu-ranking\/#primaryimage\"},\"thumbnailUrl\":\"https:\/\/pb.edu.pl\/cdias\/wp-content\/uploads\/sites\/55\/2021\/09\/logo-rankingi-7-ntu.jpg\",\"datePublished\":\"2021-09-15T16:44:47+00:00\",\"dateModified\":\"2025-12-30T10:36:12+00:00\",\"description\":\"NTU Ranking jest wydany przez National Taiwan University. Ocenia i plasuje wyniki prac naukowych 826 najlepszych uniwersytet\u00f3w na ca\u0142ym \u015bwiecie. Ranking\",\"breadcrumb\":{\"@id\":\"https:\/\/pb.edu.pl\/cdias\/rankingi-miedzynarodowe\/rankingi-instytucjonalne\/ntu-ranking\/#breadcrumb\"},\"inLanguage\":\"pl-PL\",\"potentialAction\":[{\"@type\":\"ReadAction\",\"target\":[\"https:\/\/pb.edu.pl\/cdias\/rankingi-miedzynarodowe\/rankingi-instytucjonalne\/ntu-ranking\/\"]}]},{\"@type\":\"ImageObject\",\"inLanguage\":\"pl-PL\",\"@id\":\"https:\/\/pb.edu.pl\/cdias\/rankingi-miedzynarodowe\/rankingi-instytucjonalne\/ntu-ranking\/#primaryimage\",\"url\":\"https:\/\/pb.edu.pl\/cdias\/wp-content\/uploads\/sites\/55\/2021\/09\/logo-rankingi-7-ntu.jpg\",\"contentUrl\":\"https:\/\/pb.edu.pl\/cdias\/wp-content\/uploads\/sites\/55\/2021\/09\/logo-rankingi-7-ntu.jpg\",\"width\":431,\"height\":117},{\"@type\":\"BreadcrumbList\",\"@id\":\"https:\/\/pb.edu.pl\/cdias\/rankingi-miedzynarodowe\/rankingi-instytucjonalne\/ntu-ranking\/#breadcrumb\",\"itemListElement\":[{\"@type\":\"ListItem\",\"position\":1,\"name\":\"Strona g\u0142\u00f3wna\",\"item\":\"https:\/\/pb.edu.pl\/cdias\/\"},{\"@type\":\"ListItem\",\"position\":2,\"name\":\"Rankingi mi\u0119dzynarodowe\",\"item\":\"https:\/\/pb.edu.pl\/cdias\/rankingi-miedzynarodowe\/\"},{\"@type\":\"ListItem\",\"position\":3,\"name\":\"Rankingi instytucjonalne\",\"item\":\"https:\/\/pb.edu.pl\/cdias\/rankingi-miedzynarodowe\/rankingi-instytucjonalne\/\"},{\"@type\":\"ListItem\",\"position\":4,\"name\":\"NTU RANKING\"}]},{\"@type\":\"WebSite\",\"@id\":\"https:\/\/pb.edu.pl\/cdias\/#website\",\"url\":\"https:\/\/pb.edu.pl\/cdias\/\",\"name\":\"Centrum Danych i Analiz Strategicznych\",\"description\":\"\",\"potentialAction\":[{\"@type\":\"SearchAction\",\"target\":{\"@type\":\"EntryPoint\",\"urlTemplate\":\"https:\/\/pb.edu.pl\/cdias\/?s={search_term_string}\"},\"query-input\":{\"@type\":\"PropertyValueSpecification\",\"valueRequired\":true,\"valueName\":\"search_term_string\"}}],\"inLanguage\":\"pl-PL\"}]}<\/script>\n<!-- \/ Yoast SEO plugin. -->","yoast_head_json":{"title":"NTU RANKING - Centrum Danych i Analiz Strategicznych","description":"NTU Ranking jest wydany przez National Taiwan University. Ocenia i plasuje wyniki prac naukowych 826 najlepszych uniwersytet\u00f3w na ca\u0142ym \u015bwiecie. Ranking","robots":{"index":"index","follow":"follow","max-snippet":"max-snippet:-1","max-image-preview":"max-image-preview:large","max-video-preview":"max-video-preview:-1"},"canonical":"https:\/\/pb.edu.pl\/cdias\/rankingi-miedzynarodowe\/rankingi-instytucjonalne\/ntu-ranking\/","og_locale":"pl_PL","og_type":"article","og_title":"NTU RANKING - Centrum Danych i Analiz Strategicznych","og_description":"NTU Ranking jest wydany przez National Taiwan University. Ocenia i plasuje wyniki prac naukowych 826 najlepszych uniwersytet\u00f3w na ca\u0142ym \u015bwiecie. Ranking","og_url":"https:\/\/pb.edu.pl\/cdias\/rankingi-miedzynarodowe\/rankingi-instytucjonalne\/ntu-ranking\/","og_site_name":"Centrum Danych i Analiz Strategicznych","article_modified_time":"2025-12-30T10:36:12+00:00","og_image":[{"url":"https:\/\/pb.edu.pl\/cdias\/wp-content\/uploads\/sites\/55\/2021\/09\/logo-rankingi-7-ntu.jpg","type":"","width":"","height":""}],"twitter_card":"summary_large_image","twitter_misc":{"Szacowany czas czytania":"2 minuty"},"schema":{"@context":"https:\/\/schema.org","@graph":[{"@type":"WebPage","@id":"https:\/\/pb.edu.pl\/cdias\/rankingi-miedzynarodowe\/rankingi-instytucjonalne\/ntu-ranking\/","url":"https:\/\/pb.edu.pl\/cdias\/rankingi-miedzynarodowe\/rankingi-instytucjonalne\/ntu-ranking\/","name":"NTU RANKING - Centrum Danych i Analiz Strategicznych","isPartOf":{"@id":"https:\/\/pb.edu.pl\/cdias\/#website"},"primaryImageOfPage":{"@id":"https:\/\/pb.edu.pl\/cdias\/rankingi-miedzynarodowe\/rankingi-instytucjonalne\/ntu-ranking\/#primaryimage"},"image":{"@id":"https:\/\/pb.edu.pl\/cdias\/rankingi-miedzynarodowe\/rankingi-instytucjonalne\/ntu-ranking\/#primaryimage"},"thumbnailUrl":"https:\/\/pb.edu.pl\/cdias\/wp-content\/uploads\/sites\/55\/2021\/09\/logo-rankingi-7-ntu.jpg","datePublished":"2021-09-15T16:44:47+00:00","dateModified":"2025-12-30T10:36:12+00:00","description":"NTU Ranking jest wydany przez National Taiwan University. Ocenia i plasuje wyniki prac naukowych 826 najlepszych uniwersytet\u00f3w na ca\u0142ym \u015bwiecie. Ranking","breadcrumb":{"@id":"https:\/\/pb.edu.pl\/cdias\/rankingi-miedzynarodowe\/rankingi-instytucjonalne\/ntu-ranking\/#breadcrumb"},"inLanguage":"pl-PL","potentialAction":[{"@type":"ReadAction","target":["https:\/\/pb.edu.pl\/cdias\/rankingi-miedzynarodowe\/rankingi-instytucjonalne\/ntu-ranking\/"]}]},{"@type":"ImageObject","inLanguage":"pl-PL","@id":"https:\/\/pb.edu.pl\/cdias\/rankingi-miedzynarodowe\/rankingi-instytucjonalne\/ntu-ranking\/#primaryimage","url":"https:\/\/pb.edu.pl\/cdias\/wp-content\/uploads\/sites\/55\/2021\/09\/logo-rankingi-7-ntu.jpg","contentUrl":"https:\/\/pb.edu.pl\/cdias\/wp-content\/uploads\/sites\/55\/2021\/09\/logo-rankingi-7-ntu.jpg","width":431,"height":117},{"@type":"BreadcrumbList","@id":"https:\/\/pb.edu.pl\/cdias\/rankingi-miedzynarodowe\/rankingi-instytucjonalne\/ntu-ranking\/#breadcrumb","itemListElement":[{"@type":"ListItem","position":1,"name":"Strona g\u0142\u00f3wna","item":"https:\/\/pb.edu.pl\/cdias\/"},{"@type":"ListItem","position":2,"name":"Rankingi mi\u0119dzynarodowe","item":"https:\/\/pb.edu.pl\/cdias\/rankingi-miedzynarodowe\/"},{"@type":"ListItem","position":3,"name":"Rankingi instytucjonalne","item":"https:\/\/pb.edu.pl\/cdias\/rankingi-miedzynarodowe\/rankingi-instytucjonalne\/"},{"@type":"ListItem","position":4,"name":"NTU RANKING"}]},{"@type":"WebSite","@id":"https:\/\/pb.edu.pl\/cdias\/#website","url":"https:\/\/pb.edu.pl\/cdias\/","name":"Centrum Danych i Analiz Strategicznych","description":"","potentialAction":[{"@type":"SearchAction","target":{"@type":"EntryPoint","urlTemplate":"https:\/\/pb.edu.pl\/cdias\/?s={search_term_string}"},"query-input":{"@type":"PropertyValueSpecification","valueRequired":true,"valueName":"search_term_string"}}],"inLanguage":"pl-PL"}]}},"_links":{"self":[{"href":"https:\/\/pb.edu.pl\/cdias\/wp-json\/wp\/v2\/pages\/492","targetHints":{"allow":["GET"]}}],"collection":[{"href":"https:\/\/pb.edu.pl\/cdias\/wp-json\/wp\/v2\/pages"}],"about":[{"href":"https:\/\/pb.edu.pl\/cdias\/wp-json\/wp\/v2\/types\/page"}],"author":[{"embeddable":true,"href":"https:\/\/pb.edu.pl\/cdias\/wp-json\/wp\/v2\/users\/2"}],"replies":[{"embeddable":true,"href":"https:\/\/pb.edu.pl\/cdias\/wp-json\/wp\/v2\/comments?post=492"}],"version-history":[{"count":0,"href":"https:\/\/pb.edu.pl\/cdias\/wp-json\/wp\/v2\/pages\/492\/revisions"}],"up":[{"embeddable":true,"href":"https:\/\/pb.edu.pl\/cdias\/wp-json\/wp\/v2\/pages\/428"}],"wp:attachment":[{"href":"https:\/\/pb.edu.pl\/cdias\/wp-json\/wp\/v2\/media?parent=492"}],"curies":[{"name":"wp","href":"https:\/\/api.w.org\/{rel}","templated":true}]}}