{"id":480,"date":"2021-09-15T18:40:11","date_gmt":"2021-09-15T16:40:11","guid":{"rendered":"https:\/\/pb.edu.pl\/cdias\/?page_id=480"},"modified":"2026-01-14T14:37:10","modified_gmt":"2026-01-14T13:37:10","slug":"ranking-web-of-universities-webometrics","status":"publish","type":"page","link":"https:\/\/pb.edu.pl\/cdias\/rankingi-miedzynarodowe\/rankingi-instytucjonalne\/ranking-web-of-universities-webometrics\/","title":{"rendered":"Ranking Web of Universities (Webometrics)"},"content":{"rendered":"<p style=\"text-align: justify\"><img loading=\"lazy\" decoding=\"async\" class=\"alignleft wp-image-509\" src=\"https:\/\/pb.edu.pl\/cdias\/wp-content\/uploads\/sites\/55\/2021\/09\/logo-rankingi-2-univer-candara.png\" alt=\"\" width=\"250\" height=\"55\" srcset=\"https:\/\/pb.edu.pl\/cdias\/wp-content\/uploads\/sites\/55\/2021\/09\/logo-rankingi-2-univer-candara.png 419w, https:\/\/pb.edu.pl\/cdias\/wp-content\/uploads\/sites\/55\/2021\/09\/logo-rankingi-2-univer-candara-300x66.png 300w\" sizes=\"auto, (max-width: 250px) 100vw, 250px\" \/>G\u0142\u00f3wnym celem rankingu Webometrics jest promowanie otwartego dost\u0119pu do wiedzy generowanej przez uniwersytety. Najlepsz\u0105 strategi\u0105 na popraw\u0119 pozycji uczelni w rankingu jest zwi\u0119kszenie ilo\u015bci i jako\u015bci tre\u015bci internetowych. Ranking publikowany jest przez Cybermetrics Lab, grup\u0119 badawcz\u0105 z hiszpa\u0144skiej Naczelnej Rady Bada\u0144 Naukowych z siedzib\u0105 w Madrycie.<\/p>\n<p style=\"text-align: justify\">Webometrics Ranking jest publikowany od 2004 roku, z cz\u0119stotliwo\u015bci\u0105: dwa razy w roku (w pierwszych tygodniach stycznia i lipca) obejmuj\u0105c ponad 31 000 instytucji szkolnictwa wy\u017cszego na ca\u0142ym \u015bwiecie.<\/p>\n<h3 style=\"text-align: right\"><a title=\"\" href=\"https:\/\/www.webometrics.org\/\">https:\/\/www.webometrics.org\/<\/a><\/h3>\n<h3 style=\"text-align: right\"><a title=\"\" href=\"https:\/\/webometricsranking.com\">https:\/\/webometricsranking.com<\/a><\/h3>\n<hr>\n<hr>\n<h2 style=\"text-align: center\">&nbsp;Kryteria, wska\u017aniki, metodologia rankingu<\/h2>\n<table style=\"height: 146px;width: 93.6911%;border-collapse: collapse;background-color: #008687;border-color: #e8e8e8;margin: 0px auto\">\n<tbody>\n<tr style=\"height: 63px\">\n<td style=\"border-color: #f0f0f0;border-style: solid;height: 10px;width: 6.82144%\">\n<h3 style=\"text-align: center\"><span style=\"font-size: 12pt\"><strong><span style=\"color: #ffffff\">Wska\u017anik<\/span><\/strong><br \/>\n<\/span><\/h3>\n<\/td>\n<td style=\"border-color: #f0f0f0;border-style: solid;height: 10px;width: 12.7721%\">\n<h3 style=\"text-align: center\"><span style=\"font-size: 12pt\"><strong><span style=\"color: #ffffff\">Znaczenie<\/span><\/strong><br \/>\n<\/span><\/h3>\n<\/td>\n<td style=\"text-align: center;border-color: #f0f0f0;border-style: solid;height: 10px;width: 71.0116%\">\n<h3><span style=\"font-size: 12pt\"><strong><span style=\"color: #ffffff\">Metodologia<\/span><\/strong><br \/>\n<\/span><\/h3>\n<\/td>\n<td style=\"text-align: center;border-color: #f0f0f0;border-style: solid;height: 10px;width: 5.91145%\">\n<h3><span style=\"font-size: 12pt\"><strong><span style=\"color: #ffffff\">Waga<\/span><\/strong><br \/>\n<\/span><\/h3>\n<\/td>\n<\/tr>\n<tr style=\"height: auto\">\n<td style=\"border-color: #f0f0f0;border-style: solid;height: 42px;width: 6.82144%\">\n<h6 style=\"text-align: center\"><span style=\"color: #ffffff;font-size: 10pt\"><strong>Visibility<\/strong><\/span><\/h6>\n<\/td>\n<td style=\"border-color: #f0f0f0;border-style: solid;text-align: center;background-color: #008687;height: 42px;width: 12.7721%\">\n<h6><span style=\"font-size: 10pt;color: #ffffff\">Wp\u0142yw zawarto\u015bci sieci Web<\/span><\/h6>\n<\/td>\n<td style=\"background-color: #ffffff;border-color: #f0f0f0;border-style: solid;text-align: justify;height: 42px;width: 71.0116%\">\n<h6><span style=\"font-size: 10pt\">Liczba sieci zewn\u0119trznych (podsieci) \u0142\u0105cz\u0105cych si\u0119 ze stronami internetowymi instytucji (znormalizowana, a nast\u0119pnie wybrana jest maksymalna warto\u015b\u0107)<\/span><\/h6>\n<\/td>\n<td style=\"background-color: #ffffff;text-align: center;border-color: #f0f0f0;border-style: solid;height: 42px;width: 5.91145%\">\n<h6><span style=\"font-size: 10pt\"><strong>50%<\/strong><\/span><\/h6>\n<\/td>\n<\/tr>\n<tr style=\"height: auto\">\n<td style=\"border-color: #f0f0f0;border-style: solid;height: 42px;width: 6.82144%\">\n<h6 style=\"text-align: center\"><span style=\"color: #ffffff;font-size: 10pt\"><strong>Transparency (or openness)<\/strong><\/span><\/h6>\n<\/td>\n<td style=\"border-color: #f0f0f0;border-style: solid;text-align: center;background-color: #008687;height: 42px;width: 12.7721%\">\n<h6><span style=\"font-size: 10pt;color: #ffffff\">Najlepiej cytowani badacze<\/span><\/h6>\n<\/td>\n<td style=\"background-color: #ffffff;border-color: #f0f0f0;border-style: solid;text-align: justify;height: 42px;width: 71.0116%\">\n<h6><span style=\"font-size: 10pt\">Liczba cytat\u00f3w z Top 310 autor\u00f3w (z wy\u0142\u0105czeniem 20 najlepszych warto\u015bci odstaj\u0105cych)<sup> *<\/sup><\/span><\/h6>\n<\/td>\n<td style=\"background-color: #ffffff;text-align: center;border-color: #f0f0f0;border-style: solid;height: 42px;width: 5.91145%\">\n<h6><span style=\"font-size: 10pt\"><strong>10%<\/strong><\/span><\/h6>\n<\/td>\n<\/tr>\n<tr style=\"height: auto\">\n<td style=\"border-color: #f0f0f0;border-style: solid;height: 42px;width: 6.82144%\">\n<h6 style=\"text-align: center\"><span style=\"color: #ffffff;font-size: 10pt\"><strong>Excellence<\/strong><\/span><\/h6>\n<\/td>\n<td style=\"border-color: #f0f0f0;border-style: solid;text-align: center;background-color: #008687;height: 42px;width: 12.7721%\">\n<h6><span style=\"font-size: 10pt;color: #ffffff\">Najlepiej cytowane artyku\u0142y<\/span><\/h6>\n<\/td>\n<td style=\"background-color: #ffffff;border-color: #f0f0f0;border-style: solid;text-align: justify;height: 42px;width: 71.0116%\">\n<h6><span style=\"font-size: 10pt\">Liczba artyku\u0142\u00f3w w\u015br\u00f3d 10% najcz\u0119\u015bciej cytowanych w ka\u017cdej ze wszystkich 27 dyscyplin. Dane za okres pi\u0119ciu lat.<\/span><\/h6>\n<\/td>\n<td style=\"background-color: #ffffff;text-align: center;border-color: #f0f0f0;border-style: solid;height: 42px;width: 5.91145%\">\n<h6><span style=\"font-size: 10pt\"><strong>40%<\/strong><\/span><\/h6>\n<\/td>\n<\/tr>\n<tr style=\"height: auto\">\n<td style=\"border-color: #f0f0f0;border-style: solid;height: 10px;width: 96.5166%\" colspan=\"4\">\n<h6 style=\"text-align: center\"><span style=\"font-size: 8pt;color: #ffffff\">* do roku 2023 wska\u017anik TRANSPARENCY mierzony by\u0142 liczb\u0105 cytat\u00f3w z Top 210 autor\u00f3w<\/span><\/h6>\n<\/td>\n<\/tr>\n<\/tbody>\n<\/table>\n<h2>&nbsp;<\/h2>\n<h2>&nbsp;<\/h2>\n<hr>\n<hr>\n<h2 style=\"text-align: center\">Politechnika Bia\u0142ostocka w Rankingu Web of Universities (Webometrics)<\/h2>\n<p>&nbsp;<\/p>\n<p><a href=\"https:\/\/pb.edu.pl\/cdias\/wp-content\/uploads\/sites\/55\/2026\/01\/webometrics2026Z.png\"><img loading=\"lazy\" decoding=\"async\" class=\"aligncenter size-full wp-image-2927\" src=\"https:\/\/pb.edu.pl\/cdias\/wp-content\/uploads\/sites\/55\/2026\/01\/webometrics2026Z.png\" alt=\"\" width=\"1101\" height=\"695\" srcset=\"https:\/\/pb.edu.pl\/cdias\/wp-content\/uploads\/sites\/55\/2026\/01\/webometrics2026Z.png 1101w, https:\/\/pb.edu.pl\/cdias\/wp-content\/uploads\/sites\/55\/2026\/01\/webometrics2026Z-300x189.png 300w, https:\/\/pb.edu.pl\/cdias\/wp-content\/uploads\/sites\/55\/2026\/01\/webometrics2026Z-1024x646.png 1024w, https:\/\/pb.edu.pl\/cdias\/wp-content\/uploads\/sites\/55\/2026\/01\/webometrics2026Z-768x485.png 768w\" sizes=\"auto, (max-width: 1101px) 100vw, 1101px\" \/><\/a><\/p>\n<p style=\"text-align: right\"><span style=\"font-size: 8pt\">aktualizacja na dzie\u0144 : 14.01.2026<\/span><\/p>\n<hr>\n<hr>\n<h2 style=\"text-align: center\">&nbsp; &nbsp; &nbsp;Polskie uczelnie w Rankingu Web of Universities (Webometrics)<\/h2>\n<p><a href=\"https:\/\/pb.edu.pl\/cdias\/wp-content\/uploads\/sites\/55\/2026\/01\/webometrics01.2026.png\"><img loading=\"lazy\" decoding=\"async\" class=\"aligncenter wp-image-2926 size-full\" src=\"https:\/\/pb.edu.pl\/cdias\/wp-content\/uploads\/sites\/55\/2026\/01\/webometrics01.2026.png\" alt=\"\" width=\"773\" height=\"1449\" srcset=\"https:\/\/pb.edu.pl\/cdias\/wp-content\/uploads\/sites\/55\/2026\/01\/webometrics01.2026.png 773w, https:\/\/pb.edu.pl\/cdias\/wp-content\/uploads\/sites\/55\/2026\/01\/webometrics01.2026-160x300.png 160w, https:\/\/pb.edu.pl\/cdias\/wp-content\/uploads\/sites\/55\/2026\/01\/webometrics01.2026-546x1024.png 546w, https:\/\/pb.edu.pl\/cdias\/wp-content\/uploads\/sites\/55\/2026\/01\/webometrics01.2026-768x1440.png 768w\" sizes=\"auto, (max-width: 773px) 100vw, 773px\" \/><\/a><\/p>\n<p style=\"text-align: right\"><span style=\"font-size: 8pt\">aktualizacja na dzie\u0144 : 14.01.2026<\/span><\/p>\n<hr>\n<hr>\n<h2 style=\"text-align: center\">Informacje dodatkowe<\/h2>\n<table style=\"height: 115px;width: 61.985%;border-collapse: collapse;background-color: #008687;border-color: #e8e8e8;margin: 0px auto\">\n<tbody>\n<tr style=\"height: 20px\">\n<td style=\"width: 52.221%;height: 32px;border-style: solid;border-color: #e3e3e3;text-align: center\" width=\"151\">\n<h6><span style=\"font-size: 10pt\"><strong><span style=\"color: #ffffff\">Odp\u0142atno\u015b\u0107 za udzia\u0142 w&nbsp; rankingu<\/span><\/strong><\/span><\/h6>\n<\/td>\n<td style=\"width: 48.4295%;background-color: #ffffff;height: 32px;border-style: solid;border-color: #e3e3e3;text-align: center\" width=\"510\">\n<h6><span style=\"font-size: 10pt\">Udzia\u0142 w rankingu jest bezp\u0142atny<\/span><\/h6>\n<\/td>\n<\/tr>\n<tr style=\"height: 20px\">\n<td style=\"width: 52.221%;height: 44px;border-style: solid;border-color: #e3e3e3;text-align: center\" width=\"151\">\n<h6><span style=\"color: #ffffff;font-size: 10pt\"><strong>Zg\u0142oszenie do rankingu<\/strong><\/span><\/h6>\n<\/td>\n<td style=\"width: 48.4295%;background-color: #ffffff;height: 44px;border-style: solid;border-color: #e3e3e3;text-align: center\" width=\"510\">\n<h6><span style=\"font-size: 10pt\">Udzia\u0142 w rankingu nie wymaga zg\u0142oszenia<\/span><\/h6>\n<\/td>\n<\/tr>\n<tr style=\"height: 20px\">\n<td style=\"width: 52.221%;height: 19px;border-style: solid;border-color: #e3e3e3;text-align: center\" width=\"151\">\n<h6><span style=\"color: #ffffff;font-size: 10pt\"><strong>Czy ranking uwzgl\u0119dniany przez Perspektywy?<\/strong><\/span><\/h6>\n<\/td>\n<td style=\"width: 48.4295%;background-color: #ffffff;height: 19px;border-style: solid;border-color: #e3e3e3;text-align: center\" width=\"510\">\n<h6><span style=\"font-size: 10pt\">TAK<\/span><\/h6>\n<\/td>\n<\/tr>\n<tr style=\"height: 20px\">\n<td style=\"width: 52.221%;border-style: solid;border-color: #e3e3e3;height: 26px;text-align: center\">\n<h6><span style=\"color: #ffffff;font-size: 10pt\"><strong>Cykliczno\u015b\u0107<\/strong><\/span><\/h6>\n<\/td>\n<td style=\"width: 48.4295%;background-color: #ffffff;border-style: solid;border-color: #e3e3e3;text-align: center;height: 26px\">\n<h6><span style=\"font-size: 10pt\">Dwa razy w roku<\/span><\/h6>\n<\/td>\n<\/tr>\n<tr style=\"height: 20px\">\n<td style=\"width: 52.221%;height: 10px;border-style: solid;border-color: #e3e3e3;text-align: center\" rowspan=\"2\" width=\"151\">\n<h6><span style=\"color: #ffffff;font-size: 10pt\"><strong>\u0179r\u00f3d\u0142o rankingu<\/strong><\/span><\/h6>\n<\/td>\n<td style=\"width: 48.4295%;background-color: #ffffff;height: 10px;border-style: solid;border-color: #e3e3e3;text-align: center\" rowspan=\"2\" width=\"510\">\n<h6><span style=\"font-size: 10pt\"><a title=\"\" href=\"https:\/\/webometricsranking.com\">https:\/\/webometricsranking.com<\/a><\/span><\/h6>\n<h6><span style=\"font-size: 10pt\"><a href=\"https:\/\/www.webometrics.org\/\">https:\/\/www.webometrics.org\/<\/a><\/span><\/h6>\n<\/td>\n<\/tr>\n<\/tbody>\n<\/table>\n<p>&nbsp;<\/p>\n","protected":false},"excerpt":{"rendered":"<p>G\u0142\u00f3wnym celem rankingu Webometrics jest promowanie otwartego dost\u0119pu do wiedzy generowanej przez uniwersytety. Najlepsz\u0105 strategi\u0105<\/p>\n","protected":false},"author":2,"featured_media":0,"parent":428,"menu_order":2,"comment_status":"closed","ping_status":"closed","template":"","meta":{"_acf_changed":false,"ngg_post_thumbnail":0,"footnotes":""},"class_list":["post-480","page","type-page","status-publish","hentry"],"acf":[],"yoast_head":"<!-- This site is optimized with the Yoast SEO plugin v27.0 - https:\/\/yoast.com\/product\/yoast-seo-wordpress\/ -->\n<title>Ranking Web of Universities (Webometrics) - Centrum Danych i Analiz Strategicznych<\/title>\n<meta name=\"description\" content=\"G\u0142\u00f3wnym celem rankingu Webometrics jest promowanie otwartego dost\u0119pu do wiedzy generowanej przez uniwersytety. Najlepsz\u0105 strategi\u0105 na popraw\u0119 pozycji\" \/>\n<meta name=\"robots\" content=\"index, follow, max-snippet:-1, max-image-preview:large, max-video-preview:-1\" \/>\n<link rel=\"canonical\" href=\"https:\/\/pb.edu.pl\/cdias\/rankingi-miedzynarodowe\/rankingi-instytucjonalne\/ranking-web-of-universities-webometrics\/\" \/>\n<meta property=\"og:locale\" content=\"pl_PL\" \/>\n<meta property=\"og:type\" content=\"article\" \/>\n<meta property=\"og:title\" content=\"Ranking Web of Universities (Webometrics) - Centrum Danych i Analiz Strategicznych\" \/>\n<meta property=\"og:description\" content=\"G\u0142\u00f3wnym celem rankingu Webometrics jest promowanie otwartego dost\u0119pu do wiedzy generowanej przez uniwersytety. Najlepsz\u0105 strategi\u0105 na popraw\u0119 pozycji\" \/>\n<meta property=\"og:url\" content=\"https:\/\/pb.edu.pl\/cdias\/rankingi-miedzynarodowe\/rankingi-instytucjonalne\/ranking-web-of-universities-webometrics\/\" \/>\n<meta property=\"og:site_name\" content=\"Centrum Danych i Analiz Strategicznych\" \/>\n<meta property=\"article:modified_time\" content=\"2026-01-14T13:37:10+00:00\" \/>\n<meta property=\"og:image\" content=\"https:\/\/pb.edu.pl\/cdias\/wp-content\/uploads\/sites\/55\/2021\/09\/logo-rankingi-2-univer-candara.png\" \/>\n<meta name=\"twitter:card\" content=\"summary_large_image\" \/>\n<meta name=\"twitter:label1\" content=\"Szacowany czas czytania\" \/>\n\t<meta name=\"twitter:data1\" content=\"2 minuty\" \/>\n<script type=\"application\/ld+json\" class=\"yoast-schema-graph\">{\"@context\":\"https:\/\/schema.org\",\"@graph\":[{\"@type\":\"WebPage\",\"@id\":\"https:\/\/pb.edu.pl\/cdias\/rankingi-miedzynarodowe\/rankingi-instytucjonalne\/ranking-web-of-universities-webometrics\/\",\"url\":\"https:\/\/pb.edu.pl\/cdias\/rankingi-miedzynarodowe\/rankingi-instytucjonalne\/ranking-web-of-universities-webometrics\/\",\"name\":\"Ranking Web of Universities (Webometrics) - Centrum Danych i Analiz Strategicznych\",\"isPartOf\":{\"@id\":\"https:\/\/pb.edu.pl\/cdias\/#website\"},\"primaryImageOfPage\":{\"@id\":\"https:\/\/pb.edu.pl\/cdias\/rankingi-miedzynarodowe\/rankingi-instytucjonalne\/ranking-web-of-universities-webometrics\/#primaryimage\"},\"image\":{\"@id\":\"https:\/\/pb.edu.pl\/cdias\/rankingi-miedzynarodowe\/rankingi-instytucjonalne\/ranking-web-of-universities-webometrics\/#primaryimage\"},\"thumbnailUrl\":\"https:\/\/pb.edu.pl\/cdias\/wp-content\/uploads\/sites\/55\/2021\/09\/logo-rankingi-2-univer-candara.png\",\"datePublished\":\"2021-09-15T16:40:11+00:00\",\"dateModified\":\"2026-01-14T13:37:10+00:00\",\"description\":\"G\u0142\u00f3wnym celem rankingu Webometrics jest promowanie otwartego dost\u0119pu do wiedzy generowanej przez uniwersytety. Najlepsz\u0105 strategi\u0105 na popraw\u0119 pozycji\",\"breadcrumb\":{\"@id\":\"https:\/\/pb.edu.pl\/cdias\/rankingi-miedzynarodowe\/rankingi-instytucjonalne\/ranking-web-of-universities-webometrics\/#breadcrumb\"},\"inLanguage\":\"pl-PL\",\"potentialAction\":[{\"@type\":\"ReadAction\",\"target\":[\"https:\/\/pb.edu.pl\/cdias\/rankingi-miedzynarodowe\/rankingi-instytucjonalne\/ranking-web-of-universities-webometrics\/\"]}]},{\"@type\":\"ImageObject\",\"inLanguage\":\"pl-PL\",\"@id\":\"https:\/\/pb.edu.pl\/cdias\/rankingi-miedzynarodowe\/rankingi-instytucjonalne\/ranking-web-of-universities-webometrics\/#primaryimage\",\"url\":\"https:\/\/pb.edu.pl\/cdias\/wp-content\/uploads\/sites\/55\/2021\/09\/logo-rankingi-2-univer-candara.png\",\"contentUrl\":\"https:\/\/pb.edu.pl\/cdias\/wp-content\/uploads\/sites\/55\/2021\/09\/logo-rankingi-2-univer-candara.png\",\"width\":419,\"height\":92},{\"@type\":\"BreadcrumbList\",\"@id\":\"https:\/\/pb.edu.pl\/cdias\/rankingi-miedzynarodowe\/rankingi-instytucjonalne\/ranking-web-of-universities-webometrics\/#breadcrumb\",\"itemListElement\":[{\"@type\":\"ListItem\",\"position\":1,\"name\":\"Strona g\u0142\u00f3wna\",\"item\":\"https:\/\/pb.edu.pl\/cdias\/\"},{\"@type\":\"ListItem\",\"position\":2,\"name\":\"Rankingi mi\u0119dzynarodowe\",\"item\":\"https:\/\/pb.edu.pl\/cdias\/rankingi-miedzynarodowe\/\"},{\"@type\":\"ListItem\",\"position\":3,\"name\":\"Rankingi instytucjonalne\",\"item\":\"https:\/\/pb.edu.pl\/cdias\/rankingi-miedzynarodowe\/rankingi-instytucjonalne\/\"},{\"@type\":\"ListItem\",\"position\":4,\"name\":\"Ranking Web of Universities (Webometrics)\"}]},{\"@type\":\"WebSite\",\"@id\":\"https:\/\/pb.edu.pl\/cdias\/#website\",\"url\":\"https:\/\/pb.edu.pl\/cdias\/\",\"name\":\"Centrum Danych i Analiz Strategicznych\",\"description\":\"\",\"potentialAction\":[{\"@type\":\"SearchAction\",\"target\":{\"@type\":\"EntryPoint\",\"urlTemplate\":\"https:\/\/pb.edu.pl\/cdias\/?s={search_term_string}\"},\"query-input\":{\"@type\":\"PropertyValueSpecification\",\"valueRequired\":true,\"valueName\":\"search_term_string\"}}],\"inLanguage\":\"pl-PL\"}]}<\/script>\n<!-- \/ Yoast SEO plugin. -->","yoast_head_json":{"title":"Ranking Web of Universities (Webometrics) - Centrum Danych i Analiz Strategicznych","description":"G\u0142\u00f3wnym celem rankingu Webometrics jest promowanie otwartego dost\u0119pu do wiedzy generowanej przez uniwersytety. Najlepsz\u0105 strategi\u0105 na popraw\u0119 pozycji","robots":{"index":"index","follow":"follow","max-snippet":"max-snippet:-1","max-image-preview":"max-image-preview:large","max-video-preview":"max-video-preview:-1"},"canonical":"https:\/\/pb.edu.pl\/cdias\/rankingi-miedzynarodowe\/rankingi-instytucjonalne\/ranking-web-of-universities-webometrics\/","og_locale":"pl_PL","og_type":"article","og_title":"Ranking Web of Universities (Webometrics) - Centrum Danych i Analiz Strategicznych","og_description":"G\u0142\u00f3wnym celem rankingu Webometrics jest promowanie otwartego dost\u0119pu do wiedzy generowanej przez uniwersytety. Najlepsz\u0105 strategi\u0105 na popraw\u0119 pozycji","og_url":"https:\/\/pb.edu.pl\/cdias\/rankingi-miedzynarodowe\/rankingi-instytucjonalne\/ranking-web-of-universities-webometrics\/","og_site_name":"Centrum Danych i Analiz Strategicznych","article_modified_time":"2026-01-14T13:37:10+00:00","og_image":[{"url":"https:\/\/pb.edu.pl\/cdias\/wp-content\/uploads\/sites\/55\/2021\/09\/logo-rankingi-2-univer-candara.png","type":"","width":"","height":""}],"twitter_card":"summary_large_image","twitter_misc":{"Szacowany czas czytania":"2 minuty"},"schema":{"@context":"https:\/\/schema.org","@graph":[{"@type":"WebPage","@id":"https:\/\/pb.edu.pl\/cdias\/rankingi-miedzynarodowe\/rankingi-instytucjonalne\/ranking-web-of-universities-webometrics\/","url":"https:\/\/pb.edu.pl\/cdias\/rankingi-miedzynarodowe\/rankingi-instytucjonalne\/ranking-web-of-universities-webometrics\/","name":"Ranking Web of Universities (Webometrics) - Centrum Danych i Analiz Strategicznych","isPartOf":{"@id":"https:\/\/pb.edu.pl\/cdias\/#website"},"primaryImageOfPage":{"@id":"https:\/\/pb.edu.pl\/cdias\/rankingi-miedzynarodowe\/rankingi-instytucjonalne\/ranking-web-of-universities-webometrics\/#primaryimage"},"image":{"@id":"https:\/\/pb.edu.pl\/cdias\/rankingi-miedzynarodowe\/rankingi-instytucjonalne\/ranking-web-of-universities-webometrics\/#primaryimage"},"thumbnailUrl":"https:\/\/pb.edu.pl\/cdias\/wp-content\/uploads\/sites\/55\/2021\/09\/logo-rankingi-2-univer-candara.png","datePublished":"2021-09-15T16:40:11+00:00","dateModified":"2026-01-14T13:37:10+00:00","description":"G\u0142\u00f3wnym celem rankingu Webometrics jest promowanie otwartego dost\u0119pu do wiedzy generowanej przez uniwersytety. Najlepsz\u0105 strategi\u0105 na popraw\u0119 pozycji","breadcrumb":{"@id":"https:\/\/pb.edu.pl\/cdias\/rankingi-miedzynarodowe\/rankingi-instytucjonalne\/ranking-web-of-universities-webometrics\/#breadcrumb"},"inLanguage":"pl-PL","potentialAction":[{"@type":"ReadAction","target":["https:\/\/pb.edu.pl\/cdias\/rankingi-miedzynarodowe\/rankingi-instytucjonalne\/ranking-web-of-universities-webometrics\/"]}]},{"@type":"ImageObject","inLanguage":"pl-PL","@id":"https:\/\/pb.edu.pl\/cdias\/rankingi-miedzynarodowe\/rankingi-instytucjonalne\/ranking-web-of-universities-webometrics\/#primaryimage","url":"https:\/\/pb.edu.pl\/cdias\/wp-content\/uploads\/sites\/55\/2021\/09\/logo-rankingi-2-univer-candara.png","contentUrl":"https:\/\/pb.edu.pl\/cdias\/wp-content\/uploads\/sites\/55\/2021\/09\/logo-rankingi-2-univer-candara.png","width":419,"height":92},{"@type":"BreadcrumbList","@id":"https:\/\/pb.edu.pl\/cdias\/rankingi-miedzynarodowe\/rankingi-instytucjonalne\/ranking-web-of-universities-webometrics\/#breadcrumb","itemListElement":[{"@type":"ListItem","position":1,"name":"Strona g\u0142\u00f3wna","item":"https:\/\/pb.edu.pl\/cdias\/"},{"@type":"ListItem","position":2,"name":"Rankingi mi\u0119dzynarodowe","item":"https:\/\/pb.edu.pl\/cdias\/rankingi-miedzynarodowe\/"},{"@type":"ListItem","position":3,"name":"Rankingi instytucjonalne","item":"https:\/\/pb.edu.pl\/cdias\/rankingi-miedzynarodowe\/rankingi-instytucjonalne\/"},{"@type":"ListItem","position":4,"name":"Ranking Web of Universities (Webometrics)"}]},{"@type":"WebSite","@id":"https:\/\/pb.edu.pl\/cdias\/#website","url":"https:\/\/pb.edu.pl\/cdias\/","name":"Centrum Danych i Analiz Strategicznych","description":"","potentialAction":[{"@type":"SearchAction","target":{"@type":"EntryPoint","urlTemplate":"https:\/\/pb.edu.pl\/cdias\/?s={search_term_string}"},"query-input":{"@type":"PropertyValueSpecification","valueRequired":true,"valueName":"search_term_string"}}],"inLanguage":"pl-PL"}]}},"_links":{"self":[{"href":"https:\/\/pb.edu.pl\/cdias\/wp-json\/wp\/v2\/pages\/480","targetHints":{"allow":["GET"]}}],"collection":[{"href":"https:\/\/pb.edu.pl\/cdias\/wp-json\/wp\/v2\/pages"}],"about":[{"href":"https:\/\/pb.edu.pl\/cdias\/wp-json\/wp\/v2\/types\/page"}],"author":[{"embeddable":true,"href":"https:\/\/pb.edu.pl\/cdias\/wp-json\/wp\/v2\/users\/2"}],"replies":[{"embeddable":true,"href":"https:\/\/pb.edu.pl\/cdias\/wp-json\/wp\/v2\/comments?post=480"}],"version-history":[{"count":0,"href":"https:\/\/pb.edu.pl\/cdias\/wp-json\/wp\/v2\/pages\/480\/revisions"}],"up":[{"embeddable":true,"href":"https:\/\/pb.edu.pl\/cdias\/wp-json\/wp\/v2\/pages\/428"}],"wp:attachment":[{"href":"https:\/\/pb.edu.pl\/cdias\/wp-json\/wp\/v2\/media?parent=480"}],"curies":[{"name":"wp","href":"https:\/\/api.w.org\/{rel}","templated":true}]}}