{"id":428,"date":"2021-09-14T16:35:45","date_gmt":"2021-09-14T14:35:45","guid":{"rendered":"https:\/\/pb.edu.pl\/cdias\/?page_id=428"},"modified":"2025-12-30T12:25:29","modified_gmt":"2025-12-30T11:25:29","slug":"rankingi-instytucjonalne","status":"publish","type":"page","link":"https:\/\/pb.edu.pl\/cdias\/rankingi-miedzynarodowe\/rankingi-instytucjonalne\/","title":{"rendered":"Rankingi instytucjonalne"},"content":{"rendered":"<div>\n<p><img loading=\"lazy\" decoding=\"async\" class=\"aligncenter wp-image-2520 \" src=\"https:\/\/pb.edu.pl\/cdias\/wp-content\/uploads\/sites\/55\/2025\/03\/r_inst-1-1024x524.png\" alt=\"\" width=\"506\" height=\"259\" srcset=\"https:\/\/pb.edu.pl\/cdias\/wp-content\/uploads\/sites\/55\/2025\/03\/r_inst-1-1024x524.png 1024w, https:\/\/pb.edu.pl\/cdias\/wp-content\/uploads\/sites\/55\/2025\/03\/r_inst-1-300x154.png 300w, https:\/\/pb.edu.pl\/cdias\/wp-content\/uploads\/sites\/55\/2025\/03\/r_inst-1-768x393.png 768w, https:\/\/pb.edu.pl\/cdias\/wp-content\/uploads\/sites\/55\/2025\/03\/r_inst-1.png 1211w\" sizes=\"auto, (max-width: 506px) 100vw, 506px\" \/><\/p>\n<\/div>\n<p style=\"text-align: justify\">W ostatnim czasie osi\u0105gni\u0119cie jak najwy\u017cszego miejsca w \u015bwiatowych rankingach uczelni sta\u0142o si\u0119 jednym z najwa\u017cniejszych cel\u00f3w niemal\u017ce we wszystkich krajach. Wysoka lokata staje si\u0119 niejako wizyt\u00f3wk\u0105 uczelni, symbolem jako\u015bci prowadzonych w niej bada\u0144 naukowych i kszta\u0142cenia, podkre\u015bla presti\u017c uczelni.<\/p>\n<p style=\"text-align: justify\">Rankingi na poziomie krajowym oraz mi\u0119dzynarodowym udzielaj\u0105 przyst\u0119pnej informacji, co i gdzie warto studiowa\u0107 w dobie upowszechnienia si\u0119 dost\u0119pu do studi\u00f3w.<\/p>\n<p style=\"text-align: justify\">Wi\u0119kszo\u015b\u0107 popularnych ranking\u00f3w, zw\u0142aszcza tych o zasi\u0119gu \u015bwiatowym, opiera si\u0119 na mierzalnych ilo\u015bciowo wska\u017anikach wydajno\u015bci, efektywno\u015bci badanych instytucji. Drugim najcz\u0119\u015bciej spotykanym elementem oceny jest badanie reputacji zar\u00f3wno w\u015br\u00f3d samej kadry naukowej, jak i pracodawc\u00f3w. W najpopularniejszych rankingach wykorzystuje si\u0119 po kilka r\u00f3\u017cnych wska\u017anik\u00f3w. Kluczowym jest wi\u0119c jakie wska\u017aniki i z jakimi wagami s\u0105 uwzgl\u0119dniane oraz czy i jak uwzgl\u0119dnia si\u0119 cho\u0107by zr\u00f3\u017cnicowanie pomi\u0119dzy dyscyplinami naukowymi, wielko\u015bci\u0105 szk\u00f3\u0142 wy\u017cszych i ich profilami, a tak\u017ce spos\u00f3b doboru pr\u00f3by respondent\u00f3w oceniaj\u0105cych presti\u017c rankingowanych jednostek.<\/p>\n<p style=\"text-align: justify\">\u0141atwo\u015b\u0107 dost\u0119pu do wynik\u00f3w rankingu sprawia, i\u017c wielu kandydat\u00f3w na studia, ale i tak\u017ce student\u00f3w kieruje si\u0119 rankingami przy wyborze uczelni, na kt\u00f3rej podejmuj\u0105 studia, lub na kt\u00f3r\u0105 wyje\u017cd\u017caj\u0105 w ramach wymiany mi\u0119dzynarodowej. Obecne lokaty uczelni na arenie mi\u0119dzynarodowej w rankingach uczelni wy\u017cszych s\u0105 prezentowane w postaci dedykowanych stron internetowych. Uwzgl\u0119dniaj\u0105c te kwestie tak\u017ce same uczelnie zacz\u0119\u0142y kierowa\u0107 si\u0119 informacjami z ranking\u00f3w przy wyborze partner\u00f3w do wsp\u00f3\u0142pracy. W tej sytuacji warto analizowa\u0107 wyniki ranking\u00f3w, tak krajowych jak i zagranicznych.<\/p>\n<p><img loading=\"lazy\" decoding=\"async\" class=\"wp-image-1910 aligncenter\" src=\"https:\/\/pb.edu.pl\/cdias\/wp-content\/uploads\/sites\/55\/2024\/12\/swiat-e1733474619296-300x298.png\" alt=\"\" width=\"279\" height=\"277\" srcset=\"https:\/\/pb.edu.pl\/cdias\/wp-content\/uploads\/sites\/55\/2024\/12\/swiat-e1733474619296-300x298.png 300w, https:\/\/pb.edu.pl\/cdias\/wp-content\/uploads\/sites\/55\/2024\/12\/swiat-e1733474619296-150x150.png 150w, https:\/\/pb.edu.pl\/cdias\/wp-content\/uploads\/sites\/55\/2024\/12\/swiat-e1733474619296.png 366w\" sizes=\"auto, (max-width: 279px) 100vw, 279px\" \/><\/p>\n<hr>\n<hr>\n<h2 style=\"text-align: center\">Najbardziej rozpoznawalne rankingi uczelni wy\u017cszych o zasi\u0119gu mi\u0119dzynarodowym<\/h2>\n<p style=\"text-align: center\">&nbsp;<br \/>\n<a name=\"tu-skacz\"><\/a>&nbsp;<\/p>\n<div id=\"box-menu\" class=\"href\" style=\"justify-content: center;text-align: center\">&nbsp;<\/div>\n<div class=\"row\" style=\"justify-content: center\">\n<div class=\"col-sm-2 text-center\" style=\"text-align: center\"><a class=\"button\" style=\"width: 110%;padding: 2px 2px 2px 2px\" href=\"\/cdias\/rankingi\/times-higher-education-world-university-rankings-the\/\"><span style=\"font-size: 1.8rem\"><img loading=\"lazy\" decoding=\"async\" class=\"aligncenter wp-image-1912 size-full\" src=\"https:\/\/pb.edu.pl\/cdias\/wp-content\/uploads\/sites\/55\/2024\/12\/THE-e1733491680662.jpg\" alt=\"Times Higher Education World University Ranking \" width=\"294\" height=\"215\"><\/span><\/a><\/div>\n<div class=\"col-sm-2 text-center\" style=\"text-align: center\"><a class=\"button\" style=\"width: 110%;padding: 2px 2px 2px 2px\" href=\"https:\/\/pb.edu.pl\/cdias\/rankingi-miedzynarodowe\/rankingi-instytucjonalne\/ranking-web-of-universities-webometrics\/\"><span style=\"font-size: 1.8rem\"><img loading=\"lazy\" decoding=\"async\" class=\"aligncenter wp-image-1913 size-full\" src=\"https:\/\/pb.edu.pl\/cdias\/wp-content\/uploads\/sites\/55\/2024\/12\/webo.png\" alt=\"Ranking Web of Universities (Webometrics)\" width=\"300\" height=\"220\"><\/span><\/a><\/div>\n<div class=\"col-sm-2 text-center\" style=\"text-align: center\"><a class=\"button\" style=\"width: 110%;padding: 2px 2px 2px 2px\" href=\"\/cdias\/rankingi\/university-ranking-by-academic-performance-urap\/\"><span style=\"font-size: 1.8rem\"><img loading=\"lazy\" decoding=\"async\" class=\"aligncenter wp-image-1914 size-full\" src=\"https:\/\/pb.edu.pl\/cdias\/wp-content\/uploads\/sites\/55\/2024\/12\/URAP.png\" alt=\"University Ranking by Academic Performance (URAP)\" width=\"300\" height=\"220\"><\/span><\/a><\/div>\n<div class=\"col-sm-2 text-center\" style=\"text-align: center\"><a class=\"button\" style=\"width: 110%;padding: 2px 2px 2px 2px\" href=\"\/cdias\/rankingi\/round-university-ranking-rur\/\"><span style=\"font-size: 1.8rem\"><img loading=\"lazy\" decoding=\"async\" class=\"aligncenter wp-image-1915 size-full\" src=\"https:\/\/pb.edu.pl\/cdias\/wp-content\/uploads\/sites\/55\/2024\/12\/RUR.png\" alt=\"Round University Ranking (RUR)\" width=\"300\" height=\"220\"><\/span><\/a><\/div>\n<div class=\"col-sm-2 text-center\"><a class=\"button\" style=\"width: 110%;padding: 2px 2px 2px 2px\" href=\"\/cdias\/rankingi\/world-university-rankings-cwur\/\"><span style=\"font-size: 1.8rem\"><img loading=\"lazy\" decoding=\"async\" class=\"aligncenter wp-image-1916 size-full\" src=\"https:\/\/pb.edu.pl\/cdias\/wp-content\/uploads\/sites\/55\/2024\/12\/cruw.jpg\" alt=\"World University Ranking (CWUR)\" width=\"300\" height=\"220\"><\/span><\/a><\/div>\n<\/div>\n<p style=\"text-align: center\">&nbsp;<\/p>\n<div class=\"row\" style=\"text-align: center\">\n<div class=\"col-sm-2 text-center\"><a class=\"button\" style=\"width: 110%;padding: 2px 2px 2px 2px\" href=\"\/cdias\/rankingi\/cwts-leiden-ranking\/\"><span style=\"font-size: 1.8rem\"><img loading=\"lazy\" decoding=\"async\" class=\"aligncenter wp-image-1917 size-full\" src=\"https:\/\/pb.edu.pl\/cdias\/wp-content\/uploads\/sites\/55\/2024\/12\/cwts2.png\" alt=\"CWTS Leiden Ranking\" width=\"300\" height=\"220\"><\/span><\/a><\/div>\n<div class=\"col-sm-2 text-center\"><a class=\"button\" style=\"width: 110%;padding: 2px 2px 2px 2px\" href=\"\/cdias\/rankingi\/ntu-ranking\/\"><span style=\"font-size: 1.8rem\"><img loading=\"lazy\" decoding=\"async\" class=\"aligncenter wp-image-1918 size-full\" src=\"https:\/\/pb.edu.pl\/cdias\/wp-content\/uploads\/sites\/55\/2024\/12\/ntu.png\" alt=\"NTU Ranking\" width=\"300\" height=\"220\"><\/span><\/a><\/div>\n<div class=\"col-sm-2 text-center\"><a class=\"button\" style=\"width: 110%;padding: 2px 2px 2px 2px\" href=\"\/cdias\/rankingi\/mosiur\/\"><span style=\"font-size: 1.8rem\"><img loading=\"lazy\" decoding=\"async\" class=\"aligncenter wp-image-1919 size-full\" src=\"https:\/\/pb.edu.pl\/cdias\/wp-content\/uploads\/sites\/55\/2024\/12\/mosiUR.png\" alt=\"MosIUR\" width=\"300\" height=\"220\"><\/span><\/a><\/div>\n<div class=\"col-sm-2 text-center\"><a class=\"button\" style=\"width: 110%;padding: 2px 2px 2px 2px\" href=\"\/cdias\/rankingi\/scimago-institutions-rankings\/\"><span style=\"font-size: 1.8rem\"><img loading=\"lazy\" decoding=\"async\" class=\"aligncenter wp-image-1920 size-full\" src=\"https:\/\/pb.edu.pl\/cdias\/wp-content\/uploads\/sites\/55\/2024\/12\/scimago.png\" alt=\"SCImago Institutions Ranking\" width=\"300\" height=\"220\"><\/span><\/a><\/div>\n<div class=\"col-sm-2 text-center\"><a class=\"button\" style=\"width: 110%;padding: 2px 2px 2px 2px\" href=\"\/cdias\/rankingi\/academic-ranking-of-world-universities-arwu\"><span style=\"font-size: 1.8rem\"><img loading=\"lazy\" decoding=\"async\" class=\"aligncenter wp-image-1957 size-full\" src=\"https:\/\/pb.edu.pl\/cdias\/wp-content\/uploads\/sites\/55\/2024\/12\/ARWU-1.png\" alt=\"\" width=\"300\" height=\"220\"><\/span><\/a><\/div>\n<\/div>\n<p style=\"text-align: center\">&nbsp;<\/p>\n<div class=\"row\" style=\"text-align: center\">\n<div class=\"col-sm-2 text-center\"><a class=\"button\" style=\"width: 110%;padding: 2px 2px 2px 2px\" href=\"\/cdias\/rankingi\/global-ranking-of-academic-subjects-gras\/\"><span style=\"font-size: 1.8rem\"><img loading=\"lazy\" decoding=\"async\" class=\"aligncenter wp-image-1922 size-full\" src=\"https:\/\/pb.edu.pl\/cdias\/wp-content\/uploads\/sites\/55\/2024\/12\/gras2.png\" alt=\"Global Ranking of Academic Subjects (GRAS) \" width=\"300\" height=\"220\"><\/span><\/a><\/div>\n<div class=\"col-sm-2 text-center\"><a class=\"button\" style=\"width: 110%;padding: 2px 2px 2px 2px\" href=\"\/cdias\/rankingi\/qs-world-university-rankings\/\"><span style=\"font-size: 1.8rem\"><img loading=\"lazy\" decoding=\"async\" class=\"aligncenter wp-image-1923 size-full\" src=\"https:\/\/pb.edu.pl\/cdias\/wp-content\/uploads\/sites\/55\/2024\/12\/qs.png\" alt=\"QS World University Rankings\" width=\"300\" height=\"220\"><\/span><\/a><\/div>\n<div class=\"col-sm-2 text-center\"><a class=\"button\" style=\"width: 110%;padding: 2px 2px 2px 2px\" href=\"\/cdias\/rankingi\/u-s-news-world-report-best-global-universities\/\"><span style=\"font-size: 1.8rem\"><img loading=\"lazy\" decoding=\"async\" class=\"aligncenter wp-image-1924 size-full\" src=\"https:\/\/pb.edu.pl\/cdias\/wp-content\/uploads\/sites\/55\/2024\/12\/USnews.png\" alt=\"U.S. News &amp; World Report Best Global Universities\" width=\"300\" height=\"220\"><\/span><\/a><\/div>\n<div class=\"col-sm-2 text-center\"><a class=\"button\" style=\"width: 110%;padding: 2px 2px 2px 2px\" href=\"\/cdias\/rankingi\/Engirank\/\"><span style=\"font-size: 1.8rem\"><img loading=\"lazy\" decoding=\"async\" class=\"aligncenter wp-image-1925 size-full\" src=\"https:\/\/pb.edu.pl\/cdias\/wp-content\/uploads\/sites\/55\/2025\/12\/engirank1.png\" alt=\"Engirank\" width=\"300\" height=\"220\"><\/span><\/a><\/div>\n<div class=\"col-sm-2 text-center\"><a class=\"button\" style=\"width: 110%;padding: 2px 2px 2px 2px\" href=\"\/cdias\/rankingi\/u-multirank\/\"><span style=\"font-size: 1.8rem\"><img loading=\"lazy\" decoding=\"async\" class=\"aligncenter wp-image-1925 size-full\" src=\"https:\/\/pb.edu.pl\/cdias\/wp-content\/uploads\/sites\/55\/2024\/12\/Umulti.png\" alt=\"U-Multirank\" width=\"300\" height=\"220\"><\/span><\/a><\/div>\n<\/div>\n<div class=\"col-sm-1 text-center\">&nbsp;<\/div>\n<p style=\"text-align: center\">&nbsp;<\/p>\n<hr>\n<div class=\"image image-btn\">\n<hr>\n<\/div>\n<p>Z przegl\u0105du mi\u0119dzynarodowych ranking\u00f3w uczelni wy\u017cszych wynika, \u017ce znacz\u0105ca wi\u0119kszo\u015b\u0107 ranking\u00f3w opiera si\u0119 na danych pozyskiwanych z og\u00f3lnie dost\u0119pnych \u017ar\u00f3de\u0142 europejskich i \u015bwiatowych, kt\u00f3re s\u0105 p\u00f3\u017aniej analizowane przez wyspecjalizowane podmioty zajmuj\u0105ce si\u0119 rankingowaniem uczelni.<\/p>\n<p>&nbsp;<\/p>\n<p><img loading=\"lazy\" decoding=\"async\" class=\"aligncenter wp-image-1960 size-full\" src=\"https:\/\/pb.edu.pl\/cdias\/wp-content\/uploads\/sites\/55\/2024\/12\/rankingi2-1.png\" alt=\"\" width=\"1450\" height=\"759\" srcset=\"https:\/\/pb.edu.pl\/cdias\/wp-content\/uploads\/sites\/55\/2024\/12\/rankingi2-1.png 1450w, https:\/\/pb.edu.pl\/cdias\/wp-content\/uploads\/sites\/55\/2024\/12\/rankingi2-1-300x157.png 300w, https:\/\/pb.edu.pl\/cdias\/wp-content\/uploads\/sites\/55\/2024\/12\/rankingi2-1-1024x536.png 1024w, https:\/\/pb.edu.pl\/cdias\/wp-content\/uploads\/sites\/55\/2024\/12\/rankingi2-1-768x402.png 768w\" sizes=\"auto, (max-width: 1450px) 100vw, 1450px\" \/><\/p>\n<p>&nbsp;<\/p>\n<p style=\"text-align: center\">Z rozpoznawalnych mi\u0119dzynarodowych ranking\u00f3w cztery wymagaj\u0105 zg\u0142oszenia. Nale\u017c\u0105 do nich:<\/p>\n<p style=\"text-align: center\">Times Higher Edukation World University Rankings (THE),<\/p>\n<p style=\"text-align: center\">Round University Rankings (RUR),<\/p>\n<p style=\"text-align: center\">QS Word Univeristy Rankings,<\/p>\n<p style=\"text-align: center\">U-Multirank.<\/p>\n<p style=\"text-align: center\">W tabeli poni\u017cej zaprezentowano zbiorcze zestawienie informacji dotycz\u0105cych poszczeg\u00f3lnych ranking\u00f3w.<\/p>\n<p>&nbsp;<\/p>\n<p><img loading=\"lazy\" decoding=\"async\" class=\"aligncenter wp-image-1961 \" src=\"https:\/\/pb.edu.pl\/cdias\/wp-content\/uploads\/sites\/55\/2024\/12\/rankingi-4.png\" alt=\"\" width=\"1201\" height=\"680\" srcset=\"https:\/\/pb.edu.pl\/cdias\/wp-content\/uploads\/sites\/55\/2024\/12\/rankingi-4.png 1341w, https:\/\/pb.edu.pl\/cdias\/wp-content\/uploads\/sites\/55\/2024\/12\/rankingi-4-300x170.png 300w, https:\/\/pb.edu.pl\/cdias\/wp-content\/uploads\/sites\/55\/2024\/12\/rankingi-4-1024x580.png 1024w, https:\/\/pb.edu.pl\/cdias\/wp-content\/uploads\/sites\/55\/2024\/12\/rankingi-4-768x435.png 768w\" sizes=\"auto, (max-width: 1201px) 100vw, 1201px\" \/><\/p>\n<p style=\"text-align: center\">&nbsp;<\/p>\n<hr>\n<div class=\"h3\">&nbsp;<\/div>\n","protected":false},"excerpt":{"rendered":"<p>W ostatnim czasie osi\u0105gni\u0119cie jak najwy\u017cszego miejsca w \u015bwiatowych rankingach uczelni sta\u0142o si\u0119 jednym z<\/p>\n","protected":false},"author":2,"featured_media":0,"parent":1136,"menu_order":1,"comment_status":"closed","ping_status":"closed","template":"","meta":{"_acf_changed":false,"ngg_post_thumbnail":0,"footnotes":""},"class_list":["post-428","page","type-page","status-publish","hentry"],"acf":[],"yoast_head":"<!-- This site is optimized with the Yoast SEO plugin v27.0 - https:\/\/yoast.com\/product\/yoast-seo-wordpress\/ -->\n<title>Rankingi instytucjonalne - Centrum Danych i Analiz Strategicznych<\/title>\n<meta name=\"description\" content=\"W ostatnim czasie osi\u0105gni\u0119cie jak najwy\u017cszego miejsca w \u015bwiatowych rankingach uczelni sta\u0142o si\u0119 jednym z najwa\u017cniejszych cel\u00f3w niemal\u017ce we wszystkich\" \/>\n<meta name=\"robots\" content=\"index, follow, max-snippet:-1, max-image-preview:large, max-video-preview:-1\" \/>\n<link rel=\"canonical\" href=\"https:\/\/pb.edu.pl\/cdias\/rankingi-miedzynarodowe\/rankingi-instytucjonalne\/\" \/>\n<meta property=\"og:locale\" content=\"pl_PL\" \/>\n<meta property=\"og:type\" content=\"article\" \/>\n<meta property=\"og:title\" content=\"Rankingi instytucjonalne - Centrum Danych i Analiz Strategicznych\" \/>\n<meta property=\"og:description\" content=\"W ostatnim czasie osi\u0105gni\u0119cie jak najwy\u017cszego miejsca w \u015bwiatowych rankingach uczelni sta\u0142o si\u0119 jednym z najwa\u017cniejszych cel\u00f3w niemal\u017ce we wszystkich\" \/>\n<meta property=\"og:url\" content=\"https:\/\/pb.edu.pl\/cdias\/rankingi-miedzynarodowe\/rankingi-instytucjonalne\/\" \/>\n<meta property=\"og:site_name\" content=\"Centrum Danych i Analiz Strategicznych\" \/>\n<meta property=\"article:modified_time\" content=\"2025-12-30T11:25:29+00:00\" \/>\n<meta property=\"og:image\" content=\"https:\/\/pb.edu.pl\/cdias\/wp-content\/uploads\/sites\/55\/2025\/03\/r_inst-1-1024x524.png\" \/>\n<meta name=\"twitter:card\" content=\"summary_large_image\" \/>\n<meta name=\"twitter:label1\" content=\"Szacowany czas czytania\" \/>\n\t<meta name=\"twitter:data1\" content=\"6 minut\" \/>\n<script type=\"application\/ld+json\" class=\"yoast-schema-graph\">{\"@context\":\"https:\/\/schema.org\",\"@graph\":[{\"@type\":\"WebPage\",\"@id\":\"https:\/\/pb.edu.pl\/cdias\/rankingi-miedzynarodowe\/rankingi-instytucjonalne\/\",\"url\":\"https:\/\/pb.edu.pl\/cdias\/rankingi-miedzynarodowe\/rankingi-instytucjonalne\/\",\"name\":\"Rankingi instytucjonalne - Centrum Danych i Analiz Strategicznych\",\"isPartOf\":{\"@id\":\"https:\/\/pb.edu.pl\/cdias\/#website\"},\"primaryImageOfPage\":{\"@id\":\"https:\/\/pb.edu.pl\/cdias\/rankingi-miedzynarodowe\/rankingi-instytucjonalne\/#primaryimage\"},\"image\":{\"@id\":\"https:\/\/pb.edu.pl\/cdias\/rankingi-miedzynarodowe\/rankingi-instytucjonalne\/#primaryimage\"},\"thumbnailUrl\":\"https:\/\/pb.edu.pl\/cdias\/wp-content\/uploads\/sites\/55\/2025\/03\/r_inst-1-1024x524.png\",\"datePublished\":\"2021-09-14T14:35:45+00:00\",\"dateModified\":\"2025-12-30T11:25:29+00:00\",\"description\":\"W ostatnim czasie osi\u0105gni\u0119cie jak najwy\u017cszego miejsca w \u015bwiatowych rankingach uczelni sta\u0142o si\u0119 jednym z najwa\u017cniejszych cel\u00f3w niemal\u017ce we wszystkich\",\"breadcrumb\":{\"@id\":\"https:\/\/pb.edu.pl\/cdias\/rankingi-miedzynarodowe\/rankingi-instytucjonalne\/#breadcrumb\"},\"inLanguage\":\"pl-PL\",\"potentialAction\":[{\"@type\":\"ReadAction\",\"target\":[\"https:\/\/pb.edu.pl\/cdias\/rankingi-miedzynarodowe\/rankingi-instytucjonalne\/\"]}]},{\"@type\":\"ImageObject\",\"inLanguage\":\"pl-PL\",\"@id\":\"https:\/\/pb.edu.pl\/cdias\/rankingi-miedzynarodowe\/rankingi-instytucjonalne\/#primaryimage\",\"url\":\"https:\/\/pb.edu.pl\/cdias\/wp-content\/uploads\/sites\/55\/2025\/03\/r_inst-1.png\",\"contentUrl\":\"https:\/\/pb.edu.pl\/cdias\/wp-content\/uploads\/sites\/55\/2025\/03\/r_inst-1.png\",\"width\":1211,\"height\":620},{\"@type\":\"BreadcrumbList\",\"@id\":\"https:\/\/pb.edu.pl\/cdias\/rankingi-miedzynarodowe\/rankingi-instytucjonalne\/#breadcrumb\",\"itemListElement\":[{\"@type\":\"ListItem\",\"position\":1,\"name\":\"Strona g\u0142\u00f3wna\",\"item\":\"https:\/\/pb.edu.pl\/cdias\/\"},{\"@type\":\"ListItem\",\"position\":2,\"name\":\"Rankingi mi\u0119dzynarodowe\",\"item\":\"https:\/\/pb.edu.pl\/cdias\/rankingi-miedzynarodowe\/\"},{\"@type\":\"ListItem\",\"position\":3,\"name\":\"Rankingi instytucjonalne\"}]},{\"@type\":\"WebSite\",\"@id\":\"https:\/\/pb.edu.pl\/cdias\/#website\",\"url\":\"https:\/\/pb.edu.pl\/cdias\/\",\"name\":\"Centrum Danych i Analiz Strategicznych\",\"description\":\"\",\"potentialAction\":[{\"@type\":\"SearchAction\",\"target\":{\"@type\":\"EntryPoint\",\"urlTemplate\":\"https:\/\/pb.edu.pl\/cdias\/?s={search_term_string}\"},\"query-input\":{\"@type\":\"PropertyValueSpecification\",\"valueRequired\":true,\"valueName\":\"search_term_string\"}}],\"inLanguage\":\"pl-PL\"}]}<\/script>\n<!-- \/ Yoast SEO plugin. -->","yoast_head_json":{"title":"Rankingi instytucjonalne - Centrum Danych i Analiz Strategicznych","description":"W ostatnim czasie osi\u0105gni\u0119cie jak najwy\u017cszego miejsca w \u015bwiatowych rankingach uczelni sta\u0142o si\u0119 jednym z najwa\u017cniejszych cel\u00f3w niemal\u017ce we wszystkich","robots":{"index":"index","follow":"follow","max-snippet":"max-snippet:-1","max-image-preview":"max-image-preview:large","max-video-preview":"max-video-preview:-1"},"canonical":"https:\/\/pb.edu.pl\/cdias\/rankingi-miedzynarodowe\/rankingi-instytucjonalne\/","og_locale":"pl_PL","og_type":"article","og_title":"Rankingi instytucjonalne - Centrum Danych i Analiz Strategicznych","og_description":"W ostatnim czasie osi\u0105gni\u0119cie jak najwy\u017cszego miejsca w \u015bwiatowych rankingach uczelni sta\u0142o si\u0119 jednym z najwa\u017cniejszych cel\u00f3w niemal\u017ce we wszystkich","og_url":"https:\/\/pb.edu.pl\/cdias\/rankingi-miedzynarodowe\/rankingi-instytucjonalne\/","og_site_name":"Centrum Danych i Analiz Strategicznych","article_modified_time":"2025-12-30T11:25:29+00:00","og_image":[{"url":"https:\/\/pb.edu.pl\/cdias\/wp-content\/uploads\/sites\/55\/2025\/03\/r_inst-1-1024x524.png","type":"","width":"","height":""}],"twitter_card":"summary_large_image","twitter_misc":{"Szacowany czas czytania":"6 minut"},"schema":{"@context":"https:\/\/schema.org","@graph":[{"@type":"WebPage","@id":"https:\/\/pb.edu.pl\/cdias\/rankingi-miedzynarodowe\/rankingi-instytucjonalne\/","url":"https:\/\/pb.edu.pl\/cdias\/rankingi-miedzynarodowe\/rankingi-instytucjonalne\/","name":"Rankingi instytucjonalne - Centrum Danych i Analiz Strategicznych","isPartOf":{"@id":"https:\/\/pb.edu.pl\/cdias\/#website"},"primaryImageOfPage":{"@id":"https:\/\/pb.edu.pl\/cdias\/rankingi-miedzynarodowe\/rankingi-instytucjonalne\/#primaryimage"},"image":{"@id":"https:\/\/pb.edu.pl\/cdias\/rankingi-miedzynarodowe\/rankingi-instytucjonalne\/#primaryimage"},"thumbnailUrl":"https:\/\/pb.edu.pl\/cdias\/wp-content\/uploads\/sites\/55\/2025\/03\/r_inst-1-1024x524.png","datePublished":"2021-09-14T14:35:45+00:00","dateModified":"2025-12-30T11:25:29+00:00","description":"W ostatnim czasie osi\u0105gni\u0119cie jak najwy\u017cszego miejsca w \u015bwiatowych rankingach uczelni sta\u0142o si\u0119 jednym z najwa\u017cniejszych cel\u00f3w niemal\u017ce we wszystkich","breadcrumb":{"@id":"https:\/\/pb.edu.pl\/cdias\/rankingi-miedzynarodowe\/rankingi-instytucjonalne\/#breadcrumb"},"inLanguage":"pl-PL","potentialAction":[{"@type":"ReadAction","target":["https:\/\/pb.edu.pl\/cdias\/rankingi-miedzynarodowe\/rankingi-instytucjonalne\/"]}]},{"@type":"ImageObject","inLanguage":"pl-PL","@id":"https:\/\/pb.edu.pl\/cdias\/rankingi-miedzynarodowe\/rankingi-instytucjonalne\/#primaryimage","url":"https:\/\/pb.edu.pl\/cdias\/wp-content\/uploads\/sites\/55\/2025\/03\/r_inst-1.png","contentUrl":"https:\/\/pb.edu.pl\/cdias\/wp-content\/uploads\/sites\/55\/2025\/03\/r_inst-1.png","width":1211,"height":620},{"@type":"BreadcrumbList","@id":"https:\/\/pb.edu.pl\/cdias\/rankingi-miedzynarodowe\/rankingi-instytucjonalne\/#breadcrumb","itemListElement":[{"@type":"ListItem","position":1,"name":"Strona g\u0142\u00f3wna","item":"https:\/\/pb.edu.pl\/cdias\/"},{"@type":"ListItem","position":2,"name":"Rankingi mi\u0119dzynarodowe","item":"https:\/\/pb.edu.pl\/cdias\/rankingi-miedzynarodowe\/"},{"@type":"ListItem","position":3,"name":"Rankingi instytucjonalne"}]},{"@type":"WebSite","@id":"https:\/\/pb.edu.pl\/cdias\/#website","url":"https:\/\/pb.edu.pl\/cdias\/","name":"Centrum Danych i Analiz Strategicznych","description":"","potentialAction":[{"@type":"SearchAction","target":{"@type":"EntryPoint","urlTemplate":"https:\/\/pb.edu.pl\/cdias\/?s={search_term_string}"},"query-input":{"@type":"PropertyValueSpecification","valueRequired":true,"valueName":"search_term_string"}}],"inLanguage":"pl-PL"}]}},"_links":{"self":[{"href":"https:\/\/pb.edu.pl\/cdias\/wp-json\/wp\/v2\/pages\/428","targetHints":{"allow":["GET"]}}],"collection":[{"href":"https:\/\/pb.edu.pl\/cdias\/wp-json\/wp\/v2\/pages"}],"about":[{"href":"https:\/\/pb.edu.pl\/cdias\/wp-json\/wp\/v2\/types\/page"}],"author":[{"embeddable":true,"href":"https:\/\/pb.edu.pl\/cdias\/wp-json\/wp\/v2\/users\/2"}],"replies":[{"embeddable":true,"href":"https:\/\/pb.edu.pl\/cdias\/wp-json\/wp\/v2\/comments?post=428"}],"version-history":[{"count":0,"href":"https:\/\/pb.edu.pl\/cdias\/wp-json\/wp\/v2\/pages\/428\/revisions"}],"up":[{"embeddable":true,"href":"https:\/\/pb.edu.pl\/cdias\/wp-json\/wp\/v2\/pages\/1136"}],"wp:attachment":[{"href":"https:\/\/pb.edu.pl\/cdias\/wp-json\/wp\/v2\/media?parent=428"}],"curies":[{"name":"wp","href":"https:\/\/api.w.org\/{rel}","templated":true}]}}