{"id":39,"date":"2020-10-10T20:21:10","date_gmt":"2020-10-10T18:21:10","guid":{"rendered":"https:\/\/pb.edu.pl\/cdias\/?page_id=39"},"modified":"2021-01-20T14:17:21","modified_gmt":"2021-01-20T13:17:21","slug":"ryzyko-i-kontrola-zarzadcza","status":"publish","type":"page","link":"https:\/\/pb.edu.pl\/cdias\/ryzyko-i-kontrola-zarzadcza\/","title":{"rendered":"Ryzyko i kontrola zarz\u0105dcza"},"content":{"rendered":"<p>&nbsp;<\/p>\n<p style=\"text-align: left\">Dnia 13 stycznia 2021 roku wesz\u0142o w \u017cycie Zarz\u0105dzenie Nr 2\/2021 Rektora Politechniki w sprawie wprowadzenia systemu kontroli zarz\u0105dczej i zarz\u0105dzania ryzykiem w Politechnice Bia\u0142ostockiej. Zgodnie z za\u0142\u0105cznikiem nr 2 do w\/w Zarz\u0105dzenia stanowi\u0105cym \u201eProcedur\u0119 zarz\u0105dzania ryzykiem strategicznym, operacyjnym i projektu\u201d dokumentowanie procesu zarz\u0105dzania ryzykiem odbywa si\u0119 poprzez wype\u0142nienie w wersji elektronicznej i papierowej rejestru ryzyka: strategicznego,&nbsp;operacyjnego, projektu, w terminie <strong>do 31 stycznia 2021 r.<\/strong>&nbsp; na rok 2021.<\/p>\n<p style=\"text-align: left\">Rejestr ryzyka strategicznego i operacyjnego sporz\u0105dza, wskazana przez kierownika pionu\/wydzia\u0142u, osoba odpowiedzialna za gromadzenie rejestr\u00f3w ryzyka podleg\u0142ych jednostek. Identyfikacj\u0119 i analiz\u0119 ryzyka projektu przeprowadza wnioskodawca\/kierownik w oparciu o cele sformu\u0142owane w odniesieniu do zada\u0144 zawartych w harmonogramie projektu i przekazuje prorektorowi, w&nbsp;kt\u00f3rego kompetencjach le\u017cy nadz\u00f3r nad realizacj\u0105 danego projektu.<\/p>\n<p>Wyznaczone przez rektora jednostki dokonuj\u0105 samooceny standard\u00f3w kontroli zarz\u0105dczej poprzez wype\u0142nienie, zatwierdzonych przez rektora wzor\u00f3w kwestionariuszy samooceny standard\u00f3w kontroli zarz\u0105dczej, w terminie <strong>do 22 stycznia 2021 r.<\/strong><\/p>\n<p>Osoby zarz\u0105dzaj\u0105ce ryzykiem nieakceptowalnym sk\u0142adaj\u0105 sprawozdania z zarz\u0105dzania ryzykiem nieakceptowalnym, w terminie <strong>do 20 stycznia 2021 r. <\/strong>za rok 2020.<\/p>\n<p>Rektor, prorektorzy, kanclerz, dziekani i kwestor, sk\u0142adaj\u0105 do Zespo\u0142u ds. kontroli zarz\u0105dczej, w nieprzekraczalnym terminie do <strong>25 stycznia 2021 r.<\/strong>&nbsp; o\u015bwiadczenie cz\u0105stkowe o stanie kontroli zarz\u0105dczej za rok poprzedni w zakresie kierowanego pionu\/jednostki.<\/p>\n<p><strong>Do pobrania<\/strong><\/p>\n<p><a class=\"pdf\" title=\"otworzy si\u0119 w nowej karcie\" href=\"https:\/\/pb.edu.pl\/cdias\/wp-content\/uploads\/sites\/55\/2021\/01\/Zarz\u0105dzeniewersjaskanowana-2_2021.pdf\" target=\"_blank\" rel=\"noopener noreferrer\" data-id=\"270\">Zarz\u0105dzenie w sprawie w sprawie wprowadzenia systemu kontroli zarz\u0105dczej i zarz\u0105dzania ryzykiem w Politechnice Bia\u0142ostockie 2\/2021<\/a><\/p>\n<p><a class=\"pdf\" title=\"otworzy si\u0119 w nowej karcie\" href=\"https:\/\/pb.edu.pl\/cdias\/wp-content\/uploads\/sites\/55\/2021\/01\/Za\u0142\u0105czniknr1.pdf\" target=\"_blank\" rel=\"noopener noreferrer\" data-id=\"267\">Procedura kontroli zarz\u0105dczej w Politechnice Bia\u0142ostockiej &#8211; Za\u0142\u0105cznik nr 1 do Zarz\u0105dzenia 2\/2021<\/a><\/p>\n<p><a class=\"pdf\" title=\"otworzy si\u0119 w nowej karcie\" href=\"https:\/\/pb.edu.pl\/cdias\/wp-content\/uploads\/sites\/55\/2021\/01\/Za\u0142\u0105czniknr2.pdf\" target=\"_blank\" rel=\"noopener noreferrer\" data-id=\"268\">Procedura zarz\u0105dzania ryzykiem strategicznym, operacyjnym i projektu w Politechnice Bia\u0142ostockiej &#8211; Za\u0142\u0105cznik nr 2 do Zarz\u0105dzenia 2\/2021<\/a><\/p>\n<p><a href=\"https:\/\/pb.edu.pl\/cdias\/wp-content\/uploads\/sites\/55\/2021\/01\/Zalacznik-nr-2-3-4.xlsx\">Rejestry ryzyka strategicznego, operacyjnego, projektu<\/a><\/p>\n<p><a href=\"https:\/\/pb.edu.pl\/cdias\/wp-content\/uploads\/sites\/55\/2021\/01\/Zalacznik-nr-5-6-7.xlsx\">Sprawozdania z zarz\u0105dzania ryzykiem nieakceptowalnym<\/a><\/p>\n<p><a class=\"docx\" title=\"pobierz plik\" href=\"https:\/\/pb.edu.pl\/cdias\/wp-content\/uploads\/sites\/55\/2021\/01\/Wz\u00f3r-kwestionariusz-samooceny-kontroli-zarz\u0105dczej-kierownicy.docx\" data-id=\"264\">Kwestionariusz samooceny kontroli zarz\u0105dczej &#8211; kierownicy (DOCX, 20 KB)<\/a><\/p>\n<p><a class=\"docx\" title=\"pobierz plik\" href=\"https:\/\/pb.edu.pl\/cdias\/wp-content\/uploads\/sites\/55\/2021\/01\/Wz\u00f3r-kwestionariusz-samooceny-standard\u00f3w-kontroli-zarz\u0105dczej-pracownicy.docx\" data-id=\"265\">Kwestionariusz samooceny standard\u00f3w kontroli zarz\u0105dczej &#8211; pracownicy (DOCX, 17 KB)<\/a><\/p>\n<p><a class=\"docx\" title=\"pobierz plik\" href=\"https:\/\/pb.edu.pl\/cdias\/wp-content\/uploads\/sites\/55\/2021\/01\/Oswiadczenie-o-stanie-kontroli-zarzadczej.docx\" data-id=\"279\">O\u015bwiadczenie cz\u0105stkowe o stanie kontroli zarz\u0105dczej (DOCX, 22 KB)<\/a><\/p>\n<p><strong>Przyk\u0142ady uzupe\u0142nionych rejestr\u00f3w ryzyka<\/strong><\/p>\n<p><a style=\"font-size: 1.5rem;color: #23527c\" href=\"https:\/\/pb.edu.pl\/cdias\/wp-content\/uploads\/sites\/55\/2021\/01\/Przyk\u0142ady-ryzyka-strategicznego.xlsx\">Przyk\u0142ady ryzyka strategicznego<\/a><\/p>\n<p><a href=\"https:\/\/pb.edu.pl\/cdias\/wp-content\/uploads\/sites\/55\/2021\/01\/Przyk\u0142ady-ryzyka-operacyjnego.xlsx\">Przyk\u0142ady ryzyka operacyjnego<\/a><\/p>\n<p><a href=\"https:\/\/pb.edu.pl\/cdias\/wp-content\/uploads\/sites\/55\/2021\/01\/Przyk\u0142ady-ryzyka-projektu.xlsx\">Przyk\u0142ady ryzyka projektu<\/a><\/p>\n<p><strong>Osoby odpowiedzialne za udzielanie informacji:<\/strong><\/p>\n<ul>\n<li>Barbara Litman, e-mail: b.litman@pb.edu.pl, tel. 85 746 70 43<\/li>\n<li>Damian Tanajewski, e-mail: d.tanajewski@pb.edu.pl, tel. 85 746 70 43<\/li>\n<\/ul>\n<p>&nbsp;<\/p>\n<p><span style=\"font-size: 18pt\"><strong>Informacje og\u00f3lne<\/strong><\/span><\/p>\n<p><strong>I. KONTROLA ZARZ\u0104DCZA<\/strong><\/p>\n<p>System kontroli zarz\u0105dczej to spos\u00f3b spojrzenia na uczelni\u0119, kt\u00f3ry ma u\u0142atwi\u0107 zarz\u0105dzanie ni\u0105 w uporz\u0105dkowany spos\u00f3b.<\/p>\n<p>Kontrol\u0119 zarz\u0105dcz\u0105 w jednostkach sektora finans\u00f3w publicznych stanowi og\u00f3\u0142 dzia\u0142a\u0144 podejmowanych dla zapewnienia realizacji cel\u00f3w i zada\u0144 w spos\u00f3b zgodny z prawem, efektywny, oszcz\u0119dny i terminowy (Art. 68. 1. Ustawy o finansach publicznych).&nbsp;<\/p>\n<p><strong>II. O\u015aWIADCZENIE O STANIE KONTROLI ZARZ\u0104DCZEJ<\/strong><\/p>\n<p>Minister kieruj\u0105cy dzia\u0142em mo\u017ce zobowi\u0105za\u0107 kierownika jednostki w dziale (Rektora) do sporz\u0105dzania planu dzia\u0142alno\u015bci na rok nast\u0119pny dla tej jednostki oraz sporz\u0105dzania sprawozdania z wykonania planu dzia\u0142alno\u015bci i sk\u0142adania o\u015bwiadczenia o stanie kontroli zarz\u0105dczej za poprzedni rok w zakresie kierowanej przez niego jednostki (Uczelni).<\/p>\n<p>Podstaw\u0105 do z\u0142o\u017cenia o\u015bwiadczenia s\u0105 m.in.:<\/p>\n<ul>\n<li>monitoring realizacji cel\u00f3w i zada\u0144,<\/li>\n<li>samoocena kontroli zarz\u0105dczej przeprowadzona z uwzgl\u0119dnieniem standard\u00f3w kontroli zarz\u0105dczej dla sektora finans\u00f3w publicznych,<\/li>\n<li>zarz\u0105dzanie ryzykiem,<\/li>\n<li>audyt wewn\u0119trzny,<\/li>\n<li>kontrole wewn\u0119trzne,<\/li>\n<li>kontrole zewn\u0119trzne,<\/li>\n<li>inne \u017ar\u00f3d\u0142a informacji.<\/li>\n<\/ul>\n<p><strong>III.&nbsp;PRZEPISY PRAWNE<\/strong><\/p>\n<p>Ustawa o finansach publicznych<\/p>\n<p>Ustawa o finansach publicznych z dnia 27 sierpnia 2009 r., wprowadzi\u0142a m.in.&nbsp;nowe poj\u0119cie &#8222;kontroli zarz\u0105dczej&#8221; oraz okre\u015bli\u0142a&nbsp;zadania i obowi\u0105zki&nbsp;kieruj\u0105cych jednostkami sektora finans\u00f3w&nbsp;publicznych w zakresie&nbsp;zapewnienia prawid\u0142owego jej&nbsp;funkcjonowania.<\/p>\n<p><a class=\"pdf\" title=\"otworzy si\u0119 w nowej karcie\" href=\"https:\/\/pb.edu.pl\/cdias\/wp-content\/uploads\/sites\/55\/2020\/10\/za\u0142\u0105cznik-nr-1-ustawa_o_finansach_publicznych_tekst_jednolity_i_zmiany.pdf\" target=\"_blank\" rel=\"noopener noreferrer\" data-id=\"90\">Ujednolicony tekst ustawy (Dz.U. 2009 nr 157 poz. 1240) (PDF, wersja dost\u0119pna cyfrowo, 1 MB)<\/a><\/p>\n<p>Plan dzia\u0142alno\u015bci i sprawozdanie z jego wykonania<\/p>\n<p><a class=\"pdf\" title=\"otworzy si\u0119 w nowej karcie\" href=\"https:\/\/pb.edu.pl\/cdias\/wp-content\/uploads\/sites\/55\/2020\/10\/za\u0142acznik-nr-2-rozporz\u0105dzenie_w_sprawie_planu_dzia\u0142alno\u015bci_i_sprawozdania_z_jego_wykonania1.pdf\" target=\"_blank\" rel=\"noopener noreferrer\" data-id=\"94\">Rozporz\u0105dzenie Ministra Finans\u00f3w w sprawie planu dzia\u0142alno\u015bci i sprawozdania z jego wykonania (PDF, wersja dost\u0119pna cyfrowo, 315 KB)<\/a><\/p>\n<p>O\u015bwiadczenie o stanie kontroli zarz\u0105dczej<\/p>\n<p><a class=\"pdf\" title=\"otworzy si\u0119 w nowej karcie\" href=\"https:\/\/pb.edu.pl\/cdias\/wp-content\/uploads\/sites\/55\/2020\/10\/za\u0142\u0105cznik-nr-3-rozporzadzenie_w_sprawie_wzoru_o\u015bwiadczenia_o_stanie_kontroli_zarz\u0105dczej.pdf\" target=\"_blank\" rel=\"noopener noreferrer\" data-id=\"91\">Rozporz\u0105dzenie Ministra Finans\u00f3w w sprawie wzoru o\u015bwiadczenia o stanie kontroli zarz\u0105dczej (PDF, wersja dost\u0119pna cyfrowo, 313 KB)<\/a><\/p>\n<p>&nbsp;<\/p>\n<p><strong>IV. STANDARDY I INNE KOMUNIKATY MINISTRA FINANS\u00d3W<\/strong><\/p>\n<p>Samoocena kontroli zarz\u0105dczej<\/p>\n<p><a class=\"pdf\" title=\"otworzy si\u0119 w nowej karcie\" href=\"https:\/\/pb.edu.pl\/cdias\/wp-content\/uploads\/sites\/55\/2020\/10\/za\u0142\u0105cznik-nr-4-_komunikat_23_MF_2009_standardy_KZ.pdf\" target=\"_blank\" rel=\"noopener noreferrer\" data-id=\"92\">Rozporz\u0105dzenie Ministra Finans\u00f3w w sprawie wzoru o\u015bwiadczenia o stanie kontroli zarz\u0105dczej (PDF, wersja dost\u0119pna cyfrowo, 167 KB)<\/a><\/p>\n<p><a class=\"pdf\" title=\"otworzy si\u0119 w nowej karcie\" href=\"https:\/\/pb.edu.pl\/cdias\/wp-content\/uploads\/sites\/55\/2020\/10\/za\u0142acznik-nr-5-_komunikat_3_MF_2011_wytyczne_do_samooceny.pdf\" target=\"_blank\" rel=\"noopener noreferrer\" data-id=\"95\">Komunikat Nr 3 Ministra Finans\u00f3w z dnia 16 lutego 2011 r. w sprawie szczeg\u00f3\u0142owych wytycznych w zakresie samooceny kontroli zarz\u0105dczej dla jednostek sektora finans\u00f3w publicznych (Dz. Urz. Min. Fin. Nr 2, poz. 11) (PDF, wersja dost\u0119pna cyfrowo, 818 KB)<\/a><\/p>\n<p><a class=\"pdf\" title=\"otworzy si\u0119 w nowej karcie\" href=\"https:\/\/pb.edu.pl\/cdias\/wp-content\/uploads\/sites\/55\/2020\/10\/za\u0142\u0105cznik-nr-6_komunikat_6_MF_2012_planowanie_i_zarzadzanie_ryzykiem.pdf\" target=\"_blank\" rel=\"noopener noreferrer\" data-id=\"93\">Komunikat Nr 6 Ministra Finans\u00f3w z dnia 6 grudnia 2012 r. w sprawie szczeg\u00f3\u0142owych wytycznych dla sektora finans\u00f3w publicznych w zakresie planowania i zarz\u0105dzania ryzykiem (Dz.&nbsp;Urz. Min. Fin. poz. 56) (PDF, wersja dost\u0119pna cyfrowo, 1 MB)<\/a><\/p>\n<p>&nbsp;<\/p>\n<p>Wi\u0119cej materia\u0142\u00f3w metodycznych i opracowa\u0144 dotycz\u0105cych kontroli zarz\u0105dczej mo\u017cna znale\u017a\u0107 na stronie Biuletynu Informacji Publicznej Ministerstwa Finans\u00f3w w&nbsp;zak\u0142adce&nbsp;<a href=\"https:\/\/www.gov.pl\/web\/finanse\/kontrola-zarzadcza-jsfp\">kontrola zarz\u0105dcza w sektorze finans\u00f3w publicznych<\/a>.<\/p>\n","protected":false},"excerpt":{"rendered":"<p>&nbsp; Dnia 13 stycznia 2021 roku wesz\u0142o w \u017cycie Zarz\u0105dzenie Nr 2\/2021 Rektora Politechniki w<\/p>\n","protected":false},"author":2,"featured_media":0,"parent":0,"menu_order":6,"comment_status":"closed","ping_status":"closed","template":"","meta":{"_acf_changed":false,"ngg_post_thumbnail":0,"footnotes":""},"class_list":["post-39","page","type-page","status-publish","hentry"],"acf":[],"yoast_head":"<!-- This site is optimized with the Yoast SEO plugin v27.0 - https:\/\/yoast.com\/product\/yoast-seo-wordpress\/ -->\n<title>Ryzyko i kontrola zarz\u0105dcza - Centrum Danych i Analiz Strategicznych<\/title>\n<meta name=\"description\" content=\"&nbsp; Dnia 13 stycznia 2021 roku wesz\u0142o w \u017cycie Zarz\u0105dzenie Nr 2\/2021 Rektora Politechniki w sprawie wprowadzenia systemu kontroli zarz\u0105dczej i\" \/>\n<meta name=\"robots\" content=\"index, follow, max-snippet:-1, max-image-preview:large, max-video-preview:-1\" \/>\n<link rel=\"canonical\" href=\"https:\/\/pb.edu.pl\/cdias\/ryzyko-i-kontrola-zarzadcza\/\" \/>\n<meta property=\"og:locale\" content=\"pl_PL\" \/>\n<meta property=\"og:type\" content=\"article\" \/>\n<meta property=\"og:title\" content=\"Ryzyko i kontrola zarz\u0105dcza - Centrum Danych i Analiz Strategicznych\" \/>\n<meta property=\"og:description\" content=\"&nbsp; Dnia 13 stycznia 2021 roku wesz\u0142o w \u017cycie Zarz\u0105dzenie Nr 2\/2021 Rektora Politechniki w sprawie wprowadzenia systemu kontroli zarz\u0105dczej i\" \/>\n<meta property=\"og:url\" content=\"https:\/\/pb.edu.pl\/cdias\/ryzyko-i-kontrola-zarzadcza\/\" \/>\n<meta property=\"og:site_name\" content=\"Centrum Danych i Analiz Strategicznych\" \/>\n<meta property=\"article:modified_time\" content=\"2021-01-20T13:17:21+00:00\" \/>\n<meta name=\"twitter:card\" content=\"summary_large_image\" \/>\n<meta name=\"twitter:label1\" content=\"Szacowany czas czytania\" \/>\n\t<meta name=\"twitter:data1\" content=\"4 minuty\" \/>\n<script type=\"application\/ld+json\" class=\"yoast-schema-graph\">{\"@context\":\"https:\/\/schema.org\",\"@graph\":[{\"@type\":\"WebPage\",\"@id\":\"https:\/\/pb.edu.pl\/cdias\/ryzyko-i-kontrola-zarzadcza\/\",\"url\":\"https:\/\/pb.edu.pl\/cdias\/ryzyko-i-kontrola-zarzadcza\/\",\"name\":\"Ryzyko i kontrola zarz\u0105dcza - Centrum Danych i Analiz Strategicznych\",\"isPartOf\":{\"@id\":\"https:\/\/pb.edu.pl\/cdias\/#website\"},\"datePublished\":\"2020-10-10T18:21:10+00:00\",\"dateModified\":\"2021-01-20T13:17:21+00:00\",\"description\":\"&nbsp; Dnia 13 stycznia 2021 roku wesz\u0142o w \u017cycie Zarz\u0105dzenie Nr 2\/2021 Rektora Politechniki w sprawie wprowadzenia systemu kontroli zarz\u0105dczej i\",\"breadcrumb\":{\"@id\":\"https:\/\/pb.edu.pl\/cdias\/ryzyko-i-kontrola-zarzadcza\/#breadcrumb\"},\"inLanguage\":\"pl-PL\",\"potentialAction\":[{\"@type\":\"ReadAction\",\"target\":[\"https:\/\/pb.edu.pl\/cdias\/ryzyko-i-kontrola-zarzadcza\/\"]}]},{\"@type\":\"BreadcrumbList\",\"@id\":\"https:\/\/pb.edu.pl\/cdias\/ryzyko-i-kontrola-zarzadcza\/#breadcrumb\",\"itemListElement\":[{\"@type\":\"ListItem\",\"position\":1,\"name\":\"Strona g\u0142\u00f3wna\",\"item\":\"https:\/\/pb.edu.pl\/cdias\/\"},{\"@type\":\"ListItem\",\"position\":2,\"name\":\"Ryzyko i kontrola zarz\u0105dcza\"}]},{\"@type\":\"WebSite\",\"@id\":\"https:\/\/pb.edu.pl\/cdias\/#website\",\"url\":\"https:\/\/pb.edu.pl\/cdias\/\",\"name\":\"Centrum Danych i Analiz Strategicznych\",\"description\":\"\",\"potentialAction\":[{\"@type\":\"SearchAction\",\"target\":{\"@type\":\"EntryPoint\",\"urlTemplate\":\"https:\/\/pb.edu.pl\/cdias\/?s={search_term_string}\"},\"query-input\":{\"@type\":\"PropertyValueSpecification\",\"valueRequired\":true,\"valueName\":\"search_term_string\"}}],\"inLanguage\":\"pl-PL\"}]}<\/script>\n<!-- \/ Yoast SEO plugin. -->","yoast_head_json":{"title":"Ryzyko i kontrola zarz\u0105dcza - Centrum Danych i Analiz Strategicznych","description":"&nbsp; Dnia 13 stycznia 2021 roku wesz\u0142o w \u017cycie Zarz\u0105dzenie Nr 2\/2021 Rektora Politechniki w sprawie wprowadzenia systemu kontroli zarz\u0105dczej i","robots":{"index":"index","follow":"follow","max-snippet":"max-snippet:-1","max-image-preview":"max-image-preview:large","max-video-preview":"max-video-preview:-1"},"canonical":"https:\/\/pb.edu.pl\/cdias\/ryzyko-i-kontrola-zarzadcza\/","og_locale":"pl_PL","og_type":"article","og_title":"Ryzyko i kontrola zarz\u0105dcza - Centrum Danych i Analiz Strategicznych","og_description":"&nbsp; Dnia 13 stycznia 2021 roku wesz\u0142o w \u017cycie Zarz\u0105dzenie Nr 2\/2021 Rektora Politechniki w sprawie wprowadzenia systemu kontroli zarz\u0105dczej i","og_url":"https:\/\/pb.edu.pl\/cdias\/ryzyko-i-kontrola-zarzadcza\/","og_site_name":"Centrum Danych i Analiz Strategicznych","article_modified_time":"2021-01-20T13:17:21+00:00","twitter_card":"summary_large_image","twitter_misc":{"Szacowany czas czytania":"4 minuty"},"schema":{"@context":"https:\/\/schema.org","@graph":[{"@type":"WebPage","@id":"https:\/\/pb.edu.pl\/cdias\/ryzyko-i-kontrola-zarzadcza\/","url":"https:\/\/pb.edu.pl\/cdias\/ryzyko-i-kontrola-zarzadcza\/","name":"Ryzyko i kontrola zarz\u0105dcza - Centrum Danych i Analiz Strategicznych","isPartOf":{"@id":"https:\/\/pb.edu.pl\/cdias\/#website"},"datePublished":"2020-10-10T18:21:10+00:00","dateModified":"2021-01-20T13:17:21+00:00","description":"&nbsp; Dnia 13 stycznia 2021 roku wesz\u0142o w \u017cycie Zarz\u0105dzenie Nr 2\/2021 Rektora Politechniki w sprawie wprowadzenia systemu kontroli zarz\u0105dczej i","breadcrumb":{"@id":"https:\/\/pb.edu.pl\/cdias\/ryzyko-i-kontrola-zarzadcza\/#breadcrumb"},"inLanguage":"pl-PL","potentialAction":[{"@type":"ReadAction","target":["https:\/\/pb.edu.pl\/cdias\/ryzyko-i-kontrola-zarzadcza\/"]}]},{"@type":"BreadcrumbList","@id":"https:\/\/pb.edu.pl\/cdias\/ryzyko-i-kontrola-zarzadcza\/#breadcrumb","itemListElement":[{"@type":"ListItem","position":1,"name":"Strona g\u0142\u00f3wna","item":"https:\/\/pb.edu.pl\/cdias\/"},{"@type":"ListItem","position":2,"name":"Ryzyko i kontrola zarz\u0105dcza"}]},{"@type":"WebSite","@id":"https:\/\/pb.edu.pl\/cdias\/#website","url":"https:\/\/pb.edu.pl\/cdias\/","name":"Centrum Danych i Analiz Strategicznych","description":"","potentialAction":[{"@type":"SearchAction","target":{"@type":"EntryPoint","urlTemplate":"https:\/\/pb.edu.pl\/cdias\/?s={search_term_string}"},"query-input":{"@type":"PropertyValueSpecification","valueRequired":true,"valueName":"search_term_string"}}],"inLanguage":"pl-PL"}]}},"_links":{"self":[{"href":"https:\/\/pb.edu.pl\/cdias\/wp-json\/wp\/v2\/pages\/39","targetHints":{"allow":["GET"]}}],"collection":[{"href":"https:\/\/pb.edu.pl\/cdias\/wp-json\/wp\/v2\/pages"}],"about":[{"href":"https:\/\/pb.edu.pl\/cdias\/wp-json\/wp\/v2\/types\/page"}],"author":[{"embeddable":true,"href":"https:\/\/pb.edu.pl\/cdias\/wp-json\/wp\/v2\/users\/2"}],"replies":[{"embeddable":true,"href":"https:\/\/pb.edu.pl\/cdias\/wp-json\/wp\/v2\/comments?post=39"}],"version-history":[{"count":0,"href":"https:\/\/pb.edu.pl\/cdias\/wp-json\/wp\/v2\/pages\/39\/revisions"}],"wp:attachment":[{"href":"https:\/\/pb.edu.pl\/cdias\/wp-json\/wp\/v2\/media?parent=39"}],"curies":[{"name":"wp","href":"https:\/\/api.w.org\/{rel}","templated":true}]}}