{"id":37,"date":"2020-10-10T20:20:36","date_gmt":"2020-10-10T18:20:36","guid":{"rendered":"https:\/\/pb.edu.pl\/cdias\/?page_id=37"},"modified":"2026-03-06T09:01:35","modified_gmt":"2026-03-06T08:01:35","slug":"uczelnia-w-liczbach","status":"publish","type":"page","link":"https:\/\/pb.edu.pl\/cdias\/uczelnia-w-liczbach\/","title":{"rendered":"Uczelnia w liczbach"},"content":{"rendered":"<div>\n<p>&nbsp;<\/p>\n<p><img loading=\"lazy\" decoding=\"async\" class=\"aligncenter wp-image-2982 size-full\" src=\"https:\/\/pb.edu.pl\/cdias\/wp-content\/uploads\/sites\/55\/2026\/03\/Zrzut-ekranu-2026-03-06-085914.png\" alt=\"\" width=\"1395\" height=\"705\" srcset=\"https:\/\/pb.edu.pl\/cdias\/wp-content\/uploads\/sites\/55\/2026\/03\/Zrzut-ekranu-2026-03-06-085914.png 1395w, https:\/\/pb.edu.pl\/cdias\/wp-content\/uploads\/sites\/55\/2026\/03\/Zrzut-ekranu-2026-03-06-085914-300x152.png 300w, https:\/\/pb.edu.pl\/cdias\/wp-content\/uploads\/sites\/55\/2026\/03\/Zrzut-ekranu-2026-03-06-085914-1024x518.png 1024w, https:\/\/pb.edu.pl\/cdias\/wp-content\/uploads\/sites\/55\/2026\/03\/Zrzut-ekranu-2026-03-06-085914-768x388.png 768w\" sizes=\"auto, (max-width: 1395px) 100vw, 1395px\" \/><\/p>\n<\/div>\n<div>\n<p style=\"text-align: right\"><span style=\"font-size: 8pt\">Dane na dzie\u0144 31.12.2025 r.<\/span><\/p>\n<hr>\n<hr>\n<h2 style=\"text-align: center\"><strong>Pracownicy Uczelni<\/strong><\/h2>\n<h6 style=\"text-align: center\">Liczba pracownik\u00f3w Politechniki Bia\u0142ostockiej wed\u0142ug stanu na dzie\u0144 31.12.2025 r. &#8211; 1 303<\/h6>\n<h6 style=\"text-align: center\"><span style=\"font-size: 18pt\"><strong>Struktura zatrudnienia w Politechnice Bia\u0142ostockiej<\/strong><\/span><\/h6>\n<p>&nbsp;<\/p>\n<p><a href=\"https:\/\/pb.edu.pl\/cdias\/wp-content\/uploads\/sites\/55\/2026\/03\/wykres_pracownicy_03.2026-2.png\"><img loading=\"lazy\" decoding=\"async\" class=\"aligncenter size-full wp-image-2972\" src=\"https:\/\/pb.edu.pl\/cdias\/wp-content\/uploads\/sites\/55\/2026\/03\/wykres_pracownicy_03.2026-2.png\" alt=\"\" width=\"1028\" height=\"857\" srcset=\"https:\/\/pb.edu.pl\/cdias\/wp-content\/uploads\/sites\/55\/2026\/03\/wykres_pracownicy_03.2026-2.png 1028w, https:\/\/pb.edu.pl\/cdias\/wp-content\/uploads\/sites\/55\/2026\/03\/wykres_pracownicy_03.2026-2-300x250.png 300w, https:\/\/pb.edu.pl\/cdias\/wp-content\/uploads\/sites\/55\/2026\/03\/wykres_pracownicy_03.2026-2-1024x854.png 1024w, https:\/\/pb.edu.pl\/cdias\/wp-content\/uploads\/sites\/55\/2026\/03\/wykres_pracownicy_03.2026-2-768x640.png 768w\" sizes=\"auto, (max-width: 1028px) 100vw, 1028px\" \/><\/a><\/p>\n<\/div>\n<p style=\"text-align: right\"><span style=\"font-size: 8pt\">Dane prezentowane w uk\u0142adzie <em>grupa pracownicza; udzia\u0142 procentowy<\/em> ; <em>liczba pracownik\u00f3w<\/em>.<\/span><\/p>\n<p>&nbsp;<\/p>\n<hr>\n<hr>\n<div>\n<h6 style=\"text-align: center\"><strong><span style=\"font-size: 18pt\">Studenci<\/span><\/strong><\/h6>\n<h6 style=\"text-align: center\"><span style=\"font-size: 12pt\">Liczba student\u00f3w Politechniki Bia\u0142ostockiej wed\u0142ug stanu na dzie\u0144 31.12.2025 r. &#8211; 7 354<\/span><\/h6>\n<p><a href=\"https:\/\/pb.edu.pl\/cdias\/wp-content\/uploads\/sites\/55\/2026\/02\/forma_2025.png\"><img loading=\"lazy\" decoding=\"async\" class=\"aligncenter size-full wp-image-2948\" src=\"https:\/\/pb.edu.pl\/cdias\/wp-content\/uploads\/sites\/55\/2026\/02\/forma_2025.png\" alt=\"\" width=\"770\" height=\"605\" srcset=\"https:\/\/pb.edu.pl\/cdias\/wp-content\/uploads\/sites\/55\/2026\/02\/forma_2025.png 770w, https:\/\/pb.edu.pl\/cdias\/wp-content\/uploads\/sites\/55\/2026\/02\/forma_2025-300x236.png 300w, https:\/\/pb.edu.pl\/cdias\/wp-content\/uploads\/sites\/55\/2026\/02\/forma_2025-768x603.png 768w\" sizes=\"auto, (max-width: 770px) 100vw, 770px\" \/><\/a><\/p>\n<p><a href=\"https:\/\/pb.edu.pl\/cdias\/wp-content\/uploads\/sites\/55\/2026\/02\/Stopien_2025.png\"><img loading=\"lazy\" decoding=\"async\" class=\"aligncenter wp-image-2947 size-full\" src=\"https:\/\/pb.edu.pl\/cdias\/wp-content\/uploads\/sites\/55\/2026\/02\/Stopien_2025-e1770121085590.png\" alt=\"\" width=\"769\" height=\"569\" srcset=\"https:\/\/pb.edu.pl\/cdias\/wp-content\/uploads\/sites\/55\/2026\/02\/Stopien_2025-e1770121085590.png 769w, https:\/\/pb.edu.pl\/cdias\/wp-content\/uploads\/sites\/55\/2026\/02\/Stopien_2025-e1770121085590-300x222.png 300w\" sizes=\"auto, (max-width: 769px) 100vw, 769px\" \/><\/a><\/p>\n<p><a href=\"https:\/\/pb.edu.pl\/cdias\/wp-content\/uploads\/sites\/55\/2026\/02\/Plec_2025.png\"><img loading=\"lazy\" decoding=\"async\" class=\"aligncenter size-full wp-image-2949\" src=\"https:\/\/pb.edu.pl\/cdias\/wp-content\/uploads\/sites\/55\/2026\/02\/Plec_2025.png\" alt=\"\" width=\"616\" height=\"560\" srcset=\"https:\/\/pb.edu.pl\/cdias\/wp-content\/uploads\/sites\/55\/2026\/02\/Plec_2025.png 616w, https:\/\/pb.edu.pl\/cdias\/wp-content\/uploads\/sites\/55\/2026\/02\/Plec_2025-300x273.png 300w\" sizes=\"auto, (max-width: 616px) 100vw, 616px\" \/><\/a><\/p>\n<p><a href=\"https:\/\/pb.edu.pl\/cdias\/wp-content\/uploads\/sites\/55\/2026\/02\/Wydzialy_2025.png\"><img loading=\"lazy\" decoding=\"async\" class=\"aligncenter size-full wp-image-2950\" src=\"https:\/\/pb.edu.pl\/cdias\/wp-content\/uploads\/sites\/55\/2026\/02\/Wydzialy_2025.png\" alt=\"\" width=\"835\" height=\"555\" srcset=\"https:\/\/pb.edu.pl\/cdias\/wp-content\/uploads\/sites\/55\/2026\/02\/Wydzialy_2025.png 835w, https:\/\/pb.edu.pl\/cdias\/wp-content\/uploads\/sites\/55\/2026\/02\/Wydzialy_2025-300x199.png 300w, https:\/\/pb.edu.pl\/cdias\/wp-content\/uploads\/sites\/55\/2026\/02\/Wydzialy_2025-768x510.png 768w, https:\/\/pb.edu.pl\/cdias\/wp-content\/uploads\/sites\/55\/2026\/02\/Wydzialy_2025-480x320.png 480w\" sizes=\"auto, (max-width: 835px) 100vw, 835px\" \/><\/a><\/p>\n<hr>\n<hr>\n<h6>&nbsp;<\/h6>\n<h6 style=\"text-align: center\"><span style=\"font-size: 18pt\"><strong>Podzia\u0142 student\u00f3w na kierunki na poszczeg\u00f3lnych Wydzia\u0142ach<\/strong><\/span><\/h6>\n<h6 style=\"text-align: center\">Dane prezentowane w uk\u0142adzie <em>kierunek; liczba student\u00f3w; udzia\u0142 procentowy<\/em>&nbsp;<\/h6>\n<p><a href=\"https:\/\/pb.edu.pl\/cdias\/wp-content\/uploads\/sites\/55\/2026\/02\/WA2025.png\"><img loading=\"lazy\" decoding=\"async\" class=\"aligncenter size-full wp-image-2951\" src=\"https:\/\/pb.edu.pl\/cdias\/wp-content\/uploads\/sites\/55\/2026\/02\/WA2025.png\" alt=\"\" width=\"794\" height=\"573\" srcset=\"https:\/\/pb.edu.pl\/cdias\/wp-content\/uploads\/sites\/55\/2026\/02\/WA2025.png 794w, https:\/\/pb.edu.pl\/cdias\/wp-content\/uploads\/sites\/55\/2026\/02\/WA2025-300x216.png 300w, https:\/\/pb.edu.pl\/cdias\/wp-content\/uploads\/sites\/55\/2026\/02\/WA2025-768x554.png 768w\" sizes=\"auto, (max-width: 794px) 100vw, 794px\" \/><\/a><a href=\"https:\/\/pb.edu.pl\/cdias\/wp-content\/uploads\/sites\/55\/2026\/02\/WBiNS2025.png\"><img loading=\"lazy\" decoding=\"async\" class=\"aligncenter size-full wp-image-2952\" src=\"https:\/\/pb.edu.pl\/cdias\/wp-content\/uploads\/sites\/55\/2026\/02\/WBiNS2025.png\" alt=\"\" width=\"825\" height=\"710\" srcset=\"https:\/\/pb.edu.pl\/cdias\/wp-content\/uploads\/sites\/55\/2026\/02\/WBiNS2025.png 825w, https:\/\/pb.edu.pl\/cdias\/wp-content\/uploads\/sites\/55\/2026\/02\/WBiNS2025-300x258.png 300w, https:\/\/pb.edu.pl\/cdias\/wp-content\/uploads\/sites\/55\/2026\/02\/WBiNS2025-768x661.png 768w\" sizes=\"auto, (max-width: 825px) 100vw, 825px\" \/><\/a><\/p>\n<p>&nbsp;<\/p>\n<p><a href=\"https:\/\/pb.edu.pl\/cdias\/wp-content\/uploads\/sites\/55\/2026\/02\/WE2025.png\"><img loading=\"lazy\" decoding=\"async\" class=\"aligncenter size-full wp-image-2953\" src=\"https:\/\/pb.edu.pl\/cdias\/wp-content\/uploads\/sites\/55\/2026\/02\/WE2025.png\" alt=\"\" width=\"826\" height=\"626\" srcset=\"https:\/\/pb.edu.pl\/cdias\/wp-content\/uploads\/sites\/55\/2026\/02\/WE2025.png 826w, https:\/\/pb.edu.pl\/cdias\/wp-content\/uploads\/sites\/55\/2026\/02\/WE2025-300x227.png 300w, https:\/\/pb.edu.pl\/cdias\/wp-content\/uploads\/sites\/55\/2026\/02\/WE2025-768x582.png 768w\" sizes=\"auto, (max-width: 826px) 100vw, 826px\" \/><\/a><\/p>\n<p>&nbsp;<\/p>\n<p><a href=\"https:\/\/pb.edu.pl\/cdias\/wp-content\/uploads\/sites\/55\/2026\/02\/WI2025.png\"><img loading=\"lazy\" decoding=\"async\" class=\"aligncenter size-full wp-image-2954\" src=\"https:\/\/pb.edu.pl\/cdias\/wp-content\/uploads\/sites\/55\/2026\/02\/WI2025.png\" alt=\"\" width=\"803\" height=\"564\" srcset=\"https:\/\/pb.edu.pl\/cdias\/wp-content\/uploads\/sites\/55\/2026\/02\/WI2025.png 803w, https:\/\/pb.edu.pl\/cdias\/wp-content\/uploads\/sites\/55\/2026\/02\/WI2025-300x211.png 300w, https:\/\/pb.edu.pl\/cdias\/wp-content\/uploads\/sites\/55\/2026\/02\/WI2025-768x539.png 768w\" sizes=\"auto, (max-width: 803px) 100vw, 803px\" \/><\/a><\/p>\n<p>&nbsp;<\/p>\n<p>&nbsp;<\/p>\n<p><a href=\"https:\/\/pb.edu.pl\/cdias\/wp-content\/uploads\/sites\/55\/2026\/02\/WIZ2025.png\"><img loading=\"lazy\" decoding=\"async\" class=\"aligncenter size-full wp-image-2955\" src=\"https:\/\/pb.edu.pl\/cdias\/wp-content\/uploads\/sites\/55\/2026\/02\/WIZ2025.png\" alt=\"\" width=\"821\" height=\"664\" srcset=\"https:\/\/pb.edu.pl\/cdias\/wp-content\/uploads\/sites\/55\/2026\/02\/WIZ2025.png 821w, https:\/\/pb.edu.pl\/cdias\/wp-content\/uploads\/sites\/55\/2026\/02\/WIZ2025-300x243.png 300w, https:\/\/pb.edu.pl\/cdias\/wp-content\/uploads\/sites\/55\/2026\/02\/WIZ2025-768x621.png 768w\" sizes=\"auto, (max-width: 821px) 100vw, 821px\" \/><\/a><\/p>\n<p>&nbsp;<\/p>\n<p><a href=\"https:\/\/pb.edu.pl\/cdias\/wp-content\/uploads\/sites\/55\/2026\/02\/WM2025.png\"><img loading=\"lazy\" decoding=\"async\" class=\"aligncenter wp-image-2956 size-full\" src=\"https:\/\/pb.edu.pl\/cdias\/wp-content\/uploads\/sites\/55\/2026\/02\/WM2025-e1770121553470.png\" alt=\"\" width=\"752\" height=\"561\" srcset=\"https:\/\/pb.edu.pl\/cdias\/wp-content\/uploads\/sites\/55\/2026\/02\/WM2025-e1770121553470.png 752w, https:\/\/pb.edu.pl\/cdias\/wp-content\/uploads\/sites\/55\/2026\/02\/WM2025-e1770121553470-300x224.png 300w\" sizes=\"auto, (max-width: 752px) 100vw, 752px\" \/><\/a><\/p>\n<p>&nbsp;<\/p>\n<p><a href=\"https:\/\/pb.edu.pl\/cdias\/wp-content\/uploads\/sites\/55\/2026\/02\/Studenci_2008-2025.png\"><img loading=\"lazy\" decoding=\"async\" class=\"aligncenter size-full wp-image-2957\" src=\"https:\/\/pb.edu.pl\/cdias\/wp-content\/uploads\/sites\/55\/2026\/02\/Studenci_2008-2025.png\" alt=\"\" width=\"1249\" height=\"689\" srcset=\"https:\/\/pb.edu.pl\/cdias\/wp-content\/uploads\/sites\/55\/2026\/02\/Studenci_2008-2025.png 1249w, https:\/\/pb.edu.pl\/cdias\/wp-content\/uploads\/sites\/55\/2026\/02\/Studenci_2008-2025-300x165.png 300w, https:\/\/pb.edu.pl\/cdias\/wp-content\/uploads\/sites\/55\/2026\/02\/Studenci_2008-2025-1024x565.png 1024w, https:\/\/pb.edu.pl\/cdias\/wp-content\/uploads\/sites\/55\/2026\/02\/Studenci_2008-2025-768x424.png 768w\" sizes=\"auto, (max-width: 1249px) 100vw, 1249px\" \/><\/a><\/p>\n<p>&nbsp;<\/p>\n<p>&nbsp;<\/p>\n<p style=\"text-align: right\">Dane na dzie\u0144 31.12.2025 r.<\/p>\n<p>&nbsp;<\/p>\n<p><a href=\"https:\/\/pb.edu.pl\/cdias\/wp-content\/uploads\/sites\/55\/2026\/02\/Absolwenci_2008-2025.png\"><img loading=\"lazy\" decoding=\"async\" class=\"aligncenter size-full wp-image-2958\" src=\"https:\/\/pb.edu.pl\/cdias\/wp-content\/uploads\/sites\/55\/2026\/02\/Absolwenci_2008-2025.png\" alt=\"\" width=\"1265\" height=\"688\" srcset=\"https:\/\/pb.edu.pl\/cdias\/wp-content\/uploads\/sites\/55\/2026\/02\/Absolwenci_2008-2025.png 1265w, https:\/\/pb.edu.pl\/cdias\/wp-content\/uploads\/sites\/55\/2026\/02\/Absolwenci_2008-2025-300x163.png 300w, https:\/\/pb.edu.pl\/cdias\/wp-content\/uploads\/sites\/55\/2026\/02\/Absolwenci_2008-2025-1024x557.png 1024w, https:\/\/pb.edu.pl\/cdias\/wp-content\/uploads\/sites\/55\/2026\/02\/Absolwenci_2008-2025-768x418.png 768w\" sizes=\"auto, (max-width: 1265px) 100vw, 1265px\" \/><\/a><\/p>\n<p style=\"text-align: right\">Dane na dzie\u0144 31.12.2025 r.<\/p>\n<h6>&nbsp;<\/h6>\n<hr>\n<hr>\n<h6 style=\"text-align: center\"><span style=\"font-size: 18pt\"><strong>Ewaluowane dyscypliny naukowe<\/strong><\/span><\/h6>\n<p>&nbsp;<\/p>\n<p><img loading=\"lazy\" decoding=\"async\" class=\"aligncenter wp-image-2277 size-large\" src=\"https:\/\/pb.edu.pl\/cdias\/wp-content\/uploads\/sites\/55\/2025\/01\/dyscypliny-2-1024x503.png\" alt=\"\" width=\"1024\" height=\"503\" srcset=\"https:\/\/pb.edu.pl\/cdias\/wp-content\/uploads\/sites\/55\/2025\/01\/dyscypliny-2-1024x503.png 1024w, https:\/\/pb.edu.pl\/cdias\/wp-content\/uploads\/sites\/55\/2025\/01\/dyscypliny-2-300x147.png 300w, https:\/\/pb.edu.pl\/cdias\/wp-content\/uploads\/sites\/55\/2025\/01\/dyscypliny-2-768x377.png 768w, https:\/\/pb.edu.pl\/cdias\/wp-content\/uploads\/sites\/55\/2025\/01\/dyscypliny-2.png 1248w\" sizes=\"auto, (max-width: 1024px) 100vw, 1024px\" \/><\/p>\n<hr>\n<div>\n<hr>\n<p>Pliki do pobrania<\/p>\n<p><a class=\"xls\" title=\"pobierz plik\" href=\"https:\/\/pb.edu.pl\/cdias\/wp-content\/uploads\/sites\/55\/2026\/03\/Liczba-studentow-2008-2025.xls\" data-id=\"974\">Liczba student\u00f3w Politechniki Bia\u0142ostockiej w latach 2008-2025 GUS (XLS, 468 KB)<\/a><\/p>\n<p><a class=\"xls\" title=\"pobierz plik\" href=\"https:\/\/pb.edu.pl\/cdias\/wp-content\/uploads\/sites\/55\/2026\/02\/Liczba-absolwentow-2008-2025.xls\" data-id=\"981\">Liczba absolwent\u00f3w Politechniki Bia\u0142ostockiej w latach 2008-2025 GUS (XLS, 260 KB)<\/a><\/p>\n<\/div>\n<p>&nbsp;<\/p>\n<\/div>\n<p>Osoba odpowiedzialna za umieszczenie informacji: Katarzyna Orzechowska<\/p>\n","protected":false},"excerpt":{"rendered":"<p>&nbsp; Dane na dzie\u0144 31.12.2025 r. Pracownicy Uczelni Liczba pracownik\u00f3w Politechniki Bia\u0142ostockiej wed\u0142ug stanu na<\/p>\n","protected":false},"author":2,"featured_media":0,"parent":0,"menu_order":5,"comment_status":"closed","ping_status":"closed","template":"","meta":{"_acf_changed":false,"ngg_post_thumbnail":0,"footnotes":""},"class_list":["post-37","page","type-page","status-publish","hentry"],"acf":[],"yoast_head":"<!-- This site is optimized with the Yoast SEO plugin v27.0 - https:\/\/yoast.com\/product\/yoast-seo-wordpress\/ -->\n<title>Uczelnia w liczbach - Centrum Danych i Analiz Strategicznych<\/title>\n<meta name=\"description\" content=\"&nbsp; Dane na dzie\u0144 31.12.2025 r. Pracownicy Uczelni Liczba pracownik\u00f3w Politechniki Bia\u0142ostockiej wed\u0142ug stanu na dzie\u0144 31.12.2025 r. - 1 303 Struktura\" \/>\n<meta name=\"robots\" content=\"index, follow, max-snippet:-1, max-image-preview:large, max-video-preview:-1\" \/>\n<link rel=\"canonical\" href=\"https:\/\/pb.edu.pl\/cdias\/uczelnia-w-liczbach\/\" \/>\n<meta property=\"og:locale\" content=\"pl_PL\" \/>\n<meta property=\"og:type\" content=\"article\" \/>\n<meta property=\"og:title\" content=\"Uczelnia w liczbach - Centrum Danych i Analiz Strategicznych\" \/>\n<meta property=\"og:description\" content=\"&nbsp; Dane na dzie\u0144 31.12.2025 r. Pracownicy Uczelni Liczba pracownik\u00f3w Politechniki Bia\u0142ostockiej wed\u0142ug stanu na dzie\u0144 31.12.2025 r. - 1 303 Struktura\" \/>\n<meta property=\"og:url\" content=\"https:\/\/pb.edu.pl\/cdias\/uczelnia-w-liczbach\/\" \/>\n<meta property=\"og:site_name\" content=\"Centrum Danych i Analiz Strategicznych\" \/>\n<meta property=\"article:modified_time\" content=\"2026-03-06T08:01:35+00:00\" \/>\n<meta property=\"og:image\" content=\"https:\/\/pb.edu.pl\/cdias\/wp-content\/uploads\/sites\/55\/2026\/03\/Zrzut-ekranu-2026-03-06-085914.png\" \/>\n\t<meta property=\"og:image:width\" content=\"1395\" \/>\n\t<meta property=\"og:image:height\" content=\"705\" \/>\n\t<meta property=\"og:image:type\" content=\"image\/png\" \/>\n<meta name=\"twitter:card\" content=\"summary_large_image\" \/>\n<meta name=\"twitter:label1\" content=\"Szacowany czas czytania\" \/>\n\t<meta name=\"twitter:data1\" content=\"4 minuty\" \/>\n<script type=\"application\/ld+json\" class=\"yoast-schema-graph\">{\"@context\":\"https:\/\/schema.org\",\"@graph\":[{\"@type\":\"WebPage\",\"@id\":\"https:\/\/pb.edu.pl\/cdias\/uczelnia-w-liczbach\/\",\"url\":\"https:\/\/pb.edu.pl\/cdias\/uczelnia-w-liczbach\/\",\"name\":\"Uczelnia w liczbach - Centrum Danych i Analiz Strategicznych\",\"isPartOf\":{\"@id\":\"https:\/\/pb.edu.pl\/cdias\/#website\"},\"primaryImageOfPage\":{\"@id\":\"https:\/\/pb.edu.pl\/cdias\/uczelnia-w-liczbach\/#primaryimage\"},\"image\":{\"@id\":\"https:\/\/pb.edu.pl\/cdias\/uczelnia-w-liczbach\/#primaryimage\"},\"thumbnailUrl\":\"https:\/\/pb.edu.pl\/cdias\/wp-content\/uploads\/sites\/55\/2026\/03\/Zrzut-ekranu-2026-03-06-085914.png\",\"datePublished\":\"2020-10-10T18:20:36+00:00\",\"dateModified\":\"2026-03-06T08:01:35+00:00\",\"description\":\"&nbsp; Dane na dzie\u0144 31.12.2025 r. Pracownicy Uczelni Liczba pracownik\u00f3w Politechniki Bia\u0142ostockiej wed\u0142ug stanu na dzie\u0144 31.12.2025 r. - 1 303 Struktura\",\"breadcrumb\":{\"@id\":\"https:\/\/pb.edu.pl\/cdias\/uczelnia-w-liczbach\/#breadcrumb\"},\"inLanguage\":\"pl-PL\",\"potentialAction\":[{\"@type\":\"ReadAction\",\"target\":[\"https:\/\/pb.edu.pl\/cdias\/uczelnia-w-liczbach\/\"]}]},{\"@type\":\"ImageObject\",\"inLanguage\":\"pl-PL\",\"@id\":\"https:\/\/pb.edu.pl\/cdias\/uczelnia-w-liczbach\/#primaryimage\",\"url\":\"https:\/\/pb.edu.pl\/cdias\/wp-content\/uploads\/sites\/55\/2026\/03\/Zrzut-ekranu-2026-03-06-085914.png\",\"contentUrl\":\"https:\/\/pb.edu.pl\/cdias\/wp-content\/uploads\/sites\/55\/2026\/03\/Zrzut-ekranu-2026-03-06-085914.png\"},{\"@type\":\"BreadcrumbList\",\"@id\":\"https:\/\/pb.edu.pl\/cdias\/uczelnia-w-liczbach\/#breadcrumb\",\"itemListElement\":[{\"@type\":\"ListItem\",\"position\":1,\"name\":\"Strona g\u0142\u00f3wna\",\"item\":\"https:\/\/pb.edu.pl\/cdias\/\"},{\"@type\":\"ListItem\",\"position\":2,\"name\":\"Uczelnia w liczbach\"}]},{\"@type\":\"WebSite\",\"@id\":\"https:\/\/pb.edu.pl\/cdias\/#website\",\"url\":\"https:\/\/pb.edu.pl\/cdias\/\",\"name\":\"Centrum Danych i Analiz Strategicznych\",\"description\":\"\",\"potentialAction\":[{\"@type\":\"SearchAction\",\"target\":{\"@type\":\"EntryPoint\",\"urlTemplate\":\"https:\/\/pb.edu.pl\/cdias\/?s={search_term_string}\"},\"query-input\":{\"@type\":\"PropertyValueSpecification\",\"valueRequired\":true,\"valueName\":\"search_term_string\"}}],\"inLanguage\":\"pl-PL\"}]}<\/script>\n<!-- \/ Yoast SEO plugin. -->","yoast_head_json":{"title":"Uczelnia w liczbach - Centrum Danych i Analiz Strategicznych","description":"&nbsp; Dane na dzie\u0144 31.12.2025 r. Pracownicy Uczelni Liczba pracownik\u00f3w Politechniki Bia\u0142ostockiej wed\u0142ug stanu na dzie\u0144 31.12.2025 r. - 1 303 Struktura","robots":{"index":"index","follow":"follow","max-snippet":"max-snippet:-1","max-image-preview":"max-image-preview:large","max-video-preview":"max-video-preview:-1"},"canonical":"https:\/\/pb.edu.pl\/cdias\/uczelnia-w-liczbach\/","og_locale":"pl_PL","og_type":"article","og_title":"Uczelnia w liczbach - Centrum Danych i Analiz Strategicznych","og_description":"&nbsp; Dane na dzie\u0144 31.12.2025 r. Pracownicy Uczelni Liczba pracownik\u00f3w Politechniki Bia\u0142ostockiej wed\u0142ug stanu na dzie\u0144 31.12.2025 r. - 1 303 Struktura","og_url":"https:\/\/pb.edu.pl\/cdias\/uczelnia-w-liczbach\/","og_site_name":"Centrum Danych i Analiz Strategicznych","article_modified_time":"2026-03-06T08:01:35+00:00","og_image":[{"width":1395,"height":705,"url":"https:\/\/pb.edu.pl\/cdias\/wp-content\/uploads\/sites\/55\/2026\/03\/Zrzut-ekranu-2026-03-06-085914.png","type":"image\/png"}],"twitter_card":"summary_large_image","twitter_misc":{"Szacowany czas czytania":"4 minuty"},"schema":{"@context":"https:\/\/schema.org","@graph":[{"@type":"WebPage","@id":"https:\/\/pb.edu.pl\/cdias\/uczelnia-w-liczbach\/","url":"https:\/\/pb.edu.pl\/cdias\/uczelnia-w-liczbach\/","name":"Uczelnia w liczbach - Centrum Danych i Analiz Strategicznych","isPartOf":{"@id":"https:\/\/pb.edu.pl\/cdias\/#website"},"primaryImageOfPage":{"@id":"https:\/\/pb.edu.pl\/cdias\/uczelnia-w-liczbach\/#primaryimage"},"image":{"@id":"https:\/\/pb.edu.pl\/cdias\/uczelnia-w-liczbach\/#primaryimage"},"thumbnailUrl":"https:\/\/pb.edu.pl\/cdias\/wp-content\/uploads\/sites\/55\/2026\/03\/Zrzut-ekranu-2026-03-06-085914.png","datePublished":"2020-10-10T18:20:36+00:00","dateModified":"2026-03-06T08:01:35+00:00","description":"&nbsp; Dane na dzie\u0144 31.12.2025 r. Pracownicy Uczelni Liczba pracownik\u00f3w Politechniki Bia\u0142ostockiej wed\u0142ug stanu na dzie\u0144 31.12.2025 r. - 1 303 Struktura","breadcrumb":{"@id":"https:\/\/pb.edu.pl\/cdias\/uczelnia-w-liczbach\/#breadcrumb"},"inLanguage":"pl-PL","potentialAction":[{"@type":"ReadAction","target":["https:\/\/pb.edu.pl\/cdias\/uczelnia-w-liczbach\/"]}]},{"@type":"ImageObject","inLanguage":"pl-PL","@id":"https:\/\/pb.edu.pl\/cdias\/uczelnia-w-liczbach\/#primaryimage","url":"https:\/\/pb.edu.pl\/cdias\/wp-content\/uploads\/sites\/55\/2026\/03\/Zrzut-ekranu-2026-03-06-085914.png","contentUrl":"https:\/\/pb.edu.pl\/cdias\/wp-content\/uploads\/sites\/55\/2026\/03\/Zrzut-ekranu-2026-03-06-085914.png"},{"@type":"BreadcrumbList","@id":"https:\/\/pb.edu.pl\/cdias\/uczelnia-w-liczbach\/#breadcrumb","itemListElement":[{"@type":"ListItem","position":1,"name":"Strona g\u0142\u00f3wna","item":"https:\/\/pb.edu.pl\/cdias\/"},{"@type":"ListItem","position":2,"name":"Uczelnia w liczbach"}]},{"@type":"WebSite","@id":"https:\/\/pb.edu.pl\/cdias\/#website","url":"https:\/\/pb.edu.pl\/cdias\/","name":"Centrum Danych i Analiz Strategicznych","description":"","potentialAction":[{"@type":"SearchAction","target":{"@type":"EntryPoint","urlTemplate":"https:\/\/pb.edu.pl\/cdias\/?s={search_term_string}"},"query-input":{"@type":"PropertyValueSpecification","valueRequired":true,"valueName":"search_term_string"}}],"inLanguage":"pl-PL"}]}},"_links":{"self":[{"href":"https:\/\/pb.edu.pl\/cdias\/wp-json\/wp\/v2\/pages\/37","targetHints":{"allow":["GET"]}}],"collection":[{"href":"https:\/\/pb.edu.pl\/cdias\/wp-json\/wp\/v2\/pages"}],"about":[{"href":"https:\/\/pb.edu.pl\/cdias\/wp-json\/wp\/v2\/types\/page"}],"author":[{"embeddable":true,"href":"https:\/\/pb.edu.pl\/cdias\/wp-json\/wp\/v2\/users\/2"}],"replies":[{"embeddable":true,"href":"https:\/\/pb.edu.pl\/cdias\/wp-json\/wp\/v2\/comments?post=37"}],"version-history":[{"count":10,"href":"https:\/\/pb.edu.pl\/cdias\/wp-json\/wp\/v2\/pages\/37\/revisions"}],"predecessor-version":[{"id":2984,"href":"https:\/\/pb.edu.pl\/cdias\/wp-json\/wp\/v2\/pages\/37\/revisions\/2984"}],"wp:attachment":[{"href":"https:\/\/pb.edu.pl\/cdias\/wp-json\/wp\/v2\/media?parent=37"}],"curies":[{"name":"wp","href":"https:\/\/api.w.org\/{rel}","templated":true}]}}