{"id":35,"date":"2020-10-10T20:20:13","date_gmt":"2020-10-10T18:20:13","guid":{"rendered":"https:\/\/pb.edu.pl\/cdias\/?page_id=35"},"modified":"2025-01-15T14:34:44","modified_gmt":"2025-01-15T13:34:44","slug":"dane-osobowe","status":"publish","type":"page","link":"https:\/\/pb.edu.pl\/cdias\/dane-osobowe\/","title":{"rendered":"Dane osobowe"},"content":{"rendered":"<table style=\"border-collapse: collapse;width: 100%;height: 278px\">\n<tbody>\n<tr style=\"height: 278px\">\n<td style=\"width: 21.4138%;height: 278px\"><img loading=\"lazy\" decoding=\"async\" class=\"wp-image-2325  alignleft\" src=\"https:\/\/pb.edu.pl\/cdias\/wp-content\/uploads\/sites\/55\/2025\/01\/d_1-e1736948027172.png\" alt=\"\" width=\"328\" height=\"278\" srcset=\"https:\/\/pb.edu.pl\/cdias\/wp-content\/uploads\/sites\/55\/2025\/01\/d_1-e1736948027172.png 473w, https:\/\/pb.edu.pl\/cdias\/wp-content\/uploads\/sites\/55\/2025\/01\/d_1-e1736948027172-300x254.png 300w\" sizes=\"auto, (max-width: 328px) 100vw, 328px\" \/><\/td>\n<td style=\"width: 51.5422%;height: 278px\">\n<p style=\"text-align: left\"><strong>Inspektor Ochrony Danych<\/strong><\/p>\n<p style=\"text-align: left\">mgr Mar<span style=\"font-size: 1.5rem\">ta P\u0142o\u0144ska-Wasie\u0144ko &#8211; <\/span><strong style=\"font-size: 1.5rem\">pok. A008<\/strong><\/p>\n<p style=\"text-align: left\"><i class=\"fa fa-envelope-o\" aria-hidden=\"true\"><\/i> <a href=\"#\" rel=\"nofollow\"  onclick=\"this.href='mailto:' + 'm.plonska' + '@' + 'pb.edu.pl'\">m.plonska [at] pb.edu.pl<\/a>\n&nbsp;<\/p>\n<p style=\"text-align: left\"><i class=\"fa fa-phone\" aria-hidden=\"true\"><\/i> 85 746-90-45<\/p>\n<p style=\"text-align: left\"><a href=\"\/odo\/\">Ochrona danych osobowych<\/a><\/p>\n<\/td>\n<\/tr>\n<\/tbody>\n<\/table>\n<p>&nbsp;<\/p>\n","protected":false},"excerpt":{"rendered":"<p>Inspektor Ochrony Danych mgr Marta P\u0142o\u0144ska-Wasie\u0144ko &#8211; pok. A008 &nbsp; 85 746-90-45 Ochrona danych osobowych<\/p>\n","protected":false},"author":2,"featured_media":0,"parent":0,"menu_order":4,"comment_status":"closed","ping_status":"closed","template":"","meta":{"_acf_changed":false,"ngg_post_thumbnail":0,"footnotes":""},"class_list":["post-35","page","type-page","status-publish","hentry"],"acf":[],"yoast_head":"<!-- This site is optimized with the Yoast SEO plugin v27.0 - https:\/\/yoast.com\/product\/yoast-seo-wordpress\/ -->\n<title>Dane osobowe - Centrum Danych i Analiz Strategicznych<\/title>\n<meta name=\"description\" content=\"Inspektor Ochrony Danych mgr Marta P\u0142o\u0144ska-Wasie\u0144ko - pok. A008   &nbsp;  85 746-90-45 Ochrona danych osobowych     &nbsp;\" \/>\n<meta name=\"robots\" content=\"index, follow, max-snippet:-1, max-image-preview:large, max-video-preview:-1\" \/>\n<link rel=\"canonical\" href=\"https:\/\/pb.edu.pl\/cdias\/dane-osobowe\/\" \/>\n<meta property=\"og:locale\" content=\"pl_PL\" \/>\n<meta property=\"og:type\" content=\"article\" \/>\n<meta property=\"og:title\" content=\"Dane osobowe - Centrum Danych i Analiz Strategicznych\" \/>\n<meta property=\"og:description\" content=\"Inspektor Ochrony Danych mgr Marta P\u0142o\u0144ska-Wasie\u0144ko - pok. A008   &nbsp;  85 746-90-45 Ochrona danych osobowych     &nbsp;\" \/>\n<meta property=\"og:url\" content=\"https:\/\/pb.edu.pl\/cdias\/dane-osobowe\/\" \/>\n<meta property=\"og:site_name\" content=\"Centrum Danych i Analiz Strategicznych\" \/>\n<meta property=\"article:modified_time\" content=\"2025-01-15T13:34:44+00:00\" \/>\n<meta property=\"og:image\" content=\"https:\/\/pb.edu.pl\/cdias\/wp-content\/uploads\/sites\/55\/2025\/01\/d_1-e1736948027172.png\" \/>\n\t<meta property=\"og:image:width\" content=\"473\" \/>\n\t<meta property=\"og:image:height\" content=\"400\" \/>\n\t<meta property=\"og:image:type\" content=\"image\/png\" \/>\n<meta name=\"twitter:card\" content=\"summary_large_image\" \/>\n<script type=\"application\/ld+json\" class=\"yoast-schema-graph\">{\"@context\":\"https:\/\/schema.org\",\"@graph\":[{\"@type\":\"WebPage\",\"@id\":\"https:\/\/pb.edu.pl\/cdias\/dane-osobowe\/\",\"url\":\"https:\/\/pb.edu.pl\/cdias\/dane-osobowe\/\",\"name\":\"Dane osobowe - Centrum Danych i Analiz Strategicznych\",\"isPartOf\":{\"@id\":\"https:\/\/pb.edu.pl\/cdias\/#website\"},\"primaryImageOfPage\":{\"@id\":\"https:\/\/pb.edu.pl\/cdias\/dane-osobowe\/#primaryimage\"},\"image\":{\"@id\":\"https:\/\/pb.edu.pl\/cdias\/dane-osobowe\/#primaryimage\"},\"thumbnailUrl\":\"https:\/\/pb.edu.pl\/cdias\/wp-content\/uploads\/sites\/55\/2025\/01\/d_1-e1736948027172.png\",\"datePublished\":\"2020-10-10T18:20:13+00:00\",\"dateModified\":\"2025-01-15T13:34:44+00:00\",\"description\":\"Inspektor Ochrony Danych mgr Marta P\u0142o\u0144ska-Wasie\u0144ko - pok. A008 &nbsp; 85 746-90-45 Ochrona danych osobowych &nbsp;\",\"breadcrumb\":{\"@id\":\"https:\/\/pb.edu.pl\/cdias\/dane-osobowe\/#breadcrumb\"},\"inLanguage\":\"pl-PL\",\"potentialAction\":[{\"@type\":\"ReadAction\",\"target\":[\"https:\/\/pb.edu.pl\/cdias\/dane-osobowe\/\"]}]},{\"@type\":\"ImageObject\",\"inLanguage\":\"pl-PL\",\"@id\":\"https:\/\/pb.edu.pl\/cdias\/dane-osobowe\/#primaryimage\",\"url\":\"https:\/\/pb.edu.pl\/cdias\/wp-content\/uploads\/sites\/55\/2025\/01\/d_1-e1736948027172.png\",\"contentUrl\":\"https:\/\/pb.edu.pl\/cdias\/wp-content\/uploads\/sites\/55\/2025\/01\/d_1-e1736948027172.png\",\"width\":473,\"height\":400},{\"@type\":\"BreadcrumbList\",\"@id\":\"https:\/\/pb.edu.pl\/cdias\/dane-osobowe\/#breadcrumb\",\"itemListElement\":[{\"@type\":\"ListItem\",\"position\":1,\"name\":\"Strona g\u0142\u00f3wna\",\"item\":\"https:\/\/pb.edu.pl\/cdias\/\"},{\"@type\":\"ListItem\",\"position\":2,\"name\":\"Dane osobowe\"}]},{\"@type\":\"WebSite\",\"@id\":\"https:\/\/pb.edu.pl\/cdias\/#website\",\"url\":\"https:\/\/pb.edu.pl\/cdias\/\",\"name\":\"Centrum Danych i Analiz Strategicznych\",\"description\":\"\",\"potentialAction\":[{\"@type\":\"SearchAction\",\"target\":{\"@type\":\"EntryPoint\",\"urlTemplate\":\"https:\/\/pb.edu.pl\/cdias\/?s={search_term_string}\"},\"query-input\":{\"@type\":\"PropertyValueSpecification\",\"valueRequired\":true,\"valueName\":\"search_term_string\"}}],\"inLanguage\":\"pl-PL\"}]}<\/script>\n<!-- \/ Yoast SEO plugin. -->","yoast_head_json":{"title":"Dane osobowe - Centrum Danych i Analiz Strategicznych","description":"Inspektor Ochrony Danych mgr Marta P\u0142o\u0144ska-Wasie\u0144ko - pok. A008   &nbsp;  85 746-90-45 Ochrona danych osobowych     &nbsp;","robots":{"index":"index","follow":"follow","max-snippet":"max-snippet:-1","max-image-preview":"max-image-preview:large","max-video-preview":"max-video-preview:-1"},"canonical":"https:\/\/pb.edu.pl\/cdias\/dane-osobowe\/","og_locale":"pl_PL","og_type":"article","og_title":"Dane osobowe - Centrum Danych i Analiz Strategicznych","og_description":"Inspektor Ochrony Danych mgr Marta P\u0142o\u0144ska-Wasie\u0144ko - pok. A008   &nbsp;  85 746-90-45 Ochrona danych osobowych     &nbsp;","og_url":"https:\/\/pb.edu.pl\/cdias\/dane-osobowe\/","og_site_name":"Centrum Danych i Analiz Strategicznych","article_modified_time":"2025-01-15T13:34:44+00:00","og_image":[{"width":473,"height":400,"url":"https:\/\/pb.edu.pl\/cdias\/wp-content\/uploads\/sites\/55\/2025\/01\/d_1-e1736948027172.png","type":"image\/png"}],"twitter_card":"summary_large_image","schema":{"@context":"https:\/\/schema.org","@graph":[{"@type":"WebPage","@id":"https:\/\/pb.edu.pl\/cdias\/dane-osobowe\/","url":"https:\/\/pb.edu.pl\/cdias\/dane-osobowe\/","name":"Dane osobowe - Centrum Danych i Analiz Strategicznych","isPartOf":{"@id":"https:\/\/pb.edu.pl\/cdias\/#website"},"primaryImageOfPage":{"@id":"https:\/\/pb.edu.pl\/cdias\/dane-osobowe\/#primaryimage"},"image":{"@id":"https:\/\/pb.edu.pl\/cdias\/dane-osobowe\/#primaryimage"},"thumbnailUrl":"https:\/\/pb.edu.pl\/cdias\/wp-content\/uploads\/sites\/55\/2025\/01\/d_1-e1736948027172.png","datePublished":"2020-10-10T18:20:13+00:00","dateModified":"2025-01-15T13:34:44+00:00","description":"Inspektor Ochrony Danych mgr Marta P\u0142o\u0144ska-Wasie\u0144ko - pok. A008 &nbsp; 85 746-90-45 Ochrona danych osobowych &nbsp;","breadcrumb":{"@id":"https:\/\/pb.edu.pl\/cdias\/dane-osobowe\/#breadcrumb"},"inLanguage":"pl-PL","potentialAction":[{"@type":"ReadAction","target":["https:\/\/pb.edu.pl\/cdias\/dane-osobowe\/"]}]},{"@type":"ImageObject","inLanguage":"pl-PL","@id":"https:\/\/pb.edu.pl\/cdias\/dane-osobowe\/#primaryimage","url":"https:\/\/pb.edu.pl\/cdias\/wp-content\/uploads\/sites\/55\/2025\/01\/d_1-e1736948027172.png","contentUrl":"https:\/\/pb.edu.pl\/cdias\/wp-content\/uploads\/sites\/55\/2025\/01\/d_1-e1736948027172.png","width":473,"height":400},{"@type":"BreadcrumbList","@id":"https:\/\/pb.edu.pl\/cdias\/dane-osobowe\/#breadcrumb","itemListElement":[{"@type":"ListItem","position":1,"name":"Strona g\u0142\u00f3wna","item":"https:\/\/pb.edu.pl\/cdias\/"},{"@type":"ListItem","position":2,"name":"Dane osobowe"}]},{"@type":"WebSite","@id":"https:\/\/pb.edu.pl\/cdias\/#website","url":"https:\/\/pb.edu.pl\/cdias\/","name":"Centrum Danych i Analiz Strategicznych","description":"","potentialAction":[{"@type":"SearchAction","target":{"@type":"EntryPoint","urlTemplate":"https:\/\/pb.edu.pl\/cdias\/?s={search_term_string}"},"query-input":{"@type":"PropertyValueSpecification","valueRequired":true,"valueName":"search_term_string"}}],"inLanguage":"pl-PL"}]}},"_links":{"self":[{"href":"https:\/\/pb.edu.pl\/cdias\/wp-json\/wp\/v2\/pages\/35","targetHints":{"allow":["GET"]}}],"collection":[{"href":"https:\/\/pb.edu.pl\/cdias\/wp-json\/wp\/v2\/pages"}],"about":[{"href":"https:\/\/pb.edu.pl\/cdias\/wp-json\/wp\/v2\/types\/page"}],"author":[{"embeddable":true,"href":"https:\/\/pb.edu.pl\/cdias\/wp-json\/wp\/v2\/users\/2"}],"replies":[{"embeddable":true,"href":"https:\/\/pb.edu.pl\/cdias\/wp-json\/wp\/v2\/comments?post=35"}],"version-history":[{"count":0,"href":"https:\/\/pb.edu.pl\/cdias\/wp-json\/wp\/v2\/pages\/35\/revisions"}],"wp:attachment":[{"href":"https:\/\/pb.edu.pl\/cdias\/wp-json\/wp\/v2\/media?parent=35"}],"curies":[{"name":"wp","href":"https:\/\/api.w.org\/{rel}","templated":true}]}}