{"id":33,"date":"2020-10-10T20:19:49","date_gmt":"2020-10-10T18:19:49","guid":{"rendered":"https:\/\/pb.edu.pl\/cdias\/?page_id=33"},"modified":"2025-04-09T07:26:55","modified_gmt":"2025-04-09T05:26:55","slug":"polon","status":"publish","type":"page","link":"https:\/\/pb.edu.pl\/cdias\/polon\/","title":{"rendered":"POL-on"},"content":{"rendered":"<div>\n<p><img loading=\"lazy\" decoding=\"async\" class=\"wp-image-2319 size-medium aligncenter\" src=\"https:\/\/pb.edu.pl\/cdias\/wp-content\/uploads\/sites\/55\/2025\/01\/pol_1-e1744176331185-300x174.png\" alt=\"\" width=\"300\" height=\"174\" srcset=\"https:\/\/pb.edu.pl\/cdias\/wp-content\/uploads\/sites\/55\/2025\/01\/pol_1-e1744176331185-300x174.png 300w, https:\/\/pb.edu.pl\/cdias\/wp-content\/uploads\/sites\/55\/2025\/01\/pol_1-e1744176331185.png 509w\" sizes=\"auto, (max-width: 300px) 100vw, 300px\" \/><\/p>\n<\/div>\n<div class=\"row\" style=\"margin-top: 6px\">\n<div class=\"col-sm-25 text-center\" style=\"text-align: center\"><a class=\"button text-center animated zoomIn lead font-500\" style=\"width: 60%\" href=\"https:\/\/radon.nauka.gov.pl\/dane\"><strong><b><strong>Rad-on<\/strong><\/b><br \/>\n\u0179r\u00f3d\u0142o raport\u00f3w, analiz i danych o szkolnictwie wy\u017cszym i nauce w Polsce (otworzy si\u0119 w nowej karcie)<\/strong><\/a><\/div>\n<div class=\"col-sm-8 text-center\" style=\"text-align: left\">&nbsp;<\/div>\n<\/div>\n<p>&nbsp;<\/p>\n<p><a class=\"h3\" title=\"otworzy si\u0119 w nowej karcie\" href=\"https:\/\/polon.nauka.gov.pl\/aktualnosci\/\" target=\"_blank\" rel=\"noopener noreferrer\">Aktualno\u015bci POL-on<\/a><\/p>\n<div class=\"h2\">Akty prawne<\/div>\n<p><a class=\"pdf\" href=\"https:\/\/pb.edu.pl\/cdias\/wp-content\/uploads\/sites\/55\/2023\/01\/Zarzadzenie-nr-8_2023.pdf\" target=\"_blank\" rel=\"noopener\" data-id=\"966\">Zarz\u0105dzenie nr 8\/2023 Rektora Politechniki Bia\u0142ostockiej z dnia 20 stycznia 2023 roku w sprawie okre\u015blenia zasad wprowadzania danych do Zintegrowanego Systemu Informacji o Szkolnictwie Wy\u017cszym i Nauce \u201ePOL-on\u201d w Politechnice Bia\u0142ostockiej (PDF, 3 MB, otworzy si\u0119 w nowej karcie)<\/a><\/p>\n<p><a class=\"pdf\" href=\"https:\/\/pb.edu.pl\/cdias\/wp-content\/uploads\/sites\/55\/2024\/10\/Rozporzadzenie-z-24.09.2024.pdf\" target=\"_blank\" rel=\"noopener\" data-id=\"1751\">Rozporz\u0105dzenie MNiSW z dnia 12 wrze\u015bnia 2024 r. w sprawie danych przetwarzanych w Zintegrowanym Systemie Informacji o Szkolnictwie Wy\u017cszym i Nauce POL-on (PDF, 342 KB, otworzy si\u0119 w nowej karcie)<\/a><\/p>\n<p><a class=\"docx\" title=\"pobierz plik\" href=\"https:\/\/pb.edu.pl\/cdias\/wp-content\/uploads\/sites\/55\/2023\/01\/Zalaczniknr2doZarzadzenia.docx\" data-id=\"967\">Wniosek o za\u0142o\u017cenie konta w POL-on (DOCX, 18 KB, otworzy si\u0119 na nowej karcie)<\/a><\/p>\n<p><a class=\"doc\" title=\"pobierz plik\" href=\"https:\/\/pb.edu.pl\/cdias\/wp-content\/uploads\/sites\/55\/2020\/10\/Upowa\u017cnienie-do-przetwarzania-danych-osobowych-w-POL-on.doc\" data-id=\"77\">Upowa\u017cnienie do przetwarzania danych osobowych w systemie POL-on przygotowuje Centrum Danych i Analiz Strategicznych (DOC, 68 KB, otworzy si\u0119 na nowej karcie)<\/a><\/p>\n","protected":false},"excerpt":{"rendered":"<p>Rad-on \u0179r\u00f3d\u0142o raport\u00f3w, analiz i danych o szkolnictwie wy\u017cszym i nauce w Polsce (otworzy si\u0119<\/p>\n","protected":false},"author":2,"featured_media":0,"parent":0,"menu_order":3,"comment_status":"closed","ping_status":"closed","template":"","meta":{"_acf_changed":false,"ngg_post_thumbnail":0,"footnotes":""},"class_list":["post-33","page","type-page","status-publish","hentry"],"acf":[],"yoast_head":"<!-- This site is optimized with the Yoast SEO plugin v27.0 - https:\/\/yoast.com\/product\/yoast-seo-wordpress\/ -->\n<title>POL-on - Centrum Danych i Analiz Strategicznych<\/title>\n<meta name=\"description\" content=\"Rad-on \u0179r\u00f3d\u0142o raport\u00f3w, analiz i danych o szkolnictwie wy\u017cszym i nauce w Polsce (otworzy si\u0119 w nowej karcie) &nbsp; &nbsp; Aktualno\u015bci POL-on Akty prawne\" \/>\n<meta name=\"robots\" content=\"index, follow, max-snippet:-1, max-image-preview:large, max-video-preview:-1\" \/>\n<link rel=\"canonical\" href=\"https:\/\/pb.edu.pl\/cdias\/polon\/\" \/>\n<meta property=\"og:locale\" content=\"pl_PL\" \/>\n<meta property=\"og:type\" content=\"article\" \/>\n<meta property=\"og:title\" content=\"POL-on - Centrum Danych i Analiz Strategicznych\" \/>\n<meta property=\"og:description\" content=\"Rad-on \u0179r\u00f3d\u0142o raport\u00f3w, analiz i danych o szkolnictwie wy\u017cszym i nauce w Polsce (otworzy si\u0119 w nowej karcie) &nbsp; &nbsp; Aktualno\u015bci POL-on Akty prawne\" \/>\n<meta property=\"og:url\" content=\"https:\/\/pb.edu.pl\/cdias\/polon\/\" \/>\n<meta property=\"og:site_name\" content=\"Centrum Danych i Analiz Strategicznych\" \/>\n<meta property=\"article:modified_time\" content=\"2025-04-09T05:26:55+00:00\" \/>\n<meta property=\"og:image\" content=\"https:\/\/pb.edu.pl\/cdias\/wp-content\/uploads\/sites\/55\/2025\/01\/pol_1-e1744176331185.png\" \/>\n\t<meta property=\"og:image:width\" content=\"509\" \/>\n\t<meta property=\"og:image:height\" content=\"296\" \/>\n\t<meta property=\"og:image:type\" content=\"image\/png\" \/>\n<meta name=\"twitter:card\" content=\"summary_large_image\" \/>\n<meta name=\"twitter:label1\" content=\"Szacowany czas czytania\" \/>\n\t<meta name=\"twitter:data1\" content=\"1 minuta\" \/>\n<script type=\"application\/ld+json\" class=\"yoast-schema-graph\">{\"@context\":\"https:\/\/schema.org\",\"@graph\":[{\"@type\":\"WebPage\",\"@id\":\"https:\/\/pb.edu.pl\/cdias\/polon\/\",\"url\":\"https:\/\/pb.edu.pl\/cdias\/polon\/\",\"name\":\"POL-on - Centrum Danych i Analiz Strategicznych\",\"isPartOf\":{\"@id\":\"https:\/\/pb.edu.pl\/cdias\/#website\"},\"primaryImageOfPage\":{\"@id\":\"https:\/\/pb.edu.pl\/cdias\/polon\/#primaryimage\"},\"image\":{\"@id\":\"https:\/\/pb.edu.pl\/cdias\/polon\/#primaryimage\"},\"thumbnailUrl\":\"https:\/\/pb.edu.pl\/cdias\/wp-content\/uploads\/sites\/55\/2025\/01\/pol_1-e1744176331185-300x174.png\",\"datePublished\":\"2020-10-10T18:19:49+00:00\",\"dateModified\":\"2025-04-09T05:26:55+00:00\",\"description\":\"Rad-on \u0179r\u00f3d\u0142o raport\u00f3w, analiz i danych o szkolnictwie wy\u017cszym i nauce w Polsce (otworzy si\u0119 w nowej karcie) &nbsp; &nbsp; Aktualno\u015bci POL-on Akty prawne\",\"breadcrumb\":{\"@id\":\"https:\/\/pb.edu.pl\/cdias\/polon\/#breadcrumb\"},\"inLanguage\":\"pl-PL\",\"potentialAction\":[{\"@type\":\"ReadAction\",\"target\":[\"https:\/\/pb.edu.pl\/cdias\/polon\/\"]}]},{\"@type\":\"ImageObject\",\"inLanguage\":\"pl-PL\",\"@id\":\"https:\/\/pb.edu.pl\/cdias\/polon\/#primaryimage\",\"url\":\"https:\/\/pb.edu.pl\/cdias\/wp-content\/uploads\/sites\/55\/2025\/01\/pol_1-e1744176331185.png\",\"contentUrl\":\"https:\/\/pb.edu.pl\/cdias\/wp-content\/uploads\/sites\/55\/2025\/01\/pol_1-e1744176331185.png\",\"width\":509,\"height\":296},{\"@type\":\"BreadcrumbList\",\"@id\":\"https:\/\/pb.edu.pl\/cdias\/polon\/#breadcrumb\",\"itemListElement\":[{\"@type\":\"ListItem\",\"position\":1,\"name\":\"Strona g\u0142\u00f3wna\",\"item\":\"https:\/\/pb.edu.pl\/cdias\/\"},{\"@type\":\"ListItem\",\"position\":2,\"name\":\"POL-on\"}]},{\"@type\":\"WebSite\",\"@id\":\"https:\/\/pb.edu.pl\/cdias\/#website\",\"url\":\"https:\/\/pb.edu.pl\/cdias\/\",\"name\":\"Centrum Danych i Analiz Strategicznych\",\"description\":\"\",\"potentialAction\":[{\"@type\":\"SearchAction\",\"target\":{\"@type\":\"EntryPoint\",\"urlTemplate\":\"https:\/\/pb.edu.pl\/cdias\/?s={search_term_string}\"},\"query-input\":{\"@type\":\"PropertyValueSpecification\",\"valueRequired\":true,\"valueName\":\"search_term_string\"}}],\"inLanguage\":\"pl-PL\"}]}<\/script>\n<!-- \/ Yoast SEO plugin. -->","yoast_head_json":{"title":"POL-on - Centrum Danych i Analiz Strategicznych","description":"Rad-on \u0179r\u00f3d\u0142o raport\u00f3w, analiz i danych o szkolnictwie wy\u017cszym i nauce w Polsce (otworzy si\u0119 w nowej karcie) &nbsp; &nbsp; Aktualno\u015bci POL-on Akty prawne","robots":{"index":"index","follow":"follow","max-snippet":"max-snippet:-1","max-image-preview":"max-image-preview:large","max-video-preview":"max-video-preview:-1"},"canonical":"https:\/\/pb.edu.pl\/cdias\/polon\/","og_locale":"pl_PL","og_type":"article","og_title":"POL-on - Centrum Danych i Analiz Strategicznych","og_description":"Rad-on \u0179r\u00f3d\u0142o raport\u00f3w, analiz i danych o szkolnictwie wy\u017cszym i nauce w Polsce (otworzy si\u0119 w nowej karcie) &nbsp; &nbsp; Aktualno\u015bci POL-on Akty prawne","og_url":"https:\/\/pb.edu.pl\/cdias\/polon\/","og_site_name":"Centrum Danych i Analiz Strategicznych","article_modified_time":"2025-04-09T05:26:55+00:00","og_image":[{"width":509,"height":296,"url":"https:\/\/pb.edu.pl\/cdias\/wp-content\/uploads\/sites\/55\/2025\/01\/pol_1-e1744176331185.png","type":"image\/png"}],"twitter_card":"summary_large_image","twitter_misc":{"Szacowany czas czytania":"1 minuta"},"schema":{"@context":"https:\/\/schema.org","@graph":[{"@type":"WebPage","@id":"https:\/\/pb.edu.pl\/cdias\/polon\/","url":"https:\/\/pb.edu.pl\/cdias\/polon\/","name":"POL-on - Centrum Danych i Analiz Strategicznych","isPartOf":{"@id":"https:\/\/pb.edu.pl\/cdias\/#website"},"primaryImageOfPage":{"@id":"https:\/\/pb.edu.pl\/cdias\/polon\/#primaryimage"},"image":{"@id":"https:\/\/pb.edu.pl\/cdias\/polon\/#primaryimage"},"thumbnailUrl":"https:\/\/pb.edu.pl\/cdias\/wp-content\/uploads\/sites\/55\/2025\/01\/pol_1-e1744176331185-300x174.png","datePublished":"2020-10-10T18:19:49+00:00","dateModified":"2025-04-09T05:26:55+00:00","description":"Rad-on \u0179r\u00f3d\u0142o raport\u00f3w, analiz i danych o szkolnictwie wy\u017cszym i nauce w Polsce (otworzy si\u0119 w nowej karcie) &nbsp; &nbsp; Aktualno\u015bci POL-on Akty prawne","breadcrumb":{"@id":"https:\/\/pb.edu.pl\/cdias\/polon\/#breadcrumb"},"inLanguage":"pl-PL","potentialAction":[{"@type":"ReadAction","target":["https:\/\/pb.edu.pl\/cdias\/polon\/"]}]},{"@type":"ImageObject","inLanguage":"pl-PL","@id":"https:\/\/pb.edu.pl\/cdias\/polon\/#primaryimage","url":"https:\/\/pb.edu.pl\/cdias\/wp-content\/uploads\/sites\/55\/2025\/01\/pol_1-e1744176331185.png","contentUrl":"https:\/\/pb.edu.pl\/cdias\/wp-content\/uploads\/sites\/55\/2025\/01\/pol_1-e1744176331185.png","width":509,"height":296},{"@type":"BreadcrumbList","@id":"https:\/\/pb.edu.pl\/cdias\/polon\/#breadcrumb","itemListElement":[{"@type":"ListItem","position":1,"name":"Strona g\u0142\u00f3wna","item":"https:\/\/pb.edu.pl\/cdias\/"},{"@type":"ListItem","position":2,"name":"POL-on"}]},{"@type":"WebSite","@id":"https:\/\/pb.edu.pl\/cdias\/#website","url":"https:\/\/pb.edu.pl\/cdias\/","name":"Centrum Danych i Analiz Strategicznych","description":"","potentialAction":[{"@type":"SearchAction","target":{"@type":"EntryPoint","urlTemplate":"https:\/\/pb.edu.pl\/cdias\/?s={search_term_string}"},"query-input":{"@type":"PropertyValueSpecification","valueRequired":true,"valueName":"search_term_string"}}],"inLanguage":"pl-PL"}]}},"_links":{"self":[{"href":"https:\/\/pb.edu.pl\/cdias\/wp-json\/wp\/v2\/pages\/33","targetHints":{"allow":["GET"]}}],"collection":[{"href":"https:\/\/pb.edu.pl\/cdias\/wp-json\/wp\/v2\/pages"}],"about":[{"href":"https:\/\/pb.edu.pl\/cdias\/wp-json\/wp\/v2\/types\/page"}],"author":[{"embeddable":true,"href":"https:\/\/pb.edu.pl\/cdias\/wp-json\/wp\/v2\/users\/2"}],"replies":[{"embeddable":true,"href":"https:\/\/pb.edu.pl\/cdias\/wp-json\/wp\/v2\/comments?post=33"}],"version-history":[{"count":0,"href":"https:\/\/pb.edu.pl\/cdias\/wp-json\/wp\/v2\/pages\/33\/revisions"}],"wp:attachment":[{"href":"https:\/\/pb.edu.pl\/cdias\/wp-json\/wp\/v2\/media?parent=33"}],"curies":[{"name":"wp","href":"https:\/\/api.w.org\/{rel}","templated":true}]}}