{"id":31,"date":"2020-10-10T20:18:40","date_gmt":"2020-10-10T18:18:40","guid":{"rendered":"https:\/\/pb.edu.pl\/cdias\/?page_id=31"},"modified":"2025-01-15T14:59:17","modified_gmt":"2025-01-15T13:59:17","slug":"pracownicy","status":"publish","type":"page","link":"https:\/\/pb.edu.pl\/cdias\/pracownicy\/","title":{"rendered":"Pracownicy"},"content":{"rendered":"<div><img loading=\"lazy\" decoding=\"async\" class=\"alignnone wp-image-2317 \" src=\"https:\/\/pb.edu.pl\/cdias\/wp-content\/uploads\/sites\/55\/2025\/01\/p1-1-e1736946982237.png\" alt=\"\" width=\"497\" height=\"184\" srcset=\"https:\/\/pb.edu.pl\/cdias\/wp-content\/uploads\/sites\/55\/2025\/01\/p1-1-e1736946982237.png 800w, https:\/\/pb.edu.pl\/cdias\/wp-content\/uploads\/sites\/55\/2025\/01\/p1-1-e1736946982237-300x111.png 300w, https:\/\/pb.edu.pl\/cdias\/wp-content\/uploads\/sites\/55\/2025\/01\/p1-1-e1736946982237-768x284.png 768w\" sizes=\"auto, (max-width: 497px) 100vw, 497px\" \/><\/div>\n<div class=\"h4\">Kierownik Ma\u0142gorzata Jegli\u0144ska-Krupa &#8211; pok. A010<\/div>\n<i class=\"fa fa-envelope-o\" aria-hidden=\"true\"><\/i> <a href=\"#\" rel=\"nofollow\"  onclick=\"this.href='mailto:' + 'm.krupa' + '@' + 'pb.edu.pl'\">m.krupa [at] pb.edu.pl<\/a>\n&nbsp;<\/p>\n<i class=\"fa fa-phone\" aria-hidden=\"true\"><\/i> 85 746-90-74<\/p>\n<hr>\n<div class=\"h4\">Zast\u0119pca Kierownika Wojciech Puchalski &#8211; pok\u00f3j A010<\/div>\n<i class=\"fa fa-envelope-o\" aria-hidden=\"true\"><\/i> <a href=\"#\" rel=\"nofollow\"  onclick=\"this.href='mailto:' + 'w.puchalski' + '@' + 'pb.edu.pl'\">w.puchalski [at] pb.edu.pl<\/a>\n&nbsp;<\/p>\n<i class=\"fa fa-phone\" aria-hidden=\"true\"><\/i> 85 746-90-74<\/p>\n<hr>\n<div class=\"h4\">\u0141ukasz Giczan &#8211; pok\u00f3j A013<\/div>\n<i class=\"fa fa-envelope-o\" aria-hidden=\"true\"><\/i> <a href=\"#\" rel=\"nofollow\"  onclick=\"this.href='mailto:' + 'l.giczan' + '@' + 'pb.edu.pl'\">l.giczan [at] pb.edu.pl<\/a>\n&nbsp;<\/p>\n<i class=\"fa fa-phone\" aria-hidden=\"true\"><\/i> 85 746-90-78<br \/>\n&nbsp;<\/p>\n<hr>\n<div class=\"h4\">Katarzyna Orzechowska &#8211; pok\u00f3j A012<\/div>\n<i class=\"fa fa-envelope-o\" aria-hidden=\"true\"><\/i> <a href=\"#\" rel=\"nofollow\"  onclick=\"this.href='mailto:' + 'katarzyna.orzechowska' + '@' + 'pb.edu.pl'\">katarzyna.orzechowska [at] pb.edu.pl<\/a>\n&nbsp;<\/p>\n<i class=\"fa fa-phone\" aria-hidden=\"true\"><\/i> 85 746-70-43<\/p>\n<hr>\n<div class=\"h4\">Marta Mioduszewska &#8211; pok\u00f3j A012<\/div>\n<i class=\"fa fa-envelope-o\" aria-hidden=\"true\"><\/i> <a href=\"#\" rel=\"nofollow\"  onclick=\"this.href='mailto:' + 'm.mioduszewska' + '@' + 'pb.edu.pl'\">m.mioduszewska [at] pb.edu.pl<\/a>\n&nbsp;<\/p>\n<i class=\"fa fa-phone\" aria-hidden=\"true\"><\/i> 85 746-70-43<br \/>\n&nbsp;<\/p>\n<hr>\n<div class=\"h4\">Agnieszka Radziwon &#8211; pok\u00f3j A013<\/div>\n<i class=\"fa fa-envelope-o\" aria-hidden=\"true\"><\/i> <a href=\"#\" rel=\"nofollow\"  onclick=\"this.href='mailto:' + 'a.radziwon' + '@' + 'pb.edu.pl'\">a.radziwon [at] pb.edu.pl<\/a>\n&nbsp;<\/p>\n<i class=\"fa fa-phone\" aria-hidden=\"true\"><\/i> 85 746-90-78<br \/>\n&nbsp;<\/p>\n<hr>\n<div class=\"h4\">Marta P\u0142o\u0144ska-Wasie\u0144ko &#8211; pok\u00f3j A008<\/div>\n<i class=\"fa fa-envelope-o\" aria-hidden=\"true\"><\/i> <a href=\"#\" rel=\"nofollow\"  onclick=\"this.href='mailto:' + 'm.plonska' + '@' + 'pb.edu.pl'\">m.plonska [at] pb.edu.pl<\/a>\n&nbsp;<\/p>\n<i class=\"fa fa-phone\" aria-hidden=\"true\"><\/i> 85 746-90-45<br \/>\n&nbsp;<\/p>\n","protected":false},"excerpt":{"rendered":"<p>Kierownik Ma\u0142gorzata Jegli\u0144ska-Krupa &#8211; pok. A010 &nbsp; 85 746-90-74 Zast\u0119pca Kierownika Wojciech Puchalski &#8211; pok\u00f3j<\/p>\n","protected":false},"author":2,"featured_media":0,"parent":0,"menu_order":2,"comment_status":"closed","ping_status":"closed","template":"","meta":{"_acf_changed":false,"ngg_post_thumbnail":0,"footnotes":""},"class_list":["post-31","page","type-page","status-publish","hentry"],"acf":[],"yoast_head":"<!-- This site is optimized with the Yoast SEO plugin v27.0 - https:\/\/yoast.com\/product\/yoast-seo-wordpress\/ -->\n<title>Pracownicy - Centrum Danych i Analiz Strategicznych<\/title>\n<meta name=\"description\" content=\"Kierownik Ma\u0142gorzata Jegli\u0144ska-Krupa - pok. A010 &nbsp; 85 746-90-74 Zast\u0119pca Kierownika Wojciech Puchalski - pok\u00f3j A010 &nbsp; 85 746-90-74 \u0141ukasz Giczan\" \/>\n<meta name=\"robots\" content=\"index, follow, max-snippet:-1, max-image-preview:large, max-video-preview:-1\" \/>\n<link rel=\"canonical\" href=\"https:\/\/pb.edu.pl\/cdias\/pracownicy\/\" \/>\n<meta property=\"og:locale\" content=\"pl_PL\" \/>\n<meta property=\"og:type\" content=\"article\" \/>\n<meta property=\"og:title\" content=\"Pracownicy - Centrum Danych i Analiz Strategicznych\" \/>\n<meta property=\"og:description\" content=\"Kierownik Ma\u0142gorzata Jegli\u0144ska-Krupa - pok. A010 &nbsp; 85 746-90-74 Zast\u0119pca Kierownika Wojciech Puchalski - pok\u00f3j A010 &nbsp; 85 746-90-74 \u0141ukasz Giczan\" \/>\n<meta property=\"og:url\" content=\"https:\/\/pb.edu.pl\/cdias\/pracownicy\/\" \/>\n<meta property=\"og:site_name\" content=\"Centrum Danych i Analiz Strategicznych\" \/>\n<meta property=\"article:modified_time\" content=\"2025-01-15T13:59:17+00:00\" \/>\n<meta property=\"og:image\" content=\"https:\/\/pb.edu.pl\/cdias\/wp-content\/uploads\/sites\/55\/2025\/01\/p1-1-e1736946982237.png\" \/>\n\t<meta property=\"og:image:width\" content=\"800\" \/>\n\t<meta property=\"og:image:height\" content=\"296\" \/>\n\t<meta property=\"og:image:type\" content=\"image\/png\" \/>\n<meta name=\"twitter:card\" content=\"summary_large_image\" \/>\n<meta name=\"twitter:label1\" content=\"Szacowany czas czytania\" \/>\n\t<meta name=\"twitter:data1\" content=\"1 minuta\" \/>\n<script type=\"application\/ld+json\" class=\"yoast-schema-graph\">{\"@context\":\"https:\/\/schema.org\",\"@graph\":[{\"@type\":\"WebPage\",\"@id\":\"https:\/\/pb.edu.pl\/cdias\/pracownicy\/\",\"url\":\"https:\/\/pb.edu.pl\/cdias\/pracownicy\/\",\"name\":\"Pracownicy - Centrum Danych i Analiz Strategicznych\",\"isPartOf\":{\"@id\":\"https:\/\/pb.edu.pl\/cdias\/#website\"},\"primaryImageOfPage\":{\"@id\":\"https:\/\/pb.edu.pl\/cdias\/pracownicy\/#primaryimage\"},\"image\":{\"@id\":\"https:\/\/pb.edu.pl\/cdias\/pracownicy\/#primaryimage\"},\"thumbnailUrl\":\"https:\/\/pb.edu.pl\/cdias\/wp-content\/uploads\/sites\/55\/2025\/01\/p1-1-e1736946982237.png\",\"datePublished\":\"2020-10-10T18:18:40+00:00\",\"dateModified\":\"2025-01-15T13:59:17+00:00\",\"description\":\"Kierownik Ma\u0142gorzata Jegli\u0144ska-Krupa - pok. A010 &nbsp; 85 746-90-74 Zast\u0119pca Kierownika Wojciech Puchalski - pok\u00f3j A010 &nbsp; 85 746-90-74 \u0141ukasz Giczan\",\"breadcrumb\":{\"@id\":\"https:\/\/pb.edu.pl\/cdias\/pracownicy\/#breadcrumb\"},\"inLanguage\":\"pl-PL\",\"potentialAction\":[{\"@type\":\"ReadAction\",\"target\":[\"https:\/\/pb.edu.pl\/cdias\/pracownicy\/\"]}]},{\"@type\":\"ImageObject\",\"inLanguage\":\"pl-PL\",\"@id\":\"https:\/\/pb.edu.pl\/cdias\/pracownicy\/#primaryimage\",\"url\":\"https:\/\/pb.edu.pl\/cdias\/wp-content\/uploads\/sites\/55\/2025\/01\/p1-1-e1736946982237.png\",\"contentUrl\":\"https:\/\/pb.edu.pl\/cdias\/wp-content\/uploads\/sites\/55\/2025\/01\/p1-1-e1736946982237.png\",\"width\":800,\"height\":296},{\"@type\":\"BreadcrumbList\",\"@id\":\"https:\/\/pb.edu.pl\/cdias\/pracownicy\/#breadcrumb\",\"itemListElement\":[{\"@type\":\"ListItem\",\"position\":1,\"name\":\"Strona g\u0142\u00f3wna\",\"item\":\"https:\/\/pb.edu.pl\/cdias\/\"},{\"@type\":\"ListItem\",\"position\":2,\"name\":\"Pracownicy\"}]},{\"@type\":\"WebSite\",\"@id\":\"https:\/\/pb.edu.pl\/cdias\/#website\",\"url\":\"https:\/\/pb.edu.pl\/cdias\/\",\"name\":\"Centrum Danych i Analiz Strategicznych\",\"description\":\"\",\"potentialAction\":[{\"@type\":\"SearchAction\",\"target\":{\"@type\":\"EntryPoint\",\"urlTemplate\":\"https:\/\/pb.edu.pl\/cdias\/?s={search_term_string}\"},\"query-input\":{\"@type\":\"PropertyValueSpecification\",\"valueRequired\":true,\"valueName\":\"search_term_string\"}}],\"inLanguage\":\"pl-PL\"}]}<\/script>\n<!-- \/ Yoast SEO plugin. -->","yoast_head_json":{"title":"Pracownicy - Centrum Danych i Analiz Strategicznych","description":"Kierownik Ma\u0142gorzata Jegli\u0144ska-Krupa - pok. A010 &nbsp; 85 746-90-74 Zast\u0119pca Kierownika Wojciech Puchalski - pok\u00f3j A010 &nbsp; 85 746-90-74 \u0141ukasz Giczan","robots":{"index":"index","follow":"follow","max-snippet":"max-snippet:-1","max-image-preview":"max-image-preview:large","max-video-preview":"max-video-preview:-1"},"canonical":"https:\/\/pb.edu.pl\/cdias\/pracownicy\/","og_locale":"pl_PL","og_type":"article","og_title":"Pracownicy - Centrum Danych i Analiz Strategicznych","og_description":"Kierownik Ma\u0142gorzata Jegli\u0144ska-Krupa - pok. A010 &nbsp; 85 746-90-74 Zast\u0119pca Kierownika Wojciech Puchalski - pok\u00f3j A010 &nbsp; 85 746-90-74 \u0141ukasz Giczan","og_url":"https:\/\/pb.edu.pl\/cdias\/pracownicy\/","og_site_name":"Centrum Danych i Analiz Strategicznych","article_modified_time":"2025-01-15T13:59:17+00:00","og_image":[{"width":800,"height":296,"url":"https:\/\/pb.edu.pl\/cdias\/wp-content\/uploads\/sites\/55\/2025\/01\/p1-1-e1736946982237.png","type":"image\/png"}],"twitter_card":"summary_large_image","twitter_misc":{"Szacowany czas czytania":"1 minuta"},"schema":{"@context":"https:\/\/schema.org","@graph":[{"@type":"WebPage","@id":"https:\/\/pb.edu.pl\/cdias\/pracownicy\/","url":"https:\/\/pb.edu.pl\/cdias\/pracownicy\/","name":"Pracownicy - Centrum Danych i Analiz Strategicznych","isPartOf":{"@id":"https:\/\/pb.edu.pl\/cdias\/#website"},"primaryImageOfPage":{"@id":"https:\/\/pb.edu.pl\/cdias\/pracownicy\/#primaryimage"},"image":{"@id":"https:\/\/pb.edu.pl\/cdias\/pracownicy\/#primaryimage"},"thumbnailUrl":"https:\/\/pb.edu.pl\/cdias\/wp-content\/uploads\/sites\/55\/2025\/01\/p1-1-e1736946982237.png","datePublished":"2020-10-10T18:18:40+00:00","dateModified":"2025-01-15T13:59:17+00:00","description":"Kierownik Ma\u0142gorzata Jegli\u0144ska-Krupa - pok. A010 &nbsp; 85 746-90-74 Zast\u0119pca Kierownika Wojciech Puchalski - pok\u00f3j A010 &nbsp; 85 746-90-74 \u0141ukasz Giczan","breadcrumb":{"@id":"https:\/\/pb.edu.pl\/cdias\/pracownicy\/#breadcrumb"},"inLanguage":"pl-PL","potentialAction":[{"@type":"ReadAction","target":["https:\/\/pb.edu.pl\/cdias\/pracownicy\/"]}]},{"@type":"ImageObject","inLanguage":"pl-PL","@id":"https:\/\/pb.edu.pl\/cdias\/pracownicy\/#primaryimage","url":"https:\/\/pb.edu.pl\/cdias\/wp-content\/uploads\/sites\/55\/2025\/01\/p1-1-e1736946982237.png","contentUrl":"https:\/\/pb.edu.pl\/cdias\/wp-content\/uploads\/sites\/55\/2025\/01\/p1-1-e1736946982237.png","width":800,"height":296},{"@type":"BreadcrumbList","@id":"https:\/\/pb.edu.pl\/cdias\/pracownicy\/#breadcrumb","itemListElement":[{"@type":"ListItem","position":1,"name":"Strona g\u0142\u00f3wna","item":"https:\/\/pb.edu.pl\/cdias\/"},{"@type":"ListItem","position":2,"name":"Pracownicy"}]},{"@type":"WebSite","@id":"https:\/\/pb.edu.pl\/cdias\/#website","url":"https:\/\/pb.edu.pl\/cdias\/","name":"Centrum Danych i Analiz Strategicznych","description":"","potentialAction":[{"@type":"SearchAction","target":{"@type":"EntryPoint","urlTemplate":"https:\/\/pb.edu.pl\/cdias\/?s={search_term_string}"},"query-input":{"@type":"PropertyValueSpecification","valueRequired":true,"valueName":"search_term_string"}}],"inLanguage":"pl-PL"}]}},"_links":{"self":[{"href":"https:\/\/pb.edu.pl\/cdias\/wp-json\/wp\/v2\/pages\/31","targetHints":{"allow":["GET"]}}],"collection":[{"href":"https:\/\/pb.edu.pl\/cdias\/wp-json\/wp\/v2\/pages"}],"about":[{"href":"https:\/\/pb.edu.pl\/cdias\/wp-json\/wp\/v2\/types\/page"}],"author":[{"embeddable":true,"href":"https:\/\/pb.edu.pl\/cdias\/wp-json\/wp\/v2\/users\/2"}],"replies":[{"embeddable":true,"href":"https:\/\/pb.edu.pl\/cdias\/wp-json\/wp\/v2\/comments?post=31"}],"version-history":[{"count":0,"href":"https:\/\/pb.edu.pl\/cdias\/wp-json\/wp\/v2\/pages\/31\/revisions"}],"wp:attachment":[{"href":"https:\/\/pb.edu.pl\/cdias\/wp-json\/wp\/v2\/media?parent=31"}],"curies":[{"name":"wp","href":"https:\/\/api.w.org\/{rel}","templated":true}]}}