{"id":2434,"date":"2025-02-12T12:29:11","date_gmt":"2025-02-12T11:29:11","guid":{"rendered":"https:\/\/pb.edu.pl\/cdias\/uczelnia-w-liczbach\/uczelnia-w-liczbach-2025-02-12\/"},"modified":"2025-03-05T14:39:29","modified_gmt":"2025-03-05T13:39:29","slug":"uczelnia-w-liczbach-2023-12-31","status":"publish","type":"page","link":"https:\/\/pb.edu.pl\/cdias\/uczelnia-w-liczbach\/uczelnia-w-liczbach-2023-12-31\/","title":{"rendered":"Uczelnia w liczbach (2023-12-31)"},"content":{"rendered":"<div>\n<p>&nbsp;<\/p>\n<p><img loading=\"lazy\" decoding=\"async\" class=\"aligncenter wp-image-1837 size-full\" src=\"https:\/\/pb.edu.pl\/cdias\/wp-content\/uploads\/sites\/55\/2024\/11\/uczelnia_w_liczbach.png\" alt=\"\" width=\"1239\" height=\"635\" srcset=\"https:\/\/pb.edu.pl\/cdias\/wp-content\/uploads\/sites\/55\/2024\/11\/uczelnia_w_liczbach.png 1239w, https:\/\/pb.edu.pl\/cdias\/wp-content\/uploads\/sites\/55\/2024\/11\/uczelnia_w_liczbach-300x154.png 300w, https:\/\/pb.edu.pl\/cdias\/wp-content\/uploads\/sites\/55\/2024\/11\/uczelnia_w_liczbach-1024x525.png 1024w, https:\/\/pb.edu.pl\/cdias\/wp-content\/uploads\/sites\/55\/2024\/11\/uczelnia_w_liczbach-768x394.png 768w\" sizes=\"auto, (max-width: 1239px) 100vw, 1239px\" \/><\/p>\n<\/div>\n<div>\n<p style=\"text-align: right\"><span style=\"font-size: 8pt\">Dane na dzie\u0144 31.12.2023 r.<\/span><\/p>\n<hr>\n<hr>\n<h2 style=\"text-align: center\"><strong>Pracownicy Uczelni<\/strong><\/h2>\n<h6 style=\"text-align: center\">Liczba pracownik\u00f3w Politechniki Bia\u0142ostockiej wed\u0142ug stanu na dzie\u0144 31.12.2023 r. &#8211; 1358<\/h6>\n<h6 style=\"text-align: center\"><span style=\"font-size: 18pt\"><strong>Struktura zatrudnienia w Politechnice Bia\u0142ostockiej<\/strong><\/span><\/h6>\n<p>&nbsp;<\/p>\n<p><img loading=\"lazy\" decoding=\"async\" class=\"aligncenter wp-image-2151 size-full\" src=\"https:\/\/pb.edu.pl\/cdias\/wp-content\/uploads\/sites\/55\/2025\/01\/slimak_01_2025.png\" alt=\"\" width=\"894\" height=\"761\" srcset=\"https:\/\/pb.edu.pl\/cdias\/wp-content\/uploads\/sites\/55\/2025\/01\/slimak_01_2025.png 894w, https:\/\/pb.edu.pl\/cdias\/wp-content\/uploads\/sites\/55\/2025\/01\/slimak_01_2025-300x255.png 300w, https:\/\/pb.edu.pl\/cdias\/wp-content\/uploads\/sites\/55\/2025\/01\/slimak_01_2025-768x654.png 768w\" sizes=\"auto, (max-width: 894px) 100vw, 894px\" \/><\/p>\n<\/div>\n<p><span style=\"font-size: 8pt\">Dane prezentowane w uk\u0142adzie <em>grupa pracownicza; udzia\u0142 procentowy<\/em> ; <em>liczba pracownik\u00f3w<\/em>.<\/span><\/p>\n<p>&nbsp;<\/p>\n<hr>\n<hr>\n<div>\n<h6 style=\"text-align: center\"><strong><span style=\"font-size: 18pt\">Studenci<\/span><\/strong><\/h6>\n<h6 style=\"text-align: center\"><span style=\"font-size: 12pt\">Liczba student\u00f3w Politechniki Bia\u0142ostockiej wed\u0142ug stanu na dzie\u0144 31.12.2023 r. &#8211; 6 810<\/span><\/h6>\n<h6 style=\"text-align: center\">&nbsp;<\/h6>\n<p><img loading=\"lazy\" decoding=\"async\" class=\"aligncenter wp-image-1830 size-full\" src=\"https:\/\/pb.edu.pl\/cdias\/wp-content\/uploads\/sites\/55\/2024\/11\/1Formastudiow-1.png\" alt=\"\" width=\"733\" height=\"598\" srcset=\"https:\/\/pb.edu.pl\/cdias\/wp-content\/uploads\/sites\/55\/2024\/11\/1Formastudiow-1.png 733w, https:\/\/pb.edu.pl\/cdias\/wp-content\/uploads\/sites\/55\/2024\/11\/1Formastudiow-1-300x245.png 300w\" sizes=\"auto, (max-width: 733px) 100vw, 733px\" \/><\/p>\n<p>&nbsp;<\/p>\n<p><img loading=\"lazy\" decoding=\"async\" class=\"aligncenter wp-image-1822 size-full\" src=\"https:\/\/pb.edu.pl\/cdias\/wp-content\/uploads\/sites\/55\/2024\/11\/33STopien.png\" alt=\"\" width=\"698\" height=\"557\" srcset=\"https:\/\/pb.edu.pl\/cdias\/wp-content\/uploads\/sites\/55\/2024\/11\/33STopien.png 698w, https:\/\/pb.edu.pl\/cdias\/wp-content\/uploads\/sites\/55\/2024\/11\/33STopien-300x239.png 300w\" sizes=\"auto, (max-width: 698px) 100vw, 698px\" \/><\/p>\n<p><img loading=\"lazy\" decoding=\"async\" class=\"aligncenter wp-image-1831 size-full\" src=\"https:\/\/pb.edu.pl\/cdias\/wp-content\/uploads\/sites\/55\/2024\/11\/3Plec-1.png\" alt=\"\" width=\"653\" height=\"600\" srcset=\"https:\/\/pb.edu.pl\/cdias\/wp-content\/uploads\/sites\/55\/2024\/11\/3Plec-1.png 653w, https:\/\/pb.edu.pl\/cdias\/wp-content\/uploads\/sites\/55\/2024\/11\/3Plec-1-300x276.png 300w\" sizes=\"auto, (max-width: 653px) 100vw, 653px\" \/><\/p>\n<p>&nbsp;<\/p>\n<p><img loading=\"lazy\" decoding=\"async\" class=\"aligncenter wp-image-2096 size-full\" src=\"https:\/\/pb.edu.pl\/cdias\/wp-content\/uploads\/sites\/55\/2025\/01\/Wydzialy-1.png\" alt=\"\" width=\"788\" height=\"621\" srcset=\"https:\/\/pb.edu.pl\/cdias\/wp-content\/uploads\/sites\/55\/2025\/01\/Wydzialy-1.png 788w, https:\/\/pb.edu.pl\/cdias\/wp-content\/uploads\/sites\/55\/2025\/01\/Wydzialy-1-300x236.png 300w, https:\/\/pb.edu.pl\/cdias\/wp-content\/uploads\/sites\/55\/2025\/01\/Wydzialy-1-768x605.png 768w\" sizes=\"auto, (max-width: 788px) 100vw, 788px\" \/><\/p>\n<h6>&nbsp;<\/h6>\n<h6 style=\"text-align: center\"><span style=\"font-size: 18pt\"><strong>Podzia\u0142 student\u00f3w na kierunki na poszczeg\u00f3lnych Wydzia\u0142ach<\/strong><\/span><\/h6>\n<h6 style=\"text-align: center\">Dane prezentowane w uk\u0142adzie <em>kierunek; liczba student\u00f3w; udzia\u0142 procentowy<\/em>&nbsp;<\/h6>\n<p><img loading=\"lazy\" decoding=\"async\" class=\"aligncenter wp-image-1832 size-full\" src=\"https:\/\/pb.edu.pl\/cdias\/wp-content\/uploads\/sites\/55\/2024\/11\/1Architektura-1.png\" alt=\"\" width=\"682\" height=\"650\" srcset=\"https:\/\/pb.edu.pl\/cdias\/wp-content\/uploads\/sites\/55\/2024\/11\/1Architektura-1.png 682w, https:\/\/pb.edu.pl\/cdias\/wp-content\/uploads\/sites\/55\/2024\/11\/1Architektura-1-300x286.png 300w\" sizes=\"auto, (max-width: 682px) 100vw, 682px\" \/><\/p>\n<p><img loading=\"lazy\" decoding=\"async\" class=\"aligncenter wp-image-1825 size-full\" src=\"https:\/\/pb.edu.pl\/cdias\/wp-content\/uploads\/sites\/55\/2024\/11\/2WBiNS-e1732882455290.png\" alt=\"\" width=\"1020\" height=\"715\" srcset=\"https:\/\/pb.edu.pl\/cdias\/wp-content\/uploads\/sites\/55\/2024\/11\/2WBiNS-e1732882455290.png 1020w, https:\/\/pb.edu.pl\/cdias\/wp-content\/uploads\/sites\/55\/2024\/11\/2WBiNS-e1732882455290-300x210.png 300w, https:\/\/pb.edu.pl\/cdias\/wp-content\/uploads\/sites\/55\/2024\/11\/2WBiNS-e1732882455290-768x538.png 768w\" sizes=\"auto, (max-width: 1020px) 100vw, 1020px\" \/><\/p>\n<p>&nbsp;<\/p>\n<p><img loading=\"lazy\" decoding=\"async\" class=\"aligncenter wp-image-1833 size-full\" src=\"https:\/\/pb.edu.pl\/cdias\/wp-content\/uploads\/sites\/55\/2024\/11\/3elektr-1.png\" alt=\"\" width=\"1030\" height=\"680\" srcset=\"https:\/\/pb.edu.pl\/cdias\/wp-content\/uploads\/sites\/55\/2024\/11\/3elektr-1.png 1030w, https:\/\/pb.edu.pl\/cdias\/wp-content\/uploads\/sites\/55\/2024\/11\/3elektr-1-300x198.png 300w, https:\/\/pb.edu.pl\/cdias\/wp-content\/uploads\/sites\/55\/2024\/11\/3elektr-1-1024x676.png 1024w, https:\/\/pb.edu.pl\/cdias\/wp-content\/uploads\/sites\/55\/2024\/11\/3elektr-1-768x507.png 768w\" sizes=\"auto, (max-width: 1030px) 100vw, 1030px\" \/><\/p>\n<p><img loading=\"lazy\" decoding=\"async\" class=\"aligncenter wp-image-1827 size-full\" src=\"https:\/\/pb.edu.pl\/cdias\/wp-content\/uploads\/sites\/55\/2024\/11\/4inf.png\" alt=\"\" width=\"1021\" height=\"649\" srcset=\"https:\/\/pb.edu.pl\/cdias\/wp-content\/uploads\/sites\/55\/2024\/11\/4inf.png 1021w, https:\/\/pb.edu.pl\/cdias\/wp-content\/uploads\/sites\/55\/2024\/11\/4inf-300x191.png 300w, https:\/\/pb.edu.pl\/cdias\/wp-content\/uploads\/sites\/55\/2024\/11\/4inf-768x488.png 768w\" sizes=\"auto, (max-width: 1021px) 100vw, 1021px\" \/><\/p>\n<p><img loading=\"lazy\" decoding=\"async\" class=\"aligncenter wp-image-1828 size-full\" src=\"https:\/\/pb.edu.pl\/cdias\/wp-content\/uploads\/sites\/55\/2024\/11\/5WIz.png\" alt=\"\" width=\"938\" height=\"707\" srcset=\"https:\/\/pb.edu.pl\/cdias\/wp-content\/uploads\/sites\/55\/2024\/11\/5WIz.png 938w, https:\/\/pb.edu.pl\/cdias\/wp-content\/uploads\/sites\/55\/2024\/11\/5WIz-300x226.png 300w, https:\/\/pb.edu.pl\/cdias\/wp-content\/uploads\/sites\/55\/2024\/11\/5WIz-768x579.png 768w\" sizes=\"auto, (max-width: 938px) 100vw, 938px\" \/><\/p>\n<p>&nbsp;<\/p>\n<p>&nbsp;<\/p>\n<p><img loading=\"lazy\" decoding=\"async\" class=\"aligncenter wp-image-1829 size-full\" src=\"https:\/\/pb.edu.pl\/cdias\/wp-content\/uploads\/sites\/55\/2024\/11\/6mech-e1732882674756.png\" alt=\"\" width=\"946\" height=\"672\" srcset=\"https:\/\/pb.edu.pl\/cdias\/wp-content\/uploads\/sites\/55\/2024\/11\/6mech-e1732882674756.png 946w, https:\/\/pb.edu.pl\/cdias\/wp-content\/uploads\/sites\/55\/2024\/11\/6mech-e1732882674756-300x213.png 300w, https:\/\/pb.edu.pl\/cdias\/wp-content\/uploads\/sites\/55\/2024\/11\/6mech-e1732882674756-768x546.png 768w\" sizes=\"auto, (max-width: 946px) 100vw, 946px\" \/><\/p>\n<p>&nbsp;<\/p>\n<p>&nbsp;<\/p>\n<p>&nbsp;<\/p>\n<p><img loading=\"lazy\" decoding=\"async\" class=\"aligncenter wp-image-1834 size-full\" src=\"https:\/\/pb.edu.pl\/cdias\/wp-content\/uploads\/sites\/55\/2024\/11\/studenci-1.png\" alt=\"\" width=\"1213\" height=\"682\" srcset=\"https:\/\/pb.edu.pl\/cdias\/wp-content\/uploads\/sites\/55\/2024\/11\/studenci-1.png 1213w, https:\/\/pb.edu.pl\/cdias\/wp-content\/uploads\/sites\/55\/2024\/11\/studenci-1-300x169.png 300w, https:\/\/pb.edu.pl\/cdias\/wp-content\/uploads\/sites\/55\/2024\/11\/studenci-1-1024x576.png 1024w, https:\/\/pb.edu.pl\/cdias\/wp-content\/uploads\/sites\/55\/2024\/11\/studenci-1-768x432.png 768w\" sizes=\"auto, (max-width: 1213px) 100vw, 1213px\" \/><\/p>\n<p style=\"text-align: right\">Dane na dzie\u0144 31.12.2023 r.<\/p>\n<p>&nbsp;<\/p>\n<p><img loading=\"lazy\" decoding=\"async\" class=\"aligncenter wp-image-1835 size-full\" src=\"https:\/\/pb.edu.pl\/cdias\/wp-content\/uploads\/sites\/55\/2024\/11\/absolwenci-2.png\" alt=\"\" width=\"1197\" height=\"652\" srcset=\"https:\/\/pb.edu.pl\/cdias\/wp-content\/uploads\/sites\/55\/2024\/11\/absolwenci-2.png 1197w, https:\/\/pb.edu.pl\/cdias\/wp-content\/uploads\/sites\/55\/2024\/11\/absolwenci-2-300x163.png 300w, https:\/\/pb.edu.pl\/cdias\/wp-content\/uploads\/sites\/55\/2024\/11\/absolwenci-2-1024x558.png 1024w, https:\/\/pb.edu.pl\/cdias\/wp-content\/uploads\/sites\/55\/2024\/11\/absolwenci-2-768x418.png 768w\" sizes=\"auto, (max-width: 1197px) 100vw, 1197px\" \/><\/p>\n<p style=\"text-align: right\">Dane na dzie\u0144 31.12.2023 r.<\/p>\n<h6>&nbsp;<\/h6>\n<hr>\n<hr>\n<h6 style=\"text-align: center\"><span style=\"font-size: 18pt\"><strong>Ewaluowane dyscypliny naukowe<\/strong><\/span><\/h6>\n<p>&nbsp;<\/p>\n<p><img loading=\"lazy\" decoding=\"async\" class=\"aligncenter wp-image-2277 size-large\" src=\"https:\/\/pb.edu.pl\/cdias\/wp-content\/uploads\/sites\/55\/2025\/01\/dyscypliny-2-1024x503.png\" alt=\"\" width=\"1024\" height=\"503\" srcset=\"https:\/\/pb.edu.pl\/cdias\/wp-content\/uploads\/sites\/55\/2025\/01\/dyscypliny-2-1024x503.png 1024w, https:\/\/pb.edu.pl\/cdias\/wp-content\/uploads\/sites\/55\/2025\/01\/dyscypliny-2-300x147.png 300w, https:\/\/pb.edu.pl\/cdias\/wp-content\/uploads\/sites\/55\/2025\/01\/dyscypliny-2-768x377.png 768w, https:\/\/pb.edu.pl\/cdias\/wp-content\/uploads\/sites\/55\/2025\/01\/dyscypliny-2.png 1248w\" sizes=\"auto, (max-width: 1024px) 100vw, 1024px\" \/><\/p>\n<hr>\n<div>\n<hr>\n<p>Pliki do pobrania<\/p>\n<p><a class=\"xls\" title=\"pobierz plik\" href=\"https:\/\/pb.edu.pl\/cdias\/wp-content\/uploads\/sites\/55\/2024\/02\/LICZBA-STUDENTOW-2008-2023.xls\" data-id=\"974\">Liczba student\u00f3w Politechniki Bia\u0142ostockiej w latach 2008-2023 GUS (XLS, 417 KB)<\/a><\/p>\n<p><a class=\"xls\" title=\"pobierz plik\" href=\"https:\/\/pb.edu.pl\/cdias\/wp-content\/uploads\/sites\/55\/2024\/02\/Liczba-absolwentow-2008-2023.xls\" data-id=\"981\">Liczba absolwent\u00f3w Politechniki Bia\u0142ostockiej w latach 2008-2023 GUS (XLS, 228 KB)<\/a><\/p>\n<\/div>\n<p>&nbsp;<\/p>\n<\/div>\n<p>Osoba odpowiedzialna za umieszczenie informacji: Katarzyna Orzechowska<\/p>\n","protected":false},"excerpt":{"rendered":"<p>&nbsp; Dane na dzie\u0144 31.12.2023 r. Pracownicy Uczelni Liczba pracownik\u00f3w Politechniki Bia\u0142ostockiej wed\u0142ug stanu na<\/p>\n","protected":false},"author":157,"featured_media":0,"parent":37,"menu_order":5,"comment_status":"closed","ping_status":"closed","template":"","meta":{"_acf_changed":false,"ngg_post_thumbnail":0,"footnotes":""},"class_list":["post-2434","page","type-page","status-publish","hentry"],"acf":[],"yoast_head":"<!-- This site is optimized with the Yoast SEO plugin v27.0 - https:\/\/yoast.com\/product\/yoast-seo-wordpress\/ -->\n<title>Uczelnia w liczbach (2023-12-31) - Centrum Danych i Analiz Strategicznych<\/title>\n<meta name=\"description\" content=\"&nbsp; Dane na dzie\u0144 31.12.2023 r. Pracownicy Uczelni Liczba pracownik\u00f3w Politechniki Bia\u0142ostockiej wed\u0142ug stanu na dzie\u0144 31.12.2023 r. - 1358 Struktura\" \/>\n<meta name=\"robots\" content=\"index, follow, max-snippet:-1, max-image-preview:large, max-video-preview:-1\" \/>\n<link rel=\"canonical\" href=\"https:\/\/pb.edu.pl\/cdias\/uczelnia-w-liczbach\/uczelnia-w-liczbach-2023-12-31\/\" \/>\n<meta property=\"og:locale\" content=\"pl_PL\" \/>\n<meta property=\"og:type\" content=\"article\" \/>\n<meta property=\"og:title\" content=\"Uczelnia w liczbach (2023-12-31) - Centrum Danych i Analiz Strategicznych\" \/>\n<meta property=\"og:description\" content=\"&nbsp; Dane na dzie\u0144 31.12.2023 r. Pracownicy Uczelni Liczba pracownik\u00f3w Politechniki Bia\u0142ostockiej wed\u0142ug stanu na dzie\u0144 31.12.2023 r. - 1358 Struktura\" \/>\n<meta property=\"og:url\" content=\"https:\/\/pb.edu.pl\/cdias\/uczelnia-w-liczbach\/uczelnia-w-liczbach-2023-12-31\/\" \/>\n<meta property=\"og:site_name\" content=\"Centrum Danych i Analiz Strategicznych\" \/>\n<meta property=\"article:modified_time\" content=\"2025-03-05T13:39:29+00:00\" \/>\n<meta property=\"og:image\" content=\"https:\/\/pb.edu.pl\/cdias\/wp-content\/uploads\/sites\/55\/2024\/11\/uczelnia_w_liczbach.png\" \/>\n\t<meta property=\"og:image:width\" content=\"1239\" \/>\n\t<meta property=\"og:image:height\" content=\"635\" \/>\n\t<meta property=\"og:image:type\" content=\"image\/png\" \/>\n<meta name=\"twitter:card\" content=\"summary_large_image\" \/>\n<meta name=\"twitter:label1\" content=\"Szacowany czas czytania\" \/>\n\t<meta name=\"twitter:data1\" content=\"1 minuta\" \/>\n<script type=\"application\/ld+json\" class=\"yoast-schema-graph\">{\"@context\":\"https:\/\/schema.org\",\"@graph\":[{\"@type\":\"WebPage\",\"@id\":\"https:\/\/pb.edu.pl\/cdias\/uczelnia-w-liczbach\/uczelnia-w-liczbach-2023-12-31\/\",\"url\":\"https:\/\/pb.edu.pl\/cdias\/uczelnia-w-liczbach\/uczelnia-w-liczbach-2023-12-31\/\",\"name\":\"Uczelnia w liczbach (2023-12-31) - Centrum Danych i Analiz Strategicznych\",\"isPartOf\":{\"@id\":\"https:\/\/pb.edu.pl\/cdias\/#website\"},\"primaryImageOfPage\":{\"@id\":\"https:\/\/pb.edu.pl\/cdias\/uczelnia-w-liczbach\/uczelnia-w-liczbach-2023-12-31\/#primaryimage\"},\"image\":{\"@id\":\"https:\/\/pb.edu.pl\/cdias\/uczelnia-w-liczbach\/uczelnia-w-liczbach-2023-12-31\/#primaryimage\"},\"thumbnailUrl\":\"https:\/\/pb.edu.pl\/cdias\/wp-content\/uploads\/sites\/55\/2024\/11\/uczelnia_w_liczbach.png\",\"datePublished\":\"2025-02-12T11:29:11+00:00\",\"dateModified\":\"2025-03-05T13:39:29+00:00\",\"description\":\"&nbsp; Dane na dzie\u0144 31.12.2023 r. Pracownicy Uczelni Liczba pracownik\u00f3w Politechniki Bia\u0142ostockiej wed\u0142ug stanu na dzie\u0144 31.12.2023 r. - 1358 Struktura\",\"breadcrumb\":{\"@id\":\"https:\/\/pb.edu.pl\/cdias\/uczelnia-w-liczbach\/uczelnia-w-liczbach-2023-12-31\/#breadcrumb\"},\"inLanguage\":\"pl-PL\",\"potentialAction\":[{\"@type\":\"ReadAction\",\"target\":[\"https:\/\/pb.edu.pl\/cdias\/uczelnia-w-liczbach\/uczelnia-w-liczbach-2023-12-31\/\"]}]},{\"@type\":\"ImageObject\",\"inLanguage\":\"pl-PL\",\"@id\":\"https:\/\/pb.edu.pl\/cdias\/uczelnia-w-liczbach\/uczelnia-w-liczbach-2023-12-31\/#primaryimage\",\"url\":\"https:\/\/pb.edu.pl\/cdias\/wp-content\/uploads\/sites\/55\/2024\/11\/uczelnia_w_liczbach.png\",\"contentUrl\":\"https:\/\/pb.edu.pl\/cdias\/wp-content\/uploads\/sites\/55\/2024\/11\/uczelnia_w_liczbach.png\",\"width\":1239,\"height\":635},{\"@type\":\"BreadcrumbList\",\"@id\":\"https:\/\/pb.edu.pl\/cdias\/uczelnia-w-liczbach\/uczelnia-w-liczbach-2023-12-31\/#breadcrumb\",\"itemListElement\":[{\"@type\":\"ListItem\",\"position\":1,\"name\":\"Strona g\u0142\u00f3wna\",\"item\":\"https:\/\/pb.edu.pl\/cdias\/\"},{\"@type\":\"ListItem\",\"position\":2,\"name\":\"Uczelnia w liczbach\",\"item\":\"https:\/\/pb.edu.pl\/cdias\/uczelnia-w-liczbach\/\"},{\"@type\":\"ListItem\",\"position\":3,\"name\":\"Uczelnia w liczbach (2023-12-31)\"}]},{\"@type\":\"WebSite\",\"@id\":\"https:\/\/pb.edu.pl\/cdias\/#website\",\"url\":\"https:\/\/pb.edu.pl\/cdias\/\",\"name\":\"Centrum Danych i Analiz Strategicznych\",\"description\":\"\",\"potentialAction\":[{\"@type\":\"SearchAction\",\"target\":{\"@type\":\"EntryPoint\",\"urlTemplate\":\"https:\/\/pb.edu.pl\/cdias\/?s={search_term_string}\"},\"query-input\":{\"@type\":\"PropertyValueSpecification\",\"valueRequired\":true,\"valueName\":\"search_term_string\"}}],\"inLanguage\":\"pl-PL\"}]}<\/script>\n<!-- \/ Yoast SEO plugin. -->","yoast_head_json":{"title":"Uczelnia w liczbach (2023-12-31) - Centrum Danych i Analiz Strategicznych","description":"&nbsp; Dane na dzie\u0144 31.12.2023 r. Pracownicy Uczelni Liczba pracownik\u00f3w Politechniki Bia\u0142ostockiej wed\u0142ug stanu na dzie\u0144 31.12.2023 r. - 1358 Struktura","robots":{"index":"index","follow":"follow","max-snippet":"max-snippet:-1","max-image-preview":"max-image-preview:large","max-video-preview":"max-video-preview:-1"},"canonical":"https:\/\/pb.edu.pl\/cdias\/uczelnia-w-liczbach\/uczelnia-w-liczbach-2023-12-31\/","og_locale":"pl_PL","og_type":"article","og_title":"Uczelnia w liczbach (2023-12-31) - Centrum Danych i Analiz Strategicznych","og_description":"&nbsp; Dane na dzie\u0144 31.12.2023 r. Pracownicy Uczelni Liczba pracownik\u00f3w Politechniki Bia\u0142ostockiej wed\u0142ug stanu na dzie\u0144 31.12.2023 r. - 1358 Struktura","og_url":"https:\/\/pb.edu.pl\/cdias\/uczelnia-w-liczbach\/uczelnia-w-liczbach-2023-12-31\/","og_site_name":"Centrum Danych i Analiz Strategicznych","article_modified_time":"2025-03-05T13:39:29+00:00","og_image":[{"width":1239,"height":635,"url":"https:\/\/pb.edu.pl\/cdias\/wp-content\/uploads\/sites\/55\/2024\/11\/uczelnia_w_liczbach.png","type":"image\/png"}],"twitter_card":"summary_large_image","twitter_misc":{"Szacowany czas czytania":"1 minuta"},"schema":{"@context":"https:\/\/schema.org","@graph":[{"@type":"WebPage","@id":"https:\/\/pb.edu.pl\/cdias\/uczelnia-w-liczbach\/uczelnia-w-liczbach-2023-12-31\/","url":"https:\/\/pb.edu.pl\/cdias\/uczelnia-w-liczbach\/uczelnia-w-liczbach-2023-12-31\/","name":"Uczelnia w liczbach (2023-12-31) - Centrum Danych i Analiz Strategicznych","isPartOf":{"@id":"https:\/\/pb.edu.pl\/cdias\/#website"},"primaryImageOfPage":{"@id":"https:\/\/pb.edu.pl\/cdias\/uczelnia-w-liczbach\/uczelnia-w-liczbach-2023-12-31\/#primaryimage"},"image":{"@id":"https:\/\/pb.edu.pl\/cdias\/uczelnia-w-liczbach\/uczelnia-w-liczbach-2023-12-31\/#primaryimage"},"thumbnailUrl":"https:\/\/pb.edu.pl\/cdias\/wp-content\/uploads\/sites\/55\/2024\/11\/uczelnia_w_liczbach.png","datePublished":"2025-02-12T11:29:11+00:00","dateModified":"2025-03-05T13:39:29+00:00","description":"&nbsp; Dane na dzie\u0144 31.12.2023 r. Pracownicy Uczelni Liczba pracownik\u00f3w Politechniki Bia\u0142ostockiej wed\u0142ug stanu na dzie\u0144 31.12.2023 r. - 1358 Struktura","breadcrumb":{"@id":"https:\/\/pb.edu.pl\/cdias\/uczelnia-w-liczbach\/uczelnia-w-liczbach-2023-12-31\/#breadcrumb"},"inLanguage":"pl-PL","potentialAction":[{"@type":"ReadAction","target":["https:\/\/pb.edu.pl\/cdias\/uczelnia-w-liczbach\/uczelnia-w-liczbach-2023-12-31\/"]}]},{"@type":"ImageObject","inLanguage":"pl-PL","@id":"https:\/\/pb.edu.pl\/cdias\/uczelnia-w-liczbach\/uczelnia-w-liczbach-2023-12-31\/#primaryimage","url":"https:\/\/pb.edu.pl\/cdias\/wp-content\/uploads\/sites\/55\/2024\/11\/uczelnia_w_liczbach.png","contentUrl":"https:\/\/pb.edu.pl\/cdias\/wp-content\/uploads\/sites\/55\/2024\/11\/uczelnia_w_liczbach.png","width":1239,"height":635},{"@type":"BreadcrumbList","@id":"https:\/\/pb.edu.pl\/cdias\/uczelnia-w-liczbach\/uczelnia-w-liczbach-2023-12-31\/#breadcrumb","itemListElement":[{"@type":"ListItem","position":1,"name":"Strona g\u0142\u00f3wna","item":"https:\/\/pb.edu.pl\/cdias\/"},{"@type":"ListItem","position":2,"name":"Uczelnia w liczbach","item":"https:\/\/pb.edu.pl\/cdias\/uczelnia-w-liczbach\/"},{"@type":"ListItem","position":3,"name":"Uczelnia w liczbach (2023-12-31)"}]},{"@type":"WebSite","@id":"https:\/\/pb.edu.pl\/cdias\/#website","url":"https:\/\/pb.edu.pl\/cdias\/","name":"Centrum Danych i Analiz Strategicznych","description":"","potentialAction":[{"@type":"SearchAction","target":{"@type":"EntryPoint","urlTemplate":"https:\/\/pb.edu.pl\/cdias\/?s={search_term_string}"},"query-input":{"@type":"PropertyValueSpecification","valueRequired":true,"valueName":"search_term_string"}}],"inLanguage":"pl-PL"}]}},"_links":{"self":[{"href":"https:\/\/pb.edu.pl\/cdias\/wp-json\/wp\/v2\/pages\/2434","targetHints":{"allow":["GET"]}}],"collection":[{"href":"https:\/\/pb.edu.pl\/cdias\/wp-json\/wp\/v2\/pages"}],"about":[{"href":"https:\/\/pb.edu.pl\/cdias\/wp-json\/wp\/v2\/types\/page"}],"author":[{"embeddable":true,"href":"https:\/\/pb.edu.pl\/cdias\/wp-json\/wp\/v2\/users\/157"}],"replies":[{"embeddable":true,"href":"https:\/\/pb.edu.pl\/cdias\/wp-json\/wp\/v2\/comments?post=2434"}],"version-history":[{"count":0,"href":"https:\/\/pb.edu.pl\/cdias\/wp-json\/wp\/v2\/pages\/2434\/revisions"}],"up":[{"embeddable":true,"href":"https:\/\/pb.edu.pl\/cdias\/wp-json\/wp\/v2\/pages\/37"}],"wp:attachment":[{"href":"https:\/\/pb.edu.pl\/cdias\/wp-json\/wp\/v2\/media?parent=2434"}],"curies":[{"name":"wp","href":"https:\/\/api.w.org\/{rel}","templated":true}]}}