{"id":2001,"date":"2024-12-12T12:55:10","date_gmt":"2024-12-12T11:55:10","guid":{"rendered":"https:\/\/pb.edu.pl\/cdias\/?page_id=2001"},"modified":"2025-06-26T11:05:01","modified_gmt":"2025-06-26T09:05:01","slug":"the-impact-rankings","status":"publish","type":"page","link":"https:\/\/pb.edu.pl\/cdias\/rankingi-miedzynarodowe\/rankingi-zrownowazonego-rozwoju\/the-impact-rankings\/","title":{"rendered":"THE Impact Rankings"},"content":{"rendered":"<hr>\n<p style=\"text-align: justify\"><img loading=\"lazy\" decoding=\"async\" class=\"size-full wp-image-2003 alignleft\" src=\"https:\/\/pb.edu.pl\/cdias\/wp-content\/uploads\/sites\/55\/2024\/12\/Bez-nazwy.png\" alt=\"\" width=\"300\" height=\"220\"><\/p>\n<p style=\"text-align: justify\">Times Higher Education (THE) Impact Rankings to presti\u017cowy ranking mi\u0119dzynarodowy, kt\u00f3ry ocenia uczelnie na podstawie ich zaanga\u017cowania w realizacj\u0119 Cel\u00f3w Zr\u00f3wnowa\u017conego Rozwoju (SDG) okre\u015blonych przez Organizacj\u0119 Narod\u00f3w Zjednoczonych. Zosta\u0142 opracowany przez presti\u017cowy magazyn <em>Times Higher Education<\/em> w 2019 roku i od tego czasu sta\u0142 si\u0119 jednym z najwa\u017cniejszych narz\u0119dzi do mierzenia wp\u0142ywu uczelni na spo\u0142ecze\u0144stwo, gospodark\u0119 oraz \u015brodowisko. Obejmuje on instytucje z ca\u0142ego \u015bwiata, analizuj\u0105c ich wk\u0142ad w spo\u0142ecze\u0144stwo w kontek\u015bcie takich obszar\u00f3w jak zr\u00f3wnowa\u017cony rozw\u00f3j, dzia\u0142ania na rzecz klimatu, jako\u015b\u0107 edukacji, zdrowie i dobrostan, a tak\u017ce inne aspekty zwi\u0105zane z globalnymi wyzwaniami spo\u0142ecznymi, ekologicznymi i gospodarczymi.<br \/>\nTHE Impact Rankings r\u00f3\u017cni si\u0119 od innych klasyfikacji akademickich, kt\u00f3re zazwyczaj koncentruj\u0105 si\u0119 na reputacji naukowej, jako\u015bci kszta\u0142cenia czy poziomie bada\u0144 naukowych. Podstaw\u0105 g\u0142\u00f3wnego rankingu jest 17 pojedynczych ranking\u00f3w skupionych wok\u00f3\u0142 17 SDG oraz zr\u00f3\u017cnicowana metodologia, indywidualna dla ka\u017cdego celu SDG, kt\u00f3ra bierze pod uwag\u0119 nie tylko wyniki w badaniach naukowych, ale tak\u017ce dzia\u0142ania praktyczne i polityczne podejmowane przez uczelnie. Wska\u017aniki oceny obejmuj\u0105 np. liczb\u0119 partnerstw na rzecz zr\u00f3wnowa\u017conego rozwoju, zarz\u0105dzanie zasobami naturalnymi, w\u0142\u0105czenia spo\u0142eczne oraz polityk\u0119 uczelni w zakresie ochrony \u015brodowiska i r\u00f3wno\u015bci. W rezultacie ranking THE Impact staje si\u0119 wska\u017anikiem realnego wp\u0142ywu uczelni na \u015bwiat zewn\u0119trzny, a nie jedynie ich tradycyjnych osi\u0105gni\u0119\u0107 akademickich.<\/p>\n<p>Szczeg\u00f3\u0142owe informacje odno\u015bnie rankingu oraz metodologia dost\u0119pn\u0119 s\u0105 na oficjalnej stronie: <a href=\"https:\/\/www.timeshighereducation.com\/impactrankings\">https:\/\/www.timeshighereducation.com\/impactrankings<\/a><\/p>\n<p>&nbsp;<\/p>\n<p><img loading=\"lazy\" decoding=\"async\" class=\"aligncenter wp-image-2035 size-full\" src=\"https:\/\/pb.edu.pl\/cdias\/wp-content\/uploads\/sites\/55\/2024\/12\/tablica.jpg\" alt=\"\" width=\"1000\" height=\"624\" srcset=\"https:\/\/pb.edu.pl\/cdias\/wp-content\/uploads\/sites\/55\/2024\/12\/tablica.jpg 1000w, https:\/\/pb.edu.pl\/cdias\/wp-content\/uploads\/sites\/55\/2024\/12\/tablica-300x187.jpg 300w, https:\/\/pb.edu.pl\/cdias\/wp-content\/uploads\/sites\/55\/2024\/12\/tablica-768x479.jpg 768w, https:\/\/pb.edu.pl\/cdias\/wp-content\/uploads\/sites\/55\/2024\/12\/tablica-480x300.jpg 480w\" sizes=\"auto, (max-width: 1000px) 100vw, 1000px\" \/><\/p>\n<p style=\"text-align: center\"><span style=\"font-size: 8pt\">&nbsp;\u017cr\u00f3d\u0142o: <a href=\"https:\/\/www.un.org.pl\/\">https:\/\/www.un.org.pl\/<\/a><\/span><\/p>\n<p>&nbsp;<\/p>\n<hr>\n<hr>\n<table style=\"border-collapse: collapse;width: 100%\">\n<tbody>\n<tr>\n<td style=\"width: 22.4677%\">\n<h2><img loading=\"lazy\" decoding=\"async\" class=\"alignnone size-medium wp-image-1376\" src=\"https:\/\/pb.edu.pl\/cdias\/wp-content\/uploads\/sites\/55\/2024\/07\/the_impact-300x189.jpg\" alt=\"\" width=\"300\" height=\"189\" srcset=\"https:\/\/pb.edu.pl\/cdias\/wp-content\/uploads\/sites\/55\/2024\/07\/the_impact-300x189.jpg 300w, https:\/\/pb.edu.pl\/cdias\/wp-content\/uploads\/sites\/55\/2024\/07\/the_impact-480x300.jpg 480w, https:\/\/pb.edu.pl\/cdias\/wp-content\/uploads\/sites\/55\/2024\/07\/the_impact.jpg 638w\" sizes=\"auto, (max-width: 300px) 100vw, 300px\" \/><\/h2>\n<\/td>\n<td style=\"width: 77.5323%\">\n<h2><span style=\"font-size: 36pt\"><strong>2025<\/strong><\/span><\/h2>\n<h2><strong>Politechnika Bia\u0142ostocka ponownie na znakomitych miejscach w presti\u017cowym rankingu Times Higher Education Impact Rankings<\/strong><\/h2>\n<p>&nbsp;<\/td>\n<\/tr>\n<\/tbody>\n<\/table>\n<p><strong>Politechnika Bia\u0142ostocka uzyska\u0142a 5. wynik w\u015br\u00f3d polskich uczelni oraz uplasowa\u0142a si\u0119 w przedziale 1001\u20131500 w klasyfikacji og\u00f3lno\u015bwiatowej w najnowszej edycji THE Impact Rankings. W tegorocznej, si\u00f3dmej edycji THE Impact Rankings sklasyfikowano \u0142\u0105cznie 2318 uczelni z 130 kraj\u00f3w. W\u015br\u00f3d nich znalaz\u0142o si\u0119 25 uczelni z Polski. <\/strong><\/p>\n<p><img loading=\"lazy\" decoding=\"async\" class=\"aligncenter wp-image-2763 size-large\" src=\"https:\/\/pb.edu.pl\/cdias\/wp-content\/uploads\/sites\/55\/2025\/06\/The_Impact_Overall_Polska5-e1750928569521-1024x860.png\" alt=\"\" width=\"1024\" height=\"860\" srcset=\"https:\/\/pb.edu.pl\/cdias\/wp-content\/uploads\/sites\/55\/2025\/06\/The_Impact_Overall_Polska5-e1750928569521-1024x860.png 1024w, https:\/\/pb.edu.pl\/cdias\/wp-content\/uploads\/sites\/55\/2025\/06\/The_Impact_Overall_Polska5-e1750928569521-300x252.png 300w, https:\/\/pb.edu.pl\/cdias\/wp-content\/uploads\/sites\/55\/2025\/06\/The_Impact_Overall_Polska5-e1750928569521-768x645.png 768w, https:\/\/pb.edu.pl\/cdias\/wp-content\/uploads\/sites\/55\/2025\/06\/The_Impact_Overall_Polska5-e1750928569521.png 1063w\" sizes=\"auto, (max-width: 1024px) 100vw, 1024px\" \/><\/p>\n<p>Nasza uczelnia zg\u0142osi\u0142a si\u0119 do oceny w sze\u015bciu obszarach tematycznych (celach SDG). Nowym wyzwaniem by\u0142o podj\u0119cie tematu SDG 7 \u2013 Czysta i dost\u0119pna energia, w kt\u00f3rym uzyskali\u015bmy najlepszy wynik w Polsce (ex aequo z Politechnik\u0105 Gda\u0144sk\u0105) oraz miejsce w przedziale 301\u2013400 na \u015bwiecie (spo\u015br\u00f3d 1181 ocenianych uczelni).<\/p>\n<p>&nbsp;<\/p>\n<p><a href=\"https:\/\/pb.edu.pl\/cdias\/wp-content\/uploads\/sites\/55\/2025\/06\/The_Impact_2025_PL_full_1-1.png\"><img loading=\"lazy\" decoding=\"async\" class=\"aligncenter wp-image-2773 size-full\" src=\"https:\/\/pb.edu.pl\/cdias\/wp-content\/uploads\/sites\/55\/2025\/06\/The_Impact_2025_PL_full_1-1.png\" alt=\"\" width=\"1506\" height=\"771\" srcset=\"https:\/\/pb.edu.pl\/cdias\/wp-content\/uploads\/sites\/55\/2025\/06\/The_Impact_2025_PL_full_1-1.png 1506w, https:\/\/pb.edu.pl\/cdias\/wp-content\/uploads\/sites\/55\/2025\/06\/The_Impact_2025_PL_full_1-1-300x154.png 300w, https:\/\/pb.edu.pl\/cdias\/wp-content\/uploads\/sites\/55\/2025\/06\/The_Impact_2025_PL_full_1-1-1024x524.png 1024w, https:\/\/pb.edu.pl\/cdias\/wp-content\/uploads\/sites\/55\/2025\/06\/The_Impact_2025_PL_full_1-1-768x393.png 768w\" sizes=\"auto, (max-width: 1506px) 100vw, 1506px\" \/><\/a><\/p>\n<p>&nbsp;<\/p>\n<p>Polecamy zapoznanie si\u0119 z przygotowanym przez Politechnik\u0119 Bia\u0142ostock\u0105 raportem: Politechnika Bia\u0142ostocka na drodze do zr\u00f3wnowa\u017conego rozwoju: <a href=\"https:\/\/pb.edu.pl\/moja-zielona-politechnika\/wp-content\/uploads\/sites\/106\/2025\/04\/2025-04-11-raport-SDG-wersjaPL-poprawiona.pdf\">RAPORT<\/a><\/p>\n<p>Wi\u0119cej informacji o tej edycji rankingu <a href=\"https:\/\/www.timeshighereducation.com\/impactrankings\">TUTAJ<\/a><\/p>\n<hr>\n<hr>\n<table style=\"border-collapse: collapse;width: 100%\">\n<tbody>\n<tr>\n<td style=\"width: 21.895%\">\n<h2><img loading=\"lazy\" decoding=\"async\" class=\"alignnone size-medium wp-image-1376\" src=\"https:\/\/pb.edu.pl\/cdias\/wp-content\/uploads\/sites\/55\/2024\/07\/the_impact-300x189.jpg\" alt=\"\" width=\"300\" height=\"189\" srcset=\"https:\/\/pb.edu.pl\/cdias\/wp-content\/uploads\/sites\/55\/2024\/07\/the_impact-300x189.jpg 300w, https:\/\/pb.edu.pl\/cdias\/wp-content\/uploads\/sites\/55\/2024\/07\/the_impact-480x300.jpg 480w, https:\/\/pb.edu.pl\/cdias\/wp-content\/uploads\/sites\/55\/2024\/07\/the_impact.jpg 638w\" sizes=\"auto, (max-width: 300px) 100vw, 300px\" \/><\/h2>\n<\/td>\n<td style=\"width: 78.105%\">\n<h2><span style=\"font-size: 36pt\"><strong>2024<\/strong><\/span><\/h2>\n<h2><strong>Politechnika Bia\u0142ostocka pierwszy raz w Rankingu THE Impact Rankings<\/strong><\/h2>\n<\/td>\n<\/tr>\n<\/tbody>\n<\/table>\n<p style=\"text-align: justify\">Politechnika Bia\u0142ostocka zadebiutowa\u0142a w rankingu Times Higher Education Impact Rankings w 2024 roku, osi\u0105gaj\u0105c 5 pozycj\u0119 w Polsce i 1001-1500 na \u015bwiecie. By\u0142a to 6 edycja rankingu, oceniono w niej 2152 uczelnie ze 125 kraj\u00f3w, w tym 25 z Polski. Liderem rankingu zosta\u0142 Western Sydney University. Drugie miejsce przypad\u0142o University of Manchester z Wielkiej Brytanii ex aequo z University of Tasmania z Australii natomiast kolejne miejsce nale\u017cy do Aalborg University, Dania.<\/p>\n<p style=\"text-align: justify\">Do rankingu Politechnika Bia\u0142ostocka aplikowa\u0142a w pi\u0119ciu obszarach:<\/p>\n<ul>\n<li style=\"text-align: justify\">SDG 17 &#8211; Partnerstwa na rzecz cel\u00f3w \u2013 zajmuj\u0105c na \u015bwiecie miejsce 601-800 na 2031 uczelni, <strong>3 miejsce w Polsce;<\/strong><\/li>\n<li style=\"text-align: justify\">SDG 11 &#8211; Zr\u00f3wnowa\u017cone miasta i spo\u0142eczno\u015bci \u2013 zajmuj\u0105c na \u015bwiecie miejsce 401-600 na 1026 uczelni, <strong>4 miejsce w Polsce<\/strong>;<\/li>\n<li style=\"text-align: justify\">SDG 6 &#8211; Czysta woda i warunki sanitarne \u2013 zajmuj\u0105c na \u015bwiecie miejsce 401-600 na 867 uczelni, <strong>4 miejsce w Polsce;<\/strong><\/li>\n<li style=\"text-align: justify\">SDG 15 &#8211; \u017bycie na l\u0105dzie \u2013 zajmuj\u0105c na \u015bwiecie miejsce 401-600&nbsp;na 741 uczelnie, <strong>3 miejsce w Polsce;<\/strong><\/li>\n<li>SDG 13 &#8211; Dzia\u0142ania w dziedzinie klimatu \u2013 zajmuj\u0105c na \u015bwiecie miejsce 601-800 na 924 uczelnie, <strong>3 miejsce w Polsce.<strong><img loading=\"lazy\" decoding=\"async\" class=\"aligncenter wp-image-1377 size-large\" src=\"https:\/\/pb.edu.pl\/cdias\/wp-content\/uploads\/sites\/55\/2024\/07\/the_impact2-1024x449.jpg\" alt=\"\" width=\"1024\" height=\"449\" srcset=\"https:\/\/pb.edu.pl\/cdias\/wp-content\/uploads\/sites\/55\/2024\/07\/the_impact2-1024x449.jpg 1024w, https:\/\/pb.edu.pl\/cdias\/wp-content\/uploads\/sites\/55\/2024\/07\/the_impact2-300x132.jpg 300w, https:\/\/pb.edu.pl\/cdias\/wp-content\/uploads\/sites\/55\/2024\/07\/the_impact2-768x337.jpg 768w, https:\/\/pb.edu.pl\/cdias\/wp-content\/uploads\/sites\/55\/2024\/07\/the_impact2.jpg 1501w\" sizes=\"auto, (max-width: 1024px) 100vw, 1024px\" \/><\/strong><\/strong><\/li>\n<\/ul>\n<p>&nbsp;<\/p>\n<p>&nbsp;<\/p>\n<p><strong><img loading=\"lazy\" decoding=\"async\" class=\"aligncenter wp-image-1860 size-full\" src=\"https:\/\/pb.edu.pl\/cdias\/wp-content\/uploads\/sites\/55\/2024\/12\/2024-06-21-the-tmpact-2024-1.jpg\" alt=\"\" width=\"1500\" height=\"908\" srcset=\"https:\/\/pb.edu.pl\/cdias\/wp-content\/uploads\/sites\/55\/2024\/12\/2024-06-21-the-tmpact-2024-1.jpg 1500w, https:\/\/pb.edu.pl\/cdias\/wp-content\/uploads\/sites\/55\/2024\/12\/2024-06-21-the-tmpact-2024-1-300x182.jpg 300w, https:\/\/pb.edu.pl\/cdias\/wp-content\/uploads\/sites\/55\/2024\/12\/2024-06-21-the-tmpact-2024-1-1024x620.jpg 1024w, https:\/\/pb.edu.pl\/cdias\/wp-content\/uploads\/sites\/55\/2024\/12\/2024-06-21-the-tmpact-2024-1-768x465.jpg 768w\" sizes=\"auto, (max-width: 1500px) 100vw, 1500px\" \/><\/strong><\/p>\n<p style=\"text-align: right\"><span style=\"font-size: 8pt\">\u017ar\u00f3d\u0142o:<a href=\"https:\/\/perspektywy.pl\/portal\/index.php\"> Perspektywy<\/a><\/span><\/p>\n<hr>\n<hr>\n<p style=\"text-align: justify\">Dzi\u0119kujemy wszystkim tym, kt\u00f3rzy buduj\u0105 nasz\u0105 mark\u0119 na arenie mi\u0119dzynarodowej, przyczyniaj\u0105c si\u0119 do naszej obecno\u015bci w rankingach zr\u00f3wnowa\u017conego rozwoju!<\/p>\n<p style=\"text-align: justify\">Polecamy zapoznanie si\u0119 z przygotowanymi przez Politechnik\u0119 Bia\u0142ostock\u0105 raportami:<\/p>\n<p style=\"text-align: justify\">Wersja PL :&nbsp;<a title=\"\" href=\"https:\/\/pb.edu.pl\/moja-zielona-politechnika\/raporty-zrownowazonego-rozwoju\/\">Politechnika Bia\u0142ostocka na drodze do zr\u00f3wnowa\u017conego rozwoju<\/a><\/p>\n<p>Wersja EN : <a title=\"\" href=\"https:\/\/pb.edu.pl\/moja-zielona-politechnika\/en\/sustainable-development-reports\/\">Bialystok University of Technology on the path to sustainable development<\/a><\/p>\n<p>&nbsp;<\/p>\n","protected":false},"excerpt":{"rendered":"<p>Times Higher Education (THE) Impact Rankings to presti\u017cowy ranking mi\u0119dzynarodowy, kt\u00f3ry ocenia uczelnie na podstawie<\/p>\n","protected":false},"author":157,"featured_media":0,"parent":1139,"menu_order":0,"comment_status":"closed","ping_status":"closed","template":"","meta":{"_acf_changed":false,"ngg_post_thumbnail":0,"footnotes":""},"class_list":["post-2001","page","type-page","status-publish","hentry"],"acf":[],"yoast_head":"<!-- This site is optimized with the Yoast SEO plugin v27.0 - https:\/\/yoast.com\/product\/yoast-seo-wordpress\/ -->\n<title>THE Impact Rankings - Centrum Danych i Analiz Strategicznych<\/title>\n<meta name=\"description\" content=\"Times Higher Education (THE) Impact Rankings to presti\u017cowy ranking mi\u0119dzynarodowy, kt\u00f3ry ocenia uczelnie na podstawie ich zaanga\u017cowania w realizacj\u0119 Cel\u00f3w\" \/>\n<meta name=\"robots\" content=\"index, follow, max-snippet:-1, max-image-preview:large, max-video-preview:-1\" \/>\n<link rel=\"canonical\" href=\"https:\/\/pb.edu.pl\/cdias\/rankingi-miedzynarodowe\/rankingi-zrownowazonego-rozwoju\/the-impact-rankings\/\" \/>\n<meta property=\"og:locale\" content=\"pl_PL\" \/>\n<meta property=\"og:type\" content=\"article\" \/>\n<meta property=\"og:title\" content=\"THE Impact Rankings - Centrum Danych i Analiz Strategicznych\" \/>\n<meta property=\"og:description\" content=\"Times Higher Education (THE) Impact Rankings to presti\u017cowy ranking mi\u0119dzynarodowy, kt\u00f3ry ocenia uczelnie na podstawie ich zaanga\u017cowania w realizacj\u0119 Cel\u00f3w\" \/>\n<meta property=\"og:url\" content=\"https:\/\/pb.edu.pl\/cdias\/rankingi-miedzynarodowe\/rankingi-zrownowazonego-rozwoju\/the-impact-rankings\/\" \/>\n<meta property=\"og:site_name\" content=\"Centrum Danych i Analiz Strategicznych\" \/>\n<meta property=\"article:modified_time\" content=\"2025-06-26T09:05:01+00:00\" \/>\n<meta property=\"og:image\" content=\"https:\/\/pb.edu.pl\/cdias\/wp-content\/uploads\/sites\/55\/2024\/12\/Bez-nazwy.png\" \/>\n<meta name=\"twitter:card\" content=\"summary_large_image\" \/>\n<meta name=\"twitter:label1\" content=\"Szacowany czas czytania\" \/>\n\t<meta name=\"twitter:data1\" content=\"6 minut\" \/>\n<script type=\"application\/ld+json\" class=\"yoast-schema-graph\">{\"@context\":\"https:\/\/schema.org\",\"@graph\":[{\"@type\":\"WebPage\",\"@id\":\"https:\/\/pb.edu.pl\/cdias\/rankingi-miedzynarodowe\/rankingi-zrownowazonego-rozwoju\/the-impact-rankings\/\",\"url\":\"https:\/\/pb.edu.pl\/cdias\/rankingi-miedzynarodowe\/rankingi-zrownowazonego-rozwoju\/the-impact-rankings\/\",\"name\":\"THE Impact Rankings - Centrum Danych i Analiz Strategicznych\",\"isPartOf\":{\"@id\":\"https:\/\/pb.edu.pl\/cdias\/#website\"},\"primaryImageOfPage\":{\"@id\":\"https:\/\/pb.edu.pl\/cdias\/rankingi-miedzynarodowe\/rankingi-zrownowazonego-rozwoju\/the-impact-rankings\/#primaryimage\"},\"image\":{\"@id\":\"https:\/\/pb.edu.pl\/cdias\/rankingi-miedzynarodowe\/rankingi-zrownowazonego-rozwoju\/the-impact-rankings\/#primaryimage\"},\"thumbnailUrl\":\"https:\/\/pb.edu.pl\/cdias\/wp-content\/uploads\/sites\/55\/2024\/12\/Bez-nazwy.png\",\"datePublished\":\"2024-12-12T11:55:10+00:00\",\"dateModified\":\"2025-06-26T09:05:01+00:00\",\"description\":\"Times Higher Education (THE) Impact Rankings to presti\u017cowy ranking mi\u0119dzynarodowy, kt\u00f3ry ocenia uczelnie na podstawie ich zaanga\u017cowania w realizacj\u0119 Cel\u00f3w\",\"breadcrumb\":{\"@id\":\"https:\/\/pb.edu.pl\/cdias\/rankingi-miedzynarodowe\/rankingi-zrownowazonego-rozwoju\/the-impact-rankings\/#breadcrumb\"},\"inLanguage\":\"pl-PL\",\"potentialAction\":[{\"@type\":\"ReadAction\",\"target\":[\"https:\/\/pb.edu.pl\/cdias\/rankingi-miedzynarodowe\/rankingi-zrownowazonego-rozwoju\/the-impact-rankings\/\"]}]},{\"@type\":\"ImageObject\",\"inLanguage\":\"pl-PL\",\"@id\":\"https:\/\/pb.edu.pl\/cdias\/rankingi-miedzynarodowe\/rankingi-zrownowazonego-rozwoju\/the-impact-rankings\/#primaryimage\",\"url\":\"https:\/\/pb.edu.pl\/cdias\/wp-content\/uploads\/sites\/55\/2024\/12\/Bez-nazwy.png\",\"contentUrl\":\"https:\/\/pb.edu.pl\/cdias\/wp-content\/uploads\/sites\/55\/2024\/12\/Bez-nazwy.png\",\"width\":300,\"height\":220},{\"@type\":\"BreadcrumbList\",\"@id\":\"https:\/\/pb.edu.pl\/cdias\/rankingi-miedzynarodowe\/rankingi-zrownowazonego-rozwoju\/the-impact-rankings\/#breadcrumb\",\"itemListElement\":[{\"@type\":\"ListItem\",\"position\":1,\"name\":\"Strona g\u0142\u00f3wna\",\"item\":\"https:\/\/pb.edu.pl\/cdias\/\"},{\"@type\":\"ListItem\",\"position\":2,\"name\":\"Rankingi mi\u0119dzynarodowe\",\"item\":\"https:\/\/pb.edu.pl\/cdias\/rankingi-miedzynarodowe\/\"},{\"@type\":\"ListItem\",\"position\":3,\"name\":\"Rankingi zr\u00f3wnowa\u017conego rozwoju\",\"item\":\"https:\/\/pb.edu.pl\/cdias\/rankingi-miedzynarodowe\/rankingi-zrownowazonego-rozwoju\/\"},{\"@type\":\"ListItem\",\"position\":4,\"name\":\"THE Impact Rankings\"}]},{\"@type\":\"WebSite\",\"@id\":\"https:\/\/pb.edu.pl\/cdias\/#website\",\"url\":\"https:\/\/pb.edu.pl\/cdias\/\",\"name\":\"Centrum Danych i Analiz Strategicznych\",\"description\":\"\",\"potentialAction\":[{\"@type\":\"SearchAction\",\"target\":{\"@type\":\"EntryPoint\",\"urlTemplate\":\"https:\/\/pb.edu.pl\/cdias\/?s={search_term_string}\"},\"query-input\":{\"@type\":\"PropertyValueSpecification\",\"valueRequired\":true,\"valueName\":\"search_term_string\"}}],\"inLanguage\":\"pl-PL\"}]}<\/script>\n<!-- \/ Yoast SEO plugin. -->","yoast_head_json":{"title":"THE Impact Rankings - Centrum Danych i Analiz Strategicznych","description":"Times Higher Education (THE) Impact Rankings to presti\u017cowy ranking mi\u0119dzynarodowy, kt\u00f3ry ocenia uczelnie na podstawie ich zaanga\u017cowania w realizacj\u0119 Cel\u00f3w","robots":{"index":"index","follow":"follow","max-snippet":"max-snippet:-1","max-image-preview":"max-image-preview:large","max-video-preview":"max-video-preview:-1"},"canonical":"https:\/\/pb.edu.pl\/cdias\/rankingi-miedzynarodowe\/rankingi-zrownowazonego-rozwoju\/the-impact-rankings\/","og_locale":"pl_PL","og_type":"article","og_title":"THE Impact Rankings - Centrum Danych i Analiz Strategicznych","og_description":"Times Higher Education (THE) Impact Rankings to presti\u017cowy ranking mi\u0119dzynarodowy, kt\u00f3ry ocenia uczelnie na podstawie ich zaanga\u017cowania w realizacj\u0119 Cel\u00f3w","og_url":"https:\/\/pb.edu.pl\/cdias\/rankingi-miedzynarodowe\/rankingi-zrownowazonego-rozwoju\/the-impact-rankings\/","og_site_name":"Centrum Danych i Analiz Strategicznych","article_modified_time":"2025-06-26T09:05:01+00:00","og_image":[{"url":"https:\/\/pb.edu.pl\/cdias\/wp-content\/uploads\/sites\/55\/2024\/12\/Bez-nazwy.png","type":"","width":"","height":""}],"twitter_card":"summary_large_image","twitter_misc":{"Szacowany czas czytania":"6 minut"},"schema":{"@context":"https:\/\/schema.org","@graph":[{"@type":"WebPage","@id":"https:\/\/pb.edu.pl\/cdias\/rankingi-miedzynarodowe\/rankingi-zrownowazonego-rozwoju\/the-impact-rankings\/","url":"https:\/\/pb.edu.pl\/cdias\/rankingi-miedzynarodowe\/rankingi-zrownowazonego-rozwoju\/the-impact-rankings\/","name":"THE Impact Rankings - Centrum Danych i Analiz Strategicznych","isPartOf":{"@id":"https:\/\/pb.edu.pl\/cdias\/#website"},"primaryImageOfPage":{"@id":"https:\/\/pb.edu.pl\/cdias\/rankingi-miedzynarodowe\/rankingi-zrownowazonego-rozwoju\/the-impact-rankings\/#primaryimage"},"image":{"@id":"https:\/\/pb.edu.pl\/cdias\/rankingi-miedzynarodowe\/rankingi-zrownowazonego-rozwoju\/the-impact-rankings\/#primaryimage"},"thumbnailUrl":"https:\/\/pb.edu.pl\/cdias\/wp-content\/uploads\/sites\/55\/2024\/12\/Bez-nazwy.png","datePublished":"2024-12-12T11:55:10+00:00","dateModified":"2025-06-26T09:05:01+00:00","description":"Times Higher Education (THE) Impact Rankings to presti\u017cowy ranking mi\u0119dzynarodowy, kt\u00f3ry ocenia uczelnie na podstawie ich zaanga\u017cowania w realizacj\u0119 Cel\u00f3w","breadcrumb":{"@id":"https:\/\/pb.edu.pl\/cdias\/rankingi-miedzynarodowe\/rankingi-zrownowazonego-rozwoju\/the-impact-rankings\/#breadcrumb"},"inLanguage":"pl-PL","potentialAction":[{"@type":"ReadAction","target":["https:\/\/pb.edu.pl\/cdias\/rankingi-miedzynarodowe\/rankingi-zrownowazonego-rozwoju\/the-impact-rankings\/"]}]},{"@type":"ImageObject","inLanguage":"pl-PL","@id":"https:\/\/pb.edu.pl\/cdias\/rankingi-miedzynarodowe\/rankingi-zrownowazonego-rozwoju\/the-impact-rankings\/#primaryimage","url":"https:\/\/pb.edu.pl\/cdias\/wp-content\/uploads\/sites\/55\/2024\/12\/Bez-nazwy.png","contentUrl":"https:\/\/pb.edu.pl\/cdias\/wp-content\/uploads\/sites\/55\/2024\/12\/Bez-nazwy.png","width":300,"height":220},{"@type":"BreadcrumbList","@id":"https:\/\/pb.edu.pl\/cdias\/rankingi-miedzynarodowe\/rankingi-zrownowazonego-rozwoju\/the-impact-rankings\/#breadcrumb","itemListElement":[{"@type":"ListItem","position":1,"name":"Strona g\u0142\u00f3wna","item":"https:\/\/pb.edu.pl\/cdias\/"},{"@type":"ListItem","position":2,"name":"Rankingi mi\u0119dzynarodowe","item":"https:\/\/pb.edu.pl\/cdias\/rankingi-miedzynarodowe\/"},{"@type":"ListItem","position":3,"name":"Rankingi zr\u00f3wnowa\u017conego rozwoju","item":"https:\/\/pb.edu.pl\/cdias\/rankingi-miedzynarodowe\/rankingi-zrownowazonego-rozwoju\/"},{"@type":"ListItem","position":4,"name":"THE Impact Rankings"}]},{"@type":"WebSite","@id":"https:\/\/pb.edu.pl\/cdias\/#website","url":"https:\/\/pb.edu.pl\/cdias\/","name":"Centrum Danych i Analiz Strategicznych","description":"","potentialAction":[{"@type":"SearchAction","target":{"@type":"EntryPoint","urlTemplate":"https:\/\/pb.edu.pl\/cdias\/?s={search_term_string}"},"query-input":{"@type":"PropertyValueSpecification","valueRequired":true,"valueName":"search_term_string"}}],"inLanguage":"pl-PL"}]}},"_links":{"self":[{"href":"https:\/\/pb.edu.pl\/cdias\/wp-json\/wp\/v2\/pages\/2001","targetHints":{"allow":["GET"]}}],"collection":[{"href":"https:\/\/pb.edu.pl\/cdias\/wp-json\/wp\/v2\/pages"}],"about":[{"href":"https:\/\/pb.edu.pl\/cdias\/wp-json\/wp\/v2\/types\/page"}],"author":[{"embeddable":true,"href":"https:\/\/pb.edu.pl\/cdias\/wp-json\/wp\/v2\/users\/157"}],"replies":[{"embeddable":true,"href":"https:\/\/pb.edu.pl\/cdias\/wp-json\/wp\/v2\/comments?post=2001"}],"version-history":[{"count":0,"href":"https:\/\/pb.edu.pl\/cdias\/wp-json\/wp\/v2\/pages\/2001\/revisions"}],"up":[{"embeddable":true,"href":"https:\/\/pb.edu.pl\/cdias\/wp-json\/wp\/v2\/pages\/1139"}],"wp:attachment":[{"href":"https:\/\/pb.edu.pl\/cdias\/wp-json\/wp\/v2\/media?parent=2001"}],"curies":[{"name":"wp","href":"https:\/\/api.w.org\/{rel}","templated":true}]}}