{"id":1999,"date":"2024-12-12T12:53:50","date_gmt":"2024-12-12T11:53:50","guid":{"rendered":"https:\/\/pb.edu.pl\/cdias\/?page_id=1999"},"modified":"2025-11-21T14:58:26","modified_gmt":"2025-11-21T13:58:26","slug":"qs-world-univesity-sustainability","status":"publish","type":"page","link":"https:\/\/pb.edu.pl\/cdias\/rankingi-miedzynarodowe\/rankingi-zrownowazonego-rozwoju\/qs-world-univesity-sustainability\/","title":{"rendered":"QS World Univesity: Sustainability"},"content":{"rendered":"<div>\n<p><img loading=\"lazy\" decoding=\"async\" class=\"alignleft wp-image-2085 \" src=\"https:\/\/pb.edu.pl\/cdias\/wp-content\/uploads\/sites\/55\/2024\/12\/QS_1.png\" alt=\"\" width=\"436\" height=\"344\" srcset=\"https:\/\/pb.edu.pl\/cdias\/wp-content\/uploads\/sites\/55\/2024\/12\/QS_1.png 849w, https:\/\/pb.edu.pl\/cdias\/wp-content\/uploads\/sites\/55\/2024\/12\/QS_1-300x237.png 300w, https:\/\/pb.edu.pl\/cdias\/wp-content\/uploads\/sites\/55\/2024\/12\/QS_1-768x606.png 768w\" sizes=\"auto, (max-width: 436px) 100vw, 436px\" \/><\/p>\n<p style=\"text-align: justify\"><strong>QS World University Rankings: Sustainability<\/strong> to mi\u0119dzynarodowy ranking uczelni, kt\u00f3ry ocenia ich wp\u0142yw na \u015brodowisko i spo\u0142ecze\u0144stwo, a tak\u017ce dobre praktyki zarz\u0105dzania. Ranking QS Sustainability to innowacyjne zestawienie, kt\u00f3re ocenia uczelnie wy\u017csze z ca\u0142ego \u015bwiata pod k\u0105tem ich zaanga\u017cowania w zr\u00f3wnowa\u017cony rozw\u00f3j. Opracowany przez QS (Quacquarelli Symonds) \u2013 globaln\u0105 firm\u0119 analityczn\u0105 specjalizuj\u0105c\u0105 si\u0119 w edukacji wy\u017cszej \u2013 ranking ten koncentruje si\u0119 na dzia\u0142aniach uczelni w zakresie ochrony \u015brodowiska, spo\u0142ecznej odpowiedzialno\u015bci oraz ich wk\u0142adu w realizacj\u0119 Cel\u00f3w Zr\u00f3wnowa\u017conego Rozwoju (Sustainable Development Goals \u2013 SDGs) przyj\u0119tych przez ONZ. Ranking ma na celu wyr\u00f3\u017cnienie uczelni, kt\u00f3re przyczyniaj\u0105 si\u0119 do rozwi\u0105zywania globalnych wyzwa\u0144, takich jak zmiany klimatyczne czy nier\u00f3wno\u015bci spo\u0142eczne.&nbsp;<\/p>\n<p style=\"text-align: justify\">QS World University Rankings: Sustainability wspiera uczelnie w dzia\u0142aniach proekologicznych i spo\u0142ecznych, a tak\u017ce pomaga studentom w wyborze instytucji zgodnej z ich warto\u015bciami. Ranking podkre\u015bla rosn\u0105ce znaczenie zr\u00f3wnowa\u017conego rozwoju w szkolnictwie wy\u017cszym oraz globalnym spo\u0142ecze\u0144stwie.<\/p>\n<p style=\"text-align: justify\"><span style=\"font-size: 1.5rem\">Pierwsza pilota\u017cowa edycja ukaza\u0142a si\u0119 w 2022 roku, a pe\u0142na edycja zadebiutowa\u0142a w 2023 roku. W 2024 roku w rankingu uwzgl\u0119dniono 1 397 uczelni z 95 kraj\u00f3w. W edycji QS World University Rankings: Sustainability 2026 udzia\u0142 wzi\u0119\u0142o ponad 2000 instytucji, co podkre\u015bla dynamiczny rozw\u00f3j i rosn\u0105ce znaczenie rankingu.<\/span><\/p>\n<p>Ranking ocenia uczelnie w trzech kluczowych obszarach:<\/p>\n<ol>\n<li><strong>Wp\u0142yw \u015brodowiskowy<\/strong> \u2013 obejmuje dzia\u0142ania na rzecz zr\u00f3wnowa\u017conego rozwoju, badania naukowe i edukacj\u0119 dotycz\u0105c\u0105 \u015brodowiska.<\/li>\n<li><strong>Wp\u0142yw spo\u0142eczny<\/strong> \u2013 uwzgl\u0119dnia r\u00f3wno\u015b\u0107, wymian\u0119 wiedzy, wyniki edukacyjne, zdrowie i dobrostan oraz mo\u017cliwo\u015bci zatrudnienia absolwent\u00f3w.<\/li>\n<li><strong>Zarz\u0105dzanie (Governance)<\/strong> \u2013&nbsp; kategoria, kt\u00f3ra ocenia czynniki zwi\u0105zane z dobrym zarz\u0105dzaniem: etyk\u0119, praktyki zatrudniania, przejrzysto\u015b\u0107 podejmowania decyzji.<\/li>\n<\/ol>\n<p>&nbsp;<\/p>\n<p>Wi\u0119cej szczeg\u00f3\u0142\u00f3w znajdziesz na oficjalnej stronie:&nbsp;<a href=\"https:\/\/www.topuniversities.com\/sustainability-rankings\">https:\/\/www.topuniversities.com\/sustainability-rankings<\/a><\/p>\n<p>&nbsp;<\/p>\n<hr>\n<hr>\n<h2 style=\"text-align: center\">Politechnika Bia\u0142ostocka w rankingu QS World University Rankings: Sustainability<\/h2>\n<\/div>\n<p>&nbsp;<\/p>\n<p>W Rankingu <strong>QS World University Rankings: Sustainability 2026<\/strong> znalaz\u0142o si\u0119 ponad 2000 instytucji, w tym 26 z Polski. Politechnika Bia\u0142ostocka zaj\u0119\u0142a 16. miejsce w Polsce i znalaz\u0142a si\u0119 w przedziale miejsc 1101-1150 na \u015bwiecie. Uczelnia uzyska\u0142a bardzo wysoki wynik w kategorii Governance, zajmuj\u0105c 459. miejsce na \u015bwiecie oraz 5. miejsce w Polsce, awansuj\u0105c o jedn\u0105 pozycj\u0119 w\u015br\u00f3d polskich uczelni w stosunku do poprzedniej edycji.<\/p>\n<p>&nbsp;<\/p>\n<p><a href=\"https:\/\/pb.edu.pl\/cdias\/wp-content\/uploads\/sites\/55\/2025\/11\/QS2026-1-scaled.png\"><img loading=\"lazy\" decoding=\"async\" class=\"aligncenter wp-image-2872 size-large\" src=\"https:\/\/pb.edu.pl\/cdias\/wp-content\/uploads\/sites\/55\/2025\/11\/QS2026-1-1024x317.png\" alt=\"\" width=\"1024\" height=\"317\" srcset=\"https:\/\/pb.edu.pl\/cdias\/wp-content\/uploads\/sites\/55\/2025\/11\/QS2026-1-1024x317.png 1024w, https:\/\/pb.edu.pl\/cdias\/wp-content\/uploads\/sites\/55\/2025\/11\/QS2026-1-300x93.png 300w, https:\/\/pb.edu.pl\/cdias\/wp-content\/uploads\/sites\/55\/2025\/11\/QS2026-1-768x238.png 768w, https:\/\/pb.edu.pl\/cdias\/wp-content\/uploads\/sites\/55\/2025\/11\/QS2026-1-1536x476.png 1536w, https:\/\/pb.edu.pl\/cdias\/wp-content\/uploads\/sites\/55\/2025\/11\/QS2026-1-2048x634.png 2048w\" sizes=\"auto, (max-width: 1024px) 100vw, 1024px\" \/><\/a><\/p>\n<p>&nbsp;<\/p>\n<p>\u015awiatowym liderem QS World University Sustainability Rankings 2026 zosta\u0142 Lund University (Szwecja), uznany za najbardziej zr\u00f3wnowa\u017con\u0105 uczelni\u0119 na \u015bwiecie, uzyskuj\u0105c imponuj\u0105ce wyniki we wszystkich trzech kategoriach stosowanych do oceny instytucji: wp\u0142yw na \u015brodowisko, wp\u0142yw spo\u0142eczny i zarz\u0105dzanie. W\u015br\u00f3d innych czo\u0142owych uczelni w tym roku znalaz\u0142y si\u0119 University of Toronto (Kanada), kt\u00f3ry zaj\u0105\u0142 drugie miejsce, oraz University College London (Wielka Brytania), kt\u00f3ry uplasowa\u0142 si\u0119 na trzecim miejscu.<\/p>\n<p>Najwy\u017cej sklasyfikowane uczelnie w Polsce to: Uniwersytet Jagiello\u0144ski, Uniwersytet Warszawski, Uniwersytet Gda\u0144ski.<\/p>\n<p>Poni\u017cej przedstawiono miejsca rankingowe Politechniki Bia\u0142ostockiej w poszczeg\u00f3lnych kryteriach.<\/p>\n<table style=\"border-collapse: collapse;width: 100%\">\n<tbody>\n<tr>\n<td style=\"width: 55.9267%\"><a href=\"https:\/\/pb.edu.pl\/cdias\/wp-content\/uploads\/sites\/55\/2025\/11\/2026QS_Sustainability.png\"><img loading=\"lazy\" decoding=\"async\" class=\"size-full wp-image-2848 alignleft\" src=\"https:\/\/pb.edu.pl\/cdias\/wp-content\/uploads\/sites\/55\/2025\/11\/2026QS_Sustainability.png\" alt=\"\" width=\"718\" height=\"1167\" srcset=\"https:\/\/pb.edu.pl\/cdias\/wp-content\/uploads\/sites\/55\/2025\/11\/2026QS_Sustainability.png 718w, https:\/\/pb.edu.pl\/cdias\/wp-content\/uploads\/sites\/55\/2025\/11\/2026QS_Sustainability-185x300.png 185w, https:\/\/pb.edu.pl\/cdias\/wp-content\/uploads\/sites\/55\/2025\/11\/2026QS_Sustainability-630x1024.png 630w\" sizes=\"auto, (max-width: 718px) 100vw, 718px\" \/><\/a><\/td>\n<td style=\"width: 44.0733%\"><a href=\"https:\/\/pb.edu.pl\/cdias\/wp-content\/uploads\/sites\/55\/2025\/11\/2026QS_GOVERNANCE.png\"><img loading=\"lazy\" decoding=\"async\" class=\"size-full wp-image-2849 alignright\" src=\"https:\/\/pb.edu.pl\/cdias\/wp-content\/uploads\/sites\/55\/2025\/11\/2026QS_GOVERNANCE.png\" alt=\"\" width=\"718\" height=\"1159\" srcset=\"https:\/\/pb.edu.pl\/cdias\/wp-content\/uploads\/sites\/55\/2025\/11\/2026QS_GOVERNANCE.png 718w, https:\/\/pb.edu.pl\/cdias\/wp-content\/uploads\/sites\/55\/2025\/11\/2026QS_GOVERNANCE-186x300.png 186w, https:\/\/pb.edu.pl\/cdias\/wp-content\/uploads\/sites\/55\/2025\/11\/2026QS_GOVERNANCE-634x1024.png 634w\" sizes=\"auto, (max-width: 718px) 100vw, 718px\" \/><\/a><\/td>\n<\/tr>\n<\/tbody>\n<\/table>\n<p>&nbsp;<\/p>\n<p>&nbsp;<\/p>\n<hr>\n<hr>\n<p style=\"text-align: justify\">W Rankingu <strong>QS World University Rankings: Sustainability 2025<\/strong> znalaz\u0142y si\u0119 1744 instytucje ze 107 kraj\u00f3w, w tym 22 z Polski. Politechnika Bia\u0142ostocka zdoby\u0142a 12. miejsce w Polsce i znalaz\u0142a si\u0119 w przedziale miejsc 1001-1020 na \u015bwiecie, poprawiaj\u0105c swoj\u0105 lokat\u0119 z poprzedniego roku.<\/p>\n<p style=\"text-align: justify\">Politechnika Bia\u0142ostocka osi\u0105gn\u0119\u0142a znacz\u0105cy sukces w Rankingu QS, osi\u0105gaj\u0105c wysoki 6. wynik w Polsce oraz ex aequo 319. miejsce na \u015bwiecie w kategorii Zarz\u0105dzanie (Governance). To awans w stosunku do roku poprzedniego, a\u017c o 5 pozycji na poziomie krajowym i 567 miejsc w zestawieniu globalnym.<\/p>\n<p>&nbsp;<\/p>\n<p><a href=\"https:\/\/pb.edu.pl\/cdias\/wp-content\/uploads\/sites\/55\/2025\/11\/QS2025-3-scaled.png\"><img loading=\"lazy\" decoding=\"async\" class=\"aligncenter wp-image-2873 size-large\" src=\"https:\/\/pb.edu.pl\/cdias\/wp-content\/uploads\/sites\/55\/2025\/11\/QS2025-3-1024x316.png\" alt=\"\" width=\"1024\" height=\"316\" srcset=\"https:\/\/pb.edu.pl\/cdias\/wp-content\/uploads\/sites\/55\/2025\/11\/QS2025-3-1024x316.png 1024w, https:\/\/pb.edu.pl\/cdias\/wp-content\/uploads\/sites\/55\/2025\/11\/QS2025-3-300x93.png 300w, https:\/\/pb.edu.pl\/cdias\/wp-content\/uploads\/sites\/55\/2025\/11\/QS2025-3-768x237.png 768w, https:\/\/pb.edu.pl\/cdias\/wp-content\/uploads\/sites\/55\/2025\/11\/QS2025-3-1536x474.png 1536w, https:\/\/pb.edu.pl\/cdias\/wp-content\/uploads\/sites\/55\/2025\/11\/QS2025-3-2048x632.png 2048w\" sizes=\"auto, (max-width: 1024px) 100vw, 1024px\" \/><\/a><\/p>\n<p>&nbsp;<\/p>\n<p>&nbsp;<\/p>\n<p style=\"text-align: justify\">Politechnika Bia\u0142ostocka osi\u0105gn\u0119\u0142a r\u00f3wnie\u017c wysok\u0105 pozycj\u0119 \u2013 6. wynik w Polsce i 760. miejsce na \u015bwiecie w kategorii Wp\u0142yw na \u015brodowisko (Environmental Impact), we wska\u017aniku: <em>zr\u00f3wnowa\u017cony rozw\u00f3j \u015brodowiska<\/em>&nbsp;(<em>environmental sustainability)<\/em>.<\/p>\n<p style=\"text-align: justify\">\u015awiatowymi liderami w tegorocznym rankingu okaza\u0142y si\u0119 Uniwersytet Toronto, ETH Zurich oraz ex aequo &nbsp;Uniwersytet Kalifornijski w Berkeley oraz Uniwersytet w Lund. W Polsce prym wiedzie Uniwersytet Warszawski, Uniwersytet Jagiello\u0144ski oraz Uniwersytet Gda\u0144ski.<\/p>\n<p>&nbsp;<\/p>\n<table style=\"border-collapse: collapse;width: 100%\">\n<tbody>\n<tr>\n<td style=\"width: 55.0037%\"><a href=\"https:\/\/pb.edu.pl\/cdias\/wp-content\/uploads\/sites\/55\/2025\/11\/2025QS_SUSTAINABILITY.png\"><img loading=\"lazy\" decoding=\"async\" class=\"size-full wp-image-2850 alignleft\" src=\"https:\/\/pb.edu.pl\/cdias\/wp-content\/uploads\/sites\/55\/2025\/11\/2025QS_SUSTAINABILITY.png\" alt=\"\" width=\"742\" height=\"1008\" srcset=\"https:\/\/pb.edu.pl\/cdias\/wp-content\/uploads\/sites\/55\/2025\/11\/2025QS_SUSTAINABILITY.png 742w, https:\/\/pb.edu.pl\/cdias\/wp-content\/uploads\/sites\/55\/2025\/11\/2025QS_SUSTAINABILITY-221x300.png 221w\" sizes=\"auto, (max-width: 742px) 100vw, 742px\" \/><\/a><\/td>\n<td style=\"width: 44.9963%\"><a href=\"https:\/\/pb.edu.pl\/cdias\/wp-content\/uploads\/sites\/55\/2025\/11\/2025QS_GOVERNANCE.png\"><img loading=\"lazy\" decoding=\"async\" class=\"size-full wp-image-2851 alignright\" src=\"https:\/\/pb.edu.pl\/cdias\/wp-content\/uploads\/sites\/55\/2025\/11\/2025QS_GOVERNANCE.png\" alt=\"\" width=\"747\" height=\"1019\" srcset=\"https:\/\/pb.edu.pl\/cdias\/wp-content\/uploads\/sites\/55\/2025\/11\/2025QS_GOVERNANCE.png 747w, https:\/\/pb.edu.pl\/cdias\/wp-content\/uploads\/sites\/55\/2025\/11\/2025QS_GOVERNANCE-220x300.png 220w\" sizes=\"auto, (max-width: 747px) 100vw, 747px\" \/><\/a><\/td>\n<\/tr>\n<\/tbody>\n<\/table>\n<p>&nbsp;<\/p>\n<p>&nbsp;<\/p>\n<div>\n<hr>\n<hr>\n<p style=\"text-align: justify\">Politechnika Bia\u0142ostocka po raz pierwszy aplikowa\u0142a do II edycji rankingu <strong>QS World Univesity Rankings: Sustainability 2024<\/strong> i od razu zosta\u0142a w nim sklasyfikowana.<\/p>\n<p style=\"text-align: justify\">W Ranking QS World University: Sustainability 2024 znalaz\u0142o si\u0119 1397 instytucji z 95 kraj\u00f3w. Politechnika Bia\u0142ostocka uplasowa\u0142a si\u0119 na miejscu #1201+ i zaj\u0119\u0142a 15. miejsce w Polsce. W edycji 2024 pierwsze miejsce zaj\u0119\u0142o University of Toronto, a kolejne pozycje przypad\u0142y UC Berkeley i The University of Manchester.<\/p>\n<p>&nbsp;<\/p>\n<p><a href=\"https:\/\/pb.edu.pl\/cdias\/wp-content\/uploads\/sites\/55\/2025\/11\/QS2024-1-scaled.png\"><img loading=\"lazy\" decoding=\"async\" class=\"aligncenter wp-image-2874 size-large\" src=\"https:\/\/pb.edu.pl\/cdias\/wp-content\/uploads\/sites\/55\/2025\/11\/QS2024-1-1024x315.png\" alt=\"\" width=\"1024\" height=\"315\" srcset=\"https:\/\/pb.edu.pl\/cdias\/wp-content\/uploads\/sites\/55\/2025\/11\/QS2024-1-1024x315.png 1024w, https:\/\/pb.edu.pl\/cdias\/wp-content\/uploads\/sites\/55\/2025\/11\/QS2024-1-300x92.png 300w, https:\/\/pb.edu.pl\/cdias\/wp-content\/uploads\/sites\/55\/2025\/11\/QS2024-1-768x236.png 768w, https:\/\/pb.edu.pl\/cdias\/wp-content\/uploads\/sites\/55\/2025\/11\/QS2024-1-1536x473.png 1536w, https:\/\/pb.edu.pl\/cdias\/wp-content\/uploads\/sites\/55\/2025\/11\/QS2024-1-2048x630.png 2048w\" sizes=\"auto, (max-width: 1024px) 100vw, 1024px\" \/><\/a><\/div>\n<div>&nbsp;<\/div>\n<div>\n<p style=\"text-align: justify\"><span style=\"font-size: 1.5rem\">Nale\u017cy podkre\u015bli\u0107, \u017ce Politechnika Bia\u0142ostocka osi\u0105gn\u0119\u0142a wysok\u0105 pozycj\u0119 &#8211; 11. wynik w Polsce w kategorii Zarz\u0105dzania (Governance). To osi\u0105gni\u0119cie potwierdza zaanga\u017cowanie instytucji w doskonalenie swoich proces\u00f3w zarz\u0105dczych. <\/span>Wska\u017aniki efektywnego zarz\u0105dzania (Governance) obejmuj\u0105 r\u00f3\u017cnorodne elementy najlepszych praktyk, takie jak centralna rola etyki, sprawdzone procedury rekrutacyjne, transparentno\u015b\u0107 w podejmowaniu decyzji oraz uwzgl\u0119dnienie g\u0142osu organizacji studenckich. Te aspekty \u0142\u0105cz\u0105 si\u0119, tworz\u0105c kompleksowy obraz skuteczno\u015bci zarz\u0105dzania instytucj\u0105.<\/p>\n<\/div>\n<p>\u200b<\/p>\n<table style=\"border-collapse: collapse;width: 100%;height: 22px\">\n<tbody>\n<tr style=\"height: 22px\">\n<td style=\"width: 54.4181%;height: 22px\"><a href=\"https:\/\/pb.edu.pl\/cdias\/wp-content\/uploads\/sites\/55\/2025\/11\/2024QS_SUSTAINABILITY.png\"><img loading=\"lazy\" decoding=\"async\" class=\"size-full wp-image-2855 alignleft\" src=\"https:\/\/pb.edu.pl\/cdias\/wp-content\/uploads\/sites\/55\/2025\/11\/2024QS_SUSTAINABILITY.png\" alt=\"\" width=\"742\" height=\"952\" srcset=\"https:\/\/pb.edu.pl\/cdias\/wp-content\/uploads\/sites\/55\/2025\/11\/2024QS_SUSTAINABILITY.png 742w, https:\/\/pb.edu.pl\/cdias\/wp-content\/uploads\/sites\/55\/2025\/11\/2024QS_SUSTAINABILITY-234x300.png 234w\" sizes=\"auto, (max-width: 742px) 100vw, 742px\" \/><\/a><\/td>\n<td style=\"width: 45.5819%;height: 22px\"><a href=\"https:\/\/pb.edu.pl\/cdias\/wp-content\/uploads\/sites\/55\/2025\/11\/2024QS_GOVERNANCE-1.png\"><img loading=\"lazy\" decoding=\"async\" class=\"size-full wp-image-2853 alignright\" src=\"https:\/\/pb.edu.pl\/cdias\/wp-content\/uploads\/sites\/55\/2025\/11\/2024QS_GOVERNANCE-1.png\" alt=\"\" width=\"747\" height=\"963\" srcset=\"https:\/\/pb.edu.pl\/cdias\/wp-content\/uploads\/sites\/55\/2025\/11\/2024QS_GOVERNANCE-1.png 747w, https:\/\/pb.edu.pl\/cdias\/wp-content\/uploads\/sites\/55\/2025\/11\/2024QS_GOVERNANCE-1-233x300.png 233w\" sizes=\"auto, (max-width: 747px) 100vw, 747px\" \/><\/a><\/td>\n<\/tr>\n<\/tbody>\n<\/table>\n<p>&nbsp;<\/p>\n<p style=\"text-align: justify\">&nbsp;<\/p>\n<div>\n<p>&nbsp;<\/p>\n<hr>\n<hr>\n<p style=\"text-align: justify\">Dzi\u0119kujemy wszystkim tym, kt\u00f3rzy buduj\u0105 nasz\u0105 mark\u0119 na arenie mi\u0119dzynarodowej, przyczyniaj\u0105c si\u0119 do naszej obecno\u015bci w rankingach zr\u00f3wnowa\u017conego rozwoju!<\/p>\n<p style=\"text-align: justify\">Polecamy zapoznanie si\u0119 z przygotowanymi przez Politechnik\u0119 Bia\u0142ostock\u0105 raportami:<\/p>\n<p style=\"text-align: justify\">Wersja PL :&nbsp;<a title=\"\" href=\"https:\/\/pb.edu.pl\/moja-zielona-politechnika\/raporty-zrownowazonego-rozwoju\/\">Politechnika Bia\u0142ostocka na drodze do zr\u00f3wnowa\u017conego rozwoju<\/a><\/p>\n<p>Wersja EN : <a title=\"\" href=\"https:\/\/pb.edu.pl\/moja-zielona-politechnika\/en\/sustainable-development-reports\/\">Bialystok University of Technology on the path to sustainable development<\/a><\/p>\n<hr>\n<\/div>\n","protected":false},"excerpt":{"rendered":"<p>QS World University Rankings: Sustainability to mi\u0119dzynarodowy ranking uczelni, kt\u00f3ry ocenia ich wp\u0142yw na \u015brodowisko<\/p>\n","protected":false},"author":157,"featured_media":0,"parent":1139,"menu_order":0,"comment_status":"closed","ping_status":"closed","template":"","meta":{"_acf_changed":false,"ngg_post_thumbnail":0,"footnotes":""},"class_list":["post-1999","page","type-page","status-publish","hentry"],"acf":[],"yoast_head":"<!-- This site is optimized with the Yoast SEO plugin v27.0 - https:\/\/yoast.com\/product\/yoast-seo-wordpress\/ -->\n<title>QS World Univesity: Sustainability - Centrum Danych i Analiz Strategicznych<\/title>\n<meta name=\"description\" content=\"QS World University Rankings: Sustainability to mi\u0119dzynarodowy ranking uczelni, kt\u00f3ry ocenia ich wp\u0142yw na \u015brodowisko i spo\u0142ecze\u0144stwo, a tak\u017ce dobre\" \/>\n<meta name=\"robots\" content=\"index, follow, max-snippet:-1, max-image-preview:large, max-video-preview:-1\" \/>\n<link rel=\"canonical\" href=\"https:\/\/pb.edu.pl\/cdias\/rankingi-miedzynarodowe\/rankingi-zrownowazonego-rozwoju\/qs-world-univesity-sustainability\/\" \/>\n<meta property=\"og:locale\" content=\"pl_PL\" \/>\n<meta property=\"og:type\" content=\"article\" \/>\n<meta property=\"og:title\" content=\"QS World Univesity: Sustainability - Centrum Danych i Analiz Strategicznych\" \/>\n<meta property=\"og:description\" content=\"QS World University Rankings: Sustainability to mi\u0119dzynarodowy ranking uczelni, kt\u00f3ry ocenia ich wp\u0142yw na \u015brodowisko i spo\u0142ecze\u0144stwo, a tak\u017ce dobre\" \/>\n<meta property=\"og:url\" content=\"https:\/\/pb.edu.pl\/cdias\/rankingi-miedzynarodowe\/rankingi-zrownowazonego-rozwoju\/qs-world-univesity-sustainability\/\" \/>\n<meta property=\"og:site_name\" content=\"Centrum Danych i Analiz Strategicznych\" \/>\n<meta property=\"article:modified_time\" content=\"2025-11-21T13:58:26+00:00\" \/>\n<meta property=\"og:image\" content=\"https:\/\/pb.edu.pl\/cdias\/wp-content\/uploads\/sites\/55\/2024\/12\/QS_1.png\" \/>\n<meta name=\"twitter:card\" content=\"summary_large_image\" \/>\n<meta name=\"twitter:label1\" content=\"Szacowany czas czytania\" \/>\n\t<meta name=\"twitter:data1\" content=\"7 minut\" \/>\n<script type=\"application\/ld+json\" class=\"yoast-schema-graph\">{\"@context\":\"https:\/\/schema.org\",\"@graph\":[{\"@type\":\"WebPage\",\"@id\":\"https:\/\/pb.edu.pl\/cdias\/rankingi-miedzynarodowe\/rankingi-zrownowazonego-rozwoju\/qs-world-univesity-sustainability\/\",\"url\":\"https:\/\/pb.edu.pl\/cdias\/rankingi-miedzynarodowe\/rankingi-zrownowazonego-rozwoju\/qs-world-univesity-sustainability\/\",\"name\":\"QS World Univesity: Sustainability - Centrum Danych i Analiz Strategicznych\",\"isPartOf\":{\"@id\":\"https:\/\/pb.edu.pl\/cdias\/#website\"},\"primaryImageOfPage\":{\"@id\":\"https:\/\/pb.edu.pl\/cdias\/rankingi-miedzynarodowe\/rankingi-zrownowazonego-rozwoju\/qs-world-univesity-sustainability\/#primaryimage\"},\"image\":{\"@id\":\"https:\/\/pb.edu.pl\/cdias\/rankingi-miedzynarodowe\/rankingi-zrownowazonego-rozwoju\/qs-world-univesity-sustainability\/#primaryimage\"},\"thumbnailUrl\":\"https:\/\/pb.edu.pl\/cdias\/wp-content\/uploads\/sites\/55\/2024\/12\/QS_1.png\",\"datePublished\":\"2024-12-12T11:53:50+00:00\",\"dateModified\":\"2025-11-21T13:58:26+00:00\",\"description\":\"QS World University Rankings: Sustainability to mi\u0119dzynarodowy ranking uczelni, kt\u00f3ry ocenia ich wp\u0142yw na \u015brodowisko i spo\u0142ecze\u0144stwo, a tak\u017ce dobre\",\"breadcrumb\":{\"@id\":\"https:\/\/pb.edu.pl\/cdias\/rankingi-miedzynarodowe\/rankingi-zrownowazonego-rozwoju\/qs-world-univesity-sustainability\/#breadcrumb\"},\"inLanguage\":\"pl-PL\",\"potentialAction\":[{\"@type\":\"ReadAction\",\"target\":[\"https:\/\/pb.edu.pl\/cdias\/rankingi-miedzynarodowe\/rankingi-zrownowazonego-rozwoju\/qs-world-univesity-sustainability\/\"]}]},{\"@type\":\"ImageObject\",\"inLanguage\":\"pl-PL\",\"@id\":\"https:\/\/pb.edu.pl\/cdias\/rankingi-miedzynarodowe\/rankingi-zrownowazonego-rozwoju\/qs-world-univesity-sustainability\/#primaryimage\",\"url\":\"https:\/\/pb.edu.pl\/cdias\/wp-content\/uploads\/sites\/55\/2024\/12\/QS_1.png\",\"contentUrl\":\"https:\/\/pb.edu.pl\/cdias\/wp-content\/uploads\/sites\/55\/2024\/12\/QS_1.png\",\"width\":849,\"height\":670},{\"@type\":\"BreadcrumbList\",\"@id\":\"https:\/\/pb.edu.pl\/cdias\/rankingi-miedzynarodowe\/rankingi-zrownowazonego-rozwoju\/qs-world-univesity-sustainability\/#breadcrumb\",\"itemListElement\":[{\"@type\":\"ListItem\",\"position\":1,\"name\":\"Strona g\u0142\u00f3wna\",\"item\":\"https:\/\/pb.edu.pl\/cdias\/\"},{\"@type\":\"ListItem\",\"position\":2,\"name\":\"Rankingi mi\u0119dzynarodowe\",\"item\":\"https:\/\/pb.edu.pl\/cdias\/rankingi-miedzynarodowe\/\"},{\"@type\":\"ListItem\",\"position\":3,\"name\":\"Rankingi zr\u00f3wnowa\u017conego rozwoju\",\"item\":\"https:\/\/pb.edu.pl\/cdias\/rankingi-miedzynarodowe\/rankingi-zrownowazonego-rozwoju\/\"},{\"@type\":\"ListItem\",\"position\":4,\"name\":\"QS World Univesity: Sustainability\"}]},{\"@type\":\"WebSite\",\"@id\":\"https:\/\/pb.edu.pl\/cdias\/#website\",\"url\":\"https:\/\/pb.edu.pl\/cdias\/\",\"name\":\"Centrum Danych i Analiz Strategicznych\",\"description\":\"\",\"potentialAction\":[{\"@type\":\"SearchAction\",\"target\":{\"@type\":\"EntryPoint\",\"urlTemplate\":\"https:\/\/pb.edu.pl\/cdias\/?s={search_term_string}\"},\"query-input\":{\"@type\":\"PropertyValueSpecification\",\"valueRequired\":true,\"valueName\":\"search_term_string\"}}],\"inLanguage\":\"pl-PL\"}]}<\/script>\n<!-- \/ Yoast SEO plugin. -->","yoast_head_json":{"title":"QS World Univesity: Sustainability - Centrum Danych i Analiz Strategicznych","description":"QS World University Rankings: Sustainability to mi\u0119dzynarodowy ranking uczelni, kt\u00f3ry ocenia ich wp\u0142yw na \u015brodowisko i spo\u0142ecze\u0144stwo, a tak\u017ce dobre","robots":{"index":"index","follow":"follow","max-snippet":"max-snippet:-1","max-image-preview":"max-image-preview:large","max-video-preview":"max-video-preview:-1"},"canonical":"https:\/\/pb.edu.pl\/cdias\/rankingi-miedzynarodowe\/rankingi-zrownowazonego-rozwoju\/qs-world-univesity-sustainability\/","og_locale":"pl_PL","og_type":"article","og_title":"QS World Univesity: Sustainability - Centrum Danych i Analiz Strategicznych","og_description":"QS World University Rankings: Sustainability to mi\u0119dzynarodowy ranking uczelni, kt\u00f3ry ocenia ich wp\u0142yw na \u015brodowisko i spo\u0142ecze\u0144stwo, a tak\u017ce dobre","og_url":"https:\/\/pb.edu.pl\/cdias\/rankingi-miedzynarodowe\/rankingi-zrownowazonego-rozwoju\/qs-world-univesity-sustainability\/","og_site_name":"Centrum Danych i Analiz Strategicznych","article_modified_time":"2025-11-21T13:58:26+00:00","og_image":[{"url":"https:\/\/pb.edu.pl\/cdias\/wp-content\/uploads\/sites\/55\/2024\/12\/QS_1.png","type":"","width":"","height":""}],"twitter_card":"summary_large_image","twitter_misc":{"Szacowany czas czytania":"7 minut"},"schema":{"@context":"https:\/\/schema.org","@graph":[{"@type":"WebPage","@id":"https:\/\/pb.edu.pl\/cdias\/rankingi-miedzynarodowe\/rankingi-zrownowazonego-rozwoju\/qs-world-univesity-sustainability\/","url":"https:\/\/pb.edu.pl\/cdias\/rankingi-miedzynarodowe\/rankingi-zrownowazonego-rozwoju\/qs-world-univesity-sustainability\/","name":"QS World Univesity: Sustainability - Centrum Danych i Analiz Strategicznych","isPartOf":{"@id":"https:\/\/pb.edu.pl\/cdias\/#website"},"primaryImageOfPage":{"@id":"https:\/\/pb.edu.pl\/cdias\/rankingi-miedzynarodowe\/rankingi-zrownowazonego-rozwoju\/qs-world-univesity-sustainability\/#primaryimage"},"image":{"@id":"https:\/\/pb.edu.pl\/cdias\/rankingi-miedzynarodowe\/rankingi-zrownowazonego-rozwoju\/qs-world-univesity-sustainability\/#primaryimage"},"thumbnailUrl":"https:\/\/pb.edu.pl\/cdias\/wp-content\/uploads\/sites\/55\/2024\/12\/QS_1.png","datePublished":"2024-12-12T11:53:50+00:00","dateModified":"2025-11-21T13:58:26+00:00","description":"QS World University Rankings: Sustainability to mi\u0119dzynarodowy ranking uczelni, kt\u00f3ry ocenia ich wp\u0142yw na \u015brodowisko i spo\u0142ecze\u0144stwo, a tak\u017ce dobre","breadcrumb":{"@id":"https:\/\/pb.edu.pl\/cdias\/rankingi-miedzynarodowe\/rankingi-zrownowazonego-rozwoju\/qs-world-univesity-sustainability\/#breadcrumb"},"inLanguage":"pl-PL","potentialAction":[{"@type":"ReadAction","target":["https:\/\/pb.edu.pl\/cdias\/rankingi-miedzynarodowe\/rankingi-zrownowazonego-rozwoju\/qs-world-univesity-sustainability\/"]}]},{"@type":"ImageObject","inLanguage":"pl-PL","@id":"https:\/\/pb.edu.pl\/cdias\/rankingi-miedzynarodowe\/rankingi-zrownowazonego-rozwoju\/qs-world-univesity-sustainability\/#primaryimage","url":"https:\/\/pb.edu.pl\/cdias\/wp-content\/uploads\/sites\/55\/2024\/12\/QS_1.png","contentUrl":"https:\/\/pb.edu.pl\/cdias\/wp-content\/uploads\/sites\/55\/2024\/12\/QS_1.png","width":849,"height":670},{"@type":"BreadcrumbList","@id":"https:\/\/pb.edu.pl\/cdias\/rankingi-miedzynarodowe\/rankingi-zrownowazonego-rozwoju\/qs-world-univesity-sustainability\/#breadcrumb","itemListElement":[{"@type":"ListItem","position":1,"name":"Strona g\u0142\u00f3wna","item":"https:\/\/pb.edu.pl\/cdias\/"},{"@type":"ListItem","position":2,"name":"Rankingi mi\u0119dzynarodowe","item":"https:\/\/pb.edu.pl\/cdias\/rankingi-miedzynarodowe\/"},{"@type":"ListItem","position":3,"name":"Rankingi zr\u00f3wnowa\u017conego rozwoju","item":"https:\/\/pb.edu.pl\/cdias\/rankingi-miedzynarodowe\/rankingi-zrownowazonego-rozwoju\/"},{"@type":"ListItem","position":4,"name":"QS World Univesity: Sustainability"}]},{"@type":"WebSite","@id":"https:\/\/pb.edu.pl\/cdias\/#website","url":"https:\/\/pb.edu.pl\/cdias\/","name":"Centrum Danych i Analiz Strategicznych","description":"","potentialAction":[{"@type":"SearchAction","target":{"@type":"EntryPoint","urlTemplate":"https:\/\/pb.edu.pl\/cdias\/?s={search_term_string}"},"query-input":{"@type":"PropertyValueSpecification","valueRequired":true,"valueName":"search_term_string"}}],"inLanguage":"pl-PL"}]}},"_links":{"self":[{"href":"https:\/\/pb.edu.pl\/cdias\/wp-json\/wp\/v2\/pages\/1999","targetHints":{"allow":["GET"]}}],"collection":[{"href":"https:\/\/pb.edu.pl\/cdias\/wp-json\/wp\/v2\/pages"}],"about":[{"href":"https:\/\/pb.edu.pl\/cdias\/wp-json\/wp\/v2\/types\/page"}],"author":[{"embeddable":true,"href":"https:\/\/pb.edu.pl\/cdias\/wp-json\/wp\/v2\/users\/157"}],"replies":[{"embeddable":true,"href":"https:\/\/pb.edu.pl\/cdias\/wp-json\/wp\/v2\/comments?post=1999"}],"version-history":[{"count":0,"href":"https:\/\/pb.edu.pl\/cdias\/wp-json\/wp\/v2\/pages\/1999\/revisions"}],"up":[{"embeddable":true,"href":"https:\/\/pb.edu.pl\/cdias\/wp-json\/wp\/v2\/pages\/1139"}],"wp:attachment":[{"href":"https:\/\/pb.edu.pl\/cdias\/wp-json\/wp\/v2\/media?parent=1999"}],"curies":[{"name":"wp","href":"https:\/\/api.w.org\/{rel}","templated":true}]}}