{"id":1996,"date":"2024-12-12T12:51:13","date_gmt":"2024-12-12T11:51:13","guid":{"rendered":"https:\/\/pb.edu.pl\/cdias\/?page_id=1996"},"modified":"2025-12-31T09:34:13","modified_gmt":"2025-12-31T08:34:13","slug":"ul-greenmetric","status":"publish","type":"page","link":"https:\/\/pb.edu.pl\/cdias\/rankingi-miedzynarodowe\/rankingi-zrownowazonego-rozwoju\/ul-greenmetric\/","title":{"rendered":"Ul GreenMetric"},"content":{"rendered":"<p><img loading=\"lazy\" decoding=\"async\" class=\"size-full wp-image-2005 alignleft\" src=\"https:\/\/pb.edu.pl\/cdias\/wp-content\/uploads\/sites\/55\/2024\/12\/ULGreen.png\" alt=\"\" width=\"300\" height=\"221\"><\/p>\n<p>&nbsp;<\/p>\n<div>\n<p style=\"text-align: justify\">UI GreenMetric Ranking to mi\u0119dzynarodowy ranking uczelni, kt\u00f3ry mierzy i ocenia ich zaanga\u017cowanie w dzia\u0142ania na rzecz zr\u00f3wnowa\u017conego rozwoju oraz ochrony \u015brodowiska. Powsta\u0142 w 2010 roku z inicjatywy Uniwersytetu Indonezyjskiego, aby promowa\u0107 \u015bwiadomo\u015b\u0107 ekologiczn\u0105 w \u015brodowiskach akademickich na ca\u0142ym \u015bwiecie. Ranking ma na celu wyr\u00f3\u017cnienie uniwersytet\u00f3w, kt\u00f3re podejmuj\u0105 konkretne dzia\u0142ania wspieraj\u0105ce idee zr\u00f3wnowa\u017conego rozwoju, jednocze\u015bnie inspiruj\u0105c inne instytucje do wdra\u017cania proekologicznych rozwi\u0105za\u0144.<\/p>\n<p style=\"text-align: justify\">Ranking opiera si\u0119 na sze\u015bciu g\u0142\u00f3wnych kryteriach: infrastruktura uniwersytetu, zarz\u0105dzanie energi\u0105 i zmiany klimatyczne, gospodarowanie odpadami, gospodarka wodna, transport oraz edukacja ekologiczna. Dzi\u0119ki kompleksowej analizie tych obszar\u00f3w, UI GreenMetric umo\u017cliwia ocen\u0119 stopnia, w jakim uczelnie przyczyniaj\u0105 si\u0119 do minimalizowania swojego wp\u0142ywu na \u015brodowisko naturalne oraz promuj\u0105 ekologiczne postawy w\u015br\u00f3d spo\u0142eczno\u015bci akademickiej i lokalnej.<\/p>\n<p style=\"text-align: justify\">UI GreenMetric Ranking zyskuje coraz wi\u0119ksze znaczenie na arenie mi\u0119dzynarodowej, staj\u0105c si\u0119 jednym z najwa\u017cniejszych narz\u0119dzi por\u00f3wnawczych w zakresie zr\u00f3wnowa\u017conego rozwoju w sektorze edukacji wy\u017cszej. Dla uczelni uczestnictwo w rankingu to nie tylko mo\u017cliwo\u015b\u0107 pokazania swoich osi\u0105gni\u0119\u0107 w dziedzinie ekologii, ale tak\u017ce szansa na wymian\u0119 dobrych praktyk i nawi\u0105zanie wsp\u00f3\u0142pracy z innymi instytucjami z ca\u0142ego \u015bwiata.<\/p>\n<p style=\"text-align: justify\">Uczelnie oceniane s\u0105 na podstawie kilkudziesi\u0119ciu wska\u017anik\u00f3w skupionych w 6 g\u0142\u00f3wnych kryteriach:<\/p>\n<ul style=\"text-align: justify\">\n<li>otoczenie i infrastruktura (Setting and Infrastructure), gdzie ocenia si\u0119 ochron\u0119 \u015brodowiska, stopie\u0144 zagospodarowania terenu uczelni na tereny zielone, a tak\u017ce bud\u017cet na zr\u00f3wnowa\u017cony rozw\u00f3j kampusu;<\/li>\n<li>energia i zmiany klimatu (Energy and Climate Change), kryterium mierz\u0105ce wysi\u0142ek uczelni w zakresie korzystania z urz\u0105dze\u0144 energooszcz\u0119dnych i rozw\u00f3j energii odnawialnej;<\/li>\n<li>odpady (Waste), gdzie oceniane s\u0105 programy i sposoby post\u0119powania z odpadami (np. program recyklingu, odpady toksyczne, odpady organiczne i nieorganiczne itp.);<\/li>\n<li>woda (Water), gdzie g\u0142\u00f3wny nacisk k\u0142adzie si\u0119 na zmniejszenie zu\u017cycia w\u00f3d gruntowych oraz programy ochrony zasob\u00f3w wodnych;<\/li>\n<li>transport (Transportation), oceniaj\u0105cy polityk\u0119 transportow\u0105 (np. ograniczenie liczby pojazd\u00f3w prywatnych);<\/li>\n<li>edukacja i badania (Education &amp; Research), gdzie oceniane s\u0105 kursy, badania, publikacje, strony internetowe, raporty zwi\u0105zane z ekologi\u0105 i zr\u00f3wnowa\u017conym rozwojem.<\/li>\n<\/ul>\n<p style=\"text-align: justify\"><img loading=\"lazy\" decoding=\"async\" class=\"aligncenter wp-image-2047 \" src=\"https:\/\/pb.edu.pl\/cdias\/wp-content\/uploads\/sites\/55\/2024\/12\/ULGreen_metodologia-2.png\" alt=\"\" width=\"532\" height=\"496\" srcset=\"https:\/\/pb.edu.pl\/cdias\/wp-content\/uploads\/sites\/55\/2024\/12\/ULGreen_metodologia-2.png 726w, https:\/\/pb.edu.pl\/cdias\/wp-content\/uploads\/sites\/55\/2024\/12\/ULGreen_metodologia-2-300x280.png 300w\" sizes=\"auto, (max-width: 532px) 100vw, 532px\" \/><\/p>\n<p style=\"text-align: center\">Kryteria rankingu Ul GreenMetric i przypisane im wagi<\/p>\n<hr>\n<hr>\n<p style=\"text-align: justify\">&nbsp;<\/p>\n<h2 style=\"text-align: center\">Politechnika Bia\u0142ostocka w rankingu Ul GreenMetric<\/h2>\n<\/div>\n<p>&nbsp;<\/p>\n<p><span style=\"text-align: justify;font-size: 1.5rem\">W <strong>2025<\/strong> roku Politechnika Bia\u0142ostocka po raz trzeci zosta\u0142a sklasyfikowana w rankingu UI GreenMetric, zajmuj\u0105c 4 miejsce w\u015br\u00f3d uczelni z Polski (awans o 2 miejsca) oraz zajmuj\u0105c 339 miejsce na \u015bwiecie (awans o 94 miejsca). W edycji 2025 w rankingu sklasyfikowano jedynie 13 polskich uczelni (o 2 mniej ni\u017c w roku ubieg\u0142ym) oraz rekordow\u0105 liczb\u0119 1745 szk\u00f3\u0142 wy\u017cszych na \u015bwiecie (o 268 wi\u0119cej ni\u017c w poprzedniej edycji). PB poprawi\u0142a r\u00f3wnie\u017c sw\u00f3j og\u00f3lny wynik, zdobywaj\u0105c a\u017c 585 punkt\u00f3w wi\u0119cej ni\u017c w poprzedniej edycji.&nbsp;<\/span><\/p>\n<p>Zwyci\u0119zc\u0105 rankingu ponownie zosta\u0142 Wageningen University &amp; Research (Kr\u00f3lestwo Niderland\u00f3w). Kolejne miejsca na podium przypad\u0142y: University College Cork oraz Nottingham Trent University (obie uczelnie znajduj\u0105 si\u0119 w Zjednoczonym Kr\u00f3lestwie Wielkiej Brytanii i Irlandii P\u00f3\u0142nocnej).<\/p>\n<p>&nbsp;<\/p>\n<table style=\"border-collapse: collapse;width: 100%\">\n<tbody>\n<tr>\n<td style=\"width: 50%\"><a href=\"https:\/\/pb.edu.pl\/cdias\/wp-content\/uploads\/sites\/55\/2025\/12\/Ul_GreenMetric_2025.png\"><img loading=\"lazy\" decoding=\"async\" class=\"size-full wp-image-2896 alignleft\" src=\"https:\/\/pb.edu.pl\/cdias\/wp-content\/uploads\/sites\/55\/2025\/12\/Ul_GreenMetric_2025.png\" alt=\"\" width=\"662\" height=\"656\" srcset=\"https:\/\/pb.edu.pl\/cdias\/wp-content\/uploads\/sites\/55\/2025\/12\/Ul_GreenMetric_2025.png 662w, https:\/\/pb.edu.pl\/cdias\/wp-content\/uploads\/sites\/55\/2025\/12\/Ul_GreenMetric_2025-300x297.png 300w, https:\/\/pb.edu.pl\/cdias\/wp-content\/uploads\/sites\/55\/2025\/12\/Ul_GreenMetric_2025-150x150.png 150w\" sizes=\"auto, (max-width: 662px) 100vw, 662px\" \/><\/a><\/td>\n<td style=\"width: 50%\"><a href=\"https:\/\/pb.edu.pl\/cdias\/wp-content\/uploads\/sites\/55\/2025\/12\/strzalka_2025.png\"><img loading=\"lazy\" decoding=\"async\" class=\"size-full wp-image-2897 alignright\" src=\"https:\/\/pb.edu.pl\/cdias\/wp-content\/uploads\/sites\/55\/2025\/12\/strzalka_2025.png\" alt=\"\" width=\"1274\" height=\"366\" srcset=\"https:\/\/pb.edu.pl\/cdias\/wp-content\/uploads\/sites\/55\/2025\/12\/strzalka_2025.png 1274w, https:\/\/pb.edu.pl\/cdias\/wp-content\/uploads\/sites\/55\/2025\/12\/strzalka_2025-300x86.png 300w, https:\/\/pb.edu.pl\/cdias\/wp-content\/uploads\/sites\/55\/2025\/12\/strzalka_2025-1024x294.png 1024w, https:\/\/pb.edu.pl\/cdias\/wp-content\/uploads\/sites\/55\/2025\/12\/strzalka_2025-768x221.png 768w\" sizes=\"auto, (max-width: 1274px) 100vw, 1274px\" \/><\/a><\/td>\n<\/tr>\n<\/tbody>\n<\/table>\n<p>Szczeg\u00f3\u0142owe wyniki rankingu dost\u0119pne&nbsp;<a href=\"https:\/\/greenmetric.ui.ac.id\/rankings\/overall-rankings-2025\">TUTAJ<\/a><\/p>\n<hr>\n<hr>\n<p style=\"text-align: justify\"><span style=\"text-align: justify;font-size: 1.5rem\">W <strong>2024<\/strong> roku Politechnika Bia\u0142ostocka ponownie zosta\u0142a sklasyfikowana w rankingu UI GreenMetric, osi\u0105gaj\u0105c znakomity 6. wynik w Polsce i 433. na \u015bwiecie. W rankingu sklasyfikowano jedynie 15 polskich uczelni oraz&nbsp; \u0142\u0105cznie 1477 szk\u00f3\u0142 wy\u017cszych na \u015bwiecie (o 294 wi\u0119cej ni\u017c <\/span><span style=\"text-align: justify;font-size: 1.5rem\">w poprzedniej edycji). Politechnika Bia\u0142ostocka jako jedyna w tym zestawieniu reprezentuje region Podlasia. PB poprawi\u0142a sw\u00f3j og\u00f3lny wynik w rankingu UI GreenMetric, uzyskuj\u0105c o 80 punkt\u00f3w wi\u0119cej ni\u017c w roku ubieg\u0142ym. Jest to rezultat konsekwentnej realizacji strategii \u201eMoja Zielona Politechnika\u201d uchwalonej w 2022 roku, a tak\u017ce zaanga\u017cowania w dzia\u0142ania na rzecz Cel\u00f3w Zr\u00f3wnowa\u017conego Rozwoju ONZ i Komisji Europejskiej.<\/span><\/p>\n<div>\n<table style=\"border-collapse: collapse;width: 100%;height: 32px\">\n<tbody>\n<tr style=\"height: 10px\">\n<td style=\"width: 51.5723%;height: 32px\" rowspan=\"2\"><img loading=\"lazy\" decoding=\"async\" class=\"alignnone wp-image-2088 size-full\" src=\"https:\/\/pb.edu.pl\/cdias\/wp-content\/uploads\/sites\/55\/2024\/12\/ranking-2024_1.png\" alt=\"\" width=\"558\" height=\"696\" srcset=\"https:\/\/pb.edu.pl\/cdias\/wp-content\/uploads\/sites\/55\/2024\/12\/ranking-2024_1.png 558w, https:\/\/pb.edu.pl\/cdias\/wp-content\/uploads\/sites\/55\/2024\/12\/ranking-2024_1-241x300.png 241w\" sizes=\"auto, (max-width: 558px) 100vw, 558px\" \/><\/td>\n<td style=\"width: 48.4277%;height: 10px\" rowspan=\"2\">\n<p style=\"text-align: justify\">&nbsp;<\/p>\n<p><img loading=\"lazy\" decoding=\"async\" class=\"wp-image-2068 aligncenter\" src=\"https:\/\/pb.edu.pl\/cdias\/wp-content\/uploads\/sites\/55\/2024\/12\/miejsca_kategorie1-1024x535.png\" alt=\"\" width=\"720\" height=\"376\" srcset=\"https:\/\/pb.edu.pl\/cdias\/wp-content\/uploads\/sites\/55\/2024\/12\/miejsca_kategorie1-1024x535.png 1024w, https:\/\/pb.edu.pl\/cdias\/wp-content\/uploads\/sites\/55\/2024\/12\/miejsca_kategorie1-300x157.png 300w, https:\/\/pb.edu.pl\/cdias\/wp-content\/uploads\/sites\/55\/2024\/12\/miejsca_kategorie1-768x401.png 768w, https:\/\/pb.edu.pl\/cdias\/wp-content\/uploads\/sites\/55\/2024\/12\/miejsca_kategorie1.png 1206w\" sizes=\"auto, (max-width: 720px) 100vw, 720px\" \/><\/td>\n<\/tr>\n<\/tbody>\n<\/table>\n<p>&nbsp;<\/p>\n<\/div>\n<p style=\"text-align: justify\">\u015awiatowymi liderami Ul GreenMetric 2024 okaza\u0142y si\u0119 Wageningen University &amp; Research (Kr\u00f3lestwo Niderland\u00f3w), Nottingham Trent University (Zjednoczone Kr\u00f3lestwo Wielkiej Brytanii i Irlandii P\u00f3\u0142nocnej) oraz University of Groningen (Kr\u00f3lestwo Niderland\u00f3w). Szczeg\u00f3\u0142owe wyniki rankingu dost\u0119pne <a href=\"https:\/\/greenmetric.ui.ac.id\/rankings\/overall-rankings-2024\">TUTAJ<\/a><\/p>\n<div>\n<hr>\n<hr>\n<p style=\"text-align: justify\"><img loading=\"lazy\" decoding=\"async\" class=\"wp-image-1359 alignleft\" src=\"https:\/\/pb.edu.pl\/cdias\/wp-content\/uploads\/sites\/55\/2024\/05\/Fig_2-korekta.jpg\" alt=\"\" width=\"700\" height=\"583\" srcset=\"https:\/\/pb.edu.pl\/cdias\/wp-content\/uploads\/sites\/55\/2024\/05\/Fig_2-korekta.jpg 1019w, https:\/\/pb.edu.pl\/cdias\/wp-content\/uploads\/sites\/55\/2024\/05\/Fig_2-korekta-300x250.jpg 300w, https:\/\/pb.edu.pl\/cdias\/wp-content\/uploads\/sites\/55\/2024\/05\/Fig_2-korekta-768x639.jpg 768w\" sizes=\"auto, (max-width: 700px) 100vw, 700px\" \/><\/p>\n<p style=\"text-align: justify\">&nbsp;<\/p>\n<p style=\"text-align: justify\">Politechnika Bia\u0142ostocka w <strong>2023<\/strong> roku po raz pierwszy w swojej historii aplikowa\u0142a do rankingu UI GreenMetric i zosta\u0142a sklasyfikowana na znakomitym 4. miejscu w\u015br\u00f3d uczelni w Polsce oraz na 382. miejscu spo\u015br\u00f3d 1183 uczelni z 84 kraj\u00f3w, w tym 15 uczelni z Polski. Jednocze\u015bnie by\u0142a jedyn\u0105 podlask\u0105 uczelni\u0105 sklasyfikowan\u0105 w tym rankingu.<\/p>\n<p style=\"text-align: justify\">Podkre\u015bli\u0107 nale\u017cy, \u017ce Politechnika Bia\u0142ostocka uzyska\u0142a doskona\u0142e wyniki w poszczeg\u00f3lnych kryteriach:<\/p>\n<p style=\"text-align: justify\">W Polsce:<\/p>\n<ul style=\"text-align: justify\">\n<li>odpady \u2013 1 miejsce ex aequo z Politechnik\u0105 Gda\u0144sk\u0105 i Uniwersytetem im. A. Mickiewicza w Poznaniu;<\/li>\n<li>woda \u2013 2 miejsce;<\/li>\n<li>edukacja i badania \u2013 2 miejsce;<\/li>\n<li>energia i zmiany klimatu \u2013 3 miejsce.<\/li>\n<\/ul>\n<p style=\"text-align: justify\">Na \u015bwiecie:<\/p>\n<ul style=\"text-align: justify\">\n<li>odpady \u2013 4 wynik;<\/li>\n<li>edukacja i badania \u2013 10 wynik;<\/li>\n<li>woda \u2013 11 wynik.<\/li>\n<\/ul>\n<p style=\"text-align: justify\">\u015awiatowymi liderami w rankingu z 2023 roku okaza\u0142y si\u0119 Wageningen University &amp; Research (Kr\u00f3lestwo Niderland\u00f3w), Nottingham Trent University (Zjednoczone Kr\u00f3lestwo Wielkiej Brytanii i Irlandii P\u00f3\u0142nocnej) oraz Umwelt-Campus Birkenfeld (Trier University of Applied Sciences, Niemcy) i University of Groningen (Kr\u00f3lestwo Niderland\u00f3w).<\/p>\n<p style=\"text-align: justify\">Szczg\u00f3\u0142owe wyniki rankingu UI GreenMetric 2023 dost\u0119pne s\u0105 <a href=\"https:\/\/greenmetric.ui.ac.id\/rankings\/overall-rankings-2023\">tutaj<\/a><\/p>\n<\/div>\n<p>&nbsp;<\/p>\n<p style=\"text-align: justify\">&nbsp;<\/p>\n<p>&nbsp;<\/p>\n<div>\n<hr>\n<hr>\n<\/div>\n<div>\n<p style=\"text-align: justify\">Dzi\u0119kujemy wszystkim tym, kt\u00f3rzy buduj\u0105 nasz\u0105 mark\u0119 na arenie mi\u0119dzynarodowej, przyczyniaj\u0105c si\u0119 do naszej obecno\u015bci w rankingach zr\u00f3wnowa\u017conego rozwoju!<\/p>\n<p style=\"text-align: justify\">Polecamy zapoznanie si\u0119 z przygotowanymi przez Politechnik\u0119 Bia\u0142ostock\u0105 raportami:<\/p>\n<p style=\"text-align: justify\">Wersja PL :&nbsp;<a title=\"\" href=\"https:\/\/pb.edu.pl\/moja-zielona-politechnika\/raporty-zrownowazonego-rozwoju\/\">Politechnika Bia\u0142ostocka na drodze do zr\u00f3wnowa\u017conego rozwoju<\/a><\/p>\n<p>Wersja EN : <a title=\"\" href=\"https:\/\/pb.edu.pl\/moja-zielona-politechnika\/en\/sustainable-development-reports\/\">Bialystok University of Technology on the path to sustainable development<\/a><\/p>\n<hr>\n<\/div>\n","protected":false},"excerpt":{"rendered":"<p>&nbsp; UI GreenMetric Ranking to mi\u0119dzynarodowy ranking uczelni, kt\u00f3ry mierzy i ocenia ich zaanga\u017cowanie w<\/p>\n","protected":false},"author":157,"featured_media":0,"parent":1139,"menu_order":0,"comment_status":"closed","ping_status":"closed","template":"","meta":{"_acf_changed":false,"ngg_post_thumbnail":0,"footnotes":""},"class_list":["post-1996","page","type-page","status-publish","hentry"],"acf":[],"yoast_head":"<!-- This site is optimized with the Yoast SEO plugin v27.0 - https:\/\/yoast.com\/product\/yoast-seo-wordpress\/ -->\n<title>Ul GreenMetric - Centrum Danych i Analiz Strategicznych<\/title>\n<meta name=\"description\" content=\"&nbsp; UI GreenMetric Ranking to mi\u0119dzynarodowy ranking uczelni, kt\u00f3ry mierzy i ocenia ich zaanga\u017cowanie w dzia\u0142ania na rzecz zr\u00f3wnowa\u017conego rozwoju oraz\" \/>\n<meta name=\"robots\" content=\"index, follow, max-snippet:-1, max-image-preview:large, max-video-preview:-1\" \/>\n<link rel=\"canonical\" href=\"https:\/\/pb.edu.pl\/cdias\/rankingi-miedzynarodowe\/rankingi-zrownowazonego-rozwoju\/ul-greenmetric\/\" \/>\n<meta property=\"og:locale\" content=\"pl_PL\" \/>\n<meta property=\"og:type\" content=\"article\" \/>\n<meta property=\"og:title\" content=\"Ul GreenMetric - Centrum Danych i Analiz Strategicznych\" \/>\n<meta property=\"og:description\" content=\"&nbsp; UI GreenMetric Ranking to mi\u0119dzynarodowy ranking uczelni, kt\u00f3ry mierzy i ocenia ich zaanga\u017cowanie w dzia\u0142ania na rzecz zr\u00f3wnowa\u017conego rozwoju oraz\" \/>\n<meta property=\"og:url\" content=\"https:\/\/pb.edu.pl\/cdias\/rankingi-miedzynarodowe\/rankingi-zrownowazonego-rozwoju\/ul-greenmetric\/\" \/>\n<meta property=\"og:site_name\" content=\"Centrum Danych i Analiz Strategicznych\" \/>\n<meta property=\"article:modified_time\" content=\"2025-12-31T08:34:13+00:00\" \/>\n<meta property=\"og:image\" content=\"https:\/\/pb.edu.pl\/cdias\/wp-content\/uploads\/sites\/55\/2024\/12\/ULGreen.png\" \/>\n<meta name=\"twitter:card\" content=\"summary_large_image\" \/>\n<meta name=\"twitter:label1\" content=\"Szacowany czas czytania\" \/>\n\t<meta name=\"twitter:data1\" content=\"7 minut\" \/>\n<script type=\"application\/ld+json\" class=\"yoast-schema-graph\">{\"@context\":\"https:\/\/schema.org\",\"@graph\":[{\"@type\":\"WebPage\",\"@id\":\"https:\/\/pb.edu.pl\/cdias\/rankingi-miedzynarodowe\/rankingi-zrownowazonego-rozwoju\/ul-greenmetric\/\",\"url\":\"https:\/\/pb.edu.pl\/cdias\/rankingi-miedzynarodowe\/rankingi-zrownowazonego-rozwoju\/ul-greenmetric\/\",\"name\":\"Ul GreenMetric - Centrum Danych i Analiz Strategicznych\",\"isPartOf\":{\"@id\":\"https:\/\/pb.edu.pl\/cdias\/#website\"},\"primaryImageOfPage\":{\"@id\":\"https:\/\/pb.edu.pl\/cdias\/rankingi-miedzynarodowe\/rankingi-zrownowazonego-rozwoju\/ul-greenmetric\/#primaryimage\"},\"image\":{\"@id\":\"https:\/\/pb.edu.pl\/cdias\/rankingi-miedzynarodowe\/rankingi-zrownowazonego-rozwoju\/ul-greenmetric\/#primaryimage\"},\"thumbnailUrl\":\"https:\/\/pb.edu.pl\/cdias\/wp-content\/uploads\/sites\/55\/2024\/12\/ULGreen.png\",\"datePublished\":\"2024-12-12T11:51:13+00:00\",\"dateModified\":\"2025-12-31T08:34:13+00:00\",\"description\":\"&nbsp; UI GreenMetric Ranking to mi\u0119dzynarodowy ranking uczelni, kt\u00f3ry mierzy i ocenia ich zaanga\u017cowanie w dzia\u0142ania na rzecz zr\u00f3wnowa\u017conego rozwoju oraz\",\"breadcrumb\":{\"@id\":\"https:\/\/pb.edu.pl\/cdias\/rankingi-miedzynarodowe\/rankingi-zrownowazonego-rozwoju\/ul-greenmetric\/#breadcrumb\"},\"inLanguage\":\"pl-PL\",\"potentialAction\":[{\"@type\":\"ReadAction\",\"target\":[\"https:\/\/pb.edu.pl\/cdias\/rankingi-miedzynarodowe\/rankingi-zrownowazonego-rozwoju\/ul-greenmetric\/\"]}]},{\"@type\":\"ImageObject\",\"inLanguage\":\"pl-PL\",\"@id\":\"https:\/\/pb.edu.pl\/cdias\/rankingi-miedzynarodowe\/rankingi-zrownowazonego-rozwoju\/ul-greenmetric\/#primaryimage\",\"url\":\"https:\/\/pb.edu.pl\/cdias\/wp-content\/uploads\/sites\/55\/2024\/12\/ULGreen.png\",\"contentUrl\":\"https:\/\/pb.edu.pl\/cdias\/wp-content\/uploads\/sites\/55\/2024\/12\/ULGreen.png\",\"width\":300,\"height\":221},{\"@type\":\"BreadcrumbList\",\"@id\":\"https:\/\/pb.edu.pl\/cdias\/rankingi-miedzynarodowe\/rankingi-zrownowazonego-rozwoju\/ul-greenmetric\/#breadcrumb\",\"itemListElement\":[{\"@type\":\"ListItem\",\"position\":1,\"name\":\"Strona g\u0142\u00f3wna\",\"item\":\"https:\/\/pb.edu.pl\/cdias\/\"},{\"@type\":\"ListItem\",\"position\":2,\"name\":\"Rankingi mi\u0119dzynarodowe\",\"item\":\"https:\/\/pb.edu.pl\/cdias\/rankingi-miedzynarodowe\/\"},{\"@type\":\"ListItem\",\"position\":3,\"name\":\"Rankingi zr\u00f3wnowa\u017conego rozwoju\",\"item\":\"https:\/\/pb.edu.pl\/cdias\/rankingi-miedzynarodowe\/rankingi-zrownowazonego-rozwoju\/\"},{\"@type\":\"ListItem\",\"position\":4,\"name\":\"Ul GreenMetric\"}]},{\"@type\":\"WebSite\",\"@id\":\"https:\/\/pb.edu.pl\/cdias\/#website\",\"url\":\"https:\/\/pb.edu.pl\/cdias\/\",\"name\":\"Centrum Danych i Analiz Strategicznych\",\"description\":\"\",\"potentialAction\":[{\"@type\":\"SearchAction\",\"target\":{\"@type\":\"EntryPoint\",\"urlTemplate\":\"https:\/\/pb.edu.pl\/cdias\/?s={search_term_string}\"},\"query-input\":{\"@type\":\"PropertyValueSpecification\",\"valueRequired\":true,\"valueName\":\"search_term_string\"}}],\"inLanguage\":\"pl-PL\"}]}<\/script>\n<!-- \/ Yoast SEO plugin. -->","yoast_head_json":{"title":"Ul GreenMetric - Centrum Danych i Analiz Strategicznych","description":"&nbsp; UI GreenMetric Ranking to mi\u0119dzynarodowy ranking uczelni, kt\u00f3ry mierzy i ocenia ich zaanga\u017cowanie w dzia\u0142ania na rzecz zr\u00f3wnowa\u017conego rozwoju oraz","robots":{"index":"index","follow":"follow","max-snippet":"max-snippet:-1","max-image-preview":"max-image-preview:large","max-video-preview":"max-video-preview:-1"},"canonical":"https:\/\/pb.edu.pl\/cdias\/rankingi-miedzynarodowe\/rankingi-zrownowazonego-rozwoju\/ul-greenmetric\/","og_locale":"pl_PL","og_type":"article","og_title":"Ul GreenMetric - Centrum Danych i Analiz Strategicznych","og_description":"&nbsp; UI GreenMetric Ranking to mi\u0119dzynarodowy ranking uczelni, kt\u00f3ry mierzy i ocenia ich zaanga\u017cowanie w dzia\u0142ania na rzecz zr\u00f3wnowa\u017conego rozwoju oraz","og_url":"https:\/\/pb.edu.pl\/cdias\/rankingi-miedzynarodowe\/rankingi-zrownowazonego-rozwoju\/ul-greenmetric\/","og_site_name":"Centrum Danych i Analiz Strategicznych","article_modified_time":"2025-12-31T08:34:13+00:00","og_image":[{"url":"https:\/\/pb.edu.pl\/cdias\/wp-content\/uploads\/sites\/55\/2024\/12\/ULGreen.png","type":"","width":"","height":""}],"twitter_card":"summary_large_image","twitter_misc":{"Szacowany czas czytania":"7 minut"},"schema":{"@context":"https:\/\/schema.org","@graph":[{"@type":"WebPage","@id":"https:\/\/pb.edu.pl\/cdias\/rankingi-miedzynarodowe\/rankingi-zrownowazonego-rozwoju\/ul-greenmetric\/","url":"https:\/\/pb.edu.pl\/cdias\/rankingi-miedzynarodowe\/rankingi-zrownowazonego-rozwoju\/ul-greenmetric\/","name":"Ul GreenMetric - Centrum Danych i Analiz Strategicznych","isPartOf":{"@id":"https:\/\/pb.edu.pl\/cdias\/#website"},"primaryImageOfPage":{"@id":"https:\/\/pb.edu.pl\/cdias\/rankingi-miedzynarodowe\/rankingi-zrownowazonego-rozwoju\/ul-greenmetric\/#primaryimage"},"image":{"@id":"https:\/\/pb.edu.pl\/cdias\/rankingi-miedzynarodowe\/rankingi-zrownowazonego-rozwoju\/ul-greenmetric\/#primaryimage"},"thumbnailUrl":"https:\/\/pb.edu.pl\/cdias\/wp-content\/uploads\/sites\/55\/2024\/12\/ULGreen.png","datePublished":"2024-12-12T11:51:13+00:00","dateModified":"2025-12-31T08:34:13+00:00","description":"&nbsp; UI GreenMetric Ranking to mi\u0119dzynarodowy ranking uczelni, kt\u00f3ry mierzy i ocenia ich zaanga\u017cowanie w dzia\u0142ania na rzecz zr\u00f3wnowa\u017conego rozwoju oraz","breadcrumb":{"@id":"https:\/\/pb.edu.pl\/cdias\/rankingi-miedzynarodowe\/rankingi-zrownowazonego-rozwoju\/ul-greenmetric\/#breadcrumb"},"inLanguage":"pl-PL","potentialAction":[{"@type":"ReadAction","target":["https:\/\/pb.edu.pl\/cdias\/rankingi-miedzynarodowe\/rankingi-zrownowazonego-rozwoju\/ul-greenmetric\/"]}]},{"@type":"ImageObject","inLanguage":"pl-PL","@id":"https:\/\/pb.edu.pl\/cdias\/rankingi-miedzynarodowe\/rankingi-zrownowazonego-rozwoju\/ul-greenmetric\/#primaryimage","url":"https:\/\/pb.edu.pl\/cdias\/wp-content\/uploads\/sites\/55\/2024\/12\/ULGreen.png","contentUrl":"https:\/\/pb.edu.pl\/cdias\/wp-content\/uploads\/sites\/55\/2024\/12\/ULGreen.png","width":300,"height":221},{"@type":"BreadcrumbList","@id":"https:\/\/pb.edu.pl\/cdias\/rankingi-miedzynarodowe\/rankingi-zrownowazonego-rozwoju\/ul-greenmetric\/#breadcrumb","itemListElement":[{"@type":"ListItem","position":1,"name":"Strona g\u0142\u00f3wna","item":"https:\/\/pb.edu.pl\/cdias\/"},{"@type":"ListItem","position":2,"name":"Rankingi mi\u0119dzynarodowe","item":"https:\/\/pb.edu.pl\/cdias\/rankingi-miedzynarodowe\/"},{"@type":"ListItem","position":3,"name":"Rankingi zr\u00f3wnowa\u017conego rozwoju","item":"https:\/\/pb.edu.pl\/cdias\/rankingi-miedzynarodowe\/rankingi-zrownowazonego-rozwoju\/"},{"@type":"ListItem","position":4,"name":"Ul GreenMetric"}]},{"@type":"WebSite","@id":"https:\/\/pb.edu.pl\/cdias\/#website","url":"https:\/\/pb.edu.pl\/cdias\/","name":"Centrum Danych i Analiz Strategicznych","description":"","potentialAction":[{"@type":"SearchAction","target":{"@type":"EntryPoint","urlTemplate":"https:\/\/pb.edu.pl\/cdias\/?s={search_term_string}"},"query-input":{"@type":"PropertyValueSpecification","valueRequired":true,"valueName":"search_term_string"}}],"inLanguage":"pl-PL"}]}},"_links":{"self":[{"href":"https:\/\/pb.edu.pl\/cdias\/wp-json\/wp\/v2\/pages\/1996","targetHints":{"allow":["GET"]}}],"collection":[{"href":"https:\/\/pb.edu.pl\/cdias\/wp-json\/wp\/v2\/pages"}],"about":[{"href":"https:\/\/pb.edu.pl\/cdias\/wp-json\/wp\/v2\/types\/page"}],"author":[{"embeddable":true,"href":"https:\/\/pb.edu.pl\/cdias\/wp-json\/wp\/v2\/users\/157"}],"replies":[{"embeddable":true,"href":"https:\/\/pb.edu.pl\/cdias\/wp-json\/wp\/v2\/comments?post=1996"}],"version-history":[{"count":0,"href":"https:\/\/pb.edu.pl\/cdias\/wp-json\/wp\/v2\/pages\/1996\/revisions"}],"up":[{"embeddable":true,"href":"https:\/\/pb.edu.pl\/cdias\/wp-json\/wp\/v2\/pages\/1139"}],"wp:attachment":[{"href":"https:\/\/pb.edu.pl\/cdias\/wp-json\/wp\/v2\/media?parent=1996"}],"curies":[{"name":"wp","href":"https:\/\/api.w.org\/{rel}","templated":true}]}}