{"id":176,"date":"2020-12-16T10:40:29","date_gmt":"2020-12-16T09:40:29","guid":{"rendered":"https:\/\/pb.edu.pl\/cdias\/?page_id=176"},"modified":"2025-04-09T09:55:35","modified_gmt":"2025-04-09T07:55:35","slug":"epuap","status":"publish","type":"page","link":"https:\/\/pb.edu.pl\/cdias\/epuap\/","title":{"rendered":"ePUAP"},"content":{"rendered":"<table style=\"border-collapse: collapse;width: 100%;height: 169px\">\n<tbody>\n<tr style=\"height: 169px\">\n<td style=\"width: 59.7755%;height: 169px\"><img loading=\"lazy\" decoding=\"async\" class=\"alignright wp-image-2342 size-medium\" src=\"https:\/\/pb.edu.pl\/cdias\/wp-content\/uploads\/sites\/55\/2025\/01\/e_p-e1744185281540-300x183.png\" alt=\"\" width=\"300\" height=\"183\" srcset=\"https:\/\/pb.edu.pl\/cdias\/wp-content\/uploads\/sites\/55\/2025\/01\/e_p-e1744185281540-300x183.png 300w, https:\/\/pb.edu.pl\/cdias\/wp-content\/uploads\/sites\/55\/2025\/01\/e_p-e1744185281540.png 450w\" sizes=\"auto, (max-width: 300px) 100vw, 300px\" \/><\/td>\n<td style=\"width: 40.2245%;height: 169px\"><img loading=\"lazy\" decoding=\"async\" class=\"wp-image-2124 alignleft\" src=\"https:\/\/pb.edu.pl\/cdias\/wp-content\/uploads\/sites\/55\/2025\/01\/e-puap.png\" alt=\"\" width=\"156\" height=\"114\"><\/td>\n<\/tr>\n<\/tbody>\n<\/table>\n<p style=\"text-align: justify\">Elektroniczna Skrzynka Podawcza Uczelni funkcjonuje w ramach elektronicznej Platformy Us\u0142ug Administracji Publicznej, zwanej powszechnie ePUAP. Jest to og\u00f3lnopolska platforma teleinformatyczna s\u0142u\u017c\u0105ca do komunikacji obywateli z jednostkami administracji publicznej, kt\u00f3ra umo\u017cliwia przesy\u0142anie dokument\u00f3w elektronicznych i formularzy w ujednolicony, standardowy spos\u00f3b.<\/p>\n<p style=\"text-align: justify\">W celu skorzystania z Elektronicznej Skrzynki Podawczej w Politechnice Bia\u0142ostockiej udost\u0119pnionej poprzez platform\u0119 ePUAP, niezb\u0119dne jest za\u0142o\u017cenie konta indywidualnego na platformie ePUAP oraz posiadanie profilu zaufanego lub certyfikatu kwalifikowanego .<\/p>\n<p style=\"text-align: justify\">Wys\u0142anie pisma nast\u0119puje poprzez wybranie z Katalogu Spraw na stronie g\u0142\u00f3wnej platformy ePUAP&nbsp; sekcji Sprawy obywatelskie -&gt; Najcz\u0119\u015bciej za\u0142atwiane sprawy -&gt; Pismo og\u00f3lne do podmiotu publicznego-&gt; nast\u0119pnie wybieramy \u201eZa\u0142atw spraw\u0119\u201d oraz dodajemy odbiorc\u0119\/adresata jako Politechnika Bia\u0142ostocka.<\/p>\n<p>&nbsp;<\/p>\n<p>Strona g\u0142\u00f3wna elektronicznej Platformy Us\u0142ug Administracji Publicznej dost\u0119pna jest pod adresem: <a href=\"https:\/\/epuap.gov.pl\/wps\/portal\">http:\/\/epuap.gov.pl<\/a><\/p>\n<p>Szczeg\u00f3\u0142owe instrukcje dotycz\u0105ce obs\u0142ugi platformy ePUAP s\u0105 dost\u0119pne w dziale Pomoc serwisu <a href=\"https:\/\/epuap.gov.pl\/wps\/portal\/strefa-klienta\/pomoc\">ePUAP<\/a>.<\/p>\n<p>Aktualny adres skrzynki podawczej&nbsp; Politechniki Bia\u0142ostockiej w ePUAP, na kt\u00f3ry przyjmowane s\u0105 dokumenty: <strong>\/Politechnika-Bialostocka\/SkrytkaESP<\/strong><\/p>\n<p>&nbsp;<\/p>\n<p><a href=\"https:\/\/www.gov.pl\/web\/gov\/warunki-korzystania\">Warunki korzystania z elektronicznej platformy us\u0142ug administracji publicznej (ePUAP)<\/a><\/p>\n<ol>\n<li><a class=\"pdf\" title=\"otworzy si\u0119 w nowej karcie\" href=\"https:\/\/pb.edu.pl\/cdias\/wp-content\/uploads\/sites\/55\/2021\/01\/Rozporzadzenie-Ministra-Cyfryzacji-w-sprawie-profilu-zaufanego-i-podpisu-zaufanego.pdf\" target=\"_blank\" rel=\"noopener noreferrer\" data-id=\"242\">Rozporz\u0105dzenie Ministra Cyfryzacji w sprawie profilu zaufanego i podpisu zaufanego (PDF, wersja dost\u0119pna cyfrowo, 249 KB)<\/a><\/li>\n<li><a class=\"pdf\" title=\"otworzy si\u0119 w nowej karcie\" href=\"https:\/\/pb.edu.pl\/cdias\/wp-content\/uploads\/sites\/55\/2022\/09\/Rozporzadzenie-ePUAP-2019-tj..pdf\" target=\"_blank\" rel=\"noopener\" data-id=\"872\">Rozporz\u0105dzenie Ministra Cyfryzacji w sprawie zakresu i warunk\u00f3w korzystania z ePUAP (PDF, wersja dost\u0119pna cyfrowo, 133 KB)<\/a><\/li>\n<\/ol>\n<p>Osoba odpowiedzialna za umieszczenie informacji: Ma\u0142gorzata Jegli\u0144ska-Krupa, <i class=\"fa fa-envelope-o\" aria-hidden=\"true\"><\/i> <a href=\"#\" rel=\"nofollow\"  onclick=\"this.href='mailto:' + 'm.krupa' + '@' + 'pb.edu.pl'\">m.krupa [at] pb.edu.pl<\/a>\n","protected":false},"excerpt":{"rendered":"<p>Elektroniczna Skrzynka Podawcza Uczelni funkcjonuje w ramach elektronicznej Platformy Us\u0142ug Administracji Publicznej, zwanej powszechnie ePUAP.<\/p>\n","protected":false},"author":2,"featured_media":0,"parent":0,"menu_order":8,"comment_status":"closed","ping_status":"closed","template":"","meta":{"_acf_changed":false,"ngg_post_thumbnail":0,"footnotes":""},"class_list":["post-176","page","type-page","status-publish","hentry"],"acf":[],"yoast_head":"<!-- This site is optimized with the Yoast SEO plugin v27.0 - https:\/\/yoast.com\/product\/yoast-seo-wordpress\/ -->\n<title>ePUAP - Centrum Danych i Analiz Strategicznych<\/title>\n<meta name=\"description\" content=\"Elektroniczna Skrzynka Podawcza Uczelni funkcjonuje w ramach elektronicznej Platformy Us\u0142ug Administracji Publicznej, zwanej powszechnie ePUAP. Jest to\" \/>\n<meta name=\"robots\" content=\"index, follow, max-snippet:-1, max-image-preview:large, max-video-preview:-1\" \/>\n<link rel=\"canonical\" href=\"https:\/\/pb.edu.pl\/cdias\/epuap\/\" \/>\n<meta property=\"og:locale\" content=\"pl_PL\" \/>\n<meta property=\"og:type\" content=\"article\" \/>\n<meta property=\"og:title\" content=\"ePUAP - Centrum Danych i Analiz Strategicznych\" \/>\n<meta property=\"og:description\" content=\"Elektroniczna Skrzynka Podawcza Uczelni funkcjonuje w ramach elektronicznej Platformy Us\u0142ug Administracji Publicznej, zwanej powszechnie ePUAP. Jest to\" \/>\n<meta property=\"og:url\" content=\"https:\/\/pb.edu.pl\/cdias\/epuap\/\" \/>\n<meta property=\"og:site_name\" content=\"Centrum Danych i Analiz Strategicznych\" \/>\n<meta property=\"article:modified_time\" content=\"2025-04-09T07:55:35+00:00\" \/>\n<meta property=\"og:image\" content=\"https:\/\/pb.edu.pl\/cdias\/wp-content\/uploads\/sites\/55\/2025\/01\/e_p-e1744185281540.png\" \/>\n\t<meta property=\"og:image:width\" content=\"450\" \/>\n\t<meta property=\"og:image:height\" content=\"274\" \/>\n\t<meta property=\"og:image:type\" content=\"image\/png\" \/>\n<meta name=\"twitter:card\" content=\"summary_large_image\" \/>\n<meta name=\"twitter:label1\" content=\"Szacowany czas czytania\" \/>\n\t<meta name=\"twitter:data1\" content=\"1 minuta\" \/>\n<script type=\"application\/ld+json\" class=\"yoast-schema-graph\">{\"@context\":\"https:\/\/schema.org\",\"@graph\":[{\"@type\":\"WebPage\",\"@id\":\"https:\/\/pb.edu.pl\/cdias\/epuap\/\",\"url\":\"https:\/\/pb.edu.pl\/cdias\/epuap\/\",\"name\":\"ePUAP - Centrum Danych i Analiz Strategicznych\",\"isPartOf\":{\"@id\":\"https:\/\/pb.edu.pl\/cdias\/#website\"},\"primaryImageOfPage\":{\"@id\":\"https:\/\/pb.edu.pl\/cdias\/epuap\/#primaryimage\"},\"image\":{\"@id\":\"https:\/\/pb.edu.pl\/cdias\/epuap\/#primaryimage\"},\"thumbnailUrl\":\"https:\/\/pb.edu.pl\/cdias\/wp-content\/uploads\/sites\/55\/2025\/01\/e_p-e1744185281540-300x183.png\",\"datePublished\":\"2020-12-16T09:40:29+00:00\",\"dateModified\":\"2025-04-09T07:55:35+00:00\",\"description\":\"Elektroniczna Skrzynka Podawcza Uczelni funkcjonuje w ramach elektronicznej Platformy Us\u0142ug Administracji Publicznej, zwanej powszechnie ePUAP. Jest to\",\"breadcrumb\":{\"@id\":\"https:\/\/pb.edu.pl\/cdias\/epuap\/#breadcrumb\"},\"inLanguage\":\"pl-PL\",\"potentialAction\":[{\"@type\":\"ReadAction\",\"target\":[\"https:\/\/pb.edu.pl\/cdias\/epuap\/\"]}]},{\"@type\":\"ImageObject\",\"inLanguage\":\"pl-PL\",\"@id\":\"https:\/\/pb.edu.pl\/cdias\/epuap\/#primaryimage\",\"url\":\"https:\/\/pb.edu.pl\/cdias\/wp-content\/uploads\/sites\/55\/2025\/01\/e_p-e1744185281540.png\",\"contentUrl\":\"https:\/\/pb.edu.pl\/cdias\/wp-content\/uploads\/sites\/55\/2025\/01\/e_p-e1744185281540.png\",\"width\":450,\"height\":274},{\"@type\":\"BreadcrumbList\",\"@id\":\"https:\/\/pb.edu.pl\/cdias\/epuap\/#breadcrumb\",\"itemListElement\":[{\"@type\":\"ListItem\",\"position\":1,\"name\":\"Strona g\u0142\u00f3wna\",\"item\":\"https:\/\/pb.edu.pl\/cdias\/\"},{\"@type\":\"ListItem\",\"position\":2,\"name\":\"ePUAP\"}]},{\"@type\":\"WebSite\",\"@id\":\"https:\/\/pb.edu.pl\/cdias\/#website\",\"url\":\"https:\/\/pb.edu.pl\/cdias\/\",\"name\":\"Centrum Danych i Analiz Strategicznych\",\"description\":\"\",\"potentialAction\":[{\"@type\":\"SearchAction\",\"target\":{\"@type\":\"EntryPoint\",\"urlTemplate\":\"https:\/\/pb.edu.pl\/cdias\/?s={search_term_string}\"},\"query-input\":{\"@type\":\"PropertyValueSpecification\",\"valueRequired\":true,\"valueName\":\"search_term_string\"}}],\"inLanguage\":\"pl-PL\"}]}<\/script>\n<!-- \/ Yoast SEO plugin. -->","yoast_head_json":{"title":"ePUAP - Centrum Danych i Analiz Strategicznych","description":"Elektroniczna Skrzynka Podawcza Uczelni funkcjonuje w ramach elektronicznej Platformy Us\u0142ug Administracji Publicznej, zwanej powszechnie ePUAP. Jest to","robots":{"index":"index","follow":"follow","max-snippet":"max-snippet:-1","max-image-preview":"max-image-preview:large","max-video-preview":"max-video-preview:-1"},"canonical":"https:\/\/pb.edu.pl\/cdias\/epuap\/","og_locale":"pl_PL","og_type":"article","og_title":"ePUAP - Centrum Danych i Analiz Strategicznych","og_description":"Elektroniczna Skrzynka Podawcza Uczelni funkcjonuje w ramach elektronicznej Platformy Us\u0142ug Administracji Publicznej, zwanej powszechnie ePUAP. Jest to","og_url":"https:\/\/pb.edu.pl\/cdias\/epuap\/","og_site_name":"Centrum Danych i Analiz Strategicznych","article_modified_time":"2025-04-09T07:55:35+00:00","og_image":[{"width":450,"height":274,"url":"https:\/\/pb.edu.pl\/cdias\/wp-content\/uploads\/sites\/55\/2025\/01\/e_p-e1744185281540.png","type":"image\/png"}],"twitter_card":"summary_large_image","twitter_misc":{"Szacowany czas czytania":"1 minuta"},"schema":{"@context":"https:\/\/schema.org","@graph":[{"@type":"WebPage","@id":"https:\/\/pb.edu.pl\/cdias\/epuap\/","url":"https:\/\/pb.edu.pl\/cdias\/epuap\/","name":"ePUAP - Centrum Danych i Analiz Strategicznych","isPartOf":{"@id":"https:\/\/pb.edu.pl\/cdias\/#website"},"primaryImageOfPage":{"@id":"https:\/\/pb.edu.pl\/cdias\/epuap\/#primaryimage"},"image":{"@id":"https:\/\/pb.edu.pl\/cdias\/epuap\/#primaryimage"},"thumbnailUrl":"https:\/\/pb.edu.pl\/cdias\/wp-content\/uploads\/sites\/55\/2025\/01\/e_p-e1744185281540-300x183.png","datePublished":"2020-12-16T09:40:29+00:00","dateModified":"2025-04-09T07:55:35+00:00","description":"Elektroniczna Skrzynka Podawcza Uczelni funkcjonuje w ramach elektronicznej Platformy Us\u0142ug Administracji Publicznej, zwanej powszechnie ePUAP. Jest to","breadcrumb":{"@id":"https:\/\/pb.edu.pl\/cdias\/epuap\/#breadcrumb"},"inLanguage":"pl-PL","potentialAction":[{"@type":"ReadAction","target":["https:\/\/pb.edu.pl\/cdias\/epuap\/"]}]},{"@type":"ImageObject","inLanguage":"pl-PL","@id":"https:\/\/pb.edu.pl\/cdias\/epuap\/#primaryimage","url":"https:\/\/pb.edu.pl\/cdias\/wp-content\/uploads\/sites\/55\/2025\/01\/e_p-e1744185281540.png","contentUrl":"https:\/\/pb.edu.pl\/cdias\/wp-content\/uploads\/sites\/55\/2025\/01\/e_p-e1744185281540.png","width":450,"height":274},{"@type":"BreadcrumbList","@id":"https:\/\/pb.edu.pl\/cdias\/epuap\/#breadcrumb","itemListElement":[{"@type":"ListItem","position":1,"name":"Strona g\u0142\u00f3wna","item":"https:\/\/pb.edu.pl\/cdias\/"},{"@type":"ListItem","position":2,"name":"ePUAP"}]},{"@type":"WebSite","@id":"https:\/\/pb.edu.pl\/cdias\/#website","url":"https:\/\/pb.edu.pl\/cdias\/","name":"Centrum Danych i Analiz Strategicznych","description":"","potentialAction":[{"@type":"SearchAction","target":{"@type":"EntryPoint","urlTemplate":"https:\/\/pb.edu.pl\/cdias\/?s={search_term_string}"},"query-input":{"@type":"PropertyValueSpecification","valueRequired":true,"valueName":"search_term_string"}}],"inLanguage":"pl-PL"}]}},"_links":{"self":[{"href":"https:\/\/pb.edu.pl\/cdias\/wp-json\/wp\/v2\/pages\/176","targetHints":{"allow":["GET"]}}],"collection":[{"href":"https:\/\/pb.edu.pl\/cdias\/wp-json\/wp\/v2\/pages"}],"about":[{"href":"https:\/\/pb.edu.pl\/cdias\/wp-json\/wp\/v2\/types\/page"}],"author":[{"embeddable":true,"href":"https:\/\/pb.edu.pl\/cdias\/wp-json\/wp\/v2\/users\/2"}],"replies":[{"embeddable":true,"href":"https:\/\/pb.edu.pl\/cdias\/wp-json\/wp\/v2\/comments?post=176"}],"version-history":[{"count":0,"href":"https:\/\/pb.edu.pl\/cdias\/wp-json\/wp\/v2\/pages\/176\/revisions"}],"wp:attachment":[{"href":"https:\/\/pb.edu.pl\/cdias\/wp-json\/wp\/v2\/media?parent=176"}],"curies":[{"name":"wp","href":"https:\/\/api.w.org\/{rel}","templated":true}]}}