{"id":1206,"date":"2024-02-09T09:21:21","date_gmt":"2024-02-09T08:21:21","guid":{"rendered":"https:\/\/pb.edu.pl\/cdias\/uczelnia-w-liczbach\/uczelnia-w-liczbach-2024-02-09\/"},"modified":"2024-02-09T09:24:41","modified_gmt":"2024-02-09T08:24:41","slug":"uczelnia-w-liczbach-2022-12-31","status":"publish","type":"page","link":"https:\/\/pb.edu.pl\/cdias\/uczelnia-w-liczbach\/uczelnia-w-liczbach-2022-12-31\/","title":{"rendered":"Uczelnia w liczbach (2022-12-31)"},"content":{"rendered":"<div>\n<p>&nbsp;<\/p>\n<p><img loading=\"lazy\" decoding=\"async\" class=\"alignnone wp-image-1019\" src=\"https:\/\/pb.edu.pl\/cdias\/wp-content\/uploads\/sites\/55\/2023\/04\/PB_2.jpg\" alt=\"\" width=\"1221\" height=\"602\" srcset=\"https:\/\/pb.edu.pl\/cdias\/wp-content\/uploads\/sites\/55\/2023\/04\/PB_2.jpg 1571w, https:\/\/pb.edu.pl\/cdias\/wp-content\/uploads\/sites\/55\/2023\/04\/PB_2-300x148.jpg 300w, https:\/\/pb.edu.pl\/cdias\/wp-content\/uploads\/sites\/55\/2023\/04\/PB_2-1024x505.jpg 1024w, https:\/\/pb.edu.pl\/cdias\/wp-content\/uploads\/sites\/55\/2023\/04\/PB_2-768x379.jpg 768w, https:\/\/pb.edu.pl\/cdias\/wp-content\/uploads\/sites\/55\/2023\/04\/PB_2-1536x758.jpg 1536w\" sizes=\"auto, (max-width: 1221px) 100vw, 1221px\" \/><\/p>\n<\/div>\n<div>\n<p>Dane na dzie\u0144 31.12.2022 r.<\/p>\n<h2>Pracownicy Uczelni<\/h2>\n<p>Liczba pracownik\u00f3w Politechniki Bia\u0142ostockiej wed\u0142ug stanu na dzie\u0144 31.12.2022 r.&nbsp; &#8211; 1 376.<\/p>\n<p style=\"text-align: center\"><span style=\"font-size: 18pt\"><strong>Struktura zatrudnienia w Politechnice Bia\u0142ostockiej<\/strong><\/span><\/p>\n<p><img loading=\"lazy\" decoding=\"async\" class=\"size-full wp-image-993 aligncenter\" src=\"https:\/\/pb.edu.pl\/cdias\/wp-content\/uploads\/sites\/55\/2023\/03\/Pracownicy.jpg\" alt=\"\" width=\"782\" height=\"744\" srcset=\"https:\/\/pb.edu.pl\/cdias\/wp-content\/uploads\/sites\/55\/2023\/03\/Pracownicy.jpg 782w, https:\/\/pb.edu.pl\/cdias\/wp-content\/uploads\/sites\/55\/2023\/03\/Pracownicy-300x285.jpg 300w, https:\/\/pb.edu.pl\/cdias\/wp-content\/uploads\/sites\/55\/2023\/03\/Pracownicy-768x731.jpg 768w\" sizes=\"auto, (max-width: 782px) 100vw, 782px\" \/><\/p>\n<\/div>\n<p>Dane prezentowane w uk\u0142adzie <em>grupa pracownicza; udzia\u0142 procentowy<\/em> ; <em>liczba pracownik\u00f3w<\/em>.<\/p>\n<div>\n<h2>Studenci<\/h2>\n<p>Liczba student\u00f3w Politechniki Bia\u0142ostockiej wed\u0142ug stanu na dzie\u0144 31.12.2022 r.&nbsp; &#8211; 6 863.<\/p>\n<p>&nbsp;<\/p>\n<p>&nbsp;<\/p>\n<p><img loading=\"lazy\" decoding=\"async\" class=\" wp-image-982 aligncenter\" src=\"https:\/\/pb.edu.pl\/cdias\/wp-content\/uploads\/sites\/55\/2023\/03\/Forma_studiow.jpg\" alt=\"\" width=\"662\" height=\"462\" srcset=\"https:\/\/pb.edu.pl\/cdias\/wp-content\/uploads\/sites\/55\/2023\/03\/Forma_studiow.jpg 810w, https:\/\/pb.edu.pl\/cdias\/wp-content\/uploads\/sites\/55\/2023\/03\/Forma_studiow-300x210.jpg 300w, https:\/\/pb.edu.pl\/cdias\/wp-content\/uploads\/sites\/55\/2023\/03\/Forma_studiow-768x537.jpg 768w\" sizes=\"auto, (max-width: 662px) 100vw, 662px\" \/><\/p>\n<p>&nbsp;<\/p>\n<p><img loading=\"lazy\" decoding=\"async\" class=\" wp-image-983 aligncenter\" src=\"https:\/\/pb.edu.pl\/cdias\/wp-content\/uploads\/sites\/55\/2023\/03\/Studenci_na_wydzialach.jpg\" alt=\"\" width=\"868\" height=\"565\" srcset=\"https:\/\/pb.edu.pl\/cdias\/wp-content\/uploads\/sites\/55\/2023\/03\/Studenci_na_wydzialach.jpg 1123w, https:\/\/pb.edu.pl\/cdias\/wp-content\/uploads\/sites\/55\/2023\/03\/Studenci_na_wydzialach-300x195.jpg 300w, https:\/\/pb.edu.pl\/cdias\/wp-content\/uploads\/sites\/55\/2023\/03\/Studenci_na_wydzialach-1024x667.jpg 1024w, https:\/\/pb.edu.pl\/cdias\/wp-content\/uploads\/sites\/55\/2023\/03\/Studenci_na_wydzialach-768x500.jpg 768w\" sizes=\"auto, (max-width: 868px) 100vw, 868px\" \/><\/p>\n<p>&nbsp;<\/p>\n<p>&nbsp;<\/p>\n<p><img loading=\"lazy\" decoding=\"async\" class=\" wp-image-984 aligncenter\" src=\"https:\/\/pb.edu.pl\/cdias\/wp-content\/uploads\/sites\/55\/2023\/03\/Stopien_studiow.jpg\" alt=\"\" width=\"740\" height=\"499\" srcset=\"https:\/\/pb.edu.pl\/cdias\/wp-content\/uploads\/sites\/55\/2023\/03\/Stopien_studiow.jpg 856w, https:\/\/pb.edu.pl\/cdias\/wp-content\/uploads\/sites\/55\/2023\/03\/Stopien_studiow-300x202.jpg 300w, https:\/\/pb.edu.pl\/cdias\/wp-content\/uploads\/sites\/55\/2023\/03\/Stopien_studiow-768x518.jpg 768w\" sizes=\"auto, (max-width: 740px) 100vw, 740px\" \/><\/p>\n<p>&nbsp;<\/p>\n<p><img loading=\"lazy\" decoding=\"async\" class=\" wp-image-985 aligncenter\" src=\"https:\/\/pb.edu.pl\/cdias\/wp-content\/uploads\/sites\/55\/2023\/03\/Plec.jpg\" alt=\"\" width=\"744\" height=\"534\" srcset=\"https:\/\/pb.edu.pl\/cdias\/wp-content\/uploads\/sites\/55\/2023\/03\/Plec.jpg 846w, https:\/\/pb.edu.pl\/cdias\/wp-content\/uploads\/sites\/55\/2023\/03\/Plec-300x215.jpg 300w, https:\/\/pb.edu.pl\/cdias\/wp-content\/uploads\/sites\/55\/2023\/03\/Plec-768x551.jpg 768w\" sizes=\"auto, (max-width: 744px) 100vw, 744px\" \/><\/p>\n<p>&nbsp;<\/p>\n<p><strong><span style=\"font-size: 12pt\">Podzia\u0142 student\u00f3w na kierunki na poszczeg\u00f3lnych Wydzia\u0142ach<\/span><\/strong><\/p>\n<p>Dane prezentowane w uk\u0142adzie <em>kierunek; liczba student\u00f3w; udzia\u0142 procentowy<\/em>&nbsp;<\/p>\n<p>&nbsp;<\/p>\n<p><img loading=\"lazy\" decoding=\"async\" class=\"size-full wp-image-986 aligncenter\" src=\"https:\/\/pb.edu.pl\/cdias\/wp-content\/uploads\/sites\/55\/2023\/03\/WA.jpg\" alt=\"\" width=\"789\" height=\"505\" srcset=\"https:\/\/pb.edu.pl\/cdias\/wp-content\/uploads\/sites\/55\/2023\/03\/WA.jpg 789w, https:\/\/pb.edu.pl\/cdias\/wp-content\/uploads\/sites\/55\/2023\/03\/WA-300x192.jpg 300w, https:\/\/pb.edu.pl\/cdias\/wp-content\/uploads\/sites\/55\/2023\/03\/WA-768x492.jpg 768w\" sizes=\"auto, (max-width: 789px) 100vw, 789px\" \/><\/p>\n<p>&nbsp;<\/p>\n<p><img loading=\"lazy\" decoding=\"async\" class=\"size-full wp-image-987 aligncenter\" src=\"https:\/\/pb.edu.pl\/cdias\/wp-content\/uploads\/sites\/55\/2023\/03\/WB.jpg\" alt=\"\" width=\"929\" height=\"622\" srcset=\"https:\/\/pb.edu.pl\/cdias\/wp-content\/uploads\/sites\/55\/2023\/03\/WB.jpg 929w, https:\/\/pb.edu.pl\/cdias\/wp-content\/uploads\/sites\/55\/2023\/03\/WB-300x201.jpg 300w, https:\/\/pb.edu.pl\/cdias\/wp-content\/uploads\/sites\/55\/2023\/03\/WB-768x514.jpg 768w, https:\/\/pb.edu.pl\/cdias\/wp-content\/uploads\/sites\/55\/2023\/03\/WB-480x320.jpg 480w\" sizes=\"auto, (max-width: 929px) 100vw, 929px\" \/><\/p>\n<p>&nbsp;<\/p>\n<p><img loading=\"lazy\" decoding=\"async\" class=\"size-full wp-image-988 aligncenter\" src=\"https:\/\/pb.edu.pl\/cdias\/wp-content\/uploads\/sites\/55\/2023\/03\/WE.jpg\" alt=\"\" width=\"798\" height=\"604\" srcset=\"https:\/\/pb.edu.pl\/cdias\/wp-content\/uploads\/sites\/55\/2023\/03\/WE.jpg 798w, https:\/\/pb.edu.pl\/cdias\/wp-content\/uploads\/sites\/55\/2023\/03\/WE-300x227.jpg 300w, https:\/\/pb.edu.pl\/cdias\/wp-content\/uploads\/sites\/55\/2023\/03\/WE-768x581.jpg 768w\" sizes=\"auto, (max-width: 798px) 100vw, 798px\" \/><\/p>\n<p>&nbsp;<\/p>\n<p>&nbsp;<\/p>\n<p><img loading=\"lazy\" decoding=\"async\" class=\"size-full wp-image-989 aligncenter\" src=\"https:\/\/pb.edu.pl\/cdias\/wp-content\/uploads\/sites\/55\/2023\/03\/WI.jpg\" alt=\"\" width=\"889\" height=\"560\" srcset=\"https:\/\/pb.edu.pl\/cdias\/wp-content\/uploads\/sites\/55\/2023\/03\/WI.jpg 889w, https:\/\/pb.edu.pl\/cdias\/wp-content\/uploads\/sites\/55\/2023\/03\/WI-300x189.jpg 300w, https:\/\/pb.edu.pl\/cdias\/wp-content\/uploads\/sites\/55\/2023\/03\/WI-768x484.jpg 768w\" sizes=\"auto, (max-width: 889px) 100vw, 889px\" \/><\/p>\n<p>&nbsp;<\/p>\n<p>&nbsp;<\/p>\n<p><img loading=\"lazy\" decoding=\"async\" class=\"size-full wp-image-990 aligncenter\" src=\"https:\/\/pb.edu.pl\/cdias\/wp-content\/uploads\/sites\/55\/2023\/03\/WIZ.jpg\" alt=\"\" width=\"934\" height=\"585\" srcset=\"https:\/\/pb.edu.pl\/cdias\/wp-content\/uploads\/sites\/55\/2023\/03\/WIZ.jpg 934w, https:\/\/pb.edu.pl\/cdias\/wp-content\/uploads\/sites\/55\/2023\/03\/WIZ-300x188.jpg 300w, https:\/\/pb.edu.pl\/cdias\/wp-content\/uploads\/sites\/55\/2023\/03\/WIZ-768x481.jpg 768w\" sizes=\"auto, (max-width: 934px) 100vw, 934px\" \/><\/p>\n<p>&nbsp;<\/p>\n<p><img loading=\"lazy\" decoding=\"async\" class=\"size-full wp-image-991 aligncenter\" src=\"https:\/\/pb.edu.pl\/cdias\/wp-content\/uploads\/sites\/55\/2023\/03\/WM.jpg\" alt=\"\" width=\"954\" height=\"588\" srcset=\"https:\/\/pb.edu.pl\/cdias\/wp-content\/uploads\/sites\/55\/2023\/03\/WM.jpg 954w, https:\/\/pb.edu.pl\/cdias\/wp-content\/uploads\/sites\/55\/2023\/03\/WM-300x185.jpg 300w, https:\/\/pb.edu.pl\/cdias\/wp-content\/uploads\/sites\/55\/2023\/03\/WM-768x473.jpg 768w\" sizes=\"auto, (max-width: 954px) 100vw, 954px\" \/><\/p>\n<p>&nbsp;<\/p>\n<p>&nbsp;<\/p>\n<p>&nbsp;<\/p>\n<p><img loading=\"lazy\" decoding=\"async\" class=\"size-full wp-image-979 aligncenter\" src=\"https:\/\/pb.edu.pl\/cdias\/wp-content\/uploads\/sites\/55\/2023\/03\/Studenci_1.jpg\" alt=\"\" width=\"905\" height=\"523\" srcset=\"https:\/\/pb.edu.pl\/cdias\/wp-content\/uploads\/sites\/55\/2023\/03\/Studenci_1.jpg 905w, https:\/\/pb.edu.pl\/cdias\/wp-content\/uploads\/sites\/55\/2023\/03\/Studenci_1-300x173.jpg 300w, https:\/\/pb.edu.pl\/cdias\/wp-content\/uploads\/sites\/55\/2023\/03\/Studenci_1-768x444.jpg 768w\" sizes=\"auto, (max-width: 905px) 100vw, 905px\" \/><\/p>\n<p style=\"text-align: left\">Dane na dzie\u0144 31.12.2022 r.<\/p>\n<p>&nbsp;<\/p>\n<p><img loading=\"lazy\" decoding=\"async\" class=\"size-full wp-image-980 aligncenter\" src=\"https:\/\/pb.edu.pl\/cdias\/wp-content\/uploads\/sites\/55\/2023\/03\/Absolwenci_1.jpg\" alt=\"\" width=\"905\" height=\"505\" srcset=\"https:\/\/pb.edu.pl\/cdias\/wp-content\/uploads\/sites\/55\/2023\/03\/Absolwenci_1.jpg 905w, https:\/\/pb.edu.pl\/cdias\/wp-content\/uploads\/sites\/55\/2023\/03\/Absolwenci_1-300x167.jpg 300w, https:\/\/pb.edu.pl\/cdias\/wp-content\/uploads\/sites\/55\/2023\/03\/Absolwenci_1-768x429.jpg 768w\" sizes=\"auto, (max-width: 905px) 100vw, 905px\" \/><\/p>\n<p>Dane na dzie\u0144 31.12.2022 r.<\/p>\n<p>&nbsp;<\/p>\n<div>\n<p>Pliki do pobrania<\/p>\n<p><a class=\"xls\" title=\"pobierz plik\" href=\"https:\/\/pb.edu.pl\/cdias\/wp-content\/uploads\/sites\/55\/2023\/03\/LICZBA-STUDENTOW-2008-2022.xls\" data-id=\"974\">Liczba student\u00f3w Politechniki Bia\u0142ostockiej w latach 2008-2022 GUS (XLS, 380 KB)<\/a><\/p>\n<p><a class=\"xls\" title=\"pobierz plik\" href=\"https:\/\/pb.edu.pl\/cdias\/wp-content\/uploads\/sites\/55\/2023\/03\/Liczba-absolwentow-2008-2022.xls\" data-id=\"981\">Liczba absolwent\u00f3w Politechniki Bia\u0142ostockiej w latach 2008-2022 GUS (XLS, 211 KB)<\/a><\/p>\n<\/div>\n<p>&nbsp;<\/p>\n<\/div>\n<p>Osoba odpowiedzialna za umieszczenie informacji: Wojciech Puchalski<\/p>\n","protected":false},"excerpt":{"rendered":"<p>&nbsp; Dane na dzie\u0144 31.12.2022 r. Pracownicy Uczelni Liczba pracownik\u00f3w Politechniki Bia\u0142ostockiej wed\u0142ug stanu na<\/p>\n","protected":false},"author":76,"featured_media":0,"parent":37,"menu_order":5,"comment_status":"closed","ping_status":"closed","template":"","meta":{"_acf_changed":false,"ngg_post_thumbnail":0,"footnotes":""},"class_list":["post-1206","page","type-page","status-publish","hentry"],"acf":[],"yoast_head":"<!-- This site is optimized with the Yoast SEO plugin v27.0 - https:\/\/yoast.com\/product\/yoast-seo-wordpress\/ -->\n<title>Uczelnia w liczbach (2022-12-31) - Centrum Danych i Analiz Strategicznych<\/title>\n<meta name=\"description\" content=\"&nbsp; Dane na dzie\u0144 31.12.2022 r. Pracownicy Uczelni Liczba pracownik\u00f3w Politechniki Bia\u0142ostockiej wed\u0142ug stanu na dzie\u0144 31.12.2022 r.&nbsp; - 1 376.\" \/>\n<meta name=\"robots\" content=\"index, follow, max-snippet:-1, max-image-preview:large, max-video-preview:-1\" \/>\n<link rel=\"canonical\" href=\"https:\/\/pb.edu.pl\/cdias\/uczelnia-w-liczbach\/uczelnia-w-liczbach-2022-12-31\/\" \/>\n<meta property=\"og:locale\" content=\"pl_PL\" \/>\n<meta property=\"og:type\" content=\"article\" \/>\n<meta property=\"og:title\" content=\"Uczelnia w liczbach (2022-12-31) - Centrum Danych i Analiz Strategicznych\" \/>\n<meta property=\"og:description\" content=\"&nbsp; Dane na dzie\u0144 31.12.2022 r. Pracownicy Uczelni Liczba pracownik\u00f3w Politechniki Bia\u0142ostockiej wed\u0142ug stanu na dzie\u0144 31.12.2022 r.&nbsp; - 1 376.\" \/>\n<meta property=\"og:url\" content=\"https:\/\/pb.edu.pl\/cdias\/uczelnia-w-liczbach\/uczelnia-w-liczbach-2022-12-31\/\" \/>\n<meta property=\"og:site_name\" content=\"Centrum Danych i Analiz Strategicznych\" \/>\n<meta property=\"article:modified_time\" content=\"2024-02-09T08:24:41+00:00\" \/>\n<meta property=\"og:image\" content=\"https:\/\/pb.edu.pl\/cdias\/wp-content\/uploads\/sites\/55\/2023\/04\/PB_2.jpg\" \/>\n\t<meta property=\"og:image:width\" content=\"1571\" \/>\n\t<meta property=\"og:image:height\" content=\"775\" \/>\n\t<meta property=\"og:image:type\" content=\"image\/jpeg\" \/>\n<meta name=\"twitter:card\" content=\"summary_large_image\" \/>\n<meta name=\"twitter:label1\" content=\"Szacowany czas czytania\" \/>\n\t<meta name=\"twitter:data1\" content=\"1 minuta\" \/>\n<script type=\"application\/ld+json\" class=\"yoast-schema-graph\">{\"@context\":\"https:\/\/schema.org\",\"@graph\":[{\"@type\":\"WebPage\",\"@id\":\"https:\/\/pb.edu.pl\/cdias\/uczelnia-w-liczbach\/uczelnia-w-liczbach-2022-12-31\/\",\"url\":\"https:\/\/pb.edu.pl\/cdias\/uczelnia-w-liczbach\/uczelnia-w-liczbach-2022-12-31\/\",\"name\":\"Uczelnia w liczbach (2022-12-31) - Centrum Danych i Analiz Strategicznych\",\"isPartOf\":{\"@id\":\"https:\/\/pb.edu.pl\/cdias\/#website\"},\"primaryImageOfPage\":{\"@id\":\"https:\/\/pb.edu.pl\/cdias\/uczelnia-w-liczbach\/uczelnia-w-liczbach-2022-12-31\/#primaryimage\"},\"image\":{\"@id\":\"https:\/\/pb.edu.pl\/cdias\/uczelnia-w-liczbach\/uczelnia-w-liczbach-2022-12-31\/#primaryimage\"},\"thumbnailUrl\":\"https:\/\/pb.edu.pl\/cdias\/wp-content\/uploads\/sites\/55\/2023\/04\/PB_2.jpg\",\"datePublished\":\"2024-02-09T08:21:21+00:00\",\"dateModified\":\"2024-02-09T08:24:41+00:00\",\"description\":\"&nbsp; Dane na dzie\u0144 31.12.2022 r. Pracownicy Uczelni Liczba pracownik\u00f3w Politechniki Bia\u0142ostockiej wed\u0142ug stanu na dzie\u0144 31.12.2022 r.&nbsp; - 1 376.\",\"breadcrumb\":{\"@id\":\"https:\/\/pb.edu.pl\/cdias\/uczelnia-w-liczbach\/uczelnia-w-liczbach-2022-12-31\/#breadcrumb\"},\"inLanguage\":\"pl-PL\",\"potentialAction\":[{\"@type\":\"ReadAction\",\"target\":[\"https:\/\/pb.edu.pl\/cdias\/uczelnia-w-liczbach\/uczelnia-w-liczbach-2022-12-31\/\"]}]},{\"@type\":\"ImageObject\",\"inLanguage\":\"pl-PL\",\"@id\":\"https:\/\/pb.edu.pl\/cdias\/uczelnia-w-liczbach\/uczelnia-w-liczbach-2022-12-31\/#primaryimage\",\"url\":\"https:\/\/pb.edu.pl\/cdias\/wp-content\/uploads\/sites\/55\/2023\/04\/PB_2.jpg\",\"contentUrl\":\"https:\/\/pb.edu.pl\/cdias\/wp-content\/uploads\/sites\/55\/2023\/04\/PB_2.jpg\",\"width\":1571,\"height\":775},{\"@type\":\"BreadcrumbList\",\"@id\":\"https:\/\/pb.edu.pl\/cdias\/uczelnia-w-liczbach\/uczelnia-w-liczbach-2022-12-31\/#breadcrumb\",\"itemListElement\":[{\"@type\":\"ListItem\",\"position\":1,\"name\":\"Strona g\u0142\u00f3wna\",\"item\":\"https:\/\/pb.edu.pl\/cdias\/\"},{\"@type\":\"ListItem\",\"position\":2,\"name\":\"Uczelnia w liczbach\",\"item\":\"https:\/\/pb.edu.pl\/cdias\/uczelnia-w-liczbach\/\"},{\"@type\":\"ListItem\",\"position\":3,\"name\":\"Uczelnia w liczbach (2022-12-31)\"}]},{\"@type\":\"WebSite\",\"@id\":\"https:\/\/pb.edu.pl\/cdias\/#website\",\"url\":\"https:\/\/pb.edu.pl\/cdias\/\",\"name\":\"Centrum Danych i Analiz Strategicznych\",\"description\":\"\",\"potentialAction\":[{\"@type\":\"SearchAction\",\"target\":{\"@type\":\"EntryPoint\",\"urlTemplate\":\"https:\/\/pb.edu.pl\/cdias\/?s={search_term_string}\"},\"query-input\":{\"@type\":\"PropertyValueSpecification\",\"valueRequired\":true,\"valueName\":\"search_term_string\"}}],\"inLanguage\":\"pl-PL\"}]}<\/script>\n<!-- \/ Yoast SEO plugin. -->","yoast_head_json":{"title":"Uczelnia w liczbach (2022-12-31) - Centrum Danych i Analiz Strategicznych","description":"&nbsp; Dane na dzie\u0144 31.12.2022 r. Pracownicy Uczelni Liczba pracownik\u00f3w Politechniki Bia\u0142ostockiej wed\u0142ug stanu na dzie\u0144 31.12.2022 r.&nbsp; - 1 376.","robots":{"index":"index","follow":"follow","max-snippet":"max-snippet:-1","max-image-preview":"max-image-preview:large","max-video-preview":"max-video-preview:-1"},"canonical":"https:\/\/pb.edu.pl\/cdias\/uczelnia-w-liczbach\/uczelnia-w-liczbach-2022-12-31\/","og_locale":"pl_PL","og_type":"article","og_title":"Uczelnia w liczbach (2022-12-31) - Centrum Danych i Analiz Strategicznych","og_description":"&nbsp; Dane na dzie\u0144 31.12.2022 r. Pracownicy Uczelni Liczba pracownik\u00f3w Politechniki Bia\u0142ostockiej wed\u0142ug stanu na dzie\u0144 31.12.2022 r.&nbsp; - 1 376.","og_url":"https:\/\/pb.edu.pl\/cdias\/uczelnia-w-liczbach\/uczelnia-w-liczbach-2022-12-31\/","og_site_name":"Centrum Danych i Analiz Strategicznych","article_modified_time":"2024-02-09T08:24:41+00:00","og_image":[{"width":1571,"height":775,"url":"https:\/\/pb.edu.pl\/cdias\/wp-content\/uploads\/sites\/55\/2023\/04\/PB_2.jpg","type":"image\/jpeg"}],"twitter_card":"summary_large_image","twitter_misc":{"Szacowany czas czytania":"1 minuta"},"schema":{"@context":"https:\/\/schema.org","@graph":[{"@type":"WebPage","@id":"https:\/\/pb.edu.pl\/cdias\/uczelnia-w-liczbach\/uczelnia-w-liczbach-2022-12-31\/","url":"https:\/\/pb.edu.pl\/cdias\/uczelnia-w-liczbach\/uczelnia-w-liczbach-2022-12-31\/","name":"Uczelnia w liczbach (2022-12-31) - Centrum Danych i Analiz Strategicznych","isPartOf":{"@id":"https:\/\/pb.edu.pl\/cdias\/#website"},"primaryImageOfPage":{"@id":"https:\/\/pb.edu.pl\/cdias\/uczelnia-w-liczbach\/uczelnia-w-liczbach-2022-12-31\/#primaryimage"},"image":{"@id":"https:\/\/pb.edu.pl\/cdias\/uczelnia-w-liczbach\/uczelnia-w-liczbach-2022-12-31\/#primaryimage"},"thumbnailUrl":"https:\/\/pb.edu.pl\/cdias\/wp-content\/uploads\/sites\/55\/2023\/04\/PB_2.jpg","datePublished":"2024-02-09T08:21:21+00:00","dateModified":"2024-02-09T08:24:41+00:00","description":"&nbsp; Dane na dzie\u0144 31.12.2022 r. Pracownicy Uczelni Liczba pracownik\u00f3w Politechniki Bia\u0142ostockiej wed\u0142ug stanu na dzie\u0144 31.12.2022 r.&nbsp; - 1 376.","breadcrumb":{"@id":"https:\/\/pb.edu.pl\/cdias\/uczelnia-w-liczbach\/uczelnia-w-liczbach-2022-12-31\/#breadcrumb"},"inLanguage":"pl-PL","potentialAction":[{"@type":"ReadAction","target":["https:\/\/pb.edu.pl\/cdias\/uczelnia-w-liczbach\/uczelnia-w-liczbach-2022-12-31\/"]}]},{"@type":"ImageObject","inLanguage":"pl-PL","@id":"https:\/\/pb.edu.pl\/cdias\/uczelnia-w-liczbach\/uczelnia-w-liczbach-2022-12-31\/#primaryimage","url":"https:\/\/pb.edu.pl\/cdias\/wp-content\/uploads\/sites\/55\/2023\/04\/PB_2.jpg","contentUrl":"https:\/\/pb.edu.pl\/cdias\/wp-content\/uploads\/sites\/55\/2023\/04\/PB_2.jpg","width":1571,"height":775},{"@type":"BreadcrumbList","@id":"https:\/\/pb.edu.pl\/cdias\/uczelnia-w-liczbach\/uczelnia-w-liczbach-2022-12-31\/#breadcrumb","itemListElement":[{"@type":"ListItem","position":1,"name":"Strona g\u0142\u00f3wna","item":"https:\/\/pb.edu.pl\/cdias\/"},{"@type":"ListItem","position":2,"name":"Uczelnia w liczbach","item":"https:\/\/pb.edu.pl\/cdias\/uczelnia-w-liczbach\/"},{"@type":"ListItem","position":3,"name":"Uczelnia w liczbach (2022-12-31)"}]},{"@type":"WebSite","@id":"https:\/\/pb.edu.pl\/cdias\/#website","url":"https:\/\/pb.edu.pl\/cdias\/","name":"Centrum Danych i Analiz Strategicznych","description":"","potentialAction":[{"@type":"SearchAction","target":{"@type":"EntryPoint","urlTemplate":"https:\/\/pb.edu.pl\/cdias\/?s={search_term_string}"},"query-input":{"@type":"PropertyValueSpecification","valueRequired":true,"valueName":"search_term_string"}}],"inLanguage":"pl-PL"}]}},"_links":{"self":[{"href":"https:\/\/pb.edu.pl\/cdias\/wp-json\/wp\/v2\/pages\/1206","targetHints":{"allow":["GET"]}}],"collection":[{"href":"https:\/\/pb.edu.pl\/cdias\/wp-json\/wp\/v2\/pages"}],"about":[{"href":"https:\/\/pb.edu.pl\/cdias\/wp-json\/wp\/v2\/types\/page"}],"author":[{"embeddable":true,"href":"https:\/\/pb.edu.pl\/cdias\/wp-json\/wp\/v2\/users\/76"}],"replies":[{"embeddable":true,"href":"https:\/\/pb.edu.pl\/cdias\/wp-json\/wp\/v2\/comments?post=1206"}],"version-history":[{"count":0,"href":"https:\/\/pb.edu.pl\/cdias\/wp-json\/wp\/v2\/pages\/1206\/revisions"}],"up":[{"embeddable":true,"href":"https:\/\/pb.edu.pl\/cdias\/wp-json\/wp\/v2\/pages\/37"}],"wp:attachment":[{"href":"https:\/\/pb.edu.pl\/cdias\/wp-json\/wp\/v2\/media?parent=1206"}],"curies":[{"name":"wp","href":"https:\/\/api.w.org\/{rel}","templated":true}]}}