{"id":1139,"date":"2024-01-10T11:42:55","date_gmt":"2024-01-10T10:42:55","guid":{"rendered":"https:\/\/pb.edu.pl\/cdias\/?page_id=1139"},"modified":"2025-04-16T07:39:02","modified_gmt":"2025-04-16T05:39:02","slug":"rankingi-zrownowazonego-rozwoju","status":"publish","type":"page","link":"https:\/\/pb.edu.pl\/cdias\/rankingi-miedzynarodowe\/rankingi-zrownowazonego-rozwoju\/","title":{"rendered":"Rankingi zr\u00f3wnowa\u017conego rozwoju"},"content":{"rendered":"<p><img loading=\"lazy\" decoding=\"async\" class=\"aligncenter wp-image-2528 \" src=\"https:\/\/pb.edu.pl\/cdias\/wp-content\/uploads\/sites\/55\/2025\/03\/r_z_r-1-1024x530.png\" alt=\"\" width=\"442\" height=\"229\" srcset=\"https:\/\/pb.edu.pl\/cdias\/wp-content\/uploads\/sites\/55\/2025\/03\/r_z_r-1-1024x530.png 1024w, https:\/\/pb.edu.pl\/cdias\/wp-content\/uploads\/sites\/55\/2025\/03\/r_z_r-1-300x155.png 300w, https:\/\/pb.edu.pl\/cdias\/wp-content\/uploads\/sites\/55\/2025\/03\/r_z_r-1-768x397.png 768w, https:\/\/pb.edu.pl\/cdias\/wp-content\/uploads\/sites\/55\/2025\/03\/r_z_r-1.png 1426w\" sizes=\"auto, (max-width: 442px) 100vw, 442px\" \/><\/p>\n<div class=\"col-sm-12 text-center\"><a class=\"button text-center animated zoomIn lead font-500\" style=\"width: 100%\" href=\"\/cdias\/mapowanie-slow-kluczowych\/\">Mapowanie s\u0142\u00f3w kluczowych w rankingach zr\u00f3wnowa\u017conego rozwoju<\/a><\/div>\n<div>&nbsp;<\/div>\n<p>&nbsp;<\/p>\n<h2 style=\"text-align: justify\"><span style=\"font-size: 12pt\">W 2023 roku Politechnika Bia\u0142ostocka rozpocz\u0119\u0142a proces aplikowania do ranking\u00f3w zr\u00f3wnowa\u017conego rozwoju. Ten krok stanowi efekt konsekwentnej polityki ucz<\/span><span style=\"font-size: 12pt;color: inherit\">elni, ukierunkowanej na realizacj\u0119 Cel\u00f3w <\/span><span style=\"font-size: 12pt;color: inherit\">Zr\u00f3wnowa\u017con<\/span><span style=\"font-size: 12pt;color: inherit\">ego Rozwoju ONZ i wytycznych Komisji Europejskiej. Jest to tak\u017ce wynik systematycznego i dynamicznego wdro\u017cenia przyj\u0119tej w 2022 roku Stra<\/span><span style=\"color: inherit;font-size: 12pt\">tegii Zr\u00f3wnowa\u017conego Rozwoju Politechniki Bia\u0142ostockiej pod has\u0142em \u201eMoja Zielona Politechnika&#8221;.<\/span><span style=\"font-size: 12pt\"><img loading=\"lazy\" decoding=\"async\" class=\"wp-image-2065 size-medium aligncenter\" src=\"https:\/\/pb.edu.pl\/cdias\/wp-content\/uploads\/sites\/55\/2024\/12\/planet-7014517_1280-300x150.png\" alt=\"\" width=\"300\" height=\"150\" srcset=\"https:\/\/pb.edu.pl\/cdias\/wp-content\/uploads\/sites\/55\/2024\/12\/planet-7014517_1280-300x150.png 300w, https:\/\/pb.edu.pl\/cdias\/wp-content\/uploads\/sites\/55\/2024\/12\/planet-7014517_1280-1024x512.png 1024w, https:\/\/pb.edu.pl\/cdias\/wp-content\/uploads\/sites\/55\/2024\/12\/planet-7014517_1280-768x384.png 768w, https:\/\/pb.edu.pl\/cdias\/wp-content\/uploads\/sites\/55\/2024\/12\/planet-7014517_1280.png 1280w\" sizes=\"auto, (max-width: 300px) 100vw, 300px\" \/><\/span><\/h2>\n<p style=\"text-align: justify\"><span style=\"font-size: 11pt\">Politech<\/span><span style=\"font-size: 11pt\">nika Bia\u0142ostocka zosta\u0142a uwzgl\u0119dniona w trzech rankingach: UI GreenMetric,&nbsp; QS&nbsp;<\/span><span style=\"font-size: 11pt\">World University Rankings: Sustainability oraz The Impact Rankings. Potwierdza to wysi\u0142ki uczelni w kierunku zr\u00f3wnowa\u017conego rozwoju oraz zaanga\u017cowanie w realizacj\u0119 cel\u00f3w okre\u015blonych przez ONZ i Komisj\u0119 Europejsk\u0105.<\/span><br \/>\n<span style=\"font-size: 11pt\">Ranking UI GreenMetric znany jest z oceny dzia\u0142a\u0144 uczelni w obszarach takich jak zarz\u0105dzanie energi\u0105, zu\u017cycie wody, transport, a tak\u017ce promowanie edukacji zr\u00f3wnowa\u017conej i prowadzenie bada\u0144 naukowych w tym zakresie. QS World University Rankings: Sustainability to ranking, kt\u00f3ry uwzgl\u0119dnia szeroki zakres kryteri\u00f3w, oceniaj\u0105cych zaanga\u017cowanie uczelni w zr\u00f3wnowa\u017cone praktyki zar\u00f3wno na p\u0142aszczy\u017anie naukowej, spo\u0142ecznej, jak i ekologicznej. The Impact Rankings skupia ocene dzia\u0142a\u0144 uczelni w opraciu o 17 Celi Zr\u00f3wnowa\u017conego Rozwoju (SDG). <\/span><span style=\"font-size: 11pt\">Obecno\u015b\u0107 Politechniki Bia\u0142ostockiej w tych rankingach stanowi znacz\u0105ce wyr\u00f3\u017cnienie dla uczelni, \u015bwiadcz\u0105ce o jej presti\u017cu oraz mi\u0119dzynarodowym uznaniu. Osi\u0105gni\u0119cie tego rodzaju wyr\u00f3\u017cnienia stanowi tak\u017ce motywacj\u0119 do dalszego podejmowania wysi\u0142k\u00f3w na rzecz zr\u00f3wnowa\u017conego rozwoju w przysz\u0142o\u015bci.<\/span><\/p>\n<div>\n<h2 style=\"text-align: center\">Najbardziej rozpoznawalne rankingi zr\u00f3wnowa\u017conego rozwoju<\/h2>\n<p style=\"text-align: center\">&nbsp;<br \/>\n<a name=\"tu-skacz\"><\/a>&nbsp;<\/p>\n<div id=\"box-menu\" class=\"href\" style=\"justify-content: center\">&nbsp;<\/div>\n<div class=\"row\" style=\"justify-content: center\">\n<div class=\"col-sm-3 text-center\" style=\"text-align: center\"><a class=\"button\" style=\"width: 100%;padding: 2px 2px 2px 2px\" href=\"\/cdias\/rankingi-miedzynarodowe\/rankingi-zrownowazonego-rozwoju\/ul-greenmetric\/\"><span style=\"font-size: 1.8rem\"><img loading=\"lazy\" decoding=\"async\" class=\"aligncenter wp-image-1912 size-full\" src=\"https:\/\/pb.edu.pl\/cdias\/wp-content\/uploads\/sites\/55\/2024\/12\/ULGreen.png\" alt=\" \" width=\"294\" height=\"215\"><\/span><\/a><\/div>\n<div class=\"col-sm-3 text-center\"><a class=\"button\" style=\"width: 100%;padding: 2px 2px 2px 2px\" href=\"\/cdias\/rankingi-miedzynarodowe\/rankingi-zrownowazonego-rozwoju\/qs-world-univesity-sustainability\/\"><span style=\"font-size: 1.8rem\"><img loading=\"lazy\" decoding=\"async\" class=\"aligncenter wp-image-1913 size-full\" src=\"https:\/\/pb.edu.pl\/cdias\/wp-content\/uploads\/sites\/55\/2024\/12\/QSS.png\" alt=\"Ul Greenmetric\" width=\"300\" height=\"220\"><\/span><\/a><\/div>\n<div class=\"col-sm-3 text-center\"><a class=\"button\" style=\"width: 100%;padding: 2px 2px 2px 2px\" href=\"\/cdias\/rankingi-miedzynarodowe\/rankingi-zrownowazonego-rozwoju\/the-impact-rankings\/\"><span style=\"font-size: 1.8rem\"><img loading=\"lazy\" decoding=\"async\" class=\"aligncenter wp-image-1914 size-full\" src=\"https:\/\/pb.edu.pl\/cdias\/wp-content\/uploads\/sites\/55\/2024\/12\/Bez-nazwy.png\" alt=\"The Impact Rankings\" width=\"300\" height=\"220\"><\/span><\/a><\/div>\n<\/div>\n<\/div>\n<p>&nbsp;<\/p>\n<hr>\n","protected":false},"excerpt":{"rendered":"<p>Mapowanie s\u0142\u00f3w kluczowych w rankingach zr\u00f3wnowa\u017conego rozwoju &nbsp; &nbsp; W 2023 roku Politechnika Bia\u0142ostocka rozpocz\u0119\u0142a<\/p>\n","protected":false},"author":2,"featured_media":0,"parent":1136,"menu_order":2,"comment_status":"closed","ping_status":"closed","template":"","meta":{"_acf_changed":false,"ngg_post_thumbnail":0,"footnotes":""},"class_list":["post-1139","page","type-page","status-publish","hentry"],"acf":[],"yoast_head":"<!-- This site is optimized with the Yoast SEO plugin v27.0 - https:\/\/yoast.com\/product\/yoast-seo-wordpress\/ -->\n<title>Rankingi zr\u00f3wnowa\u017conego rozwoju - Centrum Danych i Analiz Strategicznych<\/title>\n<meta name=\"description\" content=\"Mapowanie s\u0142\u00f3w kluczowych w rankingach zr\u00f3wnowa\u017conego rozwoju &nbsp; &nbsp; W 2023 roku Politechnika Bia\u0142ostocka rozpocz\u0119\u0142a proces aplikowania do\" \/>\n<meta name=\"robots\" content=\"index, follow, max-snippet:-1, max-image-preview:large, max-video-preview:-1\" \/>\n<link rel=\"canonical\" href=\"https:\/\/pb.edu.pl\/cdias\/rankingi-miedzynarodowe\/rankingi-zrownowazonego-rozwoju\/\" \/>\n<meta property=\"og:locale\" content=\"pl_PL\" \/>\n<meta property=\"og:type\" content=\"article\" \/>\n<meta property=\"og:title\" content=\"Rankingi zr\u00f3wnowa\u017conego rozwoju - Centrum Danych i Analiz Strategicznych\" \/>\n<meta property=\"og:description\" content=\"Mapowanie s\u0142\u00f3w kluczowych w rankingach zr\u00f3wnowa\u017conego rozwoju &nbsp; &nbsp; W 2023 roku Politechnika Bia\u0142ostocka rozpocz\u0119\u0142a proces aplikowania do\" \/>\n<meta property=\"og:url\" content=\"https:\/\/pb.edu.pl\/cdias\/rankingi-miedzynarodowe\/rankingi-zrownowazonego-rozwoju\/\" \/>\n<meta property=\"og:site_name\" content=\"Centrum Danych i Analiz Strategicznych\" \/>\n<meta property=\"article:modified_time\" content=\"2025-04-16T05:39:02+00:00\" \/>\n<meta property=\"og:image\" content=\"https:\/\/pb.edu.pl\/cdias\/wp-content\/uploads\/sites\/55\/2025\/03\/r_z_r-1.png\" \/>\n\t<meta property=\"og:image:width\" content=\"1426\" \/>\n\t<meta property=\"og:image:height\" content=\"738\" \/>\n\t<meta property=\"og:image:type\" content=\"image\/png\" \/>\n<meta name=\"twitter:card\" content=\"summary_large_image\" \/>\n<meta name=\"twitter:label1\" content=\"Szacowany czas czytania\" \/>\n\t<meta name=\"twitter:data1\" content=\"1 minuta\" \/>\n<script type=\"application\/ld+json\" class=\"yoast-schema-graph\">{\"@context\":\"https:\/\/schema.org\",\"@graph\":[{\"@type\":\"WebPage\",\"@id\":\"https:\/\/pb.edu.pl\/cdias\/rankingi-miedzynarodowe\/rankingi-zrownowazonego-rozwoju\/\",\"url\":\"https:\/\/pb.edu.pl\/cdias\/rankingi-miedzynarodowe\/rankingi-zrownowazonego-rozwoju\/\",\"name\":\"Rankingi zr\u00f3wnowa\u017conego rozwoju - Centrum Danych i Analiz Strategicznych\",\"isPartOf\":{\"@id\":\"https:\/\/pb.edu.pl\/cdias\/#website\"},\"primaryImageOfPage\":{\"@id\":\"https:\/\/pb.edu.pl\/cdias\/rankingi-miedzynarodowe\/rankingi-zrownowazonego-rozwoju\/#primaryimage\"},\"image\":{\"@id\":\"https:\/\/pb.edu.pl\/cdias\/rankingi-miedzynarodowe\/rankingi-zrownowazonego-rozwoju\/#primaryimage\"},\"thumbnailUrl\":\"https:\/\/pb.edu.pl\/cdias\/wp-content\/uploads\/sites\/55\/2025\/03\/r_z_r-1-1024x530.png\",\"datePublished\":\"2024-01-10T10:42:55+00:00\",\"dateModified\":\"2025-04-16T05:39:02+00:00\",\"description\":\"Mapowanie s\u0142\u00f3w kluczowych w rankingach zr\u00f3wnowa\u017conego rozwoju &nbsp; &nbsp; W 2023 roku Politechnika Bia\u0142ostocka rozpocz\u0119\u0142a proces aplikowania do\",\"breadcrumb\":{\"@id\":\"https:\/\/pb.edu.pl\/cdias\/rankingi-miedzynarodowe\/rankingi-zrownowazonego-rozwoju\/#breadcrumb\"},\"inLanguage\":\"pl-PL\",\"potentialAction\":[{\"@type\":\"ReadAction\",\"target\":[\"https:\/\/pb.edu.pl\/cdias\/rankingi-miedzynarodowe\/rankingi-zrownowazonego-rozwoju\/\"]}]},{\"@type\":\"ImageObject\",\"inLanguage\":\"pl-PL\",\"@id\":\"https:\/\/pb.edu.pl\/cdias\/rankingi-miedzynarodowe\/rankingi-zrownowazonego-rozwoju\/#primaryimage\",\"url\":\"https:\/\/pb.edu.pl\/cdias\/wp-content\/uploads\/sites\/55\/2025\/03\/r_z_r-1.png\",\"contentUrl\":\"https:\/\/pb.edu.pl\/cdias\/wp-content\/uploads\/sites\/55\/2025\/03\/r_z_r-1.png\",\"width\":1426,\"height\":738},{\"@type\":\"BreadcrumbList\",\"@id\":\"https:\/\/pb.edu.pl\/cdias\/rankingi-miedzynarodowe\/rankingi-zrownowazonego-rozwoju\/#breadcrumb\",\"itemListElement\":[{\"@type\":\"ListItem\",\"position\":1,\"name\":\"Strona g\u0142\u00f3wna\",\"item\":\"https:\/\/pb.edu.pl\/cdias\/\"},{\"@type\":\"ListItem\",\"position\":2,\"name\":\"Rankingi mi\u0119dzynarodowe\",\"item\":\"https:\/\/pb.edu.pl\/cdias\/rankingi-miedzynarodowe\/\"},{\"@type\":\"ListItem\",\"position\":3,\"name\":\"Rankingi zr\u00f3wnowa\u017conego rozwoju\"}]},{\"@type\":\"WebSite\",\"@id\":\"https:\/\/pb.edu.pl\/cdias\/#website\",\"url\":\"https:\/\/pb.edu.pl\/cdias\/\",\"name\":\"Centrum Danych i Analiz Strategicznych\",\"description\":\"\",\"potentialAction\":[{\"@type\":\"SearchAction\",\"target\":{\"@type\":\"EntryPoint\",\"urlTemplate\":\"https:\/\/pb.edu.pl\/cdias\/?s={search_term_string}\"},\"query-input\":{\"@type\":\"PropertyValueSpecification\",\"valueRequired\":true,\"valueName\":\"search_term_string\"}}],\"inLanguage\":\"pl-PL\"}]}<\/script>\n<!-- \/ Yoast SEO plugin. -->","yoast_head_json":{"title":"Rankingi zr\u00f3wnowa\u017conego rozwoju - Centrum Danych i Analiz Strategicznych","description":"Mapowanie s\u0142\u00f3w kluczowych w rankingach zr\u00f3wnowa\u017conego rozwoju &nbsp; &nbsp; W 2023 roku Politechnika Bia\u0142ostocka rozpocz\u0119\u0142a proces aplikowania do","robots":{"index":"index","follow":"follow","max-snippet":"max-snippet:-1","max-image-preview":"max-image-preview:large","max-video-preview":"max-video-preview:-1"},"canonical":"https:\/\/pb.edu.pl\/cdias\/rankingi-miedzynarodowe\/rankingi-zrownowazonego-rozwoju\/","og_locale":"pl_PL","og_type":"article","og_title":"Rankingi zr\u00f3wnowa\u017conego rozwoju - Centrum Danych i Analiz Strategicznych","og_description":"Mapowanie s\u0142\u00f3w kluczowych w rankingach zr\u00f3wnowa\u017conego rozwoju &nbsp; &nbsp; W 2023 roku Politechnika Bia\u0142ostocka rozpocz\u0119\u0142a proces aplikowania do","og_url":"https:\/\/pb.edu.pl\/cdias\/rankingi-miedzynarodowe\/rankingi-zrownowazonego-rozwoju\/","og_site_name":"Centrum Danych i Analiz Strategicznych","article_modified_time":"2025-04-16T05:39:02+00:00","og_image":[{"width":1426,"height":738,"url":"https:\/\/pb.edu.pl\/cdias\/wp-content\/uploads\/sites\/55\/2025\/03\/r_z_r-1.png","type":"image\/png"}],"twitter_card":"summary_large_image","twitter_misc":{"Szacowany czas czytania":"1 minuta"},"schema":{"@context":"https:\/\/schema.org","@graph":[{"@type":"WebPage","@id":"https:\/\/pb.edu.pl\/cdias\/rankingi-miedzynarodowe\/rankingi-zrownowazonego-rozwoju\/","url":"https:\/\/pb.edu.pl\/cdias\/rankingi-miedzynarodowe\/rankingi-zrownowazonego-rozwoju\/","name":"Rankingi zr\u00f3wnowa\u017conego rozwoju - Centrum Danych i Analiz Strategicznych","isPartOf":{"@id":"https:\/\/pb.edu.pl\/cdias\/#website"},"primaryImageOfPage":{"@id":"https:\/\/pb.edu.pl\/cdias\/rankingi-miedzynarodowe\/rankingi-zrownowazonego-rozwoju\/#primaryimage"},"image":{"@id":"https:\/\/pb.edu.pl\/cdias\/rankingi-miedzynarodowe\/rankingi-zrownowazonego-rozwoju\/#primaryimage"},"thumbnailUrl":"https:\/\/pb.edu.pl\/cdias\/wp-content\/uploads\/sites\/55\/2025\/03\/r_z_r-1-1024x530.png","datePublished":"2024-01-10T10:42:55+00:00","dateModified":"2025-04-16T05:39:02+00:00","description":"Mapowanie s\u0142\u00f3w kluczowych w rankingach zr\u00f3wnowa\u017conego rozwoju &nbsp; &nbsp; W 2023 roku Politechnika Bia\u0142ostocka rozpocz\u0119\u0142a proces aplikowania do","breadcrumb":{"@id":"https:\/\/pb.edu.pl\/cdias\/rankingi-miedzynarodowe\/rankingi-zrownowazonego-rozwoju\/#breadcrumb"},"inLanguage":"pl-PL","potentialAction":[{"@type":"ReadAction","target":["https:\/\/pb.edu.pl\/cdias\/rankingi-miedzynarodowe\/rankingi-zrownowazonego-rozwoju\/"]}]},{"@type":"ImageObject","inLanguage":"pl-PL","@id":"https:\/\/pb.edu.pl\/cdias\/rankingi-miedzynarodowe\/rankingi-zrownowazonego-rozwoju\/#primaryimage","url":"https:\/\/pb.edu.pl\/cdias\/wp-content\/uploads\/sites\/55\/2025\/03\/r_z_r-1.png","contentUrl":"https:\/\/pb.edu.pl\/cdias\/wp-content\/uploads\/sites\/55\/2025\/03\/r_z_r-1.png","width":1426,"height":738},{"@type":"BreadcrumbList","@id":"https:\/\/pb.edu.pl\/cdias\/rankingi-miedzynarodowe\/rankingi-zrownowazonego-rozwoju\/#breadcrumb","itemListElement":[{"@type":"ListItem","position":1,"name":"Strona g\u0142\u00f3wna","item":"https:\/\/pb.edu.pl\/cdias\/"},{"@type":"ListItem","position":2,"name":"Rankingi mi\u0119dzynarodowe","item":"https:\/\/pb.edu.pl\/cdias\/rankingi-miedzynarodowe\/"},{"@type":"ListItem","position":3,"name":"Rankingi zr\u00f3wnowa\u017conego rozwoju"}]},{"@type":"WebSite","@id":"https:\/\/pb.edu.pl\/cdias\/#website","url":"https:\/\/pb.edu.pl\/cdias\/","name":"Centrum Danych i Analiz Strategicznych","description":"","potentialAction":[{"@type":"SearchAction","target":{"@type":"EntryPoint","urlTemplate":"https:\/\/pb.edu.pl\/cdias\/?s={search_term_string}"},"query-input":{"@type":"PropertyValueSpecification","valueRequired":true,"valueName":"search_term_string"}}],"inLanguage":"pl-PL"}]}},"_links":{"self":[{"href":"https:\/\/pb.edu.pl\/cdias\/wp-json\/wp\/v2\/pages\/1139","targetHints":{"allow":["GET"]}}],"collection":[{"href":"https:\/\/pb.edu.pl\/cdias\/wp-json\/wp\/v2\/pages"}],"about":[{"href":"https:\/\/pb.edu.pl\/cdias\/wp-json\/wp\/v2\/types\/page"}],"author":[{"embeddable":true,"href":"https:\/\/pb.edu.pl\/cdias\/wp-json\/wp\/v2\/users\/2"}],"replies":[{"embeddable":true,"href":"https:\/\/pb.edu.pl\/cdias\/wp-json\/wp\/v2\/comments?post=1139"}],"version-history":[{"count":0,"href":"https:\/\/pb.edu.pl\/cdias\/wp-json\/wp\/v2\/pages\/1139\/revisions"}],"up":[{"embeddable":true,"href":"https:\/\/pb.edu.pl\/cdias\/wp-json\/wp\/v2\/pages\/1136"}],"wp:attachment":[{"href":"https:\/\/pb.edu.pl\/cdias\/wp-json\/wp\/v2\/media?parent=1139"}],"curies":[{"name":"wp","href":"https:\/\/api.w.org\/{rel}","templated":true}]}}