{"id":11,"date":"2020-10-10T19:55:28","date_gmt":"2020-10-10T17:55:28","guid":{"rendered":"https:\/\/pb.edu.pl\/cdias\/?page_id=11"},"modified":"2025-10-12T19:13:54","modified_gmt":"2025-10-12T17:13:54","slug":"home","status":"publish","type":"page","link":"https:\/\/pb.edu.pl\/cdias\/","title":{"rendered":""},"content":{"rendered":"<p>&nbsp;<br \/>\n<a name=\"tu-skacz\"><\/a>&nbsp;<\/p>\n<div id=\"box-menu\" class=\"href\">&nbsp;<\/div>\n<div class=\"row\">\n<div class=\"col-sm-3 text-center\"><a class=\"button\" style=\"width: 100%;padding: 0px 5px 10px 5px\" title=\"Zakres dzia\u0142a\u0144\" href=\"\/cdias\/zakres-dzialan\/\"><span style=\"font-size: 1.8rem\"><img loading=\"lazy\" decoding=\"async\" class=\"image-button aligncenter wp-image-1898\" src=\"https:\/\/pb.edu.pl\/cdias\/wp-content\/uploads\/sites\/55\/2024\/12\/zakres-1.png\" alt=\"\" width=\"200\" height=\"147\">Zakres dzia\u0142a\u0144<\/span><\/a><\/div>\n<div class=\"col-sm-3 text-center\"><a class=\"button\" style=\"width: 100%;padding: 0px 5px 10px 5px\" title=\"Pracownicy\" href=\"\/cdias\/pracownicy\/\"><span style=\"font-size: 1.8rem\"> <img loading=\"lazy\" decoding=\"async\" class=\"image-button aligncenter wp-image-1899\" src=\"https:\/\/pb.edu.pl\/cdias\/wp-content\/uploads\/sites\/55\/2024\/12\/pracownicy-1.png\" alt=\"\" width=\"200\" height=\"147\">Pracownicy<\/span><\/a><\/div>\n<div class=\"col-sm-3 text-center\"><a class=\"button\" style=\"width: 100%;padding: 0px 5px 10px 5px\" title=\"POL-on\" href=\"\/cdias\/polon\/\"><span style=\"font-size: 1.8rem\"><img loading=\"lazy\" decoding=\"async\" class=\"image-button aligncenter wp-image-1900\" src=\"https:\/\/pb.edu.pl\/cdias\/wp-content\/uploads\/sites\/55\/2024\/12\/polon-1.png\" alt=\"\" width=\"200\" height=\"147\">POL-on<\/span><\/a><\/div>\n<div class=\"col-sm-3 text-center\"><a class=\"button\" style=\"width: 100%;padding: 0px 5px 10px 5px\" title=\"Dane osobowe\" href=\"\/cdias\/dane-osobowe\/\"><span style=\"font-size: 1.8rem\"><img loading=\"lazy\" decoding=\"async\" class=\"image-button aligncenter wp-image-1901\" src=\"https:\/\/pb.edu.pl\/cdias\/wp-content\/uploads\/sites\/55\/2024\/12\/dane_osobowe.png\" alt=\"\" width=\"200\" height=\"147\">Dane osobowe<\/span><\/a><\/div>\n<\/div>\n<p>&nbsp;<\/p>\n<div class=\"row\">\n<div class=\"col-sm-3 text-center\"><a class=\"button\" style=\"width: 100%;padding: 0px 5px 10px 5px\" href=\"\/cdias\/rankingi-miedzynarodowe\/\"><span style=\"font-size: 1.8rem\"><img loading=\"lazy\" decoding=\"async\" class=\"image-button aligncenter wp-image-1902\" src=\"https:\/\/pb.edu.pl\/cdias\/wp-content\/uploads\/sites\/55\/2024\/12\/rankingi-1.png\" alt=\"\" width=\"200\" height=\"147\">Rankingi mi\u0119dzynarodowe<\/span><\/a><\/div>\n<div class=\"col-sm-3 text-center\"><a class=\"button\" style=\"width: 100%;padding: 0px 5px 10px 5px\" href=\"\/cdias\/uczelnia-w-liczbach\/\"><span style=\"font-size: 1.8rem\"><img loading=\"lazy\" decoding=\"async\" class=\"image-button aligncenter wp-image-1897\" src=\"https:\/\/pb.edu.pl\/cdias\/wp-content\/uploads\/sites\/55\/2024\/12\/uczelnia_w_liczbach.png\" alt=\"\" width=\"200\" height=\"147\">Uczelnia w liczbach<\/span><\/a><\/div>\n<div class=\"col-sm-3 text-center\"><a class=\"button\" style=\"width: 100%;padding: 0px 5px 10px 5px\" href=\"\/cdias\/epuap\/\"><span style=\"font-size: 1.8rem\"><img loading=\"lazy\" decoding=\"async\" class=\"image-button aligncenter wp-image-1903\" src=\"https:\/\/pb.edu.pl\/cdias\/wp-content\/uploads\/sites\/55\/2024\/12\/epuap-1.png\" alt=\"\" width=\"200\" height=\"147\">ePUAP<\/span><\/a><\/div>\n<div class=\"col-sm-3 text-center\"><a class=\"button\" style=\"width: 100%;padding: 0px 5px 10px 5px\" href=\"\/cdias\/e-doreczenia\/\"><span style=\"font-size: 1.8rem\"><img loading=\"lazy\" decoding=\"async\" class=\"image-button aligncenter wp-image-2146\" src=\"https:\/\/pb.edu.pl\/cdias\/wp-content\/uploads\/sites\/55\/2025\/01\/e-doreczenia4.png\" alt=\"\" width=\"200\" height=\"147\">e-Dor\u0119czenia<\/span><\/a><\/div>\n<\/div>\n<p>&nbsp;<\/p>\n<div class=\"row\">\n<div class=\"col-sm-3 text-center\"><a class=\"button\" style=\"width: 100%;padding: 0px 5px 10px 5px\" href=\"\/cdias\/kontakt\/\"><span style=\"font-size: 1.8rem\"><img loading=\"lazy\" decoding=\"async\" class=\"image-button aligncenter wp-image-1904\" src=\"https:\/\/pb.edu.pl\/cdias\/wp-content\/uploads\/sites\/55\/2024\/12\/kontakt-1.png\" alt=\"\" width=\"200\" height=\"147\">Kontakt<\/span><\/a><\/div>\n<div class=\"col-sm-3 text-center\"><a class=\"button\" style=\"width: 100%;padding: 0px 5px 10px 5px\" href=\"\/cdias\/centralny-rejestr-umow\/\"><span style=\"font-size: 1.8rem\"><img loading=\"lazy\" decoding=\"async\" class=\"image-button aligncenter wp-image-1905\" src=\"https:\/\/pb.edu.pl\/cdias\/wp-content\/uploads\/sites\/55\/2024\/12\/rejestr.png\" alt=\"\" width=\"200\" height=\"147\">Centralny Rejestr Um\u00f3w<\/span><\/a><\/div>\n<div class=\"col-sm-3 text-center\"><a class=\"button\" style=\"width: 100%;padding: 0px 5px 10px 5px\" href=\"\/cdias\/informacja-publiczna\/\"><span style=\"font-size: 1.8rem\"><img loading=\"lazy\" decoding=\"async\" class=\"image-button aligncenter wp-image-1906\" src=\"https:\/\/pb.edu.pl\/cdias\/wp-content\/uploads\/sites\/55\/2024\/12\/inf_pub.png\" alt=\"\" width=\"200\" height=\"147\">Informacja publiczna<\/span><\/a><\/div>\n<div class=\"col-sm-3 text-center\"><a class=\"button\" style=\"width: 100%;padding: 0px 5px 10px 5px\" title=\"\" href=\"https:\/\/pb.edu.pl\/cdias\/nawigator-wiedzy\/\"><span style=\"font-size: 1.8rem\"><img loading=\"lazy\" decoding=\"async\" class=\"image-button aligncenter wp-image-2236\" src=\"https:\/\/pb.edu.pl\/cdias\/wp-content\/uploads\/sites\/55\/2025\/01\/NAWIGATOR3.png\" alt=\"\" width=\"200\" height=\"147\">Nawigator wiedzy<\/span><\/a><\/div>\n<\/div>\n<div class=\"col-sm-1 text-center\">&nbsp;<\/div>\n<p>&nbsp;<\/p>\n","protected":false},"excerpt":{"rendered":"<p>&nbsp; &nbsp; &nbsp; Zakres dzia\u0142a\u0144 Pracownicy POL-on Dane osobowe &nbsp; Rankingi mi\u0119dzynarodowe Uczelnia w liczbach<\/p>\n","protected":false},"author":2,"featured_media":1811,"parent":0,"menu_order":0,"comment_status":"closed","ping_status":"closed","template":"templates\/reprezentacyjna-4_8.php","meta":{"_acf_changed":false,"ngg_post_thumbnail":0,"footnotes":""},"class_list":["post-11","page","type-page","status-publish","has-post-thumbnail","hentry"],"acf":[],"yoast_head":"<!-- This site is optimized with the Yoast SEO plugin v27.0 - https:\/\/yoast.com\/product\/yoast-seo-wordpress\/ -->\n<title>Centrum Danych i Analiz Strategicznych<\/title>\n<meta name=\"description\" content=\"&nbsp; &nbsp; &nbsp; Zakres dzia\u0142a\u0144 Pracownicy POL-on Dane osobowe &nbsp; Rankingi mi\u0119dzynarodowe Uczelnia w liczbach ePUAP e-Dor\u0119czenia &nbsp; Kontakt\" \/>\n<meta name=\"robots\" content=\"index, follow, max-snippet:-1, max-image-preview:large, max-video-preview:-1\" \/>\n<link rel=\"canonical\" href=\"https:\/\/pb.edu.pl\/cdias\/\" \/>\n<meta property=\"og:locale\" content=\"pl_PL\" \/>\n<meta property=\"og:type\" content=\"article\" \/>\n<meta property=\"og:title\" content=\"Centrum Danych i Analiz Strategicznych\" \/>\n<meta property=\"og:description\" content=\"&nbsp; &nbsp; &nbsp; Zakres dzia\u0142a\u0144 Pracownicy POL-on Dane osobowe &nbsp; Rankingi mi\u0119dzynarodowe Uczelnia w liczbach ePUAP e-Dor\u0119czenia &nbsp; Kontakt\" \/>\n<meta property=\"og:url\" content=\"https:\/\/pb.edu.pl\/cdias\/\" \/>\n<meta property=\"og:site_name\" content=\"Centrum Danych i Analiz Strategicznych\" \/>\n<meta property=\"article:modified_time\" content=\"2025-10-12T17:13:54+00:00\" \/>\n<meta property=\"og:image\" content=\"https:\/\/pb.edu.pl\/cdias\/wp-content\/uploads\/sites\/55\/2024\/11\/kropki-1.png\" \/>\n\t<meta property=\"og:image:width\" content=\"1920\" \/>\n\t<meta property=\"og:image:height\" content=\"600\" \/>\n\t<meta property=\"og:image:type\" content=\"image\/png\" \/>\n<meta name=\"twitter:card\" content=\"summary_large_image\" \/>\n<meta name=\"twitter:label1\" content=\"Szacowany czas czytania\" \/>\n\t<meta name=\"twitter:data1\" content=\"3 minuty\" \/>\n<script type=\"application\/ld+json\" class=\"yoast-schema-graph\">{\"@context\":\"https:\/\/schema.org\",\"@graph\":[{\"@type\":\"WebPage\",\"@id\":\"https:\/\/pb.edu.pl\/cdias\/\",\"url\":\"https:\/\/pb.edu.pl\/cdias\/\",\"name\":\"Centrum Danych i Analiz Strategicznych\",\"isPartOf\":{\"@id\":\"https:\/\/pb.edu.pl\/cdias\/#website\"},\"primaryImageOfPage\":{\"@id\":\"https:\/\/pb.edu.pl\/cdias\/#primaryimage\"},\"image\":{\"@id\":\"https:\/\/pb.edu.pl\/cdias\/#primaryimage\"},\"thumbnailUrl\":\"https:\/\/pb.edu.pl\/cdias\/wp-content\/uploads\/sites\/55\/2024\/11\/kropki-1.png\",\"datePublished\":\"2020-10-10T17:55:28+00:00\",\"dateModified\":\"2025-10-12T17:13:54+00:00\",\"description\":\"&nbsp; &nbsp; &nbsp; Zakres dzia\u0142a\u0144 Pracownicy POL-on Dane osobowe &nbsp; Rankingi mi\u0119dzynarodowe Uczelnia w liczbach ePUAP e-Dor\u0119czenia &nbsp; Kontakt\",\"inLanguage\":\"pl-PL\",\"potentialAction\":[{\"@type\":\"ReadAction\",\"target\":[\"https:\/\/pb.edu.pl\/cdias\/\"]}]},{\"@type\":\"ImageObject\",\"inLanguage\":\"pl-PL\",\"@id\":\"https:\/\/pb.edu.pl\/cdias\/#primaryimage\",\"url\":\"https:\/\/pb.edu.pl\/cdias\/wp-content\/uploads\/sites\/55\/2024\/11\/kropki-1.png\",\"contentUrl\":\"https:\/\/pb.edu.pl\/cdias\/wp-content\/uploads\/sites\/55\/2024\/11\/kropki-1.png\",\"width\":1920,\"height\":600},{\"@type\":\"WebSite\",\"@id\":\"https:\/\/pb.edu.pl\/cdias\/#website\",\"url\":\"https:\/\/pb.edu.pl\/cdias\/\",\"name\":\"Centrum Danych i Analiz Strategicznych\",\"description\":\"\",\"potentialAction\":[{\"@type\":\"SearchAction\",\"target\":{\"@type\":\"EntryPoint\",\"urlTemplate\":\"https:\/\/pb.edu.pl\/cdias\/?s={search_term_string}\"},\"query-input\":{\"@type\":\"PropertyValueSpecification\",\"valueRequired\":true,\"valueName\":\"search_term_string\"}}],\"inLanguage\":\"pl-PL\"}]}<\/script>\n<!-- \/ Yoast SEO plugin. -->","yoast_head_json":{"title":"Centrum Danych i Analiz Strategicznych","description":"&nbsp; &nbsp; &nbsp; Zakres dzia\u0142a\u0144 Pracownicy POL-on Dane osobowe &nbsp; Rankingi mi\u0119dzynarodowe Uczelnia w liczbach ePUAP e-Dor\u0119czenia &nbsp; Kontakt","robots":{"index":"index","follow":"follow","max-snippet":"max-snippet:-1","max-image-preview":"max-image-preview:large","max-video-preview":"max-video-preview:-1"},"canonical":"https:\/\/pb.edu.pl\/cdias\/","og_locale":"pl_PL","og_type":"article","og_title":"Centrum Danych i Analiz Strategicznych","og_description":"&nbsp; &nbsp; &nbsp; Zakres dzia\u0142a\u0144 Pracownicy POL-on Dane osobowe &nbsp; Rankingi mi\u0119dzynarodowe Uczelnia w liczbach ePUAP e-Dor\u0119czenia &nbsp; Kontakt","og_url":"https:\/\/pb.edu.pl\/cdias\/","og_site_name":"Centrum Danych i Analiz Strategicznych","article_modified_time":"2025-10-12T17:13:54+00:00","og_image":[{"width":1920,"height":600,"url":"https:\/\/pb.edu.pl\/cdias\/wp-content\/uploads\/sites\/55\/2024\/11\/kropki-1.png","type":"image\/png"}],"twitter_card":"summary_large_image","twitter_misc":{"Szacowany czas czytania":"3 minuty"},"schema":{"@context":"https:\/\/schema.org","@graph":[{"@type":"WebPage","@id":"https:\/\/pb.edu.pl\/cdias\/","url":"https:\/\/pb.edu.pl\/cdias\/","name":"Centrum Danych i Analiz Strategicznych","isPartOf":{"@id":"https:\/\/pb.edu.pl\/cdias\/#website"},"primaryImageOfPage":{"@id":"https:\/\/pb.edu.pl\/cdias\/#primaryimage"},"image":{"@id":"https:\/\/pb.edu.pl\/cdias\/#primaryimage"},"thumbnailUrl":"https:\/\/pb.edu.pl\/cdias\/wp-content\/uploads\/sites\/55\/2024\/11\/kropki-1.png","datePublished":"2020-10-10T17:55:28+00:00","dateModified":"2025-10-12T17:13:54+00:00","description":"&nbsp; &nbsp; &nbsp; Zakres dzia\u0142a\u0144 Pracownicy POL-on Dane osobowe &nbsp; Rankingi mi\u0119dzynarodowe Uczelnia w liczbach ePUAP e-Dor\u0119czenia &nbsp; Kontakt","inLanguage":"pl-PL","potentialAction":[{"@type":"ReadAction","target":["https:\/\/pb.edu.pl\/cdias\/"]}]},{"@type":"ImageObject","inLanguage":"pl-PL","@id":"https:\/\/pb.edu.pl\/cdias\/#primaryimage","url":"https:\/\/pb.edu.pl\/cdias\/wp-content\/uploads\/sites\/55\/2024\/11\/kropki-1.png","contentUrl":"https:\/\/pb.edu.pl\/cdias\/wp-content\/uploads\/sites\/55\/2024\/11\/kropki-1.png","width":1920,"height":600},{"@type":"WebSite","@id":"https:\/\/pb.edu.pl\/cdias\/#website","url":"https:\/\/pb.edu.pl\/cdias\/","name":"Centrum Danych i Analiz Strategicznych","description":"","potentialAction":[{"@type":"SearchAction","target":{"@type":"EntryPoint","urlTemplate":"https:\/\/pb.edu.pl\/cdias\/?s={search_term_string}"},"query-input":{"@type":"PropertyValueSpecification","valueRequired":true,"valueName":"search_term_string"}}],"inLanguage":"pl-PL"}]}},"_links":{"self":[{"href":"https:\/\/pb.edu.pl\/cdias\/wp-json\/wp\/v2\/pages\/11","targetHints":{"allow":["GET"]}}],"collection":[{"href":"https:\/\/pb.edu.pl\/cdias\/wp-json\/wp\/v2\/pages"}],"about":[{"href":"https:\/\/pb.edu.pl\/cdias\/wp-json\/wp\/v2\/types\/page"}],"author":[{"embeddable":true,"href":"https:\/\/pb.edu.pl\/cdias\/wp-json\/wp\/v2\/users\/2"}],"replies":[{"embeddable":true,"href":"https:\/\/pb.edu.pl\/cdias\/wp-json\/wp\/v2\/comments?post=11"}],"version-history":[{"count":0,"href":"https:\/\/pb.edu.pl\/cdias\/wp-json\/wp\/v2\/pages\/11\/revisions"}],"wp:featuredmedia":[{"embeddable":true,"href":"https:\/\/pb.edu.pl\/cdias\/wp-json\/wp\/v2\/media\/1811"}],"wp:attachment":[{"href":"https:\/\/pb.edu.pl\/cdias\/wp-json\/wp\/v2\/media?parent=11"}],"curies":[{"name":"wp","href":"https:\/\/api.w.org\/{rel}","templated":true}]}}