{"id":30,"date":"2020-05-18T14:50:02","date_gmt":"2020-05-18T12:50:02","guid":{"rendered":"https:\/\/pb.edu.pl\/bci\/?page_id=30"},"modified":"2025-11-22T12:16:52","modified_gmt":"2025-11-22T11:16:52","slug":"rejestracja","status":"publish","type":"page","link":"https:\/\/pb.edu.pl\/bti\/rejestracja\/","title":{"rendered":"Rejestracja"},"content":{"rendered":"<h2 id=\"bti-limit-title\">Rejestracja jest ju\u017c zako\u0144czona<\/h2>\n<p>Serdecznie zapraszamy do odwiedzenia<br \/>\n<strong>stoisk targowych firm IT<\/strong> dost\u0119pnych w dniu Testu<br \/>\n(26 listopada 2025 r., 9:30\u201313:30)<br \/>\nna <strong>Wydziale Informatyki Politechniki Bia\u0142ostockiej<\/strong>.<\/p>\n<p>Do zobaczenia na wydarzeniu!<\/p>\n<p>&nbsp;<\/p>\n<h2>Rejestracja dla uczni\u00f3w szk\u00f3\u0142 \u015brednich<\/h2>\n<p><a href=\"https:\/\/pb.edu.pl\/bti\/formularz-rejestracyjny-dla-uczniow-2\/\">Formularz rejestracyjny dla uczni\u00f3w<\/a><\/p>\n<p>&nbsp;<\/p>\n<h2>Rejestracja dla student\u00f3w<\/h2>\n<p><a href=\"https:\/\/pb.edu.pl\/bti\/formularz-rejestracyjny-dla-studentow\/\">Formularz rejestracyjny dla student\u00f3w<\/a><\/p>\n","protected":false},"excerpt":{"rendered":"<p>Rejestracja jest ju\u017c zako\u0144czona Serdecznie zapraszamy do odwiedzenia stoisk targowych firm IT dost\u0119pnych w dniu<\/p>\n","protected":false},"author":2,"featured_media":0,"parent":0,"menu_order":2,"comment_status":"closed","ping_status":"closed","template":"","meta":{"_acf_changed":false,"ngg_post_thumbnail":0,"footnotes":""},"class_list":["post-30","page","type-page","status-publish","hentry"],"acf":[],"_links":{"self":[{"href":"https:\/\/pb.edu.pl\/bti\/wp-json\/wp\/v2\/pages\/30","targetHints":{"allow":["GET"]}}],"collection":[{"href":"https:\/\/pb.edu.pl\/bti\/wp-json\/wp\/v2\/pages"}],"about":[{"href":"https:\/\/pb.edu.pl\/bti\/wp-json\/wp\/v2\/types\/page"}],"author":[{"embeddable":true,"href":"https:\/\/pb.edu.pl\/bti\/wp-json\/wp\/v2\/users\/2"}],"replies":[{"embeddable":true,"href":"https:\/\/pb.edu.pl\/bti\/wp-json\/wp\/v2\/comments?post=30"}],"version-history":[{"count":0,"href":"https:\/\/pb.edu.pl\/bti\/wp-json\/wp\/v2\/pages\/30\/revisions"}],"wp:attachment":[{"href":"https:\/\/pb.edu.pl\/bti\/wp-json\/wp\/v2\/media?parent=30"}],"curies":[{"name":"wp","href":"https:\/\/api.w.org\/{rel}","templated":true}]}}