{"id":2709,"date":"2025-11-05T13:23:39","date_gmt":"2025-11-05T12:23:39","guid":{"rendered":"https:\/\/pb.edu.pl\/bti\/?page_id=2709"},"modified":"2025-11-22T12:12:18","modified_gmt":"2025-11-22T11:12:18","slug":"formularz-rejestracyjny-dla-uczniow-2","status":"publish","type":"page","link":"https:\/\/pb.edu.pl\/bti\/formularz-rejestracyjny-dla-uczniow-2\/","title":{"rendered":"Formularz rejestracyjny &#8211; zako\u0144czenie rejestracji"},"content":{"rendered":"<section class=\"bti-notice\" aria-labelledby=\"bti-limit-title\">\n<h2 id=\"bti-limit-title\">Limit miejsc w kategorii uczniowskiej zosta\u0142 wyczerpany<\/h2>\n<p>Dzi\u0119kujemy za ogromne zainteresowanie konkursem<br \/>\n<strong>Bia\u0142ostocki Test Informatyk\u00f3w<\/strong>. Informujemy, \u017ce wszystkie<br \/>\nmiejsca w kategorii uczniowskiej zosta\u0142y ju\u017c zaj\u0119te.<\/p>\n<p>Serdecznie zapraszamy do odwiedzenia<br \/>\n<strong>stoisk targowych firm IT<\/strong> dost\u0119pnych w dniu Testu<br \/>\n(26 listopada 2025 r., 9:30\u201313:30)<br \/>\nna <strong>Wydziale Informatyki Politechniki Bia\u0142ostockiej<\/strong>.<\/p>\n<p>Do zobaczenia na wydarzeniu!<\/p>\n<\/section>\n","protected":false},"excerpt":{"rendered":"<p>Limit miejsc w kategorii uczniowskiej zosta\u0142 wyczerpany Dzi\u0119kujemy za ogromne zainteresowanie konkursem Bia\u0142ostocki Test Informatyk\u00f3w.<\/p>\n","protected":false},"author":149,"featured_media":0,"parent":0,"menu_order":0,"comment_status":"closed","ping_status":"closed","template":"","meta":{"_acf_changed":false,"ngg_post_thumbnail":0,"footnotes":""},"class_list":["post-2709","page","type-page","status-publish","hentry"],"acf":[],"_links":{"self":[{"href":"https:\/\/pb.edu.pl\/bti\/wp-json\/wp\/v2\/pages\/2709","targetHints":{"allow":["GET"]}}],"collection":[{"href":"https:\/\/pb.edu.pl\/bti\/wp-json\/wp\/v2\/pages"}],"about":[{"href":"https:\/\/pb.edu.pl\/bti\/wp-json\/wp\/v2\/types\/page"}],"author":[{"embeddable":true,"href":"https:\/\/pb.edu.pl\/bti\/wp-json\/wp\/v2\/users\/149"}],"replies":[{"embeddable":true,"href":"https:\/\/pb.edu.pl\/bti\/wp-json\/wp\/v2\/comments?post=2709"}],"version-history":[{"count":0,"href":"https:\/\/pb.edu.pl\/bti\/wp-json\/wp\/v2\/pages\/2709\/revisions"}],"wp:attachment":[{"href":"https:\/\/pb.edu.pl\/bti\/wp-json\/wp\/v2\/media?parent=2709"}],"curies":[{"name":"wp","href":"https:\/\/api.w.org\/{rel}","templated":true}]}}