{"id":2487,"date":"2024-10-15T07:56:47","date_gmt":"2024-10-15T05:56:47","guid":{"rendered":"https:\/\/pb.edu.pl\/bti\/?page_id=2487"},"modified":"2024-10-15T10:35:37","modified_gmt":"2024-10-15T08:35:37","slug":"bti-2023","status":"publish","type":"page","link":"https:\/\/pb.edu.pl\/bti\/bti-2023\/","title":{"rendered":"BTI 2023"},"content":{"rendered":"<p><img loading=\"lazy\" decoding=\"async\" class=\"alignleft wp-image-2497 size-medium\" src=\"https:\/\/pb.edu.pl\/bti\/wp-content\/uploads\/sites\/112\/2024\/10\/BTI-2023-plakat-2-212x300.jpg\" alt=\"\" width=\"212\" height=\"300\" srcset=\"https:\/\/pb.edu.pl\/bti\/wp-content\/uploads\/sites\/112\/2024\/10\/BTI-2023-plakat-2-212x300.jpg 212w, https:\/\/pb.edu.pl\/bti\/wp-content\/uploads\/sites\/112\/2024\/10\/BTI-2023-plakat-2-723x1024.jpg 723w, https:\/\/pb.edu.pl\/bti\/wp-content\/uploads\/sites\/112\/2024\/10\/BTI-2023-plakat-2-768x1087.jpg 768w, https:\/\/pb.edu.pl\/bti\/wp-content\/uploads\/sites\/112\/2024\/10\/BTI-2023-plakat-2-1085x1536.jpg 1085w, https:\/\/pb.edu.pl\/bti\/wp-content\/uploads\/sites\/112\/2024\/10\/BTI-2023-plakat-2-1447x2048.jpg 1447w, https:\/\/pb.edu.pl\/bti\/wp-content\/uploads\/sites\/112\/2024\/10\/BTI-2023-plakat-2-scaled.jpg 1808w\" sizes=\"auto, (max-width: 212px) 100vw, 212px\" \/><img loading=\"lazy\" decoding=\"async\" class=\"alignleft wp-image-2498 size-medium\" src=\"https:\/\/pb.edu.pl\/bti\/wp-content\/uploads\/sites\/112\/2024\/10\/BTI-2023-plakat-1-212x300.jpg\" alt=\"\" width=\"212\" height=\"300\" srcset=\"https:\/\/pb.edu.pl\/bti\/wp-content\/uploads\/sites\/112\/2024\/10\/BTI-2023-plakat-1-212x300.jpg 212w, https:\/\/pb.edu.pl\/bti\/wp-content\/uploads\/sites\/112\/2024\/10\/BTI-2023-plakat-1-723x1024.jpg 723w, https:\/\/pb.edu.pl\/bti\/wp-content\/uploads\/sites\/112\/2024\/10\/BTI-2023-plakat-1-768x1087.jpg 768w, https:\/\/pb.edu.pl\/bti\/wp-content\/uploads\/sites\/112\/2024\/10\/BTI-2023-plakat-1-1085x1536.jpg 1085w, https:\/\/pb.edu.pl\/bti\/wp-content\/uploads\/sites\/112\/2024\/10\/BTI-2023-plakat-1-1447x2048.jpg 1447w, https:\/\/pb.edu.pl\/bti\/wp-content\/uploads\/sites\/112\/2024\/10\/BTI-2023-plakat-1-scaled.jpg 1808w\" sizes=\"auto, (max-width: 212px) 100vw, 212px\" \/><br \/>\nKonkurs edycji 2023 ju\u017c rozstrzygni\u0119ty! Gratulujemy wszystkim nagrodzonym i zapraszamy na kolejne edycje!<\/p>\n<p>Spo\u015br\u00f3d <strong>wszystkich<\/strong>&nbsp;uczestnik\u00f3w&nbsp;wybrano <strong>3 osoby<\/strong> z najwi\u0119ksz\u0105 liczb\u0105 punkt\u00f3w \u2013 liczy\u0142 si\u0119 wynik sumaryczny z ca\u0142ego Testu. Zdobywcy trzech pierwszych miejsc otrzymali nagrody finansowe: <strong>3400z\u0142<\/strong>,&nbsp;<strong>2000z\u0142<\/strong>,&nbsp;<strong>1500z\u0142<\/strong>.<\/p>\n<p>Spo\u015br\u00f3d&nbsp;<strong>uczni\u00f3w<\/strong>&nbsp;wybrano <strong>4 osoby<\/strong> z najwi\u0119ksz\u0105 liczb\u0105 punkt\u00f3w \u2013 liczy\u0142 si\u0119 wynik sumaryczny z ca\u0142ego Testu. Zdobywcy <strong>4 pierwszych miejsc<\/strong> otrzymali&nbsp;<strong>tytu\u0142 laureata<\/strong>&nbsp;<strong>BTI<\/strong> upowa\u017cniaj\u0105cy do<strong>&nbsp;podj\u0119cia studi\u00f3w na Wydziale Informatyki PB<\/strong>&nbsp;z pomini\u0119ciem konkursu \u015bwiadectw. Oczywi\u015bcie wcze\u015bniej trzeba pozytywnie zda\u0107 egzamin maturalny :-).<\/p>\n<p>Dodatkowo zdobywcy pierwszego,&nbsp;drugiego, trzeciego i czwartego miejsca otrzymali odpowiednio <strong>500 z\u0142,&nbsp;300 z\u0142, 200 z\u0142 i 200 z\u0142.<\/strong><\/p>\n<p>Spo\u015br\u00f3d&nbsp;<strong>wszystkich<\/strong>&nbsp;uczestnik\u00f3w wybierano po <strong>3 osoby<\/strong>, kt\u00f3re w poszczeg\u00f3lnych kategoriach tematycznych zdoby\u0142y najwi\u0119ksz\u0105 liczb\u0119 punkt\u00f3w. Zdobywca pierwszego miejsca w kategorii tematycznej otrzyma\u0142 nagrod\u0119 pieni\u0119\u017cn\u0105:&nbsp;<strong>500 z\u0142<\/strong>. Zdobywcy drugiego i trzeciego miejsca otrzyma\u0142 odpowiednio <strong>300 z\u0142<\/strong> i <strong>200 z\u0142<\/strong>.<\/p>\n<p>Ponadto firmy: <strong>Britenet, T-Matic Grupa Computer Plus oraz PLUM<\/strong> proponuj\u0105 zwyci\u0119zcom <strong>sta\u017ce<\/strong> w swoich firmach &#8211; szczeg\u00f3\u0142y podczas gali wr\u0119czenia nagr\u00f3d.<\/p>\n<p>&nbsp;<\/p>\n<p><strong>Lista zwyci\u0119zc\u00f3w prezentuje si\u0119 nast\u0119puj\u0105co:<\/strong><\/p>\n<table width=\"95%\">\n<tbody>\n<tr>\n<td width=\"2%\">&nbsp;<\/td>\n<td width=\"27%\"><strong>Klasyfikacja generalna<\/strong><\/td>\n<td width=\"8%\">&nbsp;<\/td>\n<td width=\"79%\">&nbsp;<\/td>\n<\/tr>\n<tr>\n<td width=\"2%\">1<\/td>\n<td width=\"27%\">Raszkiewicz Oskar&nbsp;<\/td>\n<td width=\"8%\">136,42<\/td>\n<td width=\"79%\">INFOTECH<\/td>\n<\/tr>\n<tr>\n<td width=\"2%\">2<\/td>\n<td width=\"27%\">Misiewicz Mateusz&nbsp;<\/td>\n<td width=\"8%\">125,34<\/td>\n<td width=\"79%\">WI PB<\/td>\n<\/tr>\n<tr>\n<td width=\"2%\">3<\/td>\n<td width=\"27%\">\u015awiderek Kacper&nbsp;<\/td>\n<td width=\"8%\">122,67<\/td>\n<td width=\"79%\">WI PB<\/td>\n<\/tr>\n<tr>\n<td width=\"2%\">&nbsp;<\/td>\n<td width=\"27%\">&nbsp;<\/td>\n<td width=\"8%\">&nbsp;<\/td>\n<td width=\"79%\">&nbsp;<\/td>\n<\/tr>\n<tr>\n<td width=\"2%\">&nbsp;<\/td>\n<td width=\"27%\"><strong>INDEKS WI PB<\/strong><\/td>\n<td width=\"8%\">&nbsp;<\/td>\n<td width=\"79%\">&nbsp;<\/td>\n<\/tr>\n<tr>\n<td width=\"2%\">1<\/td>\n<td width=\"27%\">Raszkiewicz Oskar&nbsp;<\/td>\n<td width=\"8%\">136,42<\/td>\n<td width=\"79%\">INFOTECH<\/td>\n<\/tr>\n<tr>\n<td width=\"2%\">2<\/td>\n<td width=\"27%\">Bryndza Adam&nbsp;<\/td>\n<td width=\"8%\">109,67<\/td>\n<td width=\"79%\">I Liceum Og\u00f3lnokszta\u0142c\u0105ce im. Adama Mickiewicza w Bia\u0142ymstoku<\/td>\n<\/tr>\n<tr>\n<td width=\"2%\">3<\/td>\n<td width=\"27%\">Kosi\u0144ski Jakub&nbsp;<\/td>\n<td width=\"8%\">99,93<\/td>\n<td width=\"79%\">Zesp\u00f3\u0142 Szk\u00f3\u0142 Elektrycznych im. prof. Janusza Groszkowskiego w Bia\u0142ymstoku<\/td>\n<\/tr>\n<tr>\n<td width=\"2%\">4<\/td>\n<td width=\"27%\">\u0141awreszuk Jakub&nbsp;<\/td>\n<td width=\"8%\">96,58<\/td>\n<td width=\"79%\">INFOTECH<\/td>\n<\/tr>\n<\/tbody>\n<\/table>\n<p>&nbsp;<\/p>\n<table width=\"37%\">\n<tbody>\n<tr>\n<td width=\"4%\">&nbsp;<\/td>\n<td width=\"42%\"><strong>Bazy danych<\/strong><\/td>\n<td width=\"14%\">&nbsp;<\/td>\n<\/tr>\n<tr>\n<td width=\"4%\">1<\/td>\n<td width=\"42%\">Chomczyk Rafa\u0142&nbsp;<\/td>\n<td width=\"14%\">18,25<\/td>\n<\/tr>\n<tr>\n<td width=\"4%\">2<\/td>\n<td width=\"42%\">Szuflicki Piotr&nbsp;<\/td>\n<td width=\"14%\">18<\/td>\n<\/tr>\n<tr>\n<td width=\"4%\">3<\/td>\n<td width=\"42%\">Aleksiejuk Marcin<\/td>\n<td width=\"14%\">16,5<\/td>\n<\/tr>\n<tr>\n<td width=\"4%\">3<\/td>\n<td width=\"42%\">Niewiarowski Paw<strong>e\u0142<\/strong><\/td>\n<td width=\"14%\">16,5<\/td>\n<\/tr>\n<tr>\n<td width=\"4%\">&nbsp;<\/td>\n<td width=\"42%\">&nbsp;<\/td>\n<td width=\"14%\">&nbsp;<\/td>\n<\/tr>\n<tr>\n<td width=\"4%\">&nbsp;<\/td>\n<td width=\"42%\"><strong>Cyberbezpiecze\u0144stwo<\/strong><\/td>\n<td width=\"14%\">&nbsp;<\/td>\n<\/tr>\n<tr>\n<td width=\"4%\">1<\/td>\n<td width=\"42%\">Misiewicz Mateusz&nbsp;<\/td>\n<td width=\"14%\">16<\/td>\n<\/tr>\n<tr>\n<td width=\"4%\">1<\/td>\n<td width=\"42%\">Raszkiewicz Oskar&nbsp;<\/td>\n<td width=\"14%\">16<\/td>\n<\/tr>\n<tr>\n<td width=\"4%\">3<\/td>\n<td width=\"42%\">Rogowski Adam&nbsp;<\/td>\n<td width=\"14%\">14<\/td>\n<\/tr>\n<tr>\n<td width=\"4%\">&nbsp;<\/td>\n<td width=\"42%\">&nbsp;<\/td>\n<td width=\"14%\">&nbsp;<\/td>\n<\/tr>\n<tr>\n<td width=\"4%\">&nbsp;<\/td>\n<td width=\"42%\"><strong>DevOps<\/strong><\/td>\n<td width=\"14%\">&nbsp;<\/td>\n<\/tr>\n<tr>\n<td width=\"4%\">1<\/td>\n<td width=\"42%\">Ratasiewicz Igor&nbsp;<\/td>\n<td width=\"14%\">18,5<\/td>\n<\/tr>\n<tr>\n<td width=\"4%\">2<\/td>\n<td width=\"42%\">Raszkiewicz Oskar&nbsp;<\/td>\n<td width=\"14%\">17,5<\/td>\n<\/tr>\n<tr>\n<td width=\"4%\">3<\/td>\n<td width=\"42%\">Grusza Piotr&nbsp;<\/td>\n<td width=\"14%\">17<\/td>\n<\/tr>\n<tr>\n<td width=\"4%\">&nbsp;<\/td>\n<td width=\"42%\">&nbsp;<\/td>\n<td width=\"14%\">&nbsp;<\/td>\n<\/tr>\n<tr>\n<td width=\"4%\">&nbsp;<\/td>\n<td width=\"42%\"><strong>Azure<\/strong><\/td>\n<td width=\"14%\">&nbsp;<\/td>\n<\/tr>\n<tr>\n<td width=\"4%\">1<\/td>\n<td width=\"42%\">Raszkiewicz Oskar&nbsp;<\/td>\n<td width=\"14%\">19<\/td>\n<\/tr>\n<tr>\n<td width=\"4%\">2<\/td>\n<td width=\"42%\">Go\u015bcicki Micha\u0142&nbsp;<\/td>\n<td width=\"14%\">16<\/td>\n<\/tr>\n<tr>\n<td width=\"4%\">2<\/td>\n<td width=\"42%\">\u0141awreszuk Jakub<\/td>\n<td width=\"14%\">16<\/td>\n<\/tr>\n<tr>\n<td width=\"4%\">2<\/td>\n<td width=\"42%\">Borys Szymon<\/td>\n<td width=\"14%\">16<\/td>\n<\/tr>\n<tr>\n<td width=\"4%\">&nbsp;<\/td>\n<td width=\"42%\">&nbsp;<\/td>\n<td width=\"14%\">&nbsp;<\/td>\n<\/tr>\n<tr>\n<td width=\"4%\">&nbsp;<\/td>\n<td width=\"42%\"><strong>Znajomo\u015b\u0107 j\u0119zyka C#<\/strong><\/td>\n<td width=\"14%\">&nbsp;<\/td>\n<\/tr>\n<tr>\n<td width=\"4%\">1<\/td>\n<td width=\"42%\">Tomaszewski Kamil&nbsp;<\/td>\n<td width=\"14%\">17,5<\/td>\n<\/tr>\n<tr>\n<td width=\"4%\">2<\/td>\n<td width=\"42%\">Kr\u00f3l Pawe\u0142&nbsp;<\/td>\n<td width=\"14%\">17,17<\/td>\n<\/tr>\n<tr>\n<td width=\"4%\">3<\/td>\n<td width=\"42%\">H\u0105cia Kacper&nbsp;<\/td>\n<td width=\"14%\">17<\/td>\n<\/tr>\n<tr>\n<td width=\"4%\">&nbsp;<\/td>\n<td width=\"42%\">&nbsp;<\/td>\n<td width=\"14%\">&nbsp;<\/td>\n<\/tr>\n<tr>\n<td width=\"4%\">&nbsp;<\/td>\n<td width=\"42%\"><strong>Zajomo\u015b\u0107 j\u0119zyka C++<\/strong><\/td>\n<td width=\"14%\">&nbsp;<\/td>\n<\/tr>\n<tr>\n<td width=\"4%\">1<\/td>\n<td width=\"42%\">Misiewicz Mateusz&nbsp;<\/td>\n<td width=\"14%\">20<\/td>\n<\/tr>\n<tr>\n<td width=\"4%\">2<\/td>\n<td width=\"42%\">Niewiarowski Pawe\u0142&nbsp;<\/td>\n<td width=\"14%\">14<\/td>\n<\/tr>\n<tr>\n<td width=\"4%\">2<\/td>\n<td width=\"42%\">O\u015bwieci\u0144ski Pawe\u0142&nbsp;<\/td>\n<td width=\"14%\">14<\/td>\n<\/tr>\n<tr>\n<td width=\"4%\">2<\/td>\n<td width=\"42%\">Bobrowski Micha\u0142&nbsp;<\/td>\n<td width=\"14%\">14<\/td>\n<\/tr>\n<tr>\n<td width=\"4%\">&nbsp;<\/td>\n<td width=\"42%\">&nbsp;<\/td>\n<td width=\"14%\">&nbsp;<\/td>\n<\/tr>\n<tr>\n<td width=\"4%\">&nbsp;<\/td>\n<td width=\"42%\"><strong>Znajomo\u015b\u0107 j\u0119zyka Java<\/strong><\/td>\n<td width=\"14%\">&nbsp;<\/td>\n<\/tr>\n<tr>\n<td width=\"4%\">1<\/td>\n<td width=\"42%\">Pawlenko Norbert&nbsp;<\/td>\n<td width=\"14%\">16,5<\/td>\n<\/tr>\n<tr>\n<td width=\"4%\">2<\/td>\n<td width=\"42%\">Ciupek Rafa\u0142&nbsp;<\/td>\n<td width=\"14%\">15,75<\/td>\n<\/tr>\n<tr>\n<td width=\"4%\">3<\/td>\n<td width=\"42%\">Kr\u00f3l Pawe\u0142&nbsp;<\/td>\n<td width=\"14%\">15<\/td>\n<\/tr>\n<tr>\n<td width=\"4%\">&nbsp;<\/td>\n<td width=\"42%\">&nbsp;<\/td>\n<td width=\"14%\">&nbsp;<\/td>\n<\/tr>\n<tr>\n<td width=\"4%\">&nbsp;<\/td>\n<td width=\"42%\"><strong>Znajomo\u015b\u0107 j\u0119zyka Python<\/strong><\/td>\n<td width=\"14%\">&nbsp;<\/td>\n<\/tr>\n<tr>\n<td width=\"4%\">1<\/td>\n<td width=\"42%\">Rogowski Adam&nbsp;<\/td>\n<td width=\"14%\">20<\/td>\n<\/tr>\n<tr>\n<td width=\"4%\">2<\/td>\n<td width=\"42%\">Niewiarowski Pawe\u0142&nbsp;<\/td>\n<td width=\"14%\">19<\/td>\n<\/tr>\n<tr>\n<td width=\"4%\">2<\/td>\n<td width=\"42%\">Zagda\u0144ski Juliusz&nbsp;<\/td>\n<td width=\"14%\">19<\/td>\n<\/tr>\n<tr>\n<td width=\"4%\">2<\/td>\n<td width=\"42%\">Fender Maciej&nbsp;<\/td>\n<td width=\"14%\">19<\/td>\n<\/tr>\n<tr>\n<td width=\"4%\">2<\/td>\n<td width=\"42%\">\u0141awreszuk Jakub&nbsp;<\/td>\n<td width=\"14%\">19<\/td>\n<\/tr>\n<tr>\n<td width=\"4%\">2<\/td>\n<td width=\"42%\">Lenczewski Kamil&nbsp;<\/td>\n<td width=\"14%\">19<\/td>\n<\/tr>\n<tr>\n<td width=\"4%\">2<\/td>\n<td width=\"42%\">Kr\u00f3l Pawe\u0142&nbsp;<\/td>\n<td width=\"14%\">19<\/td>\n<\/tr>\n<tr>\n<td width=\"4%\">2<\/td>\n<td width=\"42%\">Zarzycki Kajetan Patryk&nbsp;<\/td>\n<td width=\"14%\">19<\/td>\n<\/tr>\n<tr>\n<td width=\"4%\">2<\/td>\n<td width=\"42%\">Mozyrski Karol&nbsp;<\/td>\n<td width=\"14%\">19<\/td>\n<\/tr>\n<tr>\n<td width=\"4%\">&nbsp;<\/td>\n<td width=\"42%\">&nbsp;<\/td>\n<td width=\"14%\">&nbsp;<\/td>\n<\/tr>\n<tr>\n<td width=\"4%\">&nbsp;<\/td>\n<td width=\"42%\"><strong>Technologie webowe<\/strong><\/td>\n<td width=\"14%\">&nbsp;<\/td>\n<\/tr>\n<tr>\n<td width=\"4%\">1<\/td>\n<td width=\"42%\">Rakie\u0107 Adrian&nbsp;<\/td>\n<td width=\"14%\">18,17<\/td>\n<\/tr>\n<tr>\n<td width=\"4%\">2<\/td>\n<td width=\"42%\">Jab\u0142o\u0144ski Micha\u0142&nbsp;<\/td>\n<td width=\"14%\">18<\/td>\n<\/tr>\n<tr>\n<td width=\"4%\">3<\/td>\n<td width=\"42%\">Misiewicz Mateusz&nbsp;<\/td>\n<td width=\"14%\">17,67<\/td>\n<\/tr>\n<\/tbody>\n<\/table>\n<p>&nbsp;<\/p>\n<p><strong>Konkursowi towarzyszy\u0142y wydarzenia satelitarne, w tym otwarte wyk\u0142ady.<\/strong><\/p>\n<p><strong>Wtorek 21.11.2023&nbsp;<\/strong><\/p>\n<p><strong>godz. 12.00, aula 12B,&nbsp;firma&nbsp;Transition&nbsp;Technologies-Software<\/strong><\/p>\n<p>Prelegent: <strong>Mateusz Ba\u0142akier<\/strong>, do\u015bwiadczony Programista z Transition Technologies-Software, Senior Java Developerem z ponad 10-letnim sta\u017cem&nbsp;<\/p>\n<p>Temat: <strong>Testowanie aplikacji z u\u017cyciem Junit i Groovy<\/strong>.&nbsp;<\/p>\n<p>Streszczenie: Wyk\u0142ad kierowany jest do student\u00f3w, kt\u00f3rych zainteresuje tematyka: \u201eDlaczego warto automatycznie testowa\u0107 kod? Jak pisa\u0107 dobre testy? Jak nazywa\u0107 testy? Praktyczne przyk\u0142ady oparte o JUnit i Groovy (Spock).&nbsp;<\/p>\n<p><strong>godz. 14.00, aula 12B, firma Spyrosoft&nbsp;<\/strong><\/p>\n<p>Prelegent: <strong>Ma\u0142gorzata \u0141o\u015b-Brzozowska<\/strong>, AI Data Scientist w Spyrosoft S.A.&nbsp;<\/p>\n<p>Temat: <strong>Small Data: Refining the New Oil.&nbsp;<\/strong><\/p>\n<p>Streszczenie: Zastanawiali\u015bcie si\u0119 kiedy\u015b, jak warto\u015bciowe potrafi\u0105 by\u0107 dane? Jak zmieniaj\u0105 \u015bwiat? Przyjrzymy si\u0119, dlaczego dane s\u0105 nazywane nowym olejem gospodarki. Odkryjemy ich znaczenie w dzisiejszym \u015bwiecie, gdzie informacje s\u0105 kluczowym surowcem. Maj\u0105c do dyspozycji nawet ma\u0142e dane, mo\u017cemy podejmowa\u0107 w\u0142a\u015bciwe, najlepsze dla nas decyzje.&nbsp;<\/p>\n<p><strong>Czwartek 23.11.2023<\/strong><\/p>\n<p><strong>godz. 11.00, aula 12B, firma Inspeerity<\/strong><strong>&nbsp;<\/strong><\/p>\n<p>Prelegent: <strong>Sebastian D\u0105bkowski&nbsp;<\/strong><\/p>\n<p>Temat: <strong>Software Engineer &#8211; jak by\u0107 lepszym programist\u0105&nbsp;<\/strong><\/p>\n<p>Streszczenie: Prezentacja przybli\u017caj\u0105ca wsp\u00f3\u0142czesne wymagania pracy programisty to podr\u00f3\u017c przez obraz dzisiejszego \u015bwiata programowania. Om\u00f3wione zostan\u0105 kluczowe umiej\u0119tno\u015bci niezb\u0119dne dla sukcesu w tej profesji oraz konkretne kroki, kt\u00f3re pozwalaj\u0105 skutecznie odnale\u017a\u0107 si\u0119 w dynamicznym \u015brodowisku zawodowym programisty.&nbsp;<\/p>\n<p><strong>godz. 12.00, aula 23C\/1, firma Britenet&nbsp;<\/strong><\/p>\n<p>Prelegent: <strong>Emil Dworakowski <\/strong>&#8211; Angular Leader z prelekcj\u0105&nbsp;<\/p>\n<p>Temat: <strong>Jak gada\u0107 z AI. Legalny niewolnik w XXI wieku&nbsp;<\/strong><\/p>\n<p>Streszczenie: AI zdobywa coraz wi\u0119cej popularno\u015bci w systemach &#8211; i s\u0142usznie. Sprawd\u017amy z jakich narz\u0119dzi mo\u017ce korzysta\u0107 deweloper, aby zwi\u0119kszy\u0107 swoj\u0105 produktywno\u015b\u0107.&nbsp;<\/p>\n<p><strong>Pi\u0105tek 24.11.2023&nbsp;<\/strong><\/p>\n<p><strong>godz. 10.00, s. 102, firma PLUM&nbsp;<\/strong><\/p>\n<p>Poprowadzi: <strong>Marek \u0141api\u0144ski<\/strong>, Kierownik Sekcji Programist\u00f3w, wieloletni pracownik Plum&nbsp;<\/p>\n<p>Temat: <strong>Wst\u0119p do programowania urz\u0105dze\u0144 IoT z u\u017cyciem j\u0119zyka C, C++&nbsp;<\/strong><\/p>\n<p>Streszczenie: Na warsztatach poka\u017cemy konkretne urz\u0105dzenia oraz sposoby ich programowania. Celem warsztatu jest prze\u0142o\u017cenie wiedzy zdobytej na studiach, na namacalny produkt, kt\u00f3rym mo\u017cna sterowa\u0107.&nbsp;<\/p>\n<p><strong>Poniedzia\u0142ek 27.11.2023<\/strong><\/p>\n<p><strong>godz. 16.00, aula 12B,&nbsp;firma&nbsp;Transition Technologies MS<\/strong><\/p>\n<p>Prelegent: <strong>Pawe\u0142 Czaplejewicz&nbsp;<\/strong><\/p>\n<p>Temat: <strong>Zwinne Zarz\u0105dzanie Projektem: Scrum w Dzia\u0142aniu&nbsp;<\/strong><\/p>\n<p>Streszczenie: Przyjrzyj si\u0119 praktycznym przyk\u0142adom zastosowania Scruma, dowiaduj\u0105c si\u0119, jak ta metoda zwi\u0119ksza efektywno\u015b\u0107 projekt\u00f3w poprzez elastyczno\u015b\u0107, komunikacj\u0119 i iteracyjne dostarczanie warto\u015bci.&nbsp;<\/p>\n<p><strong>Gal\u0119 wr\u0119czenia nagr\u00f3d<\/strong> Bia\u0142ostockiego Testu Informatyk\u00f3w u\u015bwietni\u0142 wyk\u0142ad <strong>specjalisty z firmy Microsoft<\/strong>.<\/p>\n<p>Data i miejsce: <strong>29.11.2023, \u015broda, godz. 13.30, aula 23C WI PB<\/strong><\/p>\n<p><img loading=\"lazy\" decoding=\"async\" class=\"size-full wp-image-2281 alignleft\" src=\"https:\/\/pb.edu.pl\/bti\/wp-content\/uploads\/sites\/112\/2023\/11\/1551088329202.jpg\" alt=\"\" width=\"200\" height=\"200\" srcset=\"https:\/\/pb.edu.pl\/bti\/wp-content\/uploads\/sites\/112\/2023\/11\/1551088329202.jpg 200w, https:\/\/pb.edu.pl\/bti\/wp-content\/uploads\/sites\/112\/2023\/11\/1551088329202-150x150.jpg 150w\" sizes=\"auto, (max-width: 200px) 100vw, 200px\" \/><\/p>\n<p><strong>Prelegent: Rafa\u0142 Czupry\u0144ski<\/strong> &#8211; swoje wieloletnie do\u015bwiadczenie i znajomo\u015b\u0107 technologii zawdzi\u0119cza m.in. pracy w Microsoft, na stanowisku Technical Evangelist, Academic Program Menager, Developer Audience Lead for CEE, czy Azure GTM Manager Poland. Pocz\u0105wszy od 2004 roku wyst\u0119powa\u0142 ponad 200 razy na konferencjach w Polsce i Europie, gdzie dzieli\u0142 si\u0119 wiedz\u0105 o technologiach i rozwi\u0105zaniach developerskich firmy Microsoft. Wyst\u0119powa\u0142 w roli prelegenta m.in. na Microsoft Technology Summit, infoShare, Mobile Trends i Game Day.<\/p>\n<p><strong>Temat: Trendy rozwoju technologii &#8211; czy cz\u0142owiek b\u0119dzie jeszcze potrzebny?<\/strong><\/p>\n<div style=\"clear: both\">&nbsp;<\/div>\n<p><strong>Streszczenie<\/strong>: Rozwoju technologicznego nie zatrzymamy. \u015awiat na naszych oczach zmienia si\u0119, wystarczy rozejrze\u0107 si\u0119 dooko\u0142a lub si\u0119gn\u0105\u0107 po telefon kom\u00f3rkowy. Zaczynamy zadawa\u0107 sobie pytania &#8211; dok\u0105d to wszystko zmierza; czy warto si\u0119 teraz uczy\u0107, na przyk\u0142ad informatyki; czy programi\u015bci b\u0119d\u0105 jeszcze potrzebni? Podczas sesji przedstawi\u0119 kilka trend\u00f3w technologicznych, kt\u00f3re obecnie obserwujemy. Zastanowimy si\u0119 te\u017c nad tym jaki mog\u0105 one mie\u0107 wp\u0142yw na nasz\u0105 prac\u0119 i codzienno\u015b\u0107.<\/p>\n<p>&nbsp;<\/p>\n<p><strong>Sponsorzy Konkursu<\/strong><\/p>\n<p>Edycj\u0119 2023 Konkursu zorganizowa\u0142 <strong>Wydzia\u0142 Informatyki Politechniki Bia\u0142ostockiej<\/strong> we wsp\u00f3\u0142pracy z firmami IT:<\/p>\n<p><strong>Britenet,&nbsp;<\/strong><strong>T-Matic Grupa Computer Plus<\/strong><strong>, cronn, EY, LBPro, PLUM, Softserve, Sollers, Spyrosoft, Transition Technologies MS,&nbsp;Transition Technologies PSC,&nbsp;Transition Technologies\u2013Software, X-code, Inspeerity, Workai, ZETO&nbsp;<\/strong><\/p>\n<p>&nbsp;<\/p>\n<p>&nbsp;<\/p>\n<p>&nbsp;<\/p>\n<p>&nbsp;<\/p>\n","protected":false},"excerpt":{"rendered":"<p>Konkurs edycji 2023 ju\u017c rozstrzygni\u0119ty! Gratulujemy wszystkim nagrodzonym i zapraszamy na kolejne edycje! Spo\u015br\u00f3d wszystkich&nbsp;uczestnik\u00f3w&nbsp;wybrano<\/p>\n","protected":false},"author":149,"featured_media":0,"parent":0,"menu_order":0,"comment_status":"closed","ping_status":"closed","template":"","meta":{"_acf_changed":false,"ngg_post_thumbnail":0,"footnotes":""},"class_list":["post-2487","page","type-page","status-publish","hentry"],"acf":[],"_links":{"self":[{"href":"https:\/\/pb.edu.pl\/bti\/wp-json\/wp\/v2\/pages\/2487","targetHints":{"allow":["GET"]}}],"collection":[{"href":"https:\/\/pb.edu.pl\/bti\/wp-json\/wp\/v2\/pages"}],"about":[{"href":"https:\/\/pb.edu.pl\/bti\/wp-json\/wp\/v2\/types\/page"}],"author":[{"embeddable":true,"href":"https:\/\/pb.edu.pl\/bti\/wp-json\/wp\/v2\/users\/149"}],"replies":[{"embeddable":true,"href":"https:\/\/pb.edu.pl\/bti\/wp-json\/wp\/v2\/comments?post=2487"}],"version-history":[{"count":0,"href":"https:\/\/pb.edu.pl\/bti\/wp-json\/wp\/v2\/pages\/2487\/revisions"}],"wp:attachment":[{"href":"https:\/\/pb.edu.pl\/bti\/wp-json\/wp\/v2\/media?parent=2487"}],"curies":[{"name":"wp","href":"https:\/\/api.w.org\/{rel}","templated":true}]}}