{"id":2341,"date":"2024-10-04T08:22:47","date_gmt":"2024-10-04T06:22:47","guid":{"rendered":"https:\/\/pb.edu.pl\/bti\/?page_id=2341"},"modified":"2024-10-15T08:07:25","modified_gmt":"2024-10-15T06:07:25","slug":"bti-2022","status":"publish","type":"page","link":"https:\/\/pb.edu.pl\/bti\/bti-2022\/","title":{"rendered":"BTI 2022"},"content":{"rendered":"ngg_shortcode_0_placeholder<img loading=\"lazy\" decoding=\"async\" class=\"alignleft wp-image-2484 \" src=\"https:\/\/pb.edu.pl\/bti\/wp-content\/uploads\/sites\/112\/2024\/10\/BTI-2022-plakat-728x1024.jpg\" alt=\"\" width=\"360\" height=\"506\" srcset=\"https:\/\/pb.edu.pl\/bti\/wp-content\/uploads\/sites\/112\/2024\/10\/BTI-2022-plakat-728x1024.jpg 728w, https:\/\/pb.edu.pl\/bti\/wp-content\/uploads\/sites\/112\/2024\/10\/BTI-2022-plakat-213x300.jpg 213w, https:\/\/pb.edu.pl\/bti\/wp-content\/uploads\/sites\/112\/2024\/10\/BTI-2022-plakat-768x1080.jpg 768w, https:\/\/pb.edu.pl\/bti\/wp-content\/uploads\/sites\/112\/2024\/10\/BTI-2022-plakat-1093x1536.jpg 1093w, https:\/\/pb.edu.pl\/bti\/wp-content\/uploads\/sites\/112\/2024\/10\/BTI-2022-plakat-1457x2048.jpg 1457w, https:\/\/pb.edu.pl\/bti\/wp-content\/uploads\/sites\/112\/2024\/10\/BTI-2022-plakat-scaled.jpg 1821w\" sizes=\"auto, (max-width: 360px) 100vw, 360px\" \/><\/p>\n<p><strong>9 edycja ju\u017c za nami! Gratulujemy wszystkim zwyci\u0119zcom! Dzi\u0119kujemy uczniom i studentom za uczestnictwo, a firmom za przygotowanie zada\u0144, prezentacje, konkursy i ufundowane nagrody! Dzi\u0119kujemy wszystkim za wsparcie naszych uczestnik\u00f3w i kibicowanie im!<\/strong><\/p>\n<p>Info o BTI na stronach Akadery i Politechniki Bia\u0142ostockiej:<\/p>\n<blockquote class=\"wp-embedded-content\" data-secret=\"BVYRNI0cxZ\">\n<p style=\"text-align: center\"><a href=\"https:\/\/akadera.bialystok.pl\/bialostocki-test-informatykow-nagrody-pieniezne-i-indeks-dla-najlepszych\/\">Bia\u0142ostocki Test Informatyk\u00f3w. Nagrody pieni\u0119\u017cne i indeks dla najlepszych<\/a><\/p>\n<\/blockquote>\n<blockquote class=\"wp-embedded-content\" data-secret=\"ecocle03vb\">\n<p style=\"text-align: center\"><a href=\"https:\/\/pb.edu.pl\/2022\/12\/01\/bialostocki-test-informatykow-politechniki-bialostockiej-wiktoria-tolwinska-wygrala-indeks-na-wydzial-informatyki\/\">Bia\u0142ostocki Test Informatyk\u00f3w Politechniki Bia\u0142ostockiej. Wiktoria To\u0142wi\u0144ska wygra\u0142a indeks na Wydzia\u0142 Informatyki<\/a><\/p>\n<\/blockquote>\n<p style=\"text-align: center\"><em><a href=\"https:\/\/www.facebook.com\/politechnikabialostocka\/videos\/1594607514315928\">Kacper \u015awiderek \u2013 zwyci\u0119zca BTI 2022<\/a><\/em><\/p>\n<p style=\"text-align: center\"><em><a href=\"https:\/\/www.facebook.com\/politechnikabialostocka\/videos\/3416770071940280\">Nagrody rozdane!<\/a><\/em><\/p>\n<p style=\"text-align: center\"><a href=\"https:\/\/www.facebook.com\/watch?v=3377491525834531\">WORKAI<\/a><\/p>\n<div style=\"clear: both\">&nbsp;<\/div>\n<p>Organizatorzy: <strong>Politechnika Bia\u0142ostocka, Wydzia\u0142 Informatyki Politechniki Bia\u0142ostockiej, Britenet, cronn, Inspeerity, intive, LBPro, PLUM,&nbsp; R systems, SoftServe,&nbsp; Tranistion Technologies PSC, Transition Technologies MS S.A.(\u201cTTMS\u201d), StxNext, Spyrosoft, Sollers Consulting, Transition Technologies-Software, Elastic Cloud Solutions<\/strong><\/p>\n<p>ZWYCI\u0118ZCY 9 EDYCJI BTI<\/p>\n<p><strong>Kategoria uczniowska wygrana<\/strong><\/p>\n<p>To\u0142wi\u0144ska Wiktoria 500 indeks WI PB<\/p>\n<p>Misiewicz Mateusz 300<\/p>\n<p>Chomczyk Rafa\u0142 200<\/p>\n<p><strong>Klasyfikacja generalna<\/strong><\/p>\n<p>\u015awiderek Kacper 3000<\/p>\n<p>Borys Szymon 2000<\/p>\n<p>Bogusz Micha\u0142 1500<\/p>\n<p><strong>Technologie webowe<\/strong><\/p>\n<p>\u015awiderek Kacper 500<\/p>\n<p>Chomczyk Rafa\u0142 300<\/p>\n<p>Misiewicz Mateusz 200<\/p>\n<p><strong>Bazy danych<\/strong><\/p>\n<p>Bociuk Maciej 500<\/p>\n<p>\u0141ozowski Kamil 300<\/p>\n<p>Sztachelski Jakub 200<\/p>\n<p><strong>Znajomo\u015b\u0107 j\u0119zyka C#<\/strong><\/p>\n<p>Pietrzeniuk Daniel 500<\/p>\n<p>To\u0142wi\u0144ska Wiktoria 300<\/p>\n<p>Chmielewski Bart\u0142omiej 300<\/p>\n<p>Szuflicki Piotr 200<\/p>\n<p><strong>Znajomo\u015b\u0107 j\u0119zyka C++<\/strong><\/p>\n<p>O\u015bwieci\u0144ski Pawe\u0142 500<\/p>\n<p>Ciereszy\u0144ski Bartosz 300<\/p>\n<p>Rogowski Adam 200<\/p>\n<p><strong>Technologie chmurowe \u2013 Azure<\/strong><\/p>\n<p>Borys Szymon 500<\/p>\n<p>Dakowicz Jaros\u0142aw 300<\/p>\n<p>Szymoniak Piotr 300<\/p>\n<p>Bryndza Adam 200<\/p>\n<p>H\u0105cia Kacper 200<\/p>\n<p><strong>DevOps<\/strong><\/p>\n<p>Leszczy\u0144ski Szymon 500<\/p>\n<p>Bauer Mariusz 300<\/p>\n<p>\u017bebrowski Arkadiusz 200<\/p>\n<p><strong>Znajomo\u015b\u0107 j\u0119zyka Java<\/strong><\/p>\n<p>Misiewicz Mateusz 500<\/p>\n<p>Pawlenko Norbert 300<\/p>\n<p>Tomaszewski Kamil 300<\/p>\n<p>Poniatowski Norbert 300<\/p>\n<p>Grabowski Krzysztof 200<\/p>\n<p><strong>Technologie mobilne<\/strong><\/p>\n<p>Olizarowicz Gabriela 500<\/p>\n<p>Cis\u0142o Jakub 300<\/p>\n<p>Ciupek Rafa\u0142 200<\/p>\n<p>Misiewicz Mateusz 200<\/p>\n<p>Mieczkowski Mateusz 200<\/p>\n<p>Korzunowicz Marcin 200<\/p>\n<p><strong>Znajomo\u015b\u0107 j\u0119zyka Python<\/strong><\/p>\n<p>Rogowski Adam 500<\/p>\n<p>To\u0142wi\u0144ska Wiktoria 300<\/p>\n<p>Dorosz Micha\u0142 300<\/p>\n<p>Bia\u0142czak \u0141ukasz 300<\/p>\n<p>Zin\u00f3wko Kacper 200<\/p>\n","protected":false},"excerpt":{"rendered":"<p>9 edycja ju\u017c za nami! Gratulujemy wszystkim zwyci\u0119zcom! Dzi\u0119kujemy uczniom i studentom za uczestnictwo, a<\/p>\n","protected":false},"author":149,"featured_media":0,"parent":0,"menu_order":0,"comment_status":"closed","ping_status":"closed","template":"","meta":{"_acf_changed":false,"ngg_post_thumbnail":0,"footnotes":""},"class_list":["post-2341","page","type-page","status-publish","hentry"],"acf":[],"_links":{"self":[{"href":"https:\/\/pb.edu.pl\/bti\/wp-json\/wp\/v2\/pages\/2341","targetHints":{"allow":["GET"]}}],"collection":[{"href":"https:\/\/pb.edu.pl\/bti\/wp-json\/wp\/v2\/pages"}],"about":[{"href":"https:\/\/pb.edu.pl\/bti\/wp-json\/wp\/v2\/types\/page"}],"author":[{"embeddable":true,"href":"https:\/\/pb.edu.pl\/bti\/wp-json\/wp\/v2\/users\/149"}],"replies":[{"embeddable":true,"href":"https:\/\/pb.edu.pl\/bti\/wp-json\/wp\/v2\/comments?post=2341"}],"version-history":[{"count":0,"href":"https:\/\/pb.edu.pl\/bti\/wp-json\/wp\/v2\/pages\/2341\/revisions"}],"wp:attachment":[{"href":"https:\/\/pb.edu.pl\/bti\/wp-json\/wp\/v2\/media?parent=2341"}],"curies":[{"name":"wp","href":"https:\/\/api.w.org\/{rel}","templated":true}]}}