{"id":2338,"date":"2024-10-04T08:07:15","date_gmt":"2024-10-04T06:07:15","guid":{"rendered":"https:\/\/pb.edu.pl\/bti\/?page_id=2338"},"modified":"2024-10-15T08:06:58","modified_gmt":"2024-10-15T06:06:58","slug":"bti-2021","status":"publish","type":"page","link":"https:\/\/pb.edu.pl\/bti\/bti-2021\/","title":{"rendered":"BTI 2021"},"content":{"rendered":"<p><strong><img loading=\"lazy\" decoding=\"async\" class=\"alignleft wp-image-2481 \" src=\"https:\/\/pb.edu.pl\/bti\/wp-content\/uploads\/sites\/112\/2024\/10\/BTI-2021-plakat-740x1024.jpg\" alt=\"\" width=\"406\" height=\"562\" srcset=\"https:\/\/pb.edu.pl\/bti\/wp-content\/uploads\/sites\/112\/2024\/10\/BTI-2021-plakat-740x1024.jpg 740w, https:\/\/pb.edu.pl\/bti\/wp-content\/uploads\/sites\/112\/2024\/10\/BTI-2021-plakat-217x300.jpg 217w, https:\/\/pb.edu.pl\/bti\/wp-content\/uploads\/sites\/112\/2024\/10\/BTI-2021-plakat-768x1063.jpg 768w, https:\/\/pb.edu.pl\/bti\/wp-content\/uploads\/sites\/112\/2024\/10\/BTI-2021-plakat-1110x1536.jpg 1110w, https:\/\/pb.edu.pl\/bti\/wp-content\/uploads\/sites\/112\/2024\/10\/BTI-2021-plakat-1480x2048.jpg 1480w, https:\/\/pb.edu.pl\/bti\/wp-content\/uploads\/sites\/112\/2024\/10\/BTI-2021-plakat-scaled.jpg 1850w\" sizes=\"auto, (max-width: 406px) 100vw, 406px\" \/>8 grudnia 2021<\/strong>&nbsp;odby\u0142a si\u0119 8 edycja Bia\u0142ostockiego Testu Informatyk\u00f3w. W tym roku konkurs wsp\u00f3\u0142organizowa\u0142o 12 firm:<\/p>\n<p><strong>Britenet, Elastic Cloud Solutions (WORKAI), Execon One, Inspeerity, Plum, Rydoo, SoftServe Poland, Transition Technologies PSC, Transition Technologies\u2013Software, Transition Technologies MS, X-Code, intive<\/strong><\/p>\n<p>Uczestnicy startowali w 7 kategoriach tematycznych:<\/p>\n<p><strong>projektowanie obiektowe, bazy danych, znajomo\u015b\u0107 j\u0119zyka Java, znajomo\u015b\u0107 j\u0119zyka C#, znajomo\u015b\u0107 j\u0119zyka C++, technologie webowe, technologie chmurowe<\/strong><\/p>\n<p>W ka\u017cdej kategorii nagrodzono osoby plasuj\u0105ce si\u0119 na 3 pierwszych miejscach. Nagrody by\u0142y zach\u0119caj\u0105ce, odpowiednio&nbsp;<strong>500 z\u0142, 400 z\u0142 i 300 z\u0142.<\/strong><\/p>\n<p>Spo\u015br\u00f3d wszystkich uczestnik\u00f3w wy\u0142oniono 3 osoby, kt\u00f3re zdoby\u0142y sumarycznie najwi\u0119ksza liczb\u0119 punkt\u00f3w.&nbsp;<strong>I miejsce nagrodzono kwot\u0105 3000 z\u0142, II miejsce kwot\u0105 2000 z\u0142, III miejsce kwot\u0105 1500 z\u0142.<\/strong><\/p>\n<p>Szcz\u0119\u015bliwymi zwyci\u0119zcami zostali:<\/p>\n<p><strong>1. Borys Szymon<\/strong><br \/>\n<strong>2. Woronowicz Szymon<\/strong><br \/>\n<strong>3. Rud\u017a Pawe\u0142<\/strong><\/p>\n<p>W konkursie brali udzia\u0142 tak\u017ce uczniowie szk\u00f3\u0142 \u015brednich. Najlepszy ucze\u0144 wygra\u0142 indeks Wydzia\u0142u Informatyki Politechniki Bia\u0142ostockiej oraz<strong>&nbsp;300 z\u0142.<\/strong>&nbsp;W kategorii uczniowskiej nagrodzono te\u017c 2 i 3 miejsce kwot\u0105<strong>&nbsp;200 z\u0142<\/strong>.<\/p>\n<p>W tym roku najlepsi byli:<\/p>\n<p><strong>1. Rogowski Adam \u2013 ucze\u0144 I LO w Bia\u0142ymstoku<\/strong><br \/>\n<strong>2. Zin\u00f3wko Kacper \u2013 ucze\u0144 Technikum Programistycznego INFOTECH<\/strong><br \/>\n<strong>3. Szymczyk Jakub \u2013 ucze\u0144 III LO w Bia\u0142ymstoku<\/strong><\/p>\n<p>\u0141\u0105czna pula nagr\u00f3d wynios\u0142a&nbsp;<strong>16 500 z\u0142<\/strong>. W konkursie wzi\u0119\u0142o udzia\u0142&nbsp;<strong>97 os\u00f3b<\/strong>&nbsp;w tym<strong>&nbsp;6 uczni\u00f3w<\/strong>&nbsp;szk\u00f3\u0142 \u015brednich.<\/p>\n<p>Firmy przygotowa\u0142y te\u017c nagrody dodatkowe w postaci ofert bardzo ciekawych&nbsp;<strong>sta\u017cy i szkole\u0144<\/strong>. By\u0142y te\u017c drobne upominki oraz&nbsp;<strong>hulajnoga elektryczna<\/strong>!<\/p>\n<p><strong>Zwyci\u0119zcom gratulujemy!<\/strong>&nbsp;Wszystkim uczestnikom i kibicom dzi\u0119kujemy. Szczeg\u00f3lne podzi\u0119kowania firmom organizuj\u0105cym wydarzenie za przygotowanie zada\u0144, prezentacje firm i ciekawe, owocne, rozmowy. BTI jest wyj\u0105tkowym wydarzeniem, kt\u00f3re \u0142\u0105czy przyjemne z po\u017cytecznym. Fantastyczna jest wsp\u00f3lna zabawa, kt\u00f3ra wielokrotnie skutkuje podj\u0119ciem wymarzonej pracy lub ukierunkowaniem przysz\u0142ej kariery zawodowej :-).&nbsp;<strong>Zapraszamy na kolejne edycje!<\/strong><\/p>\n<p><strong>ZWYCI\u0118ZCY<\/strong><\/p>\n<p><strong>klasyfikacja generalna<\/strong><br \/>\nI miejsce Borys Szymon 3000 z\u0142<br \/>\nII miejsce Woronowicz Szymon 2000&nbsp;z\u0142<br \/>\nIII miejsce Rud\u017a Pawe\u0142 1500&nbsp;z\u0142<\/p>\n<p><strong>klasyfikacja uczniowska<\/strong><br \/>\nI miejsce Rogowski Adam 300&nbsp;z\u0142 oraz&nbsp;<strong>indeks WI PB<\/strong><br \/>\nII miejsce Zin\u00f3wko Kacper 200&nbsp;z\u0142<br \/>\nIII miejsce Szymczyk Jakub 200&nbsp;z\u0142<\/p>\n<p><strong>programowanie w j\u0119zyku C#<\/strong><br \/>\nI miejsce Olender Dominik 500&nbsp;z\u0142<br \/>\nII miejsce Borys Szymon 400&nbsp;z\u0142<br \/>\nIII miejsce Winicki Mateusz 300&nbsp;z\u0142<br \/>\nIII miejsce Hlebik Tsimafei 300&nbsp;z\u0142<br \/>\nIII miejsce Zagda\u0144ski Juliusz 300&nbsp;z\u0142<\/p>\n<p><strong>programowanie w j\u0119zyku C++<\/strong><br \/>\nI miejsce Rud\u017a Pawe\u0142 500&nbsp;z\u0142<br \/>\nII miejsce Pietrzeniuk Daniel 400&nbsp;z\u0142<br \/>\nIII miejsce Grzesik Mateusz 400&nbsp;z\u0142<\/p>\n<p><strong>technologie chmurowe<\/strong><br \/>\nI miejsce Borys Szymon 500&nbsp;z\u0142<br \/>\nI miejsce Denert Grzegorz 500&nbsp;z\u0142<br \/>\nII miejsce Szymoniak Piotr 400&nbsp;z\u0142<\/p>\n<p><strong>technologie webowe<\/strong><br \/>\nI miejsce Rud\u017a Pawe\u0142 500&nbsp;z\u0142<br \/>\nII miejsce Winicki Mateusz 400&nbsp;z\u0142<br \/>\nIII miejsce Borys Szymon 300&nbsp;z\u0142<\/p>\n<p><strong>programowanie w j\u0119zyku Java<\/strong><br \/>\nI miejsce Bogusz Micha\u0142 500&nbsp;z\u0142<br \/>\nII miejsce Ciupek Rafa\u0142 400&nbsp;z\u0142<br \/>\nIII miejsce Laskowski Szymon 300&nbsp;z\u0142<\/p>\n<p><strong>bazy danych<\/strong><br \/>\nI miejsce Rogowski Adam 500&nbsp;z\u0142<br \/>\nII miejsce Bia\u0142czak \u0141ukasz 400&nbsp;z\u0142<br \/>\nIII miejsce Paszko Mateusz 300&nbsp;z\u0142<\/p>\n<p><strong>projektowanie obiektowe<\/strong><br \/>\nI miejsce Szuflicki Piotr 500&nbsp;z\u0142<br \/>\nII miejsce Pietrzeniuk Daniel 400&nbsp;z\u0142<br \/>\nIII miejsce Olender Dominik 300&nbsp;z\u0142<\/p>\n","protected":false},"excerpt":{"rendered":"<p>8 grudnia 2021&nbsp;odby\u0142a si\u0119 8 edycja Bia\u0142ostockiego Testu Informatyk\u00f3w. W tym roku konkurs wsp\u00f3\u0142organizowa\u0142o 12<\/p>\n","protected":false},"author":149,"featured_media":0,"parent":0,"menu_order":0,"comment_status":"closed","ping_status":"closed","template":"","meta":{"_acf_changed":false,"ngg_post_thumbnail":0,"footnotes":""},"class_list":["post-2338","page","type-page","status-publish","hentry"],"acf":[],"_links":{"self":[{"href":"https:\/\/pb.edu.pl\/bti\/wp-json\/wp\/v2\/pages\/2338","targetHints":{"allow":["GET"]}}],"collection":[{"href":"https:\/\/pb.edu.pl\/bti\/wp-json\/wp\/v2\/pages"}],"about":[{"href":"https:\/\/pb.edu.pl\/bti\/wp-json\/wp\/v2\/types\/page"}],"author":[{"embeddable":true,"href":"https:\/\/pb.edu.pl\/bti\/wp-json\/wp\/v2\/users\/149"}],"replies":[{"embeddable":true,"href":"https:\/\/pb.edu.pl\/bti\/wp-json\/wp\/v2\/comments?post=2338"}],"version-history":[{"count":0,"href":"https:\/\/pb.edu.pl\/bti\/wp-json\/wp\/v2\/pages\/2338\/revisions"}],"wp:attachment":[{"href":"https:\/\/pb.edu.pl\/bti\/wp-json\/wp\/v2\/media?parent=2338"}],"curies":[{"name":"wp","href":"https:\/\/api.w.org\/{rel}","templated":true}]}}