{"id":2333,"date":"2024-10-04T08:03:22","date_gmt":"2024-10-04T06:03:22","guid":{"rendered":"https:\/\/pb.edu.pl\/bti\/?page_id=2333"},"modified":"2024-10-04T08:04:10","modified_gmt":"2024-10-04T06:04:10","slug":"bti-2019","status":"publish","type":"page","link":"https:\/\/pb.edu.pl\/bti\/bti-2019\/","title":{"rendered":"BTI 2019"},"content":{"rendered":"<p><img loading=\"lazy\" decoding=\"async\" class=\"alignleft wp-image-2334\" src=\"https:\/\/pb.edu.pl\/bti\/wp-content\/uploads\/sites\/112\/2024\/10\/bti-2019-plakat-216x300.png\" alt=\"\" width=\"300\" height=\"418\" srcset=\"https:\/\/pb.edu.pl\/bti\/wp-content\/uploads\/sites\/112\/2024\/10\/bti-2019-plakat-216x300.png 216w, https:\/\/pb.edu.pl\/bti\/wp-content\/uploads\/sites\/112\/2024\/10\/bti-2019-plakat-736x1024.png 736w, https:\/\/pb.edu.pl\/bti\/wp-content\/uploads\/sites\/112\/2024\/10\/bti-2019-plakat.png 768w\" sizes=\"auto, (max-width: 300px) 100vw, 300px\" \/><\/p>\n<p>&nbsp;<\/p>\n<div>7 edycja BTI ju\u017c za nami! Bardzo dzi\u0119kuj\u0119 wszystkim uczestnikom Testu i ca\u0142ego Wydarzenia \u2013 przedstawicielom firm, pracownikom PB, studentom, studentkom, uczniom, uczennicom, kibicom, rodzinom i przyjacio\u0142om!<\/div>\n<div>Relacje z dnia Testu poni\u017cej. B\u0119dziemy je te\u017c uzupe\u0142nia\u0107, r\u00f3wnie\u017c o nowe zdj\u0119cia.<\/div>\n<div>&nbsp;<\/div>\n<div><a href=\"https:\/\/pb.edu.pl\/2019\/12\/04\/ponad-200-uczestnikow-na-bialostockim-tescie-informatykow\/\">https:\/\/pb.edu.pl\/2019\/12\/04\/ponad-200-uczestnikow-na-bialostockim-tescie-informatykow\/<\/a><\/div>\n<div>&nbsp;<\/div>\n<div>\n<p><a title=\"Przejd\u017a do strony\" href=\"https:\/\/bialystok.tvp.pl\/680025\/obiektyw\" target=\"_blank\" rel=\"noopener noreferrer\">TVP3, Obiektyw 04.12.2019 r. (od 18.42)&nbsp;<i class=\"fa fa-external-link\" aria-hidden=\"true\"><\/i><\/a><\/p>\n<p><a title=\"Przejd\u017a do strony\" href=\"http:\/\/biaman.platontv.pl\/show\/8735\" target=\"_blank\" rel=\"noopener noreferrer\">Naukowej Interaktywnej Telewizji Platon TV&nbsp;<i class=\"fa fa-external-link\" aria-hidden=\"true\"><\/i><\/a><\/p>\n<\/div>\n<div>Gratulujemy zwyci\u0119zcom i \u017cyczymy kolejnych pi\u0119knych sukces\u00f3w!<\/div>\n<div>&nbsp;<\/div>\n<p>&nbsp;<\/p>\n<div><strong>Klasyfikacja generalna<\/strong><br \/>\n1. \u0141otko Jakub 2500 z\u0142<br \/>\n2. Bogusz Micha\u0142 1500 z\u0142<br \/>\n3. Domurat Kamil 1000 z\u0142<\/div>\n<div>&nbsp;<\/div>\n<div><strong>Kategoria uczniowska<\/strong><br \/>\n1. Litman Korneliusz&nbsp;<strong>indeks WI PB<\/strong>&nbsp;+ 300z\u0142<br \/>\n2. Szuflicki Piotr 200 z\u0142<br \/>\n3. Iwaniuk Krzysztof 200 z\u0142<\/div>\n<div>&nbsp;<\/div>\n<div><strong>Algorytmika<\/strong><br \/>\n1. Nazarkiewicz Marta 500 z\u0142 +&nbsp;<strong>hulajnoga elektryczna<\/strong><br \/>\n1. \u0141aniewski Mateusz 500 z\u0142<br \/>\n3. Bucholc Patryk 200 z\u0142<\/div>\n<div>&nbsp;<\/div>\n<div><strong>Projektowanie obiektowe<\/strong><br \/>\n1. D\u0105bek Bartosz 500 z\u0142<br \/>\n2. \u0141otko Jakub 300 z\u0142<br \/>\n2. Sienkiewicz Adam 300 z\u0142<\/div>\n<p>&nbsp;<\/p>\n<div>&nbsp;<\/div>\n<div><strong>Bazy danych<\/strong><br \/>\n1. Bogusz Micha\u0142 500 z\u0142<br \/>\n2. Gawe\u0142ko Julita 300 z\u0142<br \/>\n3. Piotrowski Jan 200 z\u0142<\/div>\n<div>&nbsp;<\/div>\n<div><strong>Znajomo\u015b\u0107 j\u0119zyka Java<\/strong><br \/>\n1. \u0141otko Jakub 500 z\u0142<br \/>\n2. D\u0105bek Bartosz 300 z\u0142<br \/>\n3. Basa Patryk 200 z\u0142<br \/>\n3. Juchimowicz Piotr 200 z\u0142<\/div>\n<div>&nbsp;<\/div>\n<div><strong>Znajomo\u015b\u0107 j\u0119zyka C#<\/strong><br \/>\n1. Kaczmarek Tomasz 500 z\u0142<br \/>\n1. Uszy\u0144ski Mateusz 500 z\u0142<br \/>\n3. Milewski Patryk 200 z\u0142<br \/>\n3. Basa Patryk 200 z\u0142<\/div>\n<p>&nbsp;<\/p>\n<div>&nbsp;<\/div>\n<div><strong>Znajomo\u015b\u0107 j\u0119zyka C++<\/strong><br \/>\n1. Milewski Patryk 500 z\u0142<br \/>\n2. Kaczmarek Tomasz 300 z\u0142<br \/>\n3. Milewski Pawe\u0142 200 z\u0142<br \/>\n3. Pilipaits Mikalai 200 z\u0142<\/div>\n<div>&nbsp;<\/div>\n<div><strong>Znajomo\u015b\u0107 j\u0119zyka Python<\/strong><br \/>\n1. Malinowski Aleksander 500 z\u0142<br \/>\n2. Kaczmarczyk Pawe\u0142 300 z\u0142<br \/>\n3. Bia\u0142czak \u0141ukasz 200 z\u0142<br \/>\n3. Dudar Justyna 200 z\u0142<\/div>\n<div>&nbsp;<\/div>\n<div><strong>Technologie mobilne<\/strong><br \/>\n1. Kapela Rafa\u0142 500 z\u0142<br \/>\n2. Romaniuk Piotr 300 z\u0142<br \/>\n3. Litman Korneliusz 200 z\u0142<\/div>\n<div>&nbsp;<\/div>\n<div><strong>Technologie webowe<\/strong><br \/>\n1. Makie\u0142kowski Jakub 500 z\u0142<br \/>\n2. Milewski Pawe\u0142 300 z\u0142<br \/>\n2. Jacewicz Pawe\u0142 300 z\u0142<\/div>\n<div>&nbsp;<\/div>\n<div><strong>Analiza danych<\/strong><br \/>\n1. Grzesik Mateusz 500 z\u0142<br \/>\n2. Melnychenko Dmytro 300 z\u0142<br \/>\n3. Snopko Krzysztof 200 z\u0142<\/div>\n<div>&nbsp;<\/div>\n<div>&nbsp;<\/div>\n<div>***<\/div>\n<p>&nbsp;<\/p>\n<div>Serdecznie zapraszamy na kolejn\u0105 edycj\u0119 Bia\u0142ostockiego Testu Informatyk\u00f3w. Do konkursu mog\u0105 przyst\u0105pi\u0107 zar\u00f3wno studenci jak i uczniowie szk\u00f3\u0142 ponadpodstawowych. W tym roku opr\u00f3cz nagr\u00f3d finansowych mo\u017cna wygra\u0107 p\u0142atny sta\u017c lub hulajnog\u0119. Szczeg\u00f3\u0142y w zak\u0142adce nagrody.<\/div>\n<div>\n<p>A oto co s\u0105dz\u0105 o wsp\u00f3\u0142pracy z nami nasi wieloletni partnerzy:<\/p>\n<p>\u201e<em>BTI to nie tylko \u015bwietna okazja by pozna\u0107 naprawd\u0119 zdolnych student\u00f3w, ale r\u00f3wnie\u017c mo\u017cliwo\u015b\u0107 opowiedzenia o tym co my, jako firma mo\u017cemy im zaoferowa\u0107<\/em><em>.&nbsp;To dzi\u0119ki temu wydarzeniu, poznali\u015bmy naprawd\u0119 wiele ciekawych os\u00f3b, kt\u00f3re w ramach praktyk zaczyna\u0142y z nami wsp\u00f3\u0142prac\u0119 i pracuj\u0105 z nami od kilki lat<\/em><em>.&nbsp;Dzi\u0119kujemy!<\/em>\u201d \u2013 m\u00f3wi Agnieszka Kuprel, Senior Recruitment Specialist &amp; HR Business Partner w firmie Intive.<\/p>\n<p>\u201e<em>BTI na sta\u0142e zago\u015bci\u0142o w kalendarium bia\u0142ostockich wydarze\u0144 z bran\u017cy IT. Promowanie szeroko poj\u0119tej informatyki, pozwala skupi\u0107 w jednym miejscu firmy, kt\u00f3re maj\u0105 wsp\u00f3lny cel: wspieranie talent\u00f3w i rozw\u00f3j ich zainteresowa\u0144. Jest to tak\u017ce mo\u017cliwo\u015b\u0107 wyj\u015bcia z inicjatyw\u0105 oraz dotarcia do m\u0142odych os\u00f3b, kt\u00f3re by\u0107 mo\u017ce, w przysz\u0142o\u015bci, do\u0142\u0105cz\u0105 do naszej kadry pracownik\u00f3w, jako profesjonali\u015bci z zakresu programowania.<\/em>\u201d \u2013 dodaje Kaja Grabowska,&nbsp;M\u0142odszy specjalista ds. rekrutacji w firmie Transition Technologies \u2013 Software.<\/p>\n<p><em>\u201eDlaczego jeste\u015bmy na BTI? Z kilku powod\u00f3w:<\/em><\/p>\n<ol>\n<li><em>Promocja firmy, zwr\u00f3cenie uwagi student\u00f3w na firmy obecne na rynku bia\u0142ostockim<\/em><\/li>\n<li><em>Nakierunkowanie student\u00f3w na &nbsp;technologie oraz umiej\u0119tno\u015bci poszukiwane przez pracodawc\u00f3w<\/em><\/li>\n<li><em>Udzia\u0142 w te\u015bcie zach\u0119ca do rozwijania umiej\u0119tno\u015bci, jest to tez zabawa i pozytywna rywalizacja, wiec naszym zdaniem jest to inicjatywa, kt\u00f3r\u0105 warto wspiera\u0107. Poza tym jest to \u015bwietna okazja do rozm\u00f3w student\u00f3w z przedstawicielami firm, dzi\u0119ki kt\u00f3rym mo\u017cemy przekaza\u0107 jak pracujemy, jakie s\u0105 nasze oczekiwania do kandydat\u00f3w<\/em><em>.\u201d&nbsp;<\/em>\u2013 podsumowuje Michal Magrel z CFT Polska<\/li>\n<\/ol>\n<\/div>\n","protected":false},"excerpt":{"rendered":"<p>&nbsp; 7 edycja BTI ju\u017c za nami! Bardzo dzi\u0119kuj\u0119 wszystkim uczestnikom Testu i ca\u0142ego Wydarzenia<\/p>\n","protected":false},"author":149,"featured_media":0,"parent":0,"menu_order":0,"comment_status":"closed","ping_status":"closed","template":"","meta":{"_acf_changed":false,"ngg_post_thumbnail":0,"footnotes":""},"class_list":["post-2333","page","type-page","status-publish","hentry"],"acf":[],"_links":{"self":[{"href":"https:\/\/pb.edu.pl\/bti\/wp-json\/wp\/v2\/pages\/2333","targetHints":{"allow":["GET"]}}],"collection":[{"href":"https:\/\/pb.edu.pl\/bti\/wp-json\/wp\/v2\/pages"}],"about":[{"href":"https:\/\/pb.edu.pl\/bti\/wp-json\/wp\/v2\/types\/page"}],"author":[{"embeddable":true,"href":"https:\/\/pb.edu.pl\/bti\/wp-json\/wp\/v2\/users\/149"}],"replies":[{"embeddable":true,"href":"https:\/\/pb.edu.pl\/bti\/wp-json\/wp\/v2\/comments?post=2333"}],"version-history":[{"count":0,"href":"https:\/\/pb.edu.pl\/bti\/wp-json\/wp\/v2\/pages\/2333\/revisions"}],"wp:attachment":[{"href":"https:\/\/pb.edu.pl\/bti\/wp-json\/wp\/v2\/media?parent=2333"}],"curies":[{"name":"wp","href":"https:\/\/api.w.org\/{rel}","templated":true}]}}