{"id":2327,"date":"2024-10-04T07:59:05","date_gmt":"2024-10-04T05:59:05","guid":{"rendered":"https:\/\/pb.edu.pl\/bti\/?page_id=2327"},"modified":"2024-10-04T07:59:05","modified_gmt":"2024-10-04T05:59:05","slug":"bti-2018","status":"publish","type":"page","link":"https:\/\/pb.edu.pl\/bti\/bti-2018\/","title":{"rendered":"BTI 2018"},"content":{"rendered":"<p><img loading=\"lazy\" decoding=\"async\" class=\"size-medium wp-image-2331 alignleft\" src=\"https:\/\/pb.edu.pl\/bti\/wp-content\/uploads\/sites\/112\/2024\/10\/BTI-2018-1-212x300.jpg\" alt=\"\" width=\"212\" height=\"300\" srcset=\"https:\/\/pb.edu.pl\/bti\/wp-content\/uploads\/sites\/112\/2024\/10\/BTI-2018-1-212x300.jpg 212w, https:\/\/pb.edu.pl\/bti\/wp-content\/uploads\/sites\/112\/2024\/10\/BTI-2018-1-724x1024.jpg 724w, https:\/\/pb.edu.pl\/bti\/wp-content\/uploads\/sites\/112\/2024\/10\/BTI-2018-1-768x1086.jpg 768w, https:\/\/pb.edu.pl\/bti\/wp-content\/uploads\/sites\/112\/2024\/10\/BTI-2018-1-1087x1536.jpg 1087w, https:\/\/pb.edu.pl\/bti\/wp-content\/uploads\/sites\/112\/2024\/10\/BTI-2018-1.jpg 1170w\" sizes=\"auto, (max-width: 212px) 100vw, 212px\" \/><a href=\"https:\/\/pb.edu.pl\/2018\/11\/28\/bialostocki-test-informatykow-2018\/\" target=\"_blank\" rel=\"noopener\"><img loading=\"lazy\" decoding=\"async\" class=\"size-medium wp-image-2329 alignleft\" src=\"https:\/\/pb.edu.pl\/bti\/wp-content\/uploads\/sites\/112\/2024\/10\/BTI-2018-2-212x300.jpg\" alt=\"\" width=\"212\" height=\"300\" srcset=\"https:\/\/pb.edu.pl\/bti\/wp-content\/uploads\/sites\/112\/2024\/10\/BTI-2018-2-212x300.jpg 212w, https:\/\/pb.edu.pl\/bti\/wp-content\/uploads\/sites\/112\/2024\/10\/BTI-2018-2-724x1024.jpg 724w, https:\/\/pb.edu.pl\/bti\/wp-content\/uploads\/sites\/112\/2024\/10\/BTI-2018-2-768x1086.jpg 768w, https:\/\/pb.edu.pl\/bti\/wp-content\/uploads\/sites\/112\/2024\/10\/BTI-2018-2-1087x1536.jpg 1087w, https:\/\/pb.edu.pl\/bti\/wp-content\/uploads\/sites\/112\/2024\/10\/BTI-2018-2.jpg 1170w\" sizes=\"auto, (max-width: 212px) 100vw, 212px\" \/>https:\/\/pb.edu.pl\/2018\/11\/28\/bialostocki-test-informatykow-2018\/<\/a><\/p>\n<p><strong>6&nbsp;edycji Bia\u0142ostockiego Testu Informatyk\u00f3w&nbsp;<\/strong>ju\u017c za nami. Test odby\u0142 si\u0119 w&nbsp;\u015brod\u0119&nbsp;<strong>28 listopada<\/strong>&nbsp;na&nbsp;<strong>Wydziale Informatyki Politechniki Bia\u0142ostockiej<\/strong>&nbsp;o godzinie 12:00.<\/p>\n<p>Jak co roku studenci walczyli o&nbsp;<strong>nagrody pieni\u0119\u017cne<\/strong>&nbsp;\u2013 \u0142\u0105czna pula nagr\u00f3d to&nbsp;<strong>10 000 PLN<\/strong>, uczniowie walczyli o coraz cenniejszy&nbsp;<strong>indeks Wydzia\u0142u Informatyki.<\/strong>&nbsp;Uczestnicy, kibice i pozostali studenci, uczniowie, nauczyciele, rodziny mieli mo\u017cliwo\u015b\u0107 wzi\u0119cia udzia\u0142u w prezentacjach firm, kt\u00f3re odby\u0142y si\u0119 tego samego dnia w holu przed aul\u0105 B.<\/p>\n<p>Konkurs odbywa\u0142 si\u0119 w nast\u0119puj\u0105cych kategoriach tematycznych:<\/p>\n<p>algorytmika, projektowanie obiektowe, bazy danych, znajomo\u015b\u0107 j\u0119zyka Java, znajomo\u015b\u0107 j\u0119zyka C#, znajomo\u015b\u0107 j\u0119zyka C++, znajomo\u015b\u0107 j\u0119zyka Python, technologie mobilne, technologie webowe, analiza danych.<\/p>\n<p>W tym roku mieli\u015bmy tak\u017ce nagrody dodatkowe w postaci&nbsp;<strong>p\u0142atnych sta\u017cy<\/strong>.<\/p>\n<p>Test zorganizowa\u0142 Wydzia\u0142 Informatyki PB wraz z 14-stoma firmami:<\/p>\n<p><strong>AC S.A., Acaisoft Poland Sp. z o.o., AIUT Sp. z o.o., CFT, EXADEL, Intive, Owned Outcomes, PLUM Sp. z o.o., RYDOO, Software Hut, TJ Software, Transition Technologies PSC sp.zo.o, X-Code Sp. z o.o., ZETO<\/strong><\/p>\n<p>Gratulujemy wszystkim zwyci\u0119zcom i osobom wyr\u00f3\u017cnionym w konkursie!<\/p>\n<p><strong>Lista zwyci\u0119zc\u00f3w i nagrodzonych<\/strong><\/p>\n<p><strong>I miejsce \u2013 Skibicki Adam<\/strong><br \/>\n<strong>II miejsce \u2013 Zieli\u0144ski \u0141ukasz<\/strong><br \/>\n<strong>III miejsce \u2013 Bielawski Mateusz<\/strong><\/p>\n<p><strong>Indeks PB<\/strong>&nbsp;wygra\u0142&nbsp;<strong>Szuflicki Piotr<\/strong><\/p>\n<p><strong>Wyr\u00f3\u017cnieni uczniowie szk\u00f3\u0142 ponadgimnazjalnych:&nbsp;<\/strong>Prokopiuk Jakub, Budnik Rafa\u0142<\/p>\n<p><strong>Algorytmika<\/strong><br \/>\nZawadzki Szymon<br \/>\nZieli\u0144ski \u0141ukasz<br \/>\nBartosiak Kamil<br \/>\n\u0141otko Jakub<\/p>\n<p><strong>Analiza danych<\/strong><br \/>\nLitwinowicz Jakub<br \/>\nWi\u015bniewski Artur<br \/>\nKarczewska Alicja<\/p>\n<p><strong>Bazy Danych<\/strong><br \/>\nBielawski Mateusz<br \/>\nKury\u015b Kamil<br \/>\nCiszkowski Jacek<br \/>\nJaroszuk Wojciech<\/p>\n<p><strong>Projektowanie obiektowe<\/strong><br \/>\nJuchimowicz Piotr<br \/>\nBartosiak Kamil<br \/>\nKasperuk \u0141ukasz<\/p>\n<p><strong>Technologie mobilne<\/strong><br \/>\nUszy\u0144ski Mateusz<br \/>\nKarczewska Alicja<br \/>\nMarsza\u0142ek Artur<\/p>\n<p><strong>Technologie webowe<\/strong><br \/>\nBorysiuk Emil<br \/>\nRajch Mateusz<br \/>\nKalinowski Adam<\/p>\n<p><strong>Znajomo\u015b\u0107 j\u0119zyka C#<\/strong><br \/>\nIwaszko Kamil<br \/>\nSnarska Emilia<br \/>\nChrz\u0119st Dawid<\/p>\n<p><strong>Znajomo\u015b\u0107 j\u0119zyka C++<\/strong><br \/>\nJacewicz Pawe\u0142<br \/>\nRajch Mateusz<br \/>\nSzyma\u0144ski Konrad<\/p>\n<p><strong>Znajomo\u015b\u0107 j\u0119zyka Java<\/strong><br \/>\nPoniatowski Kamil<br \/>\nWi\u015bniewski Artur<br \/>\nPia\u015bcik Adrian<br \/>\nKury\u015b Kamil<\/p>\n<p><strong>Znajomo\u015b\u0107 j\u0119zyka Python<\/strong><br \/>\nZaprza\u0142ka Jakub<br \/>\nKalinowski Tomasz<br \/>\nKasperuk \u0141ukasz<\/p>\n","protected":false},"excerpt":{"rendered":"<p>https:\/\/pb.edu.pl\/2018\/11\/28\/bialostocki-test-informatykow-2018\/ 6&nbsp;edycji Bia\u0142ostockiego Testu Informatyk\u00f3w&nbsp;ju\u017c za nami. Test odby\u0142 si\u0119 w&nbsp;\u015brod\u0119&nbsp;28 listopada&nbsp;na&nbsp;Wydziale Informatyki Politechniki Bia\u0142ostockiej&nbsp;o<\/p>\n","protected":false},"author":149,"featured_media":0,"parent":0,"menu_order":0,"comment_status":"closed","ping_status":"closed","template":"","meta":{"_acf_changed":false,"ngg_post_thumbnail":0,"footnotes":""},"class_list":["post-2327","page","type-page","status-publish","hentry"],"acf":[],"_links":{"self":[{"href":"https:\/\/pb.edu.pl\/bti\/wp-json\/wp\/v2\/pages\/2327","targetHints":{"allow":["GET"]}}],"collection":[{"href":"https:\/\/pb.edu.pl\/bti\/wp-json\/wp\/v2\/pages"}],"about":[{"href":"https:\/\/pb.edu.pl\/bti\/wp-json\/wp\/v2\/types\/page"}],"author":[{"embeddable":true,"href":"https:\/\/pb.edu.pl\/bti\/wp-json\/wp\/v2\/users\/149"}],"replies":[{"embeddable":true,"href":"https:\/\/pb.edu.pl\/bti\/wp-json\/wp\/v2\/comments?post=2327"}],"version-history":[{"count":0,"href":"https:\/\/pb.edu.pl\/bti\/wp-json\/wp\/v2\/pages\/2327\/revisions"}],"wp:attachment":[{"href":"https:\/\/pb.edu.pl\/bti\/wp-json\/wp\/v2\/media?parent=2327"}],"curies":[{"name":"wp","href":"https:\/\/api.w.org\/{rel}","templated":true}]}}