{"id":2319,"date":"2024-10-04T07:55:05","date_gmt":"2024-10-04T05:55:05","guid":{"rendered":"https:\/\/pb.edu.pl\/bti\/?page_id=2319"},"modified":"2024-10-04T07:55:05","modified_gmt":"2024-10-04T05:55:05","slug":"bti-2017","status":"publish","type":"page","link":"https:\/\/pb.edu.pl\/bti\/bti-2017\/","title":{"rendered":"BTI 2017"},"content":{"rendered":"<p><img loading=\"lazy\" decoding=\"async\" class=\"alignleft wp-image-2320\" src=\"https:\/\/pb.edu.pl\/bti\/wp-content\/uploads\/sites\/112\/2024\/10\/plakat-bti-2017-212x300.jpg\" alt=\"\" width=\"300\" height=\"425\" srcset=\"https:\/\/pb.edu.pl\/bti\/wp-content\/uploads\/sites\/112\/2024\/10\/plakat-bti-2017-212x300.jpg 212w, https:\/\/pb.edu.pl\/bti\/wp-content\/uploads\/sites\/112\/2024\/10\/plakat-bti-2017.jpg 603w\" sizes=\"auto, (max-width: 300px) 100vw, 300px\" \/><\/p>\n<p>W&nbsp;<strong>\u015brod\u0119 29 listopada 2018&nbsp;<\/strong>roku odby\u0142a si\u0119&nbsp;pi\u0105ta edycja naszego konkursu. Wydarzenie jak co roku mia\u0142o miejsce na Wydziale Informatyki Politechniki Bia\u0142ostockiej. Du\u017co si\u0119 dzia\u0142o tego dnia. Firmy przedstawia\u0142y swoje oferty i zach\u0119ca\u0142y do podj\u0119cia u nich pracy, studenci i uczniowie rywalizowali o jak najwy\u017csze miejsca, a publiczno\u015b\u0107 mog\u0142a wys\u0142ucha\u0107 dw\u00f3ch bardzo ciekawych wyst\u0105pie\u0144. Wszystko zgodnie z poni\u017cszym grafikiem:<\/p>\n<p><strong>10:30-14:30<\/strong>&nbsp;\u2013 hol przed&nbsp;<strong>aul\u0105 B<\/strong>&nbsp;\u2013 prezentacje firm:<\/p>\n<p><strong><span lang=\"EN-US\">&nbsp; &nbsp; &nbsp; CFT Polska<\/span><span lang=\"EN-US\">,&nbsp;Exadel Poland,&nbsp;iAlbatros,&nbsp;Intive,&nbsp;OwnedOutcomes,&nbsp;SoftwareHut,&nbsp;Transition Technologies,&nbsp;X-Code&nbsp;oraz&nbsp;ZETO.<\/span><\/strong><\/p>\n<p><span lang=\"EN-US\"><strong>13:25-13:55<\/strong>&nbsp;\u2013&nbsp;<strong>aula B<\/strong>&nbsp;\u2013&nbsp;<strong>\u201cZ jaskini w kosmos\u201d \u2013 co nieco o aplikacjach webowych,&nbsp;<\/strong><\/span><strong>Mateusz Strada\u0142owicz<\/strong>&nbsp;\u2013<strong>&nbsp;<\/strong>przedstawiciel firmy&nbsp;<strong>INTIVE<\/strong>.<\/p>\n<p><strong>13:55-14:25<\/strong>&nbsp;\u2013&nbsp;<strong>aula B<\/strong>&nbsp;\u2013 \u201c<strong>Prawa autorskie tw\u00f3rcy programu komputerowego jako przedmiot umowy<\/strong>\u201c. Spotkanie poprowadzi aplikant adwokacki&nbsp;<strong>Marek Jaroch<\/strong>&nbsp;z&nbsp;<strong>Izby Adwokackiej w Bia\u0142ymstoku<\/strong>.<\/p>\n<p><span style=\"font-size: 1.5rem\">Na gali rozdali\u015bmy <\/span><strong style=\"font-size: 1.5rem\">10 000<\/strong><span style=\"font-size: 1.5rem\">&nbsp;z\u0142, jeden&nbsp;<\/span><strong style=\"font-size: 1.5rem\">indeks WI PB<\/strong><span style=\"font-size: 1.5rem\">&nbsp;oraz drobne nagrody rzeczowe.<\/span><\/p>\n<p>Radio Bia\u0142ystok:<\/p>\n<p><a href=\"http:\/\/www.radio.bialystok.pl\/wiadomosci\/index\/id\/149946\">http:\/\/www.radio.bialystok.pl\/wiadomosci\/index\/id\/149946<\/a><\/p>\n<div style=\"clear: both\">&nbsp;<\/div>\n<p>Inne:<\/p>\n<p><a href=\"http:\/\/www.halobialystok.pl\/news\/podglad\/8424\/programisci_staja_do_boju__ruszyly_zapisy_na_bialostocki_test_informatykow\">http:\/\/www.halobialystok.pl\/news\/podglad\/8424\/programisci_staja_do_boju__ruszyly_zapisy_na_bialostocki_test_informatykow<\/a>!<\/p>\n<p><a href=\"http:\/\/www.wrotapodlasia.pl\/pl\/edukacja\/edukacja_nauka\/programisci-staja-do-boju-ruszyly-zapisy-na-bialostocki-test-informatykow.html\">http:\/\/www.wrotapodlasia.pl\/pl\/edukacja\/edukacja_nauka\/programisci-staja-do-boju-ruszyly-zapisy-na-bialostocki-test-informatykow.html<\/a><\/p>\n<p><a href=\"http:\/\/www.bialystokonline.pl\/ww.bialystokonline.pl\/%3Cbr%20\/%3Ehttp:\/\/www.bialystokonline.pl\/bialostocki-test-informatykow-sprawdz-sie-i-wygraj-pieniadze-lub-indeks-na-politechnike,artykul,102187,6,1.html\">http:\/\/www.bialystokonline.pl\/ww.bialystokonline.pl\/%3Cbr%20\/%3Ehttp:\/\/www.bialystokonline.pl\/bialostocki-test-informatykow-sprawdz-sie-i-wygraj-pieniadze-lub-indeks-na-politechnike,artykul,102187,6,1.html<\/a><\/p>\n<p><a href=\"http:\/\/www.bialystokonline.pl\/bialostocki-test-informatykow,impreza,117981,11,1.html\">http:\/\/www.bialystokonline.pl\/bialostocki-test-informatykow,impreza,117981,11,1.html<\/a><\/p>\n<p><a href=\"http:\/\/akadera.bialystok.pl\/2017\/11\/14\/bialostocki-test-informatykow-jeszcze-mozna-sie-zglaszac\/\">http:\/\/akadera.bialystok.pl\/2017\/11\/14\/bialostocki-test-informatykow-jeszcze-mozna-sie-zglaszac\/<\/a><\/p>\n<p><a href=\"https:\/\/bia24.pl\/kategorie\/wiadomosci\/biaostocki-test-informatykw-908.html\">https:\/\/bia24.pl\/kategorie\/wiadomosci\/biaostocki-test-informatykw-908.html<\/a><\/p>\n<p><a href=\"http:\/\/www.poranny.pl\/strefa-biznesu\/firma\/a\/masz-firme-zwiazana-z-it-politechnika-zaprasza-na-wazne-spotkanie,10146480\/\">http:\/\/www.poranny.pl\/strefa-biznesu\/firma\/a\/masz-firme-zwiazana-z-it-politechnika-zaprasza-na-wazne-spotkanie,10146480\/<\/a><\/p>\n<p><a href=\"https:\/\/wrotapodlasia.pl\/pl\/edukacja\/edukacja_nauka\/bialostocki-test-informatykow-juz-29-listopada.html\">https:\/\/wrotapodlasia.pl\/pl\/edukacja\/edukacja_nauka\/bialostocki-test-informatykow-juz-29-listopada.html<\/a><\/p>\n<p><a href=\"http:\/\/www.ekonomik.bialystok.pl\/j\/index.php\/olimpiady-i-konkursy\">http:\/\/www.ekonomik.bialystok.pl\/j\/index.php\/olimpiady-i-konkursy<\/a><\/p>\n<p><strong style=\"font-size: 1.5rem\">Zwyci\u0119zcy 5 EDYCJI BTI<\/strong><\/p>\n<p>Zwyci\u0119zcom gratulujemy! Wszystkich uczestnik\u00f3w zapraszamy na kolejne edycje BTI!<\/p>\n<p><strong>Klasyfikacja generalna:<\/strong><\/p>\n<p>I miejsce: Budrowski Maciej<\/p>\n<p>II miejsce: Bielawski Mateusz<\/p>\n<p>III miejsce: Sawicki Maciej<\/p>\n<p><strong>Indeks WI PB otrzyma\u0142:<\/strong><\/p>\n<p>Werpachowski Damian<\/p>\n<p><strong>Kategorie tematyczne<\/strong><\/p>\n<p><strong>Algorytmika<\/strong><\/p>\n<p>Chociej Kacper,&nbsp;Skibicki Adam,&nbsp;Gawe\u0142ko Julita<\/p>\n<p><strong>Analiza danych<\/strong><\/p>\n<p><span style=\"font-size: 1.5rem\">Litwinowicz Jakub, Snarska Emilia, Kuc Micha\u0142<\/span><\/p>\n<p><strong>Bazy danych<\/strong><\/p>\n<p>Budrowski Maciej,&nbsp;Fabia\u0144ski Micha\u0142,&nbsp;Bielawski Mateusz<\/p>\n<p><strong>Proj. Obiektowe<\/strong><\/p>\n<p>Sawicki Maciej,&nbsp;Bielawski Mateusz,&nbsp;Kondracki Adrian<\/p>\n<p><strong>Tech. Mobilne<\/strong><\/p>\n<p>Sawicki Maciej,&nbsp;Rajch Mateusz,&nbsp;Terlecki Damian<\/p>\n<p><strong>Tech. Webowe<\/strong><\/p>\n<p>Sawicki Maciej,&nbsp;Terlecki Damian,&nbsp;Gawe\u0142ko Julita<\/p>\n<p><strong>znajomo\u015b\u0107 j\u0119zyka C#<\/strong><\/p>\n<p>Milewski Pawe\u0142,&nbsp;Skibicki Adam,&nbsp;Antoniuk Pawe\u0142<\/p>\n<p><strong>znajomo\u015b\u0107 j\u0119zyka C++<\/strong><\/p>\n<p>Jaroszuk Wojciech,&nbsp;Gacki Patryk,&nbsp;Iwanowski Adam<\/p>\n<p><strong>znajomo\u015b\u0107 j\u0119zyka JAVA<\/strong><\/p>\n<p>Bielawski Mateusz,&nbsp;Chociej Kacper,&nbsp;Budrowski Maciej<\/p>\n<p><strong>znajomo\u015b\u0107 j\u0119zyka PYTHON<\/strong><\/p>\n<p>Budrowski Maciej, Borysiuk Emil, B\u0105k Pawe\u0142<\/p>\n","protected":false},"excerpt":{"rendered":"<p>W&nbsp;\u015brod\u0119 29 listopada 2018&nbsp;roku odby\u0142a si\u0119&nbsp;pi\u0105ta edycja naszego konkursu. Wydarzenie jak co roku mia\u0142o miejsce<\/p>\n","protected":false},"author":149,"featured_media":0,"parent":0,"menu_order":0,"comment_status":"closed","ping_status":"closed","template":"","meta":{"_acf_changed":false,"ngg_post_thumbnail":0,"footnotes":""},"class_list":["post-2319","page","type-page","status-publish","hentry"],"acf":[],"_links":{"self":[{"href":"https:\/\/pb.edu.pl\/bti\/wp-json\/wp\/v2\/pages\/2319","targetHints":{"allow":["GET"]}}],"collection":[{"href":"https:\/\/pb.edu.pl\/bti\/wp-json\/wp\/v2\/pages"}],"about":[{"href":"https:\/\/pb.edu.pl\/bti\/wp-json\/wp\/v2\/types\/page"}],"author":[{"embeddable":true,"href":"https:\/\/pb.edu.pl\/bti\/wp-json\/wp\/v2\/users\/149"}],"replies":[{"embeddable":true,"href":"https:\/\/pb.edu.pl\/bti\/wp-json\/wp\/v2\/comments?post=2319"}],"version-history":[{"count":0,"href":"https:\/\/pb.edu.pl\/bti\/wp-json\/wp\/v2\/pages\/2319\/revisions"}],"wp:attachment":[{"href":"https:\/\/pb.edu.pl\/bti\/wp-json\/wp\/v2\/media?parent=2319"}],"curies":[{"name":"wp","href":"https:\/\/api.w.org\/{rel}","templated":true}]}}