{"id":2315,"date":"2024-10-04T07:46:15","date_gmt":"2024-10-04T05:46:15","guid":{"rendered":"https:\/\/pb.edu.pl\/bti\/?page_id=2315"},"modified":"2024-10-04T07:46:15","modified_gmt":"2024-10-04T05:46:15","slug":"bti-2016","status":"publish","type":"page","link":"https:\/\/pb.edu.pl\/bti\/bti-2016\/","title":{"rendered":"BTI 2016"},"content":{"rendered":"<p><img loading=\"lazy\" decoding=\"async\" class=\"size-full wp-image-2317 alignleft\" src=\"https:\/\/pb.edu.pl\/bti\/wp-content\/uploads\/sites\/112\/2024\/10\/plakat-2016.png\" alt=\"\" width=\"599\" height=\"847\" srcset=\"https:\/\/pb.edu.pl\/bti\/wp-content\/uploads\/sites\/112\/2024\/10\/plakat-2016.png 599w, https:\/\/pb.edu.pl\/bti\/wp-content\/uploads\/sites\/112\/2024\/10\/plakat-2016-212x300.png 212w\" sizes=\"auto, (max-width: 599px) 100vw, 599px\" \/><\/p>\n<p>&nbsp;<\/p>\n<p>30 listopada 2016r. odby\u0142a si\u0119 IV edycja BTI. Udzia\u0142 wzi\u0119\u0142o ponad 180 os\u00f3b. Wszystkie firmy wsp\u00f3\u0142organizuj\u0105ce BTI pokaza\u0142y si\u0119 od jak najlepszej strony. By\u0142y stoiska z niespodziankami i gad\u017cetami. To jedna z niewielu okazji by w jednym miejscu, o jednym czasie spotka\u0107 przedstawicieli najlepszych firm bran\u017cy IT. W tym roku Bia\u0142ostocki Test Informatyk\u00f3w wspar\u0142 tak\u017ce Bank Pekao SA.<\/p>\n<p>W godzinach 10:00-14:30 na holu na Wydziale Informatyki PB przed Aul\u0105 B zaprezentowa\u0142y si\u0119 nast\u0119puj\u0105ce firmy:<\/p>\n<p><strong>Bia\u0142ostocki Part Naukowo-Technologiczny, BitCraft, CFT Polska, Computaris Polska, Grape Up, iAlbatros Group, Intive, QBurst Poland, SoftwareHut, OwnedOutcomes, Transition Technologies, X-Code, ZETO oraz Bank Pekao S.A.<\/strong><\/p>\n<p>Mo\u017cna by\u0142o tak\u017ce uczestniczy\u0107 w dw\u00f3ch bardzo ciekawych wyst\u0105pieniach:<\/p>\n<p>13:30 Prezentacja Bia\u0142ostockiego Parku Naukowo-Technologicznego<br \/>\n13:45 Prezentacja Okr\u0119gowej Rady Adwokackiej w Bia\u0142ymstoku<\/p>\n<p>Umowa o dzie\u0142o? Umowa o prac\u0119? A mo\u017ce w\u0142asna dzia\u0142alno\u015b\u0107? Adwokat pomo\u017ce Ci zaprogramowa\u0107 Twoj\u0105 przysz\u0142o\u015b\u0107 w bran\u017cy IT \u2013 czyli s\u0142\u00f3w kilka o tym co zrobi\u0107, gdy znajdziemy ju\u017c pracodawc\u0119 lub wsp\u00f3lnika? Jak\u0105 umow\u0119 podpisa\u0107? Jakie klauzule s\u0105 korzystne, a kt\u00f3re nale\u017cy z umowy wy\u0142\u0105czy\u0107? Co z prawami autorskimi do programu komputerowego? Na te i inne nurtuj\u0105ce pytania znajd\u0105 Pa\u0144stwo odpowied\u017a podczas wyk\u0142adu przygotowanego przez Okr\u0119gow\u0105 Rad\u0119 Adwokack\u0105 w Bia\u0142ymstoku. Wyk\u0142ad poprowadzi adwokat Dorota Tumkiewicz.<\/p>\n<p>Oj dzia\u0142o si\u0119! Du\u017co firm, du\u017co go\u015bci, du\u017co atrakcji! A na dodatek, ma\u0142y pocz\u0119stunek!<\/p>\n<div style=\"clear: both\">&nbsp;<\/div>\n<p>Za najlepsze wyniki nagrodzeni zostali:<\/p>\n<p><strong>Klasyfikacja generalna \u2013 studenci<\/strong><\/p>\n<p>1. Pawe\u0142 Antoniuk<\/p>\n<p>2. Kamil Szymon Jadeszko<\/p>\n<p>3. Micha\u0142 Fabia\u0144ski<\/p>\n<p><strong>Kategoria uczniowska<\/strong><\/p>\n<p>1. Piotr Matl\u0105g \u2013 Indeks WI PB<\/p>\n<p>2. Damian Werpachowski<\/p>\n<p>3. Trzcinka Jakub<\/p>\n<p><strong>Programowanie obiektowe<\/strong><\/p>\n<p>1. Bartosz Siemie\u0144czuk<\/p>\n<p>2. Maciej Sawicki \/ Micha\u0142 Fabia\u0144ski<\/p>\n<p><strong>Znajomo\u015b\u0107 j\u0119zyka Java<\/strong><\/p>\n<p>1. Maciej Sawicki<\/p>\n<p>2. Pawe\u0142 Borowski<\/p>\n<p>3. Mateusz Matocha<\/p>\n<p><strong>Znajomo\u015b\u0107 j\u0119zyka Python<\/strong><\/p>\n<p>1. Tmasz Smolarczyk<\/p>\n<p>2. Wojciech Haniewski<\/p>\n<p>3. Maciej Szczerba<\/p>\n<p><strong>Bazy danych<\/strong><\/p>\n<p>1. Dzmitry Andreyuk<\/p>\n<p>2. Tomasz Bus\u0142owski<\/p>\n<p>3. Konrad Toczyd\u0142owski<\/p>\n<p><strong>Technologie webowe<\/strong><\/p>\n<p>1. Maciej Szczerba<\/p>\n<p>2. Bartosz Sienie\u0144czuk<\/p>\n<p>3. Pawe\u0142 Antoniuk<\/p>\n<p><strong style=\"font-size: 1.5rem\">Algorytmika<\/strong><\/p>\n<p>1. Cezary Chojnowski<\/p>\n<p>2. Kamil Poniatowski \/ Pawe\u0142 Jacewicz \/ Kamil Kury\u015b<\/p>\n<p><strong>Analiza danych<\/strong><\/p>\n<p>1. \u0141ukasz Brzezi\u0144ski<\/p>\n<p>2. Jan Gromko<\/p>\n<p>3. Pawe\u0142 Miron<\/p>\n<p><strong>Technologie mobilne<\/strong><\/p>\n<p>1. Trzcinka Jakub<\/p>\n<p>2. Jadeszko Kamil Szymon \/ Iwaniuk Piotr<\/p>\n<p><strong>Znajomo\u015b\u0107 j\u0119zyka C++<\/strong><\/p>\n<p>1. Piotr Cywoniuk<\/p>\n<p>2. Artur Strza\u0142kowski<\/p>\n<p>3. Patryk Gacki<\/p>\n<p><strong>Znajomo\u015b\u0107 j\u0119zyka C#<\/strong><\/p>\n<p>1. Adam Skibicki<\/p>\n<p>2. Kamil Szymon Jadeszko<\/p>\n<p>3. Micha\u0142 Fabia\u0144ski<\/p>\n<p>Bardzo dzi\u0119kujemy za udzia\u0142 w BTI 2016! Zwyci\u0119zcom gratulujemy i \u017cyczymy kolejnych sukces\u00f3w!<\/p>\n<h2>&nbsp;<\/h2>\n<p>O nas w mediach:<\/p>\n<div><a href=\"http:\/\/bialystok.tvp.pl\/28040492\/rozwoj-branzy-it\" target=\"_blank\" rel=\"noopener noreferrer\"><u>http:\/\/bialystok.tvp.pl\/28040492\/rozwoj-branzy-it<\/u><\/a><\/div>\n<div><a href=\"http:\/\/dziendobrybialystok.pl\/artykul\/informatycy-sie-zmierza\/106987\" target=\"_blank\" rel=\"noopener noreferrer\"><u>http:\/\/dziendobrybialystok.pl\/artykul\/informatycy-sie-zmierza\/106987<\/u><\/a><\/div>\n<div><a href=\"http:\/\/www.wrotapodlasia.pl\/pl\/edukacja\/edukacja_nauka\/bialostocki-test-informatykow-na-politechnice-bialostockiej.html\" target=\"_blank\" rel=\"noopener noreferrer\"><u>http:\/\/www.wrotapodlasia.pl\/pl\/edukacja\/edukacja_nauka\/bialostocki-test-informatykow-na-politechnice-bialostockiej.html<\/u><\/a><\/div>\n","protected":false},"excerpt":{"rendered":"<p>&nbsp; 30 listopada 2016r. odby\u0142a si\u0119 IV edycja BTI. Udzia\u0142 wzi\u0119\u0142o ponad 180 os\u00f3b. Wszystkie<\/p>\n","protected":false},"author":149,"featured_media":0,"parent":0,"menu_order":0,"comment_status":"closed","ping_status":"closed","template":"","meta":{"_acf_changed":false,"ngg_post_thumbnail":0,"footnotes":""},"class_list":["post-2315","page","type-page","status-publish","hentry"],"acf":[],"_links":{"self":[{"href":"https:\/\/pb.edu.pl\/bti\/wp-json\/wp\/v2\/pages\/2315","targetHints":{"allow":["GET"]}}],"collection":[{"href":"https:\/\/pb.edu.pl\/bti\/wp-json\/wp\/v2\/pages"}],"about":[{"href":"https:\/\/pb.edu.pl\/bti\/wp-json\/wp\/v2\/types\/page"}],"author":[{"embeddable":true,"href":"https:\/\/pb.edu.pl\/bti\/wp-json\/wp\/v2\/users\/149"}],"replies":[{"embeddable":true,"href":"https:\/\/pb.edu.pl\/bti\/wp-json\/wp\/v2\/comments?post=2315"}],"version-history":[{"count":0,"href":"https:\/\/pb.edu.pl\/bti\/wp-json\/wp\/v2\/pages\/2315\/revisions"}],"wp:attachment":[{"href":"https:\/\/pb.edu.pl\/bti\/wp-json\/wp\/v2\/media?parent=2315"}],"curies":[{"name":"wp","href":"https:\/\/api.w.org\/{rel}","templated":true}]}}