{"id":2301,"date":"2024-10-04T07:40:12","date_gmt":"2024-10-04T05:40:12","guid":{"rendered":"https:\/\/pb.edu.pl\/bti\/?page_id=2301"},"modified":"2024-10-04T07:40:12","modified_gmt":"2024-10-04T05:40:12","slug":"bti-2015","status":"publish","type":"page","link":"https:\/\/pb.edu.pl\/bti\/bti-2015\/","title":{"rendered":"BTI 2015"},"content":{"rendered":"ngg_shortcode_0_placeholder\n<p><img loading=\"lazy\" decoding=\"async\" class=\"size-full wp-image-2312 alignleft\" src=\"https:\/\/pb.edu.pl\/bti\/wp-content\/uploads\/sites\/112\/2024\/10\/plakat-bti-2015-212x300-1.png\" alt=\"\" width=\"212\" height=\"300\"><\/p>\n<p>25 listopada 2915 r. odby\u0142a si\u0119 III edycja Bia\u0142ostockiego Testu Informatyk\u00f3w, BTI 2015.<\/p>\n<p>W tym roku wszystkie miejsca na podium zdobyli studenci Wydzia\u0142u Informatyki. Zwyci\u0119zcami Testu zostali:&nbsp;<\/p>\n<ul>\n<li>I miejsce, &nbsp;Dariusz Antoniuk (nagroda 5000z\u0142) zdobywaj\u0105c 104,83 pkt i zajmuj\u0105c wysokie pozycje w kategoriach: Programowanie obiektowe oraz Znajomo\u015b\u0107 j\u0119zyka C#.<\/li>\n<li>II miejsce, &nbsp;Pawe\u0142 Szeszko (nagroda 3500z\u0142) &nbsp;zdobywaj\u0105c 99,25 pkt i zajmuj\u0105c pierwsze miejsce w kategorii Projektowanie obiektowe.<\/li>\n<li>III miejsce, Dariusz Miko\u0142ajczuk (nagroda 2000z\u0142) zdobywaj\u0105c 97,68 pkt i zajmuj\u0105c pierwsze miejsce w kategorii Bazy danych.<\/li>\n<\/ul>\n<p>&nbsp;<\/p>\n<p>Do Testu przyst\u0105pi\u0142o 107 uczestnik\u00f3w, zarejestrowa\u0142o si\u0119 129. Sponsorami nagr\u00f3d oraz autorami pyta\u0144 by\u0142o 12 &nbsp;wiod\u0105cych firm z bran\u017cy IT. W tym roku pytania uk\u0142adali &nbsp;przedstawiciele dwunastu wiod\u0105cych firm z bran\u017cy IT:<\/p>\n<p>&nbsp;<\/p>\n<p>BIT S.A., CERI International, CFT Polska Sp. z o.o., Coders Center Sp. z o.o., Computaris Polska sp. z o.o., Grape Up Sp. z o.o., QBurst Poland Sp. z o.o., SMT Software Services S.A., SoftwareHut Sp. z o.o., Transition Technologies S.A., X-Code Sp\u00f3\u0142ka z o.o., ZETO S.A.&nbsp;<\/p>\n<p>&nbsp;<\/p>\n<p>Ogromny to sukces bran\u017cy organizuj\u0105cej wydarzenie, razem we wsp\u00f3lnym celu, lepszej edukacji i pokazania si\u0142y \u015brodowiska IT i mo\u017cliwo\u015bci jakie maj\u0105 absolwenci Wydzia\u0142u Informatyki Politechniki Bia\u0142ostockiej.&nbsp;<\/p>\n<p>&nbsp;<\/p>\n<p>Materia\u0142 filmowy z przebiegu uroczysto\u015bci i prezentacji sponsor\u00f3w przygotowa\u0142a TV Platon, za co serdecznie dzi\u0119kujemy.<\/p>\n<p><a href=\"http:\/\/biaman.tv.pionier.net.pl\/play?id=5567\" target=\"_blank\" rel=\"noopener\">http:\/\/biaman.tv.pionier.net.pl\/play?id=5567<\/a><\/p>\n","protected":false},"excerpt":{"rendered":"<p>&nbsp; 25 listopada 2915 r. odby\u0142a si\u0119 III edycja Bia\u0142ostockiego Testu Informatyk\u00f3w, BTI 2015. W<\/p>\n","protected":false},"author":149,"featured_media":0,"parent":0,"menu_order":0,"comment_status":"closed","ping_status":"closed","template":"","meta":{"_acf_changed":false,"ngg_post_thumbnail":0,"footnotes":""},"class_list":["post-2301","page","type-page","status-publish","hentry"],"acf":[],"_links":{"self":[{"href":"https:\/\/pb.edu.pl\/bti\/wp-json\/wp\/v2\/pages\/2301","targetHints":{"allow":["GET"]}}],"collection":[{"href":"https:\/\/pb.edu.pl\/bti\/wp-json\/wp\/v2\/pages"}],"about":[{"href":"https:\/\/pb.edu.pl\/bti\/wp-json\/wp\/v2\/types\/page"}],"author":[{"embeddable":true,"href":"https:\/\/pb.edu.pl\/bti\/wp-json\/wp\/v2\/users\/149"}],"replies":[{"embeddable":true,"href":"https:\/\/pb.edu.pl\/bti\/wp-json\/wp\/v2\/comments?post=2301"}],"version-history":[{"count":0,"href":"https:\/\/pb.edu.pl\/bti\/wp-json\/wp\/v2\/pages\/2301\/revisions"}],"wp:attachment":[{"href":"https:\/\/pb.edu.pl\/bti\/wp-json\/wp\/v2\/media?parent=2301"}],"curies":[{"name":"wp","href":"https:\/\/api.w.org\/{rel}","templated":true}]}}