{"id":2298,"date":"2024-10-04T07:32:28","date_gmt":"2024-10-04T05:32:28","guid":{"rendered":"https:\/\/pb.edu.pl\/bti\/?page_id=2298"},"modified":"2024-10-04T07:32:28","modified_gmt":"2024-10-04T05:32:28","slug":"bti-2014","status":"publish","type":"page","link":"https:\/\/pb.edu.pl\/bti\/bti-2014\/","title":{"rendered":"BTI 2014"},"content":{"rendered":"<p>19 listopada 2014 r. odby\u0142 si\u0119 drugi Bia\u0142ostocki Test Informatyk\u00f3w. Przyst\u0105pi\u0142o do niego 70 uczestnik\u00f3w. Test skierowany by\u0142 do student\u00f3w uczelni bia\u0142ostockich oraz pe\u0142noletnich uczni\u00f3w szk\u00f3\u0142 wsp\u00f3\u0142pracuj\u0105cych z Wydzia\u0142em Informatyki Politechniki Bia\u0142ostockiej.<\/p>\n<p>Na tych, kt\u00f3rzy podj\u0119li wyzwanie czeka\u0142y zadania podobne do tych, kt\u00f3re mog\u0105 pa\u015b\u0107 podczas rozmowy z potencjalnym pracodawc\u0105. Dotyczy\u0142y one zagadnie\u0144 z algorytmiki, projektowania obiektowego, relacyjnych baz danych, programowania w j\u0119zykach JAVA, C# i C++ oraz technologii mobilnych. By\u0142a to znakomita okazja do sprawdzianu czego wymagaj\u0105 najlepsi pracodawcy z bran\u017cy IT. Autorami zada\u0144 nie byli nauczyciele akademiccy, ale praktycy, pracownicy firm z wojew\u00f3dztwa podlaskiego.<\/p>\n<p>Drug\u0105 edycj\u0119 Bia\u0142ostockiego Testu Informatyk\u00f3w wygra\u0142 student Wydzia\u0142u Informatyki PB Pan Dariusz Antoniuk. Drugie miejsce zaj\u0105\u0142 tak\u017ce student WI PB Pawe\u0142 Szeszko. Trzecie miejsce zaj\u0105\u0142 student Uniwersytetu w Bia\u0142ymstoku Rados\u0142aw Piliszek. Zwyci\u0119zcy Testu otrzymali kolejno 4.000 z\u0142, 3.000 z\u0142, 1.000 z\u0142. Serdecznie gratulujemy i \u017cyczymy kolejnych sukces\u00f3w!<img loading=\"lazy\" decoding=\"async\" class=\"aligncenter size-full wp-image-2299\" src=\"https:\/\/pb.edu.pl\/bti\/wp-content\/uploads\/sites\/112\/2024\/10\/plakat-2014-mini-212x300-1.png\" alt=\"\" width=\"212\" height=\"300\"><\/p>\n","protected":false},"excerpt":{"rendered":"<p>19 listopada 2014 r. odby\u0142 si\u0119 drugi Bia\u0142ostocki Test Informatyk\u00f3w. Przyst\u0105pi\u0142o do niego 70 uczestnik\u00f3w.<\/p>\n","protected":false},"author":149,"featured_media":0,"parent":0,"menu_order":0,"comment_status":"closed","ping_status":"closed","template":"","meta":{"_acf_changed":false,"ngg_post_thumbnail":0,"footnotes":""},"class_list":["post-2298","page","type-page","status-publish","hentry"],"acf":[],"_links":{"self":[{"href":"https:\/\/pb.edu.pl\/bti\/wp-json\/wp\/v2\/pages\/2298","targetHints":{"allow":["GET"]}}],"collection":[{"href":"https:\/\/pb.edu.pl\/bti\/wp-json\/wp\/v2\/pages"}],"about":[{"href":"https:\/\/pb.edu.pl\/bti\/wp-json\/wp\/v2\/types\/page"}],"author":[{"embeddable":true,"href":"https:\/\/pb.edu.pl\/bti\/wp-json\/wp\/v2\/users\/149"}],"replies":[{"embeddable":true,"href":"https:\/\/pb.edu.pl\/bti\/wp-json\/wp\/v2\/comments?post=2298"}],"version-history":[{"count":0,"href":"https:\/\/pb.edu.pl\/bti\/wp-json\/wp\/v2\/pages\/2298\/revisions"}],"wp:attachment":[{"href":"https:\/\/pb.edu.pl\/bti\/wp-json\/wp\/v2\/media?parent=2298"}],"curies":[{"name":"wp","href":"https:\/\/api.w.org\/{rel}","templated":true}]}}