{"id":2295,"date":"2024-10-04T07:31:36","date_gmt":"2024-10-04T05:31:36","guid":{"rendered":"https:\/\/pb.edu.pl\/bti\/?page_id=2295"},"modified":"2024-10-04T07:31:36","modified_gmt":"2024-10-04T05:31:36","slug":"bti-2013","status":"publish","type":"page","link":"https:\/\/pb.edu.pl\/bti\/bti-2013\/","title":{"rendered":"BTI 2013"},"content":{"rendered":"<p>&nbsp;<\/p>\n<p><img loading=\"lazy\" decoding=\"async\" class=\"size-full wp-image-2296 alignright\" src=\"https:\/\/pb.edu.pl\/bti\/wp-content\/uploads\/sites\/112\/2024\/10\/2013-plakat-213x300-1.png\" alt=\"\" width=\"213\" height=\"300\"><\/p>\n<p>22 listopada na Politechnice Bia\u0142ostockiej odby\u0142a si\u0119 pierwsza edycja&nbsp;<strong>Bia\u0142ostockiego Testu&nbsp;<\/strong><strong>Informatyk\u00f3w<\/strong>. Zrealizowano j\u0105 w ramach dzia\u0142alno\u015bci&nbsp;<strong>Rady Przedsi\u0119biorc\u00f3w<\/strong>powo\u0142anej w&nbsp;2012 roku przez&nbsp;<strong>Wydzia\u0142 Informatyki PB<\/strong>. Dzia\u0142alno\u015b\u0107 Rady przyniesie korzystne zmiany w&nbsp;modyfikacji program\u00f3w nauczania poprzez ich dostosowanie do potrzeb rynku pracy ICT&nbsp;(ang. Information and Communication Technology). Bia\u0142ostocki Test Informatyk\u00f3w jest&nbsp;pierwsz\u0105 tak\u0105 inicjatyw\u0105 Rady, ale podj\u0119t\u0105 na wz\u00f3r i za zgod\u0105 Politechniki \u0141\u00f3dzkiej. Ide\u0119&nbsp;Testu przekaza\u0142 przedstawiciel Biura Karier Politechniki \u0141\u00f3dzkiej \u2013 Pan Grzegorz Kierner na&nbsp;spotkaniu Rady w maju 2012r.<\/p>\n<p>Test obj\u0105\u0142 swoim patronatem<strong>&nbsp;Bia\u0142ostocki Park Naukowo-Technologiczny<\/strong>.&nbsp;Wsp\u00f3\u0142organizatorami Testu oraz fundatorami niebagatelnych nagr\u00f3d: I miejsce \u2013 4000z\u0142, II&nbsp;miejsce \u2013 3000z\u0142, III miejsce \u2013 1000z\u0142, by\u0142y firmy bran\u017cy ICT:&nbsp;<strong>CFT Polska, Computaris&nbsp;<\/strong><strong>Polska, EIP, Leviteo, MAXTO, QBurst, SMT Software, Transition Technologies<\/strong>. Firmy te&nbsp;podj\u0119\u0142y te\u017c trud opracowania zestaw\u00f3w \u0142atwych i trudnych pyta\u0144 testowych z 7 obszar\u00f3w&nbsp;wiedzy: algorytmiki, projektowania obiektowego, relacyjnych baz danych, znajomo\u015bci&nbsp;j\u0119zyk\u00f3w Java, C#, C++ oraz technologii mobilnych. Baza pyta\u0144 zawiera\u0142a ponad 600 r\u00f3\u017cnych&nbsp;zada\u0144. Dodatkow\u0105 nagrod\u0105 dla wszystkich uczestnik\u00f3w by\u0142<strong>Certyfikat<\/strong>&nbsp;potwierdzaj\u0105cy udzia\u0142&nbsp;w Te\u015bcie oraz liczb\u0119 uzyskanych punkt\u00f3w w ka\u017cdej z wy\u017cej wymienionych dziedzin. Studenci&nbsp;mog\u0105 pochwali\u0107 si\u0119 nim podczas rozmowy rekrutacyjnej.<\/p>\n<p>Test przeprowadzony by\u0142 w nowoczesnych laboratoriach Wydzia\u0142u Informatyki. Nad ca\u0142o\u015bci\u0105&nbsp;czuwa\u0142a Pe\u0142nomocnik Dziekana WIPB ds. Organizacji BTI dr M. Kacprzak oraz&nbsp;administratora Elektronicznego Systemu Testowania mgr in\u017c. M. Czo\u0142ombitko. Studenci byli&nbsp;bardzo zadowoleni z takiej formy weryfikacji ich wiedzy i umiej\u0119tno\u015bci. Chwalili mo\u017cliwo\u015b\u0107&nbsp;odbycia testu rekrutacyjnego bez \u017cadnych p\u00f3\u017aniejszych konsekwencji i sprawdzenia jakie s\u0105&nbsp;oczekiwania potencjalnych pracodawc\u00f3w. Potwierdzali, \u017ce Test motywuje ich do dalszego&nbsp;rozwoju. Z kolei pracodawcy mieli okazj\u0119 do prezentacji swoich firm, zainteresowania&nbsp;student\u00f3w swoimi dzia\u0142aniami oraz przedstawienia im perspektyw zatrudnienia.&nbsp;<\/p>\n<p>Do Testu m\u00f3g\u0142 przyst\u0105pi\u0107 ka\u017cdy student Politechniki Bia\u0142ostockiej. W dniu Testu zg\u0142osi\u0142o si\u0119&nbsp;70 os\u00f3b z r\u00f3\u017cnych wydzia\u0142\u00f3w. Na podstawie raportu z Elektronicznego Systemu Testowania&nbsp;umieszczonego na platformie zdalnego nauczania WIPB, wy\u0142oniono trzy najlepsze osoby.&nbsp;Tr\u00f3jka zwyci\u0119zc\u00f3w, to studenci Wydzia\u0142u Informatyki. I miejsce, i najwi\u0119ksz\u0105 liczb\u0119 punkt\u00f3w,&nbsp;zdoby\u0142&nbsp;<strong>Pawe\u0142 Wysocki<\/strong>, II miejsce wywalczy\u0142&nbsp;<strong>Dariusz Antoniuk<\/strong>, III miejsce zaj\u0105\u0142&nbsp;<strong>Adam&nbsp;<\/strong><strong>Wy\u0142uda<\/strong>.&nbsp;<\/p>\n<p><em>Gratulujemy zwyci\u0119zcom! Wszystkim uczestnikom Testu dzi\u0119kujemy za zaanga\u017cowanie i&nbsp;\u017cyczymy wielu kolejnych wyzwa\u0144 i sukces\u00f3w!<\/em><\/p>\n<p>\u0179r\u00f3d\u0142o: Kurier Poranny, 30 grudnia 2014, dodatek tematyczny Regiopraca.pl<\/p>\n","protected":false},"excerpt":{"rendered":"<p>&nbsp; 22 listopada na Politechnice Bia\u0142ostockiej odby\u0142a si\u0119 pierwsza edycja&nbsp;Bia\u0142ostockiego Testu&nbsp;Informatyk\u00f3w. Zrealizowano j\u0105 w ramach<\/p>\n","protected":false},"author":149,"featured_media":0,"parent":0,"menu_order":0,"comment_status":"closed","ping_status":"closed","template":"","meta":{"_acf_changed":false,"ngg_post_thumbnail":0,"footnotes":""},"class_list":["post-2295","page","type-page","status-publish","hentry"],"acf":[],"_links":{"self":[{"href":"https:\/\/pb.edu.pl\/bti\/wp-json\/wp\/v2\/pages\/2295","targetHints":{"allow":["GET"]}}],"collection":[{"href":"https:\/\/pb.edu.pl\/bti\/wp-json\/wp\/v2\/pages"}],"about":[{"href":"https:\/\/pb.edu.pl\/bti\/wp-json\/wp\/v2\/types\/page"}],"author":[{"embeddable":true,"href":"https:\/\/pb.edu.pl\/bti\/wp-json\/wp\/v2\/users\/149"}],"replies":[{"embeddable":true,"href":"https:\/\/pb.edu.pl\/bti\/wp-json\/wp\/v2\/comments?post=2295"}],"version-history":[{"count":0,"href":"https:\/\/pb.edu.pl\/bti\/wp-json\/wp\/v2\/pages\/2295\/revisions"}],"wp:attachment":[{"href":"https:\/\/pb.edu.pl\/bti\/wp-json\/wp\/v2\/media?parent=2295"}],"curies":[{"name":"wp","href":"https:\/\/api.w.org\/{rel}","templated":true}]}}