{"id":2001,"date":"2023-11-07T22:12:46","date_gmt":"2023-11-07T21:12:46","guid":{"rendered":"https:\/\/pb.edu.pl\/bti\/?page_id=2001"},"modified":"2025-12-02T22:14:23","modified_gmt":"2025-12-02T21:14:23","slug":"nagrody","status":"publish","type":"page","link":"https:\/\/pb.edu.pl\/bti\/o-wydarzeniu\/nagrody\/","title":{"rendered":"Nagrody i nagrodzeni"},"content":{"rendered":"<p><span style=\"font-family: helvetica, arial, sans-serif;font-size: 12pt\"><strong>Kategoria studencka<\/strong><\/span><\/p>\n<p><span style=\"font-family: helvetica, arial, sans-serif;font-size: 12pt\">Spo\u015br\u00f3d&nbsp;<strong>student\u00f3w<\/strong>&nbsp;wybierzemy&nbsp;<strong>3 osoby<\/strong>&nbsp;z najwi\u0119ksz\u0105 liczb\u0105 punkt\u00f3w \u2013 liczy si\u0119 wynik sumaryczny z ca\u0142ego Testu. Zdobywcy trzech pierwszych miejsc otrzymaj\u0105 nagrody finansowe:&nbsp;<strong>3400z\u0142<\/strong>,&nbsp;<strong>2000z\u0142<\/strong>,&nbsp;<strong>1500z\u0142<\/strong>.<\/span><\/p>\n<p><span style=\"font-family: helvetica, arial, sans-serif;font-size: 12pt\"><strong>Kategoria uczniowska<\/strong><\/span><\/p>\n<p><span style=\"font-family: helvetica, arial, sans-serif;font-size: 12pt\">Spo\u015br\u00f3d&nbsp;<strong>uczni\u00f3w<\/strong>&nbsp;wybierzemy&nbsp;<strong>4 osoby<\/strong>&nbsp;z najwi\u0119ksz\u0105 liczb\u0105 punkt\u00f3w \u2013 liczy si\u0119 wynik sumaryczny z ca\u0142ego Testu. Zdobywcy&nbsp;<strong>4 pierwszych miejsc<\/strong>&nbsp;otrzymaj\u0105&nbsp;<strong>tytu\u0142 laureata<\/strong>&nbsp;<strong>BTI<\/strong>&nbsp;upowa\u017cniaj\u0105cy do<strong>&nbsp;podj\u0119cia studi\u00f3w na Wydziale Informatyki PB<\/strong> z pomini\u0119ciem konkursu \u015bwiadectw. Oczywi\u015bcie wcze\u015bniej trzeba pozytywnie zda\u0107 egzamin maturalny :-). Wymagane jest r\u00f3wnie\u017c spe\u0142nienie wszystkich warunk\u00f3w okre\u015blonych w regulaminie rekrutacji obowi\u0105zuj\u0105cym w danym roku akademickim.<\/span><\/p>\n<p><span style=\"font-family: helvetica, arial, sans-serif;font-size: 12pt\"><strong>Kategorie tematyczne<\/strong><\/span><\/p>\n<p><span style=\"font-family: helvetica, arial, sans-serif;font-size: 12pt\">Spo\u015br\u00f3d&nbsp;<strong>wszystkich<\/strong> uczestnik\u00f3w (student\u00f3w i uczni\u00f3w) wybierzemy po <strong>3 osoby<\/strong>, kt\u00f3re w poszczeg\u00f3lnych kategoriach tematycznych zdoby\u0142y najwi\u0119ksz\u0105 liczb\u0119 punkt\u00f3w.&nbsp;Zdobywca pierwszego miejsca w kategorii tematycznej otrzymuje nagrod\u0119 pieni\u0119\u017cn\u0105:<strong>&nbsp;500z\u0142<\/strong>. Zdobywcy drugiego i trzeciego miejsca otrzymaj\u0105 odpowiednio&nbsp;<strong>300z\u0142<\/strong>&nbsp;i&nbsp;<strong>200z\u0142<\/strong>.<\/span><\/p>\n<p><span style=\"font-family: helvetica, arial, sans-serif;font-size: 12pt\"><strong>Podatek<\/strong><\/span><\/p>\n<p><span style=\"font-family: helvetica, arial, sans-serif;font-size: 12pt\">W przypadku, gdy \u0142\u0105czna warto\u015b\u0107 nagr\u00f3d finansowych przekroczy kwot\u0119 2 000 z\u0142, to wed\u0142ug og\u00f3lnej zasady, od nagr\u00f3d w konkursach pobiera si\u0119 zrycza\u0142towany podatek dochodowy w wysoko\u015bci 10% (art. 30 ust. 1 pkt 2 ustawy o PIT). W tej sytuacji Organizator pobierze podatek od ca\u0142ej wygranej, a nie tylko od nadwy\u017cki.<\/span><\/p>\n<p><span style=\"font-family: helvetica, arial, sans-serif;font-size: 12pt\"><strong>Certyfikat<\/strong><\/span><\/p>\n<p><span style=\"font-family: helvetica, arial, sans-serif;font-size: 12pt\">Ka\u017cdy uczestnik otrzyma <strong>certyfikat<\/strong> potwierdzaj\u0105cy udzia\u0142 w konkursie i wynik otrzymany w poszczeg\u00f3lnych kategoriach tematycznych.<\/span><\/p>\n<p><strong>Laureaci, zwyci\u0119zcy, osoby nagrodzone<\/strong><\/p>\n<p>Gratulujemy wszystkim zwyci\u0119zcom Konkursu edycji BTI 2025! Pe\u0142na lista nagrodzonych jest poni\u017cej.<\/p>\n<table width=\"605\">\n<tbody>\n<tr>\n<td width=\"59\">&nbsp;<\/td>\n<td width=\"249\"><strong><u>Klasyfikacja studencka<\/u><\/strong><\/td>\n<td width=\"296\">&nbsp;<\/td>\n<\/tr>\n<tr>\n<td width=\"59\">1<\/td>\n<td width=\"249\">Bartnik Mateusz<\/td>\n<td width=\"296\">Politechnika Bia\u0142ostocka<\/td>\n<\/tr>\n<tr>\n<td width=\"59\">2<\/td>\n<td width=\"249\">Rogowski Adam<\/td>\n<td width=\"296\">Politechnika Bia\u0142ostocka<\/td>\n<\/tr>\n<tr>\n<td width=\"59\">3<\/td>\n<td width=\"249\">Raszkiewicz Oskar<\/td>\n<td width=\"296\">Politechnika Bia\u0142ostocka<\/td>\n<\/tr>\n<tr>\n<td width=\"59\">&nbsp;<\/td>\n<td width=\"249\">&nbsp;<\/td>\n<td width=\"296\">&nbsp;<\/td>\n<\/tr>\n<tr>\n<td width=\"59\">&nbsp;<\/td>\n<td width=\"249\"><strong><u>Klasyfikacja uczniowska<br \/>\n(indeks WI PB)<\/u><\/strong><\/td>\n<td width=\"296\">&nbsp;<\/td>\n<\/tr>\n<tr>\n<td width=\"59\">1<\/td>\n<td width=\"249\">Kropiwnicki Jan<\/td>\n<td width=\"296\">Technikum Programistyczne INFOTECH<\/td>\n<\/tr>\n<tr>\n<td width=\"59\">2<\/td>\n<td width=\"249\">Kosi\u0144ski Jakub<\/td>\n<td width=\"296\">Zesp\u00f3\u0142 Szk\u00f3\u0142 Elektrycznych w Bia\u0142ymstoku<\/td>\n<\/tr>\n<tr>\n<td width=\"59\">3<\/td>\n<td width=\"249\">Antonowski Krzysztof<\/td>\n<td width=\"296\">Zesp\u00f3\u0142 Szk\u00f3\u0142 Elektrycznych w Bia\u0142ymstoku<\/td>\n<\/tr>\n<tr>\n<td width=\"59\">4<\/td>\n<td width=\"249\">Mitrosz Franek<\/td>\n<td width=\"296\">Zesp\u00f3\u0142 Szk\u00f3\u0142 Elektrycznych w Bia\u0142ymstoku<\/td>\n<\/tr>\n<tr>\n<td width=\"59\">5<\/td>\n<td width=\"249\">Czech Zachary<\/td>\n<td width=\"296\">Technikum Programistyczne INFOTECH<\/td>\n<\/tr>\n<tr>\n<td width=\"59\">6<\/td>\n<td width=\"249\">Kajdewicz Pawe\u0142<\/td>\n<td width=\"296\">Zesp\u00f3\u0142 Szk\u00f3\u0142 Elektrycznych w Bia\u0142ymstoku<\/td>\n<\/tr>\n<tr>\n<td width=\"59\">7<\/td>\n<td width=\"249\">Tereszkiewicz Grzegorz<\/td>\n<td width=\"296\">Technikum Programistyczne INFOTECH<\/td>\n<\/tr>\n<\/tbody>\n<\/table>\n<p>&nbsp;<\/p>\n<table width=\"605\">\n<tbody>\n<tr>\n<td width=\"59\">&nbsp;<\/td>\n<td width=\"249\"><strong><u>Bazy danych<\/u><\/strong><\/td>\n<td width=\"296\">&nbsp;<\/td>\n<\/tr>\n<tr>\n<td width=\"59\">1<\/td>\n<td width=\"249\">Lengiewicz Mateusz<\/td>\n<td width=\"296\">Politechnika Bia\u0142ostocka<\/td>\n<\/tr>\n<tr>\n<td width=\"59\">2<\/td>\n<td width=\"249\">Kropiwnicki Jan<\/td>\n<td width=\"296\">Technikum Programistyczne INFOTECH<\/td>\n<\/tr>\n<tr>\n<td width=\"59\">3<\/td>\n<td width=\"249\">Jankowski Konrad<\/td>\n<td width=\"296\">Politechnika Bia\u0142ostocka<\/td>\n<\/tr>\n<tr>\n<td width=\"59\">3<\/td>\n<td width=\"249\">Raszkiewicz Oskar<\/td>\n<td width=\"296\">Politechnika Bia\u0142ostocka<\/td>\n<\/tr>\n<tr>\n<td width=\"59\">&nbsp;<\/td>\n<td width=\"249\">&nbsp;<\/td>\n<td width=\"296\">&nbsp;<\/td>\n<\/tr>\n<tr>\n<td width=\"59\">&nbsp;<\/td>\n<td width=\"249\"><strong><u>Cyberbezpiecze\u0144stwo<\/u><\/strong><\/td>\n<td width=\"296\">&nbsp;<\/td>\n<\/tr>\n<tr>\n<td width=\"59\">1<\/td>\n<td width=\"249\">Bartnik Mateusz<\/td>\n<td width=\"296\">Politechnika Bia\u0142ostocka<\/td>\n<\/tr>\n<tr>\n<td width=\"59\">1<\/td>\n<td width=\"249\">Raszkiewicz Oskar<\/td>\n<td width=\"296\">Politechnika Bia\u0142ostocka<\/td>\n<\/tr>\n<tr>\n<td width=\"59\">1<\/td>\n<td width=\"249\">Filipiuk \u0141ukasz<\/td>\n<td width=\"296\">Politechnika Bia\u0142ostocka<\/td>\n<\/tr>\n<tr>\n<td width=\"59\">1<\/td>\n<td width=\"249\">Dani\u0142o Karol<\/td>\n<td width=\"296\">Politechnika Bia\u0142ostocka<\/td>\n<\/tr>\n<tr>\n<td width=\"59\">&nbsp;<\/td>\n<td width=\"249\">&nbsp;<\/td>\n<td width=\"296\">&nbsp;<\/td>\n<\/tr>\n<tr>\n<td width=\"59\">&nbsp;<\/td>\n<td width=\"249\"><strong><u>Sztuczna inteligencja<\/u><\/strong><\/td>\n<td width=\"296\">&nbsp;<\/td>\n<\/tr>\n<tr>\n<td width=\"59\">1<\/td>\n<td width=\"249\">Rogowski Adam<\/td>\n<td width=\"296\">Politechnika Bia\u0142ostocka<\/td>\n<\/tr>\n<tr>\n<td width=\"59\">2<\/td>\n<td width=\"249\">Bartnik Mateusz<\/td>\n<td width=\"296\">Politechnika Bia\u0142ostocka<\/td>\n<\/tr>\n<tr>\n<td width=\"59\">3<\/td>\n<td width=\"249\">Hrinchenko Nazar<\/td>\n<td width=\"296\">Politechnika Bia\u0142ostocka<\/td>\n<\/tr>\n<tr>\n<td width=\"59\">&nbsp;<\/td>\n<td width=\"249\">&nbsp;<\/td>\n<td width=\"296\">&nbsp;<\/td>\n<\/tr>\n<tr>\n<td width=\"59\">&nbsp;<\/td>\n<td width=\"249\"><strong><u>Technologie chmurowe<\/u><\/strong><\/td>\n<td width=\"296\">&nbsp;<\/td>\n<\/tr>\n<tr>\n<td width=\"59\">1<\/td>\n<td width=\"249\">Fudali Ernest<\/td>\n<td width=\"296\">Politechnika Bia\u0142ostocka<\/td>\n<\/tr>\n<tr>\n<td width=\"59\">2<\/td>\n<td width=\"249\">Wasilewski Dariusz<\/td>\n<td width=\"296\">Politechnika Bia\u0142ostocka<\/td>\n<\/tr>\n<tr>\n<td width=\"59\">2<\/td>\n<td width=\"249\">\u0141awreszuk Jakub<\/td>\n<td width=\"296\">Politechnika Bia\u0142ostocka<\/td>\n<\/tr>\n<tr>\n<td width=\"59\">2<\/td>\n<td width=\"249\">Kosi\u0144ski Jakub<\/td>\n<td width=\"296\">Zesp\u00f3\u0142 Szk\u00f3\u0142 Elektrycznych w Bia\u0142ymstoku<\/td>\n<\/tr>\n<tr>\n<td width=\"59\">&nbsp;<\/td>\n<td width=\"249\">&nbsp;<\/td>\n<td width=\"296\">&nbsp;<\/td>\n<\/tr>\n<tr>\n<td width=\"59\">&nbsp;<\/td>\n<td width=\"249\"><strong><u>Technologie frontendowe<\/u><\/strong><\/td>\n<td width=\"296\">&nbsp;<\/td>\n<\/tr>\n<tr>\n<td width=\"59\">1<\/td>\n<td width=\"249\">Kropiwnicki Jan<\/td>\n<td width=\"296\">Technikum Programistyczne INFOTECH<\/td>\n<\/tr>\n<tr>\n<td width=\"59\">1<\/td>\n<td width=\"249\">Bartnik Mateusz<\/td>\n<td width=\"296\">Politechnika Bia\u0142ostocka<\/td>\n<\/tr>\n<tr>\n<td width=\"59\">2<\/td>\n<td width=\"249\">Duliniec Miko\u0142aj<\/td>\n<td width=\"296\">Politechnika Bia\u0142ostocka<\/td>\n<\/tr>\n<tr>\n<td width=\"59\">2<\/td>\n<td width=\"249\">Lengiewicz Mateusz<\/td>\n<td width=\"296\">Politechnika Bia\u0142ostocka<\/td>\n<\/tr>\n<tr>\n<td width=\"59\">2<\/td>\n<td width=\"249\">P\u0142atosz Micha\u0142<\/td>\n<td width=\"296\">Politechnika Bia\u0142ostocka<\/td>\n<\/tr>\n<tr>\n<td width=\"59\">&nbsp;<\/td>\n<td width=\"249\">&nbsp;<\/td>\n<td width=\"296\">&nbsp;<\/td>\n<\/tr>\n<tr>\n<td width=\"59\">&nbsp;<\/td>\n<td width=\"249\"><strong><u>Znajomo\u015b\u0107 j\u0119zyka C# i .net<\/u><\/strong><\/td>\n<td width=\"296\">&nbsp;<\/td>\n<\/tr>\n<tr>\n<td width=\"59\">1<\/td>\n<td width=\"249\">Kajdewicz Pawe\u0142<\/td>\n<td width=\"296\">Zesp\u00f3\u0142 Szk\u00f3\u0142 Elektrycznych w Bia\u0142ymstoku<\/td>\n<\/tr>\n<tr>\n<td width=\"59\">1<\/td>\n<td width=\"249\">Koz\u0142owski Mateusz<\/td>\n<td width=\"296\">Politechnika Bia\u0142ostocka<\/td>\n<\/tr>\n<tr>\n<td width=\"59\">2<\/td>\n<td width=\"249\">Antonowski Krzysztof<\/td>\n<td width=\"296\">Zesp\u00f3\u0142 Szk\u00f3\u0142 Elektrycznych w Bia\u0142ymstoku<\/td>\n<\/tr>\n<tr>\n<td width=\"59\">&nbsp;<\/td>\n<td width=\"249\">&nbsp;<\/td>\n<td width=\"296\">&nbsp;<\/td>\n<\/tr>\n<tr>\n<td width=\"59\">&nbsp;<\/td>\n<td width=\"249\"><strong><u>Znajomo\u015b\u0107 j\u0119zyka C++<\/u><\/strong><\/td>\n<td width=\"296\">&nbsp;<\/td>\n<\/tr>\n<tr>\n<td width=\"59\">1<\/td>\n<td width=\"249\">Bartnik Mateusz<\/td>\n<td width=\"296\">Politechnika Bia\u0142ostocka<\/td>\n<\/tr>\n<tr>\n<td width=\"59\">2<\/td>\n<td width=\"249\">Kajdewicz Pawe\u0142<\/td>\n<td width=\"296\">Zesp\u00f3\u0142 Szk\u00f3\u0142 Elektrycznych w Bia\u0142ymstoku<\/td>\n<\/tr>\n<tr>\n<td width=\"59\">3<\/td>\n<td width=\"249\">Sworczuk Jakub<\/td>\n<td width=\"296\">Politechnika Bia\u0142ostocka<\/td>\n<\/tr>\n<tr>\n<td width=\"59\">&nbsp;<\/td>\n<td width=\"249\">&nbsp;<\/td>\n<td width=\"296\">&nbsp;<\/td>\n<\/tr>\n<tr>\n<td width=\"59\">&nbsp;<\/td>\n<td width=\"249\"><strong><u>Znajomo\u015b\u0107 j\u0119zyka Java<\/u><\/strong><\/td>\n<td width=\"296\">&nbsp;<\/td>\n<\/tr>\n<tr>\n<td width=\"59\">1<\/td>\n<td width=\"249\">Antonowski Krzysztof<\/td>\n<td width=\"296\">Zesp\u00f3\u0142 Szk\u00f3\u0142 Elektrycznych Bia\u0142ymstoku<\/td>\n<\/tr>\n<tr>\n<td width=\"59\">2<\/td>\n<td width=\"249\">Czo\u0142pi\u0144ski Karol<\/td>\n<td width=\"296\">Politechnika Bia\u0142ostocka<\/td>\n<\/tr>\n<tr>\n<td width=\"59\">3<\/td>\n<td width=\"249\">Jab\u0142o\u0144ski Micha\u0142<\/td>\n<td width=\"296\">Politechnika Bia\u0142ostocka<\/td>\n<\/tr>\n<tr>\n<td width=\"59\">3<\/td>\n<td width=\"249\">Rogowski Adam<\/td>\n<td width=\"296\">Politechnika Bia\u0142ostocka<\/td>\n<\/tr>\n<tr>\n<td width=\"59\">&nbsp;<\/td>\n<td width=\"249\">&nbsp;<\/td>\n<td width=\"296\">&nbsp;<\/td>\n<\/tr>\n<tr>\n<td width=\"59\">&nbsp;<\/td>\n<td width=\"249\"><strong><u>Znajomo\u015b\u0107 j\u0119zyka Python<\/u><\/strong><\/td>\n<td width=\"296\">&nbsp;<\/td>\n<\/tr>\n<tr>\n<td width=\"59\">1<\/td>\n<td width=\"249\">Raszkiewicz Oskar<\/td>\n<td width=\"296\">Politechnika Bia\u0142ostocka<\/td>\n<\/tr>\n<tr>\n<td width=\"59\">2<\/td>\n<td width=\"249\">Dakowicz Micha\u0142<\/td>\n<td width=\"296\">Technikum Programistyczne INFOTECH<\/td>\n<\/tr>\n<tr>\n<td width=\"59\">3<\/td>\n<td width=\"249\">Bartnik Mateusz<\/td>\n<td width=\"296\">Politechnika Bia\u0142ostocka<\/td>\n<\/tr>\n<tr>\n<td width=\"59\">3<\/td>\n<td width=\"249\">Monach Agnieszka<\/td>\n<td width=\"296\">Politechnika Bia\u0142ostocka<\/td>\n<\/tr>\n<tr>\n<td width=\"59\">3<\/td>\n<td width=\"249\">Misiewicz Mateusz<\/td>\n<td width=\"296\">Politechnika Bia\u0142ostocka<\/td>\n<\/tr>\n<tr>\n<td width=\"59\">3<\/td>\n<td width=\"249\">Tereszkiewicz Grzegorz<\/td>\n<td width=\"296\">Technikum Programistyczne INFOTECH<\/td>\n<\/tr>\n<tr>\n<td width=\"59\">&nbsp;<\/td>\n<td width=\"249\">&nbsp;<\/td>\n<td width=\"296\">&nbsp;<\/td>\n<\/tr>\n<tr>\n<td width=\"59\">&nbsp;<\/td>\n<td width=\"249\"><strong><u>Computer vision<\/u><\/strong><\/td>\n<td width=\"296\">&nbsp;<\/td>\n<\/tr>\n<tr>\n<td width=\"59\">1<\/td>\n<td width=\"249\">Kropiwnicki Jan<\/td>\n<td width=\"296\">Technikum Programistyczne INFOTECH<\/td>\n<\/tr>\n<tr>\n<td width=\"59\">2<\/td>\n<td width=\"249\">Raszkiewicz Oskar<\/td>\n<td width=\"296\">Politechnika Bia\u0142ostocka<\/td>\n<\/tr>\n<tr>\n<td width=\"59\">3<\/td>\n<td width=\"249\">Kosi\u0144ski Jakub<\/td>\n<td width=\"296\">Zesp\u00f3\u0142 Szk\u00f3\u0142 Elektrycznych w Bia\u0142ymstoku<\/td>\n<\/tr>\n<tr>\n<td width=\"59\">&nbsp;<\/td>\n<td width=\"249\">&nbsp;<\/td>\n<td width=\"296\">&nbsp;<\/td>\n<\/tr>\n<\/tbody>\n<\/table>\n","protected":false},"excerpt":{"rendered":"<p>Kategoria studencka Spo\u015br\u00f3d&nbsp;student\u00f3w&nbsp;wybierzemy&nbsp;3 osoby&nbsp;z najwi\u0119ksz\u0105 liczb\u0105 punkt\u00f3w \u2013 liczy si\u0119 wynik sumaryczny z ca\u0142ego Testu.<\/p>\n","protected":false},"author":149,"featured_media":0,"parent":1394,"menu_order":0,"comment_status":"closed","ping_status":"closed","template":"","meta":{"_acf_changed":false,"ngg_post_thumbnail":0,"footnotes":""},"class_list":["post-2001","page","type-page","status-publish","hentry"],"acf":[],"_links":{"self":[{"href":"https:\/\/pb.edu.pl\/bti\/wp-json\/wp\/v2\/pages\/2001","targetHints":{"allow":["GET"]}}],"collection":[{"href":"https:\/\/pb.edu.pl\/bti\/wp-json\/wp\/v2\/pages"}],"about":[{"href":"https:\/\/pb.edu.pl\/bti\/wp-json\/wp\/v2\/types\/page"}],"author":[{"embeddable":true,"href":"https:\/\/pb.edu.pl\/bti\/wp-json\/wp\/v2\/users\/149"}],"replies":[{"embeddable":true,"href":"https:\/\/pb.edu.pl\/bti\/wp-json\/wp\/v2\/comments?post=2001"}],"version-history":[{"count":0,"href":"https:\/\/pb.edu.pl\/bti\/wp-json\/wp\/v2\/pages\/2001\/revisions"}],"up":[{"embeddable":true,"href":"https:\/\/pb.edu.pl\/bti\/wp-json\/wp\/v2\/pages\/1394"}],"wp:attachment":[{"href":"https:\/\/pb.edu.pl\/bti\/wp-json\/wp\/v2\/media?parent=2001"}],"curies":[{"name":"wp","href":"https:\/\/api.w.org\/{rel}","templated":true}]}}