{"id":1999,"date":"2023-11-07T22:12:28","date_gmt":"2023-11-07T21:12:28","guid":{"rendered":"https:\/\/pb.edu.pl\/bti\/?page_id=1999"},"modified":"2025-10-23T22:57:37","modified_gmt":"2025-10-23T20:57:37","slug":"organizacja-testu","status":"publish","type":"page","link":"https:\/\/pb.edu.pl\/bti\/o-wydarzeniu\/organizacja-testu\/","title":{"rendered":"Organizacja Testu"},"content":{"rendered":"<h4><span style=\"font-size: 12pt;font-family: helvetica, arial, sans-serif\">Test jest rozgrywany w 3 kategoriach:<\/span><\/h4>\n<ul>\n<li><span style=\"font-size: 12pt;font-family: helvetica, arial, sans-serif\"><strong>studenckiej<\/strong>&nbsp;\u2013 uczestnikiem mo\u017ce by\u0107 student posiadaj\u0105cy wa\u017cn\u0105 legitymacj\u0119 dowolnej podlaskiej uczelni,<\/span><\/li>\n<li><span style=\"font-size: 12pt;font-family: helvetica, arial, sans-serif\"><strong>uczniowskiej<\/strong>&nbsp;\u2013 uczestnikiem mo\u017ce by\u0107 ucze\u0144 (pe\u0142noletni i niepe\u0142noletni) posiadaj\u0105cy wa\u017cn\u0105 legitymacj\u0119 dowolnej polskiej szko\u0142y \u015bredniej,<\/span><\/li>\n<li><span style=\"font-size: 12pt;font-family: helvetica, arial, sans-serif\"><strong>tematycznej<\/strong>&nbsp;\u2013 bior\u0105 w niej udzia\u0142 wszyscy uczestnicy Testu zar\u00f3wno z kategorii studenckiej jak i uczniowskiej.<\/span><\/li>\n<\/ul>\n<h4><span style=\"font-size: 12pt;font-family: helvetica, arial, sans-serif\">Zadania podzielone s\u0105 na <strong>kategorie tematyczne<\/strong>:<\/span><\/h4>\n<p><span style=\"font-family: helvetica, arial, sans-serif;font-size: 12pt\"><strong>cyberbezpiecze\u0144stwo, bazy danych, technologie chmurowe \u2013 Azure, technologie frontendowe, znajomo\u015b\u0107 j\u0119zyka C++, znajomo\u015b\u0107 j\u0119zyka C# i .Net, znajomo\u015b\u0107 j\u0119zyka Java, znajomo\u015b\u0107 j\u0119zyka Python, sztuczna inteligencja AI, <\/strong><strong>computer vision<\/strong><\/span><\/p>\n<p style=\"text-align: left\"><span style=\"font-size: 12pt;font-family: helvetica, arial, sans-serif\">Test sk\u0142ada si\u0119 ze 100 pyta\u0144, po 10 pyta\u0144 z ka\u017cdej kategorii tematycznej. Nie ma obowi\u0105zku udzielania odpowiedzi na pytania z ka\u017cdej kategorii. Niekt\u00f3re mo\u017cna pomin\u0105\u0107. Zamkni\u0119cie ca\u0142ego testu nast\u0119puje po klikni\u0119ciu przycisku \u201eZatwierd\u017a wszystkie i zako\u0144cz\u201d lub po up\u0142ywie 60 min. Zamkni\u0119tego testu nie mo\u017cna otworzy\u0107 ponownie.<\/span><\/p>\n<p><span style=\"font-size: 12pt;font-family: helvetica, arial, sans-serif\">Test ma form\u0119 testu wielokrotnego wyboru.&nbsp;W ka\u017cdej kategorii tematycznej jest&nbsp;5 pyta\u0144 za 1 punkt i 5 pyta\u0144 za 3 punkty. Je\u015bli w pytaniu&nbsp;s\u0105 4 odpowiedzi, z czego 3 poprawne, to&nbsp;za ka\u017cd\u0105 poprawnie wskazan\u0105 odpowied\u017a otrzymujemy 1\/3 punkt\u00f3w przypisanych pytaniu (1\/3 z 1 punktu lub 1\/3 z 3 punkt\u00f3w). Wskazanie b\u0142\u0119dnej odpowiedzi zeruje wynik \u2013 otrzymujemy 0 punkt\u00f3w bez wzgl\u0119du na to czy inne opcje by\u0142y wskazane poprawnie, czy nie.<\/span><\/p>\n<p><span style=\"font-size: 12pt;font-family: helvetica, arial, sans-serif\">Wszyscy uczestnicy (studenci i uczniowie) rozwi\u0105zuj\u0105 zadania losowane z tej samej puli zada\u0144.<\/span><\/p>\n","protected":false},"excerpt":{"rendered":"<p>Test jest rozgrywany w 3 kategoriach: studenckiej&nbsp;\u2013 uczestnikiem mo\u017ce by\u0107 student posiadaj\u0105cy wa\u017cn\u0105 legitymacj\u0119 dowolnej<\/p>\n","protected":false},"author":149,"featured_media":0,"parent":1394,"menu_order":0,"comment_status":"closed","ping_status":"closed","template":"","meta":{"_acf_changed":false,"ngg_post_thumbnail":0,"footnotes":""},"class_list":["post-1999","page","type-page","status-publish","hentry"],"acf":[],"_links":{"self":[{"href":"https:\/\/pb.edu.pl\/bti\/wp-json\/wp\/v2\/pages\/1999","targetHints":{"allow":["GET"]}}],"collection":[{"href":"https:\/\/pb.edu.pl\/bti\/wp-json\/wp\/v2\/pages"}],"about":[{"href":"https:\/\/pb.edu.pl\/bti\/wp-json\/wp\/v2\/types\/page"}],"author":[{"embeddable":true,"href":"https:\/\/pb.edu.pl\/bti\/wp-json\/wp\/v2\/users\/149"}],"replies":[{"embeddable":true,"href":"https:\/\/pb.edu.pl\/bti\/wp-json\/wp\/v2\/comments?post=1999"}],"version-history":[{"count":0,"href":"https:\/\/pb.edu.pl\/bti\/wp-json\/wp\/v2\/pages\/1999\/revisions"}],"up":[{"embeddable":true,"href":"https:\/\/pb.edu.pl\/bti\/wp-json\/wp\/v2\/pages\/1394"}],"wp:attachment":[{"href":"https:\/\/pb.edu.pl\/bti\/wp-json\/wp\/v2\/media?parent=1999"}],"curies":[{"name":"wp","href":"https:\/\/api.w.org\/{rel}","templated":true}]}}