{"id":1997,"date":"2023-11-07T22:11:55","date_gmt":"2023-11-07T21:11:55","guid":{"rendered":"https:\/\/pb.edu.pl\/bti\/?page_id=1997"},"modified":"2025-10-24T08:38:16","modified_gmt":"2025-10-24T06:38:16","slug":"dokumenty","status":"publish","type":"page","link":"https:\/\/pb.edu.pl\/bti\/o-wydarzeniu\/dokumenty\/","title":{"rendered":"Dokumenty"},"content":{"rendered":"<p><a href=\"https:\/\/pb.edu.pl\/bti\/wp-content\/uploads\/sites\/112\/2023\/10\/Regulamin_bti.pdf\">Regulamin Bia\u0142ostockiego Testu Informatyk\u00f3w <\/a><\/p>\n<p><a href=\"https:\/\/pb.edu.pl\/bti\/wp-content\/uploads\/sites\/112\/2025\/10\/BTI_zgody_i_oswiadczenia_uczestnik_niepelnoletni.pdf\">Zgody i o\u015bwiadczenia (uczestnik niepe\u0142noletni)<\/a><\/p>\n<p><a href=\"https:\/\/pb.edu.pl\/bti\/wp-content\/uploads\/sites\/112\/2025\/10\/Szczegolowe-zasady-przeprowadzenia-BTI-2025.pdf\">Szczeg\u00f3\u0142owe zasady przeprowadzenia BTI<\/a><\/p>\n<p><a href=\"https:\/\/pb.edu.pl\/bti\/wp-content\/uploads\/sites\/112\/2023\/11\/Zasady_organizayjne_i_porzadkowe_BTI_2023.pdf\">Zasady organizacyjne i porz\u0105dkowe<\/a><\/p>\n","protected":false},"excerpt":{"rendered":"<p>Regulamin Bia\u0142ostockiego Testu Informatyk\u00f3w Zgody i o\u015bwiadczenia (uczestnik niepe\u0142noletni) Szczeg\u00f3\u0142owe zasady przeprowadzenia BTI Zasady organizacyjne<\/p>\n","protected":false},"author":149,"featured_media":0,"parent":1394,"menu_order":0,"comment_status":"closed","ping_status":"closed","template":"","meta":{"_acf_changed":false,"ngg_post_thumbnail":0,"footnotes":""},"class_list":["post-1997","page","type-page","status-publish","hentry"],"acf":[],"_links":{"self":[{"href":"https:\/\/pb.edu.pl\/bti\/wp-json\/wp\/v2\/pages\/1997","targetHints":{"allow":["GET"]}}],"collection":[{"href":"https:\/\/pb.edu.pl\/bti\/wp-json\/wp\/v2\/pages"}],"about":[{"href":"https:\/\/pb.edu.pl\/bti\/wp-json\/wp\/v2\/types\/page"}],"author":[{"embeddable":true,"href":"https:\/\/pb.edu.pl\/bti\/wp-json\/wp\/v2\/users\/149"}],"replies":[{"embeddable":true,"href":"https:\/\/pb.edu.pl\/bti\/wp-json\/wp\/v2\/comments?post=1997"}],"version-history":[{"count":0,"href":"https:\/\/pb.edu.pl\/bti\/wp-json\/wp\/v2\/pages\/1997\/revisions"}],"up":[{"embeddable":true,"href":"https:\/\/pb.edu.pl\/bti\/wp-json\/wp\/v2\/pages\/1394"}],"wp:attachment":[{"href":"https:\/\/pb.edu.pl\/bti\/wp-json\/wp\/v2\/media?parent=1997"}],"curies":[{"name":"wp","href":"https:\/\/api.w.org\/{rel}","templated":true}]}}