{"id":1422,"date":"2023-08-25T18:17:01","date_gmt":"2023-08-25T16:17:01","guid":{"rendered":"https:\/\/pb.edu.pl\/bci\/?page_id=1422"},"modified":"2025-10-24T08:36:11","modified_gmt":"2025-10-24T06:36:11","slug":"galeria-zdjec","status":"publish","type":"page","link":"https:\/\/pb.edu.pl\/bti\/o-wydarzeniu\/galeria-zdjec\/","title":{"rendered":"Og\u00f3lnopolski Konkurs o Indeks WI PB"},"content":{"rendered":"<p><span style=\"font-family: helvetica, arial, sans-serif;font-size: 12pt\">Konkurs skierowany jest do uczni\u00f3w wszystkich&nbsp;<strong>polskich szk\u00f3\u0142 ponadpodstawowych<\/strong>. Uczestnikiem mo\u017ce by\u0107 osoba pe\u0142noletnia&nbsp;lub niepe\u0142noletnia, ale tutaj wymagana jest pisemna <a href=\"https:\/\/pb.edu.pl\/bti\/wp-content\/uploads\/sites\/112\/2025\/10\/BTI_zgody_i_oswiadczenia_uczestnik_niepelnoletni.pdf\">Zgoda Rodzica lub opiekuna prawnego<\/a>.&nbsp;Stawka jest wysoka, bo rozgrywa si\u0119 o&nbsp;<strong>indeks Wydzia\u0142u Informatyki Politechniki Bia\u0142ostockiej<\/strong>. W tym roku mamy do rozdania a\u017c <strong>4 indeksy<\/strong>!. Po uzyskaniu matury mo\u017cna dowolnie wybra\u0107 kierunek na naszym wydziale i sta\u0107 si\u0119 studentem z pomini\u0119ciem konkursu \u015bwiadectw!<\/span><\/p>\n<p><span style=\"font-family: helvetica, arial, sans-serif;font-size: 12pt\"><strong>4 osoby<\/strong> z najwi\u0119ksz\u0105 liczb\u0105 punkt\u00f3w w konkursie otrzymaj\u0105 <strong>indeks WI PB<\/strong>.&nbsp;<\/span><\/p>\n<p><span style=\"font-family: helvetica, arial, sans-serif;font-size: 12pt\">Uczniowie rozwi\u0105zuj\u0105 te same zadania co studenci. Jest wi\u0119c to niepowtarzalna okazja do sprawdzenia swoich si\u0142! <\/span><span style=\"font-family: helvetica, arial, sans-serif;font-size: 12pt\">Przygotowali\u015bmy zadania w formie testu wielokrotnego wyboru z poni\u017cszych kategorii tematycznych:<\/span><\/p>\n<p><span style=\"font-family: helvetica, arial, sans-serif;font-size: 12pt\"><strong>cyberbezpiecze\u0144stwo, bazy danych, technologie chmurowe \u2013 Azure, technologie frontendowe, znajomo\u015b\u0107 j\u0119zyka C++, znajomo\u015b\u0107 j\u0119zyka C# i .Net, znajomo\u015b\u0107 j\u0119zyka Java, znajomo\u015b\u0107 j\u0119zyka Python, sztuczna inteligencja AI, computer vision<\/strong><\/span><\/p>\n<p><span style=\"font-family: helvetica, arial, sans-serif;font-size: 12pt\">Mo\u017cesz tak\u017ce wygra\u0107&nbsp;<strong>nagrod\u0119 pieni\u0119\u017cn\u0105<\/strong> je\u015bli zajmiesz jedno z pierwszych miejsc w kt\u00f3rej\u015b z kategorii tematycznych, ale tutaj konkurujesz ze studentami. Je\u015bli si\u0119 nie uda, to dobra zabawa i satysfakcja s\u0105 gwarantowane! Ka\u017cdy uczestnik otrzyma certyfikat. Mo\u017cesz si\u0119 nim pochwali\u0107 kole\u017cankom i kolegom, albo w przysz\u0142o\u015bci pokaza\u0107 swojemu potencjalnemu pracodawcy na rozmowie kwalifikacyjnej. Zdob\u0105d\u017a do\u015bwiadczenie i pozw\u00f3l si\u0119 pozna\u0107 najlepszym firmom bran\u017cy IT!<\/span><\/p>\n<p><span style=\"font-family: helvetica, arial, sans-serif;font-size: 12pt\">Zarejestruj si\u0119 i koniecznie przeczytaj <a href=\"https:\/\/pb.edu.pl\/bti\/wp-content\/uploads\/sites\/112\/2023\/10\/Regulamin_bti.pdf\">Regulamin Bia\u0142ostockiego Testu Informatyk\u00f3w <\/a>&nbsp;oraz <a href=\"https:\/\/pb.edu.pl\/bti\/wp-content\/uploads\/sites\/112\/2025\/10\/Szczegolowe-zasady-przeprowadzenia-BTI-2025.pdf\">Szczeg\u00f3\u0142owe zasady przeprowadzenia BTI<\/a>.<\/span><\/p>\n<p><span style=\"font-family: helvetica, arial, sans-serif;font-size: 12pt\">Je\u015bli nie masz 18 lat, wydrukuj <a href=\"https:\/\/pb.edu.pl\/bti\/wp-content\/uploads\/sites\/112\/2025\/10\/BTI_zgody_i_oswiadczenia_uczestnik_niepelnoletni.pdf\">Zgod\u0119<\/a> na uczestnictwo w BTI, daj do podpisania Rodzicowi lub Opiekunowi Prawnemu i przynie\u015b ze sob\u0105 na Test. Przy wej\u015bciu do pracowni b\u0119dziesz poproszony o okazanie legitymacji uczniowskiej oraz tej w\u0142a\u015bnie zgody. Jest to warunek konieczny przyst\u0105pienia do Testu.<\/span><\/p>\n","protected":false},"excerpt":{"rendered":"<p>Konkurs skierowany jest do uczni\u00f3w wszystkich&nbsp;polskich szk\u00f3\u0142 ponadpodstawowych. Uczestnikiem mo\u017ce by\u0107 osoba pe\u0142noletnia&nbsp;lub niepe\u0142noletnia, ale<\/p>\n","protected":false},"author":2,"featured_media":0,"parent":1394,"menu_order":7,"comment_status":"closed","ping_status":"closed","template":"","meta":{"_acf_changed":false,"ngg_post_thumbnail":0,"footnotes":""},"class_list":["post-1422","page","type-page","status-publish","hentry"],"acf":[],"_links":{"self":[{"href":"https:\/\/pb.edu.pl\/bti\/wp-json\/wp\/v2\/pages\/1422","targetHints":{"allow":["GET"]}}],"collection":[{"href":"https:\/\/pb.edu.pl\/bti\/wp-json\/wp\/v2\/pages"}],"about":[{"href":"https:\/\/pb.edu.pl\/bti\/wp-json\/wp\/v2\/types\/page"}],"author":[{"embeddable":true,"href":"https:\/\/pb.edu.pl\/bti\/wp-json\/wp\/v2\/users\/2"}],"replies":[{"embeddable":true,"href":"https:\/\/pb.edu.pl\/bti\/wp-json\/wp\/v2\/comments?post=1422"}],"version-history":[{"count":0,"href":"https:\/\/pb.edu.pl\/bti\/wp-json\/wp\/v2\/pages\/1422\/revisions"}],"up":[{"embeddable":true,"href":"https:\/\/pb.edu.pl\/bti\/wp-json\/wp\/v2\/pages\/1394"}],"wp:attachment":[{"href":"https:\/\/pb.edu.pl\/bti\/wp-json\/wp\/v2\/media?parent=1422"}],"curies":[{"name":"wp","href":"https:\/\/api.w.org\/{rel}","templated":true}]}}