{"id":1420,"date":"2023-08-25T18:16:33","date_gmt":"2023-08-25T16:16:33","guid":{"rendered":"https:\/\/pb.edu.pl\/bci\/?page_id=1420"},"modified":"2025-10-23T23:05:28","modified_gmt":"2025-10-23T21:05:28","slug":"miejsce-wydarzenia","status":"publish","type":"page","link":"https:\/\/pb.edu.pl\/bti\/o-wydarzeniu\/miejsce-wydarzenia\/","title":{"rendered":"Prezentacje Firm i Gala"},"content":{"rendered":"<p><span style=\"font-family: helvetica, arial, sans-serif;font-size: 12pt\">W dniu Testu, czyli <strong>26 listopada 2025r<\/strong>.&nbsp;zaprezentuj\u0105 si\u0119 wszystkie firmy organizuj\u0105ce BTI. B\u0119d\u0105 stoiska z niespodziankami i gad\u017cetami. To jedna z niewielu okazji by w jednym miejscu, o jednym czasie spotka\u0107 przedstawicieli najlepszych firm bran\u017cy IT. Chcesz wiedzie\u0107 kto liczy si\u0119 na Podlasiu? Chcesz znale\u017a\u0107 idealnego pracodawc\u0119? Chcesz wiedzie\u0107 jakie umiej\u0119tno\u015bci s\u0105 po\u017c\u0105dane? Przyjd\u017a do nas!<\/span><\/p>\n<p><span style=\"font-family: helvetica, arial, sans-serif;font-size: 12pt\">Zapraszamy w godzinach <strong>9:00-13:30<\/strong>. Miejsce spotkania to hol na Wydziale Informatyki PB przed <strong>Aul\u0105 C25<\/strong>. Firmy, kt\u00f3re czekaj\u0105 na Ciebie to: <strong>&nbsp;Infinity Group, LBPro, PLUM, Stekop, Transition Technologies MS, Transition Technologies PSC, Transition Technologies\u2013Software, X-code, workai, ZETO&nbsp;<\/strong><\/span><\/p>\n<p><span style=\"font-family: helvetica, arial, sans-serif;font-size: 12pt\">B\u0119dzie si\u0119 dzia\u0142o! Du\u017co firm, du\u017co go\u015bci, du\u017co atrakcji!<\/span><\/p>\n<div>\n<p><strong><span style=\"font-family: helvetica, arial, sans-serif;font-size: 12pt\">ZAPRASZAMY!<\/span><\/strong><\/p>\n<\/div>\n","protected":false},"excerpt":{"rendered":"<p>W dniu Testu, czyli 26 listopada 2025r.&nbsp;zaprezentuj\u0105 si\u0119 wszystkie firmy organizuj\u0105ce BTI. B\u0119d\u0105 stoiska z<\/p>\n","protected":false},"author":2,"featured_media":0,"parent":1394,"menu_order":6,"comment_status":"closed","ping_status":"closed","template":"","meta":{"_acf_changed":false,"ngg_post_thumbnail":0,"footnotes":""},"class_list":["post-1420","page","type-page","status-publish","hentry"],"acf":[],"_links":{"self":[{"href":"https:\/\/pb.edu.pl\/bti\/wp-json\/wp\/v2\/pages\/1420","targetHints":{"allow":["GET"]}}],"collection":[{"href":"https:\/\/pb.edu.pl\/bti\/wp-json\/wp\/v2\/pages"}],"about":[{"href":"https:\/\/pb.edu.pl\/bti\/wp-json\/wp\/v2\/types\/page"}],"author":[{"embeddable":true,"href":"https:\/\/pb.edu.pl\/bti\/wp-json\/wp\/v2\/users\/2"}],"replies":[{"embeddable":true,"href":"https:\/\/pb.edu.pl\/bti\/wp-json\/wp\/v2\/comments?post=1420"}],"version-history":[{"count":0,"href":"https:\/\/pb.edu.pl\/bti\/wp-json\/wp\/v2\/pages\/1420\/revisions"}],"up":[{"embeddable":true,"href":"https:\/\/pb.edu.pl\/bti\/wp-json\/wp\/v2\/pages\/1394"}],"wp:attachment":[{"href":"https:\/\/pb.edu.pl\/bti\/wp-json\/wp\/v2\/media?parent=1420"}],"curies":[{"name":"wp","href":"https:\/\/api.w.org\/{rel}","templated":true}]}}