{"id":1415,"date":"2023-08-25T18:13:14","date_gmt":"2023-08-25T16:13:14","guid":{"rendered":"https:\/\/pb.edu.pl\/bci\/?page_id=1415"},"modified":"2025-11-18T13:18:20","modified_gmt":"2025-11-18T12:18:20","slug":"organizatorzy","status":"publish","type":"page","link":"https:\/\/pb.edu.pl\/bti\/o-wydarzeniu\/organizatorzy\/","title":{"rendered":"Organizator i Sponsorzy"},"content":{"rendered":"<h2>Organizator<\/h2>\n<p>Organizatorem konkursu jest <strong>Wydzia\u0142 Informatyki Politechniki Bia\u0142ostockiej<\/strong>.<\/p>\n<div class=\"container-logo\"><a href=\"https:\/\/wi.pb.edu.pl\/\" target=\"_blank\" rel=\"noopener\"> <img decoding=\"async\" class=\"center\" src=\"https:\/\/pb.edu.pl\/bti\/wp-content\/uploads\/sites\/112\/2023\/11\/WI-PB_200.png\" width=\"180px\"><\/a><\/div>\n<h2 style=\"clear:both\">Sponsorzy<\/h2>\n<p><span style=\"font-family: helvetica, arial, sans-serif;font-size: 12pt\">Sponsorami nagr\u00f3d oraz autorami zada\u0144 s\u0105 firmy:<\/span><\/p>\n<p><span style=\"font-family: helvetica, arial, sans-serif;font-size: 12pt\"><strong>Infinity Group, LBPro, PLUM, Stekop, Transition Technologies MS, Transition Technologies PSC, Transition Technologies\u2013Software, X-code, Workai, ZETO&nbsp;<\/strong><\/span><\/p>\n<div>&nbsp;<\/div>\n<div class=\"container-logo\"><a style=\"font-size: 1.5rem\" href=\"https:\/\/www.infinity-group.pl\/en?utm_source=google&amp;utm_medium=gmf&amp;utm_campaign=website\" target=\"_blank\" rel=\"noopener\"><img decoding=\"async\" class=\"center\" src=\"https:\/\/pb.edu.pl\/bti\/wp-content\/uploads\/sites\/112\/2024\/10\/Infinity-Group-logo_2019.jpg\" width=\"160px\"><\/a><\/div>\n<div class=\"container-logo\"><a href=\"https:\/\/lbpro.net\/\" target=\"_blank\" rel=\"noopener\"> <img decoding=\"async\" class=\"center\" src=\"https:\/\/pb.edu.pl\/bti\/wp-content\/uploads\/sites\/112\/2023\/11\/LBPro_200.jpg\" width=\"160px\"><\/a><\/div>\n<div class=\"container-logo\"><a href=\"https:\/\/www.plum.pl\/\" target=\"_blank\" rel=\"noopener\"> <img decoding=\"async\" class=\"center\" src=\"https:\/\/pb.edu.pl\/bti\/wp-content\/uploads\/sites\/112\/2025\/11\/Plum_logo_CMYK-1.png\" width=\"160px\"><\/a><\/div>\n<div class=\"container-logo\"><a style=\"font-size: 1.5rem\" href=\"https:\/\/stekopsa.pl\/\" target=\"_blank\" rel=\"noopener\"><img decoding=\"async\" class=\"center\" src=\"https:\/\/pb.edu.pl\/bti\/wp-content\/uploads\/sites\/112\/2025\/10\/Logo.png\" width=\"160px\"><\/a><\/div>\n<div class=\"container-logo\"><a href=\"https:\/\/ttms.com\/offices\/bialystok\/\" target=\"_blank\" rel=\"noopener\"> <img decoding=\"async\" class=\"center\" src=\"https:\/\/pb.edu.pl\/bti\/wp-content\/uploads\/sites\/112\/2023\/11\/TTMS_200.jpg\" width=\"160px\"><\/a><\/div>\n<div class=\"container-logo\"><a href=\"https:\/\/ttpsc.com\/pl\/\" target=\"_blank\" rel=\"noopener\"> <img decoding=\"async\" class=\"center\" src=\"https:\/\/pb.edu.pl\/bti\/wp-content\/uploads\/sites\/112\/2023\/11\/TTPSC_200.png\" width=\"160px\"><\/a><\/div>\n<div class=\"container-logo\"><a href=\"https:\/\/ttsw.com.pl\/\" target=\"_blank\" rel=\"noopener\"> <img decoding=\"async\" class=\"center\" src=\"https:\/\/pb.edu.pl\/bti\/wp-content\/uploads\/sites\/112\/2023\/11\/TTSW_200.jpg\" width=\"160px\"><\/a><\/div>\n<div class=\"container-logo\"><a href=\"https:\/\/workai.com\/pl\/\" target=\"_blank\" rel=\"noopener\"> <img decoding=\"async\" class=\"center\" src=\"https:\/\/pb.edu.pl\/bti\/wp-content\/uploads\/sites\/112\/2023\/11\/Workai_200.jpg\" width=\"160px\"><\/a><\/div>\n<div class=\"container-logo\"><a href=\"https:\/\/www.x-code.pl\/\" target=\"_blank\" rel=\"noopener\"> <img decoding=\"async\" class=\"center\" src=\"https:\/\/pb.edu.pl\/bti\/wp-content\/uploads\/sites\/112\/2023\/11\/x-code_200.jpg\" width=\"160px\"><\/a><\/div>\n<div class=\"container-logo\"><a href=\"https:\/\/www.zeto.bialystok.pl\/\" target=\"_blank\" rel=\"noopener\"> <img decoding=\"async\" class=\"center\" src=\"https:\/\/pb.edu.pl\/bti\/wp-content\/uploads\/sites\/112\/2023\/11\/Zeto_200.jpg\" width=\"160px\"><\/a><\/div>\n","protected":false},"excerpt":{"rendered":"<p>Organizator Organizatorem konkursu jest Wydzia\u0142 Informatyki Politechniki Bia\u0142ostockiej. Sponsorzy Sponsorami nagr\u00f3d oraz autorami zada\u0144 s\u0105<\/p>\n","protected":false},"author":2,"featured_media":0,"parent":1394,"menu_order":3,"comment_status":"closed","ping_status":"closed","template":"","meta":{"_acf_changed":false,"ngg_post_thumbnail":0,"footnotes":""},"class_list":["post-1415","page","type-page","status-publish","hentry"],"acf":[],"_links":{"self":[{"href":"https:\/\/pb.edu.pl\/bti\/wp-json\/wp\/v2\/pages\/1415","targetHints":{"allow":["GET"]}}],"collection":[{"href":"https:\/\/pb.edu.pl\/bti\/wp-json\/wp\/v2\/pages"}],"about":[{"href":"https:\/\/pb.edu.pl\/bti\/wp-json\/wp\/v2\/types\/page"}],"author":[{"embeddable":true,"href":"https:\/\/pb.edu.pl\/bti\/wp-json\/wp\/v2\/users\/2"}],"replies":[{"embeddable":true,"href":"https:\/\/pb.edu.pl\/bti\/wp-json\/wp\/v2\/comments?post=1415"}],"version-history":[{"count":0,"href":"https:\/\/pb.edu.pl\/bti\/wp-json\/wp\/v2\/pages\/1415\/revisions"}],"up":[{"embeddable":true,"href":"https:\/\/pb.edu.pl\/bti\/wp-json\/wp\/v2\/pages\/1394"}],"wp:attachment":[{"href":"https:\/\/pb.edu.pl\/bti\/wp-json\/wp\/v2\/media?parent=1415"}],"curies":[{"name":"wp","href":"https:\/\/api.w.org\/{rel}","templated":true}]}}