{"id":14,"date":"2020-05-18T14:40:18","date_gmt":"2020-05-18T12:40:18","guid":{"rendered":"https:\/\/pb.edu.pl\/bci\/?page_id=14"},"modified":"2025-10-24T08:29:17","modified_gmt":"2025-10-24T06:29:17","slug":"program","status":"publish","type":"page","link":"https:\/\/pb.edu.pl\/bti\/o-wydarzeniu\/program\/","title":{"rendered":"Kategoria Studencka"},"content":{"rendered":"<p><span style=\"font-family: helvetica, arial, sans-serif;font-size: 12pt\">Przychodzi taki moment, \u017ce trzeba opu\u015bci\u0107 bezpieczne mury Uczelni i ruszy\u0107 w \u015bwiat. Beztroskie \u017cycie studenckie kiedy\u015b si\u0119 sko\u0144czy, a otworz\u0105 si\u0119 nowe drzwi,&nbsp;nowe horyzonty, nowe wyzwania i fascynacje. To moment rozpocz\u0119cia kariery zawodowej. Czy jeste\u015b na niego gotowy\/gotowa? Czy wiesz gdzie chcesz pracowa\u0107? Na jakim stanowisku? Czy masz odpowiednie umiej\u0119tno\u015bci i kwalifikacje? Chcemy pom\u00f3c Ci w podj\u0119ciu jednej z najwa\u017cniejszych \u017cyciowych decyzji. Dlatego wsp\u00f3lnie z liderami bran\u017cy IT naszego regionu przygotowali\u015bmy test weryfikuj\u0105cy zaawansowan\u0105 i praktyczn\u0105 wiedz\u0119 z zakresu informatyki. <strong>Pytania przygotowane s\u0105 przez specjalist\u00f3w, praktyk\u00f3w i jednocze\u015bnie przedstawicieli firm organizuj\u0105cych BTI.<\/strong> Podobnych mo\u017cesz si\u0119 spodziewa\u0107 na rozmowie kwalifikacyjnej. Chcesz wiedzie\u0107 jakie umiej\u0119tno\u015bci s\u0105 teraz poszukiwane i po\u017c\u0105dane? We\u017a dzia\u0142 w Te\u015bcie! Praca Ci\u0119 szuka, wyjd\u017a jej naprzeciw!<\/span><\/p>\n<p><span style=\"font-family: helvetica, arial, sans-serif;font-size: 12pt\">Mo\u017cesz sprawdzi\u0107 si\u0119 w poni\u017cszych kategoriach:<\/span><\/p>\n<p><span style=\"font-family: helvetica, arial, sans-serif;font-size: 12pt\"><strong>cyberbezpiecze\u0144stwo, bazy danych, technologie chmurowe \u2013 Azure, technologie frontendowe, znajomo\u015b\u0107 j\u0119zyka C++, znajomo\u015b\u0107 j\u0119zyka C#, znajomo\u015b\u0107 j\u0119zyka Java, znajomo\u015b\u0107 j\u0119zyka Python, sztuczna inteligencja AI, computer vision<\/strong><\/span><\/p>\n<p><span style=\"font-family: helvetica, arial, sans-serif;font-size: 12pt\">Mo\u017cesz wybra\u0107 wszystkie lub tylko niekt\u00f3re z nich. Gotowo\u015b\u0107 zawodowa, to r\u00f3wnie\u017c gotowo\u015b\u0107 do podejmowania decyzji. Czy wiesz w czym jeste\u015b najlepszy i czym mo\u017cesz pochwali\u0107 si\u0119 podczas rozmowy z pracodawc\u0105?<\/span><\/p>\n<p><span style=\"font-family: helvetica, arial, sans-serif;font-size: 12pt\">Zarejestruj si\u0119 i poka\u017c na co Ci\u0119 sta\u0107! Zdob\u0105d\u017a wymarzon\u0105 prac\u0119! Wygraj jedn\u0105 z nagr\u00f3d \u2013 przyda si\u0119 na prezenty gwiazdkowe \u2013 lub dowiedz si\u0119 nad czym trzeba jeszcze popracowa\u0107 i jakie zdoby\u0107 umiej\u0119tno\u015bci.<\/span><\/p>\n<p><span style=\"font-family: helvetica, arial, sans-serif;font-size: 12pt\">Zapoznaj si\u0119 z <a href=\"https:\/\/pb.edu.pl\/bti\/wp-content\/uploads\/sites\/112\/2023\/10\/Regulamin_bti.pdf\">Regulaminem Bia\u0142ostockiego Testu Informatyk\u00f3w <\/a>&nbsp;i <a href=\"https:\/\/pb.edu.pl\/bti\/wp-content\/uploads\/sites\/112\/2025\/10\/Szczegolowe-zasady-przeprowadzenia-BTI-2025.pdf\">Szczeg\u00f3\u0142owymi zasadami przeprowadzenia BTI<\/a>.<\/span><\/p>\n<p><span style=\"font-family: helvetica, arial, sans-serif;font-size: 12pt\"><strong>Certyfikat BTI koniecznie do\u0142\u0105cz do swojego CV!<\/strong>&nbsp;Jest on rozpoznawany i honorowany przez wiod\u0105ce firmy bran\u017cy IT na Podlasiu.<\/span><\/p>\n","protected":false},"excerpt":{"rendered":"<p>Przychodzi taki moment, \u017ce trzeba opu\u015bci\u0107 bezpieczne mury Uczelni i ruszy\u0107 w \u015bwiat. Beztroskie \u017cycie<\/p>\n","protected":false},"author":2,"featured_media":0,"parent":1394,"menu_order":8,"comment_status":"closed","ping_status":"closed","template":"","meta":{"_acf_changed":false,"ngg_post_thumbnail":0,"footnotes":""},"class_list":["post-14","page","type-page","status-publish","hentry"],"acf":[],"_links":{"self":[{"href":"https:\/\/pb.edu.pl\/bti\/wp-json\/wp\/v2\/pages\/14","targetHints":{"allow":["GET"]}}],"collection":[{"href":"https:\/\/pb.edu.pl\/bti\/wp-json\/wp\/v2\/pages"}],"about":[{"href":"https:\/\/pb.edu.pl\/bti\/wp-json\/wp\/v2\/types\/page"}],"author":[{"embeddable":true,"href":"https:\/\/pb.edu.pl\/bti\/wp-json\/wp\/v2\/users\/2"}],"replies":[{"embeddable":true,"href":"https:\/\/pb.edu.pl\/bti\/wp-json\/wp\/v2\/comments?post=14"}],"version-history":[{"count":0,"href":"https:\/\/pb.edu.pl\/bti\/wp-json\/wp\/v2\/pages\/14\/revisions"}],"up":[{"embeddable":true,"href":"https:\/\/pb.edu.pl\/bti\/wp-json\/wp\/v2\/pages\/1394"}],"wp:attachment":[{"href":"https:\/\/pb.edu.pl\/bti\/wp-json\/wp\/v2\/media?parent=14"}],"curies":[{"name":"wp","href":"https:\/\/api.w.org\/{rel}","templated":true}]}}