{"id":1394,"date":"2023-08-25T17:53:02","date_gmt":"2023-08-25T15:53:02","guid":{"rendered":"https:\/\/pb.edu.pl\/bci\/?page_id=1394"},"modified":"2025-10-23T22:34:59","modified_gmt":"2025-10-23T20:34:59","slug":"o-wydarzeniu","status":"publish","type":"page","link":"https:\/\/pb.edu.pl\/bti\/o-wydarzeniu\/","title":{"rendered":"O wydarzeniu"},"content":{"rendered":"<p><span style=\"font-family: helvetica, arial, sans-serif;font-size: 12pt\"><strong>Bia\u0142ostocki Test Informatyk\u00f3w<\/strong> (BTI) \u2013 to bardzo dobry przyk\u0142ad wsp\u00f3\u0142pracy Wydzia\u0142u Informatyki Politechniki Bia\u0142ostockiej z bran\u017c\u0105 IT. Konkurs ma pokaza\u0107, jak studenci s\u0105 praktycznie przygotowywani do wej\u015bcia na rynek pracy. To nie s\u0105 zwyk\u0142e zadania \u201ena zaliczenie przedmiotu\u201d. Pytania konkursowe s\u0105 przygotowywane przez firmy z bran\u017cy IT. Konkurs BTI organizowany jest od wielu lat, wsp\u00f3lnie z lokalnymi liderami bran\u017cy IT.&nbsp;Impreza cieszy si\u0119 ogromnym zainteresowaniem w\u015br\u00f3d uczni\u00f3w i student\u00f3w.<\/span><\/p>\n<p><span style=\"font-family: helvetica, arial, sans-serif;font-size: 12pt\">Dzi\u0119ki temu, \u017ce pytania testowe uk\u0142adaj\u0105 specjali\u015bci praktycy, studenci mog\u0105 zweryfikowa\u0107 nie tylko swoj\u0105 wiedz\u0119, ale r\u00f3wnie\u017c umiej\u0119tno\u015bci praktyczne. Dowiaduj\u0105 si\u0119 przy okazji, jakie kwalifikacje s\u0105 wymagane w bran\u017cy IT. Z kolei m\u0142odsi pasjonaci informatyki \u2013 uczniowie szk\u00f3\u0142 \u015brednich \u2013 maj\u0105 niepowtarzaln\u0105 okazj\u0119, aby sprawdzi\u0107 si\u0119 w trudniejszych wyzwaniach ni\u017c przerabiaj\u0105 na informatyce w szkole, poniewa\u017c rozwi\u0105zuj\u0105 te same zadania co studenci.<\/span><\/p>\n<p><span style=\"font-family: helvetica, arial, sans-serif;font-size: 12pt\">Bia\u0142ostocki Test Informatyk\u00f3w to wydarzenie, kt\u00f3rego nie mog\u0105 przeoczy\u0107 pasjonaci informatyki, a przede wszystkim osoby planuj\u0105ce prac\u0119 w bran\u017cy IT. Co roku, do konkursu zg\u0142asza si\u0119 bardzo wielu uczestnik\u00f3w \u2013 student\u00f3w uczelni wy\u017cszych z wojew\u00f3dztwa podlaskiego oraz uczni\u00f3w szk\u00f3\u0142 \u015brednich z r\u00f3\u017cnych rejon\u00f3w Polski. Zadania podzielone s\u0105 na kategorie tematyczne, kt\u00f3re zmieniaj\u0105 si\u0119 w zale\u017cno\u015bci od edycji i firm sponsorskich. W poprzednich latach by\u0142y to bazy danych, technologie chmurowe, technologie frontendowe, j\u0119zyki programowania takie jak Java, C++, C#, Python, a tak\u017ce cyberbezpiecze\u0144stwo czy AI. Co roku kategorie s\u0105 aktualizowane i mog\u0105 by\u0107 inne ni\u017c w latach poprzednich.<\/span><\/p>\n<p><span style=\"font-family: helvetica, arial, sans-serif;font-size: 12pt\">Dzi\u0119ki firmom partnerskim uczestnicy mog\u0105 liczy\u0107 na nagrody. Do wygrania mamy nagrody pieni\u0119\u017cne, ale te\u017c p\u0142atne sta\u017ce i wakacyjne praktyki oraz indeks Wydzia\u0142u Informatyki dla najlepszego uczestnika ucznia.<\/span><\/p>\n<p><span style=\"font-family: helvetica, arial, sans-serif;font-size: 12pt\">Wydarzenie jest te\u017c okazj\u0119 do spotkania z firmami z bran\u017cy IT, a mo\u017ce tak\u017ce potencjalnymi pracodawcami. Poprzez stoiska promocyjne firmy maj\u0105 mo\u017cliwo\u015b\u0107 dotarcia nie tylko do uczestnik\u00f3w konkursu, ale do innych student\u00f3w Wydzia\u0142u Informatyki. Dla student\u00f3w to tak\u017ce niepowtarzalna okazja do rozmowy z potencjalnymi przysz\u0142ymi pracodawcami.<\/span><\/p>\n<p><span style=\"font-family: helvetica, arial, sans-serif;font-size: 12pt\">Koordynatork\u0105 konkursu BTI jest dr Magdalena Kacprzak. Bia\u0142ostocki Test Informatyk\u00f3w jest wydarzeniem organizowanym przez Wydzia\u0142 Informatyki Politechniki Bia\u0142ostockiej od 2013 roku. Podczas wydarzenia jest czas na rzeteln\u0105 weryfikacj\u0119 wiedzy i umiej\u0119tno\u015bci kandydat\u00f3w, ale tak\u017ce czas na troch\u0119 zabawy i owocne rozmowy.&nbsp;Bawimy si\u0119, uczymy i zdobywamy cenne do\u015bwiadczenia.<\/span><\/p>\n<p><span style=\"font-family: helvetica, arial, sans-serif;font-size: 12pt\"><strong>Zapraszamy wszystkie firmy, kt\u00f3re ju\u017c s\u0105 z nami od lat oraz nowe, kt\u00f3re chcia\u0142yby do\u0142\u0105czy\u0107 do znakomitego grona lubianych przez student\u00f3w pracodawc\u00f3w.<\/strong><\/span><\/p>\n","protected":false},"excerpt":{"rendered":"<p>Bia\u0142ostocki Test Informatyk\u00f3w (BTI) \u2013 to bardzo dobry przyk\u0142ad wsp\u00f3\u0142pracy Wydzia\u0142u Informatyki Politechniki Bia\u0142ostockiej z<\/p>\n","protected":false},"author":2,"featured_media":0,"parent":0,"menu_order":1,"comment_status":"closed","ping_status":"closed","template":"","meta":{"_acf_changed":false,"ngg_post_thumbnail":0,"footnotes":""},"class_list":["post-1394","page","type-page","status-publish","hentry"],"acf":[],"_links":{"self":[{"href":"https:\/\/pb.edu.pl\/bti\/wp-json\/wp\/v2\/pages\/1394","targetHints":{"allow":["GET"]}}],"collection":[{"href":"https:\/\/pb.edu.pl\/bti\/wp-json\/wp\/v2\/pages"}],"about":[{"href":"https:\/\/pb.edu.pl\/bti\/wp-json\/wp\/v2\/types\/page"}],"author":[{"embeddable":true,"href":"https:\/\/pb.edu.pl\/bti\/wp-json\/wp\/v2\/users\/2"}],"replies":[{"embeddable":true,"href":"https:\/\/pb.edu.pl\/bti\/wp-json\/wp\/v2\/comments?post=1394"}],"version-history":[{"count":0,"href":"https:\/\/pb.edu.pl\/bti\/wp-json\/wp\/v2\/pages\/1394\/revisions"}],"wp:attachment":[{"href":"https:\/\/pb.edu.pl\/bti\/wp-json\/wp\/v2\/media?parent=1394"}],"curies":[{"name":"wp","href":"https:\/\/api.w.org\/{rel}","templated":true}]}}