{"id":993,"date":"2020-12-23T14:53:26","date_gmt":"2020-12-23T13:53:26","guid":{"rendered":"https:\/\/pb.edu.pl\/brpm\/?page_id=993"},"modified":"2024-01-31T22:16:59","modified_gmt":"2024-01-31T21:16:59","slug":"skruber","status":"publish","type":"page","link":"https:\/\/pb.edu.pl\/brpm\/projekty-pb\/programy-ue\/projekty-zrealizowane\/skruber\/","title":{"rendered":"SKRUBER"},"content":{"rendered":"<p><img loading=\"lazy\" decoding=\"async\" class=\"alignnone size-full wp-image-1525\" src=\"https:\/\/pb.edu.pl\/brpm\/wp-content\/uploads\/sites\/6\/2022\/10\/belka-POIR_pl.jpg\" alt=\"\" width=\"1778\" height=\"181\" srcset=\"https:\/\/pb.edu.pl\/brpm\/wp-content\/uploads\/sites\/6\/2022\/10\/belka-POIR_pl.jpg 1778w, https:\/\/pb.edu.pl\/brpm\/wp-content\/uploads\/sites\/6\/2022\/10\/belka-POIR_pl-300x31.jpg 300w, https:\/\/pb.edu.pl\/brpm\/wp-content\/uploads\/sites\/6\/2022\/10\/belka-POIR_pl-1024x104.jpg 1024w, https:\/\/pb.edu.pl\/brpm\/wp-content\/uploads\/sites\/6\/2022\/10\/belka-POIR_pl-768x78.jpg 768w, https:\/\/pb.edu.pl\/brpm\/wp-content\/uploads\/sites\/6\/2022\/10\/belka-POIR_pl-1536x156.jpg 1536w\" sizes=\"auto, (max-width: 1778px) 100vw, 1778px\" \/><\/p>\n<h2>Projekt &#8222;Technologia morskich kompaktowych skruber\u00f3w strumienicowych&#8221; realizowany jest w ramach Dzia\u0142ania 4.1.4 Badania naukowe i prace rozwojowe Programu Operacyjnego Inteligentny Rozw\u00f3j 2014-2020.<\/h2>\n<p>Celem projektu jest kompleksowe opracowanie innowacyjnej technologii kompaktowych skruber\u00f3w strumienicowych dedykowanych do zastosowania w du\u017cych jednostkach morskich. Technologia b\u0119dzie walidowana eksperymentalne w warunkach operacyjnych celem osi\u0105gni\u0119cia IX poziomu gotowo\u015bci technologicznej.<\/p>\n<p><strong>Sk\u0142ad konsorcjum:<\/strong><\/p>\n<ul>\n<li>Politechnika Bia\u0142ostocka &#8211; Lider<\/li>\n<li>Marine Projects LTD sp. z o.o. &#8211; Partner<\/li>\n<\/ul>\n<p><strong>Bud\u017cet projektu:<\/strong> 6.891.045,59 z\u0142 (PB &#8211; 1.600.000,00 z\u0142)<\/p>\n<p><strong>Okres realizacji:<\/strong> od 01.01.2021 r. do 30.11.2023 r.<\/p>\n","protected":false},"excerpt":{"rendered":"<p>Projekt &#8222;Technologia morskich kompaktowych skruber\u00f3w strumienicowych&#8221; realizowany jest w ramach Dzia\u0142ania 4.1.4 Badania naukowe i<\/p>\n","protected":false},"author":33,"featured_media":0,"parent":89,"menu_order":0,"comment_status":"closed","ping_status":"closed","template":"","meta":{"_acf_changed":false,"ngg_post_thumbnail":0,"footnotes":""},"class_list":["post-993","page","type-page","status-publish","hentry"],"acf":[],"_links":{"self":[{"href":"https:\/\/pb.edu.pl\/brpm\/wp-json\/wp\/v2\/pages\/993","targetHints":{"allow":["GET"]}}],"collection":[{"href":"https:\/\/pb.edu.pl\/brpm\/wp-json\/wp\/v2\/pages"}],"about":[{"href":"https:\/\/pb.edu.pl\/brpm\/wp-json\/wp\/v2\/types\/page"}],"author":[{"embeddable":true,"href":"https:\/\/pb.edu.pl\/brpm\/wp-json\/wp\/v2\/users\/33"}],"replies":[{"embeddable":true,"href":"https:\/\/pb.edu.pl\/brpm\/wp-json\/wp\/v2\/comments?post=993"}],"version-history":[{"count":0,"href":"https:\/\/pb.edu.pl\/brpm\/wp-json\/wp\/v2\/pages\/993\/revisions"}],"up":[{"embeddable":true,"href":"https:\/\/pb.edu.pl\/brpm\/wp-json\/wp\/v2\/pages\/89"}],"wp:attachment":[{"href":"https:\/\/pb.edu.pl\/brpm\/wp-json\/wp\/v2\/media?parent=993"}],"curies":[{"name":"wp","href":"https:\/\/api.w.org\/{rel}","templated":true}]}}