{"id":989,"date":"2020-12-23T14:41:28","date_gmt":"2020-12-23T13:41:28","guid":{"rendered":"https:\/\/pb.edu.pl\/brpm\/?page_id=989"},"modified":"2024-02-20T20:25:55","modified_gmt":"2024-02-20T19:25:55","slug":"protect-med","status":"publish","type":"page","link":"https:\/\/pb.edu.pl\/brpm\/projekty-pb\/programy-krajowe\/projekty-zrealizowane\/protect-med\/","title":{"rendered":"PROTECT MED"},"content":{"rendered":"<h2><img loading=\"lazy\" decoding=\"async\" class=\"aligncenter wp-image-1179\" src=\"https:\/\/pb.edu.pl\/brpm\/wp-content\/uploads\/sites\/6\/2021\/01\/znaki_strona_www-1024x341.png\" alt=\"Flaga Republiki Polski oraz God\u0142o Polski\" width=\"225\" height=\"75\" srcset=\"https:\/\/pb.edu.pl\/brpm\/wp-content\/uploads\/sites\/6\/2021\/01\/znaki_strona_www-1024x341.png 1024w, https:\/\/pb.edu.pl\/brpm\/wp-content\/uploads\/sites\/6\/2021\/01\/znaki_strona_www-300x100.png 300w, https:\/\/pb.edu.pl\/brpm\/wp-content\/uploads\/sites\/6\/2021\/01\/znaki_strona_www-768x256.png 768w, https:\/\/pb.edu.pl\/brpm\/wp-content\/uploads\/sites\/6\/2021\/01\/znaki_strona_www-1536x511.png 1536w, https:\/\/pb.edu.pl\/brpm\/wp-content\/uploads\/sites\/6\/2021\/01\/znaki_strona_www.png 1751w\" sizes=\"auto, (max-width: 225px) 100vw, 225px\" \/><br \/>\nProjekt &#8222;PROTECT MED \u2013 opracowanie innowacyjnych rozwi\u0105za\u0144 zwi\u0119kszaj\u0105cych bezpiecze\u0144stwo personelu i pacjent\u00f3w szpitali zaka\u017anych i jednoimiennych&#8221; jest finansowany ze \u015brodk\u00f3w Narodowego Centrum Bada\u0144 i Rozwoju w ramach projekt\u00f3w pozakonkursowych &#8211; prewencja i leczenie: COVID-19.<\/h2>\n<p>Celem projektu jest rozw\u00f3j nowoczesnych rozwi\u0105za\u0144 technologicznych dedykowanych prewencji rozprzestrzeniania si\u0119 SARS-CoV2 w plac\u00f3wce medycznej, kt\u00f3re przyczyni\u0107 si\u0119 maj\u0105 do zwi\u0119kszenia bezpiecze\u0144stwa personelu i pacjent\u00f3w szpitala przekszta\u0142conego w szpital jednoimienny zaka\u017any.<\/p>\n<p><strong>Rezultaty projektu:<\/strong><\/p>\n<ol>\n<li>opracowanie i wdro\u017cenie efektywnej procedury samodzielnej, podstawowej diagnostyki podczas kwarantanny oraz podczas przyjmowania do szpitala, samorejestracji przyjmowanego pacjenta b\u0119d\u0105cego w stanie samodzielnie wype\u0142ni\u0107 i podpisa\u0107 niezb\u0119dne formularze w postaci elektronicznej oraz zeskanowa\u0107 dokumenty bez konieczno\u015bci bezpo\u015bredniego kontaktu z personelem szpitala oraz automatyczn\u0105 dezynfekcj\u0105 u\u017cytego w tym celu wyposa\u017cenia za pomoc\u0105 promieniowania UV-C (MedTAB);<\/li>\n<li>opracowanie, zbudowanie i wdro\u017cenie procedury odka\u017cania powierzchni, w tym powierzchni trudno dost\u0119pnych, za pomoc\u0105 promieniowania UV-C przez zdalnie sterowanego robota mobilnego (ROBUV);<\/li>\n<li>skonstruowanie i wdro\u017cenie do u\u017cytku w warunkach szpitalnych dw\u00f3ch mobilnych, zdalnie sterowanych robot\u00f3w, kt\u00f3re b\u0119d\u0105c wyposa\u017cone w funkcje diagnostyczne (pomiar pulsu i temperatury cia\u0142a pacjent\u00f3w) oraz multimedialne (wy\u015bwietlanie i rejestracja wideo, odtwarzanie i rejestracja d\u017awi\u0119ku) umo\u017cliwi\u0105 personelowi szpitalnemu bezpieczny kontakt z chorymi, wykonywanie prostych bada\u0144 i dostarczenie niewielkich przesy\u0142ek (np. lekarstw), a samym pacjentom nawi\u0105zanie zdalnego i bezpiecznego kontaktu z bliskimi oraz rozrywk\u0119 w trudnym okresie pobytu w izolacji (BOBOT 2.0);<\/li>\n<li>opracowane i wdro\u017cenie aplikacji na smartfony do u\u0142atwienia samodzielnego poruszania si\u0119 (nawigacji) po terenie szpitala z wyznaczonymi strefami ryzyka zaka\u017cenia oraz pracownikom nie znaj\u0105cym obiektu.<\/li>\n<\/ol>\n<p><strong>Projekt realizowany w konsorcjum, w sk\u0142adzie:<\/strong><br \/>\n<strong>LIDER:<\/strong> Samodzielny Publiczny Zak\u0142ad Opieki Zdrowotnej Ministerstwa Spraw Wewn\u0119trznych i Administracji w Bia\u0142ymstoku im. Mariana Zyndrama-Ko\u015bcia\u0142kowskiego z siedzib\u0105 w Bia\u0142ymstoku<br \/>\n<strong>PARTNER:<\/strong> Politechnika Bia\u0142ostocka.<\/p>\n<p><strong>Koszty projektu\/ Dofinansowanie:<\/strong> 8 861 375 z\u0142 \/8 861 375 z\u0142&nbsp;<\/p>\n<p><strong>Okres realizacji:<\/strong> 29.10.2020-31.10.2022<\/p>\n<p>Umowa nr SZPITALE-JEDNOIMIENNE\/37\/2020 z dnia 16.11.2020<br \/>\nProjekt pozakonkursowy prewencja i leczenie: COVID-19<\/p>\n","protected":false},"excerpt":{"rendered":"<p>Projekt &#8222;PROTECT MED \u2013 opracowanie innowacyjnych rozwi\u0105za\u0144 zwi\u0119kszaj\u0105cych bezpiecze\u0144stwo personelu i pacjent\u00f3w szpitali zaka\u017anych i<\/p>\n","protected":false},"author":33,"featured_media":0,"parent":1575,"menu_order":0,"comment_status":"closed","ping_status":"closed","template":"","meta":{"_acf_changed":false,"ngg_post_thumbnail":0,"footnotes":""},"class_list":["post-989","page","type-page","status-publish","hentry"],"acf":[],"_links":{"self":[{"href":"https:\/\/pb.edu.pl\/brpm\/wp-json\/wp\/v2\/pages\/989","targetHints":{"allow":["GET"]}}],"collection":[{"href":"https:\/\/pb.edu.pl\/brpm\/wp-json\/wp\/v2\/pages"}],"about":[{"href":"https:\/\/pb.edu.pl\/brpm\/wp-json\/wp\/v2\/types\/page"}],"author":[{"embeddable":true,"href":"https:\/\/pb.edu.pl\/brpm\/wp-json\/wp\/v2\/users\/33"}],"replies":[{"embeddable":true,"href":"https:\/\/pb.edu.pl\/brpm\/wp-json\/wp\/v2\/comments?post=989"}],"version-history":[{"count":0,"href":"https:\/\/pb.edu.pl\/brpm\/wp-json\/wp\/v2\/pages\/989\/revisions"}],"up":[{"embeddable":true,"href":"https:\/\/pb.edu.pl\/brpm\/wp-json\/wp\/v2\/pages\/1575"}],"wp:attachment":[{"href":"https:\/\/pb.edu.pl\/brpm\/wp-json\/wp\/v2\/media?parent=989"}],"curies":[{"name":"wp","href":"https:\/\/api.w.org\/{rel}","templated":true}]}}