{"id":945,"date":"2020-07-06T09:25:20","date_gmt":"2020-07-06T07:25:20","guid":{"rendered":"https:\/\/pb.edu.pl\/brpm\/?page_id=945"},"modified":"2022-01-10T09:56:11","modified_gmt":"2022-01-10T08:56:11","slug":"acceleration","status":"publish","type":"page","link":"https:\/\/pb.edu.pl\/brpm\/projekty-pb\/programy-ue\/projekty-zrealizowane\/acceleration\/","title":{"rendered":"Acceleration of business support ecosystem \/ Akceleracja ekosystemu wsparcia biznesu"},"content":{"rendered":"<p><img loading=\"lazy\" decoding=\"async\" class=\"aligncenter wp-image-218 size-medium\" src=\"https:\/\/pb.edu.pl\/brpm\/wp-content\/uploads\/sites\/6\/2018\/04\/Interreg-logo-300x114.jpg\" alt=\"logo programu operacyjnego UE\" width=\"300\" height=\"114\" srcset=\"https:\/\/pb.edu.pl\/brpm\/wp-content\/uploads\/sites\/6\/2018\/04\/Interreg-logo-300x114.jpg 300w, https:\/\/pb.edu.pl\/brpm\/wp-content\/uploads\/sites\/6\/2018\/04\/Interreg-logo-768x291.jpg 768w, https:\/\/pb.edu.pl\/brpm\/wp-content\/uploads\/sites\/6\/2018\/04\/Interreg-logo.jpg 1024w\" sizes=\"auto, (max-width: 300px) 100vw, 300px\" \/><\/p>\n<h2>Projekt \u201eAcceleration of business support ecosystem\/Akceleracja ekosystemu wsparcia biznesu\u201d realizowany jest w ramach Programu Interreg V-A Litwa-Polska.<\/h2>\n<p><strong>Celem projektu jest <\/strong>promowanie tworzenia biznesu, rozwoju, innowacyjno\u015bci i kooperacji poprzez popraw\u0119 us\u0142ug wparcia biznesu w Kownie, regionie Mariampolu po stronie Litwy, jak te\u017c w subregionach suwalskim i bia\u0142ostockim w Polsce.<\/p>\n<h3 style=\"text-align: justify\">Za\u0142o\u017cone dzia\u0142ania:<\/h3>\n<ol>\n<li>Zbudowanie ekosystemu obejmuj\u0105cy: biznes, przedsi\u0119biorczo\u015b\u0107 i startupy maj\u0105cy na celu popraw\u0119 i rozw\u00f3j umiej\u0119tno\u015bci interesariuszy ekosystemu, mapowanie, ewaluacj\u0119 i monitoring rozwoju ekosystemu, podejmowanie decyzji strategicznych bazuj\u0105cych na danych; daj\u0105cy wk\u0142ad do tworzenia nowych podmiot\u00f3w gospodarczych poprzez tworzenie mo\u017cliwo\u015bci finansowania raczkuj\u0105cych inwestycji w regionie.<\/li>\n<li>Tworzenie i pilotowanie biznesu, programu akceleracji dla startup\u00f3w, w tym doradztwo, szkolenia dotycz\u0105ce dobrych praktyk uruchamiania przedsi\u0119biorstwa, wsp\u00f3lne szkolenia dotycz\u0105ce dobrych praktyk przy\u015bpieszania nowych podmiot\u00f3w biznesowych dla m\u0142odzie\u017cy regionu projektu, doros\u0142ych, przedsi\u0119biorc\u00f3w w celu stworzenia w\u0142asnego biznesu, M\u015aP w celu promowania swoich pomys\u0142\u00f3w w kierunku pomy\u015blnego rozwoju, interaktywne kursy online na ulepszonej platformie internetowej istartup.eu oraz udoskonalenie umiej\u0119tno\u015bci specjalist\u00f3w w zakresie przedsi\u0119biorczo\u015bci reprezentuj\u0105cych partner\u00f3w projektu.<\/li>\n<\/ol>\n<h3>Projekt realizowany w partnerstwie z:<\/h3>\n<ul>\n<li>Politechnika w Kownie &#8211; Lider projektu,<\/li>\n<li>Izba Handlowa i Rzemie\u015blnicza w Kownie;<\/li>\n<li>Stowarzyszenie Bia\u0142ostockiego Obszaru Funkcjonalnego<\/li>\n<\/ul>\n<p><strong>Koszty projektu og\u00f3\u0142em:<\/strong> 699 801,08 EUR, Dofinansowanie UE: 594 830,91 EUR, w tym 187 734,05 EUR (PB)<\/p>\n<p><strong>Okres realizacji:<\/strong> 01.06.2020-30.11.2021<\/p>\n<p><strong>Kierownik projektu (koordynator):<\/strong> dr hab. Ewa Gli\u0144ska prof. PB<\/p>\n","protected":false},"excerpt":{"rendered":"<p>Projekt \u201eAcceleration of business support ecosystem\/Akceleracja ekosystemu wsparcia biznesu\u201d realizowany jest w ramach Programu Interreg<\/p>\n","protected":false},"author":33,"featured_media":0,"parent":89,"menu_order":0,"comment_status":"closed","ping_status":"closed","template":"","meta":{"_acf_changed":false,"ngg_post_thumbnail":0,"footnotes":""},"class_list":["post-945","page","type-page","status-publish","hentry"],"acf":[],"_links":{"self":[{"href":"https:\/\/pb.edu.pl\/brpm\/wp-json\/wp\/v2\/pages\/945","targetHints":{"allow":["GET"]}}],"collection":[{"href":"https:\/\/pb.edu.pl\/brpm\/wp-json\/wp\/v2\/pages"}],"about":[{"href":"https:\/\/pb.edu.pl\/brpm\/wp-json\/wp\/v2\/types\/page"}],"author":[{"embeddable":true,"href":"https:\/\/pb.edu.pl\/brpm\/wp-json\/wp\/v2\/users\/33"}],"replies":[{"embeddable":true,"href":"https:\/\/pb.edu.pl\/brpm\/wp-json\/wp\/v2\/comments?post=945"}],"version-history":[{"count":0,"href":"https:\/\/pb.edu.pl\/brpm\/wp-json\/wp\/v2\/pages\/945\/revisions"}],"up":[{"embeddable":true,"href":"https:\/\/pb.edu.pl\/brpm\/wp-json\/wp\/v2\/pages\/89"}],"wp:attachment":[{"href":"https:\/\/pb.edu.pl\/brpm\/wp-json\/wp\/v2\/media?parent=945"}],"curies":[{"name":"wp","href":"https:\/\/api.w.org\/{rel}","templated":true}]}}