{"id":941,"date":"2020-07-06T09:05:33","date_gmt":"2020-07-06T07:05:33","guid":{"rendered":"https:\/\/pb.edu.pl\/brpm\/?page_id=941"},"modified":"2022-06-22T10:34:03","modified_gmt":"2022-06-22T08:34:03","slug":"painters","status":"publish","type":"page","link":"https:\/\/pb.edu.pl\/brpm\/projekty-pb\/programy-ue\/projekty-zrealizowane\/painters\/","title":{"rendered":"Opracowanie aplikacji graficznej pozwalaj\u0105cej na odwzorowanie w \u015bwiecie cyfrowym techniki malarstwa laserunkowego z wykorzystaniem palety barw utworzonej na bazie pigment\u00f3w historycznych"},"content":{"rendered":"<p><img loading=\"lazy\" decoding=\"async\" class=\"wp-image-683 size-full aligncenter\" src=\"https:\/\/pb.edu.pl\/brpm\/wp-content\/uploads\/sites\/6\/2019\/05\/FE_POIR_poziom_pl-1_rgb.jpg\" alt=\"\" width=\"5496\" height=\"756\" srcset=\"https:\/\/pb.edu.pl\/brpm\/wp-content\/uploads\/sites\/6\/2019\/05\/FE_POIR_poziom_pl-1_rgb.jpg 5496w, https:\/\/pb.edu.pl\/brpm\/wp-content\/uploads\/sites\/6\/2019\/05\/FE_POIR_poziom_pl-1_rgb-300x41.jpg 300w, https:\/\/pb.edu.pl\/brpm\/wp-content\/uploads\/sites\/6\/2019\/05\/FE_POIR_poziom_pl-1_rgb-768x106.jpg 768w, https:\/\/pb.edu.pl\/brpm\/wp-content\/uploads\/sites\/6\/2019\/05\/FE_POIR_poziom_pl-1_rgb-1024x141.jpg 1024w\" sizes=\"auto, (max-width: 5496px) 100vw, 5496px\" \/><\/p>\n<h2>Projekt \u201eOpracowanie aplikacji graficznej pozwalaj\u0105cej na odwzorowanie w \u015bwiecie cyfrowym techniki malarstwa laserunkowego z wykorzystaniem palety barw utworzonej na bazie pigment\u00f3w historycznych\u201d \u2013 realizowany i wsp\u00f3\u0142finansowany w ramach Dzia\u0142ania 1.1 Programu Operacyjnego Inteligentny Rozw\u00f3j 2014-2020 wsp\u00f3\u0142finansowanego ze \u015brodk\u00f3w Europejskiego Funduszu Rozwoju Regionalnego, Poddzia\u0142anie 1.1.1 \u201eBadania przemys\u0142owe i prace rozwojowe realizowane przez przedsi\u0119biorstwa\u201d.<\/h2>\n<p><strong>Celem projektu<\/strong> jest dog\u0142\u0119bna analiza tradycyjnego malarstwa olejnego, przebadanie fizycznych, mierzalnych w\u0142a\u015bciwo\u015bci ka\u017cdego sk\u0142adnika (farb, p\u0119dzli, podobrazi, rozpuszczalnik\u00f3w) oraz sposob\u00f3w ich u\u017cycia w procesie tw\u00f3rczym, a nast\u0119pnie opracowanie oprogramowania, kt\u00f3re wiernie przeniesie malarsk\u0105 technik\u0119 laserunkow\u0105 (MTL) do \u015bwiata cyfrowego.<\/p>\n<p><strong>G\u0142\u00f3wnym rezultatem<\/strong>&nbsp;jest opracowanie software&#8217;u, kt\u00f3ry b\u0119dzie si\u0119 sk\u0142ada\u0142 z cyfrowych podobrazi, palet i farb. Aplikacja zostanie zaprojektowana w wersji mobilnej (tablety) i desktopowej oraz zintegrowana z istniej\u0105cymi rozwi\u0105zaniami hardwerowymi (elektroniczne p\u0119dzle, rysiki), b\u0119dzie przeznaczona g\u0142\u00f3wnie dla dzieci i m\u0142odzie\u017cy do 15 r. \u017c. oraz uczni\u00f3w i student\u00f3w szk\u00f3\u0142 plastycznych.<\/p>\n<h3>Projekt realizowany w konsorcjum:<\/h3>\n<p>Painters Sp\u00f3\u0142ka z ograniczon\u0105 odpowiedzialno\u015bci\u0105 &#8211; Lider<\/p>\n<p>Politechnika Bia\u0142ostocka &#8211; Partner<\/p>\n<p><strong>Warto\u015b\u0107 ca\u0142kowita projektu:<\/strong> 2 438 156,35 PLN<\/p>\n<p>w tym udzia\u0142 PB: 637 622,15 PLN<\/p>\n<p><strong>Kwota dofinansowania:<\/strong> 1 998 215,97 PLN<\/p>\n<p>w tym udzia\u0142 PB: 637 622,15 PLN<\/p>\n<p><strong>Okres realizacji:<\/strong> 01.08.2020 \u2013 31.01.2022 r.<\/p>\n","protected":false},"excerpt":{"rendered":"<p>Projekt \u201eOpracowanie aplikacji graficznej pozwalaj\u0105cej na odwzorowanie w \u015bwiecie cyfrowym techniki malarstwa laserunkowego z wykorzystaniem<\/p>\n","protected":false},"author":33,"featured_media":0,"parent":89,"menu_order":0,"comment_status":"closed","ping_status":"closed","template":"","meta":{"_acf_changed":false,"ngg_post_thumbnail":0,"footnotes":""},"class_list":["post-941","page","type-page","status-publish","hentry"],"acf":[],"_links":{"self":[{"href":"https:\/\/pb.edu.pl\/brpm\/wp-json\/wp\/v2\/pages\/941","targetHints":{"allow":["GET"]}}],"collection":[{"href":"https:\/\/pb.edu.pl\/brpm\/wp-json\/wp\/v2\/pages"}],"about":[{"href":"https:\/\/pb.edu.pl\/brpm\/wp-json\/wp\/v2\/types\/page"}],"author":[{"embeddable":true,"href":"https:\/\/pb.edu.pl\/brpm\/wp-json\/wp\/v2\/users\/33"}],"replies":[{"embeddable":true,"href":"https:\/\/pb.edu.pl\/brpm\/wp-json\/wp\/v2\/comments?post=941"}],"version-history":[{"count":0,"href":"https:\/\/pb.edu.pl\/brpm\/wp-json\/wp\/v2\/pages\/941\/revisions"}],"up":[{"embeddable":true,"href":"https:\/\/pb.edu.pl\/brpm\/wp-json\/wp\/v2\/pages\/89"}],"wp:attachment":[{"href":"https:\/\/pb.edu.pl\/brpm\/wp-json\/wp\/v2\/media?parent=941"}],"curies":[{"name":"wp","href":"https:\/\/api.w.org\/{rel}","templated":true}]}}